{"id":1077,"date":"2025-07-13T03:48:53","date_gmt":"2025-07-13T03:48:53","guid":{"rendered":"https:\/\/topkeymedical.com\/?post_type=product&#038;p=1077"},"modified":"2025-11-20T07:47:38","modified_gmt":"2025-11-20T07:47:38","slug":"unregelmasiges-nadelmesser-geformtes-nadelmesser","status":"publish","type":"product","link":"https:\/\/topkeymedical.com\/de\/product\/unregelmasiges-nadelmesser-geformtes-nadelmesser\/","title":{"rendered":"Unregelm\u00e4\u00dfiges Nadelmesser, Geformtes Nadelmesser"},"content":{"rendered":"<h2 data-start=\"1621\" data-end=\"1653\">Technische Daten<\/h2>\n<div class=\"_tableContainer_1rjym_1\">\n<div class=\"_tableWrapper_1rjym_13 group flex w-fit flex-col-reverse\" tabindex=\"-1\">\n<table class=\"w-fit min-w-(--thread-content-width)\" data-start=\"1655\" data-end=\"3276\">\n<thead data-start=\"1655\" data-end=\"1769\">\n<tr data-start=\"1655\" data-end=\"1769\">\n<th data-start=\"1655\" data-end=\"1687\" data-col-size=\"sm\">Parameter<\/th>\n<th data-start=\"1687\" data-end=\"1769\" data-col-size=\"md\">Wert \/ Beschreibung<\/th>\n<\/tr>\n<\/thead>\n<tbody data-start=\"1886\" data-end=\"3276\">\n<tr data-start=\"1886\" data-end=\"2001\">\n<td data-start=\"1886\" data-end=\"1919\" data-col-size=\"sm\"><strong data-start=\"1888\" data-end=\"1904\">Produktname<\/strong><\/td>\n<td data-start=\"1919\" data-end=\"2001\" data-col-size=\"md\">Unregelm\u00e4\u00dfiges Nadelmesser \/ Geformtes Nadelmesser<\/td>\n<\/tr>\n<tr data-start=\"2002\" data-end=\"2117\">\n<td data-start=\"2002\" data-end=\"2035\" data-col-size=\"sm\"><strong data-start=\"2004\" data-end=\"2024\">Material - Klinge<\/strong><\/td>\n<td data-start=\"2035\" data-end=\"2117\" data-col-size=\"md\">Medizinischer Edelstahl SUS304 (ISO 9626-konform)<\/td>\n<\/tr>\n<tr data-start=\"2118\" data-end=\"2233\">\n<td data-start=\"2118\" data-end=\"2151\" data-col-size=\"sm\"><strong data-start=\"2120\" data-end=\"2141\">Material - Handgriff<\/strong><\/td>\n<td data-start=\"2151\" data-end=\"2233\" data-col-size=\"md\">Edelstahl \/ Polypropylen mit rutschfester Struktur (Pagode, R\u00e4ndelung, etc.)<\/td>\n<\/tr>\n<tr data-start=\"2234\" data-end=\"2349\">\n<td data-start=\"2234\" data-end=\"2267\" data-col-size=\"sm\"><strong data-start=\"2236\" data-end=\"2250\">Klinge Typ<\/strong><\/td>\n<td data-start=\"2267\" data-end=\"2349\" data-col-size=\"md\">Pr\u00e4zisionsgeschliffene, unregelm\u00e4\u00dfig geformte Klinge mit optimiertem Schnittwinkel<\/td>\n<\/tr>\n<tr data-start=\"2350\" data-end=\"2465\">\n<td data-start=\"2350\" data-end=\"2383\" data-col-size=\"sm\"><strong data-start=\"2352\" data-end=\"2370\">Merkmale der Klinge<\/strong><\/td>\n<td data-start=\"2383\" data-end=\"2465\" data-col-size=\"md\">Ultra-scharfe Kante, geringer Widerstand, weniger Schmerzen, Mittelteil biegbar<\/td>\n<\/tr>\n<tr data-start=\"2466\" data-end=\"2580\">\n<td data-start=\"2466\" data-end=\"2499\" data-col-size=\"sm\"><strong data-start=\"2468\" data-end=\"2482\">Gr\u00f6\u00dfenbereich<\/strong><\/td>\n<td data-start=\"2499\" data-end=\"2580\" data-col-size=\"md\">10Fr - 25Fr (1 Fr = 0,33 mm Durchmesser; Gr\u00f6\u00dfenbereich \u2248 3,3 mm - 8,3 mm)<\/td>\n<\/tr>\n<tr data-start=\"2581\" data-end=\"2696\">\n<td data-start=\"2581\" data-end=\"2614\" data-col-size=\"sm\"><strong data-start=\"2583\" data-end=\"2604\">Anschluss \/ Griff<\/strong><\/td>\n<td data-start=\"2614\" data-end=\"2696\" data-col-size=\"md\">Anti-Rutsch-Designs verf\u00fcgbar (Pagodenstil, ger\u00e4ndelt oder kundenspezifisch)<\/td>\n<\/tr>\n<tr data-start=\"2697\" data-end=\"2812\">\n<td data-start=\"2697\" data-end=\"2730\" data-col-size=\"sm\"><strong data-start=\"2699\" data-end=\"2723\">Sterilisationsverfahren<\/strong><\/td>\n<td data-start=\"2730\" data-end=\"2812\" data-col-size=\"md\">EO (Ethylenoxid) sterilisiert oder gammasterilisiert<\/td>\n<\/tr>\n<tr data-start=\"2813\" data-end=\"2928\">\n<td data-start=\"2813\" data-end=\"2846\" data-col-size=\"sm\"><strong data-start=\"2815\" data-end=\"2828\">Verpackung<\/strong><\/td>\n<td data-start=\"2846\" data-end=\"2928\" data-col-size=\"md\">Einzeln steril verpackte Blister, 10-50 St\u00fcck pro Schachtel<\/td>\n<\/tr>\n<tr data-start=\"2929\" data-end=\"3044\">\n<td data-start=\"2929\" data-end=\"2962\" data-col-size=\"sm\"><strong data-start=\"2931\" data-end=\"2945\">Single-Use<\/strong><\/td>\n<td data-start=\"2962\" data-end=\"3044\" data-col-size=\"md\">Ja<\/td>\n<\/tr>\n<tr data-start=\"3045\" data-end=\"3160\">\n<td data-start=\"3045\" data-end=\"3078\" data-col-size=\"sm\"><strong data-start=\"3047\" data-end=\"3064\">Zertifizierung<\/strong><\/td>\n<td data-start=\"3078\" data-end=\"3160\" data-col-size=\"md\">ISO 13485, CE-Kennzeichnung, FDA-Konformit\u00e4t (regional)<\/td>\n<\/tr>\n<tr data-start=\"3161\" data-end=\"3276\">\n<td data-start=\"3161\" data-end=\"3194\" data-col-size=\"sm\"><strong data-start=\"3163\" data-end=\"3177\">Haltbarkeitsdauer<\/strong><\/td>\n<td data-start=\"3194\" data-end=\"3276\" data-col-size=\"md\">3-5 Jahre unter empfohlenen Lagerbedingungen<\/td>\n<\/tr>\n<\/tbody>\n<\/table>\n<\/div>\n<\/div>\n<hr data-start=\"3278\" data-end=\"3281\" \/>\n<p>Irregul\u00e4res Nadelmesser (Shaped Needle Knife): Biomechanisch optimiert f\u00fcr fortschrittliche mikrochirurgische Freisetzung<\/p>\n<h2>Shaped Needle Knife Klinischer Zweck<\/h2>\n<p>Unser geometrisch entwickeltes Nadelmesser erm\u00f6glicht eine unvergleichliche Pr\u00e4zision bei chirurgischen Eingriffen auf engem Raum. Die Klinge mit variablem Profil wurde f\u00fcr die selektive Gewebefreisetzung bei endoskopischen, orthop\u00e4dischen und neurochirurgischen Eingriffen entwickelt und erm\u00f6glicht eine kontrollierte Dissektion bei gleichzeitiger Schonung wichtiger Strukturen.<\/p>\n<h2>Die wichtigsten Vorteile des irregul\u00e4ren Nadelmessers<\/h2>\n<p><strong>Ultrapr\u00e4zise Biomechanik beim Schneiden<\/strong><br \/>\nRechnerisch optimierte Klingenwinkel (Patentanmeldung) reduzieren den Gewebewiderstand um 60% im Vergleich zu Standardmessern.<br \/>\nSpiegelkanten im Nanobereich (Ra \u22640,05\u03bcm) behalten ihre Sch\u00e4rfe \u00fcber 50+ Verfahren hinweg bei.<\/p>\n<p><strong>Dynamische Konturierungsf\u00e4higkeit<\/strong><br \/>\nDie Reduktionszone in der Mitte der Klinge erm\u00f6glicht das Biegen w\u00e4hrend des Eingriffs (0\u00b0-90\u00b0) ohne Frakturrisiko.<br \/>\nDie Verbesserung des taktilen Feedbacks erkennt \u00dcberg\u00e4nge in der Gewebedichte.<\/p>\n<p><strong>Verfahrenstechnische Sicherheit<\/strong><br \/>\nPagoden- bzw. R\u00e4ndelspitzen sorgen f\u00fcr sicheren Halt in blutigen\/fl\u00fcssigen Feldern.<br \/>\nDer allm\u00e4hliche \u00dcbergang zur Verj\u00fcngung minimiert Kollateralsch\u00e4den (validierte Nekrosezone &lt;200\u03bcm).<\/p>\n<p class=\"ds-markdown-paragraph\"><strong>Fortgeschrittene Materialwissenschaft<\/strong><\/p>\n<div class=\"markdown-table-wrapper\">\n<table>\n<thead>\n<tr>\n<th>Komponente<\/th>\n<th>Spezifikation<\/th>\n<\/tr>\n<\/thead>\n<tbody>\n<tr>\n<td><strong>Klinge Kern<\/strong><\/td>\n<td>Medizinisches SUS304 (HRC 58\u00b11, ASTM F899)<\/td>\n<\/tr>\n<tr>\n<td><strong>Randbehandlung<\/strong><\/td>\n<td>Kryogenische H\u00e4rtung + diamant\u00e4hnliche Kohlenstoffbeschichtung<\/td>\n<\/tr>\n<tr>\n<td><strong>Handgriff<\/strong><\/td>\n<td>ERGAL\u2122 Luftfahrt-Aluminium mit strukturiertem Griff<\/td>\n<\/tr>\n<\/tbody>\n<\/table>\n<\/div>\n<p class=\"ds-markdown-paragraph\"><strong>Technische Daten<\/strong><\/p>\n<div class=\"markdown-table-wrapper\">\n<table>\n<thead>\n<tr>\n<th>Parameter<\/th>\n<th>Spezifikation<\/th>\n<\/tr>\n<\/thead>\n<tbody>\n<tr>\n<td>Gr\u00f6\u00dfen<\/td>\n<td><strong>10Fr (3,3mm) - 25Fr (8,3mm)<\/strong><\/td>\n<\/tr>\n<tr>\n<td>Klinge L\u00e4nge<\/td>\n<td>3mm \/ 5mm \/ 10mm (\u00b10,05mm)<\/td>\n<\/tr>\n<tr>\n<td>Biegeradius<\/td>\n<td>\u22651,5mm (30+ Zyklen)<\/td>\n<\/tr>\n<tr>\n<td>Schnittkraft<\/td>\n<td>0,15-0,8N (gewebeabh\u00e4ngig)<\/td>\n<\/tr>\n<\/tbody>\n<\/table>\n<p class=\"ds-markdown-paragraph\"><strong>Kritische Anwendungen<\/strong><\/p>\n<ul>\n<li>\n<p class=\"ds-markdown-paragraph\">Endoskopische submukosale Dissektion (<a href=\"https:\/\/gleneagles.hk\/medical-treatments\/endoscopic-submucosal-dissection-esd\" target=\"_blank\" rel=\"noopener\">ESD<\/a>)<\/p>\n<\/li>\n<li>\n<p class=\"ds-markdown-paragraph\">Befreiung des Ligamentum flavum der Wirbels\u00e4ule<\/p>\n<\/li>\n<li>\n<p class=\"ds-markdown-paragraph\">Dekompression des peripheren Nervs<\/p>\n<\/li>\n<li>\n<p class=\"ds-markdown-paragraph\">Arthroskopische Adh\u00e4sionslyse<\/p>\n<\/li>\n<\/ul>\n<\/div>","protected":false},"excerpt":{"rendered":"<p>Unregelm\u00e4\u00dfiges Nadelmesser Produkteinf\u00fchrung:<br \/>\nHochwertiges medizinisches SuS304, der Winkel der Klinge ist professionell berechnet, und die Klinge wurde unz\u00e4hlige Male pr\u00e4zisionsgeschliffen, die extrem scharf ist, mit geringem Schneidewiderstand und reduzierten Schmerzen. Der mittlere Teil der Klinge kann reduziert werden, das ist bequem f\u00fcr \u00c4rzte zu biegen, die mehr praktisch ist. Der Schwanz kann aus Pagode, R\u00e4ndelung und anderen Anti-Rutsch-Verfahren hergestellt werden.<\/p>\n<p>Produktspezifikation:<br \/>\nGr\u00f6\u00dfe: 10Fr-25Fr<\/p>","protected":false},"featured_media":1078,"template":"","meta":{"_acf_changed":false,"site-sidebar-layout":"default","site-content-layout":"","ast-site-content-layout":"default","site-content-style":"default","site-sidebar-style":"default","ast-global-header-display":"","ast-banner-title-visibility":"","ast-main-header-display":"","ast-hfb-above-header-display":"","ast-hfb-below-header-display":"","ast-hfb-mobile-header-display":"","site-post-title":"","ast-breadcrumbs-content":"","ast-featured-img":"","footer-sml-layout":"","ast-disable-related-posts":"","theme-transparent-header-meta":"default","adv-header-id-meta":"","stick-header-meta":"","header-above-stick-meta":"","header-main-stick-meta":"","header-below-stick-meta":"","astra-migrate-meta-layouts":"set","ast-page-background-enabled":"default","ast-page-background-meta":{"desktop":{"background-color":"var(--ast-global-color-5)","background-image":"","background-repeat":"repeat","background-position":"center center","background-size":"auto","background-attachment":"scroll","background-type":"","background-media":"","overlay-type":"","overlay-color":"","overlay-opacity":"","overlay-gradient":""},"tablet":{"background-color":"","background-image":"","background-repeat":"repeat","background-position":"center center","background-size":"auto","background-attachment":"scroll","background-type":"","background-media":"","overlay-type":"","overlay-color":"","overlay-opacity":"","overlay-gradient":""},"mobile":{"background-color":"","background-image":"","background-repeat":"repeat","background-position":"center center","background-size":"auto","background-attachment":"scroll","background-type":"","background-media":"","overlay-type":"","overlay-color":"","overlay-opacity":"","overlay-gradient":""}},"ast-content-background-meta":{"desktop":{"background-color":"var(--ast-global-color-4)","background-image":"","background-repeat":"repeat","background-position":"center center","background-size":"auto","background-attachment":"scroll","background-type":"","background-media":"","overlay-type":"","overlay-color":"","overlay-opacity":"","overlay-gradient":""},"tablet":{"background-color":"var(--ast-global-color-4)","background-image":"","background-repeat":"repeat","background-position":"center center","background-size":"auto","background-attachment":"scroll","background-type":"","background-media":"","overlay-type":"","overlay-color":"","overlay-opacity":"","overlay-gradient":""},"mobile":{"background-color":"var(--ast-global-color-4)","background-image":"","background-repeat":"repeat","background-position":"center center","background-size":"auto","background-attachment":"scroll","background-type":"","background-media":"","overlay-type":"","overlay-color":"","overlay-opacity":"","overlay-gradient":""}}},"product_brand":[],"product_cat":[65],"product_tag":[],"class_list":{"0":"post-1077","1":"product","2":"type-product","3":"status-publish","4":"has-post-thumbnail","6":"product_cat-specialty-needles","7":"desktop-align-left","8":"tablet-align-left","9":"mobile-align-left","11":"first","12":"instock","13":"shipping-taxable","14":"product-type-simple"},"acf":[],"yoast_head":"<!-- This site is optimized with the Yoast SEO plugin v27.4 - https:\/\/yoast.com\/product\/yoast-seo-wordpress\/ -->\n<title>Irregular Needle Knife, Shaped Needle Knife 10Fr-25Fr<\/title>\n<meta name=\"description\" content=\"Irregular Needle Knife: High-quality Medical SuS304, the angle of the blade is professionally calculated, and the blade has been precision ground\" \/>\n<meta name=\"robots\" content=\"index, follow, max-snippet:-1, max-image-preview:large, max-video-preview:-1\" \/>\n<link rel=\"canonical\" href=\"https:\/\/topkeymedical.com\/de\/product\/unregelmasiges-nadelmesser-geformtes-nadelmesser\/\" \/>\n<meta property=\"og:locale\" content=\"de_DE\" \/>\n<meta property=\"og:type\" content=\"article\" \/>\n<meta property=\"og:title\" content=\"Irregular Needle Knife, Shaped Needle Knife 10Fr-25Fr\" \/>\n<meta property=\"og:description\" content=\"Irregular Needle Knife: High-quality Medical SuS304, the angle of the blade is professionally calculated, and the blade has been precision ground\" \/>\n<meta property=\"og:url\" content=\"https:\/\/topkeymedical.com\/de\/product\/unregelmasiges-nadelmesser-geformtes-nadelmesser\/\" \/>\n<meta property=\"og:site_name\" content=\"TOPKEY\u2013 Precision in Every Detail, Guardian of Life and Health\" \/>\n<meta property=\"article:publisher\" content=\"https:\/\/www.facebook.com\/profile.php?id=100088897294997\" \/>\n<meta property=\"article:modified_time\" content=\"2025-11-20T07:47:38+00:00\" \/>\n<meta property=\"og:image\" content=\"https:\/\/topkeymedical.com\/wp-content\/uploads\/2025\/07\/Irregular-Needle-Knife.webp\" \/>\n\t<meta property=\"og:image:width\" content=\"1000\" \/>\n\t<meta property=\"og:image:height\" content=\"1000\" \/>\n\t<meta property=\"og:image:type\" content=\"image\/webp\" \/>\n<meta name=\"twitter:card\" content=\"summary_large_image\" \/>\n<meta name=\"twitter:label1\" content=\"Gesch\u00e4tzte Lesezeit\" \/>\n\t<meta name=\"twitter:data1\" content=\"2\u00a0Minuten\" \/>\n<script type=\"application\/ld+json\" class=\"yoast-schema-graph\">{\"@context\":\"https:\\\/\\\/schema.org\",\"@graph\":[{\"@type\":\"WebPage\",\"@id\":\"https:\\\/\\\/topkeymedical.com\\\/product\\\/irregular-needle-knife-shaped-needle-knife\\\/\",\"url\":\"https:\\\/\\\/topkeymedical.com\\\/product\\\/irregular-needle-knife-shaped-needle-knife\\\/\",\"name\":\"Irregular Needle Knife, Shaped Needle Knife 10Fr-25Fr\",\"isPartOf\":{\"@id\":\"https:\\\/\\\/topkeymedical.com\\\/#website\"},\"primaryImageOfPage\":{\"@id\":\"https:\\\/\\\/topkeymedical.com\\\/product\\\/irregular-needle-knife-shaped-needle-knife\\\/#primaryimage\"},\"image\":{\"@id\":\"https:\\\/\\\/topkeymedical.com\\\/product\\\/irregular-needle-knife-shaped-needle-knife\\\/#primaryimage\"},\"thumbnailUrl\":\"https:\\\/\\\/topkeymedical.com\\\/wp-content\\\/uploads\\\/2025\\\/07\\\/Irregular-Needle-Knife.webp\",\"datePublished\":\"2025-07-13T03:48:53+00:00\",\"dateModified\":\"2025-11-20T07:47:38+00:00\",\"description\":\"Irregular Needle Knife: High-quality Medical SuS304, the angle of the blade is professionally calculated, and the blade has been precision ground\",\"breadcrumb\":{\"@id\":\"https:\\\/\\\/topkeymedical.com\\\/product\\\/irregular-needle-knife-shaped-needle-knife\\\/#breadcrumb\"},\"inLanguage\":\"de\",\"potentialAction\":[{\"@type\":\"ReadAction\",\"target\":[\"https:\\\/\\\/topkeymedical.com\\\/product\\\/irregular-needle-knife-shaped-needle-knife\\\/\"]}]},{\"@type\":\"ImageObject\",\"inLanguage\":\"de\",\"@id\":\"https:\\\/\\\/topkeymedical.com\\\/product\\\/irregular-needle-knife-shaped-needle-knife\\\/#primaryimage\",\"url\":\"https:\\\/\\\/topkeymedical.com\\\/wp-content\\\/uploads\\\/2025\\\/07\\\/Irregular-Needle-Knife.webp\",\"contentUrl\":\"https:\\\/\\\/topkeymedical.com\\\/wp-content\\\/uploads\\\/2025\\\/07\\\/Irregular-Needle-Knife.webp\",\"width\":1000,\"height\":1000,\"caption\":\"Irregular Needle Knife, Shaped Needle Knife\"},{\"@type\":\"BreadcrumbList\",\"@id\":\"https:\\\/\\\/topkeymedical.com\\\/product\\\/irregular-needle-knife-shaped-needle-knife\\\/#breadcrumb\",\"itemListElement\":[{\"@type\":\"ListItem\",\"position\":1,\"name\":\"Home\",\"item\":\"https:\\\/\\\/topkeymedical.com\\\/\"},{\"@type\":\"ListItem\",\"position\":2,\"name\":\"Products\",\"item\":\"https:\\\/\\\/topkeymedical.com\\\/shop\\\/\"},{\"@type\":\"ListItem\",\"position\":3,\"name\":\"Irregular Needle Knife, Shaped Needle Knife\"}]},{\"@type\":\"WebSite\",\"@id\":\"https:\\\/\\\/topkeymedical.com\\\/#website\",\"url\":\"https:\\\/\\\/topkeymedical.com\\\/\",\"name\":\"TOPKEY\u2013 Precision in Every Detail, Guardian of Life and Health\",\"description\":\"\",\"publisher\":{\"@id\":\"https:\\\/\\\/topkeymedical.com\\\/#organization\"},\"potentialAction\":[{\"@type\":\"SearchAction\",\"target\":{\"@type\":\"EntryPoint\",\"urlTemplate\":\"https:\\\/\\\/topkeymedical.com\\\/?s={search_term_string}\"},\"query-input\":{\"@type\":\"PropertyValueSpecification\",\"valueRequired\":true,\"valueName\":\"search_term_string\"}}],\"inLanguage\":\"de\"},{\"@type\":\"Organization\",\"@id\":\"https:\\\/\\\/topkeymedical.com\\\/#organization\",\"name\":\"TOPKEY\u2013 Precision in Every Detail, Guardian of Life and Health\",\"url\":\"https:\\\/\\\/topkeymedical.com\\\/\",\"logo\":{\"@type\":\"ImageObject\",\"inLanguage\":\"de\",\"@id\":\"https:\\\/\\\/topkeymedical.com\\\/#\\\/schema\\\/logo\\\/image\\\/\",\"url\":\"https:\\\/\\\/topkeymedical.com\\\/wp-content\\\/uploads\\\/2025\\\/05\\\/cropped-logo.jpg\",\"contentUrl\":\"https:\\\/\\\/topkeymedical.com\\\/wp-content\\\/uploads\\\/2025\\\/05\\\/cropped-logo.jpg\",\"width\":512,\"height\":512,\"caption\":\"TOPKEY\u2013 Precision in Every Detail, Guardian of Life and Health\"},\"image\":{\"@id\":\"https:\\\/\\\/topkeymedical.com\\\/#\\\/schema\\\/logo\\\/image\\\/\"},\"sameAs\":[\"https:\\\/\\\/www.facebook.com\\\/profile.php?id=100088897294997\",\"https:\\\/\\\/www.youtube.com\\\/@TopkeyMedical-Alice888\",\"https:\\\/\\\/www.linkedin.com\\\/in\\\/alice-hu-bb66a01b3\\\/\"]}]}<\/script>\n<!-- \/ Yoast SEO plugin. -->","yoast_head_json":{"title":"Unregelm\u00e4\u00dfiges Nadelmesser, Geformtes Nadelmesser 10Fr-25Fr","description":"Unregelm\u00e4\u00dfiges Nadelmesser: Hochwertiges medizinisches SuS304, der Winkel der Klinge ist professionell berechnet, und die Klinge wurde pr\u00e4zise geschliffen","robots":{"index":"index","follow":"follow","max-snippet":"max-snippet:-1","max-image-preview":"max-image-preview:large","max-video-preview":"max-video-preview:-1"},"canonical":"https:\/\/topkeymedical.com\/de\/product\/unregelmasiges-nadelmesser-geformtes-nadelmesser\/","og_locale":"de_DE","og_type":"article","og_title":"Irregular Needle Knife, Shaped Needle Knife 10Fr-25Fr","og_description":"Irregular Needle Knife: High-quality Medical SuS304, the angle of the blade is professionally calculated, and the blade has been precision ground","og_url":"https:\/\/topkeymedical.com\/de\/product\/unregelmasiges-nadelmesser-geformtes-nadelmesser\/","og_site_name":"TOPKEY\u2013 Precision in Every Detail, Guardian of Life and Health","article_publisher":"https:\/\/www.facebook.com\/profile.php?id=100088897294997","article_modified_time":"2025-11-20T07:47:38+00:00","og_image":[{"width":1000,"height":1000,"url":"https:\/\/topkeymedical.com\/wp-content\/uploads\/2025\/07\/Irregular-Needle-Knife.webp","type":"image\/webp"}],"twitter_card":"summary_large_image","twitter_misc":{"Gesch\u00e4tzte Lesezeit":"2\u00a0Minuten"},"schema":{"@context":"https:\/\/schema.org","@graph":[{"@type":"WebPage","@id":"https:\/\/topkeymedical.com\/product\/irregular-needle-knife-shaped-needle-knife\/","url":"https:\/\/topkeymedical.com\/product\/irregular-needle-knife-shaped-needle-knife\/","name":"Unregelm\u00e4\u00dfiges Nadelmesser, Geformtes Nadelmesser 10Fr-25Fr","isPartOf":{"@id":"https:\/\/topkeymedical.com\/#website"},"primaryImageOfPage":{"@id":"https:\/\/topkeymedical.com\/product\/irregular-needle-knife-shaped-needle-knife\/#primaryimage"},"image":{"@id":"https:\/\/topkeymedical.com\/product\/irregular-needle-knife-shaped-needle-knife\/#primaryimage"},"thumbnailUrl":"https:\/\/topkeymedical.com\/wp-content\/uploads\/2025\/07\/Irregular-Needle-Knife.webp","datePublished":"2025-07-13T03:48:53+00:00","dateModified":"2025-11-20T07:47:38+00:00","description":"Unregelm\u00e4\u00dfiges Nadelmesser: Hochwertiges medizinisches SuS304, der Winkel der Klinge ist professionell berechnet, und die Klinge wurde pr\u00e4zise geschliffen","breadcrumb":{"@id":"https:\/\/topkeymedical.com\/product\/irregular-needle-knife-shaped-needle-knife\/#breadcrumb"},"inLanguage":"de","potentialAction":[{"@type":"ReadAction","target":["https:\/\/topkeymedical.com\/product\/irregular-needle-knife-shaped-needle-knife\/"]}]},{"@type":"ImageObject","inLanguage":"de","@id":"https:\/\/topkeymedical.com\/product\/irregular-needle-knife-shaped-needle-knife\/#primaryimage","url":"https:\/\/topkeymedical.com\/wp-content\/uploads\/2025\/07\/Irregular-Needle-Knife.webp","contentUrl":"https:\/\/topkeymedical.com\/wp-content\/uploads\/2025\/07\/Irregular-Needle-Knife.webp","width":1000,"height":1000,"caption":"Irregular Needle Knife, Shaped Needle Knife"},{"@type":"BreadcrumbList","@id":"https:\/\/topkeymedical.com\/product\/irregular-needle-knife-shaped-needle-knife\/#breadcrumb","itemListElement":[{"@type":"ListItem","position":1,"name":"Home","item":"https:\/\/topkeymedical.com\/"},{"@type":"ListItem","position":2,"name":"Products","item":"https:\/\/topkeymedical.com\/shop\/"},{"@type":"ListItem","position":3,"name":"Irregular Needle Knife, Shaped Needle Knife"}]},{"@type":"WebSite","@id":"https:\/\/topkeymedical.com\/#website","url":"https:\/\/topkeymedical.com\/","name":"TOPKEY- Pr\u00e4zision bis ins Detail, H\u00fcter von Leben und Gesundheit","description":"","publisher":{"@id":"https:\/\/topkeymedical.com\/#organization"},"potentialAction":[{"@type":"SearchAction","target":{"@type":"EntryPoint","urlTemplate":"https:\/\/topkeymedical.com\/?s={search_term_string}"},"query-input":{"@type":"PropertyValueSpecification","valueRequired":true,"valueName":"search_term_string"}}],"inLanguage":"de"},{"@type":"Organization","@id":"https:\/\/topkeymedical.com\/#organization","name":"TOPKEY- Pr\u00e4zision bis ins Detail, H\u00fcter von Leben und Gesundheit","url":"https:\/\/topkeymedical.com\/","logo":{"@type":"ImageObject","inLanguage":"de","@id":"https:\/\/topkeymedical.com\/#\/schema\/logo\/image\/","url":"https:\/\/topkeymedical.com\/wp-content\/uploads\/2025\/05\/cropped-logo.jpg","contentUrl":"https:\/\/topkeymedical.com\/wp-content\/uploads\/2025\/05\/cropped-logo.jpg","width":512,"height":512,"caption":"TOPKEY\u2013 Precision in Every Detail, Guardian of Life and Health"},"image":{"@id":"https:\/\/topkeymedical.com\/#\/schema\/logo\/image\/"},"sameAs":["https:\/\/www.facebook.com\/profile.php?id=100088897294997","https:\/\/www.youtube.com\/@TopkeyMedical-Alice888","https:\/\/www.linkedin.com\/in\/alice-hu-bb66a01b3\/"]}]}},"_links":{"self":[{"href":"https:\/\/topkeymedical.com\/de\/wp-json\/wp\/v2\/product\/1077","targetHints":{"allow":["GET"]}}],"collection":[{"href":"https:\/\/topkeymedical.com\/de\/wp-json\/wp\/v2\/product"}],"about":[{"href":"https:\/\/topkeymedical.com\/de\/wp-json\/wp\/v2\/types\/product"}],"version-history":[{"count":4,"href":"https:\/\/topkeymedical.com\/de\/wp-json\/wp\/v2\/product\/1077\/revisions"}],"predecessor-version":[{"id":1548,"href":"https:\/\/topkeymedical.com\/de\/wp-json\/wp\/v2\/product\/1077\/revisions\/1548"}],"wp:featuredmedia":[{"embeddable":true,"href":"https:\/\/topkeymedical.com\/de\/wp-json\/wp\/v2\/media\/1078"}],"wp:attachment":[{"href":"https:\/\/topkeymedical.com\/de\/wp-json\/wp\/v2\/media?parent=1077"}],"wp:term":[{"taxonomy":"product_brand","embeddable":true,"href":"https:\/\/topkeymedical.com\/de\/wp-json\/wp\/v2\/product_brand?post=1077"},{"taxonomy":"product_cat","embeddable":true,"href":"https:\/\/topkeymedical.com\/de\/wp-json\/wp\/v2\/product_cat?post=1077"},{"taxonomy":"product_tag","embeddable":true,"href":"https:\/\/topkeymedical.com\/de\/wp-json\/wp\/v2\/product_tag?post=1077"}],"curies":[{"name":"wp","href":"https:\/\/api.w.org\/{rel}","templated":true}]}}