{"id":1527,"date":"2025-11-14T12:13:53","date_gmt":"2025-11-14T12:13:53","guid":{"rendered":"https:\/\/topkeymedical.com\/?post_type=product&#038;p=1527"},"modified":"2025-11-20T08:30:36","modified_gmt":"2025-11-20T08:30:36","slug":"mikropipette-mit-einstellbarem-volumen-8-kanale","status":"publish","type":"product","link":"https:\/\/topkeymedical.com\/de\/product\/mikropipette-mit-einstellbarem-volumen-8-kanale\/","title":{"rendered":"Mikropipette mit einstellbarem Volumen, 8 Kan\u00e4le, manueller Bereich: 0,5-10\u03bcL"},"content":{"rendered":"<h2>Mikropipette mit einstellbarem Volumen, 8 Kan\u00e4le Beschreibung<\/h2>\n<p>Pipetten sind in modernen Labors weit verbreitet und bieten eine bequeme Handhabung und verbesserte Ergonomie. Im Vergleich zu Messzylindern bieten sie einen sichereren Umgang mit gef\u00e4hrlichen Chemikalien. Pipetten bieten eine h\u00f6here Genauigkeit und erm\u00f6glichen pr\u00e4zise Messungen beim Transfer von L\u00f6sungen. Durch die Zeitersparnis steigern Pipetten die Effizienz im Labor. Mehrkanalpipetten sind die ideale Wahl f\u00fcr Experimente mit hohem Durchsatz, die hohe Pr\u00e4zision, Effizienz und Reproduzierbarkeit erfordern. Sie k\u00f6nnen mit verschiedenen Fl\u00fcssigkeiten umgehen, einschlie\u00dflich schaumiger Fl\u00fcssigkeiten, Fl\u00fcssigkeiten mit hohem Dampfdruck und hochgradig <a href=\"https:\/\/en.wikipedia.org\/wiki\/Viscous_liquid\" target=\"_blank\" rel=\"noopener\">z\u00e4hfl\u00fcssige Fl\u00fcssigkeiten<\/a>.<\/p>\n<h3>Schema der Produktstruktur:<\/h3>\n<p><img fetchpriority=\"high\" decoding=\"async\" class=\"alignnone wp-image-1528 size-full\" title=\"Mikropipette mit einstellbarem Volumen, 8 Kan\u00e4le\" src=\"https:\/\/topkeymedical.com\/wp-content\/uploads\/2025\/11\/CONSTRUCTION-DIAGRAM.webp\" alt=\"Mikropipette mit einstellbarem Volumen, 8 Kan\u00e4le KONSTRUKTIONSDIAGRAMM\" width=\"1000\" height=\"1000\" srcset=\"https:\/\/topkeymedical.com\/wp-content\/uploads\/2025\/11\/CONSTRUCTION-DIAGRAM.webp 1000w, https:\/\/topkeymedical.com\/wp-content\/uploads\/2025\/11\/CONSTRUCTION-DIAGRAM-300x300.webp 300w, https:\/\/topkeymedical.com\/wp-content\/uploads\/2025\/11\/CONSTRUCTION-DIAGRAM-150x150.webp 150w, https:\/\/topkeymedical.com\/wp-content\/uploads\/2025\/11\/CONSTRUCTION-DIAGRAM-768x768.webp 768w, https:\/\/topkeymedical.com\/wp-content\/uploads\/2025\/11\/CONSTRUCTION-DIAGRAM-12x12.webp 12w, https:\/\/topkeymedical.com\/wp-content\/uploads\/2025\/11\/CONSTRUCTION-DIAGRAM-600x600.webp 600w, https:\/\/topkeymedical.com\/wp-content\/uploads\/2025\/11\/CONSTRUCTION-DIAGRAM-100x100.webp 100w\" sizes=\"(max-width: 1000px) 100vw, 1000px\" \/><\/p>\n<h3>Technische Parameter:<\/h3>\n<table>\n<tbody>\n<tr>\n<td rowspan=\"3\" width=\"101\">Typ<\/td>\n<td rowspan=\"3\" width=\"108\">Volumen Bereich<\/td>\n<td rowspan=\"3\" width=\"81\">Inkrement<\/td>\n<td rowspan=\"2\" width=\"86\">Test Volumen<\/td>\n<td width=\"103\">Maximal zul\u00e4ssige Fehler<\/td>\n<td width=\"100\">Maximal zul\u00e4ssige Fehler<\/td>\n<\/tr>\n<tr>\n<td width=\"103\">Fehler bei der Genauigkeit<\/td>\n<td width=\"100\">Pr\u00e4zisionsfehler<\/td>\n<\/tr>\n<tr>\n<td width=\"86\">\u03bcL<\/td>\n<td width=\"103\">%<\/td>\n<td width=\"100\">%<\/td>\n<\/tr>\n<tr>\n<td rowspan=\"3\" width=\"101\">0,5~10\u03bcL<\/td>\n<td rowspan=\"3\" width=\"108\">0,5~10\u03bcL<\/td>\n<td rowspan=\"3\" width=\"81\">0,1\u03bcL<\/td>\n<td width=\"86\">10\u03bcL<\/td>\n<td width=\"103\">\u00b11.50%<\/td>\n<td width=\"100\">1.50%<\/td>\n<\/tr>\n<tr>\n<td width=\"86\">5\u03bcL<\/td>\n<td width=\"103\">\u00b12.50%<\/td>\n<td width=\"100\">2.50%<\/td>\n<\/tr>\n<tr>\n<td width=\"86\">1\u03bcL<\/td>\n<td width=\"103\">\u00b14,00%<\/td>\n<td width=\"100\">4.00%<\/td>\n<\/tr>\n<tr>\n<td rowspan=\"3\" width=\"101\">5~50\u03bcL<\/td>\n<td rowspan=\"3\" width=\"108\">5~50\u03bcL<\/td>\n<td rowspan=\"3\" width=\"81\">0,5\u03bcL<\/td>\n<td width=\"86\">50\u03bcL<\/td>\n<td width=\"103\">\u00b11,00%<\/td>\n<td width=\"100\">0.50%<\/td>\n<\/tr>\n<tr>\n<td width=\"86\">25\u03bcL<\/td>\n<td width=\"103\">\u00b11.50%<\/td>\n<td width=\"100\">1.00%<\/td>\n<\/tr>\n<tr>\n<td width=\"86\">5\u03bcL<\/td>\n<td width=\"103\">\u00b13,00%<\/td>\n<td width=\"100\">2.00%<\/td>\n<\/tr>\n<tr>\n<td rowspan=\"3\" width=\"101\">50~300\u03bcL<\/td>\n<td rowspan=\"3\" width=\"108\">50~300\u03bcL<\/td>\n<td rowspan=\"3\" width=\"81\">5\u03bcL<\/td>\n<td width=\"86\">300\u03bcL<\/td>\n<td width=\"103\">\u00b10,70%<\/td>\n<td width=\"100\">0.25%<\/td>\n<\/tr>\n<tr>\n<td width=\"86\">150\u03bcL<\/td>\n<td width=\"103\">\u00b11,00%<\/td>\n<td width=\"100\">0.50%<\/td>\n<\/tr>\n<tr>\n<td width=\"86\">50\u03bcL<\/td>\n<td width=\"103\">\u00b11.50%<\/td>\n<td width=\"100\">0.80%<\/td>\n<\/tr>\n<\/tbody>\n<\/table>","protected":false},"excerpt":{"rendered":"<p>Die neu \u00fcberarbeitete 8-Kanal-Mikropipette mit einstellbarem Volumen von Topkey zeichnet sich durch ein ergonomisches Design mit einem gr\u00f6\u00dferen Volumenbereich von minimal 0,1 \u03bcL bis maximal 10 ml aus und bietet eine zuverl\u00e4ssigere Genauigkeit, um die vielf\u00e4ltigen Anwendungsanforderungen moderner Labore zu erf\u00fcllen. Die Pipettenspitzen sind sto\u00dffest, UV-best\u00e4ndig und korrosionsbest\u00e4ndig und gew\u00e4hrleisten eine langfristig stabile Pipettierleistung. Die aus speziellen Materialien gefertigte Spitzeneinheit ist abnehmbar und kann bei hohen Temperaturen und unter hohem Druck sterilisiert werden. Zu den weiteren Vorteilen geh\u00f6rt die Selbstkalibrierungsfunktion f\u00fcr Volumenbereiche.<\/p>","protected":false},"featured_media":1524,"template":"","meta":{"_acf_changed":false,"site-sidebar-layout":"default","site-content-layout":"","ast-site-content-layout":"default","site-content-style":"default","site-sidebar-style":"default","ast-global-header-display":"","ast-banner-title-visibility":"","ast-main-header-display":"","ast-hfb-above-header-display":"","ast-hfb-below-header-display":"","ast-hfb-mobile-header-display":"","site-post-title":"","ast-breadcrumbs-content":"","ast-featured-img":"","footer-sml-layout":"","ast-disable-related-posts":"","theme-transparent-header-meta":"default","adv-header-id-meta":"","stick-header-meta":"","header-above-stick-meta":"","header-main-stick-meta":"","header-below-stick-meta":"","astra-migrate-meta-layouts":"set","ast-page-background-enabled":"default","ast-page-background-meta":{"desktop":{"background-color":"var(--ast-global-color-5)","background-image":"","background-repeat":"repeat","background-position":"center center","background-size":"auto","background-attachment":"scroll","background-type":"","background-media":"","overlay-type":"","overlay-color":"","overlay-opacity":"","overlay-gradient":""},"tablet":{"background-color":"","background-image":"","background-repeat":"repeat","background-position":"center center","background-size":"auto","background-attachment":"scroll","background-type":"","background-media":"","overlay-type":"","overlay-color":"","overlay-opacity":"","overlay-gradient":""},"mobile":{"background-color":"","background-image":"","background-repeat":"repeat","background-position":"center center","background-size":"auto","background-attachment":"scroll","background-type":"","background-media":"","overlay-type":"","overlay-color":"","overlay-opacity":"","overlay-gradient":""}},"ast-content-background-meta":{"desktop":{"background-color":"var(--ast-global-color-4)","background-image":"","background-repeat":"repeat","background-position":"center center","background-size":"auto","background-attachment":"scroll","background-type":"","background-media":"","overlay-type":"","overlay-color":"","overlay-opacity":"","overlay-gradient":""},"tablet":{"background-color":"var(--ast-global-color-4)","background-image":"","background-repeat":"repeat","background-position":"center center","background-size":"auto","background-attachment":"scroll","background-type":"","background-media":"","overlay-type":"","overlay-color":"","overlay-opacity":"","overlay-gradient":""},"mobile":{"background-color":"var(--ast-global-color-4)","background-image":"","background-repeat":"repeat","background-position":"center center","background-size":"auto","background-attachment":"scroll","background-type":"","background-media":"","overlay-type":"","overlay-color":"","overlay-opacity":"","overlay-gradient":""}}},"product_brand":[],"product_cat":[66],"product_tag":[],"class_list":{"0":"post-1527","1":"product","2":"type-product","3":"status-publish","4":"has-post-thumbnail","6":"product_cat-manual-pipette","7":"desktop-align-left","8":"tablet-align-left","9":"mobile-align-left","11":"first","12":"instock","13":"shipping-taxable","14":"product-type-simple"},"acf":[],"yoast_head":"<!-- This site is optimized with the Yoast SEO plugin v27.4 - https:\/\/yoast.com\/product\/yoast-seo-wordpress\/ -->\n<title>Adjustable volume micropipette, 8 channels, manual 0.5\u201310\u03bcL<\/title>\n<meta name=\"description\" content=\"Topkey&#039;s newly upgraded 8-channel Adjustable volume micropipette features an ergonomic design with a broader volume range from a minimum of 0.1 \u03bcL to10 mL.\" \/>\n<meta name=\"robots\" content=\"index, follow, max-snippet:-1, max-image-preview:large, max-video-preview:-1\" \/>\n<link rel=\"canonical\" href=\"https:\/\/topkeymedical.com\/de\/product\/mikropipette-mit-einstellbarem-volumen-8-kanale\/\" \/>\n<meta property=\"og:locale\" content=\"de_DE\" \/>\n<meta property=\"og:type\" content=\"article\" \/>\n<meta property=\"og:title\" content=\"Adjustable volume micropipette, 8 channels, manual 0.5\u201310\u03bcL\" \/>\n<meta property=\"og:description\" content=\"Topkey&#039;s newly upgraded 8-channel Adjustable volume micropipette features an ergonomic design with a broader volume range from a minimum of 0.1 \u03bcL to10 mL.\" \/>\n<meta property=\"og:url\" content=\"https:\/\/topkeymedical.com\/de\/product\/mikropipette-mit-einstellbarem-volumen-8-kanale\/\" \/>\n<meta property=\"og:site_name\" content=\"TOPKEY\u2013 Precision in Every Detail, Guardian of Life and Health\" \/>\n<meta property=\"article:publisher\" content=\"https:\/\/www.facebook.com\/profile.php?id=100088897294997\" \/>\n<meta property=\"article:modified_time\" content=\"2025-11-20T08:30:36+00:00\" \/>\n<meta property=\"og:image\" content=\"https:\/\/topkeymedical.com\/wp-content\/uploads\/2025\/11\/adjustable-volume-micropipette-2.webp\" \/>\n\t<meta property=\"og:image:width\" content=\"1000\" \/>\n\t<meta property=\"og:image:height\" content=\"1000\" \/>\n\t<meta property=\"og:image:type\" content=\"image\/webp\" \/>\n<meta name=\"twitter:card\" content=\"summary_large_image\" \/>\n<meta name=\"twitter:label1\" content=\"Gesch\u00e4tzte Lesezeit\" \/>\n\t<meta name=\"twitter:data1\" content=\"2\u00a0Minuten\" \/>\n<script type=\"application\/ld+json\" class=\"yoast-schema-graph\">{\"@context\":\"https:\\\/\\\/schema.org\",\"@graph\":[{\"@type\":\"WebPage\",\"@id\":\"https:\\\/\\\/topkeymedical.com\\\/product\\\/adjustable-volume-micropipette-8-channels\\\/\",\"url\":\"https:\\\/\\\/topkeymedical.com\\\/product\\\/adjustable-volume-micropipette-8-channels\\\/\",\"name\":\"Adjustable volume micropipette, 8 channels, manual 0.5\u201310\u03bcL\",\"isPartOf\":{\"@id\":\"https:\\\/\\\/topkeymedical.com\\\/#website\"},\"primaryImageOfPage\":{\"@id\":\"https:\\\/\\\/topkeymedical.com\\\/product\\\/adjustable-volume-micropipette-8-channels\\\/#primaryimage\"},\"image\":{\"@id\":\"https:\\\/\\\/topkeymedical.com\\\/product\\\/adjustable-volume-micropipette-8-channels\\\/#primaryimage\"},\"thumbnailUrl\":\"https:\\\/\\\/topkeymedical.com\\\/wp-content\\\/uploads\\\/2025\\\/11\\\/adjustable-volume-micropipette-2.webp\",\"datePublished\":\"2025-11-14T12:13:53+00:00\",\"dateModified\":\"2025-11-20T08:30:36+00:00\",\"description\":\"Topkey's newly upgraded 8-channel Adjustable volume micropipette features an ergonomic design with a broader volume range from a minimum of 0.1 \u03bcL to10 mL.\",\"breadcrumb\":{\"@id\":\"https:\\\/\\\/topkeymedical.com\\\/product\\\/adjustable-volume-micropipette-8-channels\\\/#breadcrumb\"},\"inLanguage\":\"de\",\"potentialAction\":[{\"@type\":\"ReadAction\",\"target\":[\"https:\\\/\\\/topkeymedical.com\\\/product\\\/adjustable-volume-micropipette-8-channels\\\/\"]}]},{\"@type\":\"ImageObject\",\"inLanguage\":\"de\",\"@id\":\"https:\\\/\\\/topkeymedical.com\\\/product\\\/adjustable-volume-micropipette-8-channels\\\/#primaryimage\",\"url\":\"https:\\\/\\\/topkeymedical.com\\\/wp-content\\\/uploads\\\/2025\\\/11\\\/adjustable-volume-micropipette-2.webp\",\"contentUrl\":\"https:\\\/\\\/topkeymedical.com\\\/wp-content\\\/uploads\\\/2025\\\/11\\\/adjustable-volume-micropipette-2.webp\",\"width\":1000,\"height\":1000,\"caption\":\"Adjustable volume micropipette, 8 channels\"},{\"@type\":\"BreadcrumbList\",\"@id\":\"https:\\\/\\\/topkeymedical.com\\\/product\\\/adjustable-volume-micropipette-8-channels\\\/#breadcrumb\",\"itemListElement\":[{\"@type\":\"ListItem\",\"position\":1,\"name\":\"Home\",\"item\":\"https:\\\/\\\/topkeymedical.com\\\/\"},{\"@type\":\"ListItem\",\"position\":2,\"name\":\"Products\",\"item\":\"https:\\\/\\\/topkeymedical.com\\\/shop\\\/\"},{\"@type\":\"ListItem\",\"position\":3,\"name\":\"Adjustable volume micropipette, 8 channels, manual range:0.5\u201310\u03bcL\"}]},{\"@type\":\"WebSite\",\"@id\":\"https:\\\/\\\/topkeymedical.com\\\/#website\",\"url\":\"https:\\\/\\\/topkeymedical.com\\\/\",\"name\":\"TOPKEY\u2013 Precision in Every Detail, Guardian of Life and Health\",\"description\":\"\",\"publisher\":{\"@id\":\"https:\\\/\\\/topkeymedical.com\\\/#organization\"},\"potentialAction\":[{\"@type\":\"SearchAction\",\"target\":{\"@type\":\"EntryPoint\",\"urlTemplate\":\"https:\\\/\\\/topkeymedical.com\\\/?s={search_term_string}\"},\"query-input\":{\"@type\":\"PropertyValueSpecification\",\"valueRequired\":true,\"valueName\":\"search_term_string\"}}],\"inLanguage\":\"de\"},{\"@type\":\"Organization\",\"@id\":\"https:\\\/\\\/topkeymedical.com\\\/#organization\",\"name\":\"TOPKEY\u2013 Precision in Every Detail, Guardian of Life and Health\",\"url\":\"https:\\\/\\\/topkeymedical.com\\\/\",\"logo\":{\"@type\":\"ImageObject\",\"inLanguage\":\"de\",\"@id\":\"https:\\\/\\\/topkeymedical.com\\\/#\\\/schema\\\/logo\\\/image\\\/\",\"url\":\"https:\\\/\\\/topkeymedical.com\\\/wp-content\\\/uploads\\\/2025\\\/05\\\/cropped-logo.jpg\",\"contentUrl\":\"https:\\\/\\\/topkeymedical.com\\\/wp-content\\\/uploads\\\/2025\\\/05\\\/cropped-logo.jpg\",\"width\":512,\"height\":512,\"caption\":\"TOPKEY\u2013 Precision in Every Detail, Guardian of Life and Health\"},\"image\":{\"@id\":\"https:\\\/\\\/topkeymedical.com\\\/#\\\/schema\\\/logo\\\/image\\\/\"},\"sameAs\":[\"https:\\\/\\\/www.facebook.com\\\/profile.php?id=100088897294997\",\"https:\\\/\\\/www.youtube.com\\\/@TopkeyMedical-Alice888\",\"https:\\\/\\\/www.linkedin.com\\\/in\\\/alice-hu-bb66a01b3\\\/\"]}]}<\/script>\n<!-- \/ Yoast SEO plugin. -->","yoast_head_json":{"title":"Mikropipette mit einstellbarem Volumen, 8 Kan\u00e4le, manuell 0,5-10\u03bcL","description":"Die neue 8-Kanal-Mikropipette von Topkey mit einstellbarem Volumen zeichnet sich durch ein ergonomisches Design und einen gr\u00f6\u00dferen Volumenbereich von mindestens 0,1 \u03bcL bis 10 mL aus.","robots":{"index":"index","follow":"follow","max-snippet":"max-snippet:-1","max-image-preview":"max-image-preview:large","max-video-preview":"max-video-preview:-1"},"canonical":"https:\/\/topkeymedical.com\/de\/product\/mikropipette-mit-einstellbarem-volumen-8-kanale\/","og_locale":"de_DE","og_type":"article","og_title":"Adjustable volume micropipette, 8 channels, manual 0.5\u201310\u03bcL","og_description":"Topkey's newly upgraded 8-channel Adjustable volume micropipette features an ergonomic design with a broader volume range from a minimum of 0.1 \u03bcL to10 mL.","og_url":"https:\/\/topkeymedical.com\/de\/product\/mikropipette-mit-einstellbarem-volumen-8-kanale\/","og_site_name":"TOPKEY\u2013 Precision in Every Detail, Guardian of Life and Health","article_publisher":"https:\/\/www.facebook.com\/profile.php?id=100088897294997","article_modified_time":"2025-11-20T08:30:36+00:00","og_image":[{"width":1000,"height":1000,"url":"https:\/\/topkeymedical.com\/wp-content\/uploads\/2025\/11\/adjustable-volume-micropipette-2.webp","type":"image\/webp"}],"twitter_card":"summary_large_image","twitter_misc":{"Gesch\u00e4tzte Lesezeit":"2\u00a0Minuten"},"schema":{"@context":"https:\/\/schema.org","@graph":[{"@type":"WebPage","@id":"https:\/\/topkeymedical.com\/product\/adjustable-volume-micropipette-8-channels\/","url":"https:\/\/topkeymedical.com\/product\/adjustable-volume-micropipette-8-channels\/","name":"Mikropipette mit einstellbarem Volumen, 8 Kan\u00e4le, manuell 0,5-10\u03bcL","isPartOf":{"@id":"https:\/\/topkeymedical.com\/#website"},"primaryImageOfPage":{"@id":"https:\/\/topkeymedical.com\/product\/adjustable-volume-micropipette-8-channels\/#primaryimage"},"image":{"@id":"https:\/\/topkeymedical.com\/product\/adjustable-volume-micropipette-8-channels\/#primaryimage"},"thumbnailUrl":"https:\/\/topkeymedical.com\/wp-content\/uploads\/2025\/11\/adjustable-volume-micropipette-2.webp","datePublished":"2025-11-14T12:13:53+00:00","dateModified":"2025-11-20T08:30:36+00:00","description":"Die neue 8-Kanal-Mikropipette von Topkey mit einstellbarem Volumen zeichnet sich durch ein ergonomisches Design und einen gr\u00f6\u00dferen Volumenbereich von mindestens 0,1 \u03bcL bis 10 mL aus.","breadcrumb":{"@id":"https:\/\/topkeymedical.com\/product\/adjustable-volume-micropipette-8-channels\/#breadcrumb"},"inLanguage":"de","potentialAction":[{"@type":"ReadAction","target":["https:\/\/topkeymedical.com\/product\/adjustable-volume-micropipette-8-channels\/"]}]},{"@type":"ImageObject","inLanguage":"de","@id":"https:\/\/topkeymedical.com\/product\/adjustable-volume-micropipette-8-channels\/#primaryimage","url":"https:\/\/topkeymedical.com\/wp-content\/uploads\/2025\/11\/adjustable-volume-micropipette-2.webp","contentUrl":"https:\/\/topkeymedical.com\/wp-content\/uploads\/2025\/11\/adjustable-volume-micropipette-2.webp","width":1000,"height":1000,"caption":"Adjustable volume micropipette, 8 channels"},{"@type":"BreadcrumbList","@id":"https:\/\/topkeymedical.com\/product\/adjustable-volume-micropipette-8-channels\/#breadcrumb","itemListElement":[{"@type":"ListItem","position":1,"name":"Home","item":"https:\/\/topkeymedical.com\/"},{"@type":"ListItem","position":2,"name":"Products","item":"https:\/\/topkeymedical.com\/shop\/"},{"@type":"ListItem","position":3,"name":"Adjustable volume micropipette, 8 channels, manual range:0.5\u201310\u03bcL"}]},{"@type":"WebSite","@id":"https:\/\/topkeymedical.com\/#website","url":"https:\/\/topkeymedical.com\/","name":"TOPKEY- Pr\u00e4zision bis ins Detail, H\u00fcter von Leben und Gesundheit","description":"","publisher":{"@id":"https:\/\/topkeymedical.com\/#organization"},"potentialAction":[{"@type":"SearchAction","target":{"@type":"EntryPoint","urlTemplate":"https:\/\/topkeymedical.com\/?s={search_term_string}"},"query-input":{"@type":"PropertyValueSpecification","valueRequired":true,"valueName":"search_term_string"}}],"inLanguage":"de"},{"@type":"Organization","@id":"https:\/\/topkeymedical.com\/#organization","name":"TOPKEY- Pr\u00e4zision bis ins Detail, H\u00fcter von Leben und Gesundheit","url":"https:\/\/topkeymedical.com\/","logo":{"@type":"ImageObject","inLanguage":"de","@id":"https:\/\/topkeymedical.com\/#\/schema\/logo\/image\/","url":"https:\/\/topkeymedical.com\/wp-content\/uploads\/2025\/05\/cropped-logo.jpg","contentUrl":"https:\/\/topkeymedical.com\/wp-content\/uploads\/2025\/05\/cropped-logo.jpg","width":512,"height":512,"caption":"TOPKEY\u2013 Precision in Every Detail, Guardian of Life and Health"},"image":{"@id":"https:\/\/topkeymedical.com\/#\/schema\/logo\/image\/"},"sameAs":["https:\/\/www.facebook.com\/profile.php?id=100088897294997","https:\/\/www.youtube.com\/@TopkeyMedical-Alice888","https:\/\/www.linkedin.com\/in\/alice-hu-bb66a01b3\/"]}]}},"_links":{"self":[{"href":"https:\/\/topkeymedical.com\/de\/wp-json\/wp\/v2\/product\/1527","targetHints":{"allow":["GET"]}}],"collection":[{"href":"https:\/\/topkeymedical.com\/de\/wp-json\/wp\/v2\/product"}],"about":[{"href":"https:\/\/topkeymedical.com\/de\/wp-json\/wp\/v2\/types\/product"}],"version-history":[{"count":5,"href":"https:\/\/topkeymedical.com\/de\/wp-json\/wp\/v2\/product\/1527\/revisions"}],"predecessor-version":[{"id":1551,"href":"https:\/\/topkeymedical.com\/de\/wp-json\/wp\/v2\/product\/1527\/revisions\/1551"}],"wp:featuredmedia":[{"embeddable":true,"href":"https:\/\/topkeymedical.com\/de\/wp-json\/wp\/v2\/media\/1524"}],"wp:attachment":[{"href":"https:\/\/topkeymedical.com\/de\/wp-json\/wp\/v2\/media?parent=1527"}],"wp:term":[{"taxonomy":"product_brand","embeddable":true,"href":"https:\/\/topkeymedical.com\/de\/wp-json\/wp\/v2\/product_brand?post=1527"},{"taxonomy":"product_cat","embeddable":true,"href":"https:\/\/topkeymedical.com\/de\/wp-json\/wp\/v2\/product_cat?post=1527"},{"taxonomy":"product_tag","embeddable":true,"href":"https:\/\/topkeymedical.com\/de\/wp-json\/wp\/v2\/product_tag?post=1527"}],"curies":[{"name":"wp","href":"https:\/\/api.w.org\/{rel}","templated":true}]}}