{"id":1567,"date":"2025-11-21T14:15:04","date_gmt":"2025-11-21T14:15:04","guid":{"rendered":"https:\/\/topkeymedical.com\/?post_type=product&#038;p=1567"},"modified":"2025-11-21T14:15:04","modified_gmt":"2025-11-21T14:15:04","slug":"manuell-einstellbare-mikropipette-12-kanale","status":"publish","type":"product","link":"https:\/\/topkeymedical.com\/de\/product\/manuell-einstellbare-mikropipette-12-kanale\/","title":{"rendered":"Manuell einstellbare Mikropipette, 12 Kan\u00e4le, Volumenbereich: 50-300 \u03bcL"},"content":{"rendered":"<p>Die manuell verstellbare 12-Kanal-Mikropipette ist in der heutigen Gesellschaft weit verbreitet und bietet eine komfortable und benutzerfreundliche Bedienung.<\/p>\n<p>Im Vergleich zu Messzylindern bieten sie einen sichereren Umgang mit gef\u00e4hrlichen Chemikalien. Pipetten bieten eine h\u00f6here Genauigkeit und erm\u00f6glichen pr\u00e4zise Messungen beim Transfer von L\u00f6sungen. Durch die Zeitersparnis steigern Pipetten die Effizienz im Labor.<\/p>\n<p>Mehrkanalpipetten sind die ideale Wahl f\u00fcr Experimente mit hohem Durchsatz, die Pr\u00e4zision, Effizienz und Reproduzierbarkeit erfordern.<br \/>\nSie verarbeiten verschiedene Fl\u00fcssigkeiten, darunter sch\u00e4umende Fl\u00fcssigkeiten, Fl\u00fcssigkeiten mit hohem Dampfdruck und Fl\u00fcssigkeiten mit hoher Viskosit\u00e4t.<\/p>\n<p>Die neu \u00fcberarbeitete 12-Kanal-Multifunktionspipette von Qiu Jing zeichnet sich durch ein ergonomisches Design mit einem gr\u00f6\u00dferen Volumenbereich von 0,1 \u03bcL bis 10 mL aus und bietet eine h\u00f6here Zuverl\u00e4ssigkeit und Pr\u00e4zision, um die vielf\u00e4ltigen Anforderungen moderner Labore zu erf\u00fcllen.<\/p>\n<p>Widerstandsf\u00e4hig gegen St\u00f6\u00dfe, <a href=\"https:\/\/www.epa.gov\/radtown\/ultraviolet-uv-radiation-and-sun-exposure\" target=\"_blank\" rel=\"noopener\">UV-Belastung<\/a>, und chemischer Korrosion zu sch\u00fctzen, gew\u00e4hrleistet sie eine langfristig stabile Pipettierleistung. Die aus speziellen Materialien gefertigte Spitzeneinheit ist abnehmbar und kann bei hohen Temperaturen und unter hohem Druck sterilisiert werden. Weitere Vorteile sind die Selbstkalibrierungsfunktionen f\u00fcr Volumenbereiche.<\/p>\n<h2>Schema des Aufbaus einer manuell verstellbaren Mikropipette:<\/h2>\n<p><img fetchpriority=\"high\" decoding=\"async\" class=\"wp-image-1568 size-full aligncenter\" title=\"Manuell einstellbare Mikropipette\" src=\"https:\/\/topkeymedical.com\/wp-content\/uploads\/2025\/11\/Manual-adjustable-micropipette.webp\" alt=\"Manuell einstellbare Mikropipette\" width=\"629\" height=\"629\" srcset=\"https:\/\/topkeymedical.com\/wp-content\/uploads\/2025\/11\/Manual-adjustable-micropipette.webp 629w, https:\/\/topkeymedical.com\/wp-content\/uploads\/2025\/11\/Manual-adjustable-micropipette-300x300.webp 300w, https:\/\/topkeymedical.com\/wp-content\/uploads\/2025\/11\/Manual-adjustable-micropipette-150x150.webp 150w, https:\/\/topkeymedical.com\/wp-content\/uploads\/2025\/11\/Manual-adjustable-micropipette-12x12.webp 12w, https:\/\/topkeymedical.com\/wp-content\/uploads\/2025\/11\/Manual-adjustable-micropipette-600x600.webp 600w, https:\/\/topkeymedical.com\/wp-content\/uploads\/2025\/11\/Manual-adjustable-micropipette-100x100.webp 100w\" sizes=\"(max-width: 629px) 100vw, 629px\" \/><\/p>\n<h2>Technische Parameter:<\/h2>\n<table>\n<tbody>\n<tr>\n<td rowspan=\"3\" width=\"101\">Typ<\/td>\n<td rowspan=\"3\" width=\"108\">Band<\/p>\n<p>Bereich<\/td>\n<td rowspan=\"3\" width=\"81\">Inkrement<\/td>\n<td rowspan=\"2\" width=\"86\">Test<\/p>\n<p>Band<\/td>\n<td width=\"103\">Maximum<\/p>\n<p>Zul\u00e4ssig<\/p>\n<p>Fehler<\/td>\n<td width=\"100\">Maximum<\/p>\n<p>Zul\u00e4ssig<\/p>\n<p>Fehler<\/td>\n<\/tr>\n<tr>\n<td width=\"103\">Genauigkeit<\/p>\n<p>Fehler<\/td>\n<td width=\"100\">Genauigkeit<\/p>\n<p>Fehler<\/td>\n<\/tr>\n<tr>\n<td width=\"86\">\u03bcL<\/td>\n<td width=\"103\">%<\/td>\n<td width=\"100\">%<\/td>\n<\/tr>\n<tr>\n<td rowspan=\"3\" width=\"101\">0,5~10\u03bcL<\/td>\n<td rowspan=\"3\" width=\"108\">0,5~10\u03bcL<\/td>\n<td rowspan=\"3\" width=\"81\">0,1\u03bcL<\/td>\n<td width=\"86\">10\u03bcL<\/td>\n<td width=\"103\">\u00b11.50%<\/td>\n<td width=\"100\">1.50%<\/td>\n<\/tr>\n<tr>\n<td width=\"86\">5\u03bcL<\/td>\n<td width=\"103\">\u00b12.50%<\/td>\n<td width=\"100\">2.50%<\/td>\n<\/tr>\n<tr>\n<td width=\"86\">1\u03bcL<\/td>\n<td width=\"103\">\u00b14,00%<\/td>\n<td width=\"100\">4.00%<\/td>\n<\/tr>\n<tr>\n<td rowspan=\"3\" width=\"101\">5~50\u03bcL<\/td>\n<td rowspan=\"3\" width=\"108\">5~50\u03bcL<\/td>\n<td rowspan=\"3\" width=\"81\">0,5\u03bcL<\/td>\n<td width=\"86\">50\u03bcL<\/td>\n<td width=\"103\">\u00b11,00%<\/td>\n<td width=\"100\">0.50%<\/td>\n<\/tr>\n<tr>\n<td width=\"86\">25\u03bcL<\/td>\n<td width=\"103\">\u00b11.50%<\/td>\n<td width=\"100\">1.00%<\/td>\n<\/tr>\n<tr>\n<td width=\"86\">5\u03bcL<\/td>\n<td width=\"103\">\u00b13,00%<\/td>\n<td width=\"100\">2.00%<\/td>\n<\/tr>\n<tr>\n<td rowspan=\"3\" width=\"101\">50~300\u03bcL<\/td>\n<td rowspan=\"3\" width=\"108\">50~300\u03bcL<\/td>\n<td rowspan=\"3\" width=\"81\">5\u03bcL<\/td>\n<td width=\"86\">300\u03bcL<\/td>\n<td width=\"103\">\u00b10,70%<\/td>\n<td width=\"100\">0.25%<\/td>\n<\/tr>\n<tr>\n<td width=\"86\">150\u03bcL<\/td>\n<td width=\"103\">\u00b11,00%<\/td>\n<td width=\"100\">0.50%<\/td>\n<\/tr>\n<tr>\n<td width=\"86\">50\u03bcL<\/td>\n<td width=\"103\">\u00b11.50%<\/td>\n<td width=\"100\">0.80%<\/td>\n<\/tr>\n<\/tbody>\n<\/table>\n<h2>Details zum Produkt<\/h2>\n<p><img decoding=\"async\" class=\"aligncenter wp-image-1569 size-full\" title=\"Manuell einstellbare 12-Kanal-Mikropipette\" src=\"https:\/\/topkeymedical.com\/wp-content\/uploads\/2025\/11\/12-channel-manual-adjustable-micropipette-6.webp\" alt=\"Manuell einstellbare 12-Kanal-Mikropipette\" width=\"571\" height=\"1049\" srcset=\"https:\/\/topkeymedical.com\/wp-content\/uploads\/2025\/11\/12-channel-manual-adjustable-micropipette-6.webp 571w, https:\/\/topkeymedical.com\/wp-content\/uploads\/2025\/11\/12-channel-manual-adjustable-micropipette-6-163x300.webp 163w, https:\/\/topkeymedical.com\/wp-content\/uploads\/2025\/11\/12-channel-manual-adjustable-micropipette-6-557x1024.webp 557w, https:\/\/topkeymedical.com\/wp-content\/uploads\/2025\/11\/12-channel-manual-adjustable-micropipette-6-7x12.webp 7w\" sizes=\"(max-width: 571px) 100vw, 571px\" \/> <img decoding=\"async\" class=\"aligncenter wp-image-1570 size-full\" title=\"Manuell einstellbare 12-Kanal-Mikropipette\" src=\"https:\/\/topkeymedical.com\/wp-content\/uploads\/2025\/11\/12-channel-manual-adjustable-micropipette-5.webp\" alt=\"Manuell einstellbare 12-Kanal-Mikropipette\" width=\"682\" height=\"1031\" srcset=\"https:\/\/topkeymedical.com\/wp-content\/uploads\/2025\/11\/12-channel-manual-adjustable-micropipette-5.webp 682w, https:\/\/topkeymedical.com\/wp-content\/uploads\/2025\/11\/12-channel-manual-adjustable-micropipette-5-198x300.webp 198w, https:\/\/topkeymedical.com\/wp-content\/uploads\/2025\/11\/12-channel-manual-adjustable-micropipette-5-677x1024.webp 677w, https:\/\/topkeymedical.com\/wp-content\/uploads\/2025\/11\/12-channel-manual-adjustable-micropipette-5-8x12.webp 8w, https:\/\/topkeymedical.com\/wp-content\/uploads\/2025\/11\/12-channel-manual-adjustable-micropipette-5-600x907.webp 600w\" sizes=\"(max-width: 682px) 100vw, 682px\" \/> <img loading=\"lazy\" decoding=\"async\" class=\"aligncenter wp-image-1571 size-full\" title=\"Manuell einstellbare 12-Kanal-Mikropipette\" src=\"https:\/\/topkeymedical.com\/wp-content\/uploads\/2025\/11\/12-channel-manual-adjustable-micropipette-4.webp\" alt=\"Manuell einstellbare 12-Kanal-Mikropipette\" width=\"597\" height=\"1018\" srcset=\"https:\/\/topkeymedical.com\/wp-content\/uploads\/2025\/11\/12-channel-manual-adjustable-micropipette-4.webp 597w, https:\/\/topkeymedical.com\/wp-content\/uploads\/2025\/11\/12-channel-manual-adjustable-micropipette-4-176x300.webp 176w, https:\/\/topkeymedical.com\/wp-content\/uploads\/2025\/11\/12-channel-manual-adjustable-micropipette-4-7x12.webp 7w\" sizes=\"(max-width: 597px) 100vw, 597px\" \/> <img loading=\"lazy\" decoding=\"async\" class=\"aligncenter wp-image-1572 size-full\" title=\"Manuell einstellbare 12-Kanal-Mikropipette\" src=\"https:\/\/topkeymedical.com\/wp-content\/uploads\/2025\/11\/12-channel-manual-adjustable-micropipette-3.webp\" alt=\"Manuell einstellbare 12-Kanal-Mikropipette\" width=\"639\" height=\"1111\" srcset=\"https:\/\/topkeymedical.com\/wp-content\/uploads\/2025\/11\/12-channel-manual-adjustable-micropipette-3.webp 639w, https:\/\/topkeymedical.com\/wp-content\/uploads\/2025\/11\/12-channel-manual-adjustable-micropipette-3-173x300.webp 173w, https:\/\/topkeymedical.com\/wp-content\/uploads\/2025\/11\/12-channel-manual-adjustable-micropipette-3-589x1024.webp 589w, https:\/\/topkeymedical.com\/wp-content\/uploads\/2025\/11\/12-channel-manual-adjustable-micropipette-3-7x12.webp 7w, https:\/\/topkeymedical.com\/wp-content\/uploads\/2025\/11\/12-channel-manual-adjustable-micropipette-3-600x1043.webp 600w\" sizes=\"(max-width: 639px) 100vw, 639px\" \/> <img loading=\"lazy\" decoding=\"async\" class=\"aligncenter wp-image-1573 size-full\" title=\"Manuell einstellbare 12-Kanal-Mikropipette\" src=\"https:\/\/topkeymedical.com\/wp-content\/uploads\/2025\/11\/12-channel-manual-adjustable-micropipette-2.webp\" alt=\"Manuell einstellbare 12-Kanal-Mikropipette\" width=\"616\" height=\"891\" srcset=\"https:\/\/topkeymedical.com\/wp-content\/uploads\/2025\/11\/12-channel-manual-adjustable-micropipette-2.webp 616w, https:\/\/topkeymedical.com\/wp-content\/uploads\/2025\/11\/12-channel-manual-adjustable-micropipette-2-207x300.webp 207w, https:\/\/topkeymedical.com\/wp-content\/uploads\/2025\/11\/12-channel-manual-adjustable-micropipette-2-8x12.webp 8w, https:\/\/topkeymedical.com\/wp-content\/uploads\/2025\/11\/12-channel-manual-adjustable-micropipette-2-600x868.webp 600w\" sizes=\"(max-width: 616px) 100vw, 616px\" \/><\/p>","protected":false},"excerpt":{"rendered":"<p>Die manuell verstellbare 12-Kanal-Mikropipette (Volumenbereich: 50-300) ist in der heutigen Gesellschaft weit verbreitet und bietet eine komfortable und benutzerfreundliche Bedienung.<\/p>","protected":false},"featured_media":1556,"template":"","meta":{"_acf_changed":false,"site-sidebar-layout":"default","site-content-layout":"","ast-site-content-layout":"default","site-content-style":"default","site-sidebar-style":"default","ast-global-header-display":"","ast-banner-title-visibility":"","ast-main-header-display":"","ast-hfb-above-header-display":"","ast-hfb-below-header-display":"","ast-hfb-mobile-header-display":"","site-post-title":"","ast-breadcrumbs-content":"","ast-featured-img":"","footer-sml-layout":"","ast-disable-related-posts":"","theme-transparent-header-meta":"default","adv-header-id-meta":"","stick-header-meta":"","header-above-stick-meta":"","header-main-stick-meta":"","header-below-stick-meta":"","astra-migrate-meta-layouts":"set","ast-page-background-enabled":"default","ast-page-background-meta":{"desktop":{"background-color":"var(--ast-global-color-5)","background-image":"","background-repeat":"repeat","background-position":"center center","background-size":"auto","background-attachment":"scroll","background-type":"","background-media":"","overlay-type":"","overlay-color":"","overlay-opacity":"","overlay-gradient":""},"tablet":{"background-color":"","background-image":"","background-repeat":"repeat","background-position":"center center","background-size":"auto","background-attachment":"scroll","background-type":"","background-media":"","overlay-type":"","overlay-color":"","overlay-opacity":"","overlay-gradient":""},"mobile":{"background-color":"","background-image":"","background-repeat":"repeat","background-position":"center center","background-size":"auto","background-attachment":"scroll","background-type":"","background-media":"","overlay-type":"","overlay-color":"","overlay-opacity":"","overlay-gradient":""}},"ast-content-background-meta":{"desktop":{"background-color":"var(--ast-global-color-4)","background-image":"","background-repeat":"repeat","background-position":"center center","background-size":"auto","background-attachment":"scroll","background-type":"","background-media":"","overlay-type":"","overlay-color":"","overlay-opacity":"","overlay-gradient":""},"tablet":{"background-color":"var(--ast-global-color-4)","background-image":"","background-repeat":"repeat","background-position":"center center","background-size":"auto","background-attachment":"scroll","background-type":"","background-media":"","overlay-type":"","overlay-color":"","overlay-opacity":"","overlay-gradient":""},"mobile":{"background-color":"var(--ast-global-color-4)","background-image":"","background-repeat":"repeat","background-position":"center center","background-size":"auto","background-attachment":"scroll","background-type":"","background-media":"","overlay-type":"","overlay-color":"","overlay-opacity":"","overlay-gradient":""}}},"product_brand":[],"product_cat":[66],"product_tag":[],"class_list":{"0":"post-1567","1":"product","2":"type-product","3":"status-publish","4":"has-post-thumbnail","6":"product_cat-manual-pipette","7":"desktop-align-left","8":"tablet-align-left","9":"mobile-align-left","11":"first","12":"instock","13":"shipping-taxable","14":"product-type-simple"},"acf":[],"yoast_head":"<!-- This site is optimized with the Yoast SEO plugin v27.4 - https:\/\/yoast.com\/product\/yoast-seo-wordpress\/ -->\n<title>Manual adjustable micropipette, 12 channels, 50\u2013300 \u03bcL<\/title>\n<meta name=\"description\" content=\"12-channel manual adjustable micropipette is widely used in today&#039;s society, offering comfortable and user-friendly operation.\" \/>\n<meta name=\"robots\" content=\"index, follow, max-snippet:-1, max-image-preview:large, max-video-preview:-1\" \/>\n<link rel=\"canonical\" href=\"https:\/\/topkeymedical.com\/de\/product\/manuell-einstellbare-mikropipette-12-kanale\/\" \/>\n<meta property=\"og:locale\" content=\"de_DE\" \/>\n<meta property=\"og:type\" content=\"article\" \/>\n<meta property=\"og:title\" content=\"Manual adjustable micropipette, 12 channels, 50\u2013300 \u03bcL\" \/>\n<meta property=\"og:description\" content=\"12-channel manual adjustable micropipette is widely used in today&#039;s society, offering comfortable and user-friendly operation.\" \/>\n<meta property=\"og:url\" content=\"https:\/\/topkeymedical.com\/de\/product\/manuell-einstellbare-mikropipette-12-kanale\/\" \/>\n<meta property=\"og:site_name\" content=\"TOPKEY\u2013 Precision in Every Detail, Guardian of Life and Health\" \/>\n<meta property=\"article:publisher\" content=\"https:\/\/www.facebook.com\/profile.php?id=100088897294997\" \/>\n<meta property=\"og:image\" content=\"https:\/\/topkeymedical.com\/wp-content\/uploads\/2025\/11\/12-channel-pipette-3.webp\" \/>\n\t<meta property=\"og:image:width\" content=\"1000\" \/>\n\t<meta property=\"og:image:height\" content=\"1000\" \/>\n\t<meta property=\"og:image:type\" content=\"image\/webp\" \/>\n<meta name=\"twitter:card\" content=\"summary_large_image\" \/>\n<meta name=\"twitter:label1\" content=\"Gesch\u00e4tzte Lesezeit\" \/>\n\t<meta name=\"twitter:data1\" content=\"3\u00a0Minuten\" \/>\n<script type=\"application\/ld+json\" class=\"yoast-schema-graph\">{\"@context\":\"https:\\\/\\\/schema.org\",\"@graph\":[{\"@type\":\"WebPage\",\"@id\":\"https:\\\/\\\/topkeymedical.com\\\/product\\\/manual-adjustable-micropipette-12-channels\\\/\",\"url\":\"https:\\\/\\\/topkeymedical.com\\\/product\\\/manual-adjustable-micropipette-12-channels\\\/\",\"name\":\"Manual adjustable micropipette, 12 channels, 50\u2013300 \u03bcL\",\"isPartOf\":{\"@id\":\"https:\\\/\\\/topkeymedical.com\\\/#website\"},\"primaryImageOfPage\":{\"@id\":\"https:\\\/\\\/topkeymedical.com\\\/product\\\/manual-adjustable-micropipette-12-channels\\\/#primaryimage\"},\"image\":{\"@id\":\"https:\\\/\\\/topkeymedical.com\\\/product\\\/manual-adjustable-micropipette-12-channels\\\/#primaryimage\"},\"thumbnailUrl\":\"https:\\\/\\\/topkeymedical.com\\\/wp-content\\\/uploads\\\/2025\\\/11\\\/12-channel-pipette-3.webp\",\"datePublished\":\"2025-11-21T14:15:04+00:00\",\"description\":\"12-channel manual adjustable micropipette is widely used in today's society, offering comfortable and user-friendly operation.\",\"breadcrumb\":{\"@id\":\"https:\\\/\\\/topkeymedical.com\\\/product\\\/manual-adjustable-micropipette-12-channels\\\/#breadcrumb\"},\"inLanguage\":\"de\",\"potentialAction\":[{\"@type\":\"ReadAction\",\"target\":[\"https:\\\/\\\/topkeymedical.com\\\/product\\\/manual-adjustable-micropipette-12-channels\\\/\"]}]},{\"@type\":\"ImageObject\",\"inLanguage\":\"de\",\"@id\":\"https:\\\/\\\/topkeymedical.com\\\/product\\\/manual-adjustable-micropipette-12-channels\\\/#primaryimage\",\"url\":\"https:\\\/\\\/topkeymedical.com\\\/wp-content\\\/uploads\\\/2025\\\/11\\\/12-channel-pipette-3.webp\",\"contentUrl\":\"https:\\\/\\\/topkeymedical.com\\\/wp-content\\\/uploads\\\/2025\\\/11\\\/12-channel-pipette-3.webp\",\"width\":1000,\"height\":1000,\"caption\":\"12-Channel Manual Adjustable Micropipette\"},{\"@type\":\"BreadcrumbList\",\"@id\":\"https:\\\/\\\/topkeymedical.com\\\/product\\\/manual-adjustable-micropipette-12-channels\\\/#breadcrumb\",\"itemListElement\":[{\"@type\":\"ListItem\",\"position\":1,\"name\":\"Home\",\"item\":\"https:\\\/\\\/topkeymedical.com\\\/\"},{\"@type\":\"ListItem\",\"position\":2,\"name\":\"Products\",\"item\":\"https:\\\/\\\/topkeymedical.com\\\/shop\\\/\"},{\"@type\":\"ListItem\",\"position\":3,\"name\":\"Manual adjustable micropipette, 12 channels, volume range:50\u2013300 \u03bcL\"}]},{\"@type\":\"WebSite\",\"@id\":\"https:\\\/\\\/topkeymedical.com\\\/#website\",\"url\":\"https:\\\/\\\/topkeymedical.com\\\/\",\"name\":\"TOPKEY\u2013 Precision in Every Detail, Guardian of Life and Health\",\"description\":\"\",\"publisher\":{\"@id\":\"https:\\\/\\\/topkeymedical.com\\\/#organization\"},\"potentialAction\":[{\"@type\":\"SearchAction\",\"target\":{\"@type\":\"EntryPoint\",\"urlTemplate\":\"https:\\\/\\\/topkeymedical.com\\\/?s={search_term_string}\"},\"query-input\":{\"@type\":\"PropertyValueSpecification\",\"valueRequired\":true,\"valueName\":\"search_term_string\"}}],\"inLanguage\":\"de\"},{\"@type\":\"Organization\",\"@id\":\"https:\\\/\\\/topkeymedical.com\\\/#organization\",\"name\":\"TOPKEY\u2013 Precision in Every Detail, Guardian of Life and Health\",\"url\":\"https:\\\/\\\/topkeymedical.com\\\/\",\"logo\":{\"@type\":\"ImageObject\",\"inLanguage\":\"de\",\"@id\":\"https:\\\/\\\/topkeymedical.com\\\/#\\\/schema\\\/logo\\\/image\\\/\",\"url\":\"https:\\\/\\\/topkeymedical.com\\\/wp-content\\\/uploads\\\/2025\\\/05\\\/cropped-logo.jpg\",\"contentUrl\":\"https:\\\/\\\/topkeymedical.com\\\/wp-content\\\/uploads\\\/2025\\\/05\\\/cropped-logo.jpg\",\"width\":512,\"height\":512,\"caption\":\"TOPKEY\u2013 Precision in Every Detail, Guardian of Life and Health\"},\"image\":{\"@id\":\"https:\\\/\\\/topkeymedical.com\\\/#\\\/schema\\\/logo\\\/image\\\/\"},\"sameAs\":[\"https:\\\/\\\/www.facebook.com\\\/profile.php?id=100088897294997\",\"https:\\\/\\\/www.youtube.com\\\/@TopkeyMedical-Alice888\",\"https:\\\/\\\/www.linkedin.com\\\/in\\\/alice-hu-bb66a01b3\\\/\"]}]}<\/script>\n<!-- \/ Yoast SEO plugin. -->","yoast_head_json":{"title":"Manuell einstellbare Mikropipette, 12 Kan\u00e4le, 50-300 \u03bcL","description":"Die manuell verstellbare 12-Kanal-Mikropipette ist in der heutigen Gesellschaft weit verbreitet und bietet eine komfortable und benutzerfreundliche Bedienung.","robots":{"index":"index","follow":"follow","max-snippet":"max-snippet:-1","max-image-preview":"max-image-preview:large","max-video-preview":"max-video-preview:-1"},"canonical":"https:\/\/topkeymedical.com\/de\/product\/manuell-einstellbare-mikropipette-12-kanale\/","og_locale":"de_DE","og_type":"article","og_title":"Manual adjustable micropipette, 12 channels, 50\u2013300 \u03bcL","og_description":"12-channel manual adjustable micropipette is widely used in today's society, offering comfortable and user-friendly operation.","og_url":"https:\/\/topkeymedical.com\/de\/product\/manuell-einstellbare-mikropipette-12-kanale\/","og_site_name":"TOPKEY\u2013 Precision in Every Detail, Guardian of Life and Health","article_publisher":"https:\/\/www.facebook.com\/profile.php?id=100088897294997","og_image":[{"width":1000,"height":1000,"url":"https:\/\/topkeymedical.com\/wp-content\/uploads\/2025\/11\/12-channel-pipette-3.webp","type":"image\/webp"}],"twitter_card":"summary_large_image","twitter_misc":{"Gesch\u00e4tzte Lesezeit":"3\u00a0Minuten"},"schema":{"@context":"https:\/\/schema.org","@graph":[{"@type":"WebPage","@id":"https:\/\/topkeymedical.com\/product\/manual-adjustable-micropipette-12-channels\/","url":"https:\/\/topkeymedical.com\/product\/manual-adjustable-micropipette-12-channels\/","name":"Manuell einstellbare Mikropipette, 12 Kan\u00e4le, 50-300 \u03bcL","isPartOf":{"@id":"https:\/\/topkeymedical.com\/#website"},"primaryImageOfPage":{"@id":"https:\/\/topkeymedical.com\/product\/manual-adjustable-micropipette-12-channels\/#primaryimage"},"image":{"@id":"https:\/\/topkeymedical.com\/product\/manual-adjustable-micropipette-12-channels\/#primaryimage"},"thumbnailUrl":"https:\/\/topkeymedical.com\/wp-content\/uploads\/2025\/11\/12-channel-pipette-3.webp","datePublished":"2025-11-21T14:15:04+00:00","description":"Die manuell verstellbare 12-Kanal-Mikropipette ist in der heutigen Gesellschaft weit verbreitet und bietet eine komfortable und benutzerfreundliche Bedienung.","breadcrumb":{"@id":"https:\/\/topkeymedical.com\/product\/manual-adjustable-micropipette-12-channels\/#breadcrumb"},"inLanguage":"de","potentialAction":[{"@type":"ReadAction","target":["https:\/\/topkeymedical.com\/product\/manual-adjustable-micropipette-12-channels\/"]}]},{"@type":"ImageObject","inLanguage":"de","@id":"https:\/\/topkeymedical.com\/product\/manual-adjustable-micropipette-12-channels\/#primaryimage","url":"https:\/\/topkeymedical.com\/wp-content\/uploads\/2025\/11\/12-channel-pipette-3.webp","contentUrl":"https:\/\/topkeymedical.com\/wp-content\/uploads\/2025\/11\/12-channel-pipette-3.webp","width":1000,"height":1000,"caption":"12-Channel Manual Adjustable Micropipette"},{"@type":"BreadcrumbList","@id":"https:\/\/topkeymedical.com\/product\/manual-adjustable-micropipette-12-channels\/#breadcrumb","itemListElement":[{"@type":"ListItem","position":1,"name":"Home","item":"https:\/\/topkeymedical.com\/"},{"@type":"ListItem","position":2,"name":"Products","item":"https:\/\/topkeymedical.com\/shop\/"},{"@type":"ListItem","position":3,"name":"Manual adjustable micropipette, 12 channels, volume range:50\u2013300 \u03bcL"}]},{"@type":"WebSite","@id":"https:\/\/topkeymedical.com\/#website","url":"https:\/\/topkeymedical.com\/","name":"TOPKEY- Pr\u00e4zision bis ins Detail, H\u00fcter von Leben und Gesundheit","description":"","publisher":{"@id":"https:\/\/topkeymedical.com\/#organization"},"potentialAction":[{"@type":"SearchAction","target":{"@type":"EntryPoint","urlTemplate":"https:\/\/topkeymedical.com\/?s={search_term_string}"},"query-input":{"@type":"PropertyValueSpecification","valueRequired":true,"valueName":"search_term_string"}}],"inLanguage":"de"},{"@type":"Organization","@id":"https:\/\/topkeymedical.com\/#organization","name":"TOPKEY- Pr\u00e4zision bis ins Detail, H\u00fcter von Leben und Gesundheit","url":"https:\/\/topkeymedical.com\/","logo":{"@type":"ImageObject","inLanguage":"de","@id":"https:\/\/topkeymedical.com\/#\/schema\/logo\/image\/","url":"https:\/\/topkeymedical.com\/wp-content\/uploads\/2025\/05\/cropped-logo.jpg","contentUrl":"https:\/\/topkeymedical.com\/wp-content\/uploads\/2025\/05\/cropped-logo.jpg","width":512,"height":512,"caption":"TOPKEY\u2013 Precision in Every Detail, Guardian of Life and Health"},"image":{"@id":"https:\/\/topkeymedical.com\/#\/schema\/logo\/image\/"},"sameAs":["https:\/\/www.facebook.com\/profile.php?id=100088897294997","https:\/\/www.youtube.com\/@TopkeyMedical-Alice888","https:\/\/www.linkedin.com\/in\/alice-hu-bb66a01b3\/"]}]}},"_links":{"self":[{"href":"https:\/\/topkeymedical.com\/de\/wp-json\/wp\/v2\/product\/1567","targetHints":{"allow":["GET"]}}],"collection":[{"href":"https:\/\/topkeymedical.com\/de\/wp-json\/wp\/v2\/product"}],"about":[{"href":"https:\/\/topkeymedical.com\/de\/wp-json\/wp\/v2\/types\/product"}],"version-history":[{"count":2,"href":"https:\/\/topkeymedical.com\/de\/wp-json\/wp\/v2\/product\/1567\/revisions"}],"predecessor-version":[{"id":1739,"href":"https:\/\/topkeymedical.com\/de\/wp-json\/wp\/v2\/product\/1567\/revisions\/1739"}],"wp:featuredmedia":[{"embeddable":true,"href":"https:\/\/topkeymedical.com\/de\/wp-json\/wp\/v2\/media\/1556"}],"wp:attachment":[{"href":"https:\/\/topkeymedical.com\/de\/wp-json\/wp\/v2\/media?parent=1567"}],"wp:term":[{"taxonomy":"product_brand","embeddable":true,"href":"https:\/\/topkeymedical.com\/de\/wp-json\/wp\/v2\/product_brand?post=1567"},{"taxonomy":"product_cat","embeddable":true,"href":"https:\/\/topkeymedical.com\/de\/wp-json\/wp\/v2\/product_cat?post=1567"},{"taxonomy":"product_tag","embeddable":true,"href":"https:\/\/topkeymedical.com\/de\/wp-json\/wp\/v2\/product_tag?post=1567"}],"curies":[{"name":"wp","href":"https:\/\/api.w.org\/{rel}","templated":true}]}}