{"id":1605,"date":"2025-11-29T14:12:48","date_gmt":"2025-11-29T14:12:48","guid":{"rendered":"https:\/\/topkeymedical.com\/?post_type=product&#038;p=1605"},"modified":"2025-11-29T14:12:48","modified_gmt":"2025-11-29T14:12:48","slug":"hersteller-von-einkanalpipetten","status":"publish","type":"product","link":"https:\/\/topkeymedical.com\/de\/product\/hersteller-von-einkanalpipetten\/","title":{"rendered":"Einkanalpipette, Pipettenhersteller"},"content":{"rendered":"<p>Die Einkanalpipette spielt in verschiedenen Bereichen wie Biologie, Chemie und Medizin eine entscheidende Rolle, da sie eine pr\u00e4zise Handhabung von Fl\u00fcssigkeiten erm\u00f6glicht, die f\u00fcr den Erfolg von Experimenten unerl\u00e4sslich ist.<\/p>\n<p>Die Einkanalpipette wurde mit Blick auf Einfachheit und Funktionalit\u00e4t entwickelt. Sie besteht in der Regel aus einem Zylinder, einem Kolbenmechanismus und einer Einwegspitze.<\/p>\n<p>Der Schaft bietet dem Benutzer eine Struktur zum Halten und Bedienen der Pipette, w\u00e4hrend der Kolben zur Steuerung der Aufnahme und Abgabe von Fl\u00fcssigkeiten dient.<\/p>\n<p>Die Einwegspitze ist ein wichtiges Merkmal, da sie eine genaue und kontaminationsfreie Fl\u00fcssigkeits\u00fcbertragung gew\u00e4hrleistet.<\/p>\n<p>Diese Spitzen sind in verschiedenen Volumina erh\u00e4ltlich, die von Mikrolitern bis zu Millilitern reichen, was eine flexible Handhabung verschiedener Fl\u00fcssigkeitsmengen je nach den Anforderungen des Experiments erm\u00f6glicht.<\/p>\n<p>Einer der wichtigsten Vorteile der Einkanalpipette ist ihre Pr\u00e4zision.<\/p>\n<p>Wissenschaftler und Forscher verlassen sich auf seine F\u00e4higkeit, kleine Fl\u00fcssigkeitsmengen genau zu messen und zu \u00fcbertragen. Bei molekularbiologischen Experimenten, z. B. beim Umgang mit DNA-Proben, Enzymen und Reagenzien, kann schon ein kleiner Fehler beim Volumen zu unzuverl\u00e4ssigen Ergebnissen f\u00fchren.<\/p>\n<p>Mit der Einkanalpipette k\u00f6nnen Volumina bis zu wenigen Mikrolitern mit hoher Reproduzierbarkeit aufgenommen und abgegeben werden.<\/p>\n<p>Diese Pr\u00e4zision ist unerl\u00e4sslich f\u00fcr Aufgaben wie <a href=\"https:\/\/www.genome.gov\/genetics-glossary\/Polymerase-Chain-Reaction-PCR\" target=\"_blank\" rel=\"noopener\">PCR<\/a> (Polymerase Chain Reaction), bei der das richtige Verh\u00e4ltnis von Primern, Template-DNA und Polymerase-Enzym entscheidend f\u00fcr eine erfolgreiche Amplifikation ist.<\/p>\n<h2>Produktstrukturdiagramm<\/h2>\n<h2><img fetchpriority=\"high\" decoding=\"async\" class=\"alignleft wp-image-1606 size-full\" src=\"https:\/\/topkeymedical.com\/wp-content\/uploads\/2025\/11\/Pipette-Manufacturer.webp\" alt=\"Pipettenhersteller\" width=\"751\" height=\"751\" srcset=\"https:\/\/topkeymedical.com\/wp-content\/uploads\/2025\/11\/Pipette-Manufacturer.webp 751w, https:\/\/topkeymedical.com\/wp-content\/uploads\/2025\/11\/Pipette-Manufacturer-300x300.webp 300w, https:\/\/topkeymedical.com\/wp-content\/uploads\/2025\/11\/Pipette-Manufacturer-150x150.webp 150w, https:\/\/topkeymedical.com\/wp-content\/uploads\/2025\/11\/Pipette-Manufacturer-12x12.webp 12w, https:\/\/topkeymedical.com\/wp-content\/uploads\/2025\/11\/Pipette-Manufacturer-600x600.webp 600w, https:\/\/topkeymedical.com\/wp-content\/uploads\/2025\/11\/Pipette-Manufacturer-100x100.webp 100w\" sizes=\"(max-width: 751px) 100vw, 751px\" \/><\/h2>\n<h2>Technische Parameter:<\/h2>\n<table>\n<tbody>\n<tr>\n<td rowspan=\"3\" width=\"99\">Typ<\/td>\n<td rowspan=\"3\" width=\"105\">Band<\/p>\n<p>Bereich<\/td>\n<td rowspan=\"3\" width=\"81\">Inkrement<\/td>\n<td rowspan=\"2\" width=\"83\">Test<\/p>\n<p>Band<\/td>\n<td width=\"102\">Maximum<\/p>\n<p>Zul\u00e4ssig<\/p>\n<p>Fehler<\/td>\n<td width=\"98\">Maximum<\/p>\n<p>Zul\u00e4ssig<\/p>\n<p>Fehler<\/td>\n<\/tr>\n<tr>\n<td width=\"102\">Genauigkeit<\/p>\n<p>Fehler<\/td>\n<td width=\"98\">Genauigkeit<\/p>\n<p>Fehler<\/td>\n<\/tr>\n<tr>\n<td width=\"83\">\u03bcL<\/td>\n<td width=\"102\">%<\/td>\n<td width=\"98\">%<\/td>\n<\/tr>\n<tr>\n<td rowspan=\"2\" width=\"99\">0,1~2,5\u03bcL<\/td>\n<td rowspan=\"2\" width=\"105\">0,1~2,5\u03bcL<\/td>\n<td rowspan=\"2\" width=\"81\">0,05\u03bcL<\/td>\n<td width=\"83\">1,25\u03bcL<\/td>\n<td width=\"102\">\u00b13,00%<\/td>\n<td width=\"98\">3.00%<\/td>\n<\/tr>\n<tr>\n<td width=\"83\">0,25\u03bcL<\/td>\n<td width=\"102\">\u00b112,00%<\/td>\n<td width=\"98\">6.00%<\/td>\n<\/tr>\n<tr>\n<td rowspan=\"3\" width=\"99\">0,5~10\u03bcL<\/td>\n<td rowspan=\"3\" width=\"105\">0,5~10\u03bcL<\/td>\n<td rowspan=\"3\" width=\"81\">0,1\u03bcL<\/td>\n<td width=\"83\">10\u03bcL<\/td>\n<td width=\"102\">\u00b11,00%<\/td>\n<td width=\"98\">0.80%<\/td>\n<\/tr>\n<tr>\n<td width=\"83\">5\u03bcL<\/td>\n<td width=\"102\">\u00b11.50%<\/td>\n<td width=\"98\">1.50%<\/td>\n<\/tr>\n<tr>\n<td width=\"83\">1\u03bcL<\/td>\n<td width=\"102\">\u00b12.50%<\/td>\n<td width=\"98\">1.50%<\/td>\n<\/tr>\n<tr>\n<td rowspan=\"3\" width=\"99\">2~20\u03bcL<\/td>\n<td rowspan=\"3\" width=\"105\">2~20\u03bcL<\/td>\n<td rowspan=\"3\" width=\"81\">0,5\u03bcL<\/td>\n<td width=\"83\">20\u03bcL<\/td>\n<td width=\"102\">\u00b10,90%<\/td>\n<td width=\"98\">0.40%<\/td>\n<\/tr>\n<tr>\n<td width=\"83\">10\u03bcL<\/td>\n<td width=\"102\">\u00b11.20%<\/td>\n<td width=\"98\">1.00%<\/td>\n<\/tr>\n<tr>\n<td width=\"83\">2\u03bcL<\/td>\n<td width=\"102\">\u00b13,00%<\/td>\n<td width=\"98\">2.00%<\/td>\n<\/tr>\n<tr>\n<td rowspan=\"3\" width=\"99\">5~50\u03bcL<\/td>\n<td rowspan=\"3\" width=\"105\">5~50\u03bcL<\/td>\n<td rowspan=\"3\" width=\"81\">0,5\u03bcL<\/td>\n<td width=\"83\">50\u03bcL<\/td>\n<td width=\"102\">\u00b10,60%<\/td>\n<td width=\"98\">0.30%<\/td>\n<\/tr>\n<tr>\n<td width=\"83\">25\u03bcL<\/td>\n<td width=\"102\">\u00b10,90%<\/td>\n<td width=\"98\">0.60%<\/td>\n<\/tr>\n<tr>\n<td width=\"83\">5\u03bcL<\/td>\n<td width=\"102\">\u00b12,00%<\/td>\n<td width=\"98\">2.00%<\/td>\n<\/tr>\n<tr>\n<td rowspan=\"3\" width=\"99\">10~100\u03bcL<\/td>\n<td rowspan=\"3\" width=\"105\">10~100\u03bcL<\/td>\n<td rowspan=\"3\" width=\"81\">1,0\u03bcL<\/td>\n<td width=\"83\">100\u03bcL<\/td>\n<td width=\"102\">\u00b10,80%<\/td>\n<td width=\"98\">0.20%<\/td>\n<\/tr>\n<tr>\n<td width=\"83\">50\u03bcL<\/td>\n<td width=\"102\">\u00b11,00%<\/td>\n<td width=\"98\">0.40%<\/td>\n<\/tr>\n<tr>\n<td width=\"83\">10\u03bcL<\/td>\n<td width=\"102\">\u00b13,00%<\/td>\n<td width=\"98\">1.00%<\/td>\n<\/tr>\n<tr>\n<td rowspan=\"3\" width=\"99\">20~200\u03bcL<\/td>\n<td rowspan=\"3\" width=\"105\">20~200\u03bcL<\/td>\n<td rowspan=\"3\" width=\"81\">1,0\u03bcL<\/td>\n<td width=\"83\">200\u03bcL<\/td>\n<td width=\"102\">\u00b10,60%<\/td>\n<td width=\"98\">0.20%<\/td>\n<\/tr>\n<tr>\n<td width=\"83\">100\u03bcL<\/td>\n<td width=\"102\">\u00b10,80%<\/td>\n<td width=\"98\">0.30%<\/td>\n<\/tr>\n<tr>\n<td width=\"83\">20\u03bcL<\/td>\n<td width=\"102\">\u00b12.50%<\/td>\n<td width=\"98\">0.80%<\/td>\n<\/tr>\n<tr>\n<td rowspan=\"3\" width=\"99\">100~1000\u03bcL<\/td>\n<td rowspan=\"3\" width=\"105\">100~1000\u03bcL<\/td>\n<td rowspan=\"3\" width=\"81\">5,0\u03bcL<\/td>\n<td width=\"83\">1000\u03bcL<\/td>\n<td width=\"102\">\u00b10,60%<\/td>\n<td width=\"98\">0.20%<\/td>\n<\/tr>\n<tr>\n<td width=\"83\">500\u03bcL<\/td>\n<td width=\"102\">\u00b10,70%<\/td>\n<td width=\"98\">0.25%<\/td>\n<\/tr>\n<tr>\n<td width=\"83\">100\u03bcL<\/td>\n<td width=\"102\">\u00b12,00%<\/td>\n<td width=\"98\">0.70%<\/td>\n<\/tr>\n<tr>\n<td rowspan=\"3\" width=\"99\">1000~5000\u03bcL<\/td>\n<td rowspan=\"3\" width=\"105\">1000~5000\u03bcL<\/td>\n<td rowspan=\"3\" width=\"81\">50,0\u03bcL<\/td>\n<td width=\"83\">5000\u03bcL<\/td>\n<td width=\"102\">\u00b10,50%<\/td>\n<td width=\"98\">0.20%<\/td>\n<\/tr>\n<tr>\n<td width=\"83\">2500\u03bcL<\/td>\n<td width=\"102\">\u00b10,60%<\/td>\n<td width=\"98\">0.30%<\/td>\n<\/tr>\n<tr>\n<td width=\"83\">1000\u03bcL<\/td>\n<td width=\"102\">\u00b10,70%<\/td>\n<td width=\"98\">0.30%<\/td>\n<\/tr>\n<tr>\n<td rowspan=\"3\" width=\"99\">1~10ml<\/td>\n<td rowspan=\"3\" width=\"105\">1~10ml<\/td>\n<td rowspan=\"3\" width=\"81\">100\u03bcL<\/td>\n<td width=\"83\">10000\u03bcL<\/td>\n<td width=\"102\">\u00b10,60%<\/td>\n<td width=\"98\">0.20%<\/td>\n<\/tr>\n<tr>\n<td width=\"83\">5000\u03bcL<\/td>\n<td width=\"102\">\u00b11.20%<\/td>\n<td width=\"98\">0.30%<\/td>\n<\/tr>\n<tr>\n<td width=\"83\">1000\u03bcL<\/td>\n<td width=\"102\">\u00b13,00%<\/td>\n<td width=\"98\">0.60%<\/td>\n<\/tr>\n<\/tbody>\n<\/table>\n<p><img decoding=\"async\" class=\"alignleft wp-image-1601 size-full\" title=\"elektronische Einkanalpipette\" src=\"https:\/\/topkeymedical.com\/wp-content\/uploads\/2025\/11\/electronic-single-channel-pipette-8.webp\" alt=\"elektronische Einkanalpipette\" width=\"1000\" height=\"1000\" srcset=\"https:\/\/topkeymedical.com\/wp-content\/uploads\/2025\/11\/electronic-single-channel-pipette-8.webp 1000w, https:\/\/topkeymedical.com\/wp-content\/uploads\/2025\/11\/electronic-single-channel-pipette-8-300x300.webp 300w, https:\/\/topkeymedical.com\/wp-content\/uploads\/2025\/11\/electronic-single-channel-pipette-8-150x150.webp 150w, https:\/\/topkeymedical.com\/wp-content\/uploads\/2025\/11\/electronic-single-channel-pipette-8-768x768.webp 768w, https:\/\/topkeymedical.com\/wp-content\/uploads\/2025\/11\/electronic-single-channel-pipette-8-12x12.webp 12w, https:\/\/topkeymedical.com\/wp-content\/uploads\/2025\/11\/electronic-single-channel-pipette-8-600x600.webp 600w, https:\/\/topkeymedical.com\/wp-content\/uploads\/2025\/11\/electronic-single-channel-pipette-8-100x100.webp 100w\" sizes=\"(max-width: 1000px) 100vw, 1000px\" \/> <img decoding=\"async\" class=\"alignnone wp-image-1600 size-full\" title=\"elektronische Einkanalpipette\" src=\"https:\/\/topkeymedical.com\/wp-content\/uploads\/2025\/11\/electronic-single-channel-pipette-7.webp\" alt=\"elektronische Einkanalpipette\" width=\"1000\" height=\"1000\" srcset=\"https:\/\/topkeymedical.com\/wp-content\/uploads\/2025\/11\/electronic-single-channel-pipette-7.webp 1000w, https:\/\/topkeymedical.com\/wp-content\/uploads\/2025\/11\/electronic-single-channel-pipette-7-300x300.webp 300w, https:\/\/topkeymedical.com\/wp-content\/uploads\/2025\/11\/electronic-single-channel-pipette-7-150x150.webp 150w, https:\/\/topkeymedical.com\/wp-content\/uploads\/2025\/11\/electronic-single-channel-pipette-7-768x768.webp 768w, https:\/\/topkeymedical.com\/wp-content\/uploads\/2025\/11\/electronic-single-channel-pipette-7-12x12.webp 12w, https:\/\/topkeymedical.com\/wp-content\/uploads\/2025\/11\/electronic-single-channel-pipette-7-600x600.webp 600w, https:\/\/topkeymedical.com\/wp-content\/uploads\/2025\/11\/electronic-single-channel-pipette-7-100x100.webp 100w\" sizes=\"(max-width: 1000px) 100vw, 1000px\" \/><\/p>\n<p><img loading=\"lazy\" decoding=\"async\" class=\"alignleft wp-image-1594 size-full\" src=\"https:\/\/topkeymedical.com\/wp-content\/uploads\/2025\/11\/electronic-single-channel-pipette-1.webp\" alt=\"elektronische Einkanalpipette\" width=\"1000\" height=\"1000\" srcset=\"https:\/\/topkeymedical.com\/wp-content\/uploads\/2025\/11\/electronic-single-channel-pipette-1.webp 1000w, https:\/\/topkeymedical.com\/wp-content\/uploads\/2025\/11\/electronic-single-channel-pipette-1-300x300.webp 300w, https:\/\/topkeymedical.com\/wp-content\/uploads\/2025\/11\/electronic-single-channel-pipette-1-150x150.webp 150w, https:\/\/topkeymedical.com\/wp-content\/uploads\/2025\/11\/electronic-single-channel-pipette-1-768x768.webp 768w, https:\/\/topkeymedical.com\/wp-content\/uploads\/2025\/11\/electronic-single-channel-pipette-1-12x12.webp 12w, https:\/\/topkeymedical.com\/wp-content\/uploads\/2025\/11\/electronic-single-channel-pipette-1-600x600.webp 600w, https:\/\/topkeymedical.com\/wp-content\/uploads\/2025\/11\/electronic-single-channel-pipette-1-100x100.webp 100w\" sizes=\"(max-width: 1000px) 100vw, 1000px\" \/><\/p>","protected":false},"excerpt":{"rendered":"<p>In der Welt der wissenschaftlichen Forschung und Laborarbeit ist die Einkanalpipette ein allgegenw\u00e4rtiges und unsch\u00e4tzbares Instrument.<\/p>","protected":false},"featured_media":1599,"template":"","meta":{"_acf_changed":false,"site-sidebar-layout":"default","site-content-layout":"","ast-site-content-layout":"default","site-content-style":"default","site-sidebar-style":"default","ast-global-header-display":"","ast-banner-title-visibility":"","ast-main-header-display":"","ast-hfb-above-header-display":"","ast-hfb-below-header-display":"","ast-hfb-mobile-header-display":"","site-post-title":"","ast-breadcrumbs-content":"","ast-featured-img":"","footer-sml-layout":"","ast-disable-related-posts":"","theme-transparent-header-meta":"default","adv-header-id-meta":"","stick-header-meta":"","header-above-stick-meta":"","header-main-stick-meta":"","header-below-stick-meta":"","astra-migrate-meta-layouts":"set","ast-page-background-enabled":"default","ast-page-background-meta":{"desktop":{"background-color":"var(--ast-global-color-5)","background-image":"","background-repeat":"repeat","background-position":"center center","background-size":"auto","background-attachment":"scroll","background-type":"","background-media":"","overlay-type":"","overlay-color":"","overlay-opacity":"","overlay-gradient":""},"tablet":{"background-color":"","background-image":"","background-repeat":"repeat","background-position":"center center","background-size":"auto","background-attachment":"scroll","background-type":"","background-media":"","overlay-type":"","overlay-color":"","overlay-opacity":"","overlay-gradient":""},"mobile":{"background-color":"","background-image":"","background-repeat":"repeat","background-position":"center center","background-size":"auto","background-attachment":"scroll","background-type":"","background-media":"","overlay-type":"","overlay-color":"","overlay-opacity":"","overlay-gradient":""}},"ast-content-background-meta":{"desktop":{"background-color":"var(--ast-global-color-4)","background-image":"","background-repeat":"repeat","background-position":"center center","background-size":"auto","background-attachment":"scroll","background-type":"","background-media":"","overlay-type":"","overlay-color":"","overlay-opacity":"","overlay-gradient":""},"tablet":{"background-color":"var(--ast-global-color-4)","background-image":"","background-repeat":"repeat","background-position":"center center","background-size":"auto","background-attachment":"scroll","background-type":"","background-media":"","overlay-type":"","overlay-color":"","overlay-opacity":"","overlay-gradient":""},"mobile":{"background-color":"var(--ast-global-color-4)","background-image":"","background-repeat":"repeat","background-position":"center center","background-size":"auto","background-attachment":"scroll","background-type":"","background-media":"","overlay-type":"","overlay-color":"","overlay-opacity":"","overlay-gradient":""}}},"product_brand":[],"product_cat":[66],"product_tag":[],"class_list":{"0":"post-1605","1":"product","2":"type-product","3":"status-publish","4":"has-post-thumbnail","6":"product_cat-manual-pipette","7":"desktop-align-left","8":"tablet-align-left","9":"mobile-align-left","11":"first","12":"instock","13":"shipping-taxable","14":"product-type-simple"},"acf":[],"yoast_head":"<!-- This site is optimized with the Yoast SEO plugin v27.4 - https:\/\/yoast.com\/product\/yoast-seo-wordpress\/ -->\n<title>Single-Channel Pipette, Pipette Manufacturer<\/title>\n<meta name=\"description\" content=\"In the world of scientific research and laboratory work, the single-channel pipette is a ubiquitous and invaluable instrument.\" \/>\n<meta name=\"robots\" content=\"index, follow, max-snippet:-1, max-image-preview:large, max-video-preview:-1\" \/>\n<link rel=\"canonical\" href=\"https:\/\/topkeymedical.com\/de\/product\/hersteller-von-einkanalpipetten\/\" \/>\n<meta property=\"og:locale\" content=\"de_DE\" \/>\n<meta property=\"og:type\" content=\"article\" \/>\n<meta property=\"og:title\" content=\"Single-Channel Pipette, Pipette Manufacturer\" \/>\n<meta property=\"og:description\" content=\"In the world of scientific research and laboratory work, the single-channel pipette is a ubiquitous and invaluable instrument.\" \/>\n<meta property=\"og:url\" content=\"https:\/\/topkeymedical.com\/de\/product\/hersteller-von-einkanalpipetten\/\" \/>\n<meta property=\"og:site_name\" content=\"TOPKEY\u2013 Precision in Every Detail, Guardian of Life and Health\" \/>\n<meta property=\"article:publisher\" content=\"https:\/\/www.facebook.com\/profile.php?id=100088897294997\" \/>\n<meta property=\"og:image\" content=\"https:\/\/topkeymedical.com\/wp-content\/uploads\/2025\/11\/electronic-single-channel-pipette-6.webp\" \/>\n\t<meta property=\"og:image:width\" content=\"1000\" \/>\n\t<meta property=\"og:image:height\" content=\"1000\" \/>\n\t<meta property=\"og:image:type\" content=\"image\/webp\" \/>\n<meta name=\"twitter:card\" content=\"summary_large_image\" \/>\n<meta name=\"twitter:label1\" content=\"Gesch\u00e4tzte Lesezeit\" \/>\n\t<meta name=\"twitter:data1\" content=\"3\u00a0Minuten\" \/>\n<script type=\"application\/ld+json\" class=\"yoast-schema-graph\">{\"@context\":\"https:\\\/\\\/schema.org\",\"@graph\":[{\"@type\":\"WebPage\",\"@id\":\"https:\\\/\\\/topkeymedical.com\\\/product\\\/single-channel-pipette-manufacturer\\\/\",\"url\":\"https:\\\/\\\/topkeymedical.com\\\/product\\\/single-channel-pipette-manufacturer\\\/\",\"name\":\"Single-Channel Pipette, Pipette Manufacturer\",\"isPartOf\":{\"@id\":\"https:\\\/\\\/topkeymedical.com\\\/#website\"},\"primaryImageOfPage\":{\"@id\":\"https:\\\/\\\/topkeymedical.com\\\/product\\\/single-channel-pipette-manufacturer\\\/#primaryimage\"},\"image\":{\"@id\":\"https:\\\/\\\/topkeymedical.com\\\/product\\\/single-channel-pipette-manufacturer\\\/#primaryimage\"},\"thumbnailUrl\":\"https:\\\/\\\/topkeymedical.com\\\/wp-content\\\/uploads\\\/2025\\\/11\\\/electronic-single-channel-pipette-6.webp\",\"datePublished\":\"2025-11-29T14:12:48+00:00\",\"description\":\"In the world of scientific research and laboratory work, the single-channel pipette is a ubiquitous and invaluable instrument.\",\"breadcrumb\":{\"@id\":\"https:\\\/\\\/topkeymedical.com\\\/product\\\/single-channel-pipette-manufacturer\\\/#breadcrumb\"},\"inLanguage\":\"de\",\"potentialAction\":[{\"@type\":\"ReadAction\",\"target\":[\"https:\\\/\\\/topkeymedical.com\\\/product\\\/single-channel-pipette-manufacturer\\\/\"]}]},{\"@type\":\"ImageObject\",\"inLanguage\":\"de\",\"@id\":\"https:\\\/\\\/topkeymedical.com\\\/product\\\/single-channel-pipette-manufacturer\\\/#primaryimage\",\"url\":\"https:\\\/\\\/topkeymedical.com\\\/wp-content\\\/uploads\\\/2025\\\/11\\\/electronic-single-channel-pipette-6.webp\",\"contentUrl\":\"https:\\\/\\\/topkeymedical.com\\\/wp-content\\\/uploads\\\/2025\\\/11\\\/electronic-single-channel-pipette-6.webp\",\"width\":1000,\"height\":1000,\"caption\":\"single channel pipette\"},{\"@type\":\"BreadcrumbList\",\"@id\":\"https:\\\/\\\/topkeymedical.com\\\/product\\\/single-channel-pipette-manufacturer\\\/#breadcrumb\",\"itemListElement\":[{\"@type\":\"ListItem\",\"position\":1,\"name\":\"Home\",\"item\":\"https:\\\/\\\/topkeymedical.com\\\/\"},{\"@type\":\"ListItem\",\"position\":2,\"name\":\"Products\",\"item\":\"https:\\\/\\\/topkeymedical.com\\\/shop\\\/\"},{\"@type\":\"ListItem\",\"position\":3,\"name\":\"Single-Channel Pipette, Pipette Manufacturer\"}]},{\"@type\":\"WebSite\",\"@id\":\"https:\\\/\\\/topkeymedical.com\\\/#website\",\"url\":\"https:\\\/\\\/topkeymedical.com\\\/\",\"name\":\"TOPKEY\u2013 Precision in Every Detail, Guardian of Life and Health\",\"description\":\"\",\"publisher\":{\"@id\":\"https:\\\/\\\/topkeymedical.com\\\/#organization\"},\"potentialAction\":[{\"@type\":\"SearchAction\",\"target\":{\"@type\":\"EntryPoint\",\"urlTemplate\":\"https:\\\/\\\/topkeymedical.com\\\/?s={search_term_string}\"},\"query-input\":{\"@type\":\"PropertyValueSpecification\",\"valueRequired\":true,\"valueName\":\"search_term_string\"}}],\"inLanguage\":\"de\"},{\"@type\":\"Organization\",\"@id\":\"https:\\\/\\\/topkeymedical.com\\\/#organization\",\"name\":\"TOPKEY\u2013 Precision in Every Detail, Guardian of Life and Health\",\"url\":\"https:\\\/\\\/topkeymedical.com\\\/\",\"logo\":{\"@type\":\"ImageObject\",\"inLanguage\":\"de\",\"@id\":\"https:\\\/\\\/topkeymedical.com\\\/#\\\/schema\\\/logo\\\/image\\\/\",\"url\":\"https:\\\/\\\/topkeymedical.com\\\/wp-content\\\/uploads\\\/2025\\\/05\\\/cropped-logo.jpg\",\"contentUrl\":\"https:\\\/\\\/topkeymedical.com\\\/wp-content\\\/uploads\\\/2025\\\/05\\\/cropped-logo.jpg\",\"width\":512,\"height\":512,\"caption\":\"TOPKEY\u2013 Precision in Every Detail, Guardian of Life and Health\"},\"image\":{\"@id\":\"https:\\\/\\\/topkeymedical.com\\\/#\\\/schema\\\/logo\\\/image\\\/\"},\"sameAs\":[\"https:\\\/\\\/www.facebook.com\\\/profile.php?id=100088897294997\",\"https:\\\/\\\/www.youtube.com\\\/@TopkeyMedical-Alice888\",\"https:\\\/\\\/www.linkedin.com\\\/in\\\/alice-hu-bb66a01b3\\\/\"]}]}<\/script>\n<!-- \/ Yoast SEO plugin. -->","yoast_head_json":{"title":"Einkanalpipette, Pipettenhersteller","description":"In der Welt der wissenschaftlichen Forschung und Laborarbeit ist die Einkanalpipette ein allgegenw\u00e4rtiges und unsch\u00e4tzbares Instrument.","robots":{"index":"index","follow":"follow","max-snippet":"max-snippet:-1","max-image-preview":"max-image-preview:large","max-video-preview":"max-video-preview:-1"},"canonical":"https:\/\/topkeymedical.com\/de\/product\/hersteller-von-einkanalpipetten\/","og_locale":"de_DE","og_type":"article","og_title":"Single-Channel Pipette, Pipette Manufacturer","og_description":"In the world of scientific research and laboratory work, the single-channel pipette is a ubiquitous and invaluable instrument.","og_url":"https:\/\/topkeymedical.com\/de\/product\/hersteller-von-einkanalpipetten\/","og_site_name":"TOPKEY\u2013 Precision in Every Detail, Guardian of Life and Health","article_publisher":"https:\/\/www.facebook.com\/profile.php?id=100088897294997","og_image":[{"width":1000,"height":1000,"url":"https:\/\/topkeymedical.com\/wp-content\/uploads\/2025\/11\/electronic-single-channel-pipette-6.webp","type":"image\/webp"}],"twitter_card":"summary_large_image","twitter_misc":{"Gesch\u00e4tzte Lesezeit":"3\u00a0Minuten"},"schema":{"@context":"https:\/\/schema.org","@graph":[{"@type":"WebPage","@id":"https:\/\/topkeymedical.com\/product\/single-channel-pipette-manufacturer\/","url":"https:\/\/topkeymedical.com\/product\/single-channel-pipette-manufacturer\/","name":"Einkanalpipette, Pipettenhersteller","isPartOf":{"@id":"https:\/\/topkeymedical.com\/#website"},"primaryImageOfPage":{"@id":"https:\/\/topkeymedical.com\/product\/single-channel-pipette-manufacturer\/#primaryimage"},"image":{"@id":"https:\/\/topkeymedical.com\/product\/single-channel-pipette-manufacturer\/#primaryimage"},"thumbnailUrl":"https:\/\/topkeymedical.com\/wp-content\/uploads\/2025\/11\/electronic-single-channel-pipette-6.webp","datePublished":"2025-11-29T14:12:48+00:00","description":"In der Welt der wissenschaftlichen Forschung und Laborarbeit ist die Einkanalpipette ein allgegenw\u00e4rtiges und unsch\u00e4tzbares Instrument.","breadcrumb":{"@id":"https:\/\/topkeymedical.com\/product\/single-channel-pipette-manufacturer\/#breadcrumb"},"inLanguage":"de","potentialAction":[{"@type":"ReadAction","target":["https:\/\/topkeymedical.com\/product\/single-channel-pipette-manufacturer\/"]}]},{"@type":"ImageObject","inLanguage":"de","@id":"https:\/\/topkeymedical.com\/product\/single-channel-pipette-manufacturer\/#primaryimage","url":"https:\/\/topkeymedical.com\/wp-content\/uploads\/2025\/11\/electronic-single-channel-pipette-6.webp","contentUrl":"https:\/\/topkeymedical.com\/wp-content\/uploads\/2025\/11\/electronic-single-channel-pipette-6.webp","width":1000,"height":1000,"caption":"single channel pipette"},{"@type":"BreadcrumbList","@id":"https:\/\/topkeymedical.com\/product\/single-channel-pipette-manufacturer\/#breadcrumb","itemListElement":[{"@type":"ListItem","position":1,"name":"Home","item":"https:\/\/topkeymedical.com\/"},{"@type":"ListItem","position":2,"name":"Products","item":"https:\/\/topkeymedical.com\/shop\/"},{"@type":"ListItem","position":3,"name":"Single-Channel Pipette, Pipette Manufacturer"}]},{"@type":"WebSite","@id":"https:\/\/topkeymedical.com\/#website","url":"https:\/\/topkeymedical.com\/","name":"TOPKEY- Pr\u00e4zision bis ins Detail, H\u00fcter von Leben und Gesundheit","description":"","publisher":{"@id":"https:\/\/topkeymedical.com\/#organization"},"potentialAction":[{"@type":"SearchAction","target":{"@type":"EntryPoint","urlTemplate":"https:\/\/topkeymedical.com\/?s={search_term_string}"},"query-input":{"@type":"PropertyValueSpecification","valueRequired":true,"valueName":"search_term_string"}}],"inLanguage":"de"},{"@type":"Organization","@id":"https:\/\/topkeymedical.com\/#organization","name":"TOPKEY- Pr\u00e4zision bis ins Detail, H\u00fcter von Leben und Gesundheit","url":"https:\/\/topkeymedical.com\/","logo":{"@type":"ImageObject","inLanguage":"de","@id":"https:\/\/topkeymedical.com\/#\/schema\/logo\/image\/","url":"https:\/\/topkeymedical.com\/wp-content\/uploads\/2025\/05\/cropped-logo.jpg","contentUrl":"https:\/\/topkeymedical.com\/wp-content\/uploads\/2025\/05\/cropped-logo.jpg","width":512,"height":512,"caption":"TOPKEY\u2013 Precision in Every Detail, Guardian of Life and Health"},"image":{"@id":"https:\/\/topkeymedical.com\/#\/schema\/logo\/image\/"},"sameAs":["https:\/\/www.facebook.com\/profile.php?id=100088897294997","https:\/\/www.youtube.com\/@TopkeyMedical-Alice888","https:\/\/www.linkedin.com\/in\/alice-hu-bb66a01b3\/"]}]}},"_links":{"self":[{"href":"https:\/\/topkeymedical.com\/de\/wp-json\/wp\/v2\/product\/1605","targetHints":{"allow":["GET"]}}],"collection":[{"href":"https:\/\/topkeymedical.com\/de\/wp-json\/wp\/v2\/product"}],"about":[{"href":"https:\/\/topkeymedical.com\/de\/wp-json\/wp\/v2\/types\/product"}],"version-history":[{"count":1,"href":"https:\/\/topkeymedical.com\/de\/wp-json\/wp\/v2\/product\/1605\/revisions"}],"predecessor-version":[{"id":1607,"href":"https:\/\/topkeymedical.com\/de\/wp-json\/wp\/v2\/product\/1605\/revisions\/1607"}],"wp:featuredmedia":[{"embeddable":true,"href":"https:\/\/topkeymedical.com\/de\/wp-json\/wp\/v2\/media\/1599"}],"wp:attachment":[{"href":"https:\/\/topkeymedical.com\/de\/wp-json\/wp\/v2\/media?parent=1605"}],"wp:term":[{"taxonomy":"product_brand","embeddable":true,"href":"https:\/\/topkeymedical.com\/de\/wp-json\/wp\/v2\/product_brand?post=1605"},{"taxonomy":"product_cat","embeddable":true,"href":"https:\/\/topkeymedical.com\/de\/wp-json\/wp\/v2\/product_cat?post=1605"},{"taxonomy":"product_tag","embeddable":true,"href":"https:\/\/topkeymedical.com\/de\/wp-json\/wp\/v2\/product_tag?post=1605"}],"curies":[{"name":"wp","href":"https:\/\/api.w.org\/{rel}","templated":true}]}}