{"id":1609,"date":"2025-12-01T01:52:31","date_gmt":"2025-12-01T01:52:31","guid":{"rendered":"https:\/\/topkeymedical.com\/?post_type=product&#038;p=1609"},"modified":"2025-12-16T14:10:03","modified_gmt":"2025-12-16T14:10:03","slug":"hersteller-von-pipettenspitzen","status":"publish","type":"product","link":"https:\/\/topkeymedical.com\/de\/product\/hersteller-von-pipettenspitzen\/","title":{"rendered":"Pipettenspitzen Hersteller &amp; Lieferant, Pipettenspitzen ohne Filter"},"content":{"rendered":"<h2>Produktparameter:<\/h2>\n<table>\n<tbody>\n<tr>\n<td width=\"128\">Name des Produkts<\/td>\n<td width=\"409\">Pipettenspitzen (ohne Filter)<\/td>\n<\/tr>\n<tr>\n<td width=\"128\">Material<\/td>\n<td width=\"409\">PP<\/td>\n<\/tr>\n<tr>\n<td width=\"128\">Paket<\/td>\n<td width=\"409\">Sterilbeutel (Hochtemperatur und autoklaviert)<\/td>\n<\/tr>\n<tr>\n<td width=\"128\">Anmeldung<\/p>\n<p>&nbsp;<\/td>\n<td width=\"409\">Kombination mit einer Pipette zur Entnahme von Fl\u00fcssigkeit, zum Mischen von Fl\u00fcssigkeit in Fl\u00fcssigkeit, zur Zugabe der Probe in die Arbeitsplatte und das Reaktionsgef\u00e4\u00df, zur Extraktion und Entfernung des \u00dcberstands \u00fcber Nacht usw.<\/td>\n<\/tr>\n<\/tbody>\n<\/table>\n<table>\n<tbody>\n<tr>\n<td width=\"189\">Produktname<\/td>\n<td width=\"95\">Spezifikation<\/td>\n<td width=\"99\">Farbe<\/td>\n<td width=\"185\">Verpacken<\/td>\n<\/tr>\n<tr>\n<td width=\"189\">10 \u00b5l Pipettenspitzen aus Klarsichtbeutel<\/td>\n<td width=\"95\">10uL<\/td>\n<td width=\"99\">klar<\/td>\n<td width=\"185\">1000 Spitzen\/Beutel, 20 Beutel\/ctn<\/td>\n<\/tr>\n<tr>\n<td width=\"189\">200 \u00b5L Gelber Beutel Pipettenspitzen<\/td>\n<td width=\"95\">200\u03bcL<\/td>\n<td width=\"99\">gelb<\/td>\n<td width=\"185\">1000 Spitzen\/Beutel, 20 Beutel\/ctn<\/td>\n<\/tr>\n<tr>\n<td width=\"189\">1000 \u00b5L Pipettenspitzen im Klarsichtbeutel<\/td>\n<td width=\"95\">1000\u00b5L<\/td>\n<td width=\"99\">klar<\/td>\n<td width=\"185\">1000 Spitzen\/Beutel, 5 Beutel\/ctn<\/td>\n<\/tr>\n<tr>\n<td width=\"189\">5000 \u00b5L Pipettenspitzen im Klarsichtbeutel<\/td>\n<td width=\"95\">5000\u03bcL<\/td>\n<td width=\"99\">klar<\/td>\n<td width=\"185\">100 Spitzen\/Beutel, 10 Beutel\/ctn<\/td>\n<\/tr>\n<tr>\n<td width=\"189\">10mL Pipettenspitzen im Klarsichtbeutel<\/td>\n<td width=\"95\">10mL<\/td>\n<td width=\"99\">klar<\/td>\n<td width=\"185\">100 Spitzen\/Beutel, 10 Beutel\/ctn<\/td>\n<\/tr>\n<\/tbody>\n<\/table>\n<p><img fetchpriority=\"high\" decoding=\"async\" class=\"alignleft wp-image-1611 size-full\" style=\"font-style: inherit; font-weight: inherit;\" title=\"Pipettenspitzen Hersteller &amp; Lieferant\" src=\"https:\/\/topkeymedical.com\/wp-content\/uploads\/2025\/11\/Pipette-Tips-Manufacturer-Supplier-1.webp\" alt=\"Pipettenspitzen Hersteller &amp; Lieferant\" width=\"851\" height=\"1063\" srcset=\"https:\/\/topkeymedical.com\/wp-content\/uploads\/2025\/11\/Pipette-Tips-Manufacturer-Supplier-1.webp 851w, https:\/\/topkeymedical.com\/wp-content\/uploads\/2025\/11\/Pipette-Tips-Manufacturer-Supplier-1-240x300.webp 240w, https:\/\/topkeymedical.com\/wp-content\/uploads\/2025\/11\/Pipette-Tips-Manufacturer-Supplier-1-820x1024.webp 820w, https:\/\/topkeymedical.com\/wp-content\/uploads\/2025\/11\/Pipette-Tips-Manufacturer-Supplier-1-768x959.webp 768w, https:\/\/topkeymedical.com\/wp-content\/uploads\/2025\/11\/Pipette-Tips-Manufacturer-Supplier-1-10x12.webp 10w, https:\/\/topkeymedical.com\/wp-content\/uploads\/2025\/11\/Pipette-Tips-Manufacturer-Supplier-1-600x749.webp 600w\" sizes=\"(max-width: 851px) 100vw, 851px\" \/><img decoding=\"async\" class=\"alignleft wp-image-1612 size-full\" title=\"Pipettenspitzen Hersteller &amp; Lieferant\" src=\"https:\/\/topkeymedical.com\/wp-content\/uploads\/2025\/11\/Pipette-Tips-Manufacturer-Supplier.webp\" alt=\"Pipettenspitzen Hersteller &amp; Lieferant\" width=\"851\" height=\"1684\" srcset=\"https:\/\/topkeymedical.com\/wp-content\/uploads\/2025\/11\/Pipette-Tips-Manufacturer-Supplier.webp 851w, https:\/\/topkeymedical.com\/wp-content\/uploads\/2025\/11\/Pipette-Tips-Manufacturer-Supplier-152x300.webp 152w, https:\/\/topkeymedical.com\/wp-content\/uploads\/2025\/11\/Pipette-Tips-Manufacturer-Supplier-517x1024.webp 517w, https:\/\/topkeymedical.com\/wp-content\/uploads\/2025\/11\/Pipette-Tips-Manufacturer-Supplier-768x1520.webp 768w, https:\/\/topkeymedical.com\/wp-content\/uploads\/2025\/11\/Pipette-Tips-Manufacturer-Supplier-776x1536.webp 776w, https:\/\/topkeymedical.com\/wp-content\/uploads\/2025\/11\/Pipette-Tips-Manufacturer-Supplier-6x12.webp 6w, https:\/\/topkeymedical.com\/wp-content\/uploads\/2025\/11\/Pipette-Tips-Manufacturer-Supplier-600x1187.webp 600w\" sizes=\"(max-width: 851px) 100vw, 851px\" \/><\/p>","protected":false},"excerpt":{"rendered":"<p>Hersteller von Pipettenspitzen, Kombination mit Pipette zur Entnahme von Fl\u00fcssigkeit, Mischen von Fl\u00fcssigkeit in Fl\u00fcssigkeit, Zugabe der Probe in die Arbeitsplatte und das Reaktionsgef\u00e4\u00df, Extraktion und Entfernung des \u00dcberstands \u00fcber Nacht usw.<\/p>","protected":false},"featured_media":1628,"template":"","meta":{"_acf_changed":false,"site-sidebar-layout":"default","site-content-layout":"","ast-site-content-layout":"default","site-content-style":"default","site-sidebar-style":"default","ast-global-header-display":"","ast-banner-title-visibility":"","ast-main-header-display":"","ast-hfb-above-header-display":"","ast-hfb-below-header-display":"","ast-hfb-mobile-header-display":"","site-post-title":"","ast-breadcrumbs-content":"","ast-featured-img":"","footer-sml-layout":"","ast-disable-related-posts":"","theme-transparent-header-meta":"default","adv-header-id-meta":"","stick-header-meta":"","header-above-stick-meta":"","header-main-stick-meta":"","header-below-stick-meta":"","astra-migrate-meta-layouts":"set","ast-page-background-enabled":"default","ast-page-background-meta":{"desktop":{"background-color":"var(--ast-global-color-5)","background-image":"","background-repeat":"repeat","background-position":"center center","background-size":"auto","background-attachment":"scroll","background-type":"","background-media":"","overlay-type":"","overlay-color":"","overlay-opacity":"","overlay-gradient":""},"tablet":{"background-color":"","background-image":"","background-repeat":"repeat","background-position":"center center","background-size":"auto","background-attachment":"scroll","background-type":"","background-media":"","overlay-type":"","overlay-color":"","overlay-opacity":"","overlay-gradient":""},"mobile":{"background-color":"","background-image":"","background-repeat":"repeat","background-position":"center center","background-size":"auto","background-attachment":"scroll","background-type":"","background-media":"","overlay-type":"","overlay-color":"","overlay-opacity":"","overlay-gradient":""}},"ast-content-background-meta":{"desktop":{"background-color":"var(--ast-global-color-4)","background-image":"","background-repeat":"repeat","background-position":"center center","background-size":"auto","background-attachment":"scroll","background-type":"","background-media":"","overlay-type":"","overlay-color":"","overlay-opacity":"","overlay-gradient":""},"tablet":{"background-color":"var(--ast-global-color-4)","background-image":"","background-repeat":"repeat","background-position":"center center","background-size":"auto","background-attachment":"scroll","background-type":"","background-media":"","overlay-type":"","overlay-color":"","overlay-opacity":"","overlay-gradient":""},"mobile":{"background-color":"var(--ast-global-color-4)","background-image":"","background-repeat":"repeat","background-position":"center center","background-size":"auto","background-attachment":"scroll","background-type":"","background-media":"","overlay-type":"","overlay-color":"","overlay-opacity":"","overlay-gradient":""}}},"product_brand":[],"product_cat":[67],"product_tag":[],"class_list":{"0":"post-1609","1":"product","2":"type-product","3":"status-publish","4":"has-post-thumbnail","6":"product_cat-laboratory-consumables","7":"desktop-align-left","8":"tablet-align-left","9":"mobile-align-left","11":"first","12":"instock","13":"shipping-taxable","14":"product-type-simple"},"acf":[],"yoast_head":"<!-- This site is optimized with the Yoast SEO plugin v27.4 - https:\/\/yoast.com\/product\/yoast-seo-wordpress\/ -->\n<title>Pipette Tips Manufacturer &amp; Supplier, Pipette Tips 10\u00b5l - 10mL<\/title>\n<meta name=\"description\" content=\"Pipette tips manufacturer, combination with pipette to remove liquid, mix liquid into liquid, add sample to working plate and reaction vessel\" \/>\n<meta name=\"robots\" content=\"index, follow, max-snippet:-1, max-image-preview:large, max-video-preview:-1\" \/>\n<link rel=\"canonical\" href=\"https:\/\/topkeymedical.com\/de\/product\/hersteller-von-pipettenspitzen\/\" \/>\n<meta property=\"og:locale\" content=\"de_DE\" \/>\n<meta property=\"og:type\" content=\"article\" \/>\n<meta property=\"og:title\" content=\"Pipette Tips Manufacturer &amp; Supplier, Pipette Tips 10\u00b5l - 10mL\" \/>\n<meta property=\"og:description\" content=\"Pipette tips manufacturer, combination with pipette to remove liquid, mix liquid into liquid, add sample to working plate and reaction vessel\" \/>\n<meta property=\"og:url\" content=\"https:\/\/topkeymedical.com\/de\/product\/hersteller-von-pipettenspitzen\/\" \/>\n<meta property=\"og:site_name\" content=\"TOPKEY\u2013 Precision in Every Detail, Guardian of Life and Health\" \/>\n<meta property=\"article:publisher\" content=\"https:\/\/www.facebook.com\/profile.php?id=100088897294997\" \/>\n<meta property=\"article:modified_time\" content=\"2025-12-16T14:10:03+00:00\" \/>\n<meta property=\"og:image\" content=\"https:\/\/topkeymedical.com\/wp-content\/uploads\/2025\/11\/Pipette-Tips-Manufacturer-5.webp\" \/>\n\t<meta property=\"og:image:width\" content=\"1000\" \/>\n\t<meta property=\"og:image:height\" content=\"1000\" \/>\n\t<meta property=\"og:image:type\" content=\"image\/webp\" \/>\n<meta name=\"twitter:card\" content=\"summary_large_image\" \/>\n<meta name=\"twitter:label1\" content=\"Gesch\u00e4tzte Lesezeit\" \/>\n\t<meta name=\"twitter:data1\" content=\"2\u00a0Minuten\" \/>\n<script type=\"application\/ld+json\" class=\"yoast-schema-graph\">{\"@context\":\"https:\\\/\\\/schema.org\",\"@graph\":[{\"@type\":\"WebPage\",\"@id\":\"https:\\\/\\\/topkeymedical.com\\\/product\\\/pipette-tips-manufacturer\\\/\",\"url\":\"https:\\\/\\\/topkeymedical.com\\\/product\\\/pipette-tips-manufacturer\\\/\",\"name\":\"Pipette Tips Manufacturer & Supplier, Pipette Tips 10\u00b5l - 10mL\",\"isPartOf\":{\"@id\":\"https:\\\/\\\/topkeymedical.com\\\/#website\"},\"primaryImageOfPage\":{\"@id\":\"https:\\\/\\\/topkeymedical.com\\\/product\\\/pipette-tips-manufacturer\\\/#primaryimage\"},\"image\":{\"@id\":\"https:\\\/\\\/topkeymedical.com\\\/product\\\/pipette-tips-manufacturer\\\/#primaryimage\"},\"thumbnailUrl\":\"https:\\\/\\\/topkeymedical.com\\\/wp-content\\\/uploads\\\/2025\\\/11\\\/Pipette-Tips-Manufacturer-5.webp\",\"datePublished\":\"2025-12-01T01:52:31+00:00\",\"dateModified\":\"2025-12-16T14:10:03+00:00\",\"description\":\"Pipette tips manufacturer, combination with pipette to remove liquid, mix liquid into liquid, add sample to working plate and reaction vessel\",\"breadcrumb\":{\"@id\":\"https:\\\/\\\/topkeymedical.com\\\/product\\\/pipette-tips-manufacturer\\\/#breadcrumb\"},\"inLanguage\":\"de\",\"potentialAction\":[{\"@type\":\"ReadAction\",\"target\":[\"https:\\\/\\\/topkeymedical.com\\\/product\\\/pipette-tips-manufacturer\\\/\"]}]},{\"@type\":\"ImageObject\",\"inLanguage\":\"de\",\"@id\":\"https:\\\/\\\/topkeymedical.com\\\/product\\\/pipette-tips-manufacturer\\\/#primaryimage\",\"url\":\"https:\\\/\\\/topkeymedical.com\\\/wp-content\\\/uploads\\\/2025\\\/11\\\/Pipette-Tips-Manufacturer-5.webp\",\"contentUrl\":\"https:\\\/\\\/topkeymedical.com\\\/wp-content\\\/uploads\\\/2025\\\/11\\\/Pipette-Tips-Manufacturer-5.webp\",\"width\":1000,\"height\":1000,\"caption\":\"Pipette Tips Manufacturer & Supplier\"},{\"@type\":\"BreadcrumbList\",\"@id\":\"https:\\\/\\\/topkeymedical.com\\\/product\\\/pipette-tips-manufacturer\\\/#breadcrumb\",\"itemListElement\":[{\"@type\":\"ListItem\",\"position\":1,\"name\":\"Home\",\"item\":\"https:\\\/\\\/topkeymedical.com\\\/\"},{\"@type\":\"ListItem\",\"position\":2,\"name\":\"Products\",\"item\":\"https:\\\/\\\/topkeymedical.com\\\/shop\\\/\"},{\"@type\":\"ListItem\",\"position\":3,\"name\":\"Pipette Tips Manufacturer &#038; Supplier, Pipette Tips Without Filter\"}]},{\"@type\":\"WebSite\",\"@id\":\"https:\\\/\\\/topkeymedical.com\\\/#website\",\"url\":\"https:\\\/\\\/topkeymedical.com\\\/\",\"name\":\"TOPKEY\u2013 Precision in Every Detail, Guardian of Life and Health\",\"description\":\"\",\"publisher\":{\"@id\":\"https:\\\/\\\/topkeymedical.com\\\/#organization\"},\"potentialAction\":[{\"@type\":\"SearchAction\",\"target\":{\"@type\":\"EntryPoint\",\"urlTemplate\":\"https:\\\/\\\/topkeymedical.com\\\/?s={search_term_string}\"},\"query-input\":{\"@type\":\"PropertyValueSpecification\",\"valueRequired\":true,\"valueName\":\"search_term_string\"}}],\"inLanguage\":\"de\"},{\"@type\":\"Organization\",\"@id\":\"https:\\\/\\\/topkeymedical.com\\\/#organization\",\"name\":\"TOPKEY\u2013 Precision in Every Detail, Guardian of Life and Health\",\"url\":\"https:\\\/\\\/topkeymedical.com\\\/\",\"logo\":{\"@type\":\"ImageObject\",\"inLanguage\":\"de\",\"@id\":\"https:\\\/\\\/topkeymedical.com\\\/#\\\/schema\\\/logo\\\/image\\\/\",\"url\":\"https:\\\/\\\/topkeymedical.com\\\/wp-content\\\/uploads\\\/2025\\\/05\\\/cropped-logo.jpg\",\"contentUrl\":\"https:\\\/\\\/topkeymedical.com\\\/wp-content\\\/uploads\\\/2025\\\/05\\\/cropped-logo.jpg\",\"width\":512,\"height\":512,\"caption\":\"TOPKEY\u2013 Precision in Every Detail, Guardian of Life and Health\"},\"image\":{\"@id\":\"https:\\\/\\\/topkeymedical.com\\\/#\\\/schema\\\/logo\\\/image\\\/\"},\"sameAs\":[\"https:\\\/\\\/www.facebook.com\\\/profile.php?id=100088897294997\",\"https:\\\/\\\/www.youtube.com\\\/@TopkeyMedical-Alice888\",\"https:\\\/\\\/www.linkedin.com\\\/in\\\/alice-hu-bb66a01b3\\\/\"]}]}<\/script>\n<!-- \/ Yoast SEO plugin. -->","yoast_head_json":{"title":"Pipettenspitzen Hersteller &amp; Lieferant, Pipettenspitzen 10\u00b5l - 10mL","description":"Hersteller von Pipettenspitzen, Kombination mit Pipette zur Entnahme von Fl\u00fcssigkeit, Mischen von Fl\u00fcssigkeit in Fl\u00fcssigkeit, Zugabe der Probe in Arbeitsplatte und Reaktionsgef\u00e4\u00df","robots":{"index":"index","follow":"follow","max-snippet":"max-snippet:-1","max-image-preview":"max-image-preview:large","max-video-preview":"max-video-preview:-1"},"canonical":"https:\/\/topkeymedical.com\/de\/product\/hersteller-von-pipettenspitzen\/","og_locale":"de_DE","og_type":"article","og_title":"Pipette Tips Manufacturer & Supplier, Pipette Tips 10\u00b5l - 10mL","og_description":"Pipette tips manufacturer, combination with pipette to remove liquid, mix liquid into liquid, add sample to working plate and reaction vessel","og_url":"https:\/\/topkeymedical.com\/de\/product\/hersteller-von-pipettenspitzen\/","og_site_name":"TOPKEY\u2013 Precision in Every Detail, Guardian of Life and Health","article_publisher":"https:\/\/www.facebook.com\/profile.php?id=100088897294997","article_modified_time":"2025-12-16T14:10:03+00:00","og_image":[{"width":1000,"height":1000,"url":"https:\/\/topkeymedical.com\/wp-content\/uploads\/2025\/11\/Pipette-Tips-Manufacturer-5.webp","type":"image\/webp"}],"twitter_card":"summary_large_image","twitter_misc":{"Gesch\u00e4tzte Lesezeit":"2\u00a0Minuten"},"schema":{"@context":"https:\/\/schema.org","@graph":[{"@type":"WebPage","@id":"https:\/\/topkeymedical.com\/product\/pipette-tips-manufacturer\/","url":"https:\/\/topkeymedical.com\/product\/pipette-tips-manufacturer\/","name":"Pipettenspitzen Hersteller &amp; Lieferant, Pipettenspitzen 10\u00b5l - 10mL","isPartOf":{"@id":"https:\/\/topkeymedical.com\/#website"},"primaryImageOfPage":{"@id":"https:\/\/topkeymedical.com\/product\/pipette-tips-manufacturer\/#primaryimage"},"image":{"@id":"https:\/\/topkeymedical.com\/product\/pipette-tips-manufacturer\/#primaryimage"},"thumbnailUrl":"https:\/\/topkeymedical.com\/wp-content\/uploads\/2025\/11\/Pipette-Tips-Manufacturer-5.webp","datePublished":"2025-12-01T01:52:31+00:00","dateModified":"2025-12-16T14:10:03+00:00","description":"Hersteller von Pipettenspitzen, Kombination mit Pipette zur Entnahme von Fl\u00fcssigkeit, Mischen von Fl\u00fcssigkeit in Fl\u00fcssigkeit, Zugabe der Probe in Arbeitsplatte und Reaktionsgef\u00e4\u00df","breadcrumb":{"@id":"https:\/\/topkeymedical.com\/product\/pipette-tips-manufacturer\/#breadcrumb"},"inLanguage":"de","potentialAction":[{"@type":"ReadAction","target":["https:\/\/topkeymedical.com\/product\/pipette-tips-manufacturer\/"]}]},{"@type":"ImageObject","inLanguage":"de","@id":"https:\/\/topkeymedical.com\/product\/pipette-tips-manufacturer\/#primaryimage","url":"https:\/\/topkeymedical.com\/wp-content\/uploads\/2025\/11\/Pipette-Tips-Manufacturer-5.webp","contentUrl":"https:\/\/topkeymedical.com\/wp-content\/uploads\/2025\/11\/Pipette-Tips-Manufacturer-5.webp","width":1000,"height":1000,"caption":"Pipette Tips Manufacturer & Supplier"},{"@type":"BreadcrumbList","@id":"https:\/\/topkeymedical.com\/product\/pipette-tips-manufacturer\/#breadcrumb","itemListElement":[{"@type":"ListItem","position":1,"name":"Home","item":"https:\/\/topkeymedical.com\/"},{"@type":"ListItem","position":2,"name":"Products","item":"https:\/\/topkeymedical.com\/shop\/"},{"@type":"ListItem","position":3,"name":"Pipette Tips Manufacturer &#038; Supplier, Pipette Tips Without Filter"}]},{"@type":"WebSite","@id":"https:\/\/topkeymedical.com\/#website","url":"https:\/\/topkeymedical.com\/","name":"TOPKEY- Pr\u00e4zision bis ins Detail, H\u00fcter von Leben und Gesundheit","description":"","publisher":{"@id":"https:\/\/topkeymedical.com\/#organization"},"potentialAction":[{"@type":"SearchAction","target":{"@type":"EntryPoint","urlTemplate":"https:\/\/topkeymedical.com\/?s={search_term_string}"},"query-input":{"@type":"PropertyValueSpecification","valueRequired":true,"valueName":"search_term_string"}}],"inLanguage":"de"},{"@type":"Organization","@id":"https:\/\/topkeymedical.com\/#organization","name":"TOPKEY- Pr\u00e4zision bis ins Detail, H\u00fcter von Leben und Gesundheit","url":"https:\/\/topkeymedical.com\/","logo":{"@type":"ImageObject","inLanguage":"de","@id":"https:\/\/topkeymedical.com\/#\/schema\/logo\/image\/","url":"https:\/\/topkeymedical.com\/wp-content\/uploads\/2025\/05\/cropped-logo.jpg","contentUrl":"https:\/\/topkeymedical.com\/wp-content\/uploads\/2025\/05\/cropped-logo.jpg","width":512,"height":512,"caption":"TOPKEY\u2013 Precision in Every Detail, Guardian of Life and Health"},"image":{"@id":"https:\/\/topkeymedical.com\/#\/schema\/logo\/image\/"},"sameAs":["https:\/\/www.facebook.com\/profile.php?id=100088897294997","https:\/\/www.youtube.com\/@TopkeyMedical-Alice888","https:\/\/www.linkedin.com\/in\/alice-hu-bb66a01b3\/"]}]}},"_links":{"self":[{"href":"https:\/\/topkeymedical.com\/de\/wp-json\/wp\/v2\/product\/1609","targetHints":{"allow":["GET"]}}],"collection":[{"href":"https:\/\/topkeymedical.com\/de\/wp-json\/wp\/v2\/product"}],"about":[{"href":"https:\/\/topkeymedical.com\/de\/wp-json\/wp\/v2\/types\/product"}],"version-history":[{"count":2,"href":"https:\/\/topkeymedical.com\/de\/wp-json\/wp\/v2\/product\/1609\/revisions"}],"predecessor-version":[{"id":1741,"href":"https:\/\/topkeymedical.com\/de\/wp-json\/wp\/v2\/product\/1609\/revisions\/1741"}],"wp:featuredmedia":[{"embeddable":true,"href":"https:\/\/topkeymedical.com\/de\/wp-json\/wp\/v2\/media\/1628"}],"wp:attachment":[{"href":"https:\/\/topkeymedical.com\/de\/wp-json\/wp\/v2\/media?parent=1609"}],"wp:term":[{"taxonomy":"product_brand","embeddable":true,"href":"https:\/\/topkeymedical.com\/de\/wp-json\/wp\/v2\/product_brand?post=1609"},{"taxonomy":"product_cat","embeddable":true,"href":"https:\/\/topkeymedical.com\/de\/wp-json\/wp\/v2\/product_cat?post=1609"},{"taxonomy":"product_tag","embeddable":true,"href":"https:\/\/topkeymedical.com\/de\/wp-json\/wp\/v2\/product_tag?post=1609"}],"curies":[{"name":"wp","href":"https:\/\/api.w.org\/{rel}","templated":true}]}}