{"id":1745,"date":"2025-12-22T13:31:38","date_gmt":"2025-12-22T13:31:38","guid":{"rendered":"https:\/\/topkeymedical.com\/?post_type=product&#038;p=1745"},"modified":"2025-12-22T13:31:39","modified_gmt":"2025-12-22T13:31:39","slug":"magnetruhrer-fur-das-labor","status":"publish","type":"product","link":"https:\/\/topkeymedical.com\/de\/product\/magnetruhrer-fur-das-labor\/","title":{"rendered":"Magnetr\u00fchrer f\u00fcr das Labor, Chemie-Magnetr\u00fchrer"},"content":{"rendered":"<p>Die Arbeitsfl\u00e4che des Magnetr\u00fchrers ist mit einer verschlei\u00dffesten und korrosionsbest\u00e4ndigen Glasplatte bedeckt, die zusammen mit einem hochtemperaturbest\u00e4ndigen, starken Magnetrotor und einem integrierten Aluminiumdruckgussgeh\u00e4use mit Keramikbeschichtung f\u00fcr eine starke R\u00fchrkraft und lange Haltbarkeit sorgt.<\/p>\n<p>Die optionale Heizfunktion (maximal 105\u00b0C bei Raumtemperatur) mit PT100-Sensor erm\u00f6glicht eine pr\u00e4zise Temperaturregelung und eignet sich damit f\u00fcr anspruchsvolle Experimentierszenarien wie chemische Synthese und biologische Kultur. Der Chemie-Magnetr\u00fchrer ist das ideale Mischger\u00e4t f\u00fcr die Verarbeitung einer breiten Palette von Fl\u00fcssigkeiten.<\/p>\n<h2>Vier-Kanal-Magnetr\u00fchrer (unbeheizter Typ)<\/h2>\n<table>\n<tbody>\n<tr>\n<td width=\"284\">Versorgungsspannung<\/td>\n<td width=\"284\">AC100-240V<\/td>\n<\/tr>\n<tr>\n<td width=\"284\">Strom<\/td>\n<td width=\"284\">45W<\/td>\n<\/tr>\n<tr>\n<td width=\"284\">Anzeigemodus<\/td>\n<td width=\"284\">LCD<\/td>\n<\/tr>\n<tr>\n<td width=\"284\">Rotationsgeschwindigkeit<\/td>\n<td width=\"284\">200-1600<\/td>\n<\/tr>\n<tr>\n<td width=\"284\">Bereich der Drehzahlregelung<\/td>\n<td width=\"284\">\u00b110rpm<\/td>\n<\/tr>\n<tr>\n<td width=\"284\">Effektive Zentrifugenzeit<\/td>\n<td width=\"284\">1-99 Stunden 59 Minuten<\/td>\n<\/tr>\n<tr>\n<td width=\"284\">Maximale R\u00fchrwerksleistung<\/td>\n<td width=\"284\">2L<\/td>\n<\/tr>\n<tr>\n<td width=\"284\">Material der Arbeitsscheibe<\/td>\n<td width=\"284\">Beschichtetes PC, korrosionsbest\u00e4ndig<\/td>\n<\/tr>\n<tr>\n<td width=\"284\">Gr\u00f6\u00dfe der Arbeitsplatte<\/td>\n<td width=\"284\">150*150<\/td>\n<\/tr>\n<tr>\n<td width=\"284\">Typ des Motors<\/td>\n<td width=\"284\">B\u00fcrstenloser DC-Motor<\/td>\n<\/tr>\n<tr>\n<td width=\"284\">Zeitsteuerungsmodus<\/td>\n<td width=\"284\">Steuerung des linken Knopfes<\/td>\n<\/tr>\n<tr>\n<td width=\"284\">Geschwindigkeitskontrollmodus<\/td>\n<td width=\"284\">Rechter Drehknopf steuert<\/td>\n<\/tr>\n<\/tbody>\n<\/table>\n<h2>Vier-Kanal-Magnetr\u00fchrer (beheizter Typ)<\/h2>\n<table>\n<tbody>\n<tr>\n<td width=\"284\">Versorgungsspannung<\/td>\n<td width=\"284\">AC100-240V<\/td>\n<\/tr>\n<tr>\n<td width=\"284\">Strom<\/td>\n<td width=\"284\">45W<\/td>\n<\/tr>\n<tr>\n<td width=\"284\">Anzeigemodus<\/td>\n<td width=\"284\">LCD<\/td>\n<\/tr>\n<tr>\n<td width=\"284\">Rotationsgeschwindigkeit<\/td>\n<td width=\"284\">200-1600<\/td>\n<\/tr>\n<tr>\n<td width=\"284\">Bereich der Drehzahlregelung<\/td>\n<td width=\"284\">\u00b110rpm<\/td>\n<\/tr>\n<tr>\n<td width=\"284\">Effektive Zentrifugenzeit<\/td>\n<td width=\"284\">1-99 Stunden und 59 Minuten<\/td>\n<\/tr>\n<tr>\n<td width=\"284\">Temperatur der Heizung<\/td>\n<td width=\"284\">RT-105\u00b0C<\/td>\n<\/tr>\n<tr>\n<td width=\"284\">Temperaturkontrolle<\/td>\n<td width=\"284\">Eingebaute Temperaturlinie<\/td>\n<\/tr>\n<tr>\n<td width=\"284\">Maximale R\u00fchrwerksleistung<\/td>\n<td width=\"284\">2L<\/td>\n<\/tr>\n<tr>\n<td width=\"284\">Material der Arbeitsscheibe<\/td>\n<td width=\"284\">304 Rostfreier Stahl<\/td>\n<\/tr>\n<tr>\n<td width=\"284\">Gr\u00f6\u00dfe der Arbeitsfl\u00e4che der Scheibe<\/td>\n<td width=\"284\">150*150<\/td>\n<\/tr>\n<tr>\n<td width=\"284\">Typ des Motors<\/td>\n<td width=\"284\">B\u00fcrstenloser DC-Motor<\/td>\n<\/tr>\n<tr>\n<td width=\"284\">Zeitsteuerungsmodus<\/td>\n<td width=\"284\">Steuerung des linken Knopfes<\/td>\n<\/tr>\n<tr>\n<td width=\"284\">Geschwindigkeitskontrollmodus<\/td>\n<td width=\"284\">Rechter Drehknopf steuert<\/td>\n<\/tr>\n<\/tbody>\n<\/table>","protected":false},"excerpt":{"rendered":"<p>Der im Labor eingesetzte Magnetr\u00fchrer ist als Einkanal- und Mehrkanalmodell erh\u00e4ltlich. Er verf\u00fcgt \u00fcber ein intuitives LCD-Farbdisplay f\u00fcr die Betriebsparameter und unterst\u00fctzt die stufenlose Einstellung der Drehzahl von 200 bis 1800 U\/min.<\/p>","protected":false},"featured_media":1748,"template":"","meta":{"_acf_changed":false,"site-sidebar-layout":"default","site-content-layout":"","ast-site-content-layout":"default","site-content-style":"default","site-sidebar-style":"default","ast-global-header-display":"","ast-banner-title-visibility":"","ast-main-header-display":"","ast-hfb-above-header-display":"","ast-hfb-below-header-display":"","ast-hfb-mobile-header-display":"","site-post-title":"","ast-breadcrumbs-content":"","ast-featured-img":"","footer-sml-layout":"","ast-disable-related-posts":"","theme-transparent-header-meta":"default","adv-header-id-meta":"","stick-header-meta":"","header-above-stick-meta":"","header-main-stick-meta":"","header-below-stick-meta":"","astra-migrate-meta-layouts":"set","ast-page-background-enabled":"default","ast-page-background-meta":{"desktop":{"background-color":"var(--ast-global-color-5)","background-image":"","background-repeat":"repeat","background-position":"center center","background-size":"auto","background-attachment":"scroll","background-type":"","background-media":"","overlay-type":"","overlay-color":"","overlay-opacity":"","overlay-gradient":""},"tablet":{"background-color":"","background-image":"","background-repeat":"repeat","background-position":"center center","background-size":"auto","background-attachment":"scroll","background-type":"","background-media":"","overlay-type":"","overlay-color":"","overlay-opacity":"","overlay-gradient":""},"mobile":{"background-color":"","background-image":"","background-repeat":"repeat","background-position":"center center","background-size":"auto","background-attachment":"scroll","background-type":"","background-media":"","overlay-type":"","overlay-color":"","overlay-opacity":"","overlay-gradient":""}},"ast-content-background-meta":{"desktop":{"background-color":"var(--ast-global-color-4)","background-image":"","background-repeat":"repeat","background-position":"center center","background-size":"auto","background-attachment":"scroll","background-type":"","background-media":"","overlay-type":"","overlay-color":"","overlay-opacity":"","overlay-gradient":""},"tablet":{"background-color":"var(--ast-global-color-4)","background-image":"","background-repeat":"repeat","background-position":"center center","background-size":"auto","background-attachment":"scroll","background-type":"","background-media":"","overlay-type":"","overlay-color":"","overlay-opacity":"","overlay-gradient":""},"mobile":{"background-color":"var(--ast-global-color-4)","background-image":"","background-repeat":"repeat","background-position":"center center","background-size":"auto","background-attachment":"scroll","background-type":"","background-media":"","overlay-type":"","overlay-color":"","overlay-opacity":"","overlay-gradient":""}}},"product_brand":[],"product_cat":[70],"product_tag":[],"class_list":{"0":"post-1745","1":"product","2":"type-product","3":"status-publish","4":"has-post-thumbnail","6":"product_cat-magnetic-stirrer-manufacturer","7":"desktop-align-left","8":"tablet-align-left","9":"mobile-align-left","11":"first","12":"instock","13":"shipping-taxable","14":"product-type-simple"},"acf":[],"yoast_head":"<!-- This site is optimized with the Yoast SEO plugin v27.4 - https:\/\/yoast.com\/product\/yoast-seo-wordpress\/ -->\n<title>Magnetic Stirrer Used In Laboratory, Chemistry Magnetic Stirrer<\/title>\n<meta name=\"description\" content=\"The Magnetic Stirrer Used In Laboratory&#039;s working surface is covered with a wear-resistant and corrosion-resistant glass panel\" \/>\n<meta name=\"robots\" content=\"index, follow, max-snippet:-1, max-image-preview:large, max-video-preview:-1\" \/>\n<link rel=\"canonical\" href=\"https:\/\/topkeymedical.com\/de\/product\/magnetruhrer-fur-das-labor\/\" \/>\n<meta property=\"og:locale\" content=\"de_DE\" \/>\n<meta property=\"og:type\" content=\"article\" \/>\n<meta property=\"og:title\" content=\"Magnetic Stirrer Used In Laboratory, Chemistry Magnetic Stirrer\" \/>\n<meta property=\"og:description\" content=\"The Magnetic Stirrer Used In Laboratory&#039;s working surface is covered with a wear-resistant and corrosion-resistant glass panel\" \/>\n<meta property=\"og:url\" content=\"https:\/\/topkeymedical.com\/de\/product\/magnetruhrer-fur-das-labor\/\" \/>\n<meta property=\"og:site_name\" content=\"TOPKEY\u2013 Precision in Every Detail, Guardian of Life and Health\" \/>\n<meta property=\"article:publisher\" content=\"https:\/\/www.facebook.com\/profile.php?id=100088897294997\" \/>\n<meta property=\"article:modified_time\" content=\"2025-12-22T13:31:39+00:00\" \/>\n<meta property=\"og:image\" content=\"https:\/\/topkeymedical.com\/wp-content\/uploads\/2025\/12\/Magnetic-Stirrer-Used-In-Laboratory-4.webp\" \/>\n\t<meta property=\"og:image:width\" content=\"455\" \/>\n\t<meta property=\"og:image:height\" content=\"455\" \/>\n\t<meta property=\"og:image:type\" content=\"image\/webp\" \/>\n<meta name=\"twitter:card\" content=\"summary_large_image\" \/>\n<meta name=\"twitter:label1\" content=\"Gesch\u00e4tzte Lesezeit\" \/>\n\t<meta name=\"twitter:data1\" content=\"2\u00a0Minuten\" \/>\n<script type=\"application\/ld+json\" class=\"yoast-schema-graph\">{\"@context\":\"https:\\\/\\\/schema.org\",\"@graph\":[{\"@type\":\"WebPage\",\"@id\":\"https:\\\/\\\/topkeymedical.com\\\/product\\\/magnetic-stirrer-used-in-laboratory\\\/\",\"url\":\"https:\\\/\\\/topkeymedical.com\\\/product\\\/magnetic-stirrer-used-in-laboratory\\\/\",\"name\":\"Magnetic Stirrer Used In Laboratory, Chemistry Magnetic Stirrer\",\"isPartOf\":{\"@id\":\"https:\\\/\\\/topkeymedical.com\\\/#website\"},\"primaryImageOfPage\":{\"@id\":\"https:\\\/\\\/topkeymedical.com\\\/product\\\/magnetic-stirrer-used-in-laboratory\\\/#primaryimage\"},\"image\":{\"@id\":\"https:\\\/\\\/topkeymedical.com\\\/product\\\/magnetic-stirrer-used-in-laboratory\\\/#primaryimage\"},\"thumbnailUrl\":\"https:\\\/\\\/topkeymedical.com\\\/wp-content\\\/uploads\\\/2025\\\/12\\\/Magnetic-Stirrer-Used-In-Laboratory-4.webp\",\"datePublished\":\"2025-12-22T13:31:38+00:00\",\"dateModified\":\"2025-12-22T13:31:39+00:00\",\"description\":\"The Magnetic Stirrer Used In Laboratory's working surface is covered with a wear-resistant and corrosion-resistant glass panel\",\"breadcrumb\":{\"@id\":\"https:\\\/\\\/topkeymedical.com\\\/product\\\/magnetic-stirrer-used-in-laboratory\\\/#breadcrumb\"},\"inLanguage\":\"de\",\"potentialAction\":[{\"@type\":\"ReadAction\",\"target\":[\"https:\\\/\\\/topkeymedical.com\\\/product\\\/magnetic-stirrer-used-in-laboratory\\\/\"]}]},{\"@type\":\"ImageObject\",\"inLanguage\":\"de\",\"@id\":\"https:\\\/\\\/topkeymedical.com\\\/product\\\/magnetic-stirrer-used-in-laboratory\\\/#primaryimage\",\"url\":\"https:\\\/\\\/topkeymedical.com\\\/wp-content\\\/uploads\\\/2025\\\/12\\\/Magnetic-Stirrer-Used-In-Laboratory-4.webp\",\"contentUrl\":\"https:\\\/\\\/topkeymedical.com\\\/wp-content\\\/uploads\\\/2025\\\/12\\\/Magnetic-Stirrer-Used-In-Laboratory-4.webp\",\"width\":455,\"height\":455,\"caption\":\"magnetic stirrer used in laboratory, chemistry magnetic stirrer\"},{\"@type\":\"BreadcrumbList\",\"@id\":\"https:\\\/\\\/topkeymedical.com\\\/product\\\/magnetic-stirrer-used-in-laboratory\\\/#breadcrumb\",\"itemListElement\":[{\"@type\":\"ListItem\",\"position\":1,\"name\":\"Home\",\"item\":\"https:\\\/\\\/topkeymedical.com\\\/\"},{\"@type\":\"ListItem\",\"position\":2,\"name\":\"Products\",\"item\":\"https:\\\/\\\/topkeymedical.com\\\/shop\\\/\"},{\"@type\":\"ListItem\",\"position\":3,\"name\":\"Magnetic Stirrer Used In Laboratory, Chemistry Magnetic Stirrer\"}]},{\"@type\":\"WebSite\",\"@id\":\"https:\\\/\\\/topkeymedical.com\\\/#website\",\"url\":\"https:\\\/\\\/topkeymedical.com\\\/\",\"name\":\"TOPKEY\u2013 Precision in Every Detail, Guardian of Life and Health\",\"description\":\"\",\"publisher\":{\"@id\":\"https:\\\/\\\/topkeymedical.com\\\/#organization\"},\"potentialAction\":[{\"@type\":\"SearchAction\",\"target\":{\"@type\":\"EntryPoint\",\"urlTemplate\":\"https:\\\/\\\/topkeymedical.com\\\/?s={search_term_string}\"},\"query-input\":{\"@type\":\"PropertyValueSpecification\",\"valueRequired\":true,\"valueName\":\"search_term_string\"}}],\"inLanguage\":\"de\"},{\"@type\":\"Organization\",\"@id\":\"https:\\\/\\\/topkeymedical.com\\\/#organization\",\"name\":\"TOPKEY\u2013 Precision in Every Detail, Guardian of Life and Health\",\"url\":\"https:\\\/\\\/topkeymedical.com\\\/\",\"logo\":{\"@type\":\"ImageObject\",\"inLanguage\":\"de\",\"@id\":\"https:\\\/\\\/topkeymedical.com\\\/#\\\/schema\\\/logo\\\/image\\\/\",\"url\":\"https:\\\/\\\/topkeymedical.com\\\/wp-content\\\/uploads\\\/2025\\\/05\\\/cropped-logo.jpg\",\"contentUrl\":\"https:\\\/\\\/topkeymedical.com\\\/wp-content\\\/uploads\\\/2025\\\/05\\\/cropped-logo.jpg\",\"width\":512,\"height\":512,\"caption\":\"TOPKEY\u2013 Precision in Every Detail, Guardian of Life and Health\"},\"image\":{\"@id\":\"https:\\\/\\\/topkeymedical.com\\\/#\\\/schema\\\/logo\\\/image\\\/\"},\"sameAs\":[\"https:\\\/\\\/www.facebook.com\\\/profile.php?id=100088897294997\",\"https:\\\/\\\/www.youtube.com\\\/@TopkeyMedical-Alice888\",\"https:\\\/\\\/www.linkedin.com\\\/in\\\/alice-hu-bb66a01b3\\\/\"]}]}<\/script>\n<!-- \/ Yoast SEO plugin. -->","yoast_head_json":{"title":"Magnetr\u00fchrer f\u00fcr das Labor, Chemie-Magnetr\u00fchrer","description":"Die Arbeitsfl\u00e4che des Magnetr\u00fchrers f\u00fcr den Einsatz im Labor ist mit einer verschlei\u00dffesten und korrosionsbest\u00e4ndigen Glasplatte bedeckt","robots":{"index":"index","follow":"follow","max-snippet":"max-snippet:-1","max-image-preview":"max-image-preview:large","max-video-preview":"max-video-preview:-1"},"canonical":"https:\/\/topkeymedical.com\/de\/product\/magnetruhrer-fur-das-labor\/","og_locale":"de_DE","og_type":"article","og_title":"Magnetic Stirrer Used In Laboratory, Chemistry Magnetic Stirrer","og_description":"The Magnetic Stirrer Used In Laboratory's working surface is covered with a wear-resistant and corrosion-resistant glass panel","og_url":"https:\/\/topkeymedical.com\/de\/product\/magnetruhrer-fur-das-labor\/","og_site_name":"TOPKEY\u2013 Precision in Every Detail, Guardian of Life and Health","article_publisher":"https:\/\/www.facebook.com\/profile.php?id=100088897294997","article_modified_time":"2025-12-22T13:31:39+00:00","og_image":[{"width":455,"height":455,"url":"https:\/\/topkeymedical.com\/wp-content\/uploads\/2025\/12\/Magnetic-Stirrer-Used-In-Laboratory-4.webp","type":"image\/webp"}],"twitter_card":"summary_large_image","twitter_misc":{"Gesch\u00e4tzte Lesezeit":"2\u00a0Minuten"},"schema":{"@context":"https:\/\/schema.org","@graph":[{"@type":"WebPage","@id":"https:\/\/topkeymedical.com\/product\/magnetic-stirrer-used-in-laboratory\/","url":"https:\/\/topkeymedical.com\/product\/magnetic-stirrer-used-in-laboratory\/","name":"Magnetr\u00fchrer f\u00fcr das Labor, Chemie-Magnetr\u00fchrer","isPartOf":{"@id":"https:\/\/topkeymedical.com\/#website"},"primaryImageOfPage":{"@id":"https:\/\/topkeymedical.com\/product\/magnetic-stirrer-used-in-laboratory\/#primaryimage"},"image":{"@id":"https:\/\/topkeymedical.com\/product\/magnetic-stirrer-used-in-laboratory\/#primaryimage"},"thumbnailUrl":"https:\/\/topkeymedical.com\/wp-content\/uploads\/2025\/12\/Magnetic-Stirrer-Used-In-Laboratory-4.webp","datePublished":"2025-12-22T13:31:38+00:00","dateModified":"2025-12-22T13:31:39+00:00","description":"Die Arbeitsfl\u00e4che des Magnetr\u00fchrers f\u00fcr den Einsatz im Labor ist mit einer verschlei\u00dffesten und korrosionsbest\u00e4ndigen Glasplatte bedeckt","breadcrumb":{"@id":"https:\/\/topkeymedical.com\/product\/magnetic-stirrer-used-in-laboratory\/#breadcrumb"},"inLanguage":"de","potentialAction":[{"@type":"ReadAction","target":["https:\/\/topkeymedical.com\/product\/magnetic-stirrer-used-in-laboratory\/"]}]},{"@type":"ImageObject","inLanguage":"de","@id":"https:\/\/topkeymedical.com\/product\/magnetic-stirrer-used-in-laboratory\/#primaryimage","url":"https:\/\/topkeymedical.com\/wp-content\/uploads\/2025\/12\/Magnetic-Stirrer-Used-In-Laboratory-4.webp","contentUrl":"https:\/\/topkeymedical.com\/wp-content\/uploads\/2025\/12\/Magnetic-Stirrer-Used-In-Laboratory-4.webp","width":455,"height":455,"caption":"magnetic stirrer used in laboratory, chemistry magnetic stirrer"},{"@type":"BreadcrumbList","@id":"https:\/\/topkeymedical.com\/product\/magnetic-stirrer-used-in-laboratory\/#breadcrumb","itemListElement":[{"@type":"ListItem","position":1,"name":"Home","item":"https:\/\/topkeymedical.com\/"},{"@type":"ListItem","position":2,"name":"Products","item":"https:\/\/topkeymedical.com\/shop\/"},{"@type":"ListItem","position":3,"name":"Magnetic Stirrer Used In Laboratory, Chemistry Magnetic Stirrer"}]},{"@type":"WebSite","@id":"https:\/\/topkeymedical.com\/#website","url":"https:\/\/topkeymedical.com\/","name":"TOPKEY- Pr\u00e4zision bis ins Detail, H\u00fcter von Leben und Gesundheit","description":"","publisher":{"@id":"https:\/\/topkeymedical.com\/#organization"},"potentialAction":[{"@type":"SearchAction","target":{"@type":"EntryPoint","urlTemplate":"https:\/\/topkeymedical.com\/?s={search_term_string}"},"query-input":{"@type":"PropertyValueSpecification","valueRequired":true,"valueName":"search_term_string"}}],"inLanguage":"de"},{"@type":"Organization","@id":"https:\/\/topkeymedical.com\/#organization","name":"TOPKEY- Pr\u00e4zision bis ins Detail, H\u00fcter von Leben und Gesundheit","url":"https:\/\/topkeymedical.com\/","logo":{"@type":"ImageObject","inLanguage":"de","@id":"https:\/\/topkeymedical.com\/#\/schema\/logo\/image\/","url":"https:\/\/topkeymedical.com\/wp-content\/uploads\/2025\/05\/cropped-logo.jpg","contentUrl":"https:\/\/topkeymedical.com\/wp-content\/uploads\/2025\/05\/cropped-logo.jpg","width":512,"height":512,"caption":"TOPKEY\u2013 Precision in Every Detail, Guardian of Life and Health"},"image":{"@id":"https:\/\/topkeymedical.com\/#\/schema\/logo\/image\/"},"sameAs":["https:\/\/www.facebook.com\/profile.php?id=100088897294997","https:\/\/www.youtube.com\/@TopkeyMedical-Alice888","https:\/\/www.linkedin.com\/in\/alice-hu-bb66a01b3\/"]}]}},"_links":{"self":[{"href":"https:\/\/topkeymedical.com\/de\/wp-json\/wp\/v2\/product\/1745","targetHints":{"allow":["GET"]}}],"collection":[{"href":"https:\/\/topkeymedical.com\/de\/wp-json\/wp\/v2\/product"}],"about":[{"href":"https:\/\/topkeymedical.com\/de\/wp-json\/wp\/v2\/types\/product"}],"version-history":[{"count":1,"href":"https:\/\/topkeymedical.com\/de\/wp-json\/wp\/v2\/product\/1745\/revisions"}],"predecessor-version":[{"id":1750,"href":"https:\/\/topkeymedical.com\/de\/wp-json\/wp\/v2\/product\/1745\/revisions\/1750"}],"wp:featuredmedia":[{"embeddable":true,"href":"https:\/\/topkeymedical.com\/de\/wp-json\/wp\/v2\/media\/1748"}],"wp:attachment":[{"href":"https:\/\/topkeymedical.com\/de\/wp-json\/wp\/v2\/media?parent=1745"}],"wp:term":[{"taxonomy":"product_brand","embeddable":true,"href":"https:\/\/topkeymedical.com\/de\/wp-json\/wp\/v2\/product_brand?post=1745"},{"taxonomy":"product_cat","embeddable":true,"href":"https:\/\/topkeymedical.com\/de\/wp-json\/wp\/v2\/product_cat?post=1745"},{"taxonomy":"product_tag","embeddable":true,"href":"https:\/\/topkeymedical.com\/de\/wp-json\/wp\/v2\/product_tag?post=1745"}],"curies":[{"name":"wp","href":"https:\/\/api.w.org\/{rel}","templated":true}]}}