{"id":1809,"date":"2026-01-06T07:38:15","date_gmt":"2026-01-06T07:38:15","guid":{"rendered":"https:\/\/topkeymedical.com\/?post_type=product&#038;p=1809"},"modified":"2026-01-06T07:38:15","modified_gmt":"2026-01-06T07:38:15","slug":"objekttrager-fur-die-zellzahlkammer","status":"publish","type":"product","link":"https:\/\/topkeymedical.com\/de\/product\/objekttrager-fur-die-zellzahlkammer\/","title":{"rendered":"Zellz\u00e4hlkammer Objekttr\u00e4ger, Blutzellenz\u00e4hlkammer"},"content":{"rendered":"<p>Dieser oft als Blutzellenz\u00e4hlkammer bezeichnete, pr\u00e4zisionsgefertigte Glasobjekttr\u00e4ger ist noch lange nicht veraltet.<\/p>\n<p>Seine anhaltende Verbreitung ist ein Beweis f\u00fcr die einzigartigen Vorteile, die hochentwickelte, teure Maschinen nicht vollst\u00e4ndig wiedergeben k\u00f6nnen.<\/p>\n<p>F\u00fcr Forscher, Kliniker und Studenten bietet die Zellz\u00e4hlkammer eine Kombination aus direkter Visualisierung, Zug\u00e4nglichkeit und Zuverl\u00e4ssigkeit und sichert damit ihre wichtige Rolle in der quantitativen Zellbiologie.<\/p>\n<p>Der gr\u00f6\u00dfte Vorteil einer Zellz\u00e4hlkammer besteht darin, dass sie eine direkte, visuelle Best\u00e4tigung liefert.<\/p>\n<p>Im Gegensatz zu automatisierten Systemen, die als \u201cBlackbox\u201d arbeiten und Proben ohne Aufsicht des Benutzers verarbeiten, kann der Wissenschaftler mit dem H\u00e4mozytometer die Zellen direkt unter dem Mikroskop beobachten.<\/p>\n<p>Dies erm\u00f6glicht eine kritische qualitative Bewertung neben den quantitativen Daten.<\/p>\n<p>Der Forscher kann sofort die Lebensf\u00e4higkeit der Zellen durch Trypanblau-Ausschluss feststellen, das Vorhandensein von Klumpen oder Tr\u00fcmmern erkennen, die die Z\u00e4hlungen verf\u00e4lschen k\u00f6nnten, und den allgemeinen Zustand und die Morphologie der Kultur beobachten.<\/p>\n<p>Diese praktische Interaktion mit der Probe bietet eine unersetzliche Qualit\u00e4tskontrolle, die gew\u00e4hrleistet, dass die gez\u00e4hlten Zahlen biologisch aussagekr\u00e4ftig sind.<\/p>\n<p>Dar\u00fcber hinaus ist die Zellz\u00e4hlkammer un\u00fcbertroffen in ihrer Zug\u00e4nglichkeit und Kosteneffizienz.<\/p>\n<p>Ein hochwertiges H\u00e4mozytometer ist eine einmalige Investition, f\u00fcr deren Betrieb lediglich ein Standard-Labormikroskop erforderlich ist.<\/p>\n<p>Damit ist eine pr\u00e4zise Zellquantifizierung f\u00fcr praktisch jedes Labor m\u00f6glich, unabh\u00e4ngig von Budgetbeschr\u00e4nkungen.<\/p>\n<p>Es gibt keine teuren Servicevertr\u00e4ge, propriet\u00e4ren Reagenzien oder Softwarelizenzgeb\u00fchren.<\/p>\n<p>Diese niedrige Einstiegsh\u00fcrde macht die Zellz\u00e4hlkammer zu einem grundlegenden Instrument in Lehrlabors, Feldkliniken und Forschungseinrichtungen in der Anfangsphase, wo die Ressourcen begrenzt sind.<\/p>\n<p>Die Einfachheit des Systems sorgt daf\u00fcr, dass wichtige Arbeiten unabh\u00e4ngig von komplexen Instrumenten durchgef\u00fchrt werden k\u00f6nnen.<\/p>\n<h2>Diagramm des Wirkungsgrads der Zellz\u00e4hlkammer:<\/h2>\n<p><img fetchpriority=\"high\" decoding=\"async\" class=\"wp-image-1810 size-full alignnone\" src=\"https:\/\/topkeymedical.com\/wp-content\/uploads\/2026\/01\/Cell-counting-chamber-slide-efficiency-diagram.png\" alt=\"Diagramm des Wirkungsgrads der Zellz\u00e4hlkammer:\" width=\"644\" height=\"219\" srcset=\"https:\/\/topkeymedical.com\/wp-content\/uploads\/2026\/01\/Cell-counting-chamber-slide-efficiency-diagram.png 644w, https:\/\/topkeymedical.com\/wp-content\/uploads\/2026\/01\/Cell-counting-chamber-slide-efficiency-diagram-300x102.png 300w, https:\/\/topkeymedical.com\/wp-content\/uploads\/2026\/01\/Cell-counting-chamber-slide-efficiency-diagram-18x6.png 18w, https:\/\/topkeymedical.com\/wp-content\/uploads\/2026\/01\/Cell-counting-chamber-slide-efficiency-diagram-600x204.png 600w\" sizes=\"(max-width: 644px) 100vw, 644px\" \/><\/p>\n<h2>Produktspezifikationen:<\/h2>\n<table>\n<tbody>\n<tr>\n<td width=\"117\">Name des Produkts<\/td>\n<td colspan=\"5\" width=\"450\">Dark Line Zellz\u00e4hlkammern Objekttr\u00e4ger<\/td>\n<\/tr>\n<tr>\n<td width=\"117\">Artikel-Nummer<\/td>\n<td colspan=\"5\" width=\"450\">XB-K-25Pro<\/td>\n<\/tr>\n<tr>\n<td width=\"117\">Strukturelle<\/p>\n<p>Zusammensetzung<\/td>\n<td colspan=\"5\" width=\"450\">Der Berechnungsbereich mit den hellen Linien befindet sich in der Mitte, und es gibt 2 Berechnungsbereiche f\u00fcr jedes Berechnungsfeld, die durch helle Linien dargestellt werden, mit einer Tiefe von 0,1 mm und einer Fl\u00e4che von 0,0025 mm2 pro Zelle<\/td>\n<\/tr>\n<tr>\n<td width=\"117\">Produktmerkmal<\/td>\n<td colspan=\"5\" width=\"450\">Klar und leicht ablesbar \\ Pr\u00e4zises Z\u00e4hlen \\ Entlastung der Augen, auch nach wiederholten Trennlinien. Die Sp\u00fclung ist immer noch klar, was ihre Haltbarkeit und Genauigkeit f\u00fcr den langfristigen Gebrauch gew\u00e4hrleistet<\/td>\n<\/tr>\n<tr>\n<td width=\"117\">Anmeldung<\/td>\n<td colspan=\"5\" width=\"450\">Die Blutanalyse der roten und wei\u00dfen Blutk\u00f6rperchen sowie der Blutpl\u00e4ttchen ist auch auf Zellen, Bakterien, Pilzsporen, Pollen usw. anwendbar, die als Partikel unter dem Mikroskop gez\u00e4hlt wurden.<\/td>\n<\/tr>\n<tr>\n<td colspan=\"2\" width=\"149\">Name des Produkts<\/td>\n<td width=\"104\">Typ<\/p>\n<p>&nbsp;<\/td>\n<td width=\"86\">L\u00e4nge (mm)<\/td>\n<td width=\"113\">Breite (mm)<\/td>\n<td width=\"113\">Dicke (mm)<\/td>\n<\/tr>\n<tr>\n<td colspan=\"2\" width=\"149\">Z\u00e4hlung der Zellen der dunklen Linie<\/p>\n<p>Kammerschlitten<\/td>\n<td width=\"104\">Neubauer<\/p>\n<p>verbessert<\/p>\n<p>Kammer<\/td>\n<td width=\"86\">75.6<\/td>\n<td width=\"113\">32.6<\/td>\n<td width=\"113\">4.5<\/td>\n<\/tr>\n<\/tbody>\n<\/table>\n<table>\n<tbody>\n<tr>\n<td width=\"117\">Name des Produkts<\/td>\n<td colspan=\"6\" width=\"450\">Z\u00e4hlkammern f\u00fcr glatte Zellen<\/td>\n<\/tr>\n<tr>\n<td width=\"117\">Artikel-Nummer<\/td>\n<td colspan=\"6\" width=\"450\">XB-K-25<\/td>\n<\/tr>\n<tr>\n<td width=\"117\">Strukturelle<\/p>\n<p>Zusammensetzung<\/td>\n<td colspan=\"6\" width=\"450\">Hergestellt aus Glas, organischem Glas oder Polycarbonat,<\/p>\n<p>Sie hat eine pr\u00e4zise Skalenmarkierung<\/td>\n<\/tr>\n<tr>\n<td width=\"117\">Produktmerkmal<\/td>\n<td colspan=\"6\" width=\"450\">Klare Gravur, gute Sichtbarkeit, gute Verarbeitung,<\/p>\n<p>gute Lichtdurchl\u00e4ssigkeit, genaue Daten, H-f\u00f6rmige Rille<\/td>\n<\/tr>\n<tr>\n<td width=\"117\">Anmeldung<\/td>\n<td colspan=\"6\" width=\"450\">klinische Z\u00e4hlung der sichtbaren Bestandteile in Blut- und K\u00f6rperfl\u00fcssigkeitsproben<\/td>\n<\/tr>\n<tr>\n<td colspan=\"2\" width=\"132\">Name des Produkts<\/td>\n<td colspan=\"2\" width=\"121\">Typ<\/p>\n<p>&nbsp;<\/td>\n<td width=\"86\">L\u00e4nge (mm)<\/td>\n<td width=\"113\">Breite (mm)<\/td>\n<td width=\"113\">Dicke (mm)<\/td>\n<\/tr>\n<tr>\n<td colspan=\"3\" width=\"149\">Z\u00e4hlung der Zellen<\/p>\n<p>Kammerschlitten<\/td>\n<td width=\"104\">Neubauer<\/p>\n<p>25x16Typ<\/td>\n<td width=\"86\">74<\/td>\n<td width=\"113\">34<\/td>\n<td width=\"113\">5<\/td>\n<\/tr>\n<\/tbody>\n<\/table>\n<table>\n<tbody>\n<tr>\n<td width=\"90\">Name des Produkts<\/td>\n<td colspan=\"5\" width=\"477\">Bright Line Zellz\u00e4hlung Kammern Objekttr\u00e4ger<\/td>\n<\/tr>\n<tr>\n<td width=\"90\">Artikel-Nummer<\/td>\n<td colspan=\"5\" width=\"477\">XB-K-25Plus<\/td>\n<\/tr>\n<tr>\n<td width=\"90\">Strukturelle<\/p>\n<p>Zusammensetzung<\/td>\n<td colspan=\"5\" width=\"477\">Der Berechnungsbereich mit der hellen Linie befindet sich in der Mitte, und es gibt 2 Berechnungsbereiche f\u00fcr jedes Berechnungsfeld<\/p>\n<p>Die Liniencharakterisierung wurde mit einer Tiefe von 0,1 mm und einer Fl\u00e4che von 0,0025 mm2 pro Zelle durchgef\u00fchrt.<\/td>\n<\/tr>\n<tr>\n<td width=\"90\">Produktmerkmal<\/td>\n<td colspan=\"5\" width=\"477\">Silberner Metallboden, klare Linienf\u00fchrung, gute Verarbeitung<\/p>\n<p>Gute Lichtdurchl\u00e4ssigkeit, pr\u00e4zise Daten, H-f\u00f6rmige Rille, spezielle Oberfl\u00e4chenbearbeitung und Politur.<\/td>\n<\/tr>\n<tr>\n<td width=\"90\">Anmeldung<\/td>\n<td colspan=\"5\" width=\"477\">Die Blutanalyse der roten und wei\u00dfen Blutk\u00f6rperchen sowie der Blutpl\u00e4ttchen ist auch auf Zellen anwendbar,<\/p>\n<p>Bakterien, Pilzsporen, Pollen usw. wurden als Partikel unter dem Mikroskop gez\u00e4hlt.<\/td>\n<\/tr>\n<tr>\n<td colspan=\"2\" width=\"141\">Name des Produkts<\/td>\n<td width=\"95\">Typ<\/td>\n<td width=\"117\">L\u00e4nge (mm)<\/td>\n<td width=\"100\">Breite (mm)<\/td>\n<td width=\"113\">Dicke (mm)<\/td>\n<\/tr>\n<tr>\n<td colspan=\"2\" width=\"141\">Hellstrahlende Zelle<\/p>\n<p>Z\u00e4hlkammer<\/p>\n<p>Folien<\/td>\n<td width=\"95\">Neubauer<\/p>\n<p>verbessert<\/p>\n<p>Kammer<\/td>\n<td width=\"117\">75<\/td>\n<td width=\"100\">33<\/td>\n<td width=\"113\">4<\/p>\n<p>&nbsp;<\/td>\n<\/tr>\n<\/tbody>\n<\/table>\n<p>Hinweise: Die oben genannten Daten sind manuelle Messungen; wenn es Fehler gibt, \u00fcberpr\u00fcfen Sie bitte das Material.<\/p>","protected":false},"excerpt":{"rendered":"<p>In einer \u00c4ra, die von Durchflusszytometern mit hohem Durchsatz und automatisierten Bildanalysesystemen beherrscht wird, sind die bescheidenen Objekttr\u00e4ger der Zellz\u00e4hlkammern nach wie vor ein unverzichtbares Werkzeug in biologischen und medizinischen Labors weltweit.<\/p>","protected":false},"featured_media":1805,"template":"","meta":{"_acf_changed":false,"site-sidebar-layout":"default","site-content-layout":"","ast-site-content-layout":"default","site-content-style":"default","site-sidebar-style":"default","ast-global-header-display":"","ast-banner-title-visibility":"","ast-main-header-display":"","ast-hfb-above-header-display":"","ast-hfb-below-header-display":"","ast-hfb-mobile-header-display":"","site-post-title":"","ast-breadcrumbs-content":"","ast-featured-img":"","footer-sml-layout":"","ast-disable-related-posts":"","theme-transparent-header-meta":"default","adv-header-id-meta":"","stick-header-meta":"","header-above-stick-meta":"","header-main-stick-meta":"","header-below-stick-meta":"","astra-migrate-meta-layouts":"set","ast-page-background-enabled":"default","ast-page-background-meta":{"desktop":{"background-color":"var(--ast-global-color-5)","background-image":"","background-repeat":"repeat","background-position":"center center","background-size":"auto","background-attachment":"scroll","background-type":"","background-media":"","overlay-type":"","overlay-color":"","overlay-opacity":"","overlay-gradient":""},"tablet":{"background-color":"","background-image":"","background-repeat":"repeat","background-position":"center center","background-size":"auto","background-attachment":"scroll","background-type":"","background-media":"","overlay-type":"","overlay-color":"","overlay-opacity":"","overlay-gradient":""},"mobile":{"background-color":"","background-image":"","background-repeat":"repeat","background-position":"center center","background-size":"auto","background-attachment":"scroll","background-type":"","background-media":"","overlay-type":"","overlay-color":"","overlay-opacity":"","overlay-gradient":""}},"ast-content-background-meta":{"desktop":{"background-color":"var(--ast-global-color-4)","background-image":"","background-repeat":"repeat","background-position":"center center","background-size":"auto","background-attachment":"scroll","background-type":"","background-media":"","overlay-type":"","overlay-color":"","overlay-opacity":"","overlay-gradient":""},"tablet":{"background-color":"var(--ast-global-color-4)","background-image":"","background-repeat":"repeat","background-position":"center center","background-size":"auto","background-attachment":"scroll","background-type":"","background-media":"","overlay-type":"","overlay-color":"","overlay-opacity":"","overlay-gradient":""},"mobile":{"background-color":"var(--ast-global-color-4)","background-image":"","background-repeat":"repeat","background-position":"center center","background-size":"auto","background-attachment":"scroll","background-type":"","background-media":"","overlay-type":"","overlay-color":"","overlay-opacity":"","overlay-gradient":""}}},"product_brand":[],"product_cat":[67],"product_tag":[],"class_list":{"0":"post-1809","1":"product","2":"type-product","3":"status-publish","4":"has-post-thumbnail","6":"product_cat-laboratory-consumables","7":"desktop-align-left","8":"tablet-align-left","9":"mobile-align-left","11":"first","12":"instock","13":"shipping-taxable","14":"product-type-simple"},"acf":[],"yoast_head":"<!-- This site is optimized with the Yoast SEO plugin v27.4 - https:\/\/yoast.com\/product\/yoast-seo-wordpress\/ -->\n<title>Cell Counting Chamber Slides, Blood cell counting chamber<\/title>\n<meta name=\"description\" content=\"In an era dominated by high-throughput flow cytometers, the humble cell counting chamber slides\u00a0remain an indispensable tool in biological\" \/>\n<meta name=\"robots\" content=\"index, follow, max-snippet:-1, max-image-preview:large, max-video-preview:-1\" \/>\n<link rel=\"canonical\" href=\"https:\/\/topkeymedical.com\/de\/product\/objekttrager-fur-die-zellzahlkammer\/\" \/>\n<meta property=\"og:locale\" content=\"de_DE\" \/>\n<meta property=\"og:type\" content=\"article\" \/>\n<meta property=\"og:title\" content=\"Cell Counting Chamber Slides, Blood cell counting chamber\" \/>\n<meta property=\"og:description\" content=\"In an era dominated by high-throughput flow cytometers, the humble cell counting chamber slides\u00a0remain an indispensable tool in biological\" \/>\n<meta property=\"og:url\" content=\"https:\/\/topkeymedical.com\/de\/product\/objekttrager-fur-die-zellzahlkammer\/\" \/>\n<meta property=\"og:site_name\" content=\"TOPKEY\u2013 Precision in Every Detail, Guardian of Life and Health\" \/>\n<meta property=\"article:publisher\" content=\"https:\/\/www.facebook.com\/profile.php?id=100088897294997\" \/>\n<meta property=\"og:image\" content=\"https:\/\/topkeymedical.com\/wp-content\/uploads\/2026\/01\/Cell-Counting-Chamber-Slides-1.webp\" \/>\n\t<meta property=\"og:image:width\" content=\"500\" \/>\n\t<meta property=\"og:image:height\" content=\"500\" \/>\n\t<meta property=\"og:image:type\" content=\"image\/webp\" \/>\n<meta name=\"twitter:card\" content=\"summary_large_image\" \/>\n<meta name=\"twitter:label1\" content=\"Gesch\u00e4tzte Lesezeit\" \/>\n\t<meta name=\"twitter:data1\" content=\"4\u00a0Minuten\" \/>\n<script type=\"application\/ld+json\" class=\"yoast-schema-graph\">{\"@context\":\"https:\\\/\\\/schema.org\",\"@graph\":[{\"@type\":\"WebPage\",\"@id\":\"https:\\\/\\\/topkeymedical.com\\\/product\\\/cell-counting-chamber-slides\\\/\",\"url\":\"https:\\\/\\\/topkeymedical.com\\\/product\\\/cell-counting-chamber-slides\\\/\",\"name\":\"Cell Counting Chamber Slides, Blood cell counting chamber\",\"isPartOf\":{\"@id\":\"https:\\\/\\\/topkeymedical.com\\\/#website\"},\"primaryImageOfPage\":{\"@id\":\"https:\\\/\\\/topkeymedical.com\\\/product\\\/cell-counting-chamber-slides\\\/#primaryimage\"},\"image\":{\"@id\":\"https:\\\/\\\/topkeymedical.com\\\/product\\\/cell-counting-chamber-slides\\\/#primaryimage\"},\"thumbnailUrl\":\"https:\\\/\\\/topkeymedical.com\\\/wp-content\\\/uploads\\\/2026\\\/01\\\/Cell-Counting-Chamber-Slides-1.webp\",\"datePublished\":\"2026-01-06T07:38:15+00:00\",\"description\":\"In an era dominated by high-throughput flow cytometers, the humble cell counting chamber slides\u00a0remain an indispensable tool in biological\",\"breadcrumb\":{\"@id\":\"https:\\\/\\\/topkeymedical.com\\\/product\\\/cell-counting-chamber-slides\\\/#breadcrumb\"},\"inLanguage\":\"de\",\"potentialAction\":[{\"@type\":\"ReadAction\",\"target\":[\"https:\\\/\\\/topkeymedical.com\\\/product\\\/cell-counting-chamber-slides\\\/\"]}]},{\"@type\":\"ImageObject\",\"inLanguage\":\"de\",\"@id\":\"https:\\\/\\\/topkeymedical.com\\\/product\\\/cell-counting-chamber-slides\\\/#primaryimage\",\"url\":\"https:\\\/\\\/topkeymedical.com\\\/wp-content\\\/uploads\\\/2026\\\/01\\\/Cell-Counting-Chamber-Slides-1.webp\",\"contentUrl\":\"https:\\\/\\\/topkeymedical.com\\\/wp-content\\\/uploads\\\/2026\\\/01\\\/Cell-Counting-Chamber-Slides-1.webp\",\"width\":500,\"height\":500,\"caption\":\"Cell Counting Chamber Slides, Blood cell counting chamber\"},{\"@type\":\"BreadcrumbList\",\"@id\":\"https:\\\/\\\/topkeymedical.com\\\/product\\\/cell-counting-chamber-slides\\\/#breadcrumb\",\"itemListElement\":[{\"@type\":\"ListItem\",\"position\":1,\"name\":\"Home\",\"item\":\"https:\\\/\\\/topkeymedical.com\\\/\"},{\"@type\":\"ListItem\",\"position\":2,\"name\":\"Products\",\"item\":\"https:\\\/\\\/topkeymedical.com\\\/shop\\\/\"},{\"@type\":\"ListItem\",\"position\":3,\"name\":\"Cell Counting Chamber Slides, Blood cell counting chamber\"}]},{\"@type\":\"WebSite\",\"@id\":\"https:\\\/\\\/topkeymedical.com\\\/#website\",\"url\":\"https:\\\/\\\/topkeymedical.com\\\/\",\"name\":\"TOPKEY\u2013 Precision in Every Detail, Guardian of Life and Health\",\"description\":\"\",\"publisher\":{\"@id\":\"https:\\\/\\\/topkeymedical.com\\\/#organization\"},\"potentialAction\":[{\"@type\":\"SearchAction\",\"target\":{\"@type\":\"EntryPoint\",\"urlTemplate\":\"https:\\\/\\\/topkeymedical.com\\\/?s={search_term_string}\"},\"query-input\":{\"@type\":\"PropertyValueSpecification\",\"valueRequired\":true,\"valueName\":\"search_term_string\"}}],\"inLanguage\":\"de\"},{\"@type\":\"Organization\",\"@id\":\"https:\\\/\\\/topkeymedical.com\\\/#organization\",\"name\":\"TOPKEY\u2013 Precision in Every Detail, Guardian of Life and Health\",\"url\":\"https:\\\/\\\/topkeymedical.com\\\/\",\"logo\":{\"@type\":\"ImageObject\",\"inLanguage\":\"de\",\"@id\":\"https:\\\/\\\/topkeymedical.com\\\/#\\\/schema\\\/logo\\\/image\\\/\",\"url\":\"https:\\\/\\\/topkeymedical.com\\\/wp-content\\\/uploads\\\/2025\\\/05\\\/cropped-logo.jpg\",\"contentUrl\":\"https:\\\/\\\/topkeymedical.com\\\/wp-content\\\/uploads\\\/2025\\\/05\\\/cropped-logo.jpg\",\"width\":512,\"height\":512,\"caption\":\"TOPKEY\u2013 Precision in Every Detail, Guardian of Life and Health\"},\"image\":{\"@id\":\"https:\\\/\\\/topkeymedical.com\\\/#\\\/schema\\\/logo\\\/image\\\/\"},\"sameAs\":[\"https:\\\/\\\/www.facebook.com\\\/profile.php?id=100088897294997\",\"https:\\\/\\\/www.youtube.com\\\/@TopkeyMedical-Alice888\",\"https:\\\/\\\/www.linkedin.com\\\/in\\\/alice-hu-bb66a01b3\\\/\"]}]}<\/script>\n<!-- \/ Yoast SEO plugin. -->","yoast_head_json":{"title":"Zellz\u00e4hlkammer Objekttr\u00e4ger, Blutzellenz\u00e4hlkammer","description":"In einer \u00c4ra, die von Durchflusszytometern mit hohem Durchsatz dominiert wird, sind die einfachen Objekttr\u00e4ger der Zellz\u00e4hlkammern nach wie vor ein unverzichtbares Instrument in der biologischen Forschung.","robots":{"index":"index","follow":"follow","max-snippet":"max-snippet:-1","max-image-preview":"max-image-preview:large","max-video-preview":"max-video-preview:-1"},"canonical":"https:\/\/topkeymedical.com\/de\/product\/objekttrager-fur-die-zellzahlkammer\/","og_locale":"de_DE","og_type":"article","og_title":"Cell Counting Chamber Slides, Blood cell counting chamber","og_description":"In an era dominated by high-throughput flow cytometers, the humble cell counting chamber slides\u00a0remain an indispensable tool in biological","og_url":"https:\/\/topkeymedical.com\/de\/product\/objekttrager-fur-die-zellzahlkammer\/","og_site_name":"TOPKEY\u2013 Precision in Every Detail, Guardian of Life and Health","article_publisher":"https:\/\/www.facebook.com\/profile.php?id=100088897294997","og_image":[{"width":500,"height":500,"url":"https:\/\/topkeymedical.com\/wp-content\/uploads\/2026\/01\/Cell-Counting-Chamber-Slides-1.webp","type":"image\/webp"}],"twitter_card":"summary_large_image","twitter_misc":{"Gesch\u00e4tzte Lesezeit":"4\u00a0Minuten"},"schema":{"@context":"https:\/\/schema.org","@graph":[{"@type":"WebPage","@id":"https:\/\/topkeymedical.com\/product\/cell-counting-chamber-slides\/","url":"https:\/\/topkeymedical.com\/product\/cell-counting-chamber-slides\/","name":"Zellz\u00e4hlkammer Objekttr\u00e4ger, Blutzellenz\u00e4hlkammer","isPartOf":{"@id":"https:\/\/topkeymedical.com\/#website"},"primaryImageOfPage":{"@id":"https:\/\/topkeymedical.com\/product\/cell-counting-chamber-slides\/#primaryimage"},"image":{"@id":"https:\/\/topkeymedical.com\/product\/cell-counting-chamber-slides\/#primaryimage"},"thumbnailUrl":"https:\/\/topkeymedical.com\/wp-content\/uploads\/2026\/01\/Cell-Counting-Chamber-Slides-1.webp","datePublished":"2026-01-06T07:38:15+00:00","description":"In einer \u00c4ra, die von Durchflusszytometern mit hohem Durchsatz dominiert wird, sind die einfachen Objekttr\u00e4ger der Zellz\u00e4hlkammern nach wie vor ein unverzichtbares Instrument in der biologischen Forschung.","breadcrumb":{"@id":"https:\/\/topkeymedical.com\/product\/cell-counting-chamber-slides\/#breadcrumb"},"inLanguage":"de","potentialAction":[{"@type":"ReadAction","target":["https:\/\/topkeymedical.com\/product\/cell-counting-chamber-slides\/"]}]},{"@type":"ImageObject","inLanguage":"de","@id":"https:\/\/topkeymedical.com\/product\/cell-counting-chamber-slides\/#primaryimage","url":"https:\/\/topkeymedical.com\/wp-content\/uploads\/2026\/01\/Cell-Counting-Chamber-Slides-1.webp","contentUrl":"https:\/\/topkeymedical.com\/wp-content\/uploads\/2026\/01\/Cell-Counting-Chamber-Slides-1.webp","width":500,"height":500,"caption":"Cell Counting Chamber Slides, Blood cell counting chamber"},{"@type":"BreadcrumbList","@id":"https:\/\/topkeymedical.com\/product\/cell-counting-chamber-slides\/#breadcrumb","itemListElement":[{"@type":"ListItem","position":1,"name":"Home","item":"https:\/\/topkeymedical.com\/"},{"@type":"ListItem","position":2,"name":"Products","item":"https:\/\/topkeymedical.com\/shop\/"},{"@type":"ListItem","position":3,"name":"Cell Counting Chamber Slides, Blood cell counting chamber"}]},{"@type":"WebSite","@id":"https:\/\/topkeymedical.com\/#website","url":"https:\/\/topkeymedical.com\/","name":"TOPKEY- Pr\u00e4zision bis ins Detail, H\u00fcter von Leben und Gesundheit","description":"","publisher":{"@id":"https:\/\/topkeymedical.com\/#organization"},"potentialAction":[{"@type":"SearchAction","target":{"@type":"EntryPoint","urlTemplate":"https:\/\/topkeymedical.com\/?s={search_term_string}"},"query-input":{"@type":"PropertyValueSpecification","valueRequired":true,"valueName":"search_term_string"}}],"inLanguage":"de"},{"@type":"Organization","@id":"https:\/\/topkeymedical.com\/#organization","name":"TOPKEY- Pr\u00e4zision bis ins Detail, H\u00fcter von Leben und Gesundheit","url":"https:\/\/topkeymedical.com\/","logo":{"@type":"ImageObject","inLanguage":"de","@id":"https:\/\/topkeymedical.com\/#\/schema\/logo\/image\/","url":"https:\/\/topkeymedical.com\/wp-content\/uploads\/2025\/05\/cropped-logo.jpg","contentUrl":"https:\/\/topkeymedical.com\/wp-content\/uploads\/2025\/05\/cropped-logo.jpg","width":512,"height":512,"caption":"TOPKEY\u2013 Precision in Every Detail, Guardian of Life and Health"},"image":{"@id":"https:\/\/topkeymedical.com\/#\/schema\/logo\/image\/"},"sameAs":["https:\/\/www.facebook.com\/profile.php?id=100088897294997","https:\/\/www.youtube.com\/@TopkeyMedical-Alice888","https:\/\/www.linkedin.com\/in\/alice-hu-bb66a01b3\/"]}]}},"_links":{"self":[{"href":"https:\/\/topkeymedical.com\/de\/wp-json\/wp\/v2\/product\/1809","targetHints":{"allow":["GET"]}}],"collection":[{"href":"https:\/\/topkeymedical.com\/de\/wp-json\/wp\/v2\/product"}],"about":[{"href":"https:\/\/topkeymedical.com\/de\/wp-json\/wp\/v2\/types\/product"}],"version-history":[{"count":1,"href":"https:\/\/topkeymedical.com\/de\/wp-json\/wp\/v2\/product\/1809\/revisions"}],"predecessor-version":[{"id":1811,"href":"https:\/\/topkeymedical.com\/de\/wp-json\/wp\/v2\/product\/1809\/revisions\/1811"}],"wp:featuredmedia":[{"embeddable":true,"href":"https:\/\/topkeymedical.com\/de\/wp-json\/wp\/v2\/media\/1805"}],"wp:attachment":[{"href":"https:\/\/topkeymedical.com\/de\/wp-json\/wp\/v2\/media?parent=1809"}],"wp:term":[{"taxonomy":"product_brand","embeddable":true,"href":"https:\/\/topkeymedical.com\/de\/wp-json\/wp\/v2\/product_brand?post=1809"},{"taxonomy":"product_cat","embeddable":true,"href":"https:\/\/topkeymedical.com\/de\/wp-json\/wp\/v2\/product_cat?post=1809"},{"taxonomy":"product_tag","embeddable":true,"href":"https:\/\/topkeymedical.com\/de\/wp-json\/wp\/v2\/product_tag?post=1809"}],"curies":[{"name":"wp","href":"https:\/\/api.w.org\/{rel}","templated":true}]}}