{"id":1816,"date":"2026-01-06T13:23:29","date_gmt":"2026-01-06T13:23:29","guid":{"rendered":"https:\/\/topkeymedical.com\/?post_type=product&#038;p=1816"},"modified":"2026-01-06T13:23:30","modified_gmt":"2026-01-06T13:23:30","slug":"0-22-0-45-mikron-nadelfilter","status":"publish","type":"product","link":"https:\/\/topkeymedical.com\/de\/product\/0-22-0-45-mikron-nadelfilter\/","title":{"rendered":"0,22 - 0,45 Mikron Nadelfilter, rote Filternadeln"},"content":{"rendered":"<h2>Einf\u00fchrung in das Produkt:<\/h2>\n<p>Seine glatte, gratfreie Struktur sorgt f\u00fcr einen festen Sitz der Spritzen, w\u00e4hrend das hochdichtende Design Lecks w\u00e4hrend der Filtration verhindert.<\/p>\n<p>Der Nadelfilter bietet au\u00dferdem eine hohe Filtrationseffizienz und f\u00e4ngt Verunreinigungen gr\u00fcndlich ab, um die Reinheit der Probe zu gew\u00e4hrleisten und die nachgeschalteten Ger\u00e4te zu sch\u00fctzen. Er ist mit verschiedenen L\u00f6sungsmitteln und Fl\u00fcssigkeitstypen kompatibel und passt sich an unterschiedliche experimentelle Szenarien an.<\/p>\n<p>Der leichte Einwegfilter ist einfach zu bedienen und vermeidet Kreuzkontaminationen. Die farbcodierte Verpackung erm\u00f6glicht eine schnelle Identifizierung der Spezifikationen.<\/p>\n<p>Ob f\u00fcr die Probenvorbereitung, die Kl\u00e4rung von L\u00f6sungsmitteln oder die Routinefiltration im Labor, sie unterst\u00fctzt nahtlose Aufreinigungsaufgaben mit ihrer hohen Effizienz, Vielseitigkeit und benutzerfreundlichen Leistung.<\/p>\n<h2>Nadelfilter-Parameter:<\/h2>\n<table>\n<tbody>\n<tr>\n<td width=\"128\">Name des Produkts<\/td>\n<td width=\"409\">Nadelfilter<\/td>\n<\/tr>\n<tr>\n<td width=\"128\">Produktfarbe<\/td>\n<td width=\"409\">Gr\u00fcn, rot, lila, gelb<\/td>\n<\/tr>\n<tr>\n<td width=\"128\">Material des Produkts<\/td>\n<td width=\"409\">Polyvinylidenfluorid <a href=\"https:\/\/www.specialchem.com\/plastics\/guide\/polyvinylidene-fluoride-pvdf-plastic\" target=\"_blank\" rel=\"noopener\">PVDF<\/a>, Polytetrafluorethylen <a href=\"https:\/\/en.wikipedia.org\/wiki\/Polytetrafluoroethylene\" target=\"_blank\" rel=\"noopener\">PTFE<\/a>, Polyethersulfon PES, gemischte Cellulose MCE und organisches Nylon 6<\/td>\n<\/tr>\n<tr>\n<td width=\"128\">Produkt<\/p>\n<p>Spezifikation<\/td>\n<td width=\"409\">13mm*0.22\u03bcm, 13mm*0.45\u03bcm, 25mm*0.22\u03bcm,<\/p>\n<p>25mm*0.45um<\/td>\n<\/tr>\n<tr>\n<td width=\"128\">Verwendung des Produkts<\/td>\n<td width=\"409\">F\u00fcr die Vorfiltration von Proben und L\u00f6sungsmitteln zur Entfernung von partikul\u00e4ren Verunreinigungen, bakterizide Filtration von Fl\u00fcssigkeiten und Gasen<\/td>\n<\/tr>\n<\/tbody>\n<\/table>\n<h2>Parameter-Informationstabelle:<\/h2>\n<table width=\"0\">\n<thead>\n<tr>\n<td width=\"87\">Typ<\/td>\n<td width=\"126\">Material<\/td>\n<td width=\"57\">Farbe<\/td>\n<td width=\"67\">Durchmesser<\/td>\n<td width=\"65\">Blende<\/td>\n<td width=\"56\">G\u00fcltigkeit<\/td>\n<td width=\"90\">Menge\/Karton<\/td>\n<\/tr>\n<\/thead>\n<tbody>\n<tr>\n<td width=\"87\">Bio<\/p>\n<p>System<\/td>\n<td width=\"126\">Bio-Nylon 6<\/td>\n<td width=\"57\">gelb<\/td>\n<td width=\"67\">13mm<\/td>\n<td width=\"65\">0,22 um<\/td>\n<td width=\"56\">5Jahre<\/td>\n<td width=\"90\">100PCS\/Karton<\/td>\n<\/tr>\n<tr>\n<td width=\"87\">Bio<\/p>\n<p>System<\/td>\n<td width=\"126\">Bio-Nylon 6<\/td>\n<td width=\"57\">gelb<\/td>\n<td width=\"67\">13mm<\/td>\n<td width=\"65\">0,45 um<\/td>\n<td width=\"56\">5Jahre<\/td>\n<td width=\"90\">100PCS\/Karton<\/td>\n<\/tr>\n<tr>\n<td width=\"87\">Bio<\/p>\n<p>System<\/td>\n<td width=\"126\">Bio-Nylon 6<\/td>\n<td width=\"57\">gelb<\/td>\n<td width=\"67\">25mm<\/td>\n<td width=\"65\">0,22 um<\/td>\n<td width=\"56\">5Jahre<\/td>\n<td width=\"90\">100PCS\/Karton<\/td>\n<\/tr>\n<tr>\n<td width=\"87\">Bio<\/p>\n<p>System<\/td>\n<td width=\"126\">Bio-Nylon 6<\/td>\n<td width=\"57\">gelb<\/td>\n<td width=\"67\">25mm<\/td>\n<td width=\"65\">0,45 um<\/td>\n<td width=\"56\">5Jahre<\/td>\n<td width=\"90\">100PCS\/Karton<\/td>\n<\/tr>\n<tr>\n<td width=\"87\">Entw\u00e4sserung<\/td>\n<td width=\"126\">Gemischte Zellulose MCE<\/td>\n<td width=\"57\">Gr\u00fcn<\/td>\n<td width=\"67\">13mm<\/td>\n<td width=\"65\">0,22 um<\/td>\n<td width=\"56\">5Jahre<\/td>\n<td width=\"90\">100PCS\/Karton<\/td>\n<\/tr>\n<tr>\n<td width=\"87\">Entw\u00e4sserung<\/td>\n<td width=\"126\">Gemischte Zellulose MCE<\/td>\n<td width=\"57\">Gr\u00fcn<\/td>\n<td width=\"67\">13mm<\/td>\n<td width=\"65\">0,45 um<\/td>\n<td width=\"56\">5Jahre<\/td>\n<td width=\"90\">100PCS\/Karton<\/td>\n<\/tr>\n<tr>\n<td width=\"87\">Entw\u00e4sserung<\/td>\n<td width=\"126\">Gemischte Zellulose MCE<\/td>\n<td width=\"57\">Gr\u00fcn<\/td>\n<td width=\"67\">25mm<\/td>\n<td width=\"65\">0,22 um<\/td>\n<td width=\"56\">5Jahre<\/td>\n<td width=\"90\">100PCS\/Karton<\/td>\n<\/tr>\n<tr>\n<td width=\"87\">Entw\u00e4sserung<\/td>\n<td width=\"126\">Gemischte Zellulose MCE<\/td>\n<td width=\"57\">Gr\u00fcn<\/td>\n<td width=\"67\">25mm<\/td>\n<td width=\"65\">0,45 um<\/td>\n<td width=\"56\">5Jahre<\/td>\n<td width=\"90\">100PCS\/Karton<\/td>\n<\/tr>\n<tr>\n<td width=\"87\">Entw\u00e4sserung<\/td>\n<td width=\"126\">Polyethersulfon PES<\/td>\n<td width=\"57\">Gr\u00fcn<\/td>\n<td width=\"67\">13mm<\/td>\n<td width=\"65\">0,22 um<\/td>\n<td width=\"56\">5Jahre<\/td>\n<td width=\"90\">100PCS\/Karton<\/td>\n<\/tr>\n<tr>\n<td width=\"87\">Entw\u00e4sserung<\/td>\n<td width=\"126\">Polyethersulfon PES<\/td>\n<td width=\"57\">Gr\u00fcn<\/td>\n<td width=\"67\">13mm<\/td>\n<td width=\"65\">0,45 um<\/td>\n<td width=\"56\">5Jahre<\/td>\n<td width=\"90\">100PCS\/Karton<\/td>\n<\/tr>\n<tr>\n<td width=\"87\">Entw\u00e4sserung<\/td>\n<td width=\"126\">Polyethersulfon PES<\/td>\n<td width=\"57\">Gr\u00fcn<\/td>\n<td width=\"67\">25mm<\/td>\n<td width=\"65\">0,22 um<\/td>\n<td width=\"56\">5Jahre<\/td>\n<td width=\"90\">100PCS\/Karton<\/td>\n<\/tr>\n<tr>\n<td width=\"87\">Entw\u00e4sserung<\/td>\n<td width=\"126\">Polyethersulfon PES<\/td>\n<td width=\"57\">Gr\u00fcn<\/td>\n<td width=\"67\">25mm<\/td>\n<td width=\"65\">0,45 um<\/td>\n<td width=\"56\">5Jahre<\/td>\n<td width=\"90\">100PCS\/Karton<\/td>\n<\/tr>\n<tr>\n<td width=\"87\">Hydrophil<\/td>\n<td width=\"126\">Tetrafluorethylen PTFE(Q)<\/td>\n<td width=\"57\">Rot<\/td>\n<td width=\"67\">13mm<\/td>\n<td width=\"65\">0,22 um<\/td>\n<td width=\"56\">5Jahre<\/td>\n<td width=\"90\">100PCS\/Karton<\/td>\n<\/tr>\n<tr>\n<td width=\"87\">Hydrophil<\/td>\n<td width=\"126\">Tetrafluorethylen PTFE(Q)<\/td>\n<td width=\"57\">Rot<\/td>\n<td width=\"67\">13mm<\/td>\n<td width=\"65\">0,45 um<\/td>\n<td width=\"56\">5Jahre<\/td>\n<td width=\"90\">100PCS\/Karton<\/td>\n<\/tr>\n<tr>\n<td width=\"87\">Hydrophobie<\/td>\n<td width=\"126\">PTFE(S)<\/td>\n<td width=\"57\">Rot<\/td>\n<td width=\"67\">13mm<\/td>\n<td width=\"65\">0,22\u00b5m<\/td>\n<td width=\"56\">5Jahre<\/td>\n<td width=\"90\">100PCS\/Karton<\/td>\n<\/tr>\n<tr>\n<td width=\"87\">Hydrophobie<\/td>\n<td width=\"126\">PTFE(S)<\/td>\n<td width=\"57\">Rot<\/td>\n<td width=\"67\">13mm<\/td>\n<td width=\"65\">0,45 um<\/td>\n<td width=\"56\">5Jahre<\/td>\n<td width=\"90\">100PCS\/Karton<\/td>\n<\/tr>\n<tr>\n<td width=\"87\">Hydrophil<\/td>\n<td width=\"126\">Tetrafluorethylen PTFE[Q)<\/td>\n<td width=\"57\">Rot<\/td>\n<td width=\"67\">25mm<\/td>\n<td width=\"65\">0,22\u00b5m<\/td>\n<td width=\"56\">5Jahre<\/td>\n<td width=\"90\">100PCS\/Karton<\/td>\n<\/tr>\n<tr>\n<td width=\"87\">Hydrophil<\/td>\n<td width=\"126\">Tetrafluorethylen PTFE[O)<\/td>\n<td width=\"57\">Rot<\/td>\n<td width=\"67\">25mm<\/td>\n<td width=\"65\">0,45 um<\/p>\n<p>&nbsp;<\/td>\n<td width=\"56\">5Jahre<\/td>\n<td width=\"90\">100PCS\/Karton<\/td>\n<\/tr>\n<tr>\n<td width=\"87\">Hydrophobie<\/td>\n<td width=\"126\">PTFE(S)<\/td>\n<td width=\"57\">Rot<\/td>\n<td width=\"67\">25mm<\/td>\n<td width=\"65\">0,22 um<\/td>\n<td width=\"56\">5Jahre<\/td>\n<td width=\"90\">100PCS\/Karton<\/td>\n<\/tr>\n<tr>\n<td width=\"87\">Hydrophobie<\/td>\n<td width=\"126\">PTFE(S)<\/td>\n<td width=\"57\">Rot<\/td>\n<td width=\"67\">25mm<\/td>\n<td width=\"65\">0,45 um<\/td>\n<td width=\"56\">5Jahre<\/td>\n<td width=\"90\">100PCS\/Karton<\/td>\n<\/tr>\n<tr>\n<td width=\"87\">Hydrophil<\/td>\n<td width=\"126\">Polyvinylidenfluorid PVDF(Q)<\/td>\n<td width=\"57\">Fuchsie<\/td>\n<td width=\"67\">13mm<\/td>\n<td width=\"65\">0,22\u00b5m<\/td>\n<td width=\"56\">5Jahre<\/td>\n<td width=\"90\">100PCS\/Karton<\/td>\n<\/tr>\n<tr>\n<td width=\"87\">Hydrophil<\/td>\n<td width=\"126\">Polyvinylidenfluorid PVDF(Q)<\/td>\n<td width=\"57\">Fuchsie<\/td>\n<td width=\"67\">13mm<\/td>\n<td width=\"65\">0,45 um<\/td>\n<td width=\"56\">5Jahre<\/td>\n<td width=\"90\">100PCS\/Karton<\/td>\n<\/tr>\n<tr>\n<td width=\"87\">Hydrophobie<\/td>\n<td width=\"126\">Polyvinylidenfluorid PVDF(S)<\/td>\n<td width=\"57\">Fuchsie<\/td>\n<td width=\"67\">13mm<\/td>\n<td width=\"65\">0,22 um<\/td>\n<td width=\"56\">5Jahre<\/td>\n<td width=\"90\">100PCS\/Karton<\/td>\n<\/tr>\n<tr>\n<td width=\"87\">Hydrophobie<\/td>\n<td width=\"126\">Polyvinylidenfluorid PVDF(S)<\/td>\n<td width=\"57\">Fuchsie<\/td>\n<td width=\"67\">13mm<\/td>\n<td width=\"65\">0,45 um<\/td>\n<td width=\"56\">5Jahre<\/td>\n<td width=\"90\">100PCS\/Karton<\/td>\n<\/tr>\n<tr>\n<td width=\"87\">Hydrophil<\/td>\n<td width=\"126\">Polyvinylidenfluorid PVDF(Q)<\/td>\n<td width=\"57\">Fuchsie<\/td>\n<td width=\"67\">25mm<\/td>\n<td width=\"65\">0,22 um<\/td>\n<td width=\"56\">5Jahre<\/td>\n<td width=\"90\">100PCS\/Karton<\/td>\n<\/tr>\n<tr>\n<td width=\"87\">Hydrophil<\/td>\n<td width=\"126\">Polyvinylidenfluorid PVDF(Q)<\/td>\n<td width=\"57\">Fuchsie<\/td>\n<td width=\"67\">25mm<\/td>\n<td width=\"65\">0,45 um<\/td>\n<td width=\"56\">5Jahre<\/td>\n<td width=\"90\">100PCS\/Karton<\/td>\n<\/tr>\n<tr>\n<td width=\"87\">Hydrophobie<\/td>\n<td width=\"126\">Polyvinylidenfluorid PVDF(S)<\/td>\n<td width=\"57\">Fuchsie<\/td>\n<td width=\"67\">25mm<\/td>\n<td width=\"65\">0,22 um<\/td>\n<td width=\"56\">5Jahre<\/td>\n<td width=\"90\">100PCS\/Karton<\/td>\n<\/tr>\n<tr>\n<td width=\"87\">Hydrophobie<\/td>\n<td width=\"126\">Polyvinylidenfluorid PVDF(S)<\/td>\n<td width=\"57\">Fuchsie<\/td>\n<td width=\"67\">25mm<\/td>\n<td width=\"65\">0,45 um<\/td>\n<td width=\"56\">5Jahre<\/td>\n<td width=\"90\">100PCS\/Karton<\/td>\n<\/tr>\n<\/tbody>\n<\/table>","protected":false},"excerpt":{"rendered":"<p>Ma\u00dfgeschneidert f\u00fcr Labor, Forschung und Industrie ist der TOPKEY-Nadelfilter ein zuverl\u00e4ssiger Partner f\u00fcr die pr\u00e4zise Fl\u00fcssigkeitsfiltration.<br \/>\nEr besteht aus einem Geh\u00e4use aus Polypropylen (PP) und einer Filtermembran aus Fasern\/Polyester (PE\/PET) und ist in verschiedenen Ausf\u00fchrungen erh\u00e4ltlich, um den unterschiedlichsten Filtrationsanforderungen gerecht zu werden.<\/p>","protected":false},"featured_media":1815,"template":"","meta":{"_acf_changed":false,"site-sidebar-layout":"default","site-content-layout":"","ast-site-content-layout":"default","site-content-style":"default","site-sidebar-style":"default","ast-global-header-display":"","ast-banner-title-visibility":"","ast-main-header-display":"","ast-hfb-above-header-display":"","ast-hfb-below-header-display":"","ast-hfb-mobile-header-display":"","site-post-title":"","ast-breadcrumbs-content":"","ast-featured-img":"","footer-sml-layout":"","ast-disable-related-posts":"","theme-transparent-header-meta":"default","adv-header-id-meta":"","stick-header-meta":"","header-above-stick-meta":"","header-main-stick-meta":"","header-below-stick-meta":"","astra-migrate-meta-layouts":"set","ast-page-background-enabled":"default","ast-page-background-meta":{"desktop":{"background-color":"var(--ast-global-color-5)","background-image":"","background-repeat":"repeat","background-position":"center center","background-size":"auto","background-attachment":"scroll","background-type":"","background-media":"","overlay-type":"","overlay-color":"","overlay-opacity":"","overlay-gradient":""},"tablet":{"background-color":"","background-image":"","background-repeat":"repeat","background-position":"center center","background-size":"auto","background-attachment":"scroll","background-type":"","background-media":"","overlay-type":"","overlay-color":"","overlay-opacity":"","overlay-gradient":""},"mobile":{"background-color":"","background-image":"","background-repeat":"repeat","background-position":"center center","background-size":"auto","background-attachment":"scroll","background-type":"","background-media":"","overlay-type":"","overlay-color":"","overlay-opacity":"","overlay-gradient":""}},"ast-content-background-meta":{"desktop":{"background-color":"var(--ast-global-color-4)","background-image":"","background-repeat":"repeat","background-position":"center center","background-size":"auto","background-attachment":"scroll","background-type":"","background-media":"","overlay-type":"","overlay-color":"","overlay-opacity":"","overlay-gradient":""},"tablet":{"background-color":"var(--ast-global-color-4)","background-image":"","background-repeat":"repeat","background-position":"center center","background-size":"auto","background-attachment":"scroll","background-type":"","background-media":"","overlay-type":"","overlay-color":"","overlay-opacity":"","overlay-gradient":""},"mobile":{"background-color":"var(--ast-global-color-4)","background-image":"","background-repeat":"repeat","background-position":"center center","background-size":"auto","background-attachment":"scroll","background-type":"","background-media":"","overlay-type":"","overlay-color":"","overlay-opacity":"","overlay-gradient":""}}},"product_brand":[],"product_cat":[67],"product_tag":[],"class_list":{"0":"post-1816","1":"product","2":"type-product","3":"status-publish","4":"has-post-thumbnail","6":"product_cat-laboratory-consumables","7":"desktop-align-left","8":"tablet-align-left","9":"mobile-align-left","11":"first","12":"instock","13":"shipping-taxable","14":"product-type-simple"},"acf":[],"yoast_head":"<!-- This site is optimized with the Yoast SEO plugin v27.4 - https:\/\/yoast.com\/product\/yoast-seo-wordpress\/ -->\n<title>0.22 - 0.45 micron needle filter, Red filter needles<\/title>\n<meta name=\"description\" content=\"Needle filter is a reliable partner for precise liquid filtration\u2014constructed with a polypropylene (PP) housing and fiber\/polyester (PE\/PET) filter membrane\" \/>\n<meta name=\"robots\" content=\"index, follow, max-snippet:-1, max-image-preview:large, max-video-preview:-1\" \/>\n<link rel=\"canonical\" href=\"https:\/\/topkeymedical.com\/de\/product\/0-22-0-45-mikron-nadelfilter\/\" \/>\n<meta property=\"og:locale\" content=\"de_DE\" \/>\n<meta property=\"og:type\" content=\"article\" \/>\n<meta property=\"og:title\" content=\"0.22 - 0.45 micron needle filter, Red filter needles\" \/>\n<meta property=\"og:description\" content=\"Needle filter is a reliable partner for precise liquid filtration\u2014constructed with a polypropylene (PP) housing and fiber\/polyester (PE\/PET) filter membrane\" \/>\n<meta property=\"og:url\" content=\"https:\/\/topkeymedical.com\/de\/product\/0-22-0-45-mikron-nadelfilter\/\" \/>\n<meta property=\"og:site_name\" content=\"TOPKEY\u2013 Precision in Every Detail, Guardian of Life and Health\" \/>\n<meta property=\"article:publisher\" content=\"https:\/\/www.facebook.com\/profile.php?id=100088897294997\" \/>\n<meta property=\"article:modified_time\" content=\"2026-01-06T13:23:30+00:00\" \/>\n<meta property=\"og:image\" content=\"https:\/\/topkeymedical.com\/wp-content\/uploads\/2026\/01\/needle-filter-1.webp\" \/>\n\t<meta property=\"og:image:width\" content=\"488\" \/>\n\t<meta property=\"og:image:height\" content=\"488\" \/>\n\t<meta property=\"og:image:type\" content=\"image\/webp\" \/>\n<meta name=\"twitter:card\" content=\"summary_large_image\" \/>\n<meta name=\"twitter:label1\" content=\"Gesch\u00e4tzte Lesezeit\" \/>\n\t<meta name=\"twitter:data1\" content=\"2\u00a0Minuten\" \/>\n<script type=\"application\/ld+json\" class=\"yoast-schema-graph\">{\"@context\":\"https:\\\/\\\/schema.org\",\"@graph\":[{\"@type\":\"WebPage\",\"@id\":\"https:\\\/\\\/topkeymedical.com\\\/product\\\/0-22-0-45-micron-needle-filter\\\/\",\"url\":\"https:\\\/\\\/topkeymedical.com\\\/product\\\/0-22-0-45-micron-needle-filter\\\/\",\"name\":\"0.22 - 0.45 micron needle filter, Red filter needles\",\"isPartOf\":{\"@id\":\"https:\\\/\\\/topkeymedical.com\\\/#website\"},\"primaryImageOfPage\":{\"@id\":\"https:\\\/\\\/topkeymedical.com\\\/product\\\/0-22-0-45-micron-needle-filter\\\/#primaryimage\"},\"image\":{\"@id\":\"https:\\\/\\\/topkeymedical.com\\\/product\\\/0-22-0-45-micron-needle-filter\\\/#primaryimage\"},\"thumbnailUrl\":\"https:\\\/\\\/topkeymedical.com\\\/wp-content\\\/uploads\\\/2026\\\/01\\\/needle-filter-1.webp\",\"datePublished\":\"2026-01-06T13:23:29+00:00\",\"dateModified\":\"2026-01-06T13:23:30+00:00\",\"description\":\"Needle filter is a reliable partner for precise liquid filtration\u2014constructed with a polypropylene (PP) housing and fiber\\\/polyester (PE\\\/PET) filter membrane\",\"breadcrumb\":{\"@id\":\"https:\\\/\\\/topkeymedical.com\\\/product\\\/0-22-0-45-micron-needle-filter\\\/#breadcrumb\"},\"inLanguage\":\"de\",\"potentialAction\":[{\"@type\":\"ReadAction\",\"target\":[\"https:\\\/\\\/topkeymedical.com\\\/product\\\/0-22-0-45-micron-needle-filter\\\/\"]}]},{\"@type\":\"ImageObject\",\"inLanguage\":\"de\",\"@id\":\"https:\\\/\\\/topkeymedical.com\\\/product\\\/0-22-0-45-micron-needle-filter\\\/#primaryimage\",\"url\":\"https:\\\/\\\/topkeymedical.com\\\/wp-content\\\/uploads\\\/2026\\\/01\\\/needle-filter-1.webp\",\"contentUrl\":\"https:\\\/\\\/topkeymedical.com\\\/wp-content\\\/uploads\\\/2026\\\/01\\\/needle-filter-1.webp\",\"width\":488,\"height\":488,\"caption\":\"0.22 - 0.45 micron needle filter, Red filter needles\"},{\"@type\":\"BreadcrumbList\",\"@id\":\"https:\\\/\\\/topkeymedical.com\\\/product\\\/0-22-0-45-micron-needle-filter\\\/#breadcrumb\",\"itemListElement\":[{\"@type\":\"ListItem\",\"position\":1,\"name\":\"Home\",\"item\":\"https:\\\/\\\/topkeymedical.com\\\/\"},{\"@type\":\"ListItem\",\"position\":2,\"name\":\"Products\",\"item\":\"https:\\\/\\\/topkeymedical.com\\\/shop\\\/\"},{\"@type\":\"ListItem\",\"position\":3,\"name\":\"0.22 &#8211; 0.45 micron needle filter, Red filter needles\"}]},{\"@type\":\"WebSite\",\"@id\":\"https:\\\/\\\/topkeymedical.com\\\/#website\",\"url\":\"https:\\\/\\\/topkeymedical.com\\\/\",\"name\":\"TOPKEY\u2013 Precision in Every Detail, Guardian of Life and Health\",\"description\":\"\",\"publisher\":{\"@id\":\"https:\\\/\\\/topkeymedical.com\\\/#organization\"},\"potentialAction\":[{\"@type\":\"SearchAction\",\"target\":{\"@type\":\"EntryPoint\",\"urlTemplate\":\"https:\\\/\\\/topkeymedical.com\\\/?s={search_term_string}\"},\"query-input\":{\"@type\":\"PropertyValueSpecification\",\"valueRequired\":true,\"valueName\":\"search_term_string\"}}],\"inLanguage\":\"de\"},{\"@type\":\"Organization\",\"@id\":\"https:\\\/\\\/topkeymedical.com\\\/#organization\",\"name\":\"TOPKEY\u2013 Precision in Every Detail, Guardian of Life and Health\",\"url\":\"https:\\\/\\\/topkeymedical.com\\\/\",\"logo\":{\"@type\":\"ImageObject\",\"inLanguage\":\"de\",\"@id\":\"https:\\\/\\\/topkeymedical.com\\\/#\\\/schema\\\/logo\\\/image\\\/\",\"url\":\"https:\\\/\\\/topkeymedical.com\\\/wp-content\\\/uploads\\\/2025\\\/05\\\/cropped-logo.jpg\",\"contentUrl\":\"https:\\\/\\\/topkeymedical.com\\\/wp-content\\\/uploads\\\/2025\\\/05\\\/cropped-logo.jpg\",\"width\":512,\"height\":512,\"caption\":\"TOPKEY\u2013 Precision in Every Detail, Guardian of Life and Health\"},\"image\":{\"@id\":\"https:\\\/\\\/topkeymedical.com\\\/#\\\/schema\\\/logo\\\/image\\\/\"},\"sameAs\":[\"https:\\\/\\\/www.facebook.com\\\/profile.php?id=100088897294997\",\"https:\\\/\\\/www.youtube.com\\\/@TopkeyMedical-Alice888\",\"https:\\\/\\\/www.linkedin.com\\\/in\\\/alice-hu-bb66a01b3\\\/\"]}]}<\/script>\n<!-- \/ Yoast SEO plugin. -->","yoast_head_json":{"title":"0,22 - 0,45 Mikron Nadelfilter, rote Filternadeln","description":"Der Nadelfilter ist ein zuverl\u00e4ssiger Partner f\u00fcr die pr\u00e4zise Fl\u00fcssigkeitsfiltration. Er besteht aus einem Geh\u00e4use aus Polypropylen (PP) und einer Filtermembran aus Fasern\/Polyester (PE\/PET).","robots":{"index":"index","follow":"follow","max-snippet":"max-snippet:-1","max-image-preview":"max-image-preview:large","max-video-preview":"max-video-preview:-1"},"canonical":"https:\/\/topkeymedical.com\/de\/product\/0-22-0-45-mikron-nadelfilter\/","og_locale":"de_DE","og_type":"article","og_title":"0.22 - 0.45 micron needle filter, Red filter needles","og_description":"Needle filter is a reliable partner for precise liquid filtration\u2014constructed with a polypropylene (PP) housing and fiber\/polyester (PE\/PET) filter membrane","og_url":"https:\/\/topkeymedical.com\/de\/product\/0-22-0-45-mikron-nadelfilter\/","og_site_name":"TOPKEY\u2013 Precision in Every Detail, Guardian of Life and Health","article_publisher":"https:\/\/www.facebook.com\/profile.php?id=100088897294997","article_modified_time":"2026-01-06T13:23:30+00:00","og_image":[{"width":488,"height":488,"url":"https:\/\/topkeymedical.com\/wp-content\/uploads\/2026\/01\/needle-filter-1.webp","type":"image\/webp"}],"twitter_card":"summary_large_image","twitter_misc":{"Gesch\u00e4tzte Lesezeit":"2\u00a0Minuten"},"schema":{"@context":"https:\/\/schema.org","@graph":[{"@type":"WebPage","@id":"https:\/\/topkeymedical.com\/product\/0-22-0-45-micron-needle-filter\/","url":"https:\/\/topkeymedical.com\/product\/0-22-0-45-micron-needle-filter\/","name":"0,22 - 0,45 Mikron Nadelfilter, rote Filternadeln","isPartOf":{"@id":"https:\/\/topkeymedical.com\/#website"},"primaryImageOfPage":{"@id":"https:\/\/topkeymedical.com\/product\/0-22-0-45-micron-needle-filter\/#primaryimage"},"image":{"@id":"https:\/\/topkeymedical.com\/product\/0-22-0-45-micron-needle-filter\/#primaryimage"},"thumbnailUrl":"https:\/\/topkeymedical.com\/wp-content\/uploads\/2026\/01\/needle-filter-1.webp","datePublished":"2026-01-06T13:23:29+00:00","dateModified":"2026-01-06T13:23:30+00:00","description":"Der Nadelfilter ist ein zuverl\u00e4ssiger Partner f\u00fcr die pr\u00e4zise Fl\u00fcssigkeitsfiltration. Er besteht aus einem Geh\u00e4use aus Polypropylen (PP) und einer Filtermembran aus Fasern\/Polyester (PE\/PET).","breadcrumb":{"@id":"https:\/\/topkeymedical.com\/product\/0-22-0-45-micron-needle-filter\/#breadcrumb"},"inLanguage":"de","potentialAction":[{"@type":"ReadAction","target":["https:\/\/topkeymedical.com\/product\/0-22-0-45-micron-needle-filter\/"]}]},{"@type":"ImageObject","inLanguage":"de","@id":"https:\/\/topkeymedical.com\/product\/0-22-0-45-micron-needle-filter\/#primaryimage","url":"https:\/\/topkeymedical.com\/wp-content\/uploads\/2026\/01\/needle-filter-1.webp","contentUrl":"https:\/\/topkeymedical.com\/wp-content\/uploads\/2026\/01\/needle-filter-1.webp","width":488,"height":488,"caption":"0.22 - 0.45 micron needle filter, Red filter needles"},{"@type":"BreadcrumbList","@id":"https:\/\/topkeymedical.com\/product\/0-22-0-45-micron-needle-filter\/#breadcrumb","itemListElement":[{"@type":"ListItem","position":1,"name":"Home","item":"https:\/\/topkeymedical.com\/"},{"@type":"ListItem","position":2,"name":"Products","item":"https:\/\/topkeymedical.com\/shop\/"},{"@type":"ListItem","position":3,"name":"0.22 &#8211; 0.45 micron needle filter, Red filter needles"}]},{"@type":"WebSite","@id":"https:\/\/topkeymedical.com\/#website","url":"https:\/\/topkeymedical.com\/","name":"TOPKEY- Pr\u00e4zision bis ins Detail, H\u00fcter von Leben und Gesundheit","description":"","publisher":{"@id":"https:\/\/topkeymedical.com\/#organization"},"potentialAction":[{"@type":"SearchAction","target":{"@type":"EntryPoint","urlTemplate":"https:\/\/topkeymedical.com\/?s={search_term_string}"},"query-input":{"@type":"PropertyValueSpecification","valueRequired":true,"valueName":"search_term_string"}}],"inLanguage":"de"},{"@type":"Organization","@id":"https:\/\/topkeymedical.com\/#organization","name":"TOPKEY- Pr\u00e4zision bis ins Detail, H\u00fcter von Leben und Gesundheit","url":"https:\/\/topkeymedical.com\/","logo":{"@type":"ImageObject","inLanguage":"de","@id":"https:\/\/topkeymedical.com\/#\/schema\/logo\/image\/","url":"https:\/\/topkeymedical.com\/wp-content\/uploads\/2025\/05\/cropped-logo.jpg","contentUrl":"https:\/\/topkeymedical.com\/wp-content\/uploads\/2025\/05\/cropped-logo.jpg","width":512,"height":512,"caption":"TOPKEY\u2013 Precision in Every Detail, Guardian of Life and Health"},"image":{"@id":"https:\/\/topkeymedical.com\/#\/schema\/logo\/image\/"},"sameAs":["https:\/\/www.facebook.com\/profile.php?id=100088897294997","https:\/\/www.youtube.com\/@TopkeyMedical-Alice888","https:\/\/www.linkedin.com\/in\/alice-hu-bb66a01b3\/"]}]}},"_links":{"self":[{"href":"https:\/\/topkeymedical.com\/de\/wp-json\/wp\/v2\/product\/1816","targetHints":{"allow":["GET"]}}],"collection":[{"href":"https:\/\/topkeymedical.com\/de\/wp-json\/wp\/v2\/product"}],"about":[{"href":"https:\/\/topkeymedical.com\/de\/wp-json\/wp\/v2\/types\/product"}],"version-history":[{"count":1,"href":"https:\/\/topkeymedical.com\/de\/wp-json\/wp\/v2\/product\/1816\/revisions"}],"predecessor-version":[{"id":1817,"href":"https:\/\/topkeymedical.com\/de\/wp-json\/wp\/v2\/product\/1816\/revisions\/1817"}],"wp:featuredmedia":[{"embeddable":true,"href":"https:\/\/topkeymedical.com\/de\/wp-json\/wp\/v2\/media\/1815"}],"wp:attachment":[{"href":"https:\/\/topkeymedical.com\/de\/wp-json\/wp\/v2\/media?parent=1816"}],"wp:term":[{"taxonomy":"product_brand","embeddable":true,"href":"https:\/\/topkeymedical.com\/de\/wp-json\/wp\/v2\/product_brand?post=1816"},{"taxonomy":"product_cat","embeddable":true,"href":"https:\/\/topkeymedical.com\/de\/wp-json\/wp\/v2\/product_cat?post=1816"},{"taxonomy":"product_tag","embeddable":true,"href":"https:\/\/topkeymedical.com\/de\/wp-json\/wp\/v2\/product_tag?post=1816"}],"curies":[{"name":"wp","href":"https:\/\/api.w.org\/{rel}","templated":true}]}}