{"id":855,"date":"2025-06-17T07:23:05","date_gmt":"2025-06-17T07:23:05","guid":{"rendered":"https:\/\/topkeymedical.com\/?post_type=product&#038;p=855"},"modified":"2025-09-06T01:58:09","modified_gmt":"2025-09-06T01:58:09","slug":"dosiernadelspitzen-tt30g","status":"publish","type":"product","link":"https:\/\/topkeymedical.com\/de\/product\/dosiernadelspitzen-tt30g\/","title":{"rendered":"Dosiernadelspitzen TT30G(\u00f80,16) Transparent Gelb"},"content":{"rendered":"<h2 data-start=\"1223\" data-end=\"1255\">Technische Daten<\/h2>\n<div class=\"_tableContainer_1rjym_1\">\n<div class=\"_tableWrapper_1rjym_13 group flex w-fit flex-col-reverse\" tabindex=\"-1\">\n<table class=\"w-fit min-w-(--thread-content-width)\" data-start=\"1257\" data-end=\"3138\">\n<thead data-start=\"1257\" data-end=\"1373\">\n<tr data-start=\"1257\" data-end=\"1373\">\n<th data-start=\"1257\" data-end=\"1286\" data-col-size=\"sm\">Parameter<\/th>\n<th data-start=\"1286\" data-end=\"1373\" data-col-size=\"md\">Wert \/ Beschreibung<\/th>\n<\/tr>\n<\/thead>\n<tbody data-start=\"1492\" data-end=\"3138\">\n<tr data-start=\"1492\" data-end=\"1609\">\n<td data-start=\"1492\" data-end=\"1522\" data-col-size=\"sm\"><strong data-start=\"1494\" data-end=\"1510\">Produktname<\/strong><\/td>\n<td data-start=\"1522\" data-end=\"1609\" data-col-size=\"md\">Dosiernadelspitzen TT30G<\/td>\n<\/tr>\n<tr data-start=\"1610\" data-end=\"1727\">\n<td data-start=\"1610\" data-end=\"1640\" data-col-size=\"sm\"><strong data-start=\"1612\" data-end=\"1627\">SKU-Beispiel<\/strong><\/td>\n<td data-start=\"1640\" data-end=\"1727\" data-col-size=\"md\">TT30G (\u00f80,16 mm) Transparent Gelb<\/td>\n<\/tr>\n<tr data-start=\"1728\" data-end=\"1844\">\n<td data-start=\"1728\" data-end=\"1758\" data-col-size=\"sm\"><strong data-start=\"1730\" data-end=\"1744\">Spurweite Gr\u00f6\u00dfe<\/strong><\/td>\n<td data-start=\"1758\" data-end=\"1844\" data-col-size=\"md\">30G<\/td>\n<\/tr>\n<tr data-start=\"1845\" data-end=\"1961\">\n<td data-start=\"1845\" data-end=\"1875\" data-col-size=\"sm\"><strong data-start=\"1847\" data-end=\"1870\">Innendurchmesser (ID)<\/strong><\/td>\n<td data-start=\"1875\" data-end=\"1961\" data-col-size=\"md\">0,16 mm<\/td>\n<\/tr>\n<tr data-start=\"1962\" data-end=\"2078\">\n<td data-start=\"1962\" data-end=\"1992\" data-col-size=\"sm\"><strong data-start=\"1964\" data-end=\"1987\">\u00c4u\u00dferer Durchmesser (OD)<\/strong><\/td>\n<td data-start=\"1992\" data-end=\"2078\" data-col-size=\"md\">~0,31 mm<\/td>\n<\/tr>\n<tr data-start=\"2079\" data-end=\"2196\">\n<td data-start=\"2079\" data-end=\"2109\" data-col-size=\"sm\"><strong data-start=\"2081\" data-end=\"2098\">Nadell\u00e4nge<\/strong><\/td>\n<td data-start=\"2109\" data-end=\"2196\" data-col-size=\"md\">Standardl\u00e4nge \u00bd Zoll (12,7 mm) oder anpassbar (je nach Lieferant)<\/td>\n<\/tr>\n<tr data-start=\"2197\" data-end=\"2314\">\n<td data-start=\"2197\" data-end=\"2227\" data-col-size=\"sm\"><strong data-start=\"2199\" data-end=\"2221\">Material - Kan\u00fcle<\/strong><\/td>\n<td data-start=\"2227\" data-end=\"2314\" data-col-size=\"md\">Rostfreier Stahl, korrosionsbest\u00e4ndig<\/td>\n<\/tr>\n<tr data-start=\"2315\" data-end=\"2431\">\n<td data-start=\"2315\" data-end=\"2345\" data-col-size=\"sm\"><strong data-start=\"2317\" data-end=\"2335\">Material - Nabe<\/strong><\/td>\n<td data-start=\"2345\" data-end=\"2431\" data-col-size=\"md\">Polypropylen, transparent gelb, Luer-Lock-kompatibel<\/td>\n<\/tr>\n<tr data-start=\"2432\" data-end=\"2549\">\n<td data-start=\"2432\" data-end=\"2462\" data-col-size=\"sm\"><strong data-start=\"2434\" data-end=\"2453\">Verbindungstyp<\/strong><\/td>\n<td data-start=\"2462\" data-end=\"2549\" data-col-size=\"md\">Standard Luer-Lock oder Luer-Slip<\/td>\n<\/tr>\n<tr data-start=\"2550\" data-end=\"2667\">\n<td data-start=\"2550\" data-end=\"2580\" data-col-size=\"sm\"><strong data-start=\"2552\" data-end=\"2576\">Sterilisationsverfahren<\/strong><\/td>\n<td data-start=\"2580\" data-end=\"2667\" data-col-size=\"md\">EO-Gas-Sterilisation<\/td>\n<\/tr>\n<tr data-start=\"2668\" data-end=\"2785\">\n<td data-start=\"2668\" data-end=\"2698\" data-col-size=\"sm\"><strong data-start=\"2670\" data-end=\"2683\">Verpackung<\/strong><\/td>\n<td data-start=\"2698\" data-end=\"2785\" data-col-size=\"md\">Einzeln versiegelt, 100 St\u00fcck pro Karton<\/td>\n<\/tr>\n<tr data-start=\"2786\" data-end=\"2902\">\n<td data-start=\"2786\" data-end=\"2816\" data-col-size=\"sm\"><strong data-start=\"2788\" data-end=\"2802\">Single-Use<\/strong><\/td>\n<td data-start=\"2816\" data-end=\"2902\" data-col-size=\"md\">Ja<\/td>\n<\/tr>\n<tr data-start=\"2903\" data-end=\"3020\">\n<td data-start=\"2903\" data-end=\"2933\" data-col-size=\"sm\"><strong data-start=\"2905\" data-end=\"2922\">Zertifizierung<\/strong><\/td>\n<td data-start=\"2933\" data-end=\"3020\" data-col-size=\"md\">ISO 13485, CE-Kennzeichnung, FDA-Konformit\u00e4t<\/td>\n<\/tr>\n<tr data-start=\"3021\" data-end=\"3138\">\n<td data-start=\"3021\" data-end=\"3051\" data-col-size=\"sm\"><strong data-start=\"3023\" data-end=\"3037\">Haltbarkeitsdauer<\/strong><\/td>\n<td data-start=\"3051\" data-end=\"3138\" data-col-size=\"md\">3-5 Jahre bei ordnungsgem\u00e4\u00dfer Lagerung<\/td>\n<\/tr>\n<\/tbody>\n<\/table>\n<\/div>\n<\/div>\n<hr data-start=\"3140\" data-end=\"3143\" \/>\n<p>Die Dosiernadelspitzen TT30G (\u00f80,16) Transparent Gelb sind pr\u00e4zisionsgefertigte Dosiernadeln, die f\u00fcr den pr\u00e4zisen und konsistenten Auftrag von Fl\u00fcssigkeiten in verschiedenen Industriezweigen entwickelt wurden, z. B. in der Elektronik, der Montage von medizinischen Ger\u00e4ten und der Mikroelektronik. Mit einem ultrafeinen Innendurchmesser von 0,16 mm gew\u00e4hrleisten diese Nadelspitzen eine hochpr\u00e4zise Dosierung von Klebstoffen, Schmiermitteln, L\u00f6sungsmitteln und anderen Fl\u00fcssigkeiten mit niedriger bis mittlerer Viskosit\u00e4t und sind somit ideal f\u00fcr heikle Anwendungen, die einen minimalen Materialabfall erfordern.<\/p>\n<p>Diese aus hochwertigem, transparentem, gelbem Polymer gefertigten Spitzen bieten eine ausgezeichnete chemische Best\u00e4ndigkeit und Haltbarkeit und erm\u00f6glichen eine einfache visuelle Kontrolle des Fl\u00fcssigkeitsflusses. Ihr konisches Design minimiert Verstopfungen und gew\u00e4hrleistet eine reibungslose, blasenfreie Dosierung. Die TT30G-Nadeln sind mit den meisten Standard-Dosiersystemen kompatibel und bieten zuverl\u00e4ssige Leistung f\u00fcr automatisierte und manuelle Dosierprozesse.<\/p>\n<p>Die wichtigsten Vorteile:<br \/>\n\u2714 Ultrafeiner Innendurchmesser von 0,16 mm f\u00fcr punktgenaues Arbeiten<br \/>\n\u2714 Transparentes gelbes Material f\u00fcr klare Durchflusskontrolle<br \/>\n\u2714 Chemikalienbest\u00e4ndige und langlebige Konstruktion<br \/>\n\u2714 Reduzierte Verstopfung durch optimiertes Kegeldesign<br \/>\n\u2714 Geeignet f\u00fcr Elektronik-, Medizin- und Industrieanwendungen**<\/p>\n<p>Verbessern Sie Ihren Dosierprozess mit den Pr\u00e4zisionsnadelspitzen TT30G, bei denen Genauigkeit auf Zuverl\u00e4ssigkeit trifft.<\/p>\n<p>&nbsp;<\/p>","protected":false},"excerpt":{"rendered":"<p>Ultrafeine 30-Gauge (0,16 mm)-Dosiernadelspitzen TT30G f\u00fcr spezielle medizinische Anwendungen wie Insulinverabreichung, intradermale Injektionen oder ophthalmologische Verfahren. Das transparente gelbe Material erm\u00f6glicht eine visuelle Best\u00e4tigung des Medikamentenflusses und gew\u00e4hrleistet gleichzeitig Pr\u00e4zision bei empfindlichen Behandlungen.<\/p>","protected":false},"featured_media":1196,"template":"","meta":{"_acf_changed":false,"site-sidebar-layout":"default","site-content-layout":"","ast-site-content-layout":"default","site-content-style":"default","site-sidebar-style":"default","ast-global-header-display":"","ast-banner-title-visibility":"","ast-main-header-display":"","ast-hfb-above-header-display":"","ast-hfb-below-header-display":"","ast-hfb-mobile-header-display":"","site-post-title":"","ast-breadcrumbs-content":"","ast-featured-img":"","footer-sml-layout":"","ast-disable-related-posts":"","theme-transparent-header-meta":"default","adv-header-id-meta":"","stick-header-meta":"","header-above-stick-meta":"","header-main-stick-meta":"","header-below-stick-meta":"","astra-migrate-meta-layouts":"set","ast-page-background-enabled":"default","ast-page-background-meta":{"desktop":{"background-color":"var(--ast-global-color-5)","background-image":"","background-repeat":"repeat","background-position":"center center","background-size":"auto","background-attachment":"scroll","background-type":"","background-media":"","overlay-type":"","overlay-color":"","overlay-opacity":"","overlay-gradient":""},"tablet":{"background-color":"","background-image":"","background-repeat":"repeat","background-position":"center center","background-size":"auto","background-attachment":"scroll","background-type":"","background-media":"","overlay-type":"","overlay-color":"","overlay-opacity":"","overlay-gradient":""},"mobile":{"background-color":"","background-image":"","background-repeat":"repeat","background-position":"center center","background-size":"auto","background-attachment":"scroll","background-type":"","background-media":"","overlay-type":"","overlay-color":"","overlay-opacity":"","overlay-gradient":""}},"ast-content-background-meta":{"desktop":{"background-color":"var(--ast-global-color-4)","background-image":"","background-repeat":"repeat","background-position":"center center","background-size":"auto","background-attachment":"scroll","background-type":"","background-media":"","overlay-type":"","overlay-color":"","overlay-opacity":"","overlay-gradient":""},"tablet":{"background-color":"var(--ast-global-color-4)","background-image":"","background-repeat":"repeat","background-position":"center center","background-size":"auto","background-attachment":"scroll","background-type":"","background-media":"","overlay-type":"","overlay-color":"","overlay-opacity":"","overlay-gradient":""},"mobile":{"background-color":"var(--ast-global-color-4)","background-image":"","background-repeat":"repeat","background-position":"center center","background-size":"auto","background-attachment":"scroll","background-type":"","background-media":"","overlay-type":"","overlay-color":"","overlay-opacity":"","overlay-gradient":""}}},"product_brand":[],"product_cat":[58,64],"product_tag":[],"class_list":{"0":"post-855","1":"product","2":"type-product","3":"status-publish","4":"has-post-thumbnail","6":"product_cat-dispensing-needles","7":"product_cat-dispensing-needles-and-tips","8":"desktop-align-left","9":"tablet-align-left","10":"mobile-align-left","12":"first","13":"instock","14":"shipping-taxable","15":"product-type-simple"},"acf":[],"yoast_head":"<!-- This site is optimized with the Yoast SEO plugin v27.4 - https:\/\/yoast.com\/product\/yoast-seo-wordpress\/ -->\n<title>Dispensing Needle Tips TT30G(\u00f80.16) Transparent Yellow<\/title>\n<meta name=\"description\" content=\"Ultra-fine 30-gauge (0.16mm) dispensing needle tips TT30G for specialized medical applications including insulin delivery.\" \/>\n<meta name=\"robots\" content=\"index, follow, max-snippet:-1, max-image-preview:large, max-video-preview:-1\" \/>\n<link rel=\"canonical\" href=\"https:\/\/topkeymedical.com\/de\/product\/dosiernadelspitzen-tt30g\/\" \/>\n<meta property=\"og:locale\" content=\"de_DE\" \/>\n<meta property=\"og:type\" content=\"article\" \/>\n<meta property=\"og:title\" content=\"Dispensing Needle Tips TT30G(\u00f80.16) Transparent Yellow\" \/>\n<meta property=\"og:description\" content=\"Ultra-fine 30-gauge (0.16mm) dispensing needle tips TT30G for specialized medical applications including insulin delivery.\" \/>\n<meta property=\"og:url\" content=\"https:\/\/topkeymedical.com\/de\/product\/dosiernadelspitzen-tt30g\/\" \/>\n<meta property=\"og:site_name\" content=\"TOPKEY\u2013 Precision in Every Detail, Guardian of Life and Health\" \/>\n<meta property=\"article:publisher\" content=\"https:\/\/www.facebook.com\/profile.php?id=100088897294997\" \/>\n<meta property=\"article:modified_time\" content=\"2025-09-06T01:58:09+00:00\" \/>\n<meta property=\"og:image\" content=\"https:\/\/topkeymedical.com\/wp-content\/uploads\/2025\/08\/Dispensing-Needle-Tips-TT30G-1.webp\" \/>\n\t<meta property=\"og:image:width\" content=\"800\" \/>\n\t<meta property=\"og:image:height\" content=\"800\" \/>\n\t<meta property=\"og:image:type\" content=\"image\/webp\" \/>\n<meta name=\"twitter:card\" content=\"summary_large_image\" \/>\n<meta name=\"twitter:label1\" content=\"Gesch\u00e4tzte Lesezeit\" \/>\n\t<meta name=\"twitter:data1\" content=\"2\u00a0Minuten\" \/>\n<script type=\"application\/ld+json\" class=\"yoast-schema-graph\">{\"@context\":\"https:\\\/\\\/schema.org\",\"@graph\":[{\"@type\":\"WebPage\",\"@id\":\"https:\\\/\\\/topkeymedical.com\\\/product\\\/dispensing-needle-tips-tt30g\\\/\",\"url\":\"https:\\\/\\\/topkeymedical.com\\\/product\\\/dispensing-needle-tips-tt30g\\\/\",\"name\":\"Dispensing Needle Tips TT30G(\u00f80.16) Transparent Yellow\",\"isPartOf\":{\"@id\":\"https:\\\/\\\/topkeymedical.com\\\/#website\"},\"primaryImageOfPage\":{\"@id\":\"https:\\\/\\\/topkeymedical.com\\\/product\\\/dispensing-needle-tips-tt30g\\\/#primaryimage\"},\"image\":{\"@id\":\"https:\\\/\\\/topkeymedical.com\\\/product\\\/dispensing-needle-tips-tt30g\\\/#primaryimage\"},\"thumbnailUrl\":\"https:\\\/\\\/topkeymedical.com\\\/wp-content\\\/uploads\\\/2025\\\/08\\\/Dispensing-Needle-Tips-TT30G-1.webp\",\"datePublished\":\"2025-06-17T07:23:05+00:00\",\"dateModified\":\"2025-09-06T01:58:09+00:00\",\"description\":\"Ultra-fine 30-gauge (0.16mm) dispensing needle tips TT30G for specialized medical applications including insulin delivery.\",\"breadcrumb\":{\"@id\":\"https:\\\/\\\/topkeymedical.com\\\/product\\\/dispensing-needle-tips-tt30g\\\/#breadcrumb\"},\"inLanguage\":\"de\",\"potentialAction\":[{\"@type\":\"ReadAction\",\"target\":[\"https:\\\/\\\/topkeymedical.com\\\/product\\\/dispensing-needle-tips-tt30g\\\/\"]}]},{\"@type\":\"ImageObject\",\"inLanguage\":\"de\",\"@id\":\"https:\\\/\\\/topkeymedical.com\\\/product\\\/dispensing-needle-tips-tt30g\\\/#primaryimage\",\"url\":\"https:\\\/\\\/topkeymedical.com\\\/wp-content\\\/uploads\\\/2025\\\/08\\\/Dispensing-Needle-Tips-TT30G-1.webp\",\"contentUrl\":\"https:\\\/\\\/topkeymedical.com\\\/wp-content\\\/uploads\\\/2025\\\/08\\\/Dispensing-Needle-Tips-TT30G-1.webp\",\"width\":800,\"height\":800,\"caption\":\"Dispensing Needle Tips TT30G\"},{\"@type\":\"BreadcrumbList\",\"@id\":\"https:\\\/\\\/topkeymedical.com\\\/product\\\/dispensing-needle-tips-tt30g\\\/#breadcrumb\",\"itemListElement\":[{\"@type\":\"ListItem\",\"position\":1,\"name\":\"Home\",\"item\":\"https:\\\/\\\/topkeymedical.com\\\/\"},{\"@type\":\"ListItem\",\"position\":2,\"name\":\"Products\",\"item\":\"https:\\\/\\\/topkeymedical.com\\\/shop\\\/\"},{\"@type\":\"ListItem\",\"position\":3,\"name\":\"Dispensing Needle Tips TT30G(\u00f80.16) Transparent Yellow\"}]},{\"@type\":\"WebSite\",\"@id\":\"https:\\\/\\\/topkeymedical.com\\\/#website\",\"url\":\"https:\\\/\\\/topkeymedical.com\\\/\",\"name\":\"TOPKEY\u2013 Precision in Every Detail, Guardian of Life and Health\",\"description\":\"\",\"publisher\":{\"@id\":\"https:\\\/\\\/topkeymedical.com\\\/#organization\"},\"potentialAction\":[{\"@type\":\"SearchAction\",\"target\":{\"@type\":\"EntryPoint\",\"urlTemplate\":\"https:\\\/\\\/topkeymedical.com\\\/?s={search_term_string}\"},\"query-input\":{\"@type\":\"PropertyValueSpecification\",\"valueRequired\":true,\"valueName\":\"search_term_string\"}}],\"inLanguage\":\"de\"},{\"@type\":\"Organization\",\"@id\":\"https:\\\/\\\/topkeymedical.com\\\/#organization\",\"name\":\"TOPKEY\u2013 Precision in Every Detail, Guardian of Life and Health\",\"url\":\"https:\\\/\\\/topkeymedical.com\\\/\",\"logo\":{\"@type\":\"ImageObject\",\"inLanguage\":\"de\",\"@id\":\"https:\\\/\\\/topkeymedical.com\\\/#\\\/schema\\\/logo\\\/image\\\/\",\"url\":\"https:\\\/\\\/topkeymedical.com\\\/wp-content\\\/uploads\\\/2025\\\/05\\\/cropped-logo.jpg\",\"contentUrl\":\"https:\\\/\\\/topkeymedical.com\\\/wp-content\\\/uploads\\\/2025\\\/05\\\/cropped-logo.jpg\",\"width\":512,\"height\":512,\"caption\":\"TOPKEY\u2013 Precision in Every Detail, Guardian of Life and Health\"},\"image\":{\"@id\":\"https:\\\/\\\/topkeymedical.com\\\/#\\\/schema\\\/logo\\\/image\\\/\"},\"sameAs\":[\"https:\\\/\\\/www.facebook.com\\\/profile.php?id=100088897294997\",\"https:\\\/\\\/www.youtube.com\\\/@TopkeyMedical-Alice888\",\"https:\\\/\\\/www.linkedin.com\\\/in\\\/alice-hu-bb66a01b3\\\/\"]}]}<\/script>\n<!-- \/ Yoast SEO plugin. -->","yoast_head_json":{"title":"Dosiernadelspitzen TT30G(\u00f80,16) Transparent Gelb","description":"Ultrafeine 30-Gauge (0,16 mm) Dosiernadelspitzen TT30G f\u00fcr spezielle medizinische Anwendungen, einschlie\u00dflich Insulinverabreichung.","robots":{"index":"index","follow":"follow","max-snippet":"max-snippet:-1","max-image-preview":"max-image-preview:large","max-video-preview":"max-video-preview:-1"},"canonical":"https:\/\/topkeymedical.com\/de\/product\/dosiernadelspitzen-tt30g\/","og_locale":"de_DE","og_type":"article","og_title":"Dispensing Needle Tips TT30G(\u00f80.16) Transparent Yellow","og_description":"Ultra-fine 30-gauge (0.16mm) dispensing needle tips TT30G for specialized medical applications including insulin delivery.","og_url":"https:\/\/topkeymedical.com\/de\/product\/dosiernadelspitzen-tt30g\/","og_site_name":"TOPKEY\u2013 Precision in Every Detail, Guardian of Life and Health","article_publisher":"https:\/\/www.facebook.com\/profile.php?id=100088897294997","article_modified_time":"2025-09-06T01:58:09+00:00","og_image":[{"width":800,"height":800,"url":"https:\/\/topkeymedical.com\/wp-content\/uploads\/2025\/08\/Dispensing-Needle-Tips-TT30G-1.webp","type":"image\/webp"}],"twitter_card":"summary_large_image","twitter_misc":{"Gesch\u00e4tzte Lesezeit":"2\u00a0Minuten"},"schema":{"@context":"https:\/\/schema.org","@graph":[{"@type":"WebPage","@id":"https:\/\/topkeymedical.com\/product\/dispensing-needle-tips-tt30g\/","url":"https:\/\/topkeymedical.com\/product\/dispensing-needle-tips-tt30g\/","name":"Dosiernadelspitzen TT30G(\u00f80,16) Transparent Gelb","isPartOf":{"@id":"https:\/\/topkeymedical.com\/#website"},"primaryImageOfPage":{"@id":"https:\/\/topkeymedical.com\/product\/dispensing-needle-tips-tt30g\/#primaryimage"},"image":{"@id":"https:\/\/topkeymedical.com\/product\/dispensing-needle-tips-tt30g\/#primaryimage"},"thumbnailUrl":"https:\/\/topkeymedical.com\/wp-content\/uploads\/2025\/08\/Dispensing-Needle-Tips-TT30G-1.webp","datePublished":"2025-06-17T07:23:05+00:00","dateModified":"2025-09-06T01:58:09+00:00","description":"Ultrafeine 30-Gauge (0,16 mm) Dosiernadelspitzen TT30G f\u00fcr spezielle medizinische Anwendungen, einschlie\u00dflich Insulinverabreichung.","breadcrumb":{"@id":"https:\/\/topkeymedical.com\/product\/dispensing-needle-tips-tt30g\/#breadcrumb"},"inLanguage":"de","potentialAction":[{"@type":"ReadAction","target":["https:\/\/topkeymedical.com\/product\/dispensing-needle-tips-tt30g\/"]}]},{"@type":"ImageObject","inLanguage":"de","@id":"https:\/\/topkeymedical.com\/product\/dispensing-needle-tips-tt30g\/#primaryimage","url":"https:\/\/topkeymedical.com\/wp-content\/uploads\/2025\/08\/Dispensing-Needle-Tips-TT30G-1.webp","contentUrl":"https:\/\/topkeymedical.com\/wp-content\/uploads\/2025\/08\/Dispensing-Needle-Tips-TT30G-1.webp","width":800,"height":800,"caption":"Dispensing Needle Tips TT30G"},{"@type":"BreadcrumbList","@id":"https:\/\/topkeymedical.com\/product\/dispensing-needle-tips-tt30g\/#breadcrumb","itemListElement":[{"@type":"ListItem","position":1,"name":"Home","item":"https:\/\/topkeymedical.com\/"},{"@type":"ListItem","position":2,"name":"Products","item":"https:\/\/topkeymedical.com\/shop\/"},{"@type":"ListItem","position":3,"name":"Dispensing Needle Tips TT30G(\u00f80.16) Transparent Yellow"}]},{"@type":"WebSite","@id":"https:\/\/topkeymedical.com\/#website","url":"https:\/\/topkeymedical.com\/","name":"TOPKEY- Pr\u00e4zision bis ins Detail, H\u00fcter von Leben und Gesundheit","description":"","publisher":{"@id":"https:\/\/topkeymedical.com\/#organization"},"potentialAction":[{"@type":"SearchAction","target":{"@type":"EntryPoint","urlTemplate":"https:\/\/topkeymedical.com\/?s={search_term_string}"},"query-input":{"@type":"PropertyValueSpecification","valueRequired":true,"valueName":"search_term_string"}}],"inLanguage":"de"},{"@type":"Organization","@id":"https:\/\/topkeymedical.com\/#organization","name":"TOPKEY- Pr\u00e4zision bis ins Detail, H\u00fcter von Leben und Gesundheit","url":"https:\/\/topkeymedical.com\/","logo":{"@type":"ImageObject","inLanguage":"de","@id":"https:\/\/topkeymedical.com\/#\/schema\/logo\/image\/","url":"https:\/\/topkeymedical.com\/wp-content\/uploads\/2025\/05\/cropped-logo.jpg","contentUrl":"https:\/\/topkeymedical.com\/wp-content\/uploads\/2025\/05\/cropped-logo.jpg","width":512,"height":512,"caption":"TOPKEY\u2013 Precision in Every Detail, Guardian of Life and Health"},"image":{"@id":"https:\/\/topkeymedical.com\/#\/schema\/logo\/image\/"},"sameAs":["https:\/\/www.facebook.com\/profile.php?id=100088897294997","https:\/\/www.youtube.com\/@TopkeyMedical-Alice888","https:\/\/www.linkedin.com\/in\/alice-hu-bb66a01b3\/"]}]}},"_links":{"self":[{"href":"https:\/\/topkeymedical.com\/de\/wp-json\/wp\/v2\/product\/855","targetHints":{"allow":["GET"]}}],"collection":[{"href":"https:\/\/topkeymedical.com\/de\/wp-json\/wp\/v2\/product"}],"about":[{"href":"https:\/\/topkeymedical.com\/de\/wp-json\/wp\/v2\/types\/product"}],"version-history":[{"count":5,"href":"https:\/\/topkeymedical.com\/de\/wp-json\/wp\/v2\/product\/855\/revisions"}],"predecessor-version":[{"id":1375,"href":"https:\/\/topkeymedical.com\/de\/wp-json\/wp\/v2\/product\/855\/revisions\/1375"}],"wp:featuredmedia":[{"embeddable":true,"href":"https:\/\/topkeymedical.com\/de\/wp-json\/wp\/v2\/media\/1196"}],"wp:attachment":[{"href":"https:\/\/topkeymedical.com\/de\/wp-json\/wp\/v2\/media?parent=855"}],"wp:term":[{"taxonomy":"product_brand","embeddable":true,"href":"https:\/\/topkeymedical.com\/de\/wp-json\/wp\/v2\/product_brand?post=855"},{"taxonomy":"product_cat","embeddable":true,"href":"https:\/\/topkeymedical.com\/de\/wp-json\/wp\/v2\/product_cat?post=855"},{"taxonomy":"product_tag","embeddable":true,"href":"https:\/\/topkeymedical.com\/de\/wp-json\/wp\/v2\/product_tag?post=855"}],"curies":[{"name":"wp","href":"https:\/\/api.w.org\/{rel}","templated":true}]}}