{"id":881,"date":"2025-06-18T06:06:44","date_gmt":"2025-06-18T06:06:44","guid":{"rendered":"https:\/\/topkeymedical.com\/?post_type=product&#038;p=881"},"modified":"2025-08-13T14:47:56","modified_gmt":"2025-08-13T14:47:56","slug":"spritzenzylinder-5ml","status":"publish","type":"product","link":"https:\/\/topkeymedical.com\/de\/product\/spritzenzylinder-5ml\/","title":{"rendered":"Spritzenzylinder 5ML, Dosierspritze (Typ EFD)"},"content":{"rendered":"<h2>Pr\u00e4zise Mikro-Dosierl\u00f6sung f\u00fcr empfindliche Anwendungen<\/h2>\n<p>Unsere Dosierspritzenkartuschen des Typs 5mL EFD sind f\u00fcr die ultrapr\u00e4zise Handhabung von Fl\u00fcssigkeiten in der Mikroelektronik, bei der Montage medizinischer Ger\u00e4te und bei Laboranwendungen konzipiert, die eine au\u00dfergew\u00f6hnliche Kontrolle von Materialien in kleinen Mengen erfordern. Diese Kartuschen wurden entwickelt, um die strengen Anforderungen der Pr\u00e4zisionsdosierung zu erf\u00fcllen, und bieten eine un\u00fcbertroffene Genauigkeit f\u00fcr Anwendungen mit kleinen Mengen.<\/p>\n<p>Die wichtigsten Vorteile:<br \/>\n\u2714 5mL optimale Kapazit\u00e4t - Perfekt f\u00fcr kontrollierte Mikro-Dosierungen<br \/>\n\u2714 Echte EFD-Kompatibilit\u00e4t - direkter Ersatz f\u00fcr OEM EFD-Spritzenkartuschen<br \/>\n\u2714 Glasklare Polycarbonat-Konstruktion - f\u00fcr eine vollst\u00e4ndige visuelle Material\u00fcberwachung<br \/>\n\u2714 Pr\u00e4zisionsgefertigte Toleranzen - Garantiert perfekten Sitz des St\u00f6\u00dfels und reibungslosen Betrieb<br \/>\n\u2714 Luer-Lock-kompatible Spitze - sichere Verbindung f\u00fcr Pr\u00e4zisions-Dosiernadeln<\/p>\n<p>Technische Daten:<br \/>\n- Material: Polycarbonat (PC) in medizinischer Qualit\u00e4t<br \/>\n- Temperaturbest\u00e4ndigkeit: -60\u00b0C bis 135\u00b0C (kurzzeitige Exposition)<br \/>\n- Skalenmarkierungen: Doppelskala (mL und cc) f\u00fcr vielseitige Messungen<br \/>\n- Chemische Kompatibilit\u00e4t: Widersteht den meisten Klebstoffen, L\u00f6sungsmitteln und biologischen Fl\u00fcssigkeiten<br \/>\n- Plunger-Passform: &lt;0,001\u2033 Toleranz f\u00fcr leckfreie Leistung<\/p>\n<p>Ideale Anwendungen sind unter anderem:<br \/>\n- Microdot-Dosierung in der Halbleiterfertigung<br \/>\n- Pr\u00e4zisionsklebstoffanwendung bei der Montage medizinischer Ger\u00e4te<br \/>\n- Abscheidung von leitf\u00e4higer Tinte f\u00fcr flexible Elektronik<br \/>\n- Laborforschung, die eine exakte Abgabe von Mikrovolumina erfordert<\/p>\n<p>\u00dcberlegene Designmerkmale:<br \/>\n- Blasenfreie Leistung - Optimierte Innengeometrie<br \/>\n- Autoklavierbare Konstruktion - f\u00fcr wiederholte Sterilisationszyklen<br \/>\n- Erh\u00f6hte Haltbarkeit - Widersteht Hochdruck-Dosiersystemen<br \/>\n- Pr\u00e4zisionsskala - 0,1-ml-Schritte f\u00fcr exakte Messung<\/p>\n<h2>Warum Fachleute unser 5ML Spritzenfass w\u00e4hlen:<\/h2>\n<p>1. Gefertigt nach Toleranzen in Luft- und Raumfahrtqualit\u00e4t f\u00fcr perfekte Konsistenz<br \/>\n2. Hervorragende optische Klarheit f\u00fcr vollst\u00e4ndige Prozesssicht<br \/>\n3. Strenge Qualit\u00e4tskontrolle stellt sicher, dass jedes Ger\u00e4t den medizinischen Standards entspricht<br \/>\n4. Abw\u00e4rtskompatibel mit allen g\u00e4ngigen EFD-Dosiersystemen<br \/>\nEntwickelt f\u00fcr mikroskopische Genauigkeit - Wenn jeder Mikroliter z\u00e4hlt, vertrauen Sie auf unsere 5mL-Spritzenkartuschen f\u00fcr eine einwandfreie Dosierleistung im Mikrobereich.<\/p>\n<p>Verf\u00fcgbare Optionen: Steril\/nicht steril, mit oder ohne vorinstallierte St\u00f6\u00dfel, kundenspezifische Skalen auf Anfrage.<\/p>\n<p><img fetchpriority=\"high\" decoding=\"async\" class=\"aligncenter wp-image-884 size-full\" src=\"https:\/\/topkeymedical.com\/wp-content\/uploads\/2025\/06\/Syringe-Barrel-5ML-3.webp\" alt=\"Spritzenzylinder 5ML, Dosierspritze (Typ EFD)\" width=\"1000\" height=\"1000\" srcset=\"https:\/\/topkeymedical.com\/wp-content\/uploads\/2025\/06\/Syringe-Barrel-5ML-3.webp 1000w, https:\/\/topkeymedical.com\/wp-content\/uploads\/2025\/06\/Syringe-Barrel-5ML-3-300x300.webp 300w, https:\/\/topkeymedical.com\/wp-content\/uploads\/2025\/06\/Syringe-Barrel-5ML-3-150x150.webp 150w, https:\/\/topkeymedical.com\/wp-content\/uploads\/2025\/06\/Syringe-Barrel-5ML-3-768x768.webp 768w, https:\/\/topkeymedical.com\/wp-content\/uploads\/2025\/06\/Syringe-Barrel-5ML-3-600x600.webp 600w, https:\/\/topkeymedical.com\/wp-content\/uploads\/2025\/06\/Syringe-Barrel-5ML-3-100x100.webp 100w\" sizes=\"(max-width: 1000px) 100vw, 1000px\" \/> <img decoding=\"async\" class=\"aligncenter wp-image-883 size-full\" src=\"https:\/\/topkeymedical.com\/wp-content\/uploads\/2025\/06\/Syringe-Barrel-5ML-2.webp\" alt=\"Spritzenzylinder 5ML, Dosierspritze (Typ EFD)\" width=\"1000\" height=\"1000\" srcset=\"https:\/\/topkeymedical.com\/wp-content\/uploads\/2025\/06\/Syringe-Barrel-5ML-2.webp 1000w, https:\/\/topkeymedical.com\/wp-content\/uploads\/2025\/06\/Syringe-Barrel-5ML-2-300x300.webp 300w, https:\/\/topkeymedical.com\/wp-content\/uploads\/2025\/06\/Syringe-Barrel-5ML-2-150x150.webp 150w, https:\/\/topkeymedical.com\/wp-content\/uploads\/2025\/06\/Syringe-Barrel-5ML-2-768x768.webp 768w, https:\/\/topkeymedical.com\/wp-content\/uploads\/2025\/06\/Syringe-Barrel-5ML-2-600x600.webp 600w, https:\/\/topkeymedical.com\/wp-content\/uploads\/2025\/06\/Syringe-Barrel-5ML-2-100x100.webp 100w\" sizes=\"(max-width: 1000px) 100vw, 1000px\" \/> <img decoding=\"async\" class=\"aligncenter wp-image-885 size-full\" src=\"https:\/\/topkeymedical.com\/wp-content\/uploads\/2025\/06\/Syringe-Barrel-5ML-4.webp\" alt=\"Spritzenzylinder 5ML, Dosierspritze (Typ EFD)\" width=\"1000\" height=\"1000\" srcset=\"https:\/\/topkeymedical.com\/wp-content\/uploads\/2025\/06\/Syringe-Barrel-5ML-4.webp 1000w, https:\/\/topkeymedical.com\/wp-content\/uploads\/2025\/06\/Syringe-Barrel-5ML-4-300x300.webp 300w, https:\/\/topkeymedical.com\/wp-content\/uploads\/2025\/06\/Syringe-Barrel-5ML-4-150x150.webp 150w, https:\/\/topkeymedical.com\/wp-content\/uploads\/2025\/06\/Syringe-Barrel-5ML-4-768x768.webp 768w, https:\/\/topkeymedical.com\/wp-content\/uploads\/2025\/06\/Syringe-Barrel-5ML-4-600x600.webp 600w, https:\/\/topkeymedical.com\/wp-content\/uploads\/2025\/06\/Syringe-Barrel-5ML-4-100x100.webp 100w\" sizes=\"(max-width: 1000px) 100vw, 1000px\" \/><\/p>","protected":false},"excerpt":{"rendered":"<p>Diese 5-ml-Kartusche in medizinischer Qualit\u00e4t wurde speziell f\u00fcr die Pr\u00e4zisionsdosierung im Gesundheitswesen entwickelt. Die Kartusche aus USP Class VI-zertifiziertem Polypropylen gew\u00e4hrleistet chemische Best\u00e4ndigkeit und optimale Klarheit zur visuellen Best\u00e4tigung des Inhalts. Der standardisierte Luer-Lock-Anschluss erm\u00f6glicht die Verwendung verschiedener Nadelaufs\u00e4tze und gew\u00e4hrleistet gleichzeitig eine sichere, auslaufsichere Abdichtung. Ideal f\u00fcr die Herstellung von Arzneimitteln, Laborarbeiten und klinische Verfahren, die eine kontrollierte Fl\u00fcssigkeitsabgabe in kleinen Mengen erfordern.<\/p>","protected":false},"featured_media":1222,"template":"","meta":{"_acf_changed":false,"site-sidebar-layout":"default","site-content-layout":"","ast-site-content-layout":"default","site-content-style":"default","site-sidebar-style":"default","ast-global-header-display":"","ast-banner-title-visibility":"","ast-main-header-display":"","ast-hfb-above-header-display":"","ast-hfb-below-header-display":"","ast-hfb-mobile-header-display":"","site-post-title":"","ast-breadcrumbs-content":"","ast-featured-img":"","footer-sml-layout":"","ast-disable-related-posts":"","theme-transparent-header-meta":"default","adv-header-id-meta":"","stick-header-meta":"","header-above-stick-meta":"","header-main-stick-meta":"","header-below-stick-meta":"","astra-migrate-meta-layouts":"set","ast-page-background-enabled":"default","ast-page-background-meta":{"desktop":{"background-color":"var(--ast-global-color-5)","background-image":"","background-repeat":"repeat","background-position":"center center","background-size":"auto","background-attachment":"scroll","background-type":"","background-media":"","overlay-type":"","overlay-color":"","overlay-opacity":"","overlay-gradient":""},"tablet":{"background-color":"","background-image":"","background-repeat":"repeat","background-position":"center center","background-size":"auto","background-attachment":"scroll","background-type":"","background-media":"","overlay-type":"","overlay-color":"","overlay-opacity":"","overlay-gradient":""},"mobile":{"background-color":"","background-image":"","background-repeat":"repeat","background-position":"center center","background-size":"auto","background-attachment":"scroll","background-type":"","background-media":"","overlay-type":"","overlay-color":"","overlay-opacity":"","overlay-gradient":""}},"ast-content-background-meta":{"desktop":{"background-color":"var(--ast-global-color-4)","background-image":"","background-repeat":"repeat","background-position":"center center","background-size":"auto","background-attachment":"scroll","background-type":"","background-media":"","overlay-type":"","overlay-color":"","overlay-opacity":"","overlay-gradient":""},"tablet":{"background-color":"var(--ast-global-color-4)","background-image":"","background-repeat":"repeat","background-position":"center center","background-size":"auto","background-attachment":"scroll","background-type":"","background-media":"","overlay-type":"","overlay-color":"","overlay-opacity":"","overlay-gradient":""},"mobile":{"background-color":"var(--ast-global-color-4)","background-image":"","background-repeat":"repeat","background-position":"center center","background-size":"auto","background-attachment":"scroll","background-type":"","background-media":"","overlay-type":"","overlay-color":"","overlay-opacity":"","overlay-gradient":""}}},"product_brand":[],"product_cat":[64,61],"product_tag":[],"class_list":{"0":"post-881","1":"product","2":"type-product","3":"status-publish","4":"has-post-thumbnail","6":"product_cat-dispensing-needles-and-tips","7":"product_cat-syringe-barrel","8":"desktop-align-left","9":"tablet-align-left","10":"mobile-align-left","12":"first","13":"instock","14":"shipping-taxable","15":"product-type-simple"},"acf":[],"yoast_head":"<!-- This site is optimized with the Yoast SEO plugin v27.4 - https:\/\/yoast.com\/product\/yoast-seo-wordpress\/ -->\n<title>Syringe Barrel 5ML, Dispensing Syringe (EFD Type)<\/title>\n<meta name=\"description\" content=\"This medical-grade syringe barrel 5ml is specifically designed for precision dispensing applications in healthcare settings.\" \/>\n<meta name=\"robots\" content=\"index, follow, max-snippet:-1, max-image-preview:large, max-video-preview:-1\" \/>\n<link rel=\"canonical\" href=\"https:\/\/topkeymedical.com\/de\/product\/spritzenzylinder-5ml\/\" \/>\n<meta property=\"og:locale\" content=\"de_DE\" \/>\n<meta property=\"og:type\" content=\"article\" \/>\n<meta property=\"og:title\" content=\"Syringe Barrel 5ML, Dispensing Syringe (EFD Type)\" \/>\n<meta property=\"og:description\" content=\"This medical-grade syringe barrel 5ml is specifically designed for precision dispensing applications in healthcare settings.\" \/>\n<meta property=\"og:url\" content=\"https:\/\/topkeymedical.com\/de\/product\/spritzenzylinder-5ml\/\" \/>\n<meta property=\"og:site_name\" content=\"TOPKEY\u2013 Precision in Every Detail, Guardian of Life and Health\" \/>\n<meta property=\"article:publisher\" content=\"https:\/\/www.facebook.com\/profile.php?id=100088897294997\" \/>\n<meta property=\"article:modified_time\" content=\"2025-08-13T14:47:56+00:00\" \/>\n<meta property=\"og:image\" content=\"https:\/\/topkeymedical.com\/wp-content\/uploads\/2025\/08\/Syringe-Barrel-5ML-3.webp\" \/>\n\t<meta property=\"og:image:width\" content=\"800\" \/>\n\t<meta property=\"og:image:height\" content=\"800\" \/>\n\t<meta property=\"og:image:type\" content=\"image\/webp\" \/>\n<meta name=\"twitter:card\" content=\"summary_large_image\" \/>\n<meta name=\"twitter:label1\" content=\"Gesch\u00e4tzte Lesezeit\" \/>\n\t<meta name=\"twitter:data1\" content=\"2\u00a0Minuten\" \/>\n<script type=\"application\/ld+json\" class=\"yoast-schema-graph\">{\"@context\":\"https:\\\/\\\/schema.org\",\"@graph\":[{\"@type\":\"WebPage\",\"@id\":\"https:\\\/\\\/topkeymedical.com\\\/product\\\/syringe-barrel-5ml\\\/\",\"url\":\"https:\\\/\\\/topkeymedical.com\\\/product\\\/syringe-barrel-5ml\\\/\",\"name\":\"Syringe Barrel 5ML, Dispensing Syringe (EFD Type)\",\"isPartOf\":{\"@id\":\"https:\\\/\\\/topkeymedical.com\\\/#website\"},\"primaryImageOfPage\":{\"@id\":\"https:\\\/\\\/topkeymedical.com\\\/product\\\/syringe-barrel-5ml\\\/#primaryimage\"},\"image\":{\"@id\":\"https:\\\/\\\/topkeymedical.com\\\/product\\\/syringe-barrel-5ml\\\/#primaryimage\"},\"thumbnailUrl\":\"https:\\\/\\\/topkeymedical.com\\\/wp-content\\\/uploads\\\/2025\\\/08\\\/Syringe-Barrel-5ML-3.webp\",\"datePublished\":\"2025-06-18T06:06:44+00:00\",\"dateModified\":\"2025-08-13T14:47:56+00:00\",\"description\":\"This medical-grade syringe barrel 5ml is specifically designed for precision dispensing applications in healthcare settings.\",\"breadcrumb\":{\"@id\":\"https:\\\/\\\/topkeymedical.com\\\/product\\\/syringe-barrel-5ml\\\/#breadcrumb\"},\"inLanguage\":\"de\",\"potentialAction\":[{\"@type\":\"ReadAction\",\"target\":[\"https:\\\/\\\/topkeymedical.com\\\/product\\\/syringe-barrel-5ml\\\/\"]}]},{\"@type\":\"ImageObject\",\"inLanguage\":\"de\",\"@id\":\"https:\\\/\\\/topkeymedical.com\\\/product\\\/syringe-barrel-5ml\\\/#primaryimage\",\"url\":\"https:\\\/\\\/topkeymedical.com\\\/wp-content\\\/uploads\\\/2025\\\/08\\\/Syringe-Barrel-5ML-3.webp\",\"contentUrl\":\"https:\\\/\\\/topkeymedical.com\\\/wp-content\\\/uploads\\\/2025\\\/08\\\/Syringe-Barrel-5ML-3.webp\",\"width\":800,\"height\":800,\"caption\":\"Syringe Barrel 5ML\"},{\"@type\":\"BreadcrumbList\",\"@id\":\"https:\\\/\\\/topkeymedical.com\\\/product\\\/syringe-barrel-5ml\\\/#breadcrumb\",\"itemListElement\":[{\"@type\":\"ListItem\",\"position\":1,\"name\":\"Home\",\"item\":\"https:\\\/\\\/topkeymedical.com\\\/\"},{\"@type\":\"ListItem\",\"position\":2,\"name\":\"Products\",\"item\":\"https:\\\/\\\/topkeymedical.com\\\/shop\\\/\"},{\"@type\":\"ListItem\",\"position\":3,\"name\":\"Syringe Barrel 5ML, Dispensing Syringe (EFD Type)\"}]},{\"@type\":\"WebSite\",\"@id\":\"https:\\\/\\\/topkeymedical.com\\\/#website\",\"url\":\"https:\\\/\\\/topkeymedical.com\\\/\",\"name\":\"TOPKEY\u2013 Precision in Every Detail, Guardian of Life and Health\",\"description\":\"\",\"publisher\":{\"@id\":\"https:\\\/\\\/topkeymedical.com\\\/#organization\"},\"potentialAction\":[{\"@type\":\"SearchAction\",\"target\":{\"@type\":\"EntryPoint\",\"urlTemplate\":\"https:\\\/\\\/topkeymedical.com\\\/?s={search_term_string}\"},\"query-input\":{\"@type\":\"PropertyValueSpecification\",\"valueRequired\":true,\"valueName\":\"search_term_string\"}}],\"inLanguage\":\"de\"},{\"@type\":\"Organization\",\"@id\":\"https:\\\/\\\/topkeymedical.com\\\/#organization\",\"name\":\"TOPKEY\u2013 Precision in Every Detail, Guardian of Life and Health\",\"url\":\"https:\\\/\\\/topkeymedical.com\\\/\",\"logo\":{\"@type\":\"ImageObject\",\"inLanguage\":\"de\",\"@id\":\"https:\\\/\\\/topkeymedical.com\\\/#\\\/schema\\\/logo\\\/image\\\/\",\"url\":\"https:\\\/\\\/topkeymedical.com\\\/wp-content\\\/uploads\\\/2025\\\/05\\\/cropped-logo.jpg\",\"contentUrl\":\"https:\\\/\\\/topkeymedical.com\\\/wp-content\\\/uploads\\\/2025\\\/05\\\/cropped-logo.jpg\",\"width\":512,\"height\":512,\"caption\":\"TOPKEY\u2013 Precision in Every Detail, Guardian of Life and Health\"},\"image\":{\"@id\":\"https:\\\/\\\/topkeymedical.com\\\/#\\\/schema\\\/logo\\\/image\\\/\"},\"sameAs\":[\"https:\\\/\\\/www.facebook.com\\\/profile.php?id=100088897294997\",\"https:\\\/\\\/www.youtube.com\\\/@TopkeyMedical-Alice888\",\"https:\\\/\\\/www.linkedin.com\\\/in\\\/alice-hu-bb66a01b3\\\/\"]}]}<\/script>\n<!-- \/ Yoast SEO plugin. -->","yoast_head_json":{"title":"Spritzenzylinder 5ML, Dosierspritze (Typ EFD)","description":"Diese Spritzenkartusche in medizinischer Qualit\u00e4t (5 ml) wurde speziell f\u00fcr die Pr\u00e4zisionsdosierung im Gesundheitswesen entwickelt.","robots":{"index":"index","follow":"follow","max-snippet":"max-snippet:-1","max-image-preview":"max-image-preview:large","max-video-preview":"max-video-preview:-1"},"canonical":"https:\/\/topkeymedical.com\/de\/product\/spritzenzylinder-5ml\/","og_locale":"de_DE","og_type":"article","og_title":"Syringe Barrel 5ML, Dispensing Syringe (EFD Type)","og_description":"This medical-grade syringe barrel 5ml is specifically designed for precision dispensing applications in healthcare settings.","og_url":"https:\/\/topkeymedical.com\/de\/product\/spritzenzylinder-5ml\/","og_site_name":"TOPKEY\u2013 Precision in Every Detail, Guardian of Life and Health","article_publisher":"https:\/\/www.facebook.com\/profile.php?id=100088897294997","article_modified_time":"2025-08-13T14:47:56+00:00","og_image":[{"width":800,"height":800,"url":"https:\/\/topkeymedical.com\/wp-content\/uploads\/2025\/08\/Syringe-Barrel-5ML-3.webp","type":"image\/webp"}],"twitter_card":"summary_large_image","twitter_misc":{"Gesch\u00e4tzte Lesezeit":"2\u00a0Minuten"},"schema":{"@context":"https:\/\/schema.org","@graph":[{"@type":"WebPage","@id":"https:\/\/topkeymedical.com\/product\/syringe-barrel-5ml\/","url":"https:\/\/topkeymedical.com\/product\/syringe-barrel-5ml\/","name":"Spritzenzylinder 5ML, Dosierspritze (Typ EFD)","isPartOf":{"@id":"https:\/\/topkeymedical.com\/#website"},"primaryImageOfPage":{"@id":"https:\/\/topkeymedical.com\/product\/syringe-barrel-5ml\/#primaryimage"},"image":{"@id":"https:\/\/topkeymedical.com\/product\/syringe-barrel-5ml\/#primaryimage"},"thumbnailUrl":"https:\/\/topkeymedical.com\/wp-content\/uploads\/2025\/08\/Syringe-Barrel-5ML-3.webp","datePublished":"2025-06-18T06:06:44+00:00","dateModified":"2025-08-13T14:47:56+00:00","description":"Diese Spritzenkartusche in medizinischer Qualit\u00e4t (5 ml) wurde speziell f\u00fcr die Pr\u00e4zisionsdosierung im Gesundheitswesen entwickelt.","breadcrumb":{"@id":"https:\/\/topkeymedical.com\/product\/syringe-barrel-5ml\/#breadcrumb"},"inLanguage":"de","potentialAction":[{"@type":"ReadAction","target":["https:\/\/topkeymedical.com\/product\/syringe-barrel-5ml\/"]}]},{"@type":"ImageObject","inLanguage":"de","@id":"https:\/\/topkeymedical.com\/product\/syringe-barrel-5ml\/#primaryimage","url":"https:\/\/topkeymedical.com\/wp-content\/uploads\/2025\/08\/Syringe-Barrel-5ML-3.webp","contentUrl":"https:\/\/topkeymedical.com\/wp-content\/uploads\/2025\/08\/Syringe-Barrel-5ML-3.webp","width":800,"height":800,"caption":"Syringe Barrel 5ML"},{"@type":"BreadcrumbList","@id":"https:\/\/topkeymedical.com\/product\/syringe-barrel-5ml\/#breadcrumb","itemListElement":[{"@type":"ListItem","position":1,"name":"Home","item":"https:\/\/topkeymedical.com\/"},{"@type":"ListItem","position":2,"name":"Products","item":"https:\/\/topkeymedical.com\/shop\/"},{"@type":"ListItem","position":3,"name":"Syringe Barrel 5ML, Dispensing Syringe (EFD Type)"}]},{"@type":"WebSite","@id":"https:\/\/topkeymedical.com\/#website","url":"https:\/\/topkeymedical.com\/","name":"TOPKEY- Pr\u00e4zision bis ins Detail, H\u00fcter von Leben und Gesundheit","description":"","publisher":{"@id":"https:\/\/topkeymedical.com\/#organization"},"potentialAction":[{"@type":"SearchAction","target":{"@type":"EntryPoint","urlTemplate":"https:\/\/topkeymedical.com\/?s={search_term_string}"},"query-input":{"@type":"PropertyValueSpecification","valueRequired":true,"valueName":"search_term_string"}}],"inLanguage":"de"},{"@type":"Organization","@id":"https:\/\/topkeymedical.com\/#organization","name":"TOPKEY- Pr\u00e4zision bis ins Detail, H\u00fcter von Leben und Gesundheit","url":"https:\/\/topkeymedical.com\/","logo":{"@type":"ImageObject","inLanguage":"de","@id":"https:\/\/topkeymedical.com\/#\/schema\/logo\/image\/","url":"https:\/\/topkeymedical.com\/wp-content\/uploads\/2025\/05\/cropped-logo.jpg","contentUrl":"https:\/\/topkeymedical.com\/wp-content\/uploads\/2025\/05\/cropped-logo.jpg","width":512,"height":512,"caption":"TOPKEY\u2013 Precision in Every Detail, Guardian of Life and Health"},"image":{"@id":"https:\/\/topkeymedical.com\/#\/schema\/logo\/image\/"},"sameAs":["https:\/\/www.facebook.com\/profile.php?id=100088897294997","https:\/\/www.youtube.com\/@TopkeyMedical-Alice888","https:\/\/www.linkedin.com\/in\/alice-hu-bb66a01b3\/"]}]}},"_links":{"self":[{"href":"https:\/\/topkeymedical.com\/de\/wp-json\/wp\/v2\/product\/881","targetHints":{"allow":["GET"]}}],"collection":[{"href":"https:\/\/topkeymedical.com\/de\/wp-json\/wp\/v2\/product"}],"about":[{"href":"https:\/\/topkeymedical.com\/de\/wp-json\/wp\/v2\/types\/product"}],"version-history":[{"count":4,"href":"https:\/\/topkeymedical.com\/de\/wp-json\/wp\/v2\/product\/881\/revisions"}],"predecessor-version":[{"id":1272,"href":"https:\/\/topkeymedical.com\/de\/wp-json\/wp\/v2\/product\/881\/revisions\/1272"}],"wp:featuredmedia":[{"embeddable":true,"href":"https:\/\/topkeymedical.com\/de\/wp-json\/wp\/v2\/media\/1222"}],"wp:attachment":[{"href":"https:\/\/topkeymedical.com\/de\/wp-json\/wp\/v2\/media?parent=881"}],"wp:term":[{"taxonomy":"product_brand","embeddable":true,"href":"https:\/\/topkeymedical.com\/de\/wp-json\/wp\/v2\/product_brand?post=881"},{"taxonomy":"product_cat","embeddable":true,"href":"https:\/\/topkeymedical.com\/de\/wp-json\/wp\/v2\/product_cat?post=881"},{"taxonomy":"product_tag","embeddable":true,"href":"https:\/\/topkeymedical.com\/de\/wp-json\/wp\/v2\/product_tag?post=881"}],"curies":[{"name":"wp","href":"https:\/\/api.w.org\/{rel}","templated":true}]}}