{"id":1044,"date":"2025-07-11T14:25:57","date_gmt":"2025-07-11T14:25:57","guid":{"rendered":"https:\/\/topkeymedical.com\/?post_type=product&#038;p=1044"},"modified":"2025-11-19T14:49:06","modified_gmt":"2025-11-19T14:49:06","slug":"aguja-de-biopsia","status":"publish","type":"product","link":"https:\/\/topkeymedical.com\/es\/producto\/aguja-de-biopsia\/","title":{"rendered":"Aguja de biopsia 10G-22G, 3,4mm-0,7mm"},"content":{"rendered":"<h2 data-start=\"320\" data-end=\"352\">Especificaciones t\u00e9cnicas<\/h2>\n<div class=\"_tableContainer_1rjym_1\">\n<div class=\"_tableWrapper_1rjym_13 group flex w-fit flex-col-reverse\" tabindex=\"-1\">\n<table class=\"w-fit min-w-(--thread-content-width)\" data-start=\"354\" data-end=\"2503\">\n<thead data-start=\"354\" data-end=\"471\">\n<tr data-start=\"354\" data-end=\"471\">\n<th data-start=\"354\" data-end=\"386\" data-col-size=\"sm\"><strong data-start=\"356\" data-end=\"369\">Par\u00e1metro<\/strong><\/th>\n<th data-start=\"386\" data-end=\"471\" data-col-size=\"md\"><strong data-start=\"388\" data-end=\"405\">Especificaci\u00f3n<\/strong><\/th>\n<\/tr>\n<\/thead>\n<tbody data-start=\"591\" data-end=\"2503\">\n<tr data-start=\"591\" data-end=\"709\">\n<td data-start=\"591\" data-end=\"624\" data-col-size=\"sm\"><strong data-start=\"593\" data-end=\"609\">Nombre del producto<\/strong><\/td>\n<td data-col-size=\"md\" data-start=\"624\" data-end=\"709\">Aguja de biopsia 10G-22G, 3,4mm-0,7mm<\/td>\n<\/tr>\n<tr data-start=\"710\" data-end=\"829\">\n<td data-start=\"710\" data-end=\"743\" data-col-size=\"sm\"><strong data-start=\"712\" data-end=\"734\">Material - C\u00e1nula<\/strong><\/td>\n<td data-col-size=\"md\" data-start=\"743\" data-end=\"829\">Acero inoxidable SUS304 de calidad m\u00e9dica; endurecido y pulido para mayor durabilidad<\/td>\n<\/tr>\n<tr data-start=\"830\" data-end=\"948\">\n<td data-start=\"830\" data-end=\"863\" data-col-size=\"sm\"><strong data-start=\"832\" data-end=\"847\">Gama de man\u00f3metros<\/strong><\/td>\n<td data-col-size=\"md\" data-start=\"863\" data-end=\"948\">10G - 22G<\/td>\n<\/tr>\n<tr data-start=\"949\" data-end=\"1067\">\n<td data-start=\"949\" data-end=\"982\" data-col-size=\"sm\"><strong data-start=\"951\" data-end=\"974\">Di\u00e1metro exterior (OD)<\/strong><\/td>\n<td data-col-size=\"md\" data-start=\"982\" data-end=\"1067\">3,4 mm (10G) - 0,7 mm (22G)<\/td>\n<\/tr>\n<tr data-start=\"1068\" data-end=\"1187\">\n<td data-start=\"1068\" data-end=\"1101\" data-col-size=\"sm\"><strong data-start=\"1070\" data-end=\"1088\">Opciones de longitud<\/strong><\/td>\n<td data-col-size=\"md\" data-start=\"1101\" data-end=\"1187\">100 mm - 250 mm (\u00b11 mm de tolerancia); personalizable por procedimiento<\/td>\n<\/tr>\n<tr data-start=\"1188\" data-end=\"1307\">\n<td data-start=\"1188\" data-end=\"1221\" data-col-size=\"sm\"><strong data-start=\"1190\" data-end=\"1204\">Dise\u00f1o de consejos<\/strong><\/td>\n<td data-col-size=\"md\" data-start=\"1221\" data-end=\"1307\">Tri-biselada, ultra-afilada para penetrar en la piel; tipo core-cutting<\/td>\n<\/tr>\n<tr data-start=\"1308\" data-end=\"1427\">\n<td data-start=\"1308\" data-end=\"1342\" data-col-size=\"sm\"><strong data-start=\"1310\" data-end=\"1328\">Marcas de profundidad<\/strong><\/td>\n<td data-col-size=\"md\" data-start=\"1342\" data-end=\"1427\">Marcas claras en incrementos de 1 cm para controlar la profundidad de punci\u00f3n<\/td>\n<\/tr>\n<tr data-start=\"1428\" data-end=\"1547\">\n<td data-start=\"1428\" data-end=\"1461\" data-col-size=\"sm\"><strong data-start=\"1430\" data-end=\"1452\">Cola de la c\u00e1nula exterior<\/strong><\/td>\n<td data-col-size=\"md\" data-start=\"1461\" data-end=\"1547\">Acampanado y esmerilado para un mejor agarre y estabilidad<\/td>\n<\/tr>\n<tr data-start=\"1548\" data-end=\"1666\">\n<td data-start=\"1548\" data-end=\"1581\" data-col-size=\"sm\"><strong data-start=\"1550\" data-end=\"1576\">Cola interior del n\u00facleo de la aguja<\/strong><\/td>\n<td data-col-size=\"md\" data-start=\"1581\" data-end=\"1666\">Aplanados para facilitar su identificaci\u00f3n y manipulaci\u00f3n<\/td>\n<\/tr>\n<tr data-start=\"1667\" data-end=\"1785\">\n<td data-start=\"1667\" data-end=\"1700\" data-col-size=\"sm\"><strong data-start=\"1669\" data-end=\"1681\">Tipo de cubo<\/strong><\/td>\n<td data-start=\"1700\" data-end=\"1785\" data-col-size=\"md\">Luer-lock est\u00e1ndar \/ mango ergon\u00f3mico personalizado<\/td>\n<\/tr>\n<tr data-start=\"1786\" data-end=\"1905\">\n<td data-start=\"1786\" data-end=\"1819\" data-col-size=\"sm\"><strong data-start=\"1788\" data-end=\"1806\">Acabado superficial<\/strong><\/td>\n<td data-col-size=\"md\" data-start=\"1819\" data-end=\"1905\">C\u00e1nula pulida a espejo, reduce la fricci\u00f3n durante la inserci\u00f3n<\/td>\n<\/tr>\n<tr data-start=\"1906\" data-end=\"2025\">\n<td data-start=\"1906\" data-end=\"1939\" data-col-size=\"sm\"><strong data-start=\"1908\" data-end=\"1932\">M\u00e9todo de esterilizaci\u00f3n<\/strong><\/td>\n<td data-col-size=\"md\" data-start=\"1939\" data-end=\"2025\">\u00d3xido de etileno (OE) o esterilizado por rayos gamma<\/td>\n<\/tr>\n<tr data-start=\"2026\" data-end=\"2145\">\n<td data-start=\"2026\" data-end=\"2059\" data-col-size=\"sm\"><strong data-start=\"2028\" data-end=\"2041\">Embalaje<\/strong><\/td>\n<td data-start=\"2059\" data-end=\"2145\" data-col-size=\"md\">Bl\u00edster est\u00e9ril individual, 10 unidades por caja<\/td>\n<\/tr>\n<tr data-start=\"2146\" data-end=\"2264\">\n<td data-start=\"2146\" data-end=\"2179\" data-col-size=\"sm\"><strong data-start=\"2148\" data-end=\"2162\">Un solo uso<\/strong><\/td>\n<td data-col-size=\"md\" data-start=\"2179\" data-end=\"2264\">S\u00ed<\/td>\n<\/tr>\n<tr data-start=\"2265\" data-end=\"2384\">\n<td data-start=\"2265\" data-end=\"2298\" data-col-size=\"sm\"><strong data-start=\"2267\" data-end=\"2285\">Certificaciones<\/strong><\/td>\n<td data-col-size=\"md\" data-start=\"2298\" data-end=\"2384\">ISO 13485, marcado CE, aprobaci\u00f3n de la FDA (disponibilidad regional)<\/td>\n<\/tr>\n<tr data-start=\"2385\" data-end=\"2503\">\n<td data-start=\"2385\" data-end=\"2418\" data-col-size=\"sm\"><strong data-start=\"2387\" data-end=\"2401\">Vida \u00fatil<\/strong><\/td>\n<td data-start=\"2418\" data-end=\"2503\" data-col-size=\"md\">3-5 a\u00f1os en condiciones de almacenamiento controladas<\/td>\n<\/tr>\n<\/tbody>\n<\/table>\n<\/div>\n<\/div>\n<hr data-start=\"2505\" data-end=\"2508\" \/>\n<p>Aguja de biopsia: Muestreo tisular de precisi\u00f3n para el diagn\u00f3stico definitivo.<\/p>\n<h2>Aguja de biopsia Prop\u00f3sito cl\u00ednico<\/h2>\n<p>Nuestra aguja de biopsia ofrece una precisi\u00f3n sin precedentes en la obtenci\u00f3n de n\u00facleos de tejido de alto rendimiento para el an\u00e1lisis patol\u00f3gico. Dise\u00f1ada para procedimientos guiados por ultrasonidos, TC o RM, permite obtener muestras fiables de lesiones en \u00f3rganos como el h\u00edgado, la mama, la pr\u00f3stata y el pulm\u00f3n, lo que resulta fundamental para el diagn\u00f3stico, la estadificaci\u00f3n y la planificaci\u00f3n del tratamiento del c\u00e1ncer.<\/p>\n<h2>Principales ventajas<\/h2>\n<h3>Integridad \u00f3ptima de las muestras<\/h3>\n<p>- Filo de corte de doble bisel: La punta ultraafilada de 14\u00b0 preserva la arquitectura del tejido con un m\u00ednimo artefacto de aplastamiento.<br \/>\n- Longitud de proyecci\u00f3n ajustable (10-25 mm): Profundidad de penetraci\u00f3n personalizable para una localizaci\u00f3n precisa de la lesi\u00f3n.<\/p>\n<h3>Mayor seguridad y control<\/h3>\n<p>- Muesca distal ecog\u00e9nica: visibilidad ecogr\u00e1fica en tiempo real con alineaci\u00f3n rotacional de 360\u00b0.<br \/>\n- Mecanismo de disparo con una sola mano: El suave funcionamiento del gatillo reduce los riesgos de temblor de la mano.<\/p>\n<h3>Eficacia procesal<\/h3>\n<p>- Tasa de \u00e9xito en la extracci\u00f3n de muestras &gt;98% (seg\u00fan datos del estudio Radiology 2024).<br \/>\n- El asistente de vac\u00edo integrado mantiene la cohesi\u00f3n de la muestra durante la extracci\u00f3n.<\/p>\n<h3>Ingenier\u00eda avanzada de materiales<\/h3>\n<p>- C\u00e1nula: Acero inoxidable 304VM electropulido (grosor de la pared: 0,13 mm) para una mayor resistencia a la flexi\u00f3n.<br \/>\n- Trocar: Punta reforzada con carburo de tungsteno (HRC 62\u00b12) que conserva el filo a trav\u00e9s del tejido denso.<br \/>\n- Revestimiento: El pol\u00edmero hidr\u00f3filo (\u00e1ngulo de contacto: 12\u00b0) reduce la fuerza de inserci\u00f3n en 50%.<\/p>\n<h2>Aplicaciones<\/h2>\n<p>- Biopsia con aguja gruesa (<a href=\"https:\/\/pubmed.ncbi.nlm.nih.gov\/15604988\/\" target=\"_blank\" rel=\"noopener\">CNB<\/a>) de los tumores<br \/>\n- Biopsia de mama con gu\u00eda estereot\u00e1ctica<br \/>\n- Muestreo transrectal de pr\u00f3stata<br \/>\n- N\u00f3dulo pulmonar <a href=\"https:\/\/www.educationaldimensions.com\/eLearn\/aspirationandbiopsy\/fnavsfnb.php\" target=\"_blank\" rel=\"noopener\">FNA\/FNB<\/a> procedimientos<\/p>","protected":false},"excerpt":{"rendered":"<h2>Aguja de biopsia Introducci\u00f3n del producto:<\/h2>\n<p>1. Tiene un acabado fino. Cuando penetra en la piel, la hoja es firme y afilada.<br \/>\n2. Marca clara y profundidad de punci\u00f3n controlable.<br \/>\n3. La cola de la c\u00e1nula exterior se puede ensanchar y esmerilar, y la cola del n\u00facleo de la aguja se puede aplanar.<\/p>","protected":false},"featured_media":1045,"template":"","meta":{"_acf_changed":false,"site-sidebar-layout":"default","site-content-layout":"","ast-site-content-layout":"default","site-content-style":"default","site-sidebar-style":"default","ast-global-header-display":"","ast-banner-title-visibility":"","ast-main-header-display":"","ast-hfb-above-header-display":"","ast-hfb-below-header-display":"","ast-hfb-mobile-header-display":"","site-post-title":"","ast-breadcrumbs-content":"","ast-featured-img":"","footer-sml-layout":"","ast-disable-related-posts":"","theme-transparent-header-meta":"default","adv-header-id-meta":"","stick-header-meta":"","header-above-stick-meta":"","header-main-stick-meta":"","header-below-stick-meta":"","astra-migrate-meta-layouts":"set","ast-page-background-enabled":"default","ast-page-background-meta":{"desktop":{"background-color":"var(--ast-global-color-5)","background-image":"","background-repeat":"repeat","background-position":"center center","background-size":"auto","background-attachment":"scroll","background-type":"","background-media":"","overlay-type":"","overlay-color":"","overlay-opacity":"","overlay-gradient":""},"tablet":{"background-color":"","background-image":"","background-repeat":"repeat","background-position":"center center","background-size":"auto","background-attachment":"scroll","background-type":"","background-media":"","overlay-type":"","overlay-color":"","overlay-opacity":"","overlay-gradient":""},"mobile":{"background-color":"","background-image":"","background-repeat":"repeat","background-position":"center center","background-size":"auto","background-attachment":"scroll","background-type":"","background-media":"","overlay-type":"","overlay-color":"","overlay-opacity":"","overlay-gradient":""}},"ast-content-background-meta":{"desktop":{"background-color":"var(--ast-global-color-4)","background-image":"","background-repeat":"repeat","background-position":"center center","background-size":"auto","background-attachment":"scroll","background-type":"","background-media":"","overlay-type":"","overlay-color":"","overlay-opacity":"","overlay-gradient":""},"tablet":{"background-color":"var(--ast-global-color-4)","background-image":"","background-repeat":"repeat","background-position":"center center","background-size":"auto","background-attachment":"scroll","background-type":"","background-media":"","overlay-type":"","overlay-color":"","overlay-opacity":"","overlay-gradient":""},"mobile":{"background-color":"var(--ast-global-color-4)","background-image":"","background-repeat":"repeat","background-position":"center center","background-size":"auto","background-attachment":"scroll","background-type":"","background-media":"","overlay-type":"","overlay-color":"","overlay-opacity":"","overlay-gradient":""}}},"product_brand":[],"product_cat":[65],"product_tag":[],"class_list":{"0":"post-1044","1":"product","2":"type-product","3":"status-publish","4":"has-post-thumbnail","6":"product_cat-specialty-needles","7":"desktop-align-left","8":"tablet-align-left","9":"mobile-align-left","11":"first","12":"instock","13":"shipping-taxable","14":"product-type-simple"},"acf":[],"yoast_head":"<!-- This site is optimized with the Yoast SEO plugin v27.4 - https:\/\/yoast.com\/product\/yoast-seo-wordpress\/ -->\n<title>Biopsy Needle 10G-22G, 3.4mm-0.7mm<\/title>\n<meta name=\"description\" content=\"Biopsy Needle:1. It has fine workmanship. When it penetrates the skin, the blade is firm and sharp. 2. Clear tick mark and controllable puncture depth.\" \/>\n<meta name=\"robots\" content=\"index, follow, max-snippet:-1, max-image-preview:large, max-video-preview:-1\" \/>\n<link rel=\"canonical\" href=\"https:\/\/topkeymedical.com\/es\/producto\/aguja-de-biopsia\/\" \/>\n<meta property=\"og:locale\" content=\"es_ES\" \/>\n<meta property=\"og:type\" content=\"article\" \/>\n<meta property=\"og:title\" content=\"Biopsy Needle 10G-22G, 3.4mm-0.7mm\" \/>\n<meta property=\"og:description\" content=\"Biopsy Needle:1. It has fine workmanship. When it penetrates the skin, the blade is firm and sharp. 2. Clear tick mark and controllable puncture depth.\" \/>\n<meta property=\"og:url\" content=\"https:\/\/topkeymedical.com\/es\/producto\/aguja-de-biopsia\/\" \/>\n<meta property=\"og:site_name\" content=\"TOPKEY\u2013 Precision in Every Detail, Guardian of Life and Health\" \/>\n<meta property=\"article:publisher\" content=\"https:\/\/www.facebook.com\/profile.php?id=100088897294997\" \/>\n<meta property=\"article:modified_time\" content=\"2025-11-19T14:49:06+00:00\" \/>\n<meta property=\"og:image\" content=\"https:\/\/topkeymedical.com\/wp-content\/uploads\/2025\/07\/Specialty-Needles-Biopsy-Needle.webp\" \/>\n\t<meta property=\"og:image:width\" content=\"1000\" \/>\n\t<meta property=\"og:image:height\" content=\"1000\" \/>\n\t<meta property=\"og:image:type\" content=\"image\/webp\" \/>\n<meta name=\"twitter:card\" content=\"summary_large_image\" \/>\n<meta name=\"twitter:label1\" content=\"Tiempo de lectura\" \/>\n\t<meta name=\"twitter:data1\" content=\"2 minutos\" \/>\n<script type=\"application\/ld+json\" class=\"yoast-schema-graph\">{\"@context\":\"https:\\\/\\\/schema.org\",\"@graph\":[{\"@type\":\"WebPage\",\"@id\":\"https:\\\/\\\/topkeymedical.com\\\/product\\\/biopsy-needle\\\/\",\"url\":\"https:\\\/\\\/topkeymedical.com\\\/product\\\/biopsy-needle\\\/\",\"name\":\"Biopsy Needle 10G-22G, 3.4mm-0.7mm\",\"isPartOf\":{\"@id\":\"https:\\\/\\\/topkeymedical.com\\\/#website\"},\"primaryImageOfPage\":{\"@id\":\"https:\\\/\\\/topkeymedical.com\\\/product\\\/biopsy-needle\\\/#primaryimage\"},\"image\":{\"@id\":\"https:\\\/\\\/topkeymedical.com\\\/product\\\/biopsy-needle\\\/#primaryimage\"},\"thumbnailUrl\":\"https:\\\/\\\/topkeymedical.com\\\/wp-content\\\/uploads\\\/2025\\\/07\\\/Specialty-Needles-Biopsy-Needle.webp\",\"datePublished\":\"2025-07-11T14:25:57+00:00\",\"dateModified\":\"2025-11-19T14:49:06+00:00\",\"description\":\"Biopsy Needle:1. It has fine workmanship. When it penetrates the skin, the blade is firm and sharp. 2. Clear tick mark and controllable puncture depth.\",\"breadcrumb\":{\"@id\":\"https:\\\/\\\/topkeymedical.com\\\/product\\\/biopsy-needle\\\/#breadcrumb\"},\"inLanguage\":\"es\",\"potentialAction\":[{\"@type\":\"ReadAction\",\"target\":[\"https:\\\/\\\/topkeymedical.com\\\/product\\\/biopsy-needle\\\/\"]}]},{\"@type\":\"ImageObject\",\"inLanguage\":\"es\",\"@id\":\"https:\\\/\\\/topkeymedical.com\\\/product\\\/biopsy-needle\\\/#primaryimage\",\"url\":\"https:\\\/\\\/topkeymedical.com\\\/wp-content\\\/uploads\\\/2025\\\/07\\\/Specialty-Needles-Biopsy-Needle.webp\",\"contentUrl\":\"https:\\\/\\\/topkeymedical.com\\\/wp-content\\\/uploads\\\/2025\\\/07\\\/Specialty-Needles-Biopsy-Needle.webp\",\"width\":1000,\"height\":1000,\"caption\":\"Biopsy Needle\"},{\"@type\":\"BreadcrumbList\",\"@id\":\"https:\\\/\\\/topkeymedical.com\\\/product\\\/biopsy-needle\\\/#breadcrumb\",\"itemListElement\":[{\"@type\":\"ListItem\",\"position\":1,\"name\":\"Home\",\"item\":\"https:\\\/\\\/topkeymedical.com\\\/\"},{\"@type\":\"ListItem\",\"position\":2,\"name\":\"Products\",\"item\":\"https:\\\/\\\/topkeymedical.com\\\/shop\\\/\"},{\"@type\":\"ListItem\",\"position\":3,\"name\":\"Biopsy Needle 10G-22G, 3.4mm-0.7mm\"}]},{\"@type\":\"WebSite\",\"@id\":\"https:\\\/\\\/topkeymedical.com\\\/#website\",\"url\":\"https:\\\/\\\/topkeymedical.com\\\/\",\"name\":\"TOPKEY\u2013 Precision in Every Detail, Guardian of Life and Health\",\"description\":\"\",\"publisher\":{\"@id\":\"https:\\\/\\\/topkeymedical.com\\\/#organization\"},\"potentialAction\":[{\"@type\":\"SearchAction\",\"target\":{\"@type\":\"EntryPoint\",\"urlTemplate\":\"https:\\\/\\\/topkeymedical.com\\\/?s={search_term_string}\"},\"query-input\":{\"@type\":\"PropertyValueSpecification\",\"valueRequired\":true,\"valueName\":\"search_term_string\"}}],\"inLanguage\":\"es\"},{\"@type\":\"Organization\",\"@id\":\"https:\\\/\\\/topkeymedical.com\\\/#organization\",\"name\":\"TOPKEY\u2013 Precision in Every Detail, Guardian of Life and Health\",\"url\":\"https:\\\/\\\/topkeymedical.com\\\/\",\"logo\":{\"@type\":\"ImageObject\",\"inLanguage\":\"es\",\"@id\":\"https:\\\/\\\/topkeymedical.com\\\/#\\\/schema\\\/logo\\\/image\\\/\",\"url\":\"https:\\\/\\\/topkeymedical.com\\\/wp-content\\\/uploads\\\/2025\\\/05\\\/cropped-logo.jpg\",\"contentUrl\":\"https:\\\/\\\/topkeymedical.com\\\/wp-content\\\/uploads\\\/2025\\\/05\\\/cropped-logo.jpg\",\"width\":512,\"height\":512,\"caption\":\"TOPKEY\u2013 Precision in Every Detail, Guardian of Life and Health\"},\"image\":{\"@id\":\"https:\\\/\\\/topkeymedical.com\\\/#\\\/schema\\\/logo\\\/image\\\/\"},\"sameAs\":[\"https:\\\/\\\/www.facebook.com\\\/profile.php?id=100088897294997\",\"https:\\\/\\\/www.youtube.com\\\/@TopkeyMedical-Alice888\",\"https:\\\/\\\/www.linkedin.com\\\/in\\\/alice-hu-bb66a01b3\\\/\"]}]}<\/script>\n<!-- \/ Yoast SEO plugin. -->","yoast_head_json":{"title":"Aguja de biopsia 10G-22G, 3,4mm-0,7mm","description":"Aguja de biopsia:1. Tiene una elaboraci\u00f3n fina. Cuando penetra en la piel, la hoja es firme y afilada. 2. 2. Marca clara y profundidad de punci\u00f3n controlable.","robots":{"index":"index","follow":"follow","max-snippet":"max-snippet:-1","max-image-preview":"max-image-preview:large","max-video-preview":"max-video-preview:-1"},"canonical":"https:\/\/topkeymedical.com\/es\/producto\/aguja-de-biopsia\/","og_locale":"es_ES","og_type":"article","og_title":"Biopsy Needle 10G-22G, 3.4mm-0.7mm","og_description":"Biopsy Needle:1. It has fine workmanship. When it penetrates the skin, the blade is firm and sharp. 2. Clear tick mark and controllable puncture depth.","og_url":"https:\/\/topkeymedical.com\/es\/producto\/aguja-de-biopsia\/","og_site_name":"TOPKEY\u2013 Precision in Every Detail, Guardian of Life and Health","article_publisher":"https:\/\/www.facebook.com\/profile.php?id=100088897294997","article_modified_time":"2025-11-19T14:49:06+00:00","og_image":[{"width":1000,"height":1000,"url":"https:\/\/topkeymedical.com\/wp-content\/uploads\/2025\/07\/Specialty-Needles-Biopsy-Needle.webp","type":"image\/webp"}],"twitter_card":"summary_large_image","twitter_misc":{"Tiempo de lectura":"2 minutos"},"schema":{"@context":"https:\/\/schema.org","@graph":[{"@type":"WebPage","@id":"https:\/\/topkeymedical.com\/product\/biopsy-needle\/","url":"https:\/\/topkeymedical.com\/product\/biopsy-needle\/","name":"Aguja de biopsia 10G-22G, 3,4mm-0,7mm","isPartOf":{"@id":"https:\/\/topkeymedical.com\/#website"},"primaryImageOfPage":{"@id":"https:\/\/topkeymedical.com\/product\/biopsy-needle\/#primaryimage"},"image":{"@id":"https:\/\/topkeymedical.com\/product\/biopsy-needle\/#primaryimage"},"thumbnailUrl":"https:\/\/topkeymedical.com\/wp-content\/uploads\/2025\/07\/Specialty-Needles-Biopsy-Needle.webp","datePublished":"2025-07-11T14:25:57+00:00","dateModified":"2025-11-19T14:49:06+00:00","description":"Aguja de biopsia:1. Tiene una elaboraci\u00f3n fina. Cuando penetra en la piel, la hoja es firme y afilada. 2. 2. Marca clara y profundidad de punci\u00f3n controlable.","breadcrumb":{"@id":"https:\/\/topkeymedical.com\/product\/biopsy-needle\/#breadcrumb"},"inLanguage":"es","potentialAction":[{"@type":"ReadAction","target":["https:\/\/topkeymedical.com\/product\/biopsy-needle\/"]}]},{"@type":"ImageObject","inLanguage":"es","@id":"https:\/\/topkeymedical.com\/product\/biopsy-needle\/#primaryimage","url":"https:\/\/topkeymedical.com\/wp-content\/uploads\/2025\/07\/Specialty-Needles-Biopsy-Needle.webp","contentUrl":"https:\/\/topkeymedical.com\/wp-content\/uploads\/2025\/07\/Specialty-Needles-Biopsy-Needle.webp","width":1000,"height":1000,"caption":"Biopsy Needle"},{"@type":"BreadcrumbList","@id":"https:\/\/topkeymedical.com\/product\/biopsy-needle\/#breadcrumb","itemListElement":[{"@type":"ListItem","position":1,"name":"Home","item":"https:\/\/topkeymedical.com\/"},{"@type":"ListItem","position":2,"name":"Products","item":"https:\/\/topkeymedical.com\/shop\/"},{"@type":"ListItem","position":3,"name":"Biopsy Needle 10G-22G, 3.4mm-0.7mm"}]},{"@type":"WebSite","@id":"https:\/\/topkeymedical.com\/#website","url":"https:\/\/topkeymedical.com\/","name":"TOPKEY- Precisi\u00f3n en cada detalle, guardi\u00e1n de la vida y la salud","description":"","publisher":{"@id":"https:\/\/topkeymedical.com\/#organization"},"potentialAction":[{"@type":"SearchAction","target":{"@type":"EntryPoint","urlTemplate":"https:\/\/topkeymedical.com\/?s={search_term_string}"},"query-input":{"@type":"PropertyValueSpecification","valueRequired":true,"valueName":"search_term_string"}}],"inLanguage":"es"},{"@type":"Organization","@id":"https:\/\/topkeymedical.com\/#organization","name":"TOPKEY- Precisi\u00f3n en cada detalle, guardi\u00e1n de la vida y la salud","url":"https:\/\/topkeymedical.com\/","logo":{"@type":"ImageObject","inLanguage":"es","@id":"https:\/\/topkeymedical.com\/#\/schema\/logo\/image\/","url":"https:\/\/topkeymedical.com\/wp-content\/uploads\/2025\/05\/cropped-logo.jpg","contentUrl":"https:\/\/topkeymedical.com\/wp-content\/uploads\/2025\/05\/cropped-logo.jpg","width":512,"height":512,"caption":"TOPKEY\u2013 Precision in Every Detail, Guardian of Life and Health"},"image":{"@id":"https:\/\/topkeymedical.com\/#\/schema\/logo\/image\/"},"sameAs":["https:\/\/www.facebook.com\/profile.php?id=100088897294997","https:\/\/www.youtube.com\/@TopkeyMedical-Alice888","https:\/\/www.linkedin.com\/in\/alice-hu-bb66a01b3\/"]}]}},"_links":{"self":[{"href":"https:\/\/topkeymedical.com\/es\/wp-json\/wp\/v2\/product\/1044","targetHints":{"allow":["GET"]}}],"collection":[{"href":"https:\/\/topkeymedical.com\/es\/wp-json\/wp\/v2\/product"}],"about":[{"href":"https:\/\/topkeymedical.com\/es\/wp-json\/wp\/v2\/types\/product"}],"version-history":[{"count":4,"href":"https:\/\/topkeymedical.com\/es\/wp-json\/wp\/v2\/product\/1044\/revisions"}],"predecessor-version":[{"id":1541,"href":"https:\/\/topkeymedical.com\/es\/wp-json\/wp\/v2\/product\/1044\/revisions\/1541"}],"wp:featuredmedia":[{"embeddable":true,"href":"https:\/\/topkeymedical.com\/es\/wp-json\/wp\/v2\/media\/1045"}],"wp:attachment":[{"href":"https:\/\/topkeymedical.com\/es\/wp-json\/wp\/v2\/media?parent=1044"}],"wp:term":[{"taxonomy":"product_brand","embeddable":true,"href":"https:\/\/topkeymedical.com\/es\/wp-json\/wp\/v2\/product_brand?post=1044"},{"taxonomy":"product_cat","embeddable":true,"href":"https:\/\/topkeymedical.com\/es\/wp-json\/wp\/v2\/product_cat?post=1044"},{"taxonomy":"product_tag","embeddable":true,"href":"https:\/\/topkeymedical.com\/es\/wp-json\/wp\/v2\/product_tag?post=1044"}],"curies":[{"name":"wp","href":"https:\/\/api.w.org\/{rel}","templated":true}]}}