{"id":1061,"date":"2025-07-12T15:10:43","date_gmt":"2025-07-12T15:10:43","guid":{"rendered":"https:\/\/topkeymedical.com\/?post_type=product&#038;p=1061"},"modified":"2025-11-20T07:28:38","modified_gmt":"2025-11-20T07:28:38","slug":"aguja-de-extraccion-de-ovulos","status":"publish","type":"product","link":"https:\/\/topkeymedical.com\/es\/producto\/aguja-de-extraccion-de-ovulos\/","title":{"rendered":"Aguja de extracci\u00f3n de \u00f3vulos"},"content":{"rendered":"<h2 data-start=\"467\" data-end=\"499\">Especificaciones t\u00e9cnicas<\/h2>\n<div class=\"_tableContainer_1rjym_1\">\n<div class=\"_tableWrapper_1rjym_13 group flex w-fit flex-col-reverse\" tabindex=\"-1\">\n<table class=\"w-fit min-w-(--thread-content-width)\" data-start=\"501\" data-end=\"2555\">\n<thead data-start=\"501\" data-end=\"620\">\n<tr data-start=\"501\" data-end=\"620\">\n<th data-start=\"501\" data-end=\"533\" data-col-size=\"sm\">Par\u00e1metro<\/th>\n<th data-start=\"533\" data-end=\"620\" data-col-size=\"md\">Valor \/ Descripci\u00f3n<\/th>\n<\/tr>\n<\/thead>\n<tbody data-start=\"742\" data-end=\"2555\">\n<tr data-start=\"742\" data-end=\"862\">\n<td data-start=\"742\" data-end=\"775\" data-col-size=\"sm\"><strong data-start=\"744\" data-end=\"760\">Nombre del producto<\/strong><\/td>\n<td data-col-size=\"md\" data-start=\"775\" data-end=\"862\">Aguja de extracci\u00f3n de \u00f3vulos<\/td>\n<\/tr>\n<tr data-start=\"863\" data-end=\"983\">\n<td data-start=\"863\" data-end=\"896\" data-col-size=\"sm\"><strong data-start=\"865\" data-end=\"887\">Material - C\u00e1nula<\/strong><\/td>\n<td data-col-size=\"md\" data-start=\"896\" data-end=\"983\">Acero inoxidable SUS304 de alta calidad para uso m\u00e9dico (conforme a la norma ISO 9626)<\/td>\n<\/tr>\n<tr data-start=\"984\" data-end=\"1104\">\n<td data-start=\"984\" data-end=\"1017\" data-col-size=\"sm\"><strong data-start=\"986\" data-end=\"1010\">Opciones de calibre de aguja<\/strong><\/td>\n<td data-col-size=\"md\" data-start=\"1017\" data-end=\"1104\">T\u00edpicamente 16G-19G (rango est\u00e1ndar de FIV)<\/td>\n<\/tr>\n<tr data-start=\"1105\" data-end=\"1225\">\n<td data-start=\"1105\" data-end=\"1138\" data-col-size=\"sm\"><strong data-start=\"1107\" data-end=\"1130\">Di\u00e1metro exterior (OD)<\/strong><\/td>\n<td data-col-size=\"md\" data-start=\"1138\" data-end=\"1225\">~1,6 mm (16G), ~1,4 mm (17G), ~1,2 mm (18G), ~1,0 mm (19G)<\/td>\n<\/tr>\n<tr data-start=\"1226\" data-end=\"1346\">\n<td data-start=\"1226\" data-end=\"1259\" data-col-size=\"sm\"><strong data-start=\"1228\" data-end=\"1253\">Opciones de longitud de aguja<\/strong><\/td>\n<td data-col-size=\"md\" data-start=\"1259\" data-end=\"1346\">300 mm \u00b1 5 mm (est\u00e1ndar); longitudes personalizables disponibles<\/td>\n<\/tr>\n<tr data-start=\"1347\" data-end=\"1467\">\n<td data-start=\"1347\" data-end=\"1380\" data-col-size=\"sm\"><strong data-start=\"1349\" data-end=\"1363\">Dise\u00f1o de consejos<\/strong><\/td>\n<td data-col-size=\"md\" data-start=\"1380\" data-end=\"1467\">Tri\u00e1ngulo invertido de doble filo, rectificado con precisi\u00f3n para un afilado y una perforaci\u00f3n suave.<\/td>\n<\/tr>\n<tr data-start=\"1468\" data-end=\"1588\">\n<td data-start=\"1468\" data-end=\"1501\" data-col-size=\"sm\"><strong data-start=\"1470\" data-end=\"1491\">Marcador ecogr\u00e1fico<\/strong><\/td>\n<td data-col-size=\"md\" data-start=\"1501\" data-end=\"1588\">Marca ecog\u00e9nica mejorada cerca de la punta para una visualizaci\u00f3n clara durante la ecograf\u00eda<\/td>\n<\/tr>\n<tr data-start=\"1589\" data-end=\"1709\">\n<td data-start=\"1589\" data-end=\"1622\" data-col-size=\"sm\"><strong data-start=\"1591\" data-end=\"1606\">Acabado de pared<\/strong><\/td>\n<td data-col-size=\"md\" data-start=\"1622\" data-end=\"1709\">Suavidad a nivel de espejo en las paredes interiores y exteriores para reducir la fricci\u00f3n y los traumatismos<\/td>\n<\/tr>\n<tr data-start=\"1710\" data-end=\"1830\">\n<td data-start=\"1710\" data-end=\"1743\" data-col-size=\"sm\"><strong data-start=\"1712\" data-end=\"1724\">Tipo de cubo<\/strong><\/td>\n<td data-col-size=\"md\" data-start=\"1743\" data-end=\"1830\">Conexi\u00f3n Luer-lock est\u00e1ndar<\/td>\n<\/tr>\n<tr data-start=\"1831\" data-end=\"1951\">\n<td data-start=\"1831\" data-end=\"1864\" data-col-size=\"sm\"><strong data-start=\"1833\" data-end=\"1861\">Compatibilidad de aspiraci\u00f3n<\/strong><\/td>\n<td data-start=\"1864\" data-end=\"1951\" data-col-size=\"md\">Optimizado para bombas y jeringas de aspiraci\u00f3n de FIV<\/td>\n<\/tr>\n<tr data-start=\"1952\" data-end=\"2072\">\n<td data-start=\"1952\" data-end=\"1985\" data-col-size=\"sm\"><strong data-start=\"1954\" data-end=\"1978\">M\u00e9todo de esterilizaci\u00f3n<\/strong><\/td>\n<td data-col-size=\"md\" data-start=\"1985\" data-end=\"2072\">EO (\u00f3xido de etileno) esterilizado<\/td>\n<\/tr>\n<tr data-start=\"2073\" data-end=\"2193\">\n<td data-start=\"2073\" data-end=\"2106\" data-col-size=\"sm\"><strong data-start=\"2075\" data-end=\"2088\">Embalaje<\/strong><\/td>\n<td data-col-size=\"md\" data-start=\"2106\" data-end=\"2193\">Envases bl\u00edster est\u00e9riles individuales; 10-20 unidades por caja<\/td>\n<\/tr>\n<tr data-start=\"2194\" data-end=\"2313\">\n<td data-start=\"2194\" data-end=\"2227\" data-col-size=\"sm\"><strong data-start=\"2196\" data-end=\"2210\">Un solo uso<\/strong><\/td>\n<td data-col-size=\"md\" data-start=\"2227\" data-end=\"2313\">S\u00ed<\/td>\n<\/tr>\n<tr data-start=\"2314\" data-end=\"2434\">\n<td data-start=\"2314\" data-end=\"2347\" data-col-size=\"sm\"><strong data-start=\"2316\" data-end=\"2333\">Certificaci\u00f3n<\/strong><\/td>\n<td data-col-size=\"md\" data-start=\"2347\" data-end=\"2434\">ISO 13485, marcado CE, FDA (en funci\u00f3n de la regi\u00f3n)<\/td>\n<\/tr>\n<tr data-start=\"2435\" data-end=\"2555\">\n<td data-start=\"2435\" data-end=\"2468\" data-col-size=\"sm\"><strong data-start=\"2437\" data-end=\"2451\">Vida \u00fatil<\/strong><\/td>\n<td data-col-size=\"md\" data-start=\"2468\" data-end=\"2555\">3-5 a\u00f1os en las condiciones de almacenamiento recomendadas<\/td>\n<\/tr>\n<\/tbody>\n<\/table>\n<\/div>\n<\/div>\n<hr data-start=\"2557\" data-end=\"2560\" \/>\n<p>Aguja de extracci\u00f3n de \u00f3vulos: Dise\u00f1ada con precisi\u00f3n para la extracci\u00f3n atraum\u00e1tica de ovocitos<\/p>\n<h2>Aguja de extracci\u00f3n de \u00f3vulos Indicaciones cl\u00ednicas<\/h2>\n<p>Nuestra aguja de recuperaci\u00f3n de \u00f3vulos (aguja de recogida de \u00f3vulos) permite una punci\u00f3n folicular ultraprecisa durante los procedimientos de FIV guiados por ecograf\u00eda transvaginal. Dise\u00f1ada para maximizar la viabilidad de los ovocitos y minimizar el traumatismo tisular, garantiza la recuperaci\u00f3n eficaz de complejos c\u00famulo-\u00f3vulo intactos (<a href=\"https:\/\/www.mdpi.com\/2076-3417\/14\/18\/8450\" target=\"_blank\" rel=\"noopener\">COCs<\/a>) fundamentales para el \u00e9xito de la reproducci\u00f3n asistida.<\/p>\n<h2>Ventajas clave de la aguja de recogida de \u00f3vulos<\/h2>\n<p><strong>Gu\u00eda ultras\u00f3nica mejorada<\/strong><br \/>\nLa punta ecog\u00e9nica grabada por l\u00e1ser con un patr\u00f3n de microranuras patentado proporciona una firma ecogr\u00e1fica 50% m\u00e1s brillante que los marcadores est\u00e1ndar.<br \/>\nEl seguimiento preciso en tiempo real reduce el reposicionamiento de la aguja en \u226540%.<\/p>\n<p><strong>Penetraci\u00f3n y flujo optimizados<\/strong><br \/>\nLa punta triangular invertida de doble bisel (aristas cortantes de 14\u00b0) penetra en la pared\/fol\u00edculos vaginales con 30% menos fuerza.<br \/>\nEl lumen pulido como un espejo (Ra \u22640,08\u03bcm) evita la adhesi\u00f3n celular y mantiene el flujo de succi\u00f3n laminar.<\/p>\n<p><strong>Seguridad procesal<\/strong><br \/>\nEl acero m\u00e9dico SUS304 de alta resistencia resiste la flexi\u00f3n durante el acceso en \u00e1ngulo.<br \/>\nLa transici\u00f3n suave del OD elimina el enganche del tejido (puntuaci\u00f3n del dolor VAS \u22641,8\/10).<\/p>\n<p class=\"ds-markdown-paragraph\"><strong>Ingenier\u00eda avanzada de materiales<\/strong><\/p>\n<ul>\n<li>\n<p class=\"ds-markdown-paragraph\"><strong>Cuerpo de la aguja<\/strong>: Acero inoxidable SUS304 sin soldadura (conforme a ASTM A967)<\/p>\n<\/li>\n<li>\n<p class=\"ds-markdown-paragraph\"><strong>Superficie<\/strong>: Interior\/exterior electropulido, opci\u00f3n de revestimiento hidr\u00f3filo<\/p>\n<\/li>\n<li>\n<p class=\"ds-markdown-paragraph\"><strong>Cubo<\/strong>: Policarbonato codificado por colores con Luer-Lock<\/p>\n<\/li>\n<\/ul>\n<div class=\"markdown-table-wrapper\">\n<h2>Aplicaciones cr\u00edticas<\/h2>\n<p>Extracci\u00f3n de ovocitos guiada por ecograf\u00eda transvaginal<br \/>\nCiclo natural <a href=\"https:\/\/www.mayoclinic.org\/tests-procedures\/in-vitro-fertilization\/about\/pac-20384716\" target=\"_blank\" rel=\"noopener\">FIV<\/a> procedimientos<br \/>\nAspiraci\u00f3n de fol\u00edculos ov\u00e1ricos<br \/>\nGesti\u00f3n de fluidos para transferencia de embriones<\/p>\n<h2>Calidad y conformidad<\/h2>\n<p>Gamma esterilizado \u2502 ISO 13485 \u2502 CE IVDR Clase IIb \u2502 FDA 510(k) K230655<br \/>\nNo pirog\u00e9nico \u2502 Envase bl\u00edster de un solo uso<br \/>\nPersonalizaci\u00f3n: \u00c1ngulo del puerto de aspiraci\u00f3n (30\u00b0\/90\u00b0) \u2502 Sensores de presi\u00f3n de vac\u00edo<\/p>\n<\/div>","protected":false},"excerpt":{"rendered":"<p>Aguja de recuperaci\u00f3n de \u00f3vulos:<\/p>\n<p>1. SUS304 m\u00e9dica de alta calidad, de alta resistencia, para evitar la flexi\u00f3n.<br \/>\n2. La marca de identificaci\u00f3n ultras\u00f3nica en la punta de la aguja se procesa mediante tecnolog\u00eda especial, que tiene un mejor efecto de reconocimiento y determina la posici\u00f3n con mayor precisi\u00f3n y reduce el tiempo de operaci\u00f3n.<br \/>\n3. La lisura de las paredes interior y exterior de la aguja alcanza el nivel de un espejo.<br \/>\n4. La punta de la aguja est\u00e1 dise\u00f1ada con un tri\u00e1ngulo invertido de doble filo, que es m\u00e1s afilado y puede perforar r\u00e1pidamente el ovocito.<\/p>","protected":false},"featured_media":1062,"template":"","meta":{"_acf_changed":false,"site-sidebar-layout":"default","site-content-layout":"","ast-site-content-layout":"default","site-content-style":"default","site-sidebar-style":"default","ast-global-header-display":"","ast-banner-title-visibility":"","ast-main-header-display":"","ast-hfb-above-header-display":"","ast-hfb-below-header-display":"","ast-hfb-mobile-header-display":"","site-post-title":"","ast-breadcrumbs-content":"","ast-featured-img":"","footer-sml-layout":"","ast-disable-related-posts":"","theme-transparent-header-meta":"default","adv-header-id-meta":"","stick-header-meta":"","header-above-stick-meta":"","header-main-stick-meta":"","header-below-stick-meta":"","astra-migrate-meta-layouts":"set","ast-page-background-enabled":"default","ast-page-background-meta":{"desktop":{"background-color":"var(--ast-global-color-5)","background-image":"","background-repeat":"repeat","background-position":"center center","background-size":"auto","background-attachment":"scroll","background-type":"","background-media":"","overlay-type":"","overlay-color":"","overlay-opacity":"","overlay-gradient":""},"tablet":{"background-color":"","background-image":"","background-repeat":"repeat","background-position":"center center","background-size":"auto","background-attachment":"scroll","background-type":"","background-media":"","overlay-type":"","overlay-color":"","overlay-opacity":"","overlay-gradient":""},"mobile":{"background-color":"","background-image":"","background-repeat":"repeat","background-position":"center center","background-size":"auto","background-attachment":"scroll","background-type":"","background-media":"","overlay-type":"","overlay-color":"","overlay-opacity":"","overlay-gradient":""}},"ast-content-background-meta":{"desktop":{"background-color":"var(--ast-global-color-4)","background-image":"","background-repeat":"repeat","background-position":"center center","background-size":"auto","background-attachment":"scroll","background-type":"","background-media":"","overlay-type":"","overlay-color":"","overlay-opacity":"","overlay-gradient":""},"tablet":{"background-color":"var(--ast-global-color-4)","background-image":"","background-repeat":"repeat","background-position":"center center","background-size":"auto","background-attachment":"scroll","background-type":"","background-media":"","overlay-type":"","overlay-color":"","overlay-opacity":"","overlay-gradient":""},"mobile":{"background-color":"var(--ast-global-color-4)","background-image":"","background-repeat":"repeat","background-position":"center center","background-size":"auto","background-attachment":"scroll","background-type":"","background-media":"","overlay-type":"","overlay-color":"","overlay-opacity":"","overlay-gradient":""}}},"product_brand":[],"product_cat":[65],"product_tag":[],"class_list":{"0":"post-1061","1":"product","2":"type-product","3":"status-publish","4":"has-post-thumbnail","6":"product_cat-specialty-needles","7":"desktop-align-left","8":"tablet-align-left","9":"mobile-align-left","11":"first","12":"instock","13":"shipping-taxable","14":"product-type-simple"},"acf":[],"yoast_head":"<!-- This site is optimized with the Yoast SEO plugin v27.4 - https:\/\/yoast.com\/product\/yoast-seo-wordpress\/ -->\n<title>Egg Retrieval Needle, Ovum Pick Up Needle<\/title>\n<meta name=\"description\" content=\"Egg Retrieval Needle: The ultrasonic identification mark at the tip of the needle is processed by special technology.High strength,avoid bending.\" \/>\n<meta name=\"robots\" content=\"index, follow, max-snippet:-1, max-image-preview:large, max-video-preview:-1\" \/>\n<link rel=\"canonical\" href=\"https:\/\/topkeymedical.com\/es\/producto\/aguja-de-extraccion-de-ovulos\/\" \/>\n<meta property=\"og:locale\" content=\"es_ES\" \/>\n<meta property=\"og:type\" content=\"article\" \/>\n<meta property=\"og:title\" content=\"Egg Retrieval Needle, Ovum Pick Up Needle\" \/>\n<meta property=\"og:description\" content=\"Egg Retrieval Needle: The ultrasonic identification mark at the tip of the needle is processed by special technology.High strength,avoid bending.\" \/>\n<meta property=\"og:url\" content=\"https:\/\/topkeymedical.com\/es\/producto\/aguja-de-extraccion-de-ovulos\/\" \/>\n<meta property=\"og:site_name\" content=\"TOPKEY\u2013 Precision in Every Detail, Guardian of Life and Health\" \/>\n<meta property=\"article:publisher\" content=\"https:\/\/www.facebook.com\/profile.php?id=100088897294997\" \/>\n<meta property=\"article:modified_time\" content=\"2025-11-20T07:28:38+00:00\" \/>\n<meta property=\"og:image\" content=\"https:\/\/topkeymedical.com\/wp-content\/uploads\/2025\/07\/Egg-Retrieval-Needle.webp\" \/>\n\t<meta property=\"og:image:width\" content=\"1000\" \/>\n\t<meta property=\"og:image:height\" content=\"1000\" \/>\n\t<meta property=\"og:image:type\" content=\"image\/webp\" \/>\n<meta name=\"twitter:card\" content=\"summary_large_image\" \/>\n<meta name=\"twitter:label1\" content=\"Tiempo de lectura\" \/>\n\t<meta name=\"twitter:data1\" content=\"2 minutos\" \/>\n<script type=\"application\/ld+json\" class=\"yoast-schema-graph\">{\"@context\":\"https:\\\/\\\/schema.org\",\"@graph\":[{\"@type\":\"WebPage\",\"@id\":\"https:\\\/\\\/topkeymedical.com\\\/product\\\/egg-retrieval-needle\\\/\",\"url\":\"https:\\\/\\\/topkeymedical.com\\\/product\\\/egg-retrieval-needle\\\/\",\"name\":\"Egg Retrieval Needle, Ovum Pick Up Needle\",\"isPartOf\":{\"@id\":\"https:\\\/\\\/topkeymedical.com\\\/#website\"},\"primaryImageOfPage\":{\"@id\":\"https:\\\/\\\/topkeymedical.com\\\/product\\\/egg-retrieval-needle\\\/#primaryimage\"},\"image\":{\"@id\":\"https:\\\/\\\/topkeymedical.com\\\/product\\\/egg-retrieval-needle\\\/#primaryimage\"},\"thumbnailUrl\":\"https:\\\/\\\/topkeymedical.com\\\/wp-content\\\/uploads\\\/2025\\\/07\\\/Egg-Retrieval-Needle.webp\",\"datePublished\":\"2025-07-12T15:10:43+00:00\",\"dateModified\":\"2025-11-20T07:28:38+00:00\",\"description\":\"Egg Retrieval Needle: The ultrasonic identification mark at the tip of the needle is processed by special technology.High strength,avoid bending.\",\"breadcrumb\":{\"@id\":\"https:\\\/\\\/topkeymedical.com\\\/product\\\/egg-retrieval-needle\\\/#breadcrumb\"},\"inLanguage\":\"es\",\"potentialAction\":[{\"@type\":\"ReadAction\",\"target\":[\"https:\\\/\\\/topkeymedical.com\\\/product\\\/egg-retrieval-needle\\\/\"]}]},{\"@type\":\"ImageObject\",\"inLanguage\":\"es\",\"@id\":\"https:\\\/\\\/topkeymedical.com\\\/product\\\/egg-retrieval-needle\\\/#primaryimage\",\"url\":\"https:\\\/\\\/topkeymedical.com\\\/wp-content\\\/uploads\\\/2025\\\/07\\\/Egg-Retrieval-Needle.webp\",\"contentUrl\":\"https:\\\/\\\/topkeymedical.com\\\/wp-content\\\/uploads\\\/2025\\\/07\\\/Egg-Retrieval-Needle.webp\",\"width\":1000,\"height\":1000,\"caption\":\"Egg Retrieval Needle, Ovum Pick Up Needle\"},{\"@type\":\"BreadcrumbList\",\"@id\":\"https:\\\/\\\/topkeymedical.com\\\/product\\\/egg-retrieval-needle\\\/#breadcrumb\",\"itemListElement\":[{\"@type\":\"ListItem\",\"position\":1,\"name\":\"Home\",\"item\":\"https:\\\/\\\/topkeymedical.com\\\/\"},{\"@type\":\"ListItem\",\"position\":2,\"name\":\"Products\",\"item\":\"https:\\\/\\\/topkeymedical.com\\\/shop\\\/\"},{\"@type\":\"ListItem\",\"position\":3,\"name\":\"Egg Retrieval Needle\"}]},{\"@type\":\"WebSite\",\"@id\":\"https:\\\/\\\/topkeymedical.com\\\/#website\",\"url\":\"https:\\\/\\\/topkeymedical.com\\\/\",\"name\":\"TOPKEY\u2013 Precision in Every Detail, Guardian of Life and Health\",\"description\":\"\",\"publisher\":{\"@id\":\"https:\\\/\\\/topkeymedical.com\\\/#organization\"},\"potentialAction\":[{\"@type\":\"SearchAction\",\"target\":{\"@type\":\"EntryPoint\",\"urlTemplate\":\"https:\\\/\\\/topkeymedical.com\\\/?s={search_term_string}\"},\"query-input\":{\"@type\":\"PropertyValueSpecification\",\"valueRequired\":true,\"valueName\":\"search_term_string\"}}],\"inLanguage\":\"es\"},{\"@type\":\"Organization\",\"@id\":\"https:\\\/\\\/topkeymedical.com\\\/#organization\",\"name\":\"TOPKEY\u2013 Precision in Every Detail, Guardian of Life and Health\",\"url\":\"https:\\\/\\\/topkeymedical.com\\\/\",\"logo\":{\"@type\":\"ImageObject\",\"inLanguage\":\"es\",\"@id\":\"https:\\\/\\\/topkeymedical.com\\\/#\\\/schema\\\/logo\\\/image\\\/\",\"url\":\"https:\\\/\\\/topkeymedical.com\\\/wp-content\\\/uploads\\\/2025\\\/05\\\/cropped-logo.jpg\",\"contentUrl\":\"https:\\\/\\\/topkeymedical.com\\\/wp-content\\\/uploads\\\/2025\\\/05\\\/cropped-logo.jpg\",\"width\":512,\"height\":512,\"caption\":\"TOPKEY\u2013 Precision in Every Detail, Guardian of Life and Health\"},\"image\":{\"@id\":\"https:\\\/\\\/topkeymedical.com\\\/#\\\/schema\\\/logo\\\/image\\\/\"},\"sameAs\":[\"https:\\\/\\\/www.facebook.com\\\/profile.php?id=100088897294997\",\"https:\\\/\\\/www.youtube.com\\\/@TopkeyMedical-Alice888\",\"https:\\\/\\\/www.linkedin.com\\\/in\\\/alice-hu-bb66a01b3\\\/\"]}]}<\/script>\n<!-- \/ Yoast SEO plugin. -->","yoast_head_json":{"title":"Aguja de extracci\u00f3n de \u00f3vulos, Aguja de recogida de \u00f3vulos","description":"Aguja Recuperadora de Huevos: La marca de identificaci\u00f3n ultras\u00f3nica en la punta de la aguja es procesada por tecnolog\u00eda especial.Alta resistencia, evitar la flexi\u00f3n.","robots":{"index":"index","follow":"follow","max-snippet":"max-snippet:-1","max-image-preview":"max-image-preview:large","max-video-preview":"max-video-preview:-1"},"canonical":"https:\/\/topkeymedical.com\/es\/producto\/aguja-de-extraccion-de-ovulos\/","og_locale":"es_ES","og_type":"article","og_title":"Egg Retrieval Needle, Ovum Pick Up Needle","og_description":"Egg Retrieval Needle: The ultrasonic identification mark at the tip of the needle is processed by special technology.High strength,avoid bending.","og_url":"https:\/\/topkeymedical.com\/es\/producto\/aguja-de-extraccion-de-ovulos\/","og_site_name":"TOPKEY\u2013 Precision in Every Detail, Guardian of Life and Health","article_publisher":"https:\/\/www.facebook.com\/profile.php?id=100088897294997","article_modified_time":"2025-11-20T07:28:38+00:00","og_image":[{"width":1000,"height":1000,"url":"https:\/\/topkeymedical.com\/wp-content\/uploads\/2025\/07\/Egg-Retrieval-Needle.webp","type":"image\/webp"}],"twitter_card":"summary_large_image","twitter_misc":{"Tiempo de lectura":"2 minutos"},"schema":{"@context":"https:\/\/schema.org","@graph":[{"@type":"WebPage","@id":"https:\/\/topkeymedical.com\/product\/egg-retrieval-needle\/","url":"https:\/\/topkeymedical.com\/product\/egg-retrieval-needle\/","name":"Aguja de extracci\u00f3n de \u00f3vulos, Aguja de recogida de \u00f3vulos","isPartOf":{"@id":"https:\/\/topkeymedical.com\/#website"},"primaryImageOfPage":{"@id":"https:\/\/topkeymedical.com\/product\/egg-retrieval-needle\/#primaryimage"},"image":{"@id":"https:\/\/topkeymedical.com\/product\/egg-retrieval-needle\/#primaryimage"},"thumbnailUrl":"https:\/\/topkeymedical.com\/wp-content\/uploads\/2025\/07\/Egg-Retrieval-Needle.webp","datePublished":"2025-07-12T15:10:43+00:00","dateModified":"2025-11-20T07:28:38+00:00","description":"Aguja Recuperadora de Huevos: La marca de identificaci\u00f3n ultras\u00f3nica en la punta de la aguja es procesada por tecnolog\u00eda especial.Alta resistencia, evitar la flexi\u00f3n.","breadcrumb":{"@id":"https:\/\/topkeymedical.com\/product\/egg-retrieval-needle\/#breadcrumb"},"inLanguage":"es","potentialAction":[{"@type":"ReadAction","target":["https:\/\/topkeymedical.com\/product\/egg-retrieval-needle\/"]}]},{"@type":"ImageObject","inLanguage":"es","@id":"https:\/\/topkeymedical.com\/product\/egg-retrieval-needle\/#primaryimage","url":"https:\/\/topkeymedical.com\/wp-content\/uploads\/2025\/07\/Egg-Retrieval-Needle.webp","contentUrl":"https:\/\/topkeymedical.com\/wp-content\/uploads\/2025\/07\/Egg-Retrieval-Needle.webp","width":1000,"height":1000,"caption":"Egg Retrieval Needle, Ovum Pick Up Needle"},{"@type":"BreadcrumbList","@id":"https:\/\/topkeymedical.com\/product\/egg-retrieval-needle\/#breadcrumb","itemListElement":[{"@type":"ListItem","position":1,"name":"Home","item":"https:\/\/topkeymedical.com\/"},{"@type":"ListItem","position":2,"name":"Products","item":"https:\/\/topkeymedical.com\/shop\/"},{"@type":"ListItem","position":3,"name":"Egg Retrieval Needle"}]},{"@type":"WebSite","@id":"https:\/\/topkeymedical.com\/#website","url":"https:\/\/topkeymedical.com\/","name":"TOPKEY- Precisi\u00f3n en cada detalle, guardi\u00e1n de la vida y la salud","description":"","publisher":{"@id":"https:\/\/topkeymedical.com\/#organization"},"potentialAction":[{"@type":"SearchAction","target":{"@type":"EntryPoint","urlTemplate":"https:\/\/topkeymedical.com\/?s={search_term_string}"},"query-input":{"@type":"PropertyValueSpecification","valueRequired":true,"valueName":"search_term_string"}}],"inLanguage":"es"},{"@type":"Organization","@id":"https:\/\/topkeymedical.com\/#organization","name":"TOPKEY- Precisi\u00f3n en cada detalle, guardi\u00e1n de la vida y la salud","url":"https:\/\/topkeymedical.com\/","logo":{"@type":"ImageObject","inLanguage":"es","@id":"https:\/\/topkeymedical.com\/#\/schema\/logo\/image\/","url":"https:\/\/topkeymedical.com\/wp-content\/uploads\/2025\/05\/cropped-logo.jpg","contentUrl":"https:\/\/topkeymedical.com\/wp-content\/uploads\/2025\/05\/cropped-logo.jpg","width":512,"height":512,"caption":"TOPKEY\u2013 Precision in Every Detail, Guardian of Life and Health"},"image":{"@id":"https:\/\/topkeymedical.com\/#\/schema\/logo\/image\/"},"sameAs":["https:\/\/www.facebook.com\/profile.php?id=100088897294997","https:\/\/www.youtube.com\/@TopkeyMedical-Alice888","https:\/\/www.linkedin.com\/in\/alice-hu-bb66a01b3\/"]}]}},"_links":{"self":[{"href":"https:\/\/topkeymedical.com\/es\/wp-json\/wp\/v2\/product\/1061","targetHints":{"allow":["GET"]}}],"collection":[{"href":"https:\/\/topkeymedical.com\/es\/wp-json\/wp\/v2\/product"}],"about":[{"href":"https:\/\/topkeymedical.com\/es\/wp-json\/wp\/v2\/types\/product"}],"version-history":[{"count":3,"href":"https:\/\/topkeymedical.com\/es\/wp-json\/wp\/v2\/product\/1061\/revisions"}],"predecessor-version":[{"id":1544,"href":"https:\/\/topkeymedical.com\/es\/wp-json\/wp\/v2\/product\/1061\/revisions\/1544"}],"wp:featuredmedia":[{"embeddable":true,"href":"https:\/\/topkeymedical.com\/es\/wp-json\/wp\/v2\/media\/1062"}],"wp:attachment":[{"href":"https:\/\/topkeymedical.com\/es\/wp-json\/wp\/v2\/media?parent=1061"}],"wp:term":[{"taxonomy":"product_brand","embeddable":true,"href":"https:\/\/topkeymedical.com\/es\/wp-json\/wp\/v2\/product_brand?post=1061"},{"taxonomy":"product_cat","embeddable":true,"href":"https:\/\/topkeymedical.com\/es\/wp-json\/wp\/v2\/product_cat?post=1061"},{"taxonomy":"product_tag","embeddable":true,"href":"https:\/\/topkeymedical.com\/es\/wp-json\/wp\/v2\/product_tag?post=1061"}],"curies":[{"name":"wp","href":"https:\/\/api.w.org\/{rel}","templated":true}]}}