{"id":1071,"date":"2025-07-13T03:04:27","date_gmt":"2025-07-13T03:04:27","guid":{"rendered":"https:\/\/topkeymedical.com\/?post_type=product&#038;p=1071"},"modified":"2026-04-08T02:24:56","modified_gmt":"2026-04-08T02:24:56","slug":"aguja-de-insulina","status":"publish","type":"product","link":"https:\/\/topkeymedical.com\/es\/producto\/aguja-de-insulina\/","title":{"rendered":"Aguja de insulina 30G(0.3mm) ~ 34G(0.18mm)"},"content":{"rendered":"<p>Puntas para agujas de insulina: Dise\u00f1adas con precisi\u00f3n para un control indoloro de la diabetes<\/p>\n<h2>Puntas de agujas de insulina Prop\u00f3sito cl\u00ednico<\/h2>\n<p>Nuestras agujas de insulina ultrafinas ofrecen una precisi\u00f3n sin concesiones en la administraci\u00f3n subcut\u00e1nea de medicaci\u00f3n a pacientes con diabetes. Dise\u00f1adas para su uso diario con plumas de insulina, garantizan una dosificaci\u00f3n uniforme al tiempo que minimizan el traumatismo tisular, fundamental para el control gluc\u00e9mico y la adherencia al tratamiento.<\/p>\n<h2>Principales ventajas<\/h2>\n<p><strong>Tecnolog\u00eda antidolor<\/strong><br \/>\nLa punta microbiselada de 5 facetas (\u00e1ngulo de afilado de 12\u00b0) penetra en la piel con 40% menos fuerza que las agujas est\u00e1ndar de 3 biseles.<br \/>\nEl electropulido resistente a las leng\u00fcetas mantiene la integridad de la punta a trav\u00e9s de \u226510 pinchazos.<\/p>\n<p><strong>Mayor precisi\u00f3n de dosificaci\u00f3n<\/strong><br \/>\nEl dise\u00f1o de hoja corta (1,5-4 mm) se dirige al tejido subcut\u00e1neo con precisi\u00f3n milim\u00e9trica.<br \/>\nLa activaci\u00f3n del \u00e9mbolo sin deslizamiento elimina la p\u00e9rdida de dosis durante la inyecci\u00f3n.<\/p>\n<p><strong>Confort del paciente<\/strong><br \/>\nLas paredes ultrafinas (DE: 0,23-0,36 mm) reducen el desplazamiento del tejido.<br \/>\nEl revestimiento hidr\u00f3filo (\u00e1ngulo de contacto: 15\u00b0) garantiza una inserci\u00f3n suave (dolor VAS \u22641,0\/10).<\/p>\n<h2>Aguja de insulina Especificaciones t\u00e9cnicas<\/h2>\n<div class=\"markdown-table-wrapper\">\n<table>\n<thead>\n<tr>\n<th>Par\u00e1metro<\/th>\n<th>Especificaci\u00f3n<\/th>\n<\/tr>\n<\/thead>\n<tbody>\n<tr>\n<td>Perfil de la aguja<\/td>\n<td><strong>Hoja corta<\/strong>,\u00a0<strong>3 niveles<\/strong>,\u00a0<strong>5 niveles<\/strong><\/td>\n<\/tr>\n<tr>\n<td>Indicadores<\/td>\n<td><strong>30G(0,3mm) ~ 34G(0,18mm)<\/strong><\/td>\n<\/tr>\n<tr>\n<td>Longitudes<\/td>\n<td>4 mm \/ 5 mm \/ 6 mm \/ 8 mm (\u00b10,1 mm)<\/td>\n<\/tr>\n<tr>\n<td>Espesor de pared<\/td>\n<td>RW\/TW\/ETW\/UTW<\/td>\n<\/tr>\n<\/tbody>\n<\/table>\n<h2>Aplicaciones cl\u00ednicas<\/h2>\n<p>Administraci\u00f3n diaria de insulina (basal\/bolo).<br \/>\n<a href=\"https:\/\/my.clevelandclinic.org\/health\/treatments\/13901-glp-1-agonists\" target=\"_blank\" rel=\"noopener\">Agonista GLP-1<\/a> inyecciones (por ejemplo, semaglutida).<br \/>\nAtenci\u00f3n a la diabetes pedi\u00e1trica.<br \/>\nBotiquines de viaje.<\/p>\n<\/div>","protected":false},"excerpt":{"rendered":"<p>Insulin Needle Tips Introducci\u00f3n:<br \/>\nDise\u00f1o preciso en forma de aguja, procesamiento de rectificado preciso, alta resistencia, puede perforar varias veces sin p\u00faas.<br \/>\nDise\u00f1o de \u00e1ngulo peque\u00f1o, perfora suavemente y reduce el dolor.<\/p>\n<p>Especificaci\u00f3n del producto:<br \/>\nTipo de aguja: de cuchilla corta, de tres, de cinco caras.<\/p>","protected":false},"featured_media":1072,"template":"","meta":{"_acf_changed":false,"site-sidebar-layout":"default","site-content-layout":"","ast-site-content-layout":"default","site-content-style":"default","site-sidebar-style":"default","ast-global-header-display":"","ast-banner-title-visibility":"","ast-main-header-display":"","ast-hfb-above-header-display":"","ast-hfb-below-header-display":"","ast-hfb-mobile-header-display":"","site-post-title":"","ast-breadcrumbs-content":"","ast-featured-img":"","footer-sml-layout":"","ast-disable-related-posts":"","theme-transparent-header-meta":"default","adv-header-id-meta":"","stick-header-meta":"","header-above-stick-meta":"","header-main-stick-meta":"","header-below-stick-meta":"","astra-migrate-meta-layouts":"set","ast-page-background-enabled":"default","ast-page-background-meta":{"desktop":{"background-color":"var(--ast-global-color-5)","background-image":"","background-repeat":"repeat","background-position":"center center","background-size":"auto","background-attachment":"scroll","background-type":"","background-media":"","overlay-type":"","overlay-color":"","overlay-opacity":"","overlay-gradient":""},"tablet":{"background-color":"","background-image":"","background-repeat":"repeat","background-position":"center center","background-size":"auto","background-attachment":"scroll","background-type":"","background-media":"","overlay-type":"","overlay-color":"","overlay-opacity":"","overlay-gradient":""},"mobile":{"background-color":"","background-image":"","background-repeat":"repeat","background-position":"center center","background-size":"auto","background-attachment":"scroll","background-type":"","background-media":"","overlay-type":"","overlay-color":"","overlay-opacity":"","overlay-gradient":""}},"ast-content-background-meta":{"desktop":{"background-color":"var(--ast-global-color-4)","background-image":"","background-repeat":"repeat","background-position":"center center","background-size":"auto","background-attachment":"scroll","background-type":"","background-media":"","overlay-type":"","overlay-color":"","overlay-opacity":"","overlay-gradient":""},"tablet":{"background-color":"var(--ast-global-color-4)","background-image":"","background-repeat":"repeat","background-position":"center center","background-size":"auto","background-attachment":"scroll","background-type":"","background-media":"","overlay-type":"","overlay-color":"","overlay-opacity":"","overlay-gradient":""},"mobile":{"background-color":"var(--ast-global-color-4)","background-image":"","background-repeat":"repeat","background-position":"center center","background-size":"auto","background-attachment":"scroll","background-type":"","background-media":"","overlay-type":"","overlay-color":"","overlay-opacity":"","overlay-gradient":""}}},"product_brand":[],"product_cat":[65],"product_tag":[],"class_list":{"0":"post-1071","1":"product","2":"type-product","3":"status-publish","4":"has-post-thumbnail","6":"product_cat-specialty-needles","7":"desktop-align-left","8":"tablet-align-left","9":"mobile-align-left","11":"first","12":"instock","13":"shipping-taxable","14":"product-type-simple"},"acf":[],"yoast_head":"<!-- This site is optimized with the Yoast SEO plugin v27.4 - https:\/\/yoast.com\/product\/yoast-seo-wordpress\/ -->\n<title>Insulin Needle 30G(0.3mm) ~ 34G(0.18mm)<\/title>\n<meta name=\"description\" content=\"Insulin Needle Tips Introduction: Precise needle-shaped design, precise grinding processing, high-strength, can puncture multiple times without barbs.\" \/>\n<meta name=\"robots\" content=\"index, follow, max-snippet:-1, max-image-preview:large, max-video-preview:-1\" \/>\n<link rel=\"canonical\" href=\"https:\/\/topkeymedical.com\/es\/producto\/aguja-de-insulina\/\" \/>\n<meta property=\"og:locale\" content=\"es_ES\" \/>\n<meta property=\"og:type\" content=\"article\" \/>\n<meta property=\"og:title\" content=\"Insulin Needle 30G(0.3mm) ~ 34G(0.18mm)\" \/>\n<meta property=\"og:description\" content=\"Insulin Needle Tips Introduction: Precise needle-shaped design, precise grinding processing, high-strength, can puncture multiple times without barbs.\" \/>\n<meta property=\"og:url\" content=\"https:\/\/topkeymedical.com\/es\/producto\/aguja-de-insulina\/\" \/>\n<meta property=\"og:site_name\" content=\"TOPKEY\u2013 Precision in Every Detail, Guardian of Life and Health\" \/>\n<meta property=\"article:publisher\" content=\"https:\/\/www.facebook.com\/profile.php?id=100088897294997\" \/>\n<meta property=\"article:modified_time\" content=\"2026-04-08T02:24:56+00:00\" \/>\n<meta property=\"og:image\" content=\"https:\/\/topkeymedical.com\/wp-content\/uploads\/2025\/07\/Insulin-Needle-Tips.webp\" \/>\n\t<meta property=\"og:image:width\" content=\"1000\" \/>\n\t<meta property=\"og:image:height\" content=\"1000\" \/>\n\t<meta property=\"og:image:type\" content=\"image\/webp\" \/>\n<meta name=\"twitter:card\" content=\"summary_large_image\" \/>\n<meta name=\"twitter:label1\" content=\"Tiempo de lectura\" \/>\n\t<meta name=\"twitter:data1\" content=\"1 minuto\" \/>\n<script type=\"application\/ld+json\" class=\"yoast-schema-graph\">{\"@context\":\"https:\\\/\\\/schema.org\",\"@graph\":[{\"@type\":\"WebPage\",\"@id\":\"https:\\\/\\\/topkeymedical.com\\\/product\\\/insulin-needle\\\/\",\"url\":\"https:\\\/\\\/topkeymedical.com\\\/product\\\/insulin-needle\\\/\",\"name\":\"Insulin Needle 30G(0.3mm) ~ 34G(0.18mm)\",\"isPartOf\":{\"@id\":\"https:\\\/\\\/topkeymedical.com\\\/#website\"},\"primaryImageOfPage\":{\"@id\":\"https:\\\/\\\/topkeymedical.com\\\/product\\\/insulin-needle\\\/#primaryimage\"},\"image\":{\"@id\":\"https:\\\/\\\/topkeymedical.com\\\/product\\\/insulin-needle\\\/#primaryimage\"},\"thumbnailUrl\":\"https:\\\/\\\/topkeymedical.com\\\/wp-content\\\/uploads\\\/2025\\\/07\\\/Insulin-Needle-Tips.webp\",\"datePublished\":\"2025-07-13T03:04:27+00:00\",\"dateModified\":\"2026-04-08T02:24:56+00:00\",\"description\":\"Insulin Needle Tips Introduction: Precise needle-shaped design, precise grinding processing, high-strength, can puncture multiple times without barbs.\",\"breadcrumb\":{\"@id\":\"https:\\\/\\\/topkeymedical.com\\\/product\\\/insulin-needle\\\/#breadcrumb\"},\"inLanguage\":\"es\",\"potentialAction\":[{\"@type\":\"ReadAction\",\"target\":[\"https:\\\/\\\/topkeymedical.com\\\/product\\\/insulin-needle\\\/\"]}]},{\"@type\":\"ImageObject\",\"inLanguage\":\"es\",\"@id\":\"https:\\\/\\\/topkeymedical.com\\\/product\\\/insulin-needle\\\/#primaryimage\",\"url\":\"https:\\\/\\\/topkeymedical.com\\\/wp-content\\\/uploads\\\/2025\\\/07\\\/Insulin-Needle-Tips.webp\",\"contentUrl\":\"https:\\\/\\\/topkeymedical.com\\\/wp-content\\\/uploads\\\/2025\\\/07\\\/Insulin-Needle-Tips.webp\",\"width\":1000,\"height\":1000,\"caption\":\"Specialty Needles - Insulin Needle Tips\"},{\"@type\":\"BreadcrumbList\",\"@id\":\"https:\\\/\\\/topkeymedical.com\\\/product\\\/insulin-needle\\\/#breadcrumb\",\"itemListElement\":[{\"@type\":\"ListItem\",\"position\":1,\"name\":\"Home\",\"item\":\"https:\\\/\\\/topkeymedical.com\\\/\"},{\"@type\":\"ListItem\",\"position\":2,\"name\":\"Products\",\"item\":\"https:\\\/\\\/topkeymedical.com\\\/shop\\\/\"},{\"@type\":\"ListItem\",\"position\":3,\"name\":\"Insulin Needle 30G(0.3mm) ~ 34G(0.18mm)\"}]},{\"@type\":\"WebSite\",\"@id\":\"https:\\\/\\\/topkeymedical.com\\\/#website\",\"url\":\"https:\\\/\\\/topkeymedical.com\\\/\",\"name\":\"TOPKEY\u2013 Precision in Every Detail, Guardian of Life and Health\",\"description\":\"\",\"publisher\":{\"@id\":\"https:\\\/\\\/topkeymedical.com\\\/#organization\"},\"potentialAction\":[{\"@type\":\"SearchAction\",\"target\":{\"@type\":\"EntryPoint\",\"urlTemplate\":\"https:\\\/\\\/topkeymedical.com\\\/?s={search_term_string}\"},\"query-input\":{\"@type\":\"PropertyValueSpecification\",\"valueRequired\":true,\"valueName\":\"search_term_string\"}}],\"inLanguage\":\"es\"},{\"@type\":\"Organization\",\"@id\":\"https:\\\/\\\/topkeymedical.com\\\/#organization\",\"name\":\"TOPKEY\u2013 Precision in Every Detail, Guardian of Life and Health\",\"url\":\"https:\\\/\\\/topkeymedical.com\\\/\",\"logo\":{\"@type\":\"ImageObject\",\"inLanguage\":\"es\",\"@id\":\"https:\\\/\\\/topkeymedical.com\\\/#\\\/schema\\\/logo\\\/image\\\/\",\"url\":\"https:\\\/\\\/topkeymedical.com\\\/wp-content\\\/uploads\\\/2025\\\/05\\\/cropped-logo.jpg\",\"contentUrl\":\"https:\\\/\\\/topkeymedical.com\\\/wp-content\\\/uploads\\\/2025\\\/05\\\/cropped-logo.jpg\",\"width\":512,\"height\":512,\"caption\":\"TOPKEY\u2013 Precision in Every Detail, Guardian of Life and Health\"},\"image\":{\"@id\":\"https:\\\/\\\/topkeymedical.com\\\/#\\\/schema\\\/logo\\\/image\\\/\"},\"sameAs\":[\"https:\\\/\\\/www.facebook.com\\\/profile.php?id=100088897294997\",\"https:\\\/\\\/www.youtube.com\\\/@TopkeyMedical-Alice888\",\"https:\\\/\\\/www.linkedin.com\\\/in\\\/alice-hu-bb66a01b3\\\/\"]}]}<\/script>\n<!-- \/ Yoast SEO plugin. -->","yoast_head_json":{"title":"Aguja de insulina 30G(0.3mm) ~ 34G(0.18mm)","description":"Agujas de insulina Introducci\u00f3n: Dise\u00f1o preciso en forma de aguja, procesamiento de molienda precisa, de alta resistencia, puede perforar varias veces sin p\u00faas.","robots":{"index":"index","follow":"follow","max-snippet":"max-snippet:-1","max-image-preview":"max-image-preview:large","max-video-preview":"max-video-preview:-1"},"canonical":"https:\/\/topkeymedical.com\/es\/producto\/aguja-de-insulina\/","og_locale":"es_ES","og_type":"article","og_title":"Insulin Needle 30G(0.3mm) ~ 34G(0.18mm)","og_description":"Insulin Needle Tips Introduction: Precise needle-shaped design, precise grinding processing, high-strength, can puncture multiple times without barbs.","og_url":"https:\/\/topkeymedical.com\/es\/producto\/aguja-de-insulina\/","og_site_name":"TOPKEY\u2013 Precision in Every Detail, Guardian of Life and Health","article_publisher":"https:\/\/www.facebook.com\/profile.php?id=100088897294997","article_modified_time":"2026-04-08T02:24:56+00:00","og_image":[{"width":1000,"height":1000,"url":"https:\/\/topkeymedical.com\/wp-content\/uploads\/2025\/07\/Insulin-Needle-Tips.webp","type":"image\/webp"}],"twitter_card":"summary_large_image","twitter_misc":{"Tiempo de lectura":"1 minuto"},"schema":{"@context":"https:\/\/schema.org","@graph":[{"@type":"WebPage","@id":"https:\/\/topkeymedical.com\/product\/insulin-needle\/","url":"https:\/\/topkeymedical.com\/product\/insulin-needle\/","name":"Aguja de insulina 30G(0.3mm) ~ 34G(0.18mm)","isPartOf":{"@id":"https:\/\/topkeymedical.com\/#website"},"primaryImageOfPage":{"@id":"https:\/\/topkeymedical.com\/product\/insulin-needle\/#primaryimage"},"image":{"@id":"https:\/\/topkeymedical.com\/product\/insulin-needle\/#primaryimage"},"thumbnailUrl":"https:\/\/topkeymedical.com\/wp-content\/uploads\/2025\/07\/Insulin-Needle-Tips.webp","datePublished":"2025-07-13T03:04:27+00:00","dateModified":"2026-04-08T02:24:56+00:00","description":"Agujas de insulina Introducci\u00f3n: Dise\u00f1o preciso en forma de aguja, procesamiento de molienda precisa, de alta resistencia, puede perforar varias veces sin p\u00faas.","breadcrumb":{"@id":"https:\/\/topkeymedical.com\/product\/insulin-needle\/#breadcrumb"},"inLanguage":"es","potentialAction":[{"@type":"ReadAction","target":["https:\/\/topkeymedical.com\/product\/insulin-needle\/"]}]},{"@type":"ImageObject","inLanguage":"es","@id":"https:\/\/topkeymedical.com\/product\/insulin-needle\/#primaryimage","url":"https:\/\/topkeymedical.com\/wp-content\/uploads\/2025\/07\/Insulin-Needle-Tips.webp","contentUrl":"https:\/\/topkeymedical.com\/wp-content\/uploads\/2025\/07\/Insulin-Needle-Tips.webp","width":1000,"height":1000,"caption":"Specialty Needles - Insulin Needle Tips"},{"@type":"BreadcrumbList","@id":"https:\/\/topkeymedical.com\/product\/insulin-needle\/#breadcrumb","itemListElement":[{"@type":"ListItem","position":1,"name":"Home","item":"https:\/\/topkeymedical.com\/"},{"@type":"ListItem","position":2,"name":"Products","item":"https:\/\/topkeymedical.com\/shop\/"},{"@type":"ListItem","position":3,"name":"Insulin Needle 30G(0.3mm) ~ 34G(0.18mm)"}]},{"@type":"WebSite","@id":"https:\/\/topkeymedical.com\/#website","url":"https:\/\/topkeymedical.com\/","name":"TOPKEY- Precisi\u00f3n en cada detalle, guardi\u00e1n de la vida y la salud","description":"","publisher":{"@id":"https:\/\/topkeymedical.com\/#organization"},"potentialAction":[{"@type":"SearchAction","target":{"@type":"EntryPoint","urlTemplate":"https:\/\/topkeymedical.com\/?s={search_term_string}"},"query-input":{"@type":"PropertyValueSpecification","valueRequired":true,"valueName":"search_term_string"}}],"inLanguage":"es"},{"@type":"Organization","@id":"https:\/\/topkeymedical.com\/#organization","name":"TOPKEY- Precisi\u00f3n en cada detalle, guardi\u00e1n de la vida y la salud","url":"https:\/\/topkeymedical.com\/","logo":{"@type":"ImageObject","inLanguage":"es","@id":"https:\/\/topkeymedical.com\/#\/schema\/logo\/image\/","url":"https:\/\/topkeymedical.com\/wp-content\/uploads\/2025\/05\/cropped-logo.jpg","contentUrl":"https:\/\/topkeymedical.com\/wp-content\/uploads\/2025\/05\/cropped-logo.jpg","width":512,"height":512,"caption":"TOPKEY\u2013 Precision in Every Detail, Guardian of Life and Health"},"image":{"@id":"https:\/\/topkeymedical.com\/#\/schema\/logo\/image\/"},"sameAs":["https:\/\/www.facebook.com\/profile.php?id=100088897294997","https:\/\/www.youtube.com\/@TopkeyMedical-Alice888","https:\/\/www.linkedin.com\/in\/alice-hu-bb66a01b3\/"]}]}},"_links":{"self":[{"href":"https:\/\/topkeymedical.com\/es\/wp-json\/wp\/v2\/product\/1071","targetHints":{"allow":["GET"]}}],"collection":[{"href":"https:\/\/topkeymedical.com\/es\/wp-json\/wp\/v2\/product"}],"about":[{"href":"https:\/\/topkeymedical.com\/es\/wp-json\/wp\/v2\/types\/product"}],"version-history":[{"count":7,"href":"https:\/\/topkeymedical.com\/es\/wp-json\/wp\/v2\/product\/1071\/revisions"}],"predecessor-version":[{"id":2122,"href":"https:\/\/topkeymedical.com\/es\/wp-json\/wp\/v2\/product\/1071\/revisions\/2122"}],"wp:featuredmedia":[{"embeddable":true,"href":"https:\/\/topkeymedical.com\/es\/wp-json\/wp\/v2\/media\/1072"}],"wp:attachment":[{"href":"https:\/\/topkeymedical.com\/es\/wp-json\/wp\/v2\/media?parent=1071"}],"wp:term":[{"taxonomy":"product_brand","embeddable":true,"href":"https:\/\/topkeymedical.com\/es\/wp-json\/wp\/v2\/product_brand?post=1071"},{"taxonomy":"product_cat","embeddable":true,"href":"https:\/\/topkeymedical.com\/es\/wp-json\/wp\/v2\/product_cat?post=1071"},{"taxonomy":"product_tag","embeddable":true,"href":"https:\/\/topkeymedical.com\/es\/wp-json\/wp\/v2\/product_tag?post=1071"}],"curies":[{"name":"wp","href":"https:\/\/api.w.org\/{rel}","templated":true}]}}