{"id":1074,"date":"2025-07-13T03:29:01","date_gmt":"2025-07-13T03:29:01","guid":{"rendered":"https:\/\/topkeymedical.com\/?post_type=product&#038;p=1074"},"modified":"2025-11-20T07:51:05","modified_gmt":"2025-11-20T07:51:05","slug":"aguja-de-forma-especial","status":"publish","type":"product","link":"https:\/\/topkeymedical.com\/es\/producto\/aguja-de-forma-especial\/","title":{"rendered":"Aguja con forma especial"},"content":{"rendered":"<h2 data-start=\"1592\" data-end=\"1624\">Especificaciones t\u00e9cnicas<\/h2>\n<div class=\"_tableContainer_1rjym_1\">\n<div class=\"_tableWrapper_1rjym_13 group flex w-fit flex-col-reverse\" tabindex=\"-1\">\n<table class=\"w-fit min-w-(--thread-content-width)\" data-start=\"1626\" data-end=\"3439\">\n<thead data-start=\"1626\" data-end=\"1745\">\n<tr data-start=\"1626\" data-end=\"1745\">\n<th data-start=\"1626\" data-end=\"1658\" data-col-size=\"sm\">Par\u00e1metro<\/th>\n<th data-start=\"1658\" data-end=\"1745\" data-col-size=\"md\">Valor \/ Descripci\u00f3n<\/th>\n<\/tr>\n<\/thead>\n<tbody data-start=\"1867\" data-end=\"3439\">\n<tr data-start=\"1867\" data-end=\"1987\">\n<td data-start=\"1867\" data-end=\"1900\" data-col-size=\"sm\"><strong data-start=\"1869\" data-end=\"1885\">Nombre del producto<\/strong><\/td>\n<td data-col-size=\"md\" data-start=\"1900\" data-end=\"1987\">Aguja con forma especial (c\u00e1nula personalizada)<\/td>\n<\/tr>\n<tr data-start=\"1988\" data-end=\"2108\">\n<td data-start=\"1988\" data-end=\"2021\" data-col-size=\"sm\"><strong data-start=\"1990\" data-end=\"2005\">Gama de man\u00f3metros<\/strong><\/td>\n<td data-col-size=\"md\" data-start=\"2021\" data-end=\"2108\">14G - 34G (personalizable)<\/td>\n<\/tr>\n<tr data-start=\"2109\" data-end=\"2229\">\n<td data-start=\"2109\" data-end=\"2142\" data-col-size=\"sm\"><strong data-start=\"2111\" data-end=\"2134\">Di\u00e1metro exterior (OD)<\/strong><\/td>\n<td data-col-size=\"md\" data-start=\"2142\" data-end=\"2229\">2,1 mm - 0,18 mm (seg\u00fan el calibre)<\/td>\n<\/tr>\n<tr data-start=\"2230\" data-end=\"2350\">\n<td data-start=\"2230\" data-end=\"2263\" data-col-size=\"sm\"><strong data-start=\"2232\" data-end=\"2257\">Opciones de longitud de aguja<\/strong><\/td>\n<td data-col-size=\"md\" data-start=\"2263\" data-end=\"2350\">4 mm - 150 mm (personalizable)<\/td>\n<\/tr>\n<tr data-start=\"2351\" data-end=\"2471\">\n<td data-start=\"2351\" data-end=\"2384\" data-col-size=\"sm\"><strong data-start=\"2353\" data-end=\"2372\">Geometr\u00eda de la aguja<\/strong><\/td>\n<td data-col-size=\"md\" data-start=\"2384\" data-end=\"2471\">Recto, curvo, en \u00e1ngulo, en forma de J, en gancho, irregular (dise\u00f1ado seg\u00fan los requisitos)<\/td>\n<\/tr>\n<tr data-start=\"2472\" data-end=\"2592\">\n<td data-start=\"2472\" data-end=\"2505\" data-col-size=\"sm\"><strong data-start=\"2474\" data-end=\"2494\">Material de la c\u00e1nula<\/strong><\/td>\n<td data-col-size=\"md\" data-start=\"2505\" data-end=\"2592\">Acero inoxidable de calidad m\u00e9dica SUS304 \/ SUS316L (conforme a ISO 9626)<\/td>\n<\/tr>\n<tr data-start=\"2593\" data-end=\"2713\">\n<td data-start=\"2593\" data-end=\"2626\" data-col-size=\"sm\"><strong data-start=\"2595\" data-end=\"2613\">Acabado superficial<\/strong><\/td>\n<td data-col-size=\"md\" data-start=\"2626\" data-end=\"2713\">Electropulido, siliconado o teflonado (opcional, seg\u00fan la aplicaci\u00f3n)<\/td>\n<\/tr>\n<tr data-start=\"2714\" data-end=\"2834\">\n<td data-start=\"2714\" data-end=\"2747\" data-col-size=\"sm\"><strong data-start=\"2716\" data-end=\"2732\">Material del cubo<\/strong><\/td>\n<td data-col-size=\"md\" data-start=\"2747\" data-end=\"2834\">Polipropileno de calidad m\u00e9dica, acero inoxidable o dise\u00f1o personalizado<\/td>\n<\/tr>\n<tr data-start=\"2835\" data-end=\"2955\">\n<td data-start=\"2835\" data-end=\"2868\" data-col-size=\"sm\"><strong data-start=\"2837\" data-end=\"2856\">Tipo de conexi\u00f3n<\/strong><\/td>\n<td data-col-size=\"md\" data-start=\"2868\" data-end=\"2955\">Luer-lock, Luer-slip o propietario<\/td>\n<\/tr>\n<tr data-start=\"2956\" data-end=\"3076\">\n<td data-start=\"2956\" data-end=\"2989\" data-col-size=\"sm\"><strong data-start=\"2958\" data-end=\"2983\">Opciones de esterilizaci\u00f3n<\/strong><\/td>\n<td data-col-size=\"md\" data-start=\"2989\" data-end=\"3076\">OE (\u00f3xido de etileno), irradiaci\u00f3n gamma o no est\u00e9ril (para uso en I+D\/laboratorio)<\/td>\n<\/tr>\n<tr data-start=\"3077\" data-end=\"3197\">\n<td data-start=\"3077\" data-end=\"3110\" data-col-size=\"sm\"><strong data-start=\"3079\" data-end=\"3092\">Embalaje<\/strong><\/td>\n<td data-col-size=\"md\" data-start=\"3110\" data-end=\"3197\">Envases bl\u00edster individuales o a granel, seg\u00fan el pedido<\/td>\n<\/tr>\n<tr data-start=\"3198\" data-end=\"3318\">\n<td data-start=\"3198\" data-end=\"3231\" data-col-size=\"sm\"><strong data-start=\"3200\" data-end=\"3225\">Un solo uso \/ Reutilizable<\/strong><\/td>\n<td data-col-size=\"md\" data-start=\"3231\" data-end=\"3318\">Normalmente de un solo uso, pero hay opciones reutilizables disponibles bajo pedido<\/td>\n<\/tr>\n<tr data-start=\"3319\" data-end=\"3439\">\n<td data-start=\"3319\" data-end=\"3352\" data-col-size=\"sm\"><strong data-start=\"3321\" data-end=\"3338\">Certificaci\u00f3n<\/strong><\/td>\n<td data-col-size=\"md\" data-start=\"3352\" data-end=\"3439\">ISO 13485, marcado CE, FDA (seg\u00fan la regi\u00f3n y la aplicaci\u00f3n)<\/td>\n<\/tr>\n<\/tbody>\n<\/table>\n<\/div>\n<\/div>\n<hr data-start=\"3441\" data-end=\"3444\" \/>\n<p>Aguja con forma especial: Soluciones de precisi\u00f3n para problemas m\u00e9dicos complejos<\/p>\n<h2>Aguja con forma especial Prop\u00f3sito de innovaci\u00f3n<\/h2>\n<p>Somos pioneros en el dise\u00f1o y la fabricaci\u00f3n de geometr\u00edas de aguja no est\u00e1ndar para superar las limitaciones de los procedimientos m\u00ednimamente invasivos. Nuestras soluciones personalizadas permiten avances en el acceso a anatom\u00edas confinadas, la administraci\u00f3n de terapias novedosas y la optimizaci\u00f3n de las interacciones entre dispositivos y tejidos, transformando las innovaciones m\u00e9dicas conceptuales en realidades cl\u00ednicas.<\/p>\n<h2>Ventajas de la personalizaci\u00f3n<\/h2>\n<p><strong>Dominio de la geometr\u00eda<\/strong><br \/>\nDise\u00f1os param\u00e9tricos de puntas: Ganchos en J, espirales helicoidales, puertos laterales, perfiles multilumen o curvas espec\u00edficas para cada paciente.<br \/>\nCaracter\u00edsticas a microescala: Elementos de retenci\u00f3n de p\u00faas, canales flu\u00eddicos (\u226550\u03bcm ID) o ventanas direccionales de eluci\u00f3n de f\u00e1rmacos.<\/p>\n<p><strong>Fabricaci\u00f3n avanzada<\/strong><br \/>\nMicromecanizado l\u00e1ser con tolerancias de \u00b15\u03bcm.<br \/>\nElectroconformado para transiciones c\u00f3nicas sin juntas.<br \/>\nIntegraci\u00f3n de aleaciones con memoria de forma (Nitinol).<\/p>\n<p><strong>Creaci\u00f3n r\u00e1pida de prototipos<\/strong><br \/>\nPrototipos de acero\/PEEK de calidad quir\u00fargica impresos en 3D en \u226472 horas.<br \/>\nInformes de simulaci\u00f3n estructural\/din\u00e1mica de fluidos in silico.<\/p>\n<table>\n<thead>\n<tr>\n<th>Material<\/th>\n<th>Aplicaciones<\/th>\n<\/tr>\n<\/thead>\n<tbody>\n<tr>\n<td><strong>SUS316LVM<\/strong><\/td>\n<td>Intervenciones de alto estr\u00e9s (acceso ortop\u00e9dico\/hueso)<\/td>\n<\/tr>\n<tr>\n<td><strong>Nitinol<\/strong><\/td>\n<td>Herramientas neurovasculares\/electrofisiol\u00f3gicas dirigibles<\/td>\n<\/tr>\n<tr>\n<td><strong>PEEK<\/strong><\/td>\n<td><a href=\"https:\/\/www.radiologyinfo.org\/en\/info\/breastbimr\" target=\"_blank\" rel=\"noopener\">Biopsia guiada por resonancia magn\u00e9tica<\/a> sistemas<\/td>\n<\/tr>\n<tr>\n<td><strong>Chapado en oro<\/strong><\/td>\n<td>Electrodos de electroporaci\u00f3n\/ablaci\u00f3n<\/td>\n<\/tr>\n<\/tbody>\n<\/table>\n<p class=\"ds-markdown-paragraph\"><strong>Ejemplos de transformaci\u00f3n cl\u00ednica<\/strong><\/p>\n<ul>\n<li>\n<p class=\"ds-markdown-paragraph\"><strong>Microagujas oft\u00e1lmicas<\/strong>: 35G kinked-tip design for subretinal drug delivery.<\/p>\n<\/li>\n<li>\n<p class=\"ds-markdown-paragraph\"><strong>Puertos neurol\u00f3gicos<\/strong>: C\u00e1nulas curvas que evitan estructuras cerebrales cr\u00edticas.<\/p>\n<\/li>\n<li>\n<p class=\"ds-markdown-paragraph\"><strong>Semillas de braquiterapia<\/strong>: Agujas de despliegue de p\u00faas asegurando implantes radioactivos.<\/p>\n<\/li>\n<\/ul>\n<p class=\"ds-markdown-paragraph\"><strong>Asistencia integral al desarrollo<\/strong><\/p>\n<ul>\n<li>\n<p class=\"ds-markdown-paragraph\"><strong>Fase 1<\/strong>: Modelado CAD\/FEA \u2192\u00a0<strong>Fase 2<\/strong>: Kits de validaci\u00f3n para animales \u2192\u00a0<strong>Fase 3<\/strong>: Producci\u00f3n ISO 13485<\/p>\n<\/li>\n<li>\n<p class=\"ds-markdown-paragraph\">Hoja de ruta reglamentaria: Dise\u00f1o de expedientes para presentaciones FDA 510(k)\/CE MDR<\/p>\n<\/li>\n<li>\n<p class=\"ds-markdown-paragraph\">Escalabilidad: De lotes piloto (50 unidades) a producci\u00f3n en serie (1M+\/mes)<\/p>\n<\/li>\n<\/ul>","protected":false},"excerpt":{"rendered":"<p>Aguja de forma especial personalizada: investigaci\u00f3n y desarrollo de diversas c\u00e1nulas de aguja de forma especial, seg\u00fan los requisitos del cliente.<\/p>","protected":false},"featured_media":1075,"template":"","meta":{"_acf_changed":false,"site-sidebar-layout":"default","site-content-layout":"","ast-site-content-layout":"default","site-content-style":"default","site-sidebar-style":"default","ast-global-header-display":"","ast-banner-title-visibility":"","ast-main-header-display":"","ast-hfb-above-header-display":"","ast-hfb-below-header-display":"","ast-hfb-mobile-header-display":"","site-post-title":"","ast-breadcrumbs-content":"","ast-featured-img":"","footer-sml-layout":"","ast-disable-related-posts":"","theme-transparent-header-meta":"default","adv-header-id-meta":"","stick-header-meta":"","header-above-stick-meta":"","header-main-stick-meta":"","header-below-stick-meta":"","astra-migrate-meta-layouts":"set","ast-page-background-enabled":"default","ast-page-background-meta":{"desktop":{"background-color":"var(--ast-global-color-5)","background-image":"","background-repeat":"repeat","background-position":"center center","background-size":"auto","background-attachment":"scroll","background-type":"","background-media":"","overlay-type":"","overlay-color":"","overlay-opacity":"","overlay-gradient":""},"tablet":{"background-color":"","background-image":"","background-repeat":"repeat","background-position":"center center","background-size":"auto","background-attachment":"scroll","background-type":"","background-media":"","overlay-type":"","overlay-color":"","overlay-opacity":"","overlay-gradient":""},"mobile":{"background-color":"","background-image":"","background-repeat":"repeat","background-position":"center center","background-size":"auto","background-attachment":"scroll","background-type":"","background-media":"","overlay-type":"","overlay-color":"","overlay-opacity":"","overlay-gradient":""}},"ast-content-background-meta":{"desktop":{"background-color":"var(--ast-global-color-4)","background-image":"","background-repeat":"repeat","background-position":"center center","background-size":"auto","background-attachment":"scroll","background-type":"","background-media":"","overlay-type":"","overlay-color":"","overlay-opacity":"","overlay-gradient":""},"tablet":{"background-color":"var(--ast-global-color-4)","background-image":"","background-repeat":"repeat","background-position":"center center","background-size":"auto","background-attachment":"scroll","background-type":"","background-media":"","overlay-type":"","overlay-color":"","overlay-opacity":"","overlay-gradient":""},"mobile":{"background-color":"var(--ast-global-color-4)","background-image":"","background-repeat":"repeat","background-position":"center center","background-size":"auto","background-attachment":"scroll","background-type":"","background-media":"","overlay-type":"","overlay-color":"","overlay-opacity":"","overlay-gradient":""}}},"product_brand":[],"product_cat":[65],"product_tag":[],"class_list":{"0":"post-1074","1":"product","2":"type-product","3":"status-publish","4":"has-post-thumbnail","6":"product_cat-specialty-needles","7":"desktop-align-left","8":"tablet-align-left","9":"mobile-align-left","11":"first","12":"instock","13":"shipping-taxable","14":"product-type-simple"},"acf":[],"yoast_head":"<!-- This site is optimized with the Yoast SEO plugin v27.4 - https:\/\/yoast.com\/product\/yoast-seo-wordpress\/ -->\n<title>Specially Shaped Needle<\/title>\n<meta name=\"description\" content=\"Specially Shaped Needle Customized: research and development of various specially shaped needle cannula, according to the customer&#039;s requirements.\" \/>\n<meta name=\"robots\" content=\"index, follow, max-snippet:-1, max-image-preview:large, max-video-preview:-1\" \/>\n<link rel=\"canonical\" href=\"https:\/\/topkeymedical.com\/es\/producto\/aguja-de-forma-especial\/\" \/>\n<meta property=\"og:locale\" content=\"es_ES\" \/>\n<meta property=\"og:type\" content=\"article\" \/>\n<meta property=\"og:title\" content=\"Specially Shaped Needle\" \/>\n<meta property=\"og:description\" content=\"Specially Shaped Needle Customized: research and development of various specially shaped needle cannula, according to the customer&#039;s requirements.\" \/>\n<meta property=\"og:url\" content=\"https:\/\/topkeymedical.com\/es\/producto\/aguja-de-forma-especial\/\" \/>\n<meta property=\"og:site_name\" content=\"TOPKEY\u2013 Precision in Every Detail, Guardian of Life and Health\" \/>\n<meta property=\"article:publisher\" content=\"https:\/\/www.facebook.com\/profile.php?id=100088897294997\" \/>\n<meta property=\"article:modified_time\" content=\"2025-11-20T07:51:05+00:00\" \/>\n<meta property=\"og:image\" content=\"https:\/\/topkeymedical.com\/wp-content\/uploads\/2025\/07\/Specially-Shaped-Needle.webp\" \/>\n\t<meta property=\"og:image:width\" content=\"1000\" \/>\n\t<meta property=\"og:image:height\" content=\"1000\" \/>\n\t<meta property=\"og:image:type\" content=\"image\/webp\" \/>\n<meta name=\"twitter:card\" content=\"summary_large_image\" \/>\n<meta name=\"twitter:label1\" content=\"Tiempo de lectura\" \/>\n\t<meta name=\"twitter:data1\" content=\"2 minutos\" \/>\n<script type=\"application\/ld+json\" class=\"yoast-schema-graph\">{\"@context\":\"https:\\\/\\\/schema.org\",\"@graph\":[{\"@type\":\"WebPage\",\"@id\":\"https:\\\/\\\/topkeymedical.com\\\/product\\\/specially-shaped-needle\\\/\",\"url\":\"https:\\\/\\\/topkeymedical.com\\\/product\\\/specially-shaped-needle\\\/\",\"name\":\"Specially Shaped Needle\",\"isPartOf\":{\"@id\":\"https:\\\/\\\/topkeymedical.com\\\/#website\"},\"primaryImageOfPage\":{\"@id\":\"https:\\\/\\\/topkeymedical.com\\\/product\\\/specially-shaped-needle\\\/#primaryimage\"},\"image\":{\"@id\":\"https:\\\/\\\/topkeymedical.com\\\/product\\\/specially-shaped-needle\\\/#primaryimage\"},\"thumbnailUrl\":\"https:\\\/\\\/topkeymedical.com\\\/wp-content\\\/uploads\\\/2025\\\/07\\\/Specially-Shaped-Needle.webp\",\"datePublished\":\"2025-07-13T03:29:01+00:00\",\"dateModified\":\"2025-11-20T07:51:05+00:00\",\"description\":\"Specially Shaped Needle Customized: research and development of various specially shaped needle cannula, according to the customer's requirements.\",\"breadcrumb\":{\"@id\":\"https:\\\/\\\/topkeymedical.com\\\/product\\\/specially-shaped-needle\\\/#breadcrumb\"},\"inLanguage\":\"es\",\"potentialAction\":[{\"@type\":\"ReadAction\",\"target\":[\"https:\\\/\\\/topkeymedical.com\\\/product\\\/specially-shaped-needle\\\/\"]}]},{\"@type\":\"ImageObject\",\"inLanguage\":\"es\",\"@id\":\"https:\\\/\\\/topkeymedical.com\\\/product\\\/specially-shaped-needle\\\/#primaryimage\",\"url\":\"https:\\\/\\\/topkeymedical.com\\\/wp-content\\\/uploads\\\/2025\\\/07\\\/Specially-Shaped-Needle.webp\",\"contentUrl\":\"https:\\\/\\\/topkeymedical.com\\\/wp-content\\\/uploads\\\/2025\\\/07\\\/Specially-Shaped-Needle.webp\",\"width\":1000,\"height\":1000,\"caption\":\"Specialty Needles - Specially Shaped Needle\"},{\"@type\":\"BreadcrumbList\",\"@id\":\"https:\\\/\\\/topkeymedical.com\\\/product\\\/specially-shaped-needle\\\/#breadcrumb\",\"itemListElement\":[{\"@type\":\"ListItem\",\"position\":1,\"name\":\"Home\",\"item\":\"https:\\\/\\\/topkeymedical.com\\\/\"},{\"@type\":\"ListItem\",\"position\":2,\"name\":\"Products\",\"item\":\"https:\\\/\\\/topkeymedical.com\\\/shop\\\/\"},{\"@type\":\"ListItem\",\"position\":3,\"name\":\"Specially Shaped Needle\"}]},{\"@type\":\"WebSite\",\"@id\":\"https:\\\/\\\/topkeymedical.com\\\/#website\",\"url\":\"https:\\\/\\\/topkeymedical.com\\\/\",\"name\":\"TOPKEY\u2013 Precision in Every Detail, Guardian of Life and Health\",\"description\":\"\",\"publisher\":{\"@id\":\"https:\\\/\\\/topkeymedical.com\\\/#organization\"},\"potentialAction\":[{\"@type\":\"SearchAction\",\"target\":{\"@type\":\"EntryPoint\",\"urlTemplate\":\"https:\\\/\\\/topkeymedical.com\\\/?s={search_term_string}\"},\"query-input\":{\"@type\":\"PropertyValueSpecification\",\"valueRequired\":true,\"valueName\":\"search_term_string\"}}],\"inLanguage\":\"es\"},{\"@type\":\"Organization\",\"@id\":\"https:\\\/\\\/topkeymedical.com\\\/#organization\",\"name\":\"TOPKEY\u2013 Precision in Every Detail, Guardian of Life and Health\",\"url\":\"https:\\\/\\\/topkeymedical.com\\\/\",\"logo\":{\"@type\":\"ImageObject\",\"inLanguage\":\"es\",\"@id\":\"https:\\\/\\\/topkeymedical.com\\\/#\\\/schema\\\/logo\\\/image\\\/\",\"url\":\"https:\\\/\\\/topkeymedical.com\\\/wp-content\\\/uploads\\\/2025\\\/05\\\/cropped-logo.jpg\",\"contentUrl\":\"https:\\\/\\\/topkeymedical.com\\\/wp-content\\\/uploads\\\/2025\\\/05\\\/cropped-logo.jpg\",\"width\":512,\"height\":512,\"caption\":\"TOPKEY\u2013 Precision in Every Detail, Guardian of Life and Health\"},\"image\":{\"@id\":\"https:\\\/\\\/topkeymedical.com\\\/#\\\/schema\\\/logo\\\/image\\\/\"},\"sameAs\":[\"https:\\\/\\\/www.facebook.com\\\/profile.php?id=100088897294997\",\"https:\\\/\\\/www.youtube.com\\\/@TopkeyMedical-Alice888\",\"https:\\\/\\\/www.linkedin.com\\\/in\\\/alice-hu-bb66a01b3\\\/\"]}]}<\/script>\n<!-- \/ Yoast SEO plugin. -->","yoast_head_json":{"title":"Aguja con forma especial","description":"Aguja de forma especial personalizada: investigaci\u00f3n y desarrollo de diversas c\u00e1nulas de aguja de forma especial, seg\u00fan los requisitos del cliente.","robots":{"index":"index","follow":"follow","max-snippet":"max-snippet:-1","max-image-preview":"max-image-preview:large","max-video-preview":"max-video-preview:-1"},"canonical":"https:\/\/topkeymedical.com\/es\/producto\/aguja-de-forma-especial\/","og_locale":"es_ES","og_type":"article","og_title":"Specially Shaped Needle","og_description":"Specially Shaped Needle Customized: research and development of various specially shaped needle cannula, according to the customer's requirements.","og_url":"https:\/\/topkeymedical.com\/es\/producto\/aguja-de-forma-especial\/","og_site_name":"TOPKEY\u2013 Precision in Every Detail, Guardian of Life and Health","article_publisher":"https:\/\/www.facebook.com\/profile.php?id=100088897294997","article_modified_time":"2025-11-20T07:51:05+00:00","og_image":[{"width":1000,"height":1000,"url":"https:\/\/topkeymedical.com\/wp-content\/uploads\/2025\/07\/Specially-Shaped-Needle.webp","type":"image\/webp"}],"twitter_card":"summary_large_image","twitter_misc":{"Tiempo de lectura":"2 minutos"},"schema":{"@context":"https:\/\/schema.org","@graph":[{"@type":"WebPage","@id":"https:\/\/topkeymedical.com\/product\/specially-shaped-needle\/","url":"https:\/\/topkeymedical.com\/product\/specially-shaped-needle\/","name":"Aguja con forma especial","isPartOf":{"@id":"https:\/\/topkeymedical.com\/#website"},"primaryImageOfPage":{"@id":"https:\/\/topkeymedical.com\/product\/specially-shaped-needle\/#primaryimage"},"image":{"@id":"https:\/\/topkeymedical.com\/product\/specially-shaped-needle\/#primaryimage"},"thumbnailUrl":"https:\/\/topkeymedical.com\/wp-content\/uploads\/2025\/07\/Specially-Shaped-Needle.webp","datePublished":"2025-07-13T03:29:01+00:00","dateModified":"2025-11-20T07:51:05+00:00","description":"Aguja de forma especial personalizada: investigaci\u00f3n y desarrollo de diversas c\u00e1nulas de aguja de forma especial, seg\u00fan los requisitos del cliente.","breadcrumb":{"@id":"https:\/\/topkeymedical.com\/product\/specially-shaped-needle\/#breadcrumb"},"inLanguage":"es","potentialAction":[{"@type":"ReadAction","target":["https:\/\/topkeymedical.com\/product\/specially-shaped-needle\/"]}]},{"@type":"ImageObject","inLanguage":"es","@id":"https:\/\/topkeymedical.com\/product\/specially-shaped-needle\/#primaryimage","url":"https:\/\/topkeymedical.com\/wp-content\/uploads\/2025\/07\/Specially-Shaped-Needle.webp","contentUrl":"https:\/\/topkeymedical.com\/wp-content\/uploads\/2025\/07\/Specially-Shaped-Needle.webp","width":1000,"height":1000,"caption":"Specialty Needles - Specially Shaped Needle"},{"@type":"BreadcrumbList","@id":"https:\/\/topkeymedical.com\/product\/specially-shaped-needle\/#breadcrumb","itemListElement":[{"@type":"ListItem","position":1,"name":"Home","item":"https:\/\/topkeymedical.com\/"},{"@type":"ListItem","position":2,"name":"Products","item":"https:\/\/topkeymedical.com\/shop\/"},{"@type":"ListItem","position":3,"name":"Specially Shaped Needle"}]},{"@type":"WebSite","@id":"https:\/\/topkeymedical.com\/#website","url":"https:\/\/topkeymedical.com\/","name":"TOPKEY- Precisi\u00f3n en cada detalle, guardi\u00e1n de la vida y la salud","description":"","publisher":{"@id":"https:\/\/topkeymedical.com\/#organization"},"potentialAction":[{"@type":"SearchAction","target":{"@type":"EntryPoint","urlTemplate":"https:\/\/topkeymedical.com\/?s={search_term_string}"},"query-input":{"@type":"PropertyValueSpecification","valueRequired":true,"valueName":"search_term_string"}}],"inLanguage":"es"},{"@type":"Organization","@id":"https:\/\/topkeymedical.com\/#organization","name":"TOPKEY- Precisi\u00f3n en cada detalle, guardi\u00e1n de la vida y la salud","url":"https:\/\/topkeymedical.com\/","logo":{"@type":"ImageObject","inLanguage":"es","@id":"https:\/\/topkeymedical.com\/#\/schema\/logo\/image\/","url":"https:\/\/topkeymedical.com\/wp-content\/uploads\/2025\/05\/cropped-logo.jpg","contentUrl":"https:\/\/topkeymedical.com\/wp-content\/uploads\/2025\/05\/cropped-logo.jpg","width":512,"height":512,"caption":"TOPKEY\u2013 Precision in Every Detail, Guardian of Life and Health"},"image":{"@id":"https:\/\/topkeymedical.com\/#\/schema\/logo\/image\/"},"sameAs":["https:\/\/www.facebook.com\/profile.php?id=100088897294997","https:\/\/www.youtube.com\/@TopkeyMedical-Alice888","https:\/\/www.linkedin.com\/in\/alice-hu-bb66a01b3\/"]}]}},"_links":{"self":[{"href":"https:\/\/topkeymedical.com\/es\/wp-json\/wp\/v2\/product\/1074","targetHints":{"allow":["GET"]}}],"collection":[{"href":"https:\/\/topkeymedical.com\/es\/wp-json\/wp\/v2\/product"}],"about":[{"href":"https:\/\/topkeymedical.com\/es\/wp-json\/wp\/v2\/types\/product"}],"version-history":[{"count":4,"href":"https:\/\/topkeymedical.com\/es\/wp-json\/wp\/v2\/product\/1074\/revisions"}],"predecessor-version":[{"id":1549,"href":"https:\/\/topkeymedical.com\/es\/wp-json\/wp\/v2\/product\/1074\/revisions\/1549"}],"wp:featuredmedia":[{"embeddable":true,"href":"https:\/\/topkeymedical.com\/es\/wp-json\/wp\/v2\/media\/1075"}],"wp:attachment":[{"href":"https:\/\/topkeymedical.com\/es\/wp-json\/wp\/v2\/media?parent=1074"}],"wp:term":[{"taxonomy":"product_brand","embeddable":true,"href":"https:\/\/topkeymedical.com\/es\/wp-json\/wp\/v2\/product_brand?post=1074"},{"taxonomy":"product_cat","embeddable":true,"href":"https:\/\/topkeymedical.com\/es\/wp-json\/wp\/v2\/product_cat?post=1074"},{"taxonomy":"product_tag","embeddable":true,"href":"https:\/\/topkeymedical.com\/es\/wp-json\/wp\/v2\/product_tag?post=1074"}],"curies":[{"name":"wp","href":"https:\/\/api.w.org\/{rel}","templated":true}]}}