{"id":1107,"date":"2025-07-19T12:01:04","date_gmt":"2025-07-19T12:01:04","guid":{"rendered":"https:\/\/topkeymedical.com\/?post_type=product&#038;p=1107"},"modified":"2025-11-20T08:32:53","modified_gmt":"2025-11-20T08:32:53","slug":"microbureta-de-vidrio-de-volumen-regulable","status":"publish","type":"product","link":"https:\/\/topkeymedical.com\/es\/producto\/microbureta-de-vidrio-de-volumen-regulable\/","title":{"rendered":"Microbureta de vidrio de volumen regulable 5ml\/10ml"},"content":{"rendered":"<h2 data-start=\"429\" data-end=\"461\">Especificaciones t\u00e9cnicas<\/h2>\n<div class=\"_tableContainer_1rjym_1\">\n<div class=\"_tableWrapper_1rjym_13 group flex w-fit flex-col-reverse\" tabindex=\"-1\">\n<table class=\"w-fit min-w-(--thread-content-width)\" data-start=\"463\" data-end=\"2612\">\n<thead data-start=\"463\" data-end=\"581\">\n<tr data-start=\"463\" data-end=\"581\">\n<th data-start=\"463\" data-end=\"496\" data-col-size=\"sm\"><strong data-start=\"465\" data-end=\"478\">Par\u00e1metro<\/strong><\/th>\n<th data-start=\"496\" data-end=\"581\" data-col-size=\"md\"><strong data-start=\"498\" data-end=\"515\">Especificaci\u00f3n<\/strong><\/th>\n<\/tr>\n<\/thead>\n<tbody data-start=\"701\" data-end=\"2612\">\n<tr data-start=\"701\" data-end=\"819\">\n<td data-start=\"701\" data-end=\"734\" data-col-size=\"sm\"><strong data-start=\"703\" data-end=\"719\">Nombre del producto<\/strong><\/td>\n<td data-col-size=\"md\" data-start=\"734\" data-end=\"819\">Microbureta de vidrio de volumen regulable<\/td>\n<\/tr>\n<tr data-start=\"820\" data-end=\"938\">\n<td data-start=\"820\" data-end=\"853\" data-col-size=\"sm\"><strong data-start=\"822\" data-end=\"838\">Volumen<\/strong><\/td>\n<td data-col-size=\"md\" data-start=\"853\" data-end=\"938\">0,1 ml - 5 ml \/ 0,2 ml - 10 ml (ajustable)<\/td>\n<\/tr>\n<tr data-start=\"939\" data-end=\"1057\">\n<td data-start=\"939\" data-end=\"972\" data-col-size=\"sm\"><strong data-start=\"941\" data-end=\"962\">Ajuste del volumen<\/strong><\/td>\n<td data-col-size=\"md\" data-start=\"972\" data-end=\"1057\">Micro pist\u00f3n con mecanismo de tornillo de precisi\u00f3n<\/td>\n<\/tr>\n<tr data-start=\"1058\" data-end=\"1177\">\n<td data-start=\"1058\" data-end=\"1091\" data-col-size=\"sm\"><strong data-start=\"1060\" data-end=\"1091\">Precisi\u00f3n (error sistem\u00e1tico)<\/strong><\/td>\n<td data-col-size=\"md\" data-start=\"1091\" data-end=\"1177\">\u00b10,5% del volumen nominal (conforme a ISO 8655)<\/td>\n<\/tr>\n<tr data-start=\"1178\" data-end=\"1298\">\n<td data-start=\"1178\" data-end=\"1215\" data-col-size=\"sm\"><strong data-start=\"1180\" data-end=\"1214\">Precisi\u00f3n (CV \/ Repetibilidad)<\/strong><\/td>\n<td data-col-size=\"md\" data-start=\"1215\" data-end=\"1298\">\u22640,2% a pleno volumen; \u22640,4% a volumen parcial.<\/td>\n<\/tr>\n<tr data-start=\"1299\" data-end=\"1418\">\n<td data-start=\"1299\" data-end=\"1332\" data-col-size=\"sm\"><strong data-start=\"1301\" data-end=\"1328\">Material (cuerpo de la bureta)<\/strong><\/td>\n<td data-col-size=\"md\" data-start=\"1332\" data-end=\"1418\">Vidrio de borosilicato de alta calidad, resistente a \u00e1cidos, \u00e1lcalis y sales<\/td>\n<\/tr>\n<tr data-start=\"1419\" data-end=\"1539\">\n<td data-start=\"1419\" data-end=\"1452\" data-col-size=\"sm\"><strong data-start=\"1421\" data-end=\"1449\">Material (pist\u00f3n \/ junta)<\/strong><\/td>\n<td data-col-size=\"md\" data-start=\"1452\" data-end=\"1539\">Pist\u00f3n de vidrio rectificado de precisi\u00f3n con junta de PTFE para una mayor estanqueidad<\/td>\n<\/tr>\n<tr data-start=\"1540\" data-end=\"1658\">\n<td data-start=\"1540\" data-end=\"1573\" data-col-size=\"sm\"><strong data-start=\"1542\" data-end=\"1556\">Graduaci\u00f3n<\/strong><\/td>\n<td data-col-size=\"md\" data-start=\"1573\" data-end=\"1658\">Graduaciones permanentes de alto contraste (f\u00e1cil lectura)<\/td>\n<\/tr>\n<tr data-start=\"1659\" data-end=\"1777\">\n<td data-start=\"1659\" data-end=\"1692\" data-col-size=\"sm\"><strong data-start=\"1661\" data-end=\"1678\">Esterilizaci\u00f3n<\/strong><\/td>\n<td data-col-size=\"md\" data-start=\"1692\" data-end=\"1777\">Esterilizable en autoclave a 120 \u00b0C \/ 250 \u00b0F (esterilizaci\u00f3n por vapor a alta presi\u00f3n)<\/td>\n<\/tr>\n<tr data-start=\"1778\" data-end=\"1897\">\n<td data-start=\"1778\" data-end=\"1811\" data-col-size=\"sm\"><strong data-start=\"1780\" data-end=\"1803\">Resistencia qu\u00edmica<\/strong><\/td>\n<td data-start=\"1811\" data-end=\"1897\" data-col-size=\"md\">Resistente a soluciones corrosivas, disolventes org\u00e1nicos, \u00e1cidos, \u00e1lcalis y sales<\/td>\n<\/tr>\n<tr data-start=\"1898\" data-end=\"2016\">\n<td data-start=\"1898\" data-end=\"1931\" data-col-size=\"sm\"><strong data-start=\"1900\" data-end=\"1925\">Tolerancia t\u00e9rmica<\/strong><\/td>\n<td data-col-size=\"md\" data-start=\"1931\" data-end=\"2016\">de -20 \u00b0C a +120 \u00b0C<\/td>\n<\/tr>\n<tr data-start=\"2017\" data-end=\"2136\">\n<td data-start=\"2017\" data-end=\"2050\" data-col-size=\"sm\"><strong data-start=\"2019\" data-end=\"2042\">Error de repetibilidad<\/strong><\/td>\n<td data-col-size=\"md\" data-start=\"2050\" data-end=\"2136\">M\u00ednimo, \u22640,1 ml para bureta de 5 ml, \u22640,2 ml para bureta de 10 ml.<\/td>\n<\/tr>\n<tr data-start=\"2137\" data-end=\"2255\">\n<td data-start=\"2137\" data-end=\"2170\" data-col-size=\"sm\"><strong data-start=\"2139\" data-end=\"2158\">Caracter\u00edsticas de seguridad<\/strong><\/td>\n<td data-start=\"2170\" data-end=\"2255\" data-col-size=\"md\">Molido suave para un funcionamiento sin fugas; punta antigoteo<\/td>\n<\/tr>\n<tr data-start=\"2256\" data-end=\"2374\">\n<td data-start=\"2256\" data-end=\"2289\" data-col-size=\"sm\"><strong data-start=\"2258\" data-end=\"2271\">Embalaje<\/strong><\/td>\n<td data-col-size=\"md\" data-start=\"2289\" data-end=\"2374\">Embalaje individual con funda protectora<\/td>\n<\/tr>\n<tr data-start=\"2375\" data-end=\"2493\">\n<td data-start=\"2375\" data-end=\"2408\" data-col-size=\"sm\"><strong data-start=\"2377\" data-end=\"2395\">Certificaciones<\/strong><\/td>\n<td data-col-size=\"md\" data-start=\"2408\" data-end=\"2493\">Fabricaci\u00f3n conforme a ISO 8655, CE y GMP<\/td>\n<\/tr>\n<tr data-start=\"2494\" data-end=\"2612\">\n<td data-start=\"2494\" data-end=\"2527\" data-col-size=\"sm\"><strong data-start=\"2496\" data-end=\"2510\">Vida \u00fatil<\/strong><\/td>\n<td data-col-size=\"md\" data-start=\"2527\" data-end=\"2612\">Durabilidad a largo plazo con un mantenimiento de laboratorio adecuado<\/td>\n<\/tr>\n<\/tbody>\n<\/table>\n<\/div>\n<\/div>\n<hr data-start=\"2614\" data-end=\"2617\" \/>\n<h2>Par\u00e1metro de la microbureta de vidrio de volumen regulable:<\/h2>\n<ul>\n<li>Colores del producto: botella blanca, botella marr\u00f3n<\/li>\n<li>Material del producto: vidrio borosilicato<\/li>\n<li>Caracter\u00edsticas del producto: resistente a la esterilizaci\u00f3n a alta temperatura y alta presi\u00f3n; compatible con l\u00edquidos corrosivos como \u00e1cidos, \u00e1lcalis y sales; desmontable.<\/li>\n<li>Campos de aplicaci\u00f3n: adecuado para la adici\u00f3n cuantitativa continua de l\u00edquidos en laboratorios y salas de pruebas, y puede utilizarse en las industrias petrolera y qu\u00edmica, los campos m\u00e9dico y sanitario, la metalurgia, la investigaci\u00f3n cient\u00edfica, la protecci\u00f3n del medio ambiente y otras \u00e1reas relevantes.<\/li>\n<\/ul>","protected":false},"excerpt":{"rendered":"<p>La microbureta de vidrio de volumen ajustable, con un micropist\u00f3n de 5 ml\/10 ml, se somete a un proceso de rectificado y tamizado de precisi\u00f3n, ofreciendo un s\u00f3lido rendimiento de sellado, alta precisi\u00f3n y un error de repetibilidad m\u00ednimo. Puede soportar la esterilizaci\u00f3n a alta temperatura y alta presi\u00f3n a 120 \u00b0C\/250 \u00b0F y es resistente a l\u00edquidos corrosivos, incluidos \u00e1cidos, \u00e1lcalis y sales.<\/p>","protected":false},"featured_media":1109,"template":"","meta":{"_acf_changed":false,"site-sidebar-layout":"default","site-content-layout":"","ast-site-content-layout":"default","site-content-style":"default","site-sidebar-style":"default","ast-global-header-display":"","ast-banner-title-visibility":"","ast-main-header-display":"","ast-hfb-above-header-display":"","ast-hfb-below-header-display":"","ast-hfb-mobile-header-display":"","site-post-title":"","ast-breadcrumbs-content":"","ast-featured-img":"","footer-sml-layout":"","ast-disable-related-posts":"","theme-transparent-header-meta":"default","adv-header-id-meta":"","stick-header-meta":"","header-above-stick-meta":"","header-main-stick-meta":"","header-below-stick-meta":"","astra-migrate-meta-layouts":"set","ast-page-background-enabled":"default","ast-page-background-meta":{"desktop":{"background-color":"var(--ast-global-color-5)","background-image":"","background-repeat":"repeat","background-position":"center center","background-size":"auto","background-attachment":"scroll","background-type":"","background-media":"","overlay-type":"","overlay-color":"","overlay-opacity":"","overlay-gradient":""},"tablet":{"background-color":"","background-image":"","background-repeat":"repeat","background-position":"center center","background-size":"auto","background-attachment":"scroll","background-type":"","background-media":"","overlay-type":"","overlay-color":"","overlay-opacity":"","overlay-gradient":""},"mobile":{"background-color":"","background-image":"","background-repeat":"repeat","background-position":"center center","background-size":"auto","background-attachment":"scroll","background-type":"","background-media":"","overlay-type":"","overlay-color":"","overlay-opacity":"","overlay-gradient":""}},"ast-content-background-meta":{"desktop":{"background-color":"var(--ast-global-color-4)","background-image":"","background-repeat":"repeat","background-position":"center center","background-size":"auto","background-attachment":"scroll","background-type":"","background-media":"","overlay-type":"","overlay-color":"","overlay-opacity":"","overlay-gradient":""},"tablet":{"background-color":"var(--ast-global-color-4)","background-image":"","background-repeat":"repeat","background-position":"center center","background-size":"auto","background-attachment":"scroll","background-type":"","background-media":"","overlay-type":"","overlay-color":"","overlay-opacity":"","overlay-gradient":""},"mobile":{"background-color":"var(--ast-global-color-4)","background-image":"","background-repeat":"repeat","background-position":"center center","background-size":"auto","background-attachment":"scroll","background-type":"","background-media":"","overlay-type":"","overlay-color":"","overlay-opacity":"","overlay-gradient":""}}},"product_brand":[],"product_cat":[66],"product_tag":[],"class_list":{"0":"post-1107","1":"product","2":"type-product","3":"status-publish","4":"has-post-thumbnail","6":"product_cat-manual-pipette","7":"desktop-align-left","8":"tablet-align-left","9":"mobile-align-left","11":"first","12":"instock","13":"shipping-taxable","14":"product-type-simple"},"acf":[],"yoast_head":"<!-- This site is optimized with the Yoast SEO plugin v27.4 - https:\/\/yoast.com\/product\/yoast-seo-wordpress\/ -->\n<title>Adjustable-volume glass micro burette 5ml\/10ml<\/title>\n<meta name=\"description\" content=\"The Adjustable-volume glass micro burette, featuring a 5ml\/10ml micro piston, undergoes precision grinding and screening.\" \/>\n<meta name=\"robots\" content=\"index, follow, max-snippet:-1, max-image-preview:large, max-video-preview:-1\" \/>\n<link rel=\"canonical\" href=\"https:\/\/topkeymedical.com\/es\/producto\/microbureta-de-vidrio-de-volumen-regulable\/\" \/>\n<meta property=\"og:locale\" content=\"es_ES\" \/>\n<meta property=\"og:type\" content=\"article\" \/>\n<meta property=\"og:title\" content=\"Adjustable-volume glass micro burette 5ml\/10ml\" \/>\n<meta property=\"og:description\" content=\"The Adjustable-volume glass micro burette, featuring a 5ml\/10ml micro piston, undergoes precision grinding and screening.\" \/>\n<meta property=\"og:url\" content=\"https:\/\/topkeymedical.com\/es\/producto\/microbureta-de-vidrio-de-volumen-regulable\/\" \/>\n<meta property=\"og:site_name\" content=\"TOPKEY\u2013 Precision in Every Detail, Guardian of Life and Health\" \/>\n<meta property=\"article:publisher\" content=\"https:\/\/www.facebook.com\/profile.php?id=100088897294997\" \/>\n<meta property=\"article:modified_time\" content=\"2025-11-20T08:32:53+00:00\" \/>\n<meta property=\"og:image\" content=\"https:\/\/topkeymedical.com\/wp-content\/uploads\/2025\/07\/Adjustable-volume-glass-micro-burette.webp\" \/>\n\t<meta property=\"og:image:width\" content=\"1000\" \/>\n\t<meta property=\"og:image:height\" content=\"1000\" \/>\n\t<meta property=\"og:image:type\" content=\"image\/webp\" \/>\n<meta name=\"twitter:card\" content=\"summary_large_image\" \/>\n<meta name=\"twitter:label1\" content=\"Tiempo de lectura\" \/>\n\t<meta name=\"twitter:data1\" content=\"2 minutos\" \/>\n<script type=\"application\/ld+json\" class=\"yoast-schema-graph\">{\"@context\":\"https:\\\/\\\/schema.org\",\"@graph\":[{\"@type\":\"WebPage\",\"@id\":\"https:\\\/\\\/topkeymedical.com\\\/product\\\/adjustable-volume-glass-micro-burette\\\/\",\"url\":\"https:\\\/\\\/topkeymedical.com\\\/product\\\/adjustable-volume-glass-micro-burette\\\/\",\"name\":\"Adjustable-volume glass micro burette 5ml\\\/10ml\",\"isPartOf\":{\"@id\":\"https:\\\/\\\/topkeymedical.com\\\/#website\"},\"primaryImageOfPage\":{\"@id\":\"https:\\\/\\\/topkeymedical.com\\\/product\\\/adjustable-volume-glass-micro-burette\\\/#primaryimage\"},\"image\":{\"@id\":\"https:\\\/\\\/topkeymedical.com\\\/product\\\/adjustable-volume-glass-micro-burette\\\/#primaryimage\"},\"thumbnailUrl\":\"https:\\\/\\\/topkeymedical.com\\\/wp-content\\\/uploads\\\/2025\\\/07\\\/Adjustable-volume-glass-micro-burette.webp\",\"datePublished\":\"2025-07-19T12:01:04+00:00\",\"dateModified\":\"2025-11-20T08:32:53+00:00\",\"description\":\"The Adjustable-volume glass micro burette, featuring a 5ml\\\/10ml micro piston, undergoes precision grinding and screening.\",\"breadcrumb\":{\"@id\":\"https:\\\/\\\/topkeymedical.com\\\/product\\\/adjustable-volume-glass-micro-burette\\\/#breadcrumb\"},\"inLanguage\":\"es\",\"potentialAction\":[{\"@type\":\"ReadAction\",\"target\":[\"https:\\\/\\\/topkeymedical.com\\\/product\\\/adjustable-volume-glass-micro-burette\\\/\"]}]},{\"@type\":\"ImageObject\",\"inLanguage\":\"es\",\"@id\":\"https:\\\/\\\/topkeymedical.com\\\/product\\\/adjustable-volume-glass-micro-burette\\\/#primaryimage\",\"url\":\"https:\\\/\\\/topkeymedical.com\\\/wp-content\\\/uploads\\\/2025\\\/07\\\/Adjustable-volume-glass-micro-burette.webp\",\"contentUrl\":\"https:\\\/\\\/topkeymedical.com\\\/wp-content\\\/uploads\\\/2025\\\/07\\\/Adjustable-volume-glass-micro-burette.webp\",\"width\":1000,\"height\":1000,\"caption\":\"Adjustable-volume glass micro burette 5ml\\\/10ml\"},{\"@type\":\"BreadcrumbList\",\"@id\":\"https:\\\/\\\/topkeymedical.com\\\/product\\\/adjustable-volume-glass-micro-burette\\\/#breadcrumb\",\"itemListElement\":[{\"@type\":\"ListItem\",\"position\":1,\"name\":\"Home\",\"item\":\"https:\\\/\\\/topkeymedical.com\\\/\"},{\"@type\":\"ListItem\",\"position\":2,\"name\":\"Products\",\"item\":\"https:\\\/\\\/topkeymedical.com\\\/shop\\\/\"},{\"@type\":\"ListItem\",\"position\":3,\"name\":\"Adjustable-volume glass micro burette 5ml\\\/10ml\"}]},{\"@type\":\"WebSite\",\"@id\":\"https:\\\/\\\/topkeymedical.com\\\/#website\",\"url\":\"https:\\\/\\\/topkeymedical.com\\\/\",\"name\":\"TOPKEY\u2013 Precision in Every Detail, Guardian of Life and Health\",\"description\":\"\",\"publisher\":{\"@id\":\"https:\\\/\\\/topkeymedical.com\\\/#organization\"},\"potentialAction\":[{\"@type\":\"SearchAction\",\"target\":{\"@type\":\"EntryPoint\",\"urlTemplate\":\"https:\\\/\\\/topkeymedical.com\\\/?s={search_term_string}\"},\"query-input\":{\"@type\":\"PropertyValueSpecification\",\"valueRequired\":true,\"valueName\":\"search_term_string\"}}],\"inLanguage\":\"es\"},{\"@type\":\"Organization\",\"@id\":\"https:\\\/\\\/topkeymedical.com\\\/#organization\",\"name\":\"TOPKEY\u2013 Precision in Every Detail, Guardian of Life and Health\",\"url\":\"https:\\\/\\\/topkeymedical.com\\\/\",\"logo\":{\"@type\":\"ImageObject\",\"inLanguage\":\"es\",\"@id\":\"https:\\\/\\\/topkeymedical.com\\\/#\\\/schema\\\/logo\\\/image\\\/\",\"url\":\"https:\\\/\\\/topkeymedical.com\\\/wp-content\\\/uploads\\\/2025\\\/05\\\/cropped-logo.jpg\",\"contentUrl\":\"https:\\\/\\\/topkeymedical.com\\\/wp-content\\\/uploads\\\/2025\\\/05\\\/cropped-logo.jpg\",\"width\":512,\"height\":512,\"caption\":\"TOPKEY\u2013 Precision in Every Detail, Guardian of Life and Health\"},\"image\":{\"@id\":\"https:\\\/\\\/topkeymedical.com\\\/#\\\/schema\\\/logo\\\/image\\\/\"},\"sameAs\":[\"https:\\\/\\\/www.facebook.com\\\/profile.php?id=100088897294997\",\"https:\\\/\\\/www.youtube.com\\\/@TopkeyMedical-Alice888\",\"https:\\\/\\\/www.linkedin.com\\\/in\\\/alice-hu-bb66a01b3\\\/\"]}]}<\/script>\n<!-- \/ Yoast SEO plugin. -->","yoast_head_json":{"title":"Microbureta de vidrio de volumen regulable 5ml\/10ml","description":"La microbureta de vidrio de volumen ajustable, con un micropist\u00f3n de 5 ml\/10 ml, se somete a un rectificado y tamizado de precisi\u00f3n.","robots":{"index":"index","follow":"follow","max-snippet":"max-snippet:-1","max-image-preview":"max-image-preview:large","max-video-preview":"max-video-preview:-1"},"canonical":"https:\/\/topkeymedical.com\/es\/producto\/microbureta-de-vidrio-de-volumen-regulable\/","og_locale":"es_ES","og_type":"article","og_title":"Adjustable-volume glass micro burette 5ml\/10ml","og_description":"The Adjustable-volume glass micro burette, featuring a 5ml\/10ml micro piston, undergoes precision grinding and screening.","og_url":"https:\/\/topkeymedical.com\/es\/producto\/microbureta-de-vidrio-de-volumen-regulable\/","og_site_name":"TOPKEY\u2013 Precision in Every Detail, Guardian of Life and Health","article_publisher":"https:\/\/www.facebook.com\/profile.php?id=100088897294997","article_modified_time":"2025-11-20T08:32:53+00:00","og_image":[{"width":1000,"height":1000,"url":"https:\/\/topkeymedical.com\/wp-content\/uploads\/2025\/07\/Adjustable-volume-glass-micro-burette.webp","type":"image\/webp"}],"twitter_card":"summary_large_image","twitter_misc":{"Tiempo de lectura":"2 minutos"},"schema":{"@context":"https:\/\/schema.org","@graph":[{"@type":"WebPage","@id":"https:\/\/topkeymedical.com\/product\/adjustable-volume-glass-micro-burette\/","url":"https:\/\/topkeymedical.com\/product\/adjustable-volume-glass-micro-burette\/","name":"Microbureta de vidrio de volumen regulable 5ml\/10ml","isPartOf":{"@id":"https:\/\/topkeymedical.com\/#website"},"primaryImageOfPage":{"@id":"https:\/\/topkeymedical.com\/product\/adjustable-volume-glass-micro-burette\/#primaryimage"},"image":{"@id":"https:\/\/topkeymedical.com\/product\/adjustable-volume-glass-micro-burette\/#primaryimage"},"thumbnailUrl":"https:\/\/topkeymedical.com\/wp-content\/uploads\/2025\/07\/Adjustable-volume-glass-micro-burette.webp","datePublished":"2025-07-19T12:01:04+00:00","dateModified":"2025-11-20T08:32:53+00:00","description":"La microbureta de vidrio de volumen ajustable, con un micropist\u00f3n de 5 ml\/10 ml, se somete a un rectificado y tamizado de precisi\u00f3n.","breadcrumb":{"@id":"https:\/\/topkeymedical.com\/product\/adjustable-volume-glass-micro-burette\/#breadcrumb"},"inLanguage":"es","potentialAction":[{"@type":"ReadAction","target":["https:\/\/topkeymedical.com\/product\/adjustable-volume-glass-micro-burette\/"]}]},{"@type":"ImageObject","inLanguage":"es","@id":"https:\/\/topkeymedical.com\/product\/adjustable-volume-glass-micro-burette\/#primaryimage","url":"https:\/\/topkeymedical.com\/wp-content\/uploads\/2025\/07\/Adjustable-volume-glass-micro-burette.webp","contentUrl":"https:\/\/topkeymedical.com\/wp-content\/uploads\/2025\/07\/Adjustable-volume-glass-micro-burette.webp","width":1000,"height":1000,"caption":"Adjustable-volume glass micro burette 5ml\/10ml"},{"@type":"BreadcrumbList","@id":"https:\/\/topkeymedical.com\/product\/adjustable-volume-glass-micro-burette\/#breadcrumb","itemListElement":[{"@type":"ListItem","position":1,"name":"Home","item":"https:\/\/topkeymedical.com\/"},{"@type":"ListItem","position":2,"name":"Products","item":"https:\/\/topkeymedical.com\/shop\/"},{"@type":"ListItem","position":3,"name":"Adjustable-volume glass micro burette 5ml\/10ml"}]},{"@type":"WebSite","@id":"https:\/\/topkeymedical.com\/#website","url":"https:\/\/topkeymedical.com\/","name":"TOPKEY- Precisi\u00f3n en cada detalle, guardi\u00e1n de la vida y la salud","description":"","publisher":{"@id":"https:\/\/topkeymedical.com\/#organization"},"potentialAction":[{"@type":"SearchAction","target":{"@type":"EntryPoint","urlTemplate":"https:\/\/topkeymedical.com\/?s={search_term_string}"},"query-input":{"@type":"PropertyValueSpecification","valueRequired":true,"valueName":"search_term_string"}}],"inLanguage":"es"},{"@type":"Organization","@id":"https:\/\/topkeymedical.com\/#organization","name":"TOPKEY- Precisi\u00f3n en cada detalle, guardi\u00e1n de la vida y la salud","url":"https:\/\/topkeymedical.com\/","logo":{"@type":"ImageObject","inLanguage":"es","@id":"https:\/\/topkeymedical.com\/#\/schema\/logo\/image\/","url":"https:\/\/topkeymedical.com\/wp-content\/uploads\/2025\/05\/cropped-logo.jpg","contentUrl":"https:\/\/topkeymedical.com\/wp-content\/uploads\/2025\/05\/cropped-logo.jpg","width":512,"height":512,"caption":"TOPKEY\u2013 Precision in Every Detail, Guardian of Life and Health"},"image":{"@id":"https:\/\/topkeymedical.com\/#\/schema\/logo\/image\/"},"sameAs":["https:\/\/www.facebook.com\/profile.php?id=100088897294997","https:\/\/www.youtube.com\/@TopkeyMedical-Alice888","https:\/\/www.linkedin.com\/in\/alice-hu-bb66a01b3\/"]}]}},"_links":{"self":[{"href":"https:\/\/topkeymedical.com\/es\/wp-json\/wp\/v2\/product\/1107","targetHints":{"allow":["GET"]}}],"collection":[{"href":"https:\/\/topkeymedical.com\/es\/wp-json\/wp\/v2\/product"}],"about":[{"href":"https:\/\/topkeymedical.com\/es\/wp-json\/wp\/v2\/types\/product"}],"version-history":[{"count":4,"href":"https:\/\/topkeymedical.com\/es\/wp-json\/wp\/v2\/product\/1107\/revisions"}],"predecessor-version":[{"id":1552,"href":"https:\/\/topkeymedical.com\/es\/wp-json\/wp\/v2\/product\/1107\/revisions\/1552"}],"wp:featuredmedia":[{"embeddable":true,"href":"https:\/\/topkeymedical.com\/es\/wp-json\/wp\/v2\/media\/1109"}],"wp:attachment":[{"href":"https:\/\/topkeymedical.com\/es\/wp-json\/wp\/v2\/media?parent=1107"}],"wp:term":[{"taxonomy":"product_brand","embeddable":true,"href":"https:\/\/topkeymedical.com\/es\/wp-json\/wp\/v2\/product_brand?post=1107"},{"taxonomy":"product_cat","embeddable":true,"href":"https:\/\/topkeymedical.com\/es\/wp-json\/wp\/v2\/product_cat?post=1107"},{"taxonomy":"product_tag","embeddable":true,"href":"https:\/\/topkeymedical.com\/es\/wp-json\/wp\/v2\/product_tag?post=1107"}],"curies":[{"name":"wp","href":"https:\/\/api.w.org\/{rel}","templated":true}]}}