{"id":1130,"date":"2025-07-20T02:51:33","date_gmt":"2025-07-20T02:51:33","guid":{"rendered":"https:\/\/topkeymedical.com\/?post_type=product&#038;p=1130"},"modified":"2025-11-21T06:38:34","modified_gmt":"2025-11-21T06:38:34","slug":"tubo-de-centrifuga-graduado-15ml-50ml","status":"publish","type":"product","link":"https:\/\/topkeymedical.com\/es\/producto\/tubo-de-centrifuga-graduado-15ml-50ml\/","title":{"rendered":"Tubo de centr\u00edfuga graduado 15ml - 50ml"},"content":{"rendered":"<h2>Caracter\u00edsticas del producto Tubo de centr\u00edfuga graduado:<\/h2>\n<p>1.Rango de resistencia a la temperatura: de -80\u00b0C a 120\u00b0C, compatible con la esterilizaci\u00f3n a alta temperatura y alta presi\u00f3n.<br \/>\n2. Velocidad media m\u00e1xima probada: 8500 RPM (revoluciones por minuto).<br \/>\n3. Prueba de fugas a alta temperatura: Sin fugas tras 2 horas de rotaci\u00f3n a temperatura constante a 65\u00b0C.<br \/>\n4. Pared del tubo lisa y gran transparencia, lo que facilita el funcionamiento experimental y la observaci\u00f3n.<br \/>\n5. Esterilizaci\u00f3n por rayos gamma opcional. Las especificaciones incluyen tubos de microcentr\u00edfuga de 1,5ml\/2ml y tubos de centr\u00edfuga de 15ml\/50ml. Fabricados con material de polipropileno (PP), se clasifican en fondo c\u00f3nico y fondo afilado.<br \/>\n6. L\u00edneas de graduaci\u00f3n claras, buen rendimiento de sellado, sin enzimas ni pir\u00f3genos, especificaciones completas.<\/p>\n<p><strong>Material del producto:<\/strong> Cuerpo del tubo (polipropileno), tap\u00f3n del tubo (polietileno).<br \/>\n<strong>Uso del producto:<\/strong> Recipiente tubular para muestras que se utiliza con las centrifugadoras, equipado con un tap\u00f3n herm\u00e9tico o un tap\u00f3n a presi\u00f3n.<\/p>\n<table>\n<tbody>\n<tr>\n<td width=\"104\">Especificaci\u00f3n<\/td>\n<td width=\"110\">Di\u00e1metro (mm)<\/td>\n<td width=\"114\">Di\u00e1metro de la tapa (mm)<\/td>\n<td width=\"117\">Altura de la tapa (mm)<\/td>\n<td width=\"132\">Altura incluida la tapa (mm)<\/td>\n<\/tr>\n<tr>\n<td width=\"104\">15 ml<\/td>\n<td width=\"110\">16<\/td>\n<td width=\"114\">10.6<\/td>\n<td width=\"117\">10.75<\/td>\n<td width=\"132\">120.58<\/td>\n<\/tr>\n<tr>\n<td width=\"104\">50 ml<\/td>\n<td width=\"110\">28.69<\/td>\n<td width=\"114\">33.88<\/td>\n<td width=\"117\">12.6<\/td>\n<td width=\"132\">116.4<\/td>\n<\/tr>\n<\/tbody>\n<\/table>\n<figure id=\"attachment_1133\" aria-describedby=\"caption-attachment-1133\" style=\"width: 1000px\" class=\"wp-caption aligncenter\"><img fetchpriority=\"high\" decoding=\"async\" class=\"wp-image-1133 size-full\" title=\"Tubo de centr\u00edfuga graduado de 15 ml\" src=\"https:\/\/topkeymedical.com\/wp-content\/uploads\/2025\/07\/15ml-centrifuge-tube.webp\" alt=\"Tubo de centr\u00edfuga graduado de 15 ml \" width=\"1000\" height=\"1000\" srcset=\"https:\/\/topkeymedical.com\/wp-content\/uploads\/2025\/07\/15ml-centrifuge-tube.webp 1000w, https:\/\/topkeymedical.com\/wp-content\/uploads\/2025\/07\/15ml-centrifuge-tube-300x300.webp 300w, https:\/\/topkeymedical.com\/wp-content\/uploads\/2025\/07\/15ml-centrifuge-tube-150x150.webp 150w, https:\/\/topkeymedical.com\/wp-content\/uploads\/2025\/07\/15ml-centrifuge-tube-768x768.webp 768w, https:\/\/topkeymedical.com\/wp-content\/uploads\/2025\/07\/15ml-centrifuge-tube-600x600.webp 600w, https:\/\/topkeymedical.com\/wp-content\/uploads\/2025\/07\/15ml-centrifuge-tube-100x100.webp 100w\" sizes=\"(max-width: 1000px) 100vw, 1000px\" \/><figcaption id=\"caption-attachment-1133\" class=\"wp-caption-text\">Tubo de centr\u00edfuga graduado de 15 ml<\/figcaption><\/figure>\n<figure id=\"attachment_1134\" aria-describedby=\"caption-attachment-1134\" style=\"width: 1000px\" class=\"wp-caption aligncenter\"><img decoding=\"async\" class=\"wp-image-1134 size-full\" title=\"Tubo de centr\u00edfuga graduado de 50 ml \" src=\"https:\/\/topkeymedical.com\/wp-content\/uploads\/2025\/07\/50ml-centrifuge-tube.webp\" alt=\"Tubo de centr\u00edfuga graduado de 50 ml \" width=\"1000\" height=\"1000\" srcset=\"https:\/\/topkeymedical.com\/wp-content\/uploads\/2025\/07\/50ml-centrifuge-tube.webp 1000w, https:\/\/topkeymedical.com\/wp-content\/uploads\/2025\/07\/50ml-centrifuge-tube-300x300.webp 300w, https:\/\/topkeymedical.com\/wp-content\/uploads\/2025\/07\/50ml-centrifuge-tube-150x150.webp 150w, https:\/\/topkeymedical.com\/wp-content\/uploads\/2025\/07\/50ml-centrifuge-tube-768x768.webp 768w, https:\/\/topkeymedical.com\/wp-content\/uploads\/2025\/07\/50ml-centrifuge-tube-600x600.webp 600w, https:\/\/topkeymedical.com\/wp-content\/uploads\/2025\/07\/50ml-centrifuge-tube-100x100.webp 100w\" sizes=\"(max-width: 1000px) 100vw, 1000px\" \/><figcaption id=\"caption-attachment-1134\" class=\"wp-caption-text\">Tubo de centr\u00edfuga de 50 ml<\/figcaption><\/figure>","protected":false},"excerpt":{"rendered":"<p>El tubo de centr\u00edfuga graduado es adecuado para la recogida, el subenvasado y la centrifugaci\u00f3n de diversas muestras biol\u00f3gicas, como bacterias, c\u00e9lulas, prote\u00ednas y \u00e1cidos nucleicos. Est\u00e1 fabricado con material PP conforme a la norma USP-6, sin iones de metales pesados. La pared interior es lisa para garantizar que no queden residuos de la muestra, y tiene una gran transparencia para facilitar la observaci\u00f3n. Es adecuado para las centrifugadoras de uso com\u00fan en el mercado y puede soportar temperaturas de -80\u00b0C a 120\u00b0C.<\/p>","protected":false},"featured_media":1127,"template":"","meta":{"_acf_changed":false,"site-sidebar-layout":"default","site-content-layout":"","ast-site-content-layout":"default","site-content-style":"default","site-sidebar-style":"default","ast-global-header-display":"","ast-banner-title-visibility":"","ast-main-header-display":"","ast-hfb-above-header-display":"","ast-hfb-below-header-display":"","ast-hfb-mobile-header-display":"","site-post-title":"","ast-breadcrumbs-content":"","ast-featured-img":"","footer-sml-layout":"","ast-disable-related-posts":"","theme-transparent-header-meta":"default","adv-header-id-meta":"","stick-header-meta":"","header-above-stick-meta":"","header-main-stick-meta":"","header-below-stick-meta":"","astra-migrate-meta-layouts":"set","ast-page-background-enabled":"default","ast-page-background-meta":{"desktop":{"background-color":"var(--ast-global-color-5)","background-image":"","background-repeat":"repeat","background-position":"center center","background-size":"auto","background-attachment":"scroll","background-type":"","background-media":"","overlay-type":"","overlay-color":"","overlay-opacity":"","overlay-gradient":""},"tablet":{"background-color":"","background-image":"","background-repeat":"repeat","background-position":"center center","background-size":"auto","background-attachment":"scroll","background-type":"","background-media":"","overlay-type":"","overlay-color":"","overlay-opacity":"","overlay-gradient":""},"mobile":{"background-color":"","background-image":"","background-repeat":"repeat","background-position":"center center","background-size":"auto","background-attachment":"scroll","background-type":"","background-media":"","overlay-type":"","overlay-color":"","overlay-opacity":"","overlay-gradient":""}},"ast-content-background-meta":{"desktop":{"background-color":"var(--ast-global-color-4)","background-image":"","background-repeat":"repeat","background-position":"center center","background-size":"auto","background-attachment":"scroll","background-type":"","background-media":"","overlay-type":"","overlay-color":"","overlay-opacity":"","overlay-gradient":""},"tablet":{"background-color":"var(--ast-global-color-4)","background-image":"","background-repeat":"repeat","background-position":"center center","background-size":"auto","background-attachment":"scroll","background-type":"","background-media":"","overlay-type":"","overlay-color":"","overlay-opacity":"","overlay-gradient":""},"mobile":{"background-color":"var(--ast-global-color-4)","background-image":"","background-repeat":"repeat","background-position":"center center","background-size":"auto","background-attachment":"scroll","background-type":"","background-media":"","overlay-type":"","overlay-color":"","overlay-opacity":"","overlay-gradient":""}}},"product_brand":[],"product_cat":[67],"product_tag":[],"class_list":{"0":"post-1130","1":"product","2":"type-product","3":"status-publish","4":"has-post-thumbnail","6":"product_cat-laboratory-consumables","7":"desktop-align-left","8":"tablet-align-left","9":"mobile-align-left","11":"first","12":"instock","13":"shipping-taxable","14":"product-type-simple"},"acf":[],"yoast_head":"<!-- This site is optimized with the Yoast SEO plugin v27.4 - https:\/\/yoast.com\/product\/yoast-seo-wordpress\/ -->\n<title>Graduated centrifuge tube 15ml - 50ml<\/title>\n<meta name=\"description\" content=\"Graduated centrifuge tube is suitable for the collection, subpackaging, and centrifugation of various biological samples, including bacteria, cells...\" \/>\n<meta name=\"robots\" content=\"index, follow, max-snippet:-1, max-image-preview:large, max-video-preview:-1\" \/>\n<link rel=\"canonical\" href=\"https:\/\/topkeymedical.com\/es\/producto\/tubo-de-centrifuga-graduado-15ml-50ml\/\" \/>\n<meta property=\"og:locale\" content=\"es_ES\" \/>\n<meta property=\"og:type\" content=\"article\" \/>\n<meta property=\"og:title\" content=\"Graduated centrifuge tube 15ml - 50ml\" \/>\n<meta property=\"og:description\" content=\"Graduated centrifuge tube is suitable for the collection, subpackaging, and centrifugation of various biological samples, including bacteria, cells...\" \/>\n<meta property=\"og:url\" content=\"https:\/\/topkeymedical.com\/es\/producto\/tubo-de-centrifuga-graduado-15ml-50ml\/\" \/>\n<meta property=\"og:site_name\" content=\"TOPKEY\u2013 Precision in Every Detail, Guardian of Life and Health\" \/>\n<meta property=\"article:publisher\" content=\"https:\/\/www.facebook.com\/profile.php?id=100088897294997\" \/>\n<meta property=\"article:modified_time\" content=\"2025-11-21T06:38:34+00:00\" \/>\n<meta property=\"og:image\" content=\"https:\/\/topkeymedical.com\/wp-content\/uploads\/2025\/07\/Laboratory-Consumables-centrifuge-tube.webp\" \/>\n\t<meta property=\"og:image:width\" content=\"1000\" \/>\n\t<meta property=\"og:image:height\" content=\"1000\" \/>\n\t<meta property=\"og:image:type\" content=\"image\/webp\" \/>\n<meta name=\"twitter:card\" content=\"summary_large_image\" \/>\n<meta name=\"twitter:label1\" content=\"Tiempo de lectura\" \/>\n\t<meta name=\"twitter:data1\" content=\"2 minutos\" \/>\n<script type=\"application\/ld+json\" class=\"yoast-schema-graph\">{\"@context\":\"https:\\\/\\\/schema.org\",\"@graph\":[{\"@type\":\"WebPage\",\"@id\":\"https:\\\/\\\/topkeymedical.com\\\/product\\\/graduated-centrifuge-tube-15ml-50ml\\\/\",\"url\":\"https:\\\/\\\/topkeymedical.com\\\/product\\\/graduated-centrifuge-tube-15ml-50ml\\\/\",\"name\":\"Graduated centrifuge tube 15ml - 50ml\",\"isPartOf\":{\"@id\":\"https:\\\/\\\/topkeymedical.com\\\/#website\"},\"primaryImageOfPage\":{\"@id\":\"https:\\\/\\\/topkeymedical.com\\\/product\\\/graduated-centrifuge-tube-15ml-50ml\\\/#primaryimage\"},\"image\":{\"@id\":\"https:\\\/\\\/topkeymedical.com\\\/product\\\/graduated-centrifuge-tube-15ml-50ml\\\/#primaryimage\"},\"thumbnailUrl\":\"https:\\\/\\\/topkeymedical.com\\\/wp-content\\\/uploads\\\/2025\\\/07\\\/Laboratory-Consumables-centrifuge-tube.webp\",\"datePublished\":\"2025-07-20T02:51:33+00:00\",\"dateModified\":\"2025-11-21T06:38:34+00:00\",\"description\":\"Graduated centrifuge tube is suitable for the collection, subpackaging, and centrifugation of various biological samples, including bacteria, cells...\",\"breadcrumb\":{\"@id\":\"https:\\\/\\\/topkeymedical.com\\\/product\\\/graduated-centrifuge-tube-15ml-50ml\\\/#breadcrumb\"},\"inLanguage\":\"es\",\"potentialAction\":[{\"@type\":\"ReadAction\",\"target\":[\"https:\\\/\\\/topkeymedical.com\\\/product\\\/graduated-centrifuge-tube-15ml-50ml\\\/\"]}]},{\"@type\":\"ImageObject\",\"inLanguage\":\"es\",\"@id\":\"https:\\\/\\\/topkeymedical.com\\\/product\\\/graduated-centrifuge-tube-15ml-50ml\\\/#primaryimage\",\"url\":\"https:\\\/\\\/topkeymedical.com\\\/wp-content\\\/uploads\\\/2025\\\/07\\\/Laboratory-Consumables-centrifuge-tube.webp\",\"contentUrl\":\"https:\\\/\\\/topkeymedical.com\\\/wp-content\\\/uploads\\\/2025\\\/07\\\/Laboratory-Consumables-centrifuge-tube.webp\",\"width\":1000,\"height\":1000,\"caption\":\"Laboratory Consumables centrifuge tube\"},{\"@type\":\"BreadcrumbList\",\"@id\":\"https:\\\/\\\/topkeymedical.com\\\/product\\\/graduated-centrifuge-tube-15ml-50ml\\\/#breadcrumb\",\"itemListElement\":[{\"@type\":\"ListItem\",\"position\":1,\"name\":\"Home\",\"item\":\"https:\\\/\\\/topkeymedical.com\\\/\"},{\"@type\":\"ListItem\",\"position\":2,\"name\":\"Products\",\"item\":\"https:\\\/\\\/topkeymedical.com\\\/shop\\\/\"},{\"@type\":\"ListItem\",\"position\":3,\"name\":\"Graduated centrifuge tube 15ml &#8211; 50ml\"}]},{\"@type\":\"WebSite\",\"@id\":\"https:\\\/\\\/topkeymedical.com\\\/#website\",\"url\":\"https:\\\/\\\/topkeymedical.com\\\/\",\"name\":\"TOPKEY\u2013 Precision in Every Detail, Guardian of Life and Health\",\"description\":\"\",\"publisher\":{\"@id\":\"https:\\\/\\\/topkeymedical.com\\\/#organization\"},\"potentialAction\":[{\"@type\":\"SearchAction\",\"target\":{\"@type\":\"EntryPoint\",\"urlTemplate\":\"https:\\\/\\\/topkeymedical.com\\\/?s={search_term_string}\"},\"query-input\":{\"@type\":\"PropertyValueSpecification\",\"valueRequired\":true,\"valueName\":\"search_term_string\"}}],\"inLanguage\":\"es\"},{\"@type\":\"Organization\",\"@id\":\"https:\\\/\\\/topkeymedical.com\\\/#organization\",\"name\":\"TOPKEY\u2013 Precision in Every Detail, Guardian of Life and Health\",\"url\":\"https:\\\/\\\/topkeymedical.com\\\/\",\"logo\":{\"@type\":\"ImageObject\",\"inLanguage\":\"es\",\"@id\":\"https:\\\/\\\/topkeymedical.com\\\/#\\\/schema\\\/logo\\\/image\\\/\",\"url\":\"https:\\\/\\\/topkeymedical.com\\\/wp-content\\\/uploads\\\/2025\\\/05\\\/cropped-logo.jpg\",\"contentUrl\":\"https:\\\/\\\/topkeymedical.com\\\/wp-content\\\/uploads\\\/2025\\\/05\\\/cropped-logo.jpg\",\"width\":512,\"height\":512,\"caption\":\"TOPKEY\u2013 Precision in Every Detail, Guardian of Life and Health\"},\"image\":{\"@id\":\"https:\\\/\\\/topkeymedical.com\\\/#\\\/schema\\\/logo\\\/image\\\/\"},\"sameAs\":[\"https:\\\/\\\/www.facebook.com\\\/profile.php?id=100088897294997\",\"https:\\\/\\\/www.youtube.com\\\/@TopkeyMedical-Alice888\",\"https:\\\/\\\/www.linkedin.com\\\/in\\\/alice-hu-bb66a01b3\\\/\"]}]}<\/script>\n<!-- \/ Yoast SEO plugin. -->","yoast_head_json":{"title":"Tubo de centr\u00edfuga graduado 15ml - 50ml","description":"El tubo de centr\u00edfuga graduado es adecuado para la recogida, el subenvasado y la centrifugaci\u00f3n de diversas muestras biol\u00f3gicas, como bacterias, c\u00e9lulas...","robots":{"index":"index","follow":"follow","max-snippet":"max-snippet:-1","max-image-preview":"max-image-preview:large","max-video-preview":"max-video-preview:-1"},"canonical":"https:\/\/topkeymedical.com\/es\/producto\/tubo-de-centrifuga-graduado-15ml-50ml\/","og_locale":"es_ES","og_type":"article","og_title":"Graduated centrifuge tube 15ml - 50ml","og_description":"Graduated centrifuge tube is suitable for the collection, subpackaging, and centrifugation of various biological samples, including bacteria, cells...","og_url":"https:\/\/topkeymedical.com\/es\/producto\/tubo-de-centrifuga-graduado-15ml-50ml\/","og_site_name":"TOPKEY\u2013 Precision in Every Detail, Guardian of Life and Health","article_publisher":"https:\/\/www.facebook.com\/profile.php?id=100088897294997","article_modified_time":"2025-11-21T06:38:34+00:00","og_image":[{"width":1000,"height":1000,"url":"https:\/\/topkeymedical.com\/wp-content\/uploads\/2025\/07\/Laboratory-Consumables-centrifuge-tube.webp","type":"image\/webp"}],"twitter_card":"summary_large_image","twitter_misc":{"Tiempo de lectura":"2 minutos"},"schema":{"@context":"https:\/\/schema.org","@graph":[{"@type":"WebPage","@id":"https:\/\/topkeymedical.com\/product\/graduated-centrifuge-tube-15ml-50ml\/","url":"https:\/\/topkeymedical.com\/product\/graduated-centrifuge-tube-15ml-50ml\/","name":"Tubo de centr\u00edfuga graduado 15ml - 50ml","isPartOf":{"@id":"https:\/\/topkeymedical.com\/#website"},"primaryImageOfPage":{"@id":"https:\/\/topkeymedical.com\/product\/graduated-centrifuge-tube-15ml-50ml\/#primaryimage"},"image":{"@id":"https:\/\/topkeymedical.com\/product\/graduated-centrifuge-tube-15ml-50ml\/#primaryimage"},"thumbnailUrl":"https:\/\/topkeymedical.com\/wp-content\/uploads\/2025\/07\/Laboratory-Consumables-centrifuge-tube.webp","datePublished":"2025-07-20T02:51:33+00:00","dateModified":"2025-11-21T06:38:34+00:00","description":"El tubo de centr\u00edfuga graduado es adecuado para la recogida, el subenvasado y la centrifugaci\u00f3n de diversas muestras biol\u00f3gicas, como bacterias, c\u00e9lulas...","breadcrumb":{"@id":"https:\/\/topkeymedical.com\/product\/graduated-centrifuge-tube-15ml-50ml\/#breadcrumb"},"inLanguage":"es","potentialAction":[{"@type":"ReadAction","target":["https:\/\/topkeymedical.com\/product\/graduated-centrifuge-tube-15ml-50ml\/"]}]},{"@type":"ImageObject","inLanguage":"es","@id":"https:\/\/topkeymedical.com\/product\/graduated-centrifuge-tube-15ml-50ml\/#primaryimage","url":"https:\/\/topkeymedical.com\/wp-content\/uploads\/2025\/07\/Laboratory-Consumables-centrifuge-tube.webp","contentUrl":"https:\/\/topkeymedical.com\/wp-content\/uploads\/2025\/07\/Laboratory-Consumables-centrifuge-tube.webp","width":1000,"height":1000,"caption":"Laboratory Consumables centrifuge tube"},{"@type":"BreadcrumbList","@id":"https:\/\/topkeymedical.com\/product\/graduated-centrifuge-tube-15ml-50ml\/#breadcrumb","itemListElement":[{"@type":"ListItem","position":1,"name":"Home","item":"https:\/\/topkeymedical.com\/"},{"@type":"ListItem","position":2,"name":"Products","item":"https:\/\/topkeymedical.com\/shop\/"},{"@type":"ListItem","position":3,"name":"Graduated centrifuge tube 15ml &#8211; 50ml"}]},{"@type":"WebSite","@id":"https:\/\/topkeymedical.com\/#website","url":"https:\/\/topkeymedical.com\/","name":"TOPKEY- Precisi\u00f3n en cada detalle, guardi\u00e1n de la vida y la salud","description":"","publisher":{"@id":"https:\/\/topkeymedical.com\/#organization"},"potentialAction":[{"@type":"SearchAction","target":{"@type":"EntryPoint","urlTemplate":"https:\/\/topkeymedical.com\/?s={search_term_string}"},"query-input":{"@type":"PropertyValueSpecification","valueRequired":true,"valueName":"search_term_string"}}],"inLanguage":"es"},{"@type":"Organization","@id":"https:\/\/topkeymedical.com\/#organization","name":"TOPKEY- Precisi\u00f3n en cada detalle, guardi\u00e1n de la vida y la salud","url":"https:\/\/topkeymedical.com\/","logo":{"@type":"ImageObject","inLanguage":"es","@id":"https:\/\/topkeymedical.com\/#\/schema\/logo\/image\/","url":"https:\/\/topkeymedical.com\/wp-content\/uploads\/2025\/05\/cropped-logo.jpg","contentUrl":"https:\/\/topkeymedical.com\/wp-content\/uploads\/2025\/05\/cropped-logo.jpg","width":512,"height":512,"caption":"TOPKEY\u2013 Precision in Every Detail, Guardian of Life and Health"},"image":{"@id":"https:\/\/topkeymedical.com\/#\/schema\/logo\/image\/"},"sameAs":["https:\/\/www.facebook.com\/profile.php?id=100088897294997","https:\/\/www.youtube.com\/@TopkeyMedical-Alice888","https:\/\/www.linkedin.com\/in\/alice-hu-bb66a01b3\/"]}]}},"_links":{"self":[{"href":"https:\/\/topkeymedical.com\/es\/wp-json\/wp\/v2\/product\/1130","targetHints":{"allow":["GET"]}}],"collection":[{"href":"https:\/\/topkeymedical.com\/es\/wp-json\/wp\/v2\/product"}],"about":[{"href":"https:\/\/topkeymedical.com\/es\/wp-json\/wp\/v2\/types\/product"}],"version-history":[{"count":2,"href":"https:\/\/topkeymedical.com\/es\/wp-json\/wp\/v2\/product\/1130\/revisions"}],"predecessor-version":[{"id":1561,"href":"https:\/\/topkeymedical.com\/es\/wp-json\/wp\/v2\/product\/1130\/revisions\/1561"}],"wp:featuredmedia":[{"embeddable":true,"href":"https:\/\/topkeymedical.com\/es\/wp-json\/wp\/v2\/media\/1127"}],"wp:attachment":[{"href":"https:\/\/topkeymedical.com\/es\/wp-json\/wp\/v2\/media?parent=1130"}],"wp:term":[{"taxonomy":"product_brand","embeddable":true,"href":"https:\/\/topkeymedical.com\/es\/wp-json\/wp\/v2\/product_brand?post=1130"},{"taxonomy":"product_cat","embeddable":true,"href":"https:\/\/topkeymedical.com\/es\/wp-json\/wp\/v2\/product_cat?post=1130"},{"taxonomy":"product_tag","embeddable":true,"href":"https:\/\/topkeymedical.com\/es\/wp-json\/wp\/v2\/product_tag?post=1130"}],"curies":[{"name":"wp","href":"https:\/\/api.w.org\/{rel}","templated":true}]}}