{"id":1136,"date":"2025-07-20T03:27:01","date_gmt":"2025-07-20T03:27:01","guid":{"rendered":"https:\/\/topkeymedical.com\/?post_type=product&#038;p=1136"},"modified":"2025-11-21T06:53:44","modified_gmt":"2025-11-21T06:53:44","slug":"placas-de-petri-de-plastico-placas-de-petri-de-plastico-60mm-70mm-90mm","status":"publish","type":"product","link":"https:\/\/topkeymedical.com\/es\/producto\/placas-de-petri-de-plastico-placas-de-petri-de-plastico-60mm-70mm-90mm\/","title":{"rendered":"Placas Petri de Pl\u00e1stico, Placas Petri de Pl\u00e1stico 60mm, 70mm, 90mm"},"content":{"rendered":"<p>Placas Petri de pl\u00e1stico Material: Pl\u00e1stico de alta calidad<br \/>\nPlacas Petri de pl\u00e1stico Caracter\u00edsticas: Envase est\u00e9ril, dise\u00f1o transparente, m\u00faltiples especificaciones, plano y estable.<br \/>\nPlacas Petri de pl\u00e1stico Aplicaci\u00f3n: Recipiente de laboratorio utilizado principalmente para cultivos microbianos o celulares.<\/p>\n<h2>Placas de Petri de pl\u00e1stico Par\u00e1metro:<\/h2>\n<table>\n<tbody>\n<tr>\n<td width=\"141\">Especificaci\u00f3n(mm)<\/td>\n<td width=\"78\">Altura del fondo (mm)<\/td>\n<td width=\"95\">Di\u00e1metro del fondo (mm)<\/td>\n<td width=\"95\">Altura de la tapa (mm)<\/td>\n<td width=\"95\">Di\u00e1metro de la tapa (mm)<\/td>\n<td width=\"116\">Paquete (bolsas)<\/td>\n<\/tr>\n<tr>\n<td width=\"141\">35\u00d715<\/td>\n<td width=\"78\">11.3<\/td>\n<td width=\"95\">35.8<\/td>\n<td width=\"95\">6.4<\/td>\n<td width=\"95\">38.2<\/td>\n<td width=\"116\">10 unidades\/bolsa<\/td>\n<\/tr>\n<tr>\n<td width=\"141\">60\u00d715<\/td>\n<td width=\"78\">12.4<\/td>\n<td width=\"95\">57.1<\/td>\n<td width=\"95\">7.5<\/td>\n<td width=\"95\">59.5<\/td>\n<td width=\"116\">10 unidades\/bolsa<\/td>\n<\/tr>\n<tr>\n<td width=\"141\">65\u00d715net<\/td>\n<td width=\"78\">8.5<\/td>\n<td width=\"95\">65.5<\/td>\n<td width=\"95\">11.8<\/td>\n<td width=\"95\">61.1<\/td>\n<td width=\"116\">10 unidades\/bolsa<\/td>\n<\/tr>\n<tr>\n<td width=\"141\">70\u00d715<\/td>\n<td width=\"78\">14.6<\/td>\n<td width=\"95\">66.5<\/td>\n<td width=\"95\">6.7<\/td>\n<td width=\"95\">69.4<\/td>\n<td width=\"116\">10 unidades\/bolsa<\/td>\n<\/tr>\n<tr>\n<td width=\"141\">90\u00d715 Uso de la m\u00e1quina<\/td>\n<td width=\"78\">13.6<\/td>\n<td width=\"95\">88.5<\/td>\n<td width=\"95\">8<\/td>\n<td width=\"95\">91<\/td>\n<td width=\"116\">10 unidades\/bolsa<\/td>\n<\/tr>\n<tr>\n<td width=\"141\">90\u00d715\uff0814g\uff09<\/td>\n<td width=\"78\">14.4<\/td>\n<td width=\"95\">86<\/td>\n<td width=\"95\">9.7<\/td>\n<td width=\"95\">90<\/td>\n<td width=\"116\">10 unidades\/bolsa<\/td>\n<\/tr>\n<tr>\n<td width=\"141\">90\u00d715\uff0812g\uff09<\/td>\n<td width=\"78\">13.6<\/td>\n<td width=\"95\">84.6<\/td>\n<td width=\"95\">7.5<\/td>\n<td width=\"95\">89.3<\/td>\n<td width=\"116\">10 unidades\/bolsa<\/td>\n<\/tr>\n<tr>\n<td width=\"141\">90\u00d720<\/td>\n<td width=\"78\">18.8<\/td>\n<td width=\"95\">85.9<\/td>\n<td width=\"95\">9.3<\/td>\n<td width=\"95\">90.2<\/td>\n<td width=\"116\">10 unidades\/bolsa<\/td>\n<\/tr>\n<tr>\n<td width=\"141\">100\u00d715<\/td>\n<td width=\"78\">15.3<\/td>\n<td width=\"95\">93.8<\/td>\n<td width=\"95\">9.7<\/td>\n<td width=\"95\">98.8<\/td>\n<td width=\"116\">10 unidades\/bolsa<\/td>\n<\/tr>\n<tr>\n<td width=\"141\">120\u00d720<\/td>\n<td width=\"78\">19.5<\/td>\n<td width=\"95\">116<\/td>\n<td width=\"95\">8.5<\/td>\n<td width=\"95\">119<\/td>\n<td width=\"116\">10 unidades\/bolsa<\/td>\n<\/tr>\n<tr>\n<td width=\"141\">150\u00d715<\/td>\n<td width=\"78\">14.7<\/td>\n<td width=\"95\">143.2<\/td>\n<td width=\"95\">8.4<\/td>\n<td width=\"95\">147.4<\/td>\n<td width=\"116\">10 unidades\/bolsa<\/td>\n<\/tr>\n<tr>\n<td width=\"141\">90\u00d715 Cuadr\u00edcula de dos puntos<\/td>\n<td width=\"78\">13.1<\/td>\n<td width=\"95\">86<\/td>\n<td width=\"95\">7.1<\/td>\n<td width=\"95\">89<\/td>\n<td width=\"116\">10 unidades\/bolsa<\/td>\n<\/tr>\n<tr>\n<td width=\"141\">90\u00d715 Rejilla de tres puntos<\/td>\n<td width=\"78\">13.2<\/td>\n<td width=\"95\">85.6<\/td>\n<td width=\"95\">7<\/td>\n<td width=\"95\">88.7<\/td>\n<td width=\"116\">10 unidades\/bolsa<\/td>\n<\/tr>\n<tr>\n<td width=\"141\">Cuadr\u00edcula de cuatro puntos de 90\u00d715<\/td>\n<td width=\"78\">13.1<\/td>\n<td width=\"95\">86<\/td>\n<td width=\"95\">6.9<\/td>\n<td width=\"95\">88.9<\/td>\n<td width=\"116\">10 unidades\/bolsa<\/td>\n<\/tr>\n<tr>\n<td width=\"141\">Cuadrado100\u00d7100<\/td>\n<td width=\"78\">15.9<\/td>\n<td width=\"95\">98.2<\/td>\n<td width=\"95\">10.3<\/td>\n<td width=\"95\">102.6<\/td>\n<td width=\"116\">10 unidades\/bolsa<\/td>\n<\/tr>\n<tr>\n<td width=\"141\">Cuadrado130\u00d7130<\/td>\n<td width=\"78\">14.6<\/td>\n<td width=\"95\">122.4<\/td>\n<td width=\"95\">9<\/td>\n<td width=\"95\">128.1<\/td>\n<td width=\"116\">10 unidades\/bolsa<\/td>\n<\/tr>\n<\/tbody>\n<\/table>\n<figure id=\"attachment_1138\" aria-describedby=\"caption-attachment-1138\" style=\"width: 1000px\" class=\"wp-caption aligncenter\"><img fetchpriority=\"high\" decoding=\"async\" class=\"wp-image-1138 size-full\" title=\"Placas Petri de pl\u00e1stico de 60 mm\" src=\"https:\/\/topkeymedical.com\/wp-content\/uploads\/2025\/07\/Plastic-petri-dishes-60mm.webp\" alt=\"Placas Petri de pl\u00e1stico de 60 mm\" width=\"1000\" height=\"1000\" srcset=\"https:\/\/topkeymedical.com\/wp-content\/uploads\/2025\/07\/Plastic-petri-dishes-60mm.webp 1000w, https:\/\/topkeymedical.com\/wp-content\/uploads\/2025\/07\/Plastic-petri-dishes-60mm-300x300.webp 300w, https:\/\/topkeymedical.com\/wp-content\/uploads\/2025\/07\/Plastic-petri-dishes-60mm-150x150.webp 150w, https:\/\/topkeymedical.com\/wp-content\/uploads\/2025\/07\/Plastic-petri-dishes-60mm-768x768.webp 768w, https:\/\/topkeymedical.com\/wp-content\/uploads\/2025\/07\/Plastic-petri-dishes-60mm-600x600.webp 600w, https:\/\/topkeymedical.com\/wp-content\/uploads\/2025\/07\/Plastic-petri-dishes-60mm-100x100.webp 100w\" sizes=\"(max-width: 1000px) 100vw, 1000px\" \/><figcaption id=\"caption-attachment-1138\" class=\"wp-caption-text\">Placas Petri de pl\u00e1stico de 60 mm<\/figcaption><\/figure>\n<figure id=\"attachment_1139\" aria-describedby=\"caption-attachment-1139\" style=\"width: 1000px\" class=\"wp-caption aligncenter\"><img decoding=\"async\" class=\"wp-image-1139 size-full\" title=\"Placas de Petri de pl\u00e1stico de 70 mm\" src=\"https:\/\/topkeymedical.com\/wp-content\/uploads\/2025\/07\/Plastic-petri-dishes-70mm.webp\" alt=\"Placas de Petri de pl\u00e1stico de 70 mm\" width=\"1000\" height=\"1000\" srcset=\"https:\/\/topkeymedical.com\/wp-content\/uploads\/2025\/07\/Plastic-petri-dishes-70mm.webp 1000w, https:\/\/topkeymedical.com\/wp-content\/uploads\/2025\/07\/Plastic-petri-dishes-70mm-300x300.webp 300w, https:\/\/topkeymedical.com\/wp-content\/uploads\/2025\/07\/Plastic-petri-dishes-70mm-150x150.webp 150w, https:\/\/topkeymedical.com\/wp-content\/uploads\/2025\/07\/Plastic-petri-dishes-70mm-768x768.webp 768w, https:\/\/topkeymedical.com\/wp-content\/uploads\/2025\/07\/Plastic-petri-dishes-70mm-600x600.webp 600w, https:\/\/topkeymedical.com\/wp-content\/uploads\/2025\/07\/Plastic-petri-dishes-70mm-100x100.webp 100w\" sizes=\"(max-width: 1000px) 100vw, 1000px\" \/><figcaption id=\"caption-attachment-1139\" class=\"wp-caption-text\">Placas Petri de pl\u00e1stico de 70 mm<\/figcaption><\/figure>\n<figure id=\"attachment_1140\" aria-describedby=\"caption-attachment-1140\" style=\"width: 1000px\" class=\"wp-caption aligncenter\"><img decoding=\"async\" class=\"wp-image-1140 size-full\" title=\"Placas Petri de pl\u00e1stico de 90 mm\" src=\"https:\/\/topkeymedical.com\/wp-content\/uploads\/2025\/07\/Plastic-petri-dishes-90mm.webp\" alt=\"Placas Petri de pl\u00e1stico de 90 mm\" width=\"1000\" height=\"1000\" srcset=\"https:\/\/topkeymedical.com\/wp-content\/uploads\/2025\/07\/Plastic-petri-dishes-90mm.webp 1000w, https:\/\/topkeymedical.com\/wp-content\/uploads\/2025\/07\/Plastic-petri-dishes-90mm-300x300.webp 300w, https:\/\/topkeymedical.com\/wp-content\/uploads\/2025\/07\/Plastic-petri-dishes-90mm-150x150.webp 150w, https:\/\/topkeymedical.com\/wp-content\/uploads\/2025\/07\/Plastic-petri-dishes-90mm-768x768.webp 768w, https:\/\/topkeymedical.com\/wp-content\/uploads\/2025\/07\/Plastic-petri-dishes-90mm-600x600.webp 600w, https:\/\/topkeymedical.com\/wp-content\/uploads\/2025\/07\/Plastic-petri-dishes-90mm-100x100.webp 100w\" sizes=\"(max-width: 1000px) 100vw, 1000px\" \/><figcaption id=\"caption-attachment-1140\" class=\"wp-caption-text\">Placas Petri de pl\u00e1stico de 90 mm<\/figcaption><\/figure>","protected":false},"excerpt":{"rendered":"<p>Las placas de Petri de pl\u00e1stico, disponibles en varias especificaciones (60\/70\/90 mm), son recipientes circulares de vidrio o pl\u00e1stico que se utilizan para contener medio de cultivo l\u00edquido o medio de cultivo s\u00f3lido de agar para el cultivo celular. Una placa de Petri consta de una base y una tapa, y es un instrumento qu\u00edmico utilizado para el cultivo bacteriano, fabricado principalmente en vidrio o pl\u00e1stico.<\/p>","protected":false},"featured_media":1137,"template":"","meta":{"_acf_changed":false,"site-sidebar-layout":"default","site-content-layout":"","ast-site-content-layout":"default","site-content-style":"default","site-sidebar-style":"default","ast-global-header-display":"","ast-banner-title-visibility":"","ast-main-header-display":"","ast-hfb-above-header-display":"","ast-hfb-below-header-display":"","ast-hfb-mobile-header-display":"","site-post-title":"","ast-breadcrumbs-content":"","ast-featured-img":"","footer-sml-layout":"","ast-disable-related-posts":"","theme-transparent-header-meta":"default","adv-header-id-meta":"","stick-header-meta":"","header-above-stick-meta":"","header-main-stick-meta":"","header-below-stick-meta":"","astra-migrate-meta-layouts":"set","ast-page-background-enabled":"default","ast-page-background-meta":{"desktop":{"background-color":"var(--ast-global-color-5)","background-image":"","background-repeat":"repeat","background-position":"center center","background-size":"auto","background-attachment":"scroll","background-type":"","background-media":"","overlay-type":"","overlay-color":"","overlay-opacity":"","overlay-gradient":""},"tablet":{"background-color":"","background-image":"","background-repeat":"repeat","background-position":"center center","background-size":"auto","background-attachment":"scroll","background-type":"","background-media":"","overlay-type":"","overlay-color":"","overlay-opacity":"","overlay-gradient":""},"mobile":{"background-color":"","background-image":"","background-repeat":"repeat","background-position":"center center","background-size":"auto","background-attachment":"scroll","background-type":"","background-media":"","overlay-type":"","overlay-color":"","overlay-opacity":"","overlay-gradient":""}},"ast-content-background-meta":{"desktop":{"background-color":"var(--ast-global-color-4)","background-image":"","background-repeat":"repeat","background-position":"center center","background-size":"auto","background-attachment":"scroll","background-type":"","background-media":"","overlay-type":"","overlay-color":"","overlay-opacity":"","overlay-gradient":""},"tablet":{"background-color":"var(--ast-global-color-4)","background-image":"","background-repeat":"repeat","background-position":"center center","background-size":"auto","background-attachment":"scroll","background-type":"","background-media":"","overlay-type":"","overlay-color":"","overlay-opacity":"","overlay-gradient":""},"mobile":{"background-color":"var(--ast-global-color-4)","background-image":"","background-repeat":"repeat","background-position":"center center","background-size":"auto","background-attachment":"scroll","background-type":"","background-media":"","overlay-type":"","overlay-color":"","overlay-opacity":"","overlay-gradient":""}}},"product_brand":[],"product_cat":[67],"product_tag":[],"class_list":{"0":"post-1136","1":"product","2":"type-product","3":"status-publish","4":"has-post-thumbnail","6":"product_cat-laboratory-consumables","7":"desktop-align-left","8":"tablet-align-left","9":"mobile-align-left","11":"first","12":"instock","13":"shipping-taxable","14":"product-type-simple"},"acf":[],"yoast_head":"<!-- This site is optimized with the Yoast SEO plugin v27.4 - https:\/\/yoast.com\/product\/yoast-seo-wordpress\/ -->\n<title>Plastic Petri Dishes, Plastic Petri Plates 60mm, 70mm, 90mm<\/title>\n<meta name=\"description\" content=\"Plastic petri dishes, available in multiple specifications (60\/70\/90mm), are circular vessels made of glass or plastic, used to hold liquid culture medium.\" \/>\n<meta name=\"robots\" content=\"index, follow, max-snippet:-1, max-image-preview:large, max-video-preview:-1\" \/>\n<link rel=\"canonical\" href=\"https:\/\/topkeymedical.com\/es\/producto\/placas-de-petri-de-plastico-placas-de-petri-de-plastico-60mm-70mm-90mm\/\" \/>\n<meta property=\"og:locale\" content=\"es_ES\" \/>\n<meta property=\"og:type\" content=\"article\" \/>\n<meta property=\"og:title\" content=\"Plastic Petri Dishes, Plastic Petri Plates 60mm, 70mm, 90mm\" \/>\n<meta property=\"og:description\" content=\"Plastic petri dishes, available in multiple specifications (60\/70\/90mm), are circular vessels made of glass or plastic, used to hold liquid culture medium.\" \/>\n<meta property=\"og:url\" content=\"https:\/\/topkeymedical.com\/es\/producto\/placas-de-petri-de-plastico-placas-de-petri-de-plastico-60mm-70mm-90mm\/\" \/>\n<meta property=\"og:site_name\" content=\"TOPKEY\u2013 Precision in Every Detail, Guardian of Life and Health\" \/>\n<meta property=\"article:publisher\" content=\"https:\/\/www.facebook.com\/profile.php?id=100088897294997\" \/>\n<meta property=\"article:modified_time\" content=\"2025-11-21T06:53:44+00:00\" \/>\n<meta property=\"og:image\" content=\"https:\/\/topkeymedical.com\/wp-content\/uploads\/2025\/07\/Plastic-petri-dishes.webp\" \/>\n\t<meta property=\"og:image:width\" content=\"1000\" \/>\n\t<meta property=\"og:image:height\" content=\"1000\" \/>\n\t<meta property=\"og:image:type\" content=\"image\/webp\" \/>\n<meta name=\"twitter:card\" content=\"summary_large_image\" \/>\n<meta name=\"twitter:label1\" content=\"Tiempo de lectura\" \/>\n\t<meta name=\"twitter:data1\" content=\"2 minutos\" \/>\n<script type=\"application\/ld+json\" class=\"yoast-schema-graph\">{\"@context\":\"https:\\\/\\\/schema.org\",\"@graph\":[{\"@type\":\"WebPage\",\"@id\":\"https:\\\/\\\/topkeymedical.com\\\/product\\\/plastic-petri-dishes-plastic-petri-plates-60mm-70mm-90mm\\\/\",\"url\":\"https:\\\/\\\/topkeymedical.com\\\/product\\\/plastic-petri-dishes-plastic-petri-plates-60mm-70mm-90mm\\\/\",\"name\":\"Plastic Petri Dishes, Plastic Petri Plates 60mm, 70mm, 90mm\",\"isPartOf\":{\"@id\":\"https:\\\/\\\/topkeymedical.com\\\/#website\"},\"primaryImageOfPage\":{\"@id\":\"https:\\\/\\\/topkeymedical.com\\\/product\\\/plastic-petri-dishes-plastic-petri-plates-60mm-70mm-90mm\\\/#primaryimage\"},\"image\":{\"@id\":\"https:\\\/\\\/topkeymedical.com\\\/product\\\/plastic-petri-dishes-plastic-petri-plates-60mm-70mm-90mm\\\/#primaryimage\"},\"thumbnailUrl\":\"https:\\\/\\\/topkeymedical.com\\\/wp-content\\\/uploads\\\/2025\\\/07\\\/Plastic-petri-dishes.webp\",\"datePublished\":\"2025-07-20T03:27:01+00:00\",\"dateModified\":\"2025-11-21T06:53:44+00:00\",\"description\":\"Plastic petri dishes, available in multiple specifications (60\\\/70\\\/90mm), are circular vessels made of glass or plastic, used to hold liquid culture medium.\",\"breadcrumb\":{\"@id\":\"https:\\\/\\\/topkeymedical.com\\\/product\\\/plastic-petri-dishes-plastic-petri-plates-60mm-70mm-90mm\\\/#breadcrumb\"},\"inLanguage\":\"es\",\"potentialAction\":[{\"@type\":\"ReadAction\",\"target\":[\"https:\\\/\\\/topkeymedical.com\\\/product\\\/plastic-petri-dishes-plastic-petri-plates-60mm-70mm-90mm\\\/\"]}]},{\"@type\":\"ImageObject\",\"inLanguage\":\"es\",\"@id\":\"https:\\\/\\\/topkeymedical.com\\\/product\\\/plastic-petri-dishes-plastic-petri-plates-60mm-70mm-90mm\\\/#primaryimage\",\"url\":\"https:\\\/\\\/topkeymedical.com\\\/wp-content\\\/uploads\\\/2025\\\/07\\\/Plastic-petri-dishes.webp\",\"contentUrl\":\"https:\\\/\\\/topkeymedical.com\\\/wp-content\\\/uploads\\\/2025\\\/07\\\/Plastic-petri-dishes.webp\",\"width\":1000,\"height\":1000,\"caption\":\"Plastic petri dishes\"},{\"@type\":\"BreadcrumbList\",\"@id\":\"https:\\\/\\\/topkeymedical.com\\\/product\\\/plastic-petri-dishes-plastic-petri-plates-60mm-70mm-90mm\\\/#breadcrumb\",\"itemListElement\":[{\"@type\":\"ListItem\",\"position\":1,\"name\":\"Home\",\"item\":\"https:\\\/\\\/topkeymedical.com\\\/\"},{\"@type\":\"ListItem\",\"position\":2,\"name\":\"Products\",\"item\":\"https:\\\/\\\/topkeymedical.com\\\/shop\\\/\"},{\"@type\":\"ListItem\",\"position\":3,\"name\":\"Plastic Petri Dishes, Plastic Petri Plates 60mm, 70mm, 90mm\"}]},{\"@type\":\"WebSite\",\"@id\":\"https:\\\/\\\/topkeymedical.com\\\/#website\",\"url\":\"https:\\\/\\\/topkeymedical.com\\\/\",\"name\":\"TOPKEY\u2013 Precision in Every Detail, Guardian of Life and Health\",\"description\":\"\",\"publisher\":{\"@id\":\"https:\\\/\\\/topkeymedical.com\\\/#organization\"},\"potentialAction\":[{\"@type\":\"SearchAction\",\"target\":{\"@type\":\"EntryPoint\",\"urlTemplate\":\"https:\\\/\\\/topkeymedical.com\\\/?s={search_term_string}\"},\"query-input\":{\"@type\":\"PropertyValueSpecification\",\"valueRequired\":true,\"valueName\":\"search_term_string\"}}],\"inLanguage\":\"es\"},{\"@type\":\"Organization\",\"@id\":\"https:\\\/\\\/topkeymedical.com\\\/#organization\",\"name\":\"TOPKEY\u2013 Precision in Every Detail, Guardian of Life and Health\",\"url\":\"https:\\\/\\\/topkeymedical.com\\\/\",\"logo\":{\"@type\":\"ImageObject\",\"inLanguage\":\"es\",\"@id\":\"https:\\\/\\\/topkeymedical.com\\\/#\\\/schema\\\/logo\\\/image\\\/\",\"url\":\"https:\\\/\\\/topkeymedical.com\\\/wp-content\\\/uploads\\\/2025\\\/05\\\/cropped-logo.jpg\",\"contentUrl\":\"https:\\\/\\\/topkeymedical.com\\\/wp-content\\\/uploads\\\/2025\\\/05\\\/cropped-logo.jpg\",\"width\":512,\"height\":512,\"caption\":\"TOPKEY\u2013 Precision in Every Detail, Guardian of Life and Health\"},\"image\":{\"@id\":\"https:\\\/\\\/topkeymedical.com\\\/#\\\/schema\\\/logo\\\/image\\\/\"},\"sameAs\":[\"https:\\\/\\\/www.facebook.com\\\/profile.php?id=100088897294997\",\"https:\\\/\\\/www.youtube.com\\\/@TopkeyMedical-Alice888\",\"https:\\\/\\\/www.linkedin.com\\\/in\\\/alice-hu-bb66a01b3\\\/\"]}]}<\/script>\n<!-- \/ Yoast SEO plugin. -->","yoast_head_json":{"title":"Placas Petri de Pl\u00e1stico, Placas Petri de Pl\u00e1stico 60mm, 70mm, 90mm","description":"Las placas de Petri de pl\u00e1stico, disponibles en varias especificaciones (60\/70\/90 mm), son recipientes circulares de vidrio o pl\u00e1stico que se utilizan para contener medios de cultivo l\u00edquidos.","robots":{"index":"index","follow":"follow","max-snippet":"max-snippet:-1","max-image-preview":"max-image-preview:large","max-video-preview":"max-video-preview:-1"},"canonical":"https:\/\/topkeymedical.com\/es\/producto\/placas-de-petri-de-plastico-placas-de-petri-de-plastico-60mm-70mm-90mm\/","og_locale":"es_ES","og_type":"article","og_title":"Plastic Petri Dishes, Plastic Petri Plates 60mm, 70mm, 90mm","og_description":"Plastic petri dishes, available in multiple specifications (60\/70\/90mm), are circular vessels made of glass or plastic, used to hold liquid culture medium.","og_url":"https:\/\/topkeymedical.com\/es\/producto\/placas-de-petri-de-plastico-placas-de-petri-de-plastico-60mm-70mm-90mm\/","og_site_name":"TOPKEY\u2013 Precision in Every Detail, Guardian of Life and Health","article_publisher":"https:\/\/www.facebook.com\/profile.php?id=100088897294997","article_modified_time":"2025-11-21T06:53:44+00:00","og_image":[{"width":1000,"height":1000,"url":"https:\/\/topkeymedical.com\/wp-content\/uploads\/2025\/07\/Plastic-petri-dishes.webp","type":"image\/webp"}],"twitter_card":"summary_large_image","twitter_misc":{"Tiempo de lectura":"2 minutos"},"schema":{"@context":"https:\/\/schema.org","@graph":[{"@type":"WebPage","@id":"https:\/\/topkeymedical.com\/product\/plastic-petri-dishes-plastic-petri-plates-60mm-70mm-90mm\/","url":"https:\/\/topkeymedical.com\/product\/plastic-petri-dishes-plastic-petri-plates-60mm-70mm-90mm\/","name":"Placas Petri de Pl\u00e1stico, Placas Petri de Pl\u00e1stico 60mm, 70mm, 90mm","isPartOf":{"@id":"https:\/\/topkeymedical.com\/#website"},"primaryImageOfPage":{"@id":"https:\/\/topkeymedical.com\/product\/plastic-petri-dishes-plastic-petri-plates-60mm-70mm-90mm\/#primaryimage"},"image":{"@id":"https:\/\/topkeymedical.com\/product\/plastic-petri-dishes-plastic-petri-plates-60mm-70mm-90mm\/#primaryimage"},"thumbnailUrl":"https:\/\/topkeymedical.com\/wp-content\/uploads\/2025\/07\/Plastic-petri-dishes.webp","datePublished":"2025-07-20T03:27:01+00:00","dateModified":"2025-11-21T06:53:44+00:00","description":"Las placas de Petri de pl\u00e1stico, disponibles en varias especificaciones (60\/70\/90 mm), son recipientes circulares de vidrio o pl\u00e1stico que se utilizan para contener medios de cultivo l\u00edquidos.","breadcrumb":{"@id":"https:\/\/topkeymedical.com\/product\/plastic-petri-dishes-plastic-petri-plates-60mm-70mm-90mm\/#breadcrumb"},"inLanguage":"es","potentialAction":[{"@type":"ReadAction","target":["https:\/\/topkeymedical.com\/product\/plastic-petri-dishes-plastic-petri-plates-60mm-70mm-90mm\/"]}]},{"@type":"ImageObject","inLanguage":"es","@id":"https:\/\/topkeymedical.com\/product\/plastic-petri-dishes-plastic-petri-plates-60mm-70mm-90mm\/#primaryimage","url":"https:\/\/topkeymedical.com\/wp-content\/uploads\/2025\/07\/Plastic-petri-dishes.webp","contentUrl":"https:\/\/topkeymedical.com\/wp-content\/uploads\/2025\/07\/Plastic-petri-dishes.webp","width":1000,"height":1000,"caption":"Plastic petri dishes"},{"@type":"BreadcrumbList","@id":"https:\/\/topkeymedical.com\/product\/plastic-petri-dishes-plastic-petri-plates-60mm-70mm-90mm\/#breadcrumb","itemListElement":[{"@type":"ListItem","position":1,"name":"Home","item":"https:\/\/topkeymedical.com\/"},{"@type":"ListItem","position":2,"name":"Products","item":"https:\/\/topkeymedical.com\/shop\/"},{"@type":"ListItem","position":3,"name":"Plastic Petri Dishes, Plastic Petri Plates 60mm, 70mm, 90mm"}]},{"@type":"WebSite","@id":"https:\/\/topkeymedical.com\/#website","url":"https:\/\/topkeymedical.com\/","name":"TOPKEY- Precisi\u00f3n en cada detalle, guardi\u00e1n de la vida y la salud","description":"","publisher":{"@id":"https:\/\/topkeymedical.com\/#organization"},"potentialAction":[{"@type":"SearchAction","target":{"@type":"EntryPoint","urlTemplate":"https:\/\/topkeymedical.com\/?s={search_term_string}"},"query-input":{"@type":"PropertyValueSpecification","valueRequired":true,"valueName":"search_term_string"}}],"inLanguage":"es"},{"@type":"Organization","@id":"https:\/\/topkeymedical.com\/#organization","name":"TOPKEY- Precisi\u00f3n en cada detalle, guardi\u00e1n de la vida y la salud","url":"https:\/\/topkeymedical.com\/","logo":{"@type":"ImageObject","inLanguage":"es","@id":"https:\/\/topkeymedical.com\/#\/schema\/logo\/image\/","url":"https:\/\/topkeymedical.com\/wp-content\/uploads\/2025\/05\/cropped-logo.jpg","contentUrl":"https:\/\/topkeymedical.com\/wp-content\/uploads\/2025\/05\/cropped-logo.jpg","width":512,"height":512,"caption":"TOPKEY\u2013 Precision in Every Detail, Guardian of Life and Health"},"image":{"@id":"https:\/\/topkeymedical.com\/#\/schema\/logo\/image\/"},"sameAs":["https:\/\/www.facebook.com\/profile.php?id=100088897294997","https:\/\/www.youtube.com\/@TopkeyMedical-Alice888","https:\/\/www.linkedin.com\/in\/alice-hu-bb66a01b3\/"]}]}},"_links":{"self":[{"href":"https:\/\/topkeymedical.com\/es\/wp-json\/wp\/v2\/product\/1136","targetHints":{"allow":["GET"]}}],"collection":[{"href":"https:\/\/topkeymedical.com\/es\/wp-json\/wp\/v2\/product"}],"about":[{"href":"https:\/\/topkeymedical.com\/es\/wp-json\/wp\/v2\/types\/product"}],"version-history":[{"count":3,"href":"https:\/\/topkeymedical.com\/es\/wp-json\/wp\/v2\/product\/1136\/revisions"}],"predecessor-version":[{"id":1565,"href":"https:\/\/topkeymedical.com\/es\/wp-json\/wp\/v2\/product\/1136\/revisions\/1565"}],"wp:featuredmedia":[{"embeddable":true,"href":"https:\/\/topkeymedical.com\/es\/wp-json\/wp\/v2\/media\/1137"}],"wp:attachment":[{"href":"https:\/\/topkeymedical.com\/es\/wp-json\/wp\/v2\/media?parent=1136"}],"wp:term":[{"taxonomy":"product_brand","embeddable":true,"href":"https:\/\/topkeymedical.com\/es\/wp-json\/wp\/v2\/product_brand?post=1136"},{"taxonomy":"product_cat","embeddable":true,"href":"https:\/\/topkeymedical.com\/es\/wp-json\/wp\/v2\/product_cat?post=1136"},{"taxonomy":"product_tag","embeddable":true,"href":"https:\/\/topkeymedical.com\/es\/wp-json\/wp\/v2\/product_tag?post=1136"}],"curies":[{"name":"wp","href":"https:\/\/api.w.org\/{rel}","templated":true}]}}