{"id":1145,"date":"2025-07-20T14:22:57","date_gmt":"2025-07-20T14:22:57","guid":{"rendered":"https:\/\/topkeymedical.com\/?post_type=product&#038;p=1145"},"modified":"2025-11-21T06:43:35","modified_gmt":"2025-11-21T06:43:35","slug":"puntas-de-pipeta-10ul-200ul-1000ul-5ml-10ml","status":"publish","type":"product","link":"https:\/\/topkeymedical.com\/es\/producto\/puntas-de-pipeta-10ul-200ul-1000ul-5ml-10ml\/","title":{"rendered":"Puntas de pipeta 10ul, 200ul, 1000ul, 5ml, 10ml"},"content":{"rendered":"<p>Con una excelente transparencia, facilita la observaci\u00f3n del nivel de l\u00edquido durante su uso. Tiene una gran tolerancia y puede utilizarse para aspirar diversas soluciones org\u00e1nicas. Presenta un buen rendimiento de sellado y es compatible tanto con pipetas monocanal como multicanal.<\/p>\n<h2>Par\u00e1metros de las puntas de pipeta<\/h2>\n<p><strong>Composici\u00f3n de la estructura del producto:<\/strong> Polipropileno (<a href=\"https:\/\/www.bpf.co.uk\/plastipedia\/polymers\/PP.aspx\" target=\"_blank\" rel=\"noopener\">PP<\/a>)<br \/>\n<strong>Embalaje:<\/strong> Bolsa est\u00e9ril (esterilizable a alta temperatura y alta presi\u00f3n)<br \/>\n<strong>Aplicaci\u00f3n del producto:<\/strong> Utilizado junto con pipetas, puede aplicarse al trasvase de l\u00edquidos, alicuotado de l\u00edquidos, mezcla de l\u00edquidos, adici\u00f3n de muestras a placas de trabajo y recipientes de reacci\u00f3n, eliminaci\u00f3n del sobrenadante tras la extracci\u00f3n, etc.<\/p>\n<table>\n<tbody>\n<tr>\n<td width=\"113\">N\u00ba de modelo del producto<\/td>\n<td width=\"125\">Nombre<\/td>\n<td width=\"79\">Capacidad<\/td>\n<td width=\"95\">Color<\/td>\n<td width=\"164\">Especificaciones de embalaje<\/td>\n<\/tr>\n<tr>\n<td width=\"113\">2302A0010<\/td>\n<td width=\"125\">Puntas transparentes en bolsa de 10\u03bcL<\/td>\n<td width=\"79\">10\u03bcL<\/td>\n<td width=\"95\">transparente<\/td>\n<td width=\"164\">1000pcs\/paquete, 20packs\/caja<\/td>\n<\/tr>\n<tr>\n<td width=\"113\">2302A0200<\/td>\n<td width=\"125\">Bolsa amarilla de 200\u03bcL Puntas<\/td>\n<td width=\"79\">200\u03bcL<\/td>\n<td width=\"95\">amarillo<\/td>\n<td width=\"164\">1000pcs\/paquete, 20packs\/caja<\/td>\n<\/tr>\n<tr>\n<td width=\"113\">2302A1250<\/td>\n<td width=\"125\">Puntas transparentes en bolsa de 1000\u03bcL<\/td>\n<td width=\"79\">1000\u03bcL<\/td>\n<td width=\"95\">transparente<\/td>\n<td width=\"164\">1000pcs\/paquete, 5packs\/caja<\/td>\n<\/tr>\n<tr>\n<td width=\"113\">2302A5000<\/td>\n<td width=\"125\">Puntas de bolsas transparentes de 5000\u03bcL<\/td>\n<td width=\"79\">5000\u03bcL<\/td>\n<td width=\"95\">transparente<\/td>\n<td width=\"164\">400 unidades por paquete, 5 paquetes por caja<\/td>\n<\/tr>\n<tr>\n<td width=\"113\">2302A0010<\/td>\n<td width=\"125\">Puntas transparentes en bolsa de 10mL<\/td>\n<td width=\"79\">10 ml<\/td>\n<td width=\"95\">transparente<\/td>\n<td width=\"164\">100 unidades\/paquete, 20 paquetes\/caja<\/td>\n<\/tr>\n<\/tbody>\n<\/table>\n<p>Las pipetas y las puntas vienen en diferentes tama\u00f1os y especificaciones, y sus especificaciones tienen que ser compatibles con las pipetas. Por lo general, son las siguientes:<\/p>\n<ul>\n<li>Las puntas de 10\u03bcl son compatibles con pipetas con un rango de 1-10\u03bcl y rangos intermedios, y suelen ser de color blanco.<\/li>\n<li>Las puntas de 200\u03bcl son compatibles con pipetas con un rango de 20-200\u03bcl y rangos intermedios, y suelen ser de color amarillo.<\/li>\n<li>Las puntas de 1000\u03bcl son compatibles con pipetas con un rango de 100-1000\u03bcl; las puntas de 1000\u03bcl suelen ser blancas o azules.<\/li>\n<li>Las puntas de 5 ml son compatibles con pipetas con un rango de 1-5 ml.<\/li>\n<li>Las puntas de 10 ml son compatibles con pipetas con un rango de 1-10 ml.<\/li>\n<\/ul>\n<figure id=\"attachment_1146\" aria-describedby=\"caption-attachment-1146\" style=\"width: 1000px\" class=\"wp-caption aligncenter\"><img fetchpriority=\"high\" decoding=\"async\" class=\"wp-image-1146 size-full\" title=\"Pipeta y puntas 10ul\" src=\"https:\/\/topkeymedical.com\/wp-content\/uploads\/2025\/07\/Pipette-tips-10ul.webp\" alt=\"Pipeta y puntas 10ul\" width=\"1000\" height=\"1000\" srcset=\"https:\/\/topkeymedical.com\/wp-content\/uploads\/2025\/07\/Pipette-tips-10ul.webp 1000w, https:\/\/topkeymedical.com\/wp-content\/uploads\/2025\/07\/Pipette-tips-10ul-300x300.webp 300w, https:\/\/topkeymedical.com\/wp-content\/uploads\/2025\/07\/Pipette-tips-10ul-150x150.webp 150w, https:\/\/topkeymedical.com\/wp-content\/uploads\/2025\/07\/Pipette-tips-10ul-768x768.webp 768w, https:\/\/topkeymedical.com\/wp-content\/uploads\/2025\/07\/Pipette-tips-10ul-600x600.webp 600w, https:\/\/topkeymedical.com\/wp-content\/uploads\/2025\/07\/Pipette-tips-10ul-100x100.webp 100w\" sizes=\"(max-width: 1000px) 100vw, 1000px\" \/><figcaption id=\"caption-attachment-1146\" class=\"wp-caption-text\">Pipeta y puntas 10ul<\/figcaption><\/figure>\n<figure id=\"attachment_1149\" aria-describedby=\"caption-attachment-1149\" style=\"width: 1000px\" class=\"wp-caption aligncenter\"><img decoding=\"async\" class=\"wp-image-1149 size-full\" title=\"Pipeta y puntas 200ul\" src=\"https:\/\/topkeymedical.com\/wp-content\/uploads\/2025\/07\/Pipette-tips-200ul.webp\" alt=\"Pipeta y puntas 200ul\" width=\"1000\" height=\"1000\" srcset=\"https:\/\/topkeymedical.com\/wp-content\/uploads\/2025\/07\/Pipette-tips-200ul.webp 1000w, https:\/\/topkeymedical.com\/wp-content\/uploads\/2025\/07\/Pipette-tips-200ul-300x300.webp 300w, https:\/\/topkeymedical.com\/wp-content\/uploads\/2025\/07\/Pipette-tips-200ul-150x150.webp 150w, https:\/\/topkeymedical.com\/wp-content\/uploads\/2025\/07\/Pipette-tips-200ul-768x768.webp 768w, https:\/\/topkeymedical.com\/wp-content\/uploads\/2025\/07\/Pipette-tips-200ul-600x600.webp 600w, https:\/\/topkeymedical.com\/wp-content\/uploads\/2025\/07\/Pipette-tips-200ul-100x100.webp 100w\" sizes=\"(max-width: 1000px) 100vw, 1000px\" \/><figcaption id=\"caption-attachment-1149\" class=\"wp-caption-text\">Puntas de pipeta 200ul<\/figcaption><\/figure>\n<figure id=\"attachment_1150\" aria-describedby=\"caption-attachment-1150\" style=\"width: 1000px\" class=\"wp-caption aligncenter\"><img decoding=\"async\" class=\"wp-image-1150 size-full\" title=\"Puntas de pipeta 1000ul\" src=\"https:\/\/topkeymedical.com\/wp-content\/uploads\/2025\/07\/Pipette-tips-1000ul.webp\" alt=\"Puntas de pipeta 1000ul\" width=\"1000\" height=\"1000\" srcset=\"https:\/\/topkeymedical.com\/wp-content\/uploads\/2025\/07\/Pipette-tips-1000ul.webp 1000w, https:\/\/topkeymedical.com\/wp-content\/uploads\/2025\/07\/Pipette-tips-1000ul-300x300.webp 300w, https:\/\/topkeymedical.com\/wp-content\/uploads\/2025\/07\/Pipette-tips-1000ul-150x150.webp 150w, https:\/\/topkeymedical.com\/wp-content\/uploads\/2025\/07\/Pipette-tips-1000ul-768x768.webp 768w, https:\/\/topkeymedical.com\/wp-content\/uploads\/2025\/07\/Pipette-tips-1000ul-600x600.webp 600w, https:\/\/topkeymedical.com\/wp-content\/uploads\/2025\/07\/Pipette-tips-1000ul-100x100.webp 100w\" sizes=\"(max-width: 1000px) 100vw, 1000px\" \/><figcaption id=\"caption-attachment-1150\" class=\"wp-caption-text\">Puntas de pipeta 1000ul<\/figcaption><\/figure>\n<figure id=\"attachment_1147\" aria-describedby=\"caption-attachment-1147\" style=\"width: 1000px\" class=\"wp-caption aligncenter\"><img loading=\"lazy\" decoding=\"async\" class=\"wp-image-1147 size-full\" title=\"Pipetas y puntas 5ml\" src=\"https:\/\/topkeymedical.com\/wp-content\/uploads\/2025\/07\/Pipette-tips-5ml.webp\" alt=\"Pipetas y puntas 5ml\" width=\"1000\" height=\"1000\" srcset=\"https:\/\/topkeymedical.com\/wp-content\/uploads\/2025\/07\/Pipette-tips-5ml.webp 1000w, https:\/\/topkeymedical.com\/wp-content\/uploads\/2025\/07\/Pipette-tips-5ml-300x300.webp 300w, https:\/\/topkeymedical.com\/wp-content\/uploads\/2025\/07\/Pipette-tips-5ml-150x150.webp 150w, https:\/\/topkeymedical.com\/wp-content\/uploads\/2025\/07\/Pipette-tips-5ml-768x768.webp 768w, https:\/\/topkeymedical.com\/wp-content\/uploads\/2025\/07\/Pipette-tips-5ml-600x600.webp 600w, https:\/\/topkeymedical.com\/wp-content\/uploads\/2025\/07\/Pipette-tips-5ml-100x100.webp 100w\" sizes=\"(max-width: 1000px) 100vw, 1000px\" \/><figcaption id=\"caption-attachment-1147\" class=\"wp-caption-text\">Pipetas y puntas 5ml<\/figcaption><\/figure>\n<figure id=\"attachment_1148\" aria-describedby=\"caption-attachment-1148\" style=\"width: 1000px\" class=\"wp-caption aligncenter\"><img loading=\"lazy\" decoding=\"async\" class=\"wp-image-1148 size-full\" title=\"Pipetas y puntas 10ml\" src=\"https:\/\/topkeymedical.com\/wp-content\/uploads\/2025\/07\/Pipette-tips-10ml.webp\" alt=\"Pipetas y puntas 10ml\" width=\"1000\" height=\"1000\" srcset=\"https:\/\/topkeymedical.com\/wp-content\/uploads\/2025\/07\/Pipette-tips-10ml.webp 1000w, https:\/\/topkeymedical.com\/wp-content\/uploads\/2025\/07\/Pipette-tips-10ml-300x300.webp 300w, https:\/\/topkeymedical.com\/wp-content\/uploads\/2025\/07\/Pipette-tips-10ml-150x150.webp 150w, https:\/\/topkeymedical.com\/wp-content\/uploads\/2025\/07\/Pipette-tips-10ml-768x768.webp 768w, https:\/\/topkeymedical.com\/wp-content\/uploads\/2025\/07\/Pipette-tips-10ml-600x600.webp 600w, https:\/\/topkeymedical.com\/wp-content\/uploads\/2025\/07\/Pipette-tips-10ml-100x100.webp 100w\" sizes=\"(max-width: 1000px) 100vw, 1000px\" \/><figcaption id=\"caption-attachment-1148\" class=\"wp-caption-text\">Pipetas y puntas 10ml<\/figcaption><\/figure>","protected":false},"excerpt":{"rendered":"<p>Las puntas de pipeta est\u00e1n garantizadas como libres de pi\u00f3genos, endotoxinas, DNAse y RNAse. Presentan una pared interior lisa y una abertura optimizada, lo que garantiza una aspiraci\u00f3n de la muestra sin obstrucciones, sin fugas de l\u00edquido y sin que se cuelgue de la pared, garantizando as\u00ed la precisi\u00f3n de la aspiraci\u00f3n de l\u00edquidos.<\/p>","protected":false},"featured_media":1146,"template":"","meta":{"_acf_changed":false,"site-sidebar-layout":"default","site-content-layout":"","ast-site-content-layout":"default","site-content-style":"default","site-sidebar-style":"default","ast-global-header-display":"","ast-banner-title-visibility":"","ast-main-header-display":"","ast-hfb-above-header-display":"","ast-hfb-below-header-display":"","ast-hfb-mobile-header-display":"","site-post-title":"","ast-breadcrumbs-content":"","ast-featured-img":"","footer-sml-layout":"","ast-disable-related-posts":"","theme-transparent-header-meta":"default","adv-header-id-meta":"","stick-header-meta":"","header-above-stick-meta":"","header-main-stick-meta":"","header-below-stick-meta":"","astra-migrate-meta-layouts":"set","ast-page-background-enabled":"default","ast-page-background-meta":{"desktop":{"background-color":"var(--ast-global-color-5)","background-image":"","background-repeat":"repeat","background-position":"center center","background-size":"auto","background-attachment":"scroll","background-type":"","background-media":"","overlay-type":"","overlay-color":"","overlay-opacity":"","overlay-gradient":""},"tablet":{"background-color":"","background-image":"","background-repeat":"repeat","background-position":"center center","background-size":"auto","background-attachment":"scroll","background-type":"","background-media":"","overlay-type":"","overlay-color":"","overlay-opacity":"","overlay-gradient":""},"mobile":{"background-color":"","background-image":"","background-repeat":"repeat","background-position":"center center","background-size":"auto","background-attachment":"scroll","background-type":"","background-media":"","overlay-type":"","overlay-color":"","overlay-opacity":"","overlay-gradient":""}},"ast-content-background-meta":{"desktop":{"background-color":"var(--ast-global-color-4)","background-image":"","background-repeat":"repeat","background-position":"center center","background-size":"auto","background-attachment":"scroll","background-type":"","background-media":"","overlay-type":"","overlay-color":"","overlay-opacity":"","overlay-gradient":""},"tablet":{"background-color":"var(--ast-global-color-4)","background-image":"","background-repeat":"repeat","background-position":"center center","background-size":"auto","background-attachment":"scroll","background-type":"","background-media":"","overlay-type":"","overlay-color":"","overlay-opacity":"","overlay-gradient":""},"mobile":{"background-color":"var(--ast-global-color-4)","background-image":"","background-repeat":"repeat","background-position":"center center","background-size":"auto","background-attachment":"scroll","background-type":"","background-media":"","overlay-type":"","overlay-color":"","overlay-opacity":"","overlay-gradient":""}}},"product_brand":[],"product_cat":[67],"product_tag":[],"class_list":{"0":"post-1145","1":"product","2":"type-product","3":"status-publish","4":"has-post-thumbnail","6":"product_cat-laboratory-consumables","7":"desktop-align-left","8":"tablet-align-left","9":"mobile-align-left","11":"first","12":"instock","13":"shipping-taxable","14":"product-type-simple"},"acf":[],"yoast_head":"<!-- This site is optimized with the Yoast SEO plugin v27.4 - https:\/\/yoast.com\/product\/yoast-seo-wordpress\/ -->\n<title>Pipette tips 10ul, 200ul, 1000ul, 5ml, 10ml<\/title>\n<meta name=\"description\" content=\"The pipette tips are guaranteed to be pyogen-free, endotoxin-free, DNAse-free, and RNAse-free. It features a smooth inner wall and optimized aperture.\" \/>\n<meta name=\"robots\" content=\"index, follow, max-snippet:-1, max-image-preview:large, max-video-preview:-1\" \/>\n<link rel=\"canonical\" href=\"https:\/\/topkeymedical.com\/es\/producto\/puntas-de-pipeta-10ul-200ul-1000ul-5ml-10ml\/\" \/>\n<meta property=\"og:locale\" content=\"es_ES\" \/>\n<meta property=\"og:type\" content=\"article\" \/>\n<meta property=\"og:title\" content=\"Pipette tips 10ul, 200ul, 1000ul, 5ml, 10ml\" \/>\n<meta property=\"og:description\" content=\"The pipette tips are guaranteed to be pyogen-free, endotoxin-free, DNAse-free, and RNAse-free. It features a smooth inner wall and optimized aperture.\" \/>\n<meta property=\"og:url\" content=\"https:\/\/topkeymedical.com\/es\/producto\/puntas-de-pipeta-10ul-200ul-1000ul-5ml-10ml\/\" \/>\n<meta property=\"og:site_name\" content=\"TOPKEY\u2013 Precision in Every Detail, Guardian of Life and Health\" \/>\n<meta property=\"article:publisher\" content=\"https:\/\/www.facebook.com\/profile.php?id=100088897294997\" \/>\n<meta property=\"article:modified_time\" content=\"2025-11-21T06:43:35+00:00\" \/>\n<meta property=\"og:image\" content=\"https:\/\/topkeymedical.com\/wp-content\/uploads\/2025\/07\/Pipette-tips-10ul.webp\" \/>\n\t<meta property=\"og:image:width\" content=\"1000\" \/>\n\t<meta property=\"og:image:height\" content=\"1000\" \/>\n\t<meta property=\"og:image:type\" content=\"image\/webp\" \/>\n<meta name=\"twitter:card\" content=\"summary_large_image\" \/>\n<meta name=\"twitter:label1\" content=\"Tiempo de lectura\" \/>\n\t<meta name=\"twitter:data1\" content=\"3 minutos\" \/>\n<script type=\"application\/ld+json\" class=\"yoast-schema-graph\">{\"@context\":\"https:\\\/\\\/schema.org\",\"@graph\":[{\"@type\":\"WebPage\",\"@id\":\"https:\\\/\\\/topkeymedical.com\\\/product\\\/pipette-tips-10ul-200ul-1000ul-5ml-10ml\\\/\",\"url\":\"https:\\\/\\\/topkeymedical.com\\\/product\\\/pipette-tips-10ul-200ul-1000ul-5ml-10ml\\\/\",\"name\":\"Pipette tips 10ul, 200ul, 1000ul, 5ml, 10ml\",\"isPartOf\":{\"@id\":\"https:\\\/\\\/topkeymedical.com\\\/#website\"},\"primaryImageOfPage\":{\"@id\":\"https:\\\/\\\/topkeymedical.com\\\/product\\\/pipette-tips-10ul-200ul-1000ul-5ml-10ml\\\/#primaryimage\"},\"image\":{\"@id\":\"https:\\\/\\\/topkeymedical.com\\\/product\\\/pipette-tips-10ul-200ul-1000ul-5ml-10ml\\\/#primaryimage\"},\"thumbnailUrl\":\"https:\\\/\\\/topkeymedical.com\\\/wp-content\\\/uploads\\\/2025\\\/07\\\/Pipette-tips-10ul.webp\",\"datePublished\":\"2025-07-20T14:22:57+00:00\",\"dateModified\":\"2025-11-21T06:43:35+00:00\",\"description\":\"The pipette tips are guaranteed to be pyogen-free, endotoxin-free, DNAse-free, and RNAse-free. It features a smooth inner wall and optimized aperture.\",\"breadcrumb\":{\"@id\":\"https:\\\/\\\/topkeymedical.com\\\/product\\\/pipette-tips-10ul-200ul-1000ul-5ml-10ml\\\/#breadcrumb\"},\"inLanguage\":\"es\",\"potentialAction\":[{\"@type\":\"ReadAction\",\"target\":[\"https:\\\/\\\/topkeymedical.com\\\/product\\\/pipette-tips-10ul-200ul-1000ul-5ml-10ml\\\/\"]}]},{\"@type\":\"ImageObject\",\"inLanguage\":\"es\",\"@id\":\"https:\\\/\\\/topkeymedical.com\\\/product\\\/pipette-tips-10ul-200ul-1000ul-5ml-10ml\\\/#primaryimage\",\"url\":\"https:\\\/\\\/topkeymedical.com\\\/wp-content\\\/uploads\\\/2025\\\/07\\\/Pipette-tips-10ul.webp\",\"contentUrl\":\"https:\\\/\\\/topkeymedical.com\\\/wp-content\\\/uploads\\\/2025\\\/07\\\/Pipette-tips-10ul.webp\",\"width\":1000,\"height\":1000,\"caption\":\"Pipette tips 10ul\"},{\"@type\":\"BreadcrumbList\",\"@id\":\"https:\\\/\\\/topkeymedical.com\\\/product\\\/pipette-tips-10ul-200ul-1000ul-5ml-10ml\\\/#breadcrumb\",\"itemListElement\":[{\"@type\":\"ListItem\",\"position\":1,\"name\":\"Home\",\"item\":\"https:\\\/\\\/topkeymedical.com\\\/\"},{\"@type\":\"ListItem\",\"position\":2,\"name\":\"Products\",\"item\":\"https:\\\/\\\/topkeymedical.com\\\/shop\\\/\"},{\"@type\":\"ListItem\",\"position\":3,\"name\":\"Pipette tips 10ul, 200ul, 1000ul, 5ml, 10ml\"}]},{\"@type\":\"WebSite\",\"@id\":\"https:\\\/\\\/topkeymedical.com\\\/#website\",\"url\":\"https:\\\/\\\/topkeymedical.com\\\/\",\"name\":\"TOPKEY\u2013 Precision in Every Detail, Guardian of Life and Health\",\"description\":\"\",\"publisher\":{\"@id\":\"https:\\\/\\\/topkeymedical.com\\\/#organization\"},\"potentialAction\":[{\"@type\":\"SearchAction\",\"target\":{\"@type\":\"EntryPoint\",\"urlTemplate\":\"https:\\\/\\\/topkeymedical.com\\\/?s={search_term_string}\"},\"query-input\":{\"@type\":\"PropertyValueSpecification\",\"valueRequired\":true,\"valueName\":\"search_term_string\"}}],\"inLanguage\":\"es\"},{\"@type\":\"Organization\",\"@id\":\"https:\\\/\\\/topkeymedical.com\\\/#organization\",\"name\":\"TOPKEY\u2013 Precision in Every Detail, Guardian of Life and Health\",\"url\":\"https:\\\/\\\/topkeymedical.com\\\/\",\"logo\":{\"@type\":\"ImageObject\",\"inLanguage\":\"es\",\"@id\":\"https:\\\/\\\/topkeymedical.com\\\/#\\\/schema\\\/logo\\\/image\\\/\",\"url\":\"https:\\\/\\\/topkeymedical.com\\\/wp-content\\\/uploads\\\/2025\\\/05\\\/cropped-logo.jpg\",\"contentUrl\":\"https:\\\/\\\/topkeymedical.com\\\/wp-content\\\/uploads\\\/2025\\\/05\\\/cropped-logo.jpg\",\"width\":512,\"height\":512,\"caption\":\"TOPKEY\u2013 Precision in Every Detail, Guardian of Life and Health\"},\"image\":{\"@id\":\"https:\\\/\\\/topkeymedical.com\\\/#\\\/schema\\\/logo\\\/image\\\/\"},\"sameAs\":[\"https:\\\/\\\/www.facebook.com\\\/profile.php?id=100088897294997\",\"https:\\\/\\\/www.youtube.com\\\/@TopkeyMedical-Alice888\",\"https:\\\/\\\/www.linkedin.com\\\/in\\\/alice-hu-bb66a01b3\\\/\"]}]}<\/script>\n<!-- \/ Yoast SEO plugin. -->","yoast_head_json":{"title":"Puntas de pipeta 10ul, 200ul, 1000ul, 5ml, 10ml","description":"Las puntas de pipeta est\u00e1n garantizadas como libres de pi\u00f3genos, endotoxinas, ADN y ARN. Presentan una pared interior lisa y una apertura optimizada.","robots":{"index":"index","follow":"follow","max-snippet":"max-snippet:-1","max-image-preview":"max-image-preview:large","max-video-preview":"max-video-preview:-1"},"canonical":"https:\/\/topkeymedical.com\/es\/producto\/puntas-de-pipeta-10ul-200ul-1000ul-5ml-10ml\/","og_locale":"es_ES","og_type":"article","og_title":"Pipette tips 10ul, 200ul, 1000ul, 5ml, 10ml","og_description":"The pipette tips are guaranteed to be pyogen-free, endotoxin-free, DNAse-free, and RNAse-free. It features a smooth inner wall and optimized aperture.","og_url":"https:\/\/topkeymedical.com\/es\/producto\/puntas-de-pipeta-10ul-200ul-1000ul-5ml-10ml\/","og_site_name":"TOPKEY\u2013 Precision in Every Detail, Guardian of Life and Health","article_publisher":"https:\/\/www.facebook.com\/profile.php?id=100088897294997","article_modified_time":"2025-11-21T06:43:35+00:00","og_image":[{"width":1000,"height":1000,"url":"https:\/\/topkeymedical.com\/wp-content\/uploads\/2025\/07\/Pipette-tips-10ul.webp","type":"image\/webp"}],"twitter_card":"summary_large_image","twitter_misc":{"Tiempo de lectura":"3 minutos"},"schema":{"@context":"https:\/\/schema.org","@graph":[{"@type":"WebPage","@id":"https:\/\/topkeymedical.com\/product\/pipette-tips-10ul-200ul-1000ul-5ml-10ml\/","url":"https:\/\/topkeymedical.com\/product\/pipette-tips-10ul-200ul-1000ul-5ml-10ml\/","name":"Puntas de pipeta 10ul, 200ul, 1000ul, 5ml, 10ml","isPartOf":{"@id":"https:\/\/topkeymedical.com\/#website"},"primaryImageOfPage":{"@id":"https:\/\/topkeymedical.com\/product\/pipette-tips-10ul-200ul-1000ul-5ml-10ml\/#primaryimage"},"image":{"@id":"https:\/\/topkeymedical.com\/product\/pipette-tips-10ul-200ul-1000ul-5ml-10ml\/#primaryimage"},"thumbnailUrl":"https:\/\/topkeymedical.com\/wp-content\/uploads\/2025\/07\/Pipette-tips-10ul.webp","datePublished":"2025-07-20T14:22:57+00:00","dateModified":"2025-11-21T06:43:35+00:00","description":"Las puntas de pipeta est\u00e1n garantizadas como libres de pi\u00f3genos, endotoxinas, ADN y ARN. Presentan una pared interior lisa y una apertura optimizada.","breadcrumb":{"@id":"https:\/\/topkeymedical.com\/product\/pipette-tips-10ul-200ul-1000ul-5ml-10ml\/#breadcrumb"},"inLanguage":"es","potentialAction":[{"@type":"ReadAction","target":["https:\/\/topkeymedical.com\/product\/pipette-tips-10ul-200ul-1000ul-5ml-10ml\/"]}]},{"@type":"ImageObject","inLanguage":"es","@id":"https:\/\/topkeymedical.com\/product\/pipette-tips-10ul-200ul-1000ul-5ml-10ml\/#primaryimage","url":"https:\/\/topkeymedical.com\/wp-content\/uploads\/2025\/07\/Pipette-tips-10ul.webp","contentUrl":"https:\/\/topkeymedical.com\/wp-content\/uploads\/2025\/07\/Pipette-tips-10ul.webp","width":1000,"height":1000,"caption":"Pipette tips 10ul"},{"@type":"BreadcrumbList","@id":"https:\/\/topkeymedical.com\/product\/pipette-tips-10ul-200ul-1000ul-5ml-10ml\/#breadcrumb","itemListElement":[{"@type":"ListItem","position":1,"name":"Home","item":"https:\/\/topkeymedical.com\/"},{"@type":"ListItem","position":2,"name":"Products","item":"https:\/\/topkeymedical.com\/shop\/"},{"@type":"ListItem","position":3,"name":"Pipette tips 10ul, 200ul, 1000ul, 5ml, 10ml"}]},{"@type":"WebSite","@id":"https:\/\/topkeymedical.com\/#website","url":"https:\/\/topkeymedical.com\/","name":"TOPKEY- Precisi\u00f3n en cada detalle, guardi\u00e1n de la vida y la salud","description":"","publisher":{"@id":"https:\/\/topkeymedical.com\/#organization"},"potentialAction":[{"@type":"SearchAction","target":{"@type":"EntryPoint","urlTemplate":"https:\/\/topkeymedical.com\/?s={search_term_string}"},"query-input":{"@type":"PropertyValueSpecification","valueRequired":true,"valueName":"search_term_string"}}],"inLanguage":"es"},{"@type":"Organization","@id":"https:\/\/topkeymedical.com\/#organization","name":"TOPKEY- Precisi\u00f3n en cada detalle, guardi\u00e1n de la vida y la salud","url":"https:\/\/topkeymedical.com\/","logo":{"@type":"ImageObject","inLanguage":"es","@id":"https:\/\/topkeymedical.com\/#\/schema\/logo\/image\/","url":"https:\/\/topkeymedical.com\/wp-content\/uploads\/2025\/05\/cropped-logo.jpg","contentUrl":"https:\/\/topkeymedical.com\/wp-content\/uploads\/2025\/05\/cropped-logo.jpg","width":512,"height":512,"caption":"TOPKEY\u2013 Precision in Every Detail, Guardian of Life and Health"},"image":{"@id":"https:\/\/topkeymedical.com\/#\/schema\/logo\/image\/"},"sameAs":["https:\/\/www.facebook.com\/profile.php?id=100088897294997","https:\/\/www.youtube.com\/@TopkeyMedical-Alice888","https:\/\/www.linkedin.com\/in\/alice-hu-bb66a01b3\/"]}]}},"_links":{"self":[{"href":"https:\/\/topkeymedical.com\/es\/wp-json\/wp\/v2\/product\/1145","targetHints":{"allow":["GET"]}}],"collection":[{"href":"https:\/\/topkeymedical.com\/es\/wp-json\/wp\/v2\/product"}],"about":[{"href":"https:\/\/topkeymedical.com\/es\/wp-json\/wp\/v2\/types\/product"}],"version-history":[{"count":2,"href":"https:\/\/topkeymedical.com\/es\/wp-json\/wp\/v2\/product\/1145\/revisions"}],"predecessor-version":[{"id":1563,"href":"https:\/\/topkeymedical.com\/es\/wp-json\/wp\/v2\/product\/1145\/revisions\/1563"}],"wp:featuredmedia":[{"embeddable":true,"href":"https:\/\/topkeymedical.com\/es\/wp-json\/wp\/v2\/media\/1146"}],"wp:attachment":[{"href":"https:\/\/topkeymedical.com\/es\/wp-json\/wp\/v2\/media?parent=1145"}],"wp:term":[{"taxonomy":"product_brand","embeddable":true,"href":"https:\/\/topkeymedical.com\/es\/wp-json\/wp\/v2\/product_brand?post=1145"},{"taxonomy":"product_cat","embeddable":true,"href":"https:\/\/topkeymedical.com\/es\/wp-json\/wp\/v2\/product_cat?post=1145"},{"taxonomy":"product_tag","embeddable":true,"href":"https:\/\/topkeymedical.com\/es\/wp-json\/wp\/v2\/product_tag?post=1145"}],"curies":[{"name":"wp","href":"https:\/\/api.w.org\/{rel}","templated":true}]}}