{"id":1576,"date":"2025-11-25T01:56:37","date_gmt":"2025-11-25T01:56:37","guid":{"rendered":"https:\/\/topkeymedical.com\/?post_type=product&#038;p=1576"},"modified":"2025-11-25T02:09:50","modified_gmt":"2025-11-25T02:09:50","slug":"pipetas-miniatura-volumetricas-10%ce%bcl-300-%ce%bcl","status":"publish","type":"product","link":"https:\/\/topkeymedical.com\/es\/producto\/pipetas-miniatura-volumetricas-10%ce%bcl-300-%ce%bcl\/","title":{"rendered":"Pipetas miniatura Volum\u00e9tricas 10\u03bcL - 300 \u03bcL"},"content":{"rendered":"<p>La minipipeta est\u00e1 dise\u00f1ada ergon\u00f3micamente y desarrollada espec\u00edficamente para aplicaciones que requieren un pipeteado relativamente estable en pruebas industriales, cr\u00eda de animales e industria alimentaria.<\/p>\n<p>Su peso total m\u00e1s ligero y su menor tama\u00f1o permiten un c\u00f3modo control a mano alzada, reduciendo la fatiga de las manos por operaciones repetitivas.<\/p>\n<p>El producto ofrece una amplia gama de especificaciones y admite rangos de volumen personalizados, por lo que resulta ideal para la instrumentaci\u00f3n de laboratorio a medida.<\/p>\n<p>Su dise\u00f1o de rango \u00fanico garantiza una mayor precisi\u00f3n de pipeteado.<\/p>\n<h2>Pipetas en miniatura Par\u00e1metros t\u00e9cnicos:<\/h2>\n<p><img fetchpriority=\"high\" decoding=\"async\" class=\"alignnone wp-image-1578 size-full\" title=\"Minipipeta 10\u03bcL - 300\u03bcL\" src=\"https:\/\/topkeymedical.com\/wp-content\/uploads\/2025\/11\/mini-pipette-2.webp\" alt=\"Minipipeta 10\u03bcL - 300\u03bcL\" width=\"1000\" height=\"1000\" srcset=\"https:\/\/topkeymedical.com\/wp-content\/uploads\/2025\/11\/mini-pipette-2.webp 1000w, https:\/\/topkeymedical.com\/wp-content\/uploads\/2025\/11\/mini-pipette-2-300x300.webp 300w, https:\/\/topkeymedical.com\/wp-content\/uploads\/2025\/11\/mini-pipette-2-150x150.webp 150w, https:\/\/topkeymedical.com\/wp-content\/uploads\/2025\/11\/mini-pipette-2-768x768.webp 768w, https:\/\/topkeymedical.com\/wp-content\/uploads\/2025\/11\/mini-pipette-2-12x12.webp 12w, https:\/\/topkeymedical.com\/wp-content\/uploads\/2025\/11\/mini-pipette-2-600x600.webp 600w, https:\/\/topkeymedical.com\/wp-content\/uploads\/2025\/11\/mini-pipette-2-100x100.webp 100w\" sizes=\"(max-width: 1000px) 100vw, 1000px\" \/><\/p>\n<table width=\"0\">\n<tbody>\n<tr>\n<td width=\"157\">Series de productos<\/td>\n<td width=\"174\">Especificaci\u00f3n del producto<\/td>\n<td width=\"130\">Parte m\u00e1s ancha<\/td>\n<td width=\"107\">Longitud<\/td>\n<\/tr>\n<tr>\n<td rowspan=\"9\" width=\"157\">Serie de pipeteo<\/td>\n<td width=\"174\">10ul<\/td>\n<td rowspan=\"9\" width=\"130\">2,7 cm<\/td>\n<td rowspan=\"9\" width=\"107\">&nbsp;<\/p>\n<p>&nbsp;<\/p>\n<p>&nbsp;<\/p>\n<p>&nbsp;<\/p>\n<p>&nbsp;<\/p>\n<p>12,4 cm<\/td>\n<\/tr>\n<tr>\n<td width=\"174\">20ul<\/td>\n<\/tr>\n<tr>\n<td width=\"174\">25ul<\/td>\n<\/tr>\n<tr>\n<td width=\"174\">50ul<\/td>\n<\/tr>\n<tr>\n<td width=\"174\">75ul<\/td>\n<\/tr>\n<tr>\n<td width=\"174\">100ul<\/td>\n<\/tr>\n<tr>\n<td width=\"174\">200ul<\/td>\n<\/tr>\n<tr>\n<td width=\"174\">300ul<\/td>\n<\/tr>\n<tr>\n<td width=\"174\">La gama especial puede personalizarse<\/td>\n<\/tr>\n<\/tbody>\n<\/table>\n<p>Nota: Todos los datos anteriores se miden manualmente. En caso de error, consulte el producto real.<\/p>\n<h2>Detalles del producto:<\/h2>\n<p><img decoding=\"async\" class=\"alignleft wp-image-1584 size-full\" src=\"https:\/\/topkeymedical.com\/wp-content\/uploads\/2025\/11\/mini-pipette-8.webp\" alt=\"Minipipeta 10\u03bcL - 300\u03bcL\" width=\"632\" height=\"632\" srcset=\"https:\/\/topkeymedical.com\/wp-content\/uploads\/2025\/11\/mini-pipette-8.webp 632w, https:\/\/topkeymedical.com\/wp-content\/uploads\/2025\/11\/mini-pipette-8-300x300.webp 300w, https:\/\/topkeymedical.com\/wp-content\/uploads\/2025\/11\/mini-pipette-8-150x150.webp 150w, https:\/\/topkeymedical.com\/wp-content\/uploads\/2025\/11\/mini-pipette-8-12x12.webp 12w, https:\/\/topkeymedical.com\/wp-content\/uploads\/2025\/11\/mini-pipette-8-600x600.webp 600w, https:\/\/topkeymedical.com\/wp-content\/uploads\/2025\/11\/mini-pipette-8-100x100.webp 100w\" sizes=\"(max-width: 632px) 100vw, 632px\" \/><img decoding=\"async\" class=\"alignleft wp-image-1583 size-full\" title=\"Minipipeta 10\u03bcL - 300\u03bcL\" src=\"https:\/\/topkeymedical.com\/wp-content\/uploads\/2025\/11\/mini-pipette-7.webp\" alt=\"Minipipeta 10\u03bcL - 300\u03bcL\" width=\"608\" height=\"608\" srcset=\"https:\/\/topkeymedical.com\/wp-content\/uploads\/2025\/11\/mini-pipette-7.webp 608w, https:\/\/topkeymedical.com\/wp-content\/uploads\/2025\/11\/mini-pipette-7-300x300.webp 300w, https:\/\/topkeymedical.com\/wp-content\/uploads\/2025\/11\/mini-pipette-7-150x150.webp 150w, https:\/\/topkeymedical.com\/wp-content\/uploads\/2025\/11\/mini-pipette-7-12x12.webp 12w, https:\/\/topkeymedical.com\/wp-content\/uploads\/2025\/11\/mini-pipette-7-600x600.webp 600w, https:\/\/topkeymedical.com\/wp-content\/uploads\/2025\/11\/mini-pipette-7-100x100.webp 100w\" sizes=\"(max-width: 608px) 100vw, 608px\" \/><img loading=\"lazy\" decoding=\"async\" class=\"alignleft wp-image-1582 size-full\" title=\"Minipipeta 10\u03bcL - 300\u03bcL\" src=\"https:\/\/topkeymedical.com\/wp-content\/uploads\/2025\/11\/mini-pipette-6.webp\" alt=\"Minipipeta 10\u03bcL - 300\u03bcL\" width=\"707\" height=\"707\" srcset=\"https:\/\/topkeymedical.com\/wp-content\/uploads\/2025\/11\/mini-pipette-6.webp 707w, https:\/\/topkeymedical.com\/wp-content\/uploads\/2025\/11\/mini-pipette-6-300x300.webp 300w, https:\/\/topkeymedical.com\/wp-content\/uploads\/2025\/11\/mini-pipette-6-150x150.webp 150w, https:\/\/topkeymedical.com\/wp-content\/uploads\/2025\/11\/mini-pipette-6-12x12.webp 12w, https:\/\/topkeymedical.com\/wp-content\/uploads\/2025\/11\/mini-pipette-6-600x600.webp 600w, https:\/\/topkeymedical.com\/wp-content\/uploads\/2025\/11\/mini-pipette-6-100x100.webp 100w\" sizes=\"(max-width: 707px) 100vw, 707px\" \/><img loading=\"lazy\" decoding=\"async\" class=\"alignleft wp-image-1577 size-full\" title=\"Minipipeta 10\u03bcL - 300\u03bcL\" src=\"https:\/\/topkeymedical.com\/wp-content\/uploads\/2025\/11\/mini-pipette-1.webp\" alt=\"Minipipeta 10\u03bcL - 300\u03bcL\" width=\"473\" height=\"473\" srcset=\"https:\/\/topkeymedical.com\/wp-content\/uploads\/2025\/11\/mini-pipette-1.webp 473w, https:\/\/topkeymedical.com\/wp-content\/uploads\/2025\/11\/mini-pipette-1-300x300.webp 300w, https:\/\/topkeymedical.com\/wp-content\/uploads\/2025\/11\/mini-pipette-1-150x150.webp 150w, https:\/\/topkeymedical.com\/wp-content\/uploads\/2025\/11\/mini-pipette-1-12x12.webp 12w, https:\/\/topkeymedical.com\/wp-content\/uploads\/2025\/11\/mini-pipette-1-100x100.webp 100w\" sizes=\"(max-width: 473px) 100vw, 473px\" \/><\/p>","protected":false},"excerpt":{"rendered":"<p>Las pipetas en miniatura tienen un dise\u00f1o ergon\u00f3mico y se han desarrollado espec\u00edficamente para aplicaciones que requieren un pipeteado relativamente estable en pruebas industriales, cr\u00eda de animales e industria alimentaria.<\/p>","protected":false},"featured_media":1586,"template":"","meta":{"_acf_changed":false,"site-sidebar-layout":"default","site-content-layout":"","ast-site-content-layout":"default","site-content-style":"default","site-sidebar-style":"default","ast-global-header-display":"","ast-banner-title-visibility":"","ast-main-header-display":"","ast-hfb-above-header-display":"","ast-hfb-below-header-display":"","ast-hfb-mobile-header-display":"","site-post-title":"","ast-breadcrumbs-content":"","ast-featured-img":"","footer-sml-layout":"","ast-disable-related-posts":"","theme-transparent-header-meta":"default","adv-header-id-meta":"","stick-header-meta":"","header-above-stick-meta":"","header-main-stick-meta":"","header-below-stick-meta":"","astra-migrate-meta-layouts":"set","ast-page-background-enabled":"default","ast-page-background-meta":{"desktop":{"background-color":"var(--ast-global-color-5)","background-image":"","background-repeat":"repeat","background-position":"center center","background-size":"auto","background-attachment":"scroll","background-type":"","background-media":"","overlay-type":"","overlay-color":"","overlay-opacity":"","overlay-gradient":""},"tablet":{"background-color":"","background-image":"","background-repeat":"repeat","background-position":"center center","background-size":"auto","background-attachment":"scroll","background-type":"","background-media":"","overlay-type":"","overlay-color":"","overlay-opacity":"","overlay-gradient":""},"mobile":{"background-color":"","background-image":"","background-repeat":"repeat","background-position":"center center","background-size":"auto","background-attachment":"scroll","background-type":"","background-media":"","overlay-type":"","overlay-color":"","overlay-opacity":"","overlay-gradient":""}},"ast-content-background-meta":{"desktop":{"background-color":"var(--ast-global-color-4)","background-image":"","background-repeat":"repeat","background-position":"center center","background-size":"auto","background-attachment":"scroll","background-type":"","background-media":"","overlay-type":"","overlay-color":"","overlay-opacity":"","overlay-gradient":""},"tablet":{"background-color":"var(--ast-global-color-4)","background-image":"","background-repeat":"repeat","background-position":"center center","background-size":"auto","background-attachment":"scroll","background-type":"","background-media":"","overlay-type":"","overlay-color":"","overlay-opacity":"","overlay-gradient":""},"mobile":{"background-color":"var(--ast-global-color-4)","background-image":"","background-repeat":"repeat","background-position":"center center","background-size":"auto","background-attachment":"scroll","background-type":"","background-media":"","overlay-type":"","overlay-color":"","overlay-opacity":"","overlay-gradient":""}}},"product_brand":[],"product_cat":[66],"product_tag":[],"class_list":{"0":"post-1576","1":"product","2":"type-product","3":"status-publish","4":"has-post-thumbnail","6":"product_cat-manual-pipette","7":"desktop-align-left","8":"tablet-align-left","9":"mobile-align-left","11":"first","12":"instock","13":"shipping-taxable","14":"product-type-simple"},"acf":[],"yoast_head":"<!-- This site is optimized with the Yoast SEO plugin v27.4 - https:\/\/yoast.com\/product\/yoast-seo-wordpress\/ -->\n<title>Miniature Pipettes Volumetric 10\u03bcL \u2013 300 \u03bcL<\/title>\n<meta name=\"description\" content=\"The miniature pipettes are ergonomically designed and specifically developed for applications requiring relatively stable pipetting\" \/>\n<meta name=\"robots\" content=\"index, follow, max-snippet:-1, max-image-preview:large, max-video-preview:-1\" \/>\n<link rel=\"canonical\" href=\"https:\/\/topkeymedical.com\/es\/producto\/pipetas-miniatura-volumetricas-10\u03bcl-300-\u03bcl\/\" \/>\n<meta property=\"og:locale\" content=\"es_ES\" \/>\n<meta property=\"og:type\" content=\"article\" \/>\n<meta property=\"og:title\" content=\"Miniature Pipettes Volumetric 10\u03bcL \u2013 300 \u03bcL\" \/>\n<meta property=\"og:description\" content=\"The miniature pipettes are ergonomically designed and specifically developed for applications requiring relatively stable pipetting\" \/>\n<meta property=\"og:url\" content=\"https:\/\/topkeymedical.com\/es\/producto\/pipetas-miniatura-volumetricas-10\u03bcl-300-\u03bcl\/\" \/>\n<meta property=\"og:site_name\" content=\"TOPKEY\u2013 Precision in Every Detail, Guardian of Life and Health\" \/>\n<meta property=\"article:publisher\" content=\"https:\/\/www.facebook.com\/profile.php?id=100088897294997\" \/>\n<meta property=\"article:modified_time\" content=\"2025-11-25T02:09:50+00:00\" \/>\n<meta property=\"og:image\" content=\"https:\/\/topkeymedical.com\/wp-content\/uploads\/2025\/11\/Miniature-Pipettes-6.webp\" \/>\n\t<meta property=\"og:image:width\" content=\"1000\" \/>\n\t<meta property=\"og:image:height\" content=\"1000\" \/>\n\t<meta property=\"og:image:type\" content=\"image\/webp\" \/>\n<meta name=\"twitter:card\" content=\"summary_large_image\" \/>\n<meta name=\"twitter:label1\" content=\"Tiempo de lectura\" \/>\n\t<meta name=\"twitter:data1\" content=\"2 minutos\" \/>\n<script type=\"application\/ld+json\" class=\"yoast-schema-graph\">{\"@context\":\"https:\\\/\\\/schema.org\",\"@graph\":[{\"@type\":\"WebPage\",\"@id\":\"https:\\\/\\\/topkeymedical.com\\\/product\\\/miniature-pipettes-volumetric-10%ce%bcl-300-%ce%bcl\\\/\",\"url\":\"https:\\\/\\\/topkeymedical.com\\\/product\\\/miniature-pipettes-volumetric-10%ce%bcl-300-%ce%bcl\\\/\",\"name\":\"Miniature Pipettes Volumetric 10\u03bcL \u2013 300 \u03bcL\",\"isPartOf\":{\"@id\":\"https:\\\/\\\/topkeymedical.com\\\/#website\"},\"primaryImageOfPage\":{\"@id\":\"https:\\\/\\\/topkeymedical.com\\\/product\\\/miniature-pipettes-volumetric-10%ce%bcl-300-%ce%bcl\\\/#primaryimage\"},\"image\":{\"@id\":\"https:\\\/\\\/topkeymedical.com\\\/product\\\/miniature-pipettes-volumetric-10%ce%bcl-300-%ce%bcl\\\/#primaryimage\"},\"thumbnailUrl\":\"https:\\\/\\\/topkeymedical.com\\\/wp-content\\\/uploads\\\/2025\\\/11\\\/Miniature-Pipettes-6.webp\",\"datePublished\":\"2025-11-25T01:56:37+00:00\",\"dateModified\":\"2025-11-25T02:09:50+00:00\",\"description\":\"The miniature pipettes are ergonomically designed and specifically developed for applications requiring relatively stable pipetting\",\"breadcrumb\":{\"@id\":\"https:\\\/\\\/topkeymedical.com\\\/product\\\/miniature-pipettes-volumetric-10%ce%bcl-300-%ce%bcl\\\/#breadcrumb\"},\"inLanguage\":\"es\",\"potentialAction\":[{\"@type\":\"ReadAction\",\"target\":[\"https:\\\/\\\/topkeymedical.com\\\/product\\\/miniature-pipettes-volumetric-10%ce%bcl-300-%ce%bcl\\\/\"]}]},{\"@type\":\"ImageObject\",\"inLanguage\":\"es\",\"@id\":\"https:\\\/\\\/topkeymedical.com\\\/product\\\/miniature-pipettes-volumetric-10%ce%bcl-300-%ce%bcl\\\/#primaryimage\",\"url\":\"https:\\\/\\\/topkeymedical.com\\\/wp-content\\\/uploads\\\/2025\\\/11\\\/Miniature-Pipettes-6.webp\",\"contentUrl\":\"https:\\\/\\\/topkeymedical.com\\\/wp-content\\\/uploads\\\/2025\\\/11\\\/Miniature-Pipettes-6.webp\",\"width\":1000,\"height\":1000,\"caption\":\"Miniature Pipettes Volumetric 10\u03bcL \u2013 300 \u03bcL\"},{\"@type\":\"BreadcrumbList\",\"@id\":\"https:\\\/\\\/topkeymedical.com\\\/product\\\/miniature-pipettes-volumetric-10%ce%bcl-300-%ce%bcl\\\/#breadcrumb\",\"itemListElement\":[{\"@type\":\"ListItem\",\"position\":1,\"name\":\"Home\",\"item\":\"https:\\\/\\\/topkeymedical.com\\\/\"},{\"@type\":\"ListItem\",\"position\":2,\"name\":\"Products\",\"item\":\"https:\\\/\\\/topkeymedical.com\\\/shop\\\/\"},{\"@type\":\"ListItem\",\"position\":3,\"name\":\"Miniature Pipettes Volumetric 10\u03bcL \u2013 300 \u03bcL\"}]},{\"@type\":\"WebSite\",\"@id\":\"https:\\\/\\\/topkeymedical.com\\\/#website\",\"url\":\"https:\\\/\\\/topkeymedical.com\\\/\",\"name\":\"TOPKEY\u2013 Precision in Every Detail, Guardian of Life and Health\",\"description\":\"\",\"publisher\":{\"@id\":\"https:\\\/\\\/topkeymedical.com\\\/#organization\"},\"potentialAction\":[{\"@type\":\"SearchAction\",\"target\":{\"@type\":\"EntryPoint\",\"urlTemplate\":\"https:\\\/\\\/topkeymedical.com\\\/?s={search_term_string}\"},\"query-input\":{\"@type\":\"PropertyValueSpecification\",\"valueRequired\":true,\"valueName\":\"search_term_string\"}}],\"inLanguage\":\"es\"},{\"@type\":\"Organization\",\"@id\":\"https:\\\/\\\/topkeymedical.com\\\/#organization\",\"name\":\"TOPKEY\u2013 Precision in Every Detail, Guardian of Life and Health\",\"url\":\"https:\\\/\\\/topkeymedical.com\\\/\",\"logo\":{\"@type\":\"ImageObject\",\"inLanguage\":\"es\",\"@id\":\"https:\\\/\\\/topkeymedical.com\\\/#\\\/schema\\\/logo\\\/image\\\/\",\"url\":\"https:\\\/\\\/topkeymedical.com\\\/wp-content\\\/uploads\\\/2025\\\/05\\\/cropped-logo.jpg\",\"contentUrl\":\"https:\\\/\\\/topkeymedical.com\\\/wp-content\\\/uploads\\\/2025\\\/05\\\/cropped-logo.jpg\",\"width\":512,\"height\":512,\"caption\":\"TOPKEY\u2013 Precision in Every Detail, Guardian of Life and Health\"},\"image\":{\"@id\":\"https:\\\/\\\/topkeymedical.com\\\/#\\\/schema\\\/logo\\\/image\\\/\"},\"sameAs\":[\"https:\\\/\\\/www.facebook.com\\\/profile.php?id=100088897294997\",\"https:\\\/\\\/www.youtube.com\\\/@TopkeyMedical-Alice888\",\"https:\\\/\\\/www.linkedin.com\\\/in\\\/alice-hu-bb66a01b3\\\/\"]}]}<\/script>\n<!-- \/ Yoast SEO plugin. -->","yoast_head_json":{"title":"Pipetas miniatura Volum\u00e9tricas 10\u03bcL - 300 \u03bcL","description":"Las pipetas en miniatura est\u00e1n dise\u00f1adas ergon\u00f3micamente y desarrolladas espec\u00edficamente para aplicaciones que requieren un pipeteado relativamente estable","robots":{"index":"index","follow":"follow","max-snippet":"max-snippet:-1","max-image-preview":"max-image-preview:large","max-video-preview":"max-video-preview:-1"},"canonical":"https:\/\/topkeymedical.com\/es\/producto\/pipetas-miniatura-volumetricas-10\u03bcl-300-\u03bcl\/","og_locale":"es_ES","og_type":"article","og_title":"Miniature Pipettes Volumetric 10\u03bcL \u2013 300 \u03bcL","og_description":"The miniature pipettes are ergonomically designed and specifically developed for applications requiring relatively stable pipetting","og_url":"https:\/\/topkeymedical.com\/es\/producto\/pipetas-miniatura-volumetricas-10\u03bcl-300-\u03bcl\/","og_site_name":"TOPKEY\u2013 Precision in Every Detail, Guardian of Life and Health","article_publisher":"https:\/\/www.facebook.com\/profile.php?id=100088897294997","article_modified_time":"2025-11-25T02:09:50+00:00","og_image":[{"width":1000,"height":1000,"url":"https:\/\/topkeymedical.com\/wp-content\/uploads\/2025\/11\/Miniature-Pipettes-6.webp","type":"image\/webp"}],"twitter_card":"summary_large_image","twitter_misc":{"Tiempo de lectura":"2 minutos"},"schema":{"@context":"https:\/\/schema.org","@graph":[{"@type":"WebPage","@id":"https:\/\/topkeymedical.com\/product\/miniature-pipettes-volumetric-10%ce%bcl-300-%ce%bcl\/","url":"https:\/\/topkeymedical.com\/product\/miniature-pipettes-volumetric-10%ce%bcl-300-%ce%bcl\/","name":"Pipetas miniatura Volum\u00e9tricas 10\u03bcL - 300 \u03bcL","isPartOf":{"@id":"https:\/\/topkeymedical.com\/#website"},"primaryImageOfPage":{"@id":"https:\/\/topkeymedical.com\/product\/miniature-pipettes-volumetric-10%ce%bcl-300-%ce%bcl\/#primaryimage"},"image":{"@id":"https:\/\/topkeymedical.com\/product\/miniature-pipettes-volumetric-10%ce%bcl-300-%ce%bcl\/#primaryimage"},"thumbnailUrl":"https:\/\/topkeymedical.com\/wp-content\/uploads\/2025\/11\/Miniature-Pipettes-6.webp","datePublished":"2025-11-25T01:56:37+00:00","dateModified":"2025-11-25T02:09:50+00:00","description":"Las pipetas en miniatura est\u00e1n dise\u00f1adas ergon\u00f3micamente y desarrolladas espec\u00edficamente para aplicaciones que requieren un pipeteado relativamente estable","breadcrumb":{"@id":"https:\/\/topkeymedical.com\/product\/miniature-pipettes-volumetric-10%ce%bcl-300-%ce%bcl\/#breadcrumb"},"inLanguage":"es","potentialAction":[{"@type":"ReadAction","target":["https:\/\/topkeymedical.com\/product\/miniature-pipettes-volumetric-10%ce%bcl-300-%ce%bcl\/"]}]},{"@type":"ImageObject","inLanguage":"es","@id":"https:\/\/topkeymedical.com\/product\/miniature-pipettes-volumetric-10%ce%bcl-300-%ce%bcl\/#primaryimage","url":"https:\/\/topkeymedical.com\/wp-content\/uploads\/2025\/11\/Miniature-Pipettes-6.webp","contentUrl":"https:\/\/topkeymedical.com\/wp-content\/uploads\/2025\/11\/Miniature-Pipettes-6.webp","width":1000,"height":1000,"caption":"Miniature Pipettes Volumetric 10\u03bcL \u2013 300 \u03bcL"},{"@type":"BreadcrumbList","@id":"https:\/\/topkeymedical.com\/product\/miniature-pipettes-volumetric-10%ce%bcl-300-%ce%bcl\/#breadcrumb","itemListElement":[{"@type":"ListItem","position":1,"name":"Home","item":"https:\/\/topkeymedical.com\/"},{"@type":"ListItem","position":2,"name":"Products","item":"https:\/\/topkeymedical.com\/shop\/"},{"@type":"ListItem","position":3,"name":"Miniature Pipettes Volumetric 10\u03bcL \u2013 300 \u03bcL"}]},{"@type":"WebSite","@id":"https:\/\/topkeymedical.com\/#website","url":"https:\/\/topkeymedical.com\/","name":"TOPKEY- Precisi\u00f3n en cada detalle, guardi\u00e1n de la vida y la salud","description":"","publisher":{"@id":"https:\/\/topkeymedical.com\/#organization"},"potentialAction":[{"@type":"SearchAction","target":{"@type":"EntryPoint","urlTemplate":"https:\/\/topkeymedical.com\/?s={search_term_string}"},"query-input":{"@type":"PropertyValueSpecification","valueRequired":true,"valueName":"search_term_string"}}],"inLanguage":"es"},{"@type":"Organization","@id":"https:\/\/topkeymedical.com\/#organization","name":"TOPKEY- Precisi\u00f3n en cada detalle, guardi\u00e1n de la vida y la salud","url":"https:\/\/topkeymedical.com\/","logo":{"@type":"ImageObject","inLanguage":"es","@id":"https:\/\/topkeymedical.com\/#\/schema\/logo\/image\/","url":"https:\/\/topkeymedical.com\/wp-content\/uploads\/2025\/05\/cropped-logo.jpg","contentUrl":"https:\/\/topkeymedical.com\/wp-content\/uploads\/2025\/05\/cropped-logo.jpg","width":512,"height":512,"caption":"TOPKEY\u2013 Precision in Every Detail, Guardian of Life and Health"},"image":{"@id":"https:\/\/topkeymedical.com\/#\/schema\/logo\/image\/"},"sameAs":["https:\/\/www.facebook.com\/profile.php?id=100088897294997","https:\/\/www.youtube.com\/@TopkeyMedical-Alice888","https:\/\/www.linkedin.com\/in\/alice-hu-bb66a01b3\/"]}]}},"_links":{"self":[{"href":"https:\/\/topkeymedical.com\/es\/wp-json\/wp\/v2\/product\/1576","targetHints":{"allow":["GET"]}}],"collection":[{"href":"https:\/\/topkeymedical.com\/es\/wp-json\/wp\/v2\/product"}],"about":[{"href":"https:\/\/topkeymedical.com\/es\/wp-json\/wp\/v2\/types\/product"}],"version-history":[{"count":2,"href":"https:\/\/topkeymedical.com\/es\/wp-json\/wp\/v2\/product\/1576\/revisions"}],"predecessor-version":[{"id":1593,"href":"https:\/\/topkeymedical.com\/es\/wp-json\/wp\/v2\/product\/1576\/revisions\/1593"}],"wp:featuredmedia":[{"embeddable":true,"href":"https:\/\/topkeymedical.com\/es\/wp-json\/wp\/v2\/media\/1586"}],"wp:attachment":[{"href":"https:\/\/topkeymedical.com\/es\/wp-json\/wp\/v2\/media?parent=1576"}],"wp:term":[{"taxonomy":"product_brand","embeddable":true,"href":"https:\/\/topkeymedical.com\/es\/wp-json\/wp\/v2\/product_brand?post=1576"},{"taxonomy":"product_cat","embeddable":true,"href":"https:\/\/topkeymedical.com\/es\/wp-json\/wp\/v2\/product_cat?post=1576"},{"taxonomy":"product_tag","embeddable":true,"href":"https:\/\/topkeymedical.com\/es\/wp-json\/wp\/v2\/product_tag?post=1576"}],"curies":[{"name":"wp","href":"https:\/\/api.w.org\/{rel}","templated":true}]}}