{"id":1605,"date":"2025-11-29T14:12:48","date_gmt":"2025-11-29T14:12:48","guid":{"rendered":"https:\/\/topkeymedical.com\/?post_type=product&#038;p=1605"},"modified":"2025-11-29T14:12:48","modified_gmt":"2025-11-29T14:12:48","slug":"fabricante-de-pipetas-monocanal","status":"publish","type":"product","link":"https:\/\/topkeymedical.com\/es\/producto\/fabricante-de-pipetas-monocanal\/","title":{"rendered":"Pipeta monocanal, Fabricante de pipetas"},"content":{"rendered":"<p>La pipeta monocanal desempe\u00f1a un papel crucial en diversos campos, como la biolog\u00eda, la qu\u00edmica y la medicina, al permitir operaciones precisas de manipulaci\u00f3n de l\u00edquidos que son fundamentales para el \u00e9xito experimental.<\/p>\n<p>La pipeta monocanal est\u00e1 dise\u00f1ada pensando en la simplicidad y la funcionalidad. Suele constar de un cilindro, un mecanismo de \u00e9mbolo y una punta desechable.<\/p>\n<p>El cilindro proporciona una estructura para que el usuario sujete y maneje la pipeta, mientras que el \u00e9mbolo se utiliza para controlar la aspiraci\u00f3n y dispensaci\u00f3n de l\u00edquidos.<\/p>\n<p>La punta desechable es una caracter\u00edstica clave, ya que garantiza una transferencia de l\u00edquidos precisa y sin contaminaci\u00f3n.<\/p>\n<p>Estas puntas vienen en diferentes vol\u00famenes, que van desde microlitros a mililitros, lo que permite flexibilidad en el manejo de diferentes cantidades de l\u00edquidos en funci\u00f3n de los requisitos del experimento.<\/p>\n<p>Una de las ventajas m\u00e1s significativas de la pipeta monocanal es su precisi\u00f3n.<\/p>\n<p>Cient\u00edficos e investigadores conf\u00edan en su capacidad para medir y transferir con precisi\u00f3n peque\u00f1os vol\u00famenes de l\u00edquidos. En los experimentos de biolog\u00eda molecular, por ejemplo, cuando se trabaja con muestras de ADN, enzimas y reactivos, incluso un ligero error de volumen puede dar lugar a resultados poco fiables.<\/p>\n<p>La pipeta monocanal puede aspirar y dispensar con precisi\u00f3n vol\u00famenes tan peque\u00f1os como unos pocos microlitros con un alto grado de reproducibilidad.<\/p>\n<p>Esta precisi\u00f3n es esencial para tareas como <a href=\"https:\/\/www.genome.gov\/genetics-glossary\/Polymerase-Chain-Reaction-PCR\" target=\"_blank\" rel=\"noopener\">PCR<\/a> (reacci\u00f3n en cadena de la polimerasa), en la que la proporci\u00f3n correcta de cebadores, ADN molde y enzima polimerasa es crucial para el \u00e9xito de la amplificaci\u00f3n.<\/p>\n<h2>Diagrama de la estructura del producto<\/h2>\n<h2><img fetchpriority=\"high\" decoding=\"async\" class=\"alignleft wp-image-1606 size-full\" src=\"https:\/\/topkeymedical.com\/wp-content\/uploads\/2025\/11\/Pipette-Manufacturer.webp\" alt=\"Fabricante de pipetas\" width=\"751\" height=\"751\" srcset=\"https:\/\/topkeymedical.com\/wp-content\/uploads\/2025\/11\/Pipette-Manufacturer.webp 751w, https:\/\/topkeymedical.com\/wp-content\/uploads\/2025\/11\/Pipette-Manufacturer-300x300.webp 300w, https:\/\/topkeymedical.com\/wp-content\/uploads\/2025\/11\/Pipette-Manufacturer-150x150.webp 150w, https:\/\/topkeymedical.com\/wp-content\/uploads\/2025\/11\/Pipette-Manufacturer-12x12.webp 12w, https:\/\/topkeymedical.com\/wp-content\/uploads\/2025\/11\/Pipette-Manufacturer-600x600.webp 600w, https:\/\/topkeymedical.com\/wp-content\/uploads\/2025\/11\/Pipette-Manufacturer-100x100.webp 100w\" sizes=\"(max-width: 751px) 100vw, 751px\" \/><\/h2>\n<h2>Par\u00e1metros t\u00e9cnicos:<\/h2>\n<table>\n<tbody>\n<tr>\n<td rowspan=\"3\" width=\"99\">Tipo<\/td>\n<td rowspan=\"3\" width=\"105\">Volumen<\/p>\n<p>Gama<\/td>\n<td rowspan=\"3\" width=\"81\">Incremento<\/td>\n<td rowspan=\"2\" width=\"83\">Prueba<\/p>\n<p>Volumen<\/td>\n<td width=\"102\">M\u00e1ximo<\/p>\n<p>Permisible<\/p>\n<p>Errores<\/td>\n<td width=\"98\">M\u00e1ximo<\/p>\n<p>Permisible<\/p>\n<p>Errores<\/td>\n<\/tr>\n<tr>\n<td width=\"102\">Precisi\u00f3n<\/p>\n<p>Errores<\/td>\n<td width=\"98\">Precisi\u00f3n<\/p>\n<p>Errores<\/td>\n<\/tr>\n<tr>\n<td width=\"83\">\u03bcL<\/td>\n<td width=\"102\">%<\/td>\n<td width=\"98\">%<\/td>\n<\/tr>\n<tr>\n<td rowspan=\"2\" width=\"99\">0,1~2,5\u03bcL<\/td>\n<td rowspan=\"2\" width=\"105\">0,1~2,5\u03bcL<\/td>\n<td rowspan=\"2\" width=\"81\">0,05\u03bcL<\/td>\n<td width=\"83\">1,25\u03bcL<\/td>\n<td width=\"102\">\u00b13,00%<\/td>\n<td width=\"98\">3.00%<\/td>\n<\/tr>\n<tr>\n<td width=\"83\">0,25\u03bcL<\/td>\n<td width=\"102\">\u00b112,00%<\/td>\n<td width=\"98\">6.00%<\/td>\n<\/tr>\n<tr>\n<td rowspan=\"3\" width=\"99\">0,5~10\u03bcL<\/td>\n<td rowspan=\"3\" width=\"105\">0,5~10\u03bcL<\/td>\n<td rowspan=\"3\" width=\"81\">0,1\u03bcL<\/td>\n<td width=\"83\">10\u03bcL<\/td>\n<td width=\"102\">\u00b11,00%<\/td>\n<td width=\"98\">0.80%<\/td>\n<\/tr>\n<tr>\n<td width=\"83\">5\u03bcL<\/td>\n<td width=\"102\">\u00b11,50%<\/td>\n<td width=\"98\">1.50%<\/td>\n<\/tr>\n<tr>\n<td width=\"83\">1\u03bcL<\/td>\n<td width=\"102\">\u00b12,50%<\/td>\n<td width=\"98\">1.50%<\/td>\n<\/tr>\n<tr>\n<td rowspan=\"3\" width=\"99\">2~20\u03bcL<\/td>\n<td rowspan=\"3\" width=\"105\">2~20\u03bcL<\/td>\n<td rowspan=\"3\" width=\"81\">0,5\u03bcL<\/td>\n<td width=\"83\">20\u03bcL<\/td>\n<td width=\"102\">\u00b10,90%<\/td>\n<td width=\"98\">0.40%<\/td>\n<\/tr>\n<tr>\n<td width=\"83\">10\u03bcL<\/td>\n<td width=\"102\">\u00b11,20%<\/td>\n<td width=\"98\">1.00%<\/td>\n<\/tr>\n<tr>\n<td width=\"83\">2\u03bcL<\/td>\n<td width=\"102\">\u00b13,00%<\/td>\n<td width=\"98\">2.00%<\/td>\n<\/tr>\n<tr>\n<td rowspan=\"3\" width=\"99\">5~50\u03bcL<\/td>\n<td rowspan=\"3\" width=\"105\">5~50\u03bcL<\/td>\n<td rowspan=\"3\" width=\"81\">0,5\u03bcL<\/td>\n<td width=\"83\">50\u03bcL<\/td>\n<td width=\"102\">\u00b10,60%<\/td>\n<td width=\"98\">0.30%<\/td>\n<\/tr>\n<tr>\n<td width=\"83\">25\u03bcL<\/td>\n<td width=\"102\">\u00b10,90%<\/td>\n<td width=\"98\">0.60%<\/td>\n<\/tr>\n<tr>\n<td width=\"83\">5\u03bcL<\/td>\n<td width=\"102\">\u00b12,00%<\/td>\n<td width=\"98\">2.00%<\/td>\n<\/tr>\n<tr>\n<td rowspan=\"3\" width=\"99\">10~100\u03bcL<\/td>\n<td rowspan=\"3\" width=\"105\">10~100\u03bcL<\/td>\n<td rowspan=\"3\" width=\"81\">1,0\u03bcL<\/td>\n<td width=\"83\">100\u03bcL<\/td>\n<td width=\"102\">\u00b10,80%<\/td>\n<td width=\"98\">0.20%<\/td>\n<\/tr>\n<tr>\n<td width=\"83\">50\u03bcL<\/td>\n<td width=\"102\">\u00b11,00%<\/td>\n<td width=\"98\">0.40%<\/td>\n<\/tr>\n<tr>\n<td width=\"83\">10\u03bcL<\/td>\n<td width=\"102\">\u00b13,00%<\/td>\n<td width=\"98\">1.00%<\/td>\n<\/tr>\n<tr>\n<td rowspan=\"3\" width=\"99\">20~200\u03bcL<\/td>\n<td rowspan=\"3\" width=\"105\">20~200\u03bcL<\/td>\n<td rowspan=\"3\" width=\"81\">1,0\u03bcL<\/td>\n<td width=\"83\">200\u03bcL<\/td>\n<td width=\"102\">\u00b10,60%<\/td>\n<td width=\"98\">0.20%<\/td>\n<\/tr>\n<tr>\n<td width=\"83\">100\u03bcL<\/td>\n<td width=\"102\">\u00b10,80%<\/td>\n<td width=\"98\">0.30%<\/td>\n<\/tr>\n<tr>\n<td width=\"83\">20\u03bcL<\/td>\n<td width=\"102\">\u00b12,50%<\/td>\n<td width=\"98\">0.80%<\/td>\n<\/tr>\n<tr>\n<td rowspan=\"3\" width=\"99\">100~1000\u03bcL<\/td>\n<td rowspan=\"3\" width=\"105\">100~1000\u03bcL<\/td>\n<td rowspan=\"3\" width=\"81\">5,0\u03bcL<\/td>\n<td width=\"83\">1000\u03bcL<\/td>\n<td width=\"102\">\u00b10,60%<\/td>\n<td width=\"98\">0.20%<\/td>\n<\/tr>\n<tr>\n<td width=\"83\">500\u03bcL<\/td>\n<td width=\"102\">\u00b10,70%<\/td>\n<td width=\"98\">0.25%<\/td>\n<\/tr>\n<tr>\n<td width=\"83\">100\u03bcL<\/td>\n<td width=\"102\">\u00b12,00%<\/td>\n<td width=\"98\">0.70%<\/td>\n<\/tr>\n<tr>\n<td rowspan=\"3\" width=\"99\">1000~5000\u03bcL<\/td>\n<td rowspan=\"3\" width=\"105\">1000~5000\u03bcL<\/td>\n<td rowspan=\"3\" width=\"81\">50,0\u03bcL<\/td>\n<td width=\"83\">5000\u03bcL<\/td>\n<td width=\"102\">\u00b10,50%<\/td>\n<td width=\"98\">0.20%<\/td>\n<\/tr>\n<tr>\n<td width=\"83\">2500\u03bcL<\/td>\n<td width=\"102\">\u00b10,60%<\/td>\n<td width=\"98\">0.30%<\/td>\n<\/tr>\n<tr>\n<td width=\"83\">1000\u03bcL<\/td>\n<td width=\"102\">\u00b10,70%<\/td>\n<td width=\"98\">0.30%<\/td>\n<\/tr>\n<tr>\n<td rowspan=\"3\" width=\"99\">1~10ml<\/td>\n<td rowspan=\"3\" width=\"105\">1~10ml<\/td>\n<td rowspan=\"3\" width=\"81\">100\u03bcL<\/td>\n<td width=\"83\">10000\u03bcL<\/td>\n<td width=\"102\">\u00b10,60%<\/td>\n<td width=\"98\">0.20%<\/td>\n<\/tr>\n<tr>\n<td width=\"83\">5000\u03bcL<\/td>\n<td width=\"102\">\u00b11,20%<\/td>\n<td width=\"98\">0.30%<\/td>\n<\/tr>\n<tr>\n<td width=\"83\">1000\u03bcL<\/td>\n<td width=\"102\">\u00b13,00%<\/td>\n<td width=\"98\">0.60%<\/td>\n<\/tr>\n<\/tbody>\n<\/table>\n<p><img decoding=\"async\" class=\"alignleft wp-image-1601 size-full\" title=\"pipeta electr\u00f3nica monocanal\" src=\"https:\/\/topkeymedical.com\/wp-content\/uploads\/2025\/11\/electronic-single-channel-pipette-8.webp\" alt=\"pipeta electr\u00f3nica monocanal\" width=\"1000\" height=\"1000\" srcset=\"https:\/\/topkeymedical.com\/wp-content\/uploads\/2025\/11\/electronic-single-channel-pipette-8.webp 1000w, https:\/\/topkeymedical.com\/wp-content\/uploads\/2025\/11\/electronic-single-channel-pipette-8-300x300.webp 300w, https:\/\/topkeymedical.com\/wp-content\/uploads\/2025\/11\/electronic-single-channel-pipette-8-150x150.webp 150w, https:\/\/topkeymedical.com\/wp-content\/uploads\/2025\/11\/electronic-single-channel-pipette-8-768x768.webp 768w, https:\/\/topkeymedical.com\/wp-content\/uploads\/2025\/11\/electronic-single-channel-pipette-8-12x12.webp 12w, https:\/\/topkeymedical.com\/wp-content\/uploads\/2025\/11\/electronic-single-channel-pipette-8-600x600.webp 600w, https:\/\/topkeymedical.com\/wp-content\/uploads\/2025\/11\/electronic-single-channel-pipette-8-100x100.webp 100w\" sizes=\"(max-width: 1000px) 100vw, 1000px\" \/> <img decoding=\"async\" class=\"alignnone wp-image-1600 size-full\" title=\"pipeta electr\u00f3nica monocanal\" src=\"https:\/\/topkeymedical.com\/wp-content\/uploads\/2025\/11\/electronic-single-channel-pipette-7.webp\" alt=\"pipeta electr\u00f3nica monocanal\" width=\"1000\" height=\"1000\" srcset=\"https:\/\/topkeymedical.com\/wp-content\/uploads\/2025\/11\/electronic-single-channel-pipette-7.webp 1000w, https:\/\/topkeymedical.com\/wp-content\/uploads\/2025\/11\/electronic-single-channel-pipette-7-300x300.webp 300w, https:\/\/topkeymedical.com\/wp-content\/uploads\/2025\/11\/electronic-single-channel-pipette-7-150x150.webp 150w, https:\/\/topkeymedical.com\/wp-content\/uploads\/2025\/11\/electronic-single-channel-pipette-7-768x768.webp 768w, https:\/\/topkeymedical.com\/wp-content\/uploads\/2025\/11\/electronic-single-channel-pipette-7-12x12.webp 12w, https:\/\/topkeymedical.com\/wp-content\/uploads\/2025\/11\/electronic-single-channel-pipette-7-600x600.webp 600w, https:\/\/topkeymedical.com\/wp-content\/uploads\/2025\/11\/electronic-single-channel-pipette-7-100x100.webp 100w\" sizes=\"(max-width: 1000px) 100vw, 1000px\" \/><\/p>\n<p><img loading=\"lazy\" decoding=\"async\" class=\"alignleft wp-image-1594 size-full\" src=\"https:\/\/topkeymedical.com\/wp-content\/uploads\/2025\/11\/electronic-single-channel-pipette-1.webp\" alt=\"pipeta electr\u00f3nica monocanal\" width=\"1000\" height=\"1000\" srcset=\"https:\/\/topkeymedical.com\/wp-content\/uploads\/2025\/11\/electronic-single-channel-pipette-1.webp 1000w, https:\/\/topkeymedical.com\/wp-content\/uploads\/2025\/11\/electronic-single-channel-pipette-1-300x300.webp 300w, https:\/\/topkeymedical.com\/wp-content\/uploads\/2025\/11\/electronic-single-channel-pipette-1-150x150.webp 150w, https:\/\/topkeymedical.com\/wp-content\/uploads\/2025\/11\/electronic-single-channel-pipette-1-768x768.webp 768w, https:\/\/topkeymedical.com\/wp-content\/uploads\/2025\/11\/electronic-single-channel-pipette-1-12x12.webp 12w, https:\/\/topkeymedical.com\/wp-content\/uploads\/2025\/11\/electronic-single-channel-pipette-1-600x600.webp 600w, https:\/\/topkeymedical.com\/wp-content\/uploads\/2025\/11\/electronic-single-channel-pipette-1-100x100.webp 100w\" sizes=\"(max-width: 1000px) 100vw, 1000px\" \/><\/p>","protected":false},"excerpt":{"rendered":"<p>En el mundo de la investigaci\u00f3n cient\u00edfica y el trabajo de laboratorio, la pipeta monocanal es un instrumento omnipresente e inestimable.<\/p>","protected":false},"featured_media":1599,"template":"","meta":{"_acf_changed":false,"site-sidebar-layout":"default","site-content-layout":"","ast-site-content-layout":"default","site-content-style":"default","site-sidebar-style":"default","ast-global-header-display":"","ast-banner-title-visibility":"","ast-main-header-display":"","ast-hfb-above-header-display":"","ast-hfb-below-header-display":"","ast-hfb-mobile-header-display":"","site-post-title":"","ast-breadcrumbs-content":"","ast-featured-img":"","footer-sml-layout":"","ast-disable-related-posts":"","theme-transparent-header-meta":"default","adv-header-id-meta":"","stick-header-meta":"","header-above-stick-meta":"","header-main-stick-meta":"","header-below-stick-meta":"","astra-migrate-meta-layouts":"set","ast-page-background-enabled":"default","ast-page-background-meta":{"desktop":{"background-color":"var(--ast-global-color-5)","background-image":"","background-repeat":"repeat","background-position":"center center","background-size":"auto","background-attachment":"scroll","background-type":"","background-media":"","overlay-type":"","overlay-color":"","overlay-opacity":"","overlay-gradient":""},"tablet":{"background-color":"","background-image":"","background-repeat":"repeat","background-position":"center center","background-size":"auto","background-attachment":"scroll","background-type":"","background-media":"","overlay-type":"","overlay-color":"","overlay-opacity":"","overlay-gradient":""},"mobile":{"background-color":"","background-image":"","background-repeat":"repeat","background-position":"center center","background-size":"auto","background-attachment":"scroll","background-type":"","background-media":"","overlay-type":"","overlay-color":"","overlay-opacity":"","overlay-gradient":""}},"ast-content-background-meta":{"desktop":{"background-color":"var(--ast-global-color-4)","background-image":"","background-repeat":"repeat","background-position":"center center","background-size":"auto","background-attachment":"scroll","background-type":"","background-media":"","overlay-type":"","overlay-color":"","overlay-opacity":"","overlay-gradient":""},"tablet":{"background-color":"var(--ast-global-color-4)","background-image":"","background-repeat":"repeat","background-position":"center center","background-size":"auto","background-attachment":"scroll","background-type":"","background-media":"","overlay-type":"","overlay-color":"","overlay-opacity":"","overlay-gradient":""},"mobile":{"background-color":"var(--ast-global-color-4)","background-image":"","background-repeat":"repeat","background-position":"center center","background-size":"auto","background-attachment":"scroll","background-type":"","background-media":"","overlay-type":"","overlay-color":"","overlay-opacity":"","overlay-gradient":""}}},"product_brand":[],"product_cat":[66],"product_tag":[],"class_list":{"0":"post-1605","1":"product","2":"type-product","3":"status-publish","4":"has-post-thumbnail","6":"product_cat-manual-pipette","7":"desktop-align-left","8":"tablet-align-left","9":"mobile-align-left","11":"first","12":"instock","13":"shipping-taxable","14":"product-type-simple"},"acf":[],"yoast_head":"<!-- This site is optimized with the Yoast SEO plugin v27.4 - https:\/\/yoast.com\/product\/yoast-seo-wordpress\/ -->\n<title>Single-Channel Pipette, Pipette Manufacturer<\/title>\n<meta name=\"description\" content=\"In the world of scientific research and laboratory work, the single-channel pipette is a ubiquitous and invaluable instrument.\" \/>\n<meta name=\"robots\" content=\"index, follow, max-snippet:-1, max-image-preview:large, max-video-preview:-1\" \/>\n<link rel=\"canonical\" href=\"https:\/\/topkeymedical.com\/es\/producto\/fabricante-de-pipetas-monocanal\/\" \/>\n<meta property=\"og:locale\" content=\"es_ES\" \/>\n<meta property=\"og:type\" content=\"article\" \/>\n<meta property=\"og:title\" content=\"Single-Channel Pipette, Pipette Manufacturer\" \/>\n<meta property=\"og:description\" content=\"In the world of scientific research and laboratory work, the single-channel pipette is a ubiquitous and invaluable instrument.\" \/>\n<meta property=\"og:url\" content=\"https:\/\/topkeymedical.com\/es\/producto\/fabricante-de-pipetas-monocanal\/\" \/>\n<meta property=\"og:site_name\" content=\"TOPKEY\u2013 Precision in Every Detail, Guardian of Life and Health\" \/>\n<meta property=\"article:publisher\" content=\"https:\/\/www.facebook.com\/profile.php?id=100088897294997\" \/>\n<meta property=\"og:image\" content=\"https:\/\/topkeymedical.com\/wp-content\/uploads\/2025\/11\/electronic-single-channel-pipette-6.webp\" \/>\n\t<meta property=\"og:image:width\" content=\"1000\" \/>\n\t<meta property=\"og:image:height\" content=\"1000\" \/>\n\t<meta property=\"og:image:type\" content=\"image\/webp\" \/>\n<meta name=\"twitter:card\" content=\"summary_large_image\" \/>\n<meta name=\"twitter:label1\" content=\"Tiempo de lectura\" \/>\n\t<meta name=\"twitter:data1\" content=\"3 minutos\" \/>\n<script type=\"application\/ld+json\" class=\"yoast-schema-graph\">{\"@context\":\"https:\\\/\\\/schema.org\",\"@graph\":[{\"@type\":\"WebPage\",\"@id\":\"https:\\\/\\\/topkeymedical.com\\\/product\\\/single-channel-pipette-manufacturer\\\/\",\"url\":\"https:\\\/\\\/topkeymedical.com\\\/product\\\/single-channel-pipette-manufacturer\\\/\",\"name\":\"Single-Channel Pipette, Pipette Manufacturer\",\"isPartOf\":{\"@id\":\"https:\\\/\\\/topkeymedical.com\\\/#website\"},\"primaryImageOfPage\":{\"@id\":\"https:\\\/\\\/topkeymedical.com\\\/product\\\/single-channel-pipette-manufacturer\\\/#primaryimage\"},\"image\":{\"@id\":\"https:\\\/\\\/topkeymedical.com\\\/product\\\/single-channel-pipette-manufacturer\\\/#primaryimage\"},\"thumbnailUrl\":\"https:\\\/\\\/topkeymedical.com\\\/wp-content\\\/uploads\\\/2025\\\/11\\\/electronic-single-channel-pipette-6.webp\",\"datePublished\":\"2025-11-29T14:12:48+00:00\",\"description\":\"In the world of scientific research and laboratory work, the single-channel pipette is a ubiquitous and invaluable instrument.\",\"breadcrumb\":{\"@id\":\"https:\\\/\\\/topkeymedical.com\\\/product\\\/single-channel-pipette-manufacturer\\\/#breadcrumb\"},\"inLanguage\":\"es\",\"potentialAction\":[{\"@type\":\"ReadAction\",\"target\":[\"https:\\\/\\\/topkeymedical.com\\\/product\\\/single-channel-pipette-manufacturer\\\/\"]}]},{\"@type\":\"ImageObject\",\"inLanguage\":\"es\",\"@id\":\"https:\\\/\\\/topkeymedical.com\\\/product\\\/single-channel-pipette-manufacturer\\\/#primaryimage\",\"url\":\"https:\\\/\\\/topkeymedical.com\\\/wp-content\\\/uploads\\\/2025\\\/11\\\/electronic-single-channel-pipette-6.webp\",\"contentUrl\":\"https:\\\/\\\/topkeymedical.com\\\/wp-content\\\/uploads\\\/2025\\\/11\\\/electronic-single-channel-pipette-6.webp\",\"width\":1000,\"height\":1000,\"caption\":\"single channel pipette\"},{\"@type\":\"BreadcrumbList\",\"@id\":\"https:\\\/\\\/topkeymedical.com\\\/product\\\/single-channel-pipette-manufacturer\\\/#breadcrumb\",\"itemListElement\":[{\"@type\":\"ListItem\",\"position\":1,\"name\":\"Home\",\"item\":\"https:\\\/\\\/topkeymedical.com\\\/\"},{\"@type\":\"ListItem\",\"position\":2,\"name\":\"Products\",\"item\":\"https:\\\/\\\/topkeymedical.com\\\/shop\\\/\"},{\"@type\":\"ListItem\",\"position\":3,\"name\":\"Single-Channel Pipette, Pipette Manufacturer\"}]},{\"@type\":\"WebSite\",\"@id\":\"https:\\\/\\\/topkeymedical.com\\\/#website\",\"url\":\"https:\\\/\\\/topkeymedical.com\\\/\",\"name\":\"TOPKEY\u2013 Precision in Every Detail, Guardian of Life and Health\",\"description\":\"\",\"publisher\":{\"@id\":\"https:\\\/\\\/topkeymedical.com\\\/#organization\"},\"potentialAction\":[{\"@type\":\"SearchAction\",\"target\":{\"@type\":\"EntryPoint\",\"urlTemplate\":\"https:\\\/\\\/topkeymedical.com\\\/?s={search_term_string}\"},\"query-input\":{\"@type\":\"PropertyValueSpecification\",\"valueRequired\":true,\"valueName\":\"search_term_string\"}}],\"inLanguage\":\"es\"},{\"@type\":\"Organization\",\"@id\":\"https:\\\/\\\/topkeymedical.com\\\/#organization\",\"name\":\"TOPKEY\u2013 Precision in Every Detail, Guardian of Life and Health\",\"url\":\"https:\\\/\\\/topkeymedical.com\\\/\",\"logo\":{\"@type\":\"ImageObject\",\"inLanguage\":\"es\",\"@id\":\"https:\\\/\\\/topkeymedical.com\\\/#\\\/schema\\\/logo\\\/image\\\/\",\"url\":\"https:\\\/\\\/topkeymedical.com\\\/wp-content\\\/uploads\\\/2025\\\/05\\\/cropped-logo.jpg\",\"contentUrl\":\"https:\\\/\\\/topkeymedical.com\\\/wp-content\\\/uploads\\\/2025\\\/05\\\/cropped-logo.jpg\",\"width\":512,\"height\":512,\"caption\":\"TOPKEY\u2013 Precision in Every Detail, Guardian of Life and Health\"},\"image\":{\"@id\":\"https:\\\/\\\/topkeymedical.com\\\/#\\\/schema\\\/logo\\\/image\\\/\"},\"sameAs\":[\"https:\\\/\\\/www.facebook.com\\\/profile.php?id=100088897294997\",\"https:\\\/\\\/www.youtube.com\\\/@TopkeyMedical-Alice888\",\"https:\\\/\\\/www.linkedin.com\\\/in\\\/alice-hu-bb66a01b3\\\/\"]}]}<\/script>\n<!-- \/ Yoast SEO plugin. -->","yoast_head_json":{"title":"Pipeta monocanal, Fabricante de pipetas","description":"En el mundo de la investigaci\u00f3n cient\u00edfica y el trabajo de laboratorio, la pipeta monocanal es un instrumento omnipresente e inestimable.","robots":{"index":"index","follow":"follow","max-snippet":"max-snippet:-1","max-image-preview":"max-image-preview:large","max-video-preview":"max-video-preview:-1"},"canonical":"https:\/\/topkeymedical.com\/es\/producto\/fabricante-de-pipetas-monocanal\/","og_locale":"es_ES","og_type":"article","og_title":"Single-Channel Pipette, Pipette Manufacturer","og_description":"In the world of scientific research and laboratory work, the single-channel pipette is a ubiquitous and invaluable instrument.","og_url":"https:\/\/topkeymedical.com\/es\/producto\/fabricante-de-pipetas-monocanal\/","og_site_name":"TOPKEY\u2013 Precision in Every Detail, Guardian of Life and Health","article_publisher":"https:\/\/www.facebook.com\/profile.php?id=100088897294997","og_image":[{"width":1000,"height":1000,"url":"https:\/\/topkeymedical.com\/wp-content\/uploads\/2025\/11\/electronic-single-channel-pipette-6.webp","type":"image\/webp"}],"twitter_card":"summary_large_image","twitter_misc":{"Tiempo de lectura":"3 minutos"},"schema":{"@context":"https:\/\/schema.org","@graph":[{"@type":"WebPage","@id":"https:\/\/topkeymedical.com\/product\/single-channel-pipette-manufacturer\/","url":"https:\/\/topkeymedical.com\/product\/single-channel-pipette-manufacturer\/","name":"Pipeta monocanal, Fabricante de pipetas","isPartOf":{"@id":"https:\/\/topkeymedical.com\/#website"},"primaryImageOfPage":{"@id":"https:\/\/topkeymedical.com\/product\/single-channel-pipette-manufacturer\/#primaryimage"},"image":{"@id":"https:\/\/topkeymedical.com\/product\/single-channel-pipette-manufacturer\/#primaryimage"},"thumbnailUrl":"https:\/\/topkeymedical.com\/wp-content\/uploads\/2025\/11\/electronic-single-channel-pipette-6.webp","datePublished":"2025-11-29T14:12:48+00:00","description":"En el mundo de la investigaci\u00f3n cient\u00edfica y el trabajo de laboratorio, la pipeta monocanal es un instrumento omnipresente e inestimable.","breadcrumb":{"@id":"https:\/\/topkeymedical.com\/product\/single-channel-pipette-manufacturer\/#breadcrumb"},"inLanguage":"es","potentialAction":[{"@type":"ReadAction","target":["https:\/\/topkeymedical.com\/product\/single-channel-pipette-manufacturer\/"]}]},{"@type":"ImageObject","inLanguage":"es","@id":"https:\/\/topkeymedical.com\/product\/single-channel-pipette-manufacturer\/#primaryimage","url":"https:\/\/topkeymedical.com\/wp-content\/uploads\/2025\/11\/electronic-single-channel-pipette-6.webp","contentUrl":"https:\/\/topkeymedical.com\/wp-content\/uploads\/2025\/11\/electronic-single-channel-pipette-6.webp","width":1000,"height":1000,"caption":"single channel pipette"},{"@type":"BreadcrumbList","@id":"https:\/\/topkeymedical.com\/product\/single-channel-pipette-manufacturer\/#breadcrumb","itemListElement":[{"@type":"ListItem","position":1,"name":"Home","item":"https:\/\/topkeymedical.com\/"},{"@type":"ListItem","position":2,"name":"Products","item":"https:\/\/topkeymedical.com\/shop\/"},{"@type":"ListItem","position":3,"name":"Single-Channel Pipette, Pipette Manufacturer"}]},{"@type":"WebSite","@id":"https:\/\/topkeymedical.com\/#website","url":"https:\/\/topkeymedical.com\/","name":"TOPKEY- Precisi\u00f3n en cada detalle, guardi\u00e1n de la vida y la salud","description":"","publisher":{"@id":"https:\/\/topkeymedical.com\/#organization"},"potentialAction":[{"@type":"SearchAction","target":{"@type":"EntryPoint","urlTemplate":"https:\/\/topkeymedical.com\/?s={search_term_string}"},"query-input":{"@type":"PropertyValueSpecification","valueRequired":true,"valueName":"search_term_string"}}],"inLanguage":"es"},{"@type":"Organization","@id":"https:\/\/topkeymedical.com\/#organization","name":"TOPKEY- Precisi\u00f3n en cada detalle, guardi\u00e1n de la vida y la salud","url":"https:\/\/topkeymedical.com\/","logo":{"@type":"ImageObject","inLanguage":"es","@id":"https:\/\/topkeymedical.com\/#\/schema\/logo\/image\/","url":"https:\/\/topkeymedical.com\/wp-content\/uploads\/2025\/05\/cropped-logo.jpg","contentUrl":"https:\/\/topkeymedical.com\/wp-content\/uploads\/2025\/05\/cropped-logo.jpg","width":512,"height":512,"caption":"TOPKEY\u2013 Precision in Every Detail, Guardian of Life and Health"},"image":{"@id":"https:\/\/topkeymedical.com\/#\/schema\/logo\/image\/"},"sameAs":["https:\/\/www.facebook.com\/profile.php?id=100088897294997","https:\/\/www.youtube.com\/@TopkeyMedical-Alice888","https:\/\/www.linkedin.com\/in\/alice-hu-bb66a01b3\/"]}]}},"_links":{"self":[{"href":"https:\/\/topkeymedical.com\/es\/wp-json\/wp\/v2\/product\/1605","targetHints":{"allow":["GET"]}}],"collection":[{"href":"https:\/\/topkeymedical.com\/es\/wp-json\/wp\/v2\/product"}],"about":[{"href":"https:\/\/topkeymedical.com\/es\/wp-json\/wp\/v2\/types\/product"}],"version-history":[{"count":1,"href":"https:\/\/topkeymedical.com\/es\/wp-json\/wp\/v2\/product\/1605\/revisions"}],"predecessor-version":[{"id":1607,"href":"https:\/\/topkeymedical.com\/es\/wp-json\/wp\/v2\/product\/1605\/revisions\/1607"}],"wp:featuredmedia":[{"embeddable":true,"href":"https:\/\/topkeymedical.com\/es\/wp-json\/wp\/v2\/media\/1599"}],"wp:attachment":[{"href":"https:\/\/topkeymedical.com\/es\/wp-json\/wp\/v2\/media?parent=1605"}],"wp:term":[{"taxonomy":"product_brand","embeddable":true,"href":"https:\/\/topkeymedical.com\/es\/wp-json\/wp\/v2\/product_brand?post=1605"},{"taxonomy":"product_cat","embeddable":true,"href":"https:\/\/topkeymedical.com\/es\/wp-json\/wp\/v2\/product_cat?post=1605"},{"taxonomy":"product_tag","embeddable":true,"href":"https:\/\/topkeymedical.com\/es\/wp-json\/wp\/v2\/product_tag?post=1605"}],"curies":[{"name":"wp","href":"https:\/\/api.w.org\/{rel}","templated":true}]}}