{"id":1618,"date":"2025-11-29T15:55:06","date_gmt":"2025-11-29T15:55:06","guid":{"rendered":"https:\/\/topkeymedical.com\/?post_type=product&#038;p=1618"},"modified":"2025-12-01T01:46:20","modified_gmt":"2025-12-01T01:46:20","slug":"1-5-tubos-de-centrifuga-de-polipropileno-de-50-ml","status":"publish","type":"product","link":"https:\/\/topkeymedical.com\/es\/producto\/1-5-tubos-de-centrifuga-de-polipropileno-de-50-ml\/","title":{"rendered":"Tubos de centr\u00edfuga de polipropileno de 1,5 - 50 ml, Proveedor de tubos de centr\u00edfuga"},"content":{"rendered":"<h2>Par\u00e1metros del producto:<\/h2>\n<table>\n<tbody>\n<tr>\n<td width=\"136\">Nombre del producto<\/td>\n<td width=\"432\">Tubos de pl\u00e1stico para centr\u00edfuga de polipropileno<\/td>\n<\/tr>\n<tr>\n<td width=\"136\">Material del producto<\/td>\n<td width=\"432\">&nbsp;<\/p>\n<p>Cuerpo (polipropileno) Tapa (polietileno)<\/td>\n<\/tr>\n<tr>\n<td width=\"136\">Caracter\u00edsticas del producto<\/td>\n<td width=\"432\">L\u00edneas graduadas claras, buen sellado, sin enzimas ni pir\u00f3genos, especificaciones completas<\/td>\n<\/tr>\n<tr>\n<td width=\"136\">Uso del producto<\/td>\n<td width=\"432\">Recipientes tubulares para muestras para uso con centrifugadoras, con tapas o tapones de cierre herm\u00e9tico<\/td>\n<\/tr>\n<\/tbody>\n<\/table>\n<p><img fetchpriority=\"high\" decoding=\"async\" class=\"aligncenter wp-image-1619 size-full\" title=\"Proveedor de tubos de centr\u00edfuga\" src=\"https:\/\/topkeymedical.com\/wp-content\/uploads\/2025\/11\/Centrifuge-Tube-Supplier.webp\" alt=\"Proveedor de tubos de centr\u00edfuga\" width=\"716\" height=\"369\" srcset=\"https:\/\/topkeymedical.com\/wp-content\/uploads\/2025\/11\/Centrifuge-Tube-Supplier.webp 716w, https:\/\/topkeymedical.com\/wp-content\/uploads\/2025\/11\/Centrifuge-Tube-Supplier-300x155.webp 300w, https:\/\/topkeymedical.com\/wp-content\/uploads\/2025\/11\/Centrifuge-Tube-Supplier-18x9.webp 18w, https:\/\/topkeymedical.com\/wp-content\/uploads\/2025\/11\/Centrifuge-Tube-Supplier-600x309.webp 600w\" sizes=\"(max-width: 716px) 100vw, 716px\" \/><\/p>\n<table>\n<tbody>\n<tr>\n<td width=\"65\">Norma<\/td>\n<td width=\"103\">Di\u00e1metro (mm)<\/td>\n<td width=\"119\">Di\u00e1metro de la tapa (mm)<\/td>\n<td width=\"121\">Altura de la tapa (mm)<\/td>\n<td width=\"161\">Altura con tapa(mm)<\/td>\n<\/tr>\n<tr>\n<td width=\"65\">1,5 ml<\/td>\n<td width=\"103\">10.3<\/td>\n<td width=\"119\">\/<\/td>\n<td width=\"121\">\/<\/td>\n<td width=\"161\">41.6<\/td>\n<\/tr>\n<tr>\n<td width=\"65\">2 ml<\/td>\n<td width=\"103\">10.4<\/td>\n<td width=\"119\">\/<\/td>\n<td width=\"121\">\/<\/td>\n<td width=\"161\">42<\/td>\n<\/tr>\n<tr>\n<td width=\"65\">5 ml<\/td>\n<td width=\"103\">16<\/td>\n<td width=\"119\">10.6<\/td>\n<td width=\"121\">10.7<\/td>\n<td width=\"161\">120.5<\/td>\n<\/tr>\n<tr>\n<td width=\"65\">50 ml<\/td>\n<td width=\"103\">28.6<\/td>\n<td width=\"119\">33.8<\/td>\n<td width=\"121\">12.6<\/td>\n<td width=\"161\">116.4<\/td>\n<\/tr>\n<\/tbody>\n<\/table>\n<p>Consejo c\u00e1lido: Los datos anteriores son para la medici\u00f3n manual. Si hay un error, por favor prevalecer en especie.<\/p>\n<p><img decoding=\"async\" class=\"alignleft wp-image-1620 size-full\" title=\"Proveedor de tubos de centr\u00edfuga\" src=\"https:\/\/topkeymedical.com\/wp-content\/uploads\/2025\/11\/Centrifuge-Tube-Supplier-2.webp\" alt=\"Proveedor de tubos de centr\u00edfuga\" width=\"486\" height=\"772\" srcset=\"https:\/\/topkeymedical.com\/wp-content\/uploads\/2025\/11\/Centrifuge-Tube-Supplier-2.webp 486w, https:\/\/topkeymedical.com\/wp-content\/uploads\/2025\/11\/Centrifuge-Tube-Supplier-2-189x300.webp 189w, https:\/\/topkeymedical.com\/wp-content\/uploads\/2025\/11\/Centrifuge-Tube-Supplier-2-8x12.webp 8w\" sizes=\"(max-width: 486px) 100vw, 486px\" \/><\/p>\n<p>&nbsp;<\/p>","protected":false},"excerpt":{"rendered":"<p>Tubos de centr\u00edfuga de polipropileno, Cuerpo (polipropileno) Tapa (polietileno). L\u00edneas claras y graduadas; buen sellado; sin enzimas y sin pir\u00f3genos. Especificaciones completas. Recipientes tubulares para muestras para uso con centrifugadoras, con tapas o tapones de cierre herm\u00e9tico.<\/p>","protected":false},"featured_media":1624,"template":"","meta":{"_acf_changed":false,"site-sidebar-layout":"default","site-content-layout":"","ast-site-content-layout":"default","site-content-style":"default","site-sidebar-style":"default","ast-global-header-display":"","ast-banner-title-visibility":"","ast-main-header-display":"","ast-hfb-above-header-display":"","ast-hfb-below-header-display":"","ast-hfb-mobile-header-display":"","site-post-title":"","ast-breadcrumbs-content":"","ast-featured-img":"","footer-sml-layout":"","ast-disable-related-posts":"","theme-transparent-header-meta":"default","adv-header-id-meta":"","stick-header-meta":"","header-above-stick-meta":"","header-main-stick-meta":"","header-below-stick-meta":"","astra-migrate-meta-layouts":"set","ast-page-background-enabled":"default","ast-page-background-meta":{"desktop":{"background-color":"var(--ast-global-color-5)","background-image":"","background-repeat":"repeat","background-position":"center center","background-size":"auto","background-attachment":"scroll","background-type":"","background-media":"","overlay-type":"","overlay-color":"","overlay-opacity":"","overlay-gradient":""},"tablet":{"background-color":"","background-image":"","background-repeat":"repeat","background-position":"center center","background-size":"auto","background-attachment":"scroll","background-type":"","background-media":"","overlay-type":"","overlay-color":"","overlay-opacity":"","overlay-gradient":""},"mobile":{"background-color":"","background-image":"","background-repeat":"repeat","background-position":"center center","background-size":"auto","background-attachment":"scroll","background-type":"","background-media":"","overlay-type":"","overlay-color":"","overlay-opacity":"","overlay-gradient":""}},"ast-content-background-meta":{"desktop":{"background-color":"var(--ast-global-color-4)","background-image":"","background-repeat":"repeat","background-position":"center center","background-size":"auto","background-attachment":"scroll","background-type":"","background-media":"","overlay-type":"","overlay-color":"","overlay-opacity":"","overlay-gradient":""},"tablet":{"background-color":"var(--ast-global-color-4)","background-image":"","background-repeat":"repeat","background-position":"center center","background-size":"auto","background-attachment":"scroll","background-type":"","background-media":"","overlay-type":"","overlay-color":"","overlay-opacity":"","overlay-gradient":""},"mobile":{"background-color":"var(--ast-global-color-4)","background-image":"","background-repeat":"repeat","background-position":"center center","background-size":"auto","background-attachment":"scroll","background-type":"","background-media":"","overlay-type":"","overlay-color":"","overlay-opacity":"","overlay-gradient":""}}},"product_brand":[],"product_cat":[67],"product_tag":[],"class_list":{"0":"post-1618","1":"product","2":"type-product","3":"status-publish","4":"has-post-thumbnail","6":"product_cat-laboratory-consumables","7":"desktop-align-left","8":"tablet-align-left","9":"mobile-align-left","11":"first","12":"instock","13":"shipping-taxable","14":"product-type-simple"},"acf":[],"yoast_head":"<!-- This site is optimized with the Yoast SEO plugin v27.4 - https:\/\/yoast.com\/product\/yoast-seo-wordpress\/ -->\n<title>50ml Polypropylene Centrifuge Tubes, Centrifuge Tube Supplier<\/title>\n<meta name=\"description\" content=\"Polypropylene Centrifuge Tubes, Body (polypropylene) Cap (polyethylene). Clear graduated lines, good sealing, no enzyme and no pyrogen\" \/>\n<meta name=\"robots\" content=\"index, follow, max-snippet:-1, max-image-preview:large, max-video-preview:-1\" \/>\n<link rel=\"canonical\" href=\"https:\/\/topkeymedical.com\/es\/producto\/1-5-tubos-de-centrifuga-de-polipropileno-de-50-ml\/\" \/>\n<meta property=\"og:locale\" content=\"es_ES\" \/>\n<meta property=\"og:type\" content=\"article\" \/>\n<meta property=\"og:title\" content=\"50ml Polypropylene Centrifuge Tubes, Centrifuge Tube Supplier\" \/>\n<meta property=\"og:description\" content=\"Polypropylene Centrifuge Tubes, Body (polypropylene) Cap (polyethylene). Clear graduated lines, good sealing, no enzyme and no pyrogen\" \/>\n<meta property=\"og:url\" content=\"https:\/\/topkeymedical.com\/es\/producto\/1-5-tubos-de-centrifuga-de-polipropileno-de-50-ml\/\" \/>\n<meta property=\"og:site_name\" content=\"TOPKEY\u2013 Precision in Every Detail, Guardian of Life and Health\" \/>\n<meta property=\"article:publisher\" content=\"https:\/\/www.facebook.com\/profile.php?id=100088897294997\" \/>\n<meta property=\"article:modified_time\" content=\"2025-12-01T01:46:20+00:00\" \/>\n<meta property=\"og:image\" content=\"https:\/\/topkeymedical.com\/wp-content\/uploads\/2025\/11\/Polypropylene-Centrifuge-Tubes.webp\" \/>\n\t<meta property=\"og:image:width\" content=\"1000\" \/>\n\t<meta property=\"og:image:height\" content=\"1000\" \/>\n\t<meta property=\"og:image:type\" content=\"image\/webp\" \/>\n<meta name=\"twitter:card\" content=\"summary_large_image\" \/>\n<meta name=\"twitter:label1\" content=\"Tiempo de lectura\" \/>\n\t<meta name=\"twitter:data1\" content=\"1 minuto\" \/>\n<script type=\"application\/ld+json\" class=\"yoast-schema-graph\">{\"@context\":\"https:\\\/\\\/schema.org\",\"@graph\":[{\"@type\":\"WebPage\",\"@id\":\"https:\\\/\\\/topkeymedical.com\\\/product\\\/1-5-50ml-polypropylene-centrifuge-tubes\\\/\",\"url\":\"https:\\\/\\\/topkeymedical.com\\\/product\\\/1-5-50ml-polypropylene-centrifuge-tubes\\\/\",\"name\":\"50ml Polypropylene Centrifuge Tubes, Centrifuge Tube Supplier\",\"isPartOf\":{\"@id\":\"https:\\\/\\\/topkeymedical.com\\\/#website\"},\"primaryImageOfPage\":{\"@id\":\"https:\\\/\\\/topkeymedical.com\\\/product\\\/1-5-50ml-polypropylene-centrifuge-tubes\\\/#primaryimage\"},\"image\":{\"@id\":\"https:\\\/\\\/topkeymedical.com\\\/product\\\/1-5-50ml-polypropylene-centrifuge-tubes\\\/#primaryimage\"},\"thumbnailUrl\":\"https:\\\/\\\/topkeymedical.com\\\/wp-content\\\/uploads\\\/2025\\\/11\\\/Polypropylene-Centrifuge-Tubes.webp\",\"datePublished\":\"2025-11-29T15:55:06+00:00\",\"dateModified\":\"2025-12-01T01:46:20+00:00\",\"description\":\"Polypropylene Centrifuge Tubes, Body (polypropylene) Cap (polyethylene). Clear graduated lines, good sealing, no enzyme and no pyrogen\",\"breadcrumb\":{\"@id\":\"https:\\\/\\\/topkeymedical.com\\\/product\\\/1-5-50ml-polypropylene-centrifuge-tubes\\\/#breadcrumb\"},\"inLanguage\":\"es\",\"potentialAction\":[{\"@type\":\"ReadAction\",\"target\":[\"https:\\\/\\\/topkeymedical.com\\\/product\\\/1-5-50ml-polypropylene-centrifuge-tubes\\\/\"]}]},{\"@type\":\"ImageObject\",\"inLanguage\":\"es\",\"@id\":\"https:\\\/\\\/topkeymedical.com\\\/product\\\/1-5-50ml-polypropylene-centrifuge-tubes\\\/#primaryimage\",\"url\":\"https:\\\/\\\/topkeymedical.com\\\/wp-content\\\/uploads\\\/2025\\\/11\\\/Polypropylene-Centrifuge-Tubes.webp\",\"contentUrl\":\"https:\\\/\\\/topkeymedical.com\\\/wp-content\\\/uploads\\\/2025\\\/11\\\/Polypropylene-Centrifuge-Tubes.webp\",\"width\":1000,\"height\":1000,\"caption\":\"Polypropylene Centrifuge Tubes\"},{\"@type\":\"BreadcrumbList\",\"@id\":\"https:\\\/\\\/topkeymedical.com\\\/product\\\/1-5-50ml-polypropylene-centrifuge-tubes\\\/#breadcrumb\",\"itemListElement\":[{\"@type\":\"ListItem\",\"position\":1,\"name\":\"Home\",\"item\":\"https:\\\/\\\/topkeymedical.com\\\/\"},{\"@type\":\"ListItem\",\"position\":2,\"name\":\"Products\",\"item\":\"https:\\\/\\\/topkeymedical.com\\\/shop\\\/\"},{\"@type\":\"ListItem\",\"position\":3,\"name\":\"1.5 &#8211; 50ml Polypropylene Centrifuge Tubes, Centrifuge Tube Supplier\"}]},{\"@type\":\"WebSite\",\"@id\":\"https:\\\/\\\/topkeymedical.com\\\/#website\",\"url\":\"https:\\\/\\\/topkeymedical.com\\\/\",\"name\":\"TOPKEY\u2013 Precision in Every Detail, Guardian of Life and Health\",\"description\":\"\",\"publisher\":{\"@id\":\"https:\\\/\\\/topkeymedical.com\\\/#organization\"},\"potentialAction\":[{\"@type\":\"SearchAction\",\"target\":{\"@type\":\"EntryPoint\",\"urlTemplate\":\"https:\\\/\\\/topkeymedical.com\\\/?s={search_term_string}\"},\"query-input\":{\"@type\":\"PropertyValueSpecification\",\"valueRequired\":true,\"valueName\":\"search_term_string\"}}],\"inLanguage\":\"es\"},{\"@type\":\"Organization\",\"@id\":\"https:\\\/\\\/topkeymedical.com\\\/#organization\",\"name\":\"TOPKEY\u2013 Precision in Every Detail, Guardian of Life and Health\",\"url\":\"https:\\\/\\\/topkeymedical.com\\\/\",\"logo\":{\"@type\":\"ImageObject\",\"inLanguage\":\"es\",\"@id\":\"https:\\\/\\\/topkeymedical.com\\\/#\\\/schema\\\/logo\\\/image\\\/\",\"url\":\"https:\\\/\\\/topkeymedical.com\\\/wp-content\\\/uploads\\\/2025\\\/05\\\/cropped-logo.jpg\",\"contentUrl\":\"https:\\\/\\\/topkeymedical.com\\\/wp-content\\\/uploads\\\/2025\\\/05\\\/cropped-logo.jpg\",\"width\":512,\"height\":512,\"caption\":\"TOPKEY\u2013 Precision in Every Detail, Guardian of Life and Health\"},\"image\":{\"@id\":\"https:\\\/\\\/topkeymedical.com\\\/#\\\/schema\\\/logo\\\/image\\\/\"},\"sameAs\":[\"https:\\\/\\\/www.facebook.com\\\/profile.php?id=100088897294997\",\"https:\\\/\\\/www.youtube.com\\\/@TopkeyMedical-Alice888\",\"https:\\\/\\\/www.linkedin.com\\\/in\\\/alice-hu-bb66a01b3\\\/\"]}]}<\/script>\n<!-- \/ Yoast SEO plugin. -->","yoast_head_json":{"title":"Tubos de centr\u00edfuga de polipropileno de 50 ml, Proveedor de tubos de centr\u00edfuga","description":"Tubos de centr\u00edfuga de polipropileno, Cuerpo (polipropileno) Tapa (polietileno). L\u00edneas graduadas claras, buen sellado, sin enzimas ni pir\u00f3genos.","robots":{"index":"index","follow":"follow","max-snippet":"max-snippet:-1","max-image-preview":"max-image-preview:large","max-video-preview":"max-video-preview:-1"},"canonical":"https:\/\/topkeymedical.com\/es\/producto\/1-5-tubos-de-centrifuga-de-polipropileno-de-50-ml\/","og_locale":"es_ES","og_type":"article","og_title":"50ml Polypropylene Centrifuge Tubes, Centrifuge Tube Supplier","og_description":"Polypropylene Centrifuge Tubes, Body (polypropylene) Cap (polyethylene). Clear graduated lines, good sealing, no enzyme and no pyrogen","og_url":"https:\/\/topkeymedical.com\/es\/producto\/1-5-tubos-de-centrifuga-de-polipropileno-de-50-ml\/","og_site_name":"TOPKEY\u2013 Precision in Every Detail, Guardian of Life and Health","article_publisher":"https:\/\/www.facebook.com\/profile.php?id=100088897294997","article_modified_time":"2025-12-01T01:46:20+00:00","og_image":[{"width":1000,"height":1000,"url":"https:\/\/topkeymedical.com\/wp-content\/uploads\/2025\/11\/Polypropylene-Centrifuge-Tubes.webp","type":"image\/webp"}],"twitter_card":"summary_large_image","twitter_misc":{"Tiempo de lectura":"1 minuto"},"schema":{"@context":"https:\/\/schema.org","@graph":[{"@type":"WebPage","@id":"https:\/\/topkeymedical.com\/product\/1-5-50ml-polypropylene-centrifuge-tubes\/","url":"https:\/\/topkeymedical.com\/product\/1-5-50ml-polypropylene-centrifuge-tubes\/","name":"Tubos de centr\u00edfuga de polipropileno de 50 ml, Proveedor de tubos de centr\u00edfuga","isPartOf":{"@id":"https:\/\/topkeymedical.com\/#website"},"primaryImageOfPage":{"@id":"https:\/\/topkeymedical.com\/product\/1-5-50ml-polypropylene-centrifuge-tubes\/#primaryimage"},"image":{"@id":"https:\/\/topkeymedical.com\/product\/1-5-50ml-polypropylene-centrifuge-tubes\/#primaryimage"},"thumbnailUrl":"https:\/\/topkeymedical.com\/wp-content\/uploads\/2025\/11\/Polypropylene-Centrifuge-Tubes.webp","datePublished":"2025-11-29T15:55:06+00:00","dateModified":"2025-12-01T01:46:20+00:00","description":"Tubos de centr\u00edfuga de polipropileno, Cuerpo (polipropileno) Tapa (polietileno). L\u00edneas graduadas claras, buen sellado, sin enzimas ni pir\u00f3genos.","breadcrumb":{"@id":"https:\/\/topkeymedical.com\/product\/1-5-50ml-polypropylene-centrifuge-tubes\/#breadcrumb"},"inLanguage":"es","potentialAction":[{"@type":"ReadAction","target":["https:\/\/topkeymedical.com\/product\/1-5-50ml-polypropylene-centrifuge-tubes\/"]}]},{"@type":"ImageObject","inLanguage":"es","@id":"https:\/\/topkeymedical.com\/product\/1-5-50ml-polypropylene-centrifuge-tubes\/#primaryimage","url":"https:\/\/topkeymedical.com\/wp-content\/uploads\/2025\/11\/Polypropylene-Centrifuge-Tubes.webp","contentUrl":"https:\/\/topkeymedical.com\/wp-content\/uploads\/2025\/11\/Polypropylene-Centrifuge-Tubes.webp","width":1000,"height":1000,"caption":"Polypropylene Centrifuge Tubes"},{"@type":"BreadcrumbList","@id":"https:\/\/topkeymedical.com\/product\/1-5-50ml-polypropylene-centrifuge-tubes\/#breadcrumb","itemListElement":[{"@type":"ListItem","position":1,"name":"Home","item":"https:\/\/topkeymedical.com\/"},{"@type":"ListItem","position":2,"name":"Products","item":"https:\/\/topkeymedical.com\/shop\/"},{"@type":"ListItem","position":3,"name":"1.5 &#8211; 50ml Polypropylene Centrifuge Tubes, Centrifuge Tube Supplier"}]},{"@type":"WebSite","@id":"https:\/\/topkeymedical.com\/#website","url":"https:\/\/topkeymedical.com\/","name":"TOPKEY- Precisi\u00f3n en cada detalle, guardi\u00e1n de la vida y la salud","description":"","publisher":{"@id":"https:\/\/topkeymedical.com\/#organization"},"potentialAction":[{"@type":"SearchAction","target":{"@type":"EntryPoint","urlTemplate":"https:\/\/topkeymedical.com\/?s={search_term_string}"},"query-input":{"@type":"PropertyValueSpecification","valueRequired":true,"valueName":"search_term_string"}}],"inLanguage":"es"},{"@type":"Organization","@id":"https:\/\/topkeymedical.com\/#organization","name":"TOPKEY- Precisi\u00f3n en cada detalle, guardi\u00e1n de la vida y la salud","url":"https:\/\/topkeymedical.com\/","logo":{"@type":"ImageObject","inLanguage":"es","@id":"https:\/\/topkeymedical.com\/#\/schema\/logo\/image\/","url":"https:\/\/topkeymedical.com\/wp-content\/uploads\/2025\/05\/cropped-logo.jpg","contentUrl":"https:\/\/topkeymedical.com\/wp-content\/uploads\/2025\/05\/cropped-logo.jpg","width":512,"height":512,"caption":"TOPKEY\u2013 Precision in Every Detail, Guardian of Life and Health"},"image":{"@id":"https:\/\/topkeymedical.com\/#\/schema\/logo\/image\/"},"sameAs":["https:\/\/www.facebook.com\/profile.php?id=100088897294997","https:\/\/www.youtube.com\/@TopkeyMedical-Alice888","https:\/\/www.linkedin.com\/in\/alice-hu-bb66a01b3\/"]}]}},"_links":{"self":[{"href":"https:\/\/topkeymedical.com\/es\/wp-json\/wp\/v2\/product\/1618","targetHints":{"allow":["GET"]}}],"collection":[{"href":"https:\/\/topkeymedical.com\/es\/wp-json\/wp\/v2\/product"}],"about":[{"href":"https:\/\/topkeymedical.com\/es\/wp-json\/wp\/v2\/types\/product"}],"version-history":[{"count":3,"href":"https:\/\/topkeymedical.com\/es\/wp-json\/wp\/v2\/product\/1618\/revisions"}],"predecessor-version":[{"id":1623,"href":"https:\/\/topkeymedical.com\/es\/wp-json\/wp\/v2\/product\/1618\/revisions\/1623"}],"wp:featuredmedia":[{"embeddable":true,"href":"https:\/\/topkeymedical.com\/es\/wp-json\/wp\/v2\/media\/1624"}],"wp:attachment":[{"href":"https:\/\/topkeymedical.com\/es\/wp-json\/wp\/v2\/media?parent=1618"}],"wp:term":[{"taxonomy":"product_brand","embeddable":true,"href":"https:\/\/topkeymedical.com\/es\/wp-json\/wp\/v2\/product_brand?post=1618"},{"taxonomy":"product_cat","embeddable":true,"href":"https:\/\/topkeymedical.com\/es\/wp-json\/wp\/v2\/product_cat?post=1618"},{"taxonomy":"product_tag","embeddable":true,"href":"https:\/\/topkeymedical.com\/es\/wp-json\/wp\/v2\/product_tag?post=1618"}],"curies":[{"name":"wp","href":"https:\/\/api.w.org\/{rel}","templated":true}]}}