{"id":1751,"date":"2025-12-22T13:48:50","date_gmt":"2025-12-22T13:48:50","guid":{"rendered":"https:\/\/topkeymedical.com\/?post_type=product&#038;p=1751"},"modified":"2025-12-22T13:48:50","modified_gmt":"2025-12-22T13:48:50","slug":"mini-agitador-magnetico-agitador-magnetico-compacto","status":"publish","type":"product","link":"https:\/\/topkeymedical.com\/es\/producto\/mini-agitador-magnetico-agitador-magnetico-compacto\/","title":{"rendered":"Mini agitador magn\u00e9tico, agitador magn\u00e9tico compacto"},"content":{"rendered":"<p>Este dispositivo compacto utiliza un campo magn\u00e9tico giratorio para hacer girar una barra agitadora sumergida en l\u00edquidos, creando un v\u00f3rtice de mezcla sin contacto mec\u00e1nico directo.<\/p>\n<p>El agitador magn\u00e9tico mini, que s\u00f3lo mide entre 10 y 15 cm de di\u00e1metro, es perfecto para su uso en laboratorios de qu\u00edmica, centros de investigaci\u00f3n e instituciones educativas donde el espacio es limitado pero no se puede comprometer el rendimiento.<\/p>\n<p>Fabricado con una carcasa de aluminio anodizado o pl\u00e1stico resistente a los productos qu\u00edmicos, el mini agitador magn\u00e9tico de laboratorio cuenta con una placa superior duradera que puede soportar la exposici\u00f3n a los productos qu\u00edmicos y disolventes habituales en el laboratorio.<\/p>\n<p>La unidad funciona con un silencioso motor de CC capaz de generar velocidades de rotaci\u00f3n de 100 a 1.500 RPM, con controles digitales precisos que permiten ajustes en incrementos tan peque\u00f1os como 10 RPM.<\/p>\n<p>Muchos modelos incluyen una funci\u00f3n de calentamiento integrada con rangos de temperatura entre ambiente y 300 \u00b0C, lo que hace que el miniagitador magn\u00e9tico sea ideal para aplicaciones que requieren tanto mezcla como calentamiento controlado, como la s\u00edntesis qu\u00edmica y la preparaci\u00f3n de muestras.<\/p>\n<p>El mini agitador magn\u00e9tico se adapta a varios tipos de recipientes, incluidos vasos de precipitados, matraces y tubos de ensayo de 50 ml a 2000 ml de capacidad.<\/p>\n<p>Los modelos avanzados incorporan temporizadores programables, funciones de rampa de velocidad y ajustes de memoria para almacenar protocolos utilizados con frecuencia.<\/p>\n<p>Las caracter\u00edsticas de seguridad suelen incluir protecci\u00f3n contra sobrecalentamiento, apagado autom\u00e1tico y patas de goma antideslizantes para garantizar un funcionamiento estable.<\/p>\n<p>El dise\u00f1o energ\u00e9ticamente eficiente consume una potencia m\u00ednima a la vez que proporciona un par constante, incluso a niveles de viscosidad elevados.<\/p>\n<h2>Especificaciones del agitador magn\u00e9tico compacto<\/h2>\n<table>\n<tbody>\n<tr>\n<td width=\"284\">Potencia<\/td>\n<td width=\"284\">5W<\/td>\n<\/tr>\n<tr>\n<td width=\"284\">Modo de visualizaci\u00f3n<\/td>\n<td width=\"284\">LCD<\/td>\n<\/tr>\n<tr>\n<td width=\"284\">Gama de control de velocidad<\/td>\n<td width=\"284\">1500-1800 vueltas<\/td>\n<\/tr>\n<tr>\n<td width=\"284\">Precisi\u00f3n del control de velocidad<\/td>\n<td width=\"284\">\u00b110rpm<\/td>\n<\/tr>\n<tr>\n<td width=\"284\">Temperatura ambiente admisible<\/td>\n<td width=\"284\">Temperatura ambiente -40\u00b0C<\/td>\n<\/tr>\n<tr>\n<td width=\"284\">Capacidad m\u00e1xima de agitaci\u00f3n<\/td>\n<td width=\"284\">2L\/5L<\/td>\n<\/tr>\n<tr>\n<td width=\"284\">Material del disco de trabajo<\/td>\n<td width=\"284\">PC revestido, resistente a la corrosi\u00f3n<\/td>\n<\/tr>\n<tr>\n<td width=\"284\">Talla<\/td>\n<td width=\"284\">132x122x40 mm<\/td>\n<\/tr>\n<tr>\n<td width=\"284\">Tipo de motor<\/td>\n<td width=\"284\">Motor miniatura sin escobillas<\/td>\n<\/tr>\n<tr>\n<td width=\"284\">Modo de control de tiempo<\/td>\n<td width=\"284\">Ajuste de la pantalla t\u00e1ctil<\/td>\n<\/tr>\n<tr>\n<td width=\"284\">Modo de control de velocidad<\/td>\n<td width=\"284\">Ajuste de la pantalla t\u00e1ctil<\/td>\n<\/tr>\n<\/tbody>\n<\/table>","protected":false},"excerpt":{"rendered":"<p>El agitador magn\u00e9tico mini es una herramienta de laboratorio esencial dise\u00f1ada para la mezcla eficaz de l\u00edquidos en peque\u00f1os vol\u00famenes, que ofrece un rendimiento de agitaci\u00f3n preciso y constante para diversas aplicaciones cient\u00edficas.<\/p>","protected":false},"featured_media":1755,"template":"","meta":{"_acf_changed":false,"site-sidebar-layout":"default","site-content-layout":"","ast-site-content-layout":"default","site-content-style":"default","site-sidebar-style":"default","ast-global-header-display":"","ast-banner-title-visibility":"","ast-main-header-display":"","ast-hfb-above-header-display":"","ast-hfb-below-header-display":"","ast-hfb-mobile-header-display":"","site-post-title":"","ast-breadcrumbs-content":"","ast-featured-img":"","footer-sml-layout":"","ast-disable-related-posts":"","theme-transparent-header-meta":"default","adv-header-id-meta":"","stick-header-meta":"","header-above-stick-meta":"","header-main-stick-meta":"","header-below-stick-meta":"","astra-migrate-meta-layouts":"set","ast-page-background-enabled":"default","ast-page-background-meta":{"desktop":{"background-color":"var(--ast-global-color-5)","background-image":"","background-repeat":"repeat","background-position":"center center","background-size":"auto","background-attachment":"scroll","background-type":"","background-media":"","overlay-type":"","overlay-color":"","overlay-opacity":"","overlay-gradient":""},"tablet":{"background-color":"","background-image":"","background-repeat":"repeat","background-position":"center center","background-size":"auto","background-attachment":"scroll","background-type":"","background-media":"","overlay-type":"","overlay-color":"","overlay-opacity":"","overlay-gradient":""},"mobile":{"background-color":"","background-image":"","background-repeat":"repeat","background-position":"center center","background-size":"auto","background-attachment":"scroll","background-type":"","background-media":"","overlay-type":"","overlay-color":"","overlay-opacity":"","overlay-gradient":""}},"ast-content-background-meta":{"desktop":{"background-color":"var(--ast-global-color-4)","background-image":"","background-repeat":"repeat","background-position":"center center","background-size":"auto","background-attachment":"scroll","background-type":"","background-media":"","overlay-type":"","overlay-color":"","overlay-opacity":"","overlay-gradient":""},"tablet":{"background-color":"var(--ast-global-color-4)","background-image":"","background-repeat":"repeat","background-position":"center center","background-size":"auto","background-attachment":"scroll","background-type":"","background-media":"","overlay-type":"","overlay-color":"","overlay-opacity":"","overlay-gradient":""},"mobile":{"background-color":"var(--ast-global-color-4)","background-image":"","background-repeat":"repeat","background-position":"center center","background-size":"auto","background-attachment":"scroll","background-type":"","background-media":"","overlay-type":"","overlay-color":"","overlay-opacity":"","overlay-gradient":""}}},"product_brand":[],"product_cat":[70],"product_tag":[],"class_list":{"0":"post-1751","1":"product","2":"type-product","3":"status-publish","4":"has-post-thumbnail","6":"product_cat-magnetic-stirrer-manufacturer","7":"desktop-align-left","8":"tablet-align-left","9":"mobile-align-left","11":"first","12":"instock","13":"shipping-taxable","14":"product-type-simple"},"acf":[],"yoast_head":"<!-- This site is optimized with the Yoast SEO plugin v27.4 - https:\/\/yoast.com\/product\/yoast-seo-wordpress\/ -->\n<title>Mini Magnetic Stirrer, Compact Magnetic Stirrer<\/title>\n<meta name=\"description\" content=\"The mini magnetic stirrer is an essential laboratory tool designed for efficient liquid mixing in small volumes, offering precise and consistent stirring\" \/>\n<meta name=\"robots\" content=\"index, follow, max-snippet:-1, max-image-preview:large, max-video-preview:-1\" \/>\n<link rel=\"canonical\" href=\"https:\/\/topkeymedical.com\/es\/producto\/mini-agitador-magnetico-agitador-magnetico-compacto\/\" \/>\n<meta property=\"og:locale\" content=\"es_ES\" \/>\n<meta property=\"og:type\" content=\"article\" \/>\n<meta property=\"og:title\" content=\"Mini Magnetic Stirrer, Compact Magnetic Stirrer\" \/>\n<meta property=\"og:description\" content=\"The mini magnetic stirrer is an essential laboratory tool designed for efficient liquid mixing in small volumes, offering precise and consistent stirring\" \/>\n<meta property=\"og:url\" content=\"https:\/\/topkeymedical.com\/es\/producto\/mini-agitador-magnetico-agitador-magnetico-compacto\/\" \/>\n<meta property=\"og:site_name\" content=\"TOPKEY\u2013 Precision in Every Detail, Guardian of Life and Health\" \/>\n<meta property=\"article:publisher\" content=\"https:\/\/www.facebook.com\/profile.php?id=100088897294997\" \/>\n<meta property=\"og:image\" content=\"https:\/\/topkeymedical.com\/wp-content\/uploads\/2025\/12\/Mini-Magnetic-Stirrer-1.webp\" \/>\n\t<meta property=\"og:image:width\" content=\"645\" \/>\n\t<meta property=\"og:image:height\" content=\"645\" \/>\n\t<meta property=\"og:image:type\" content=\"image\/webp\" \/>\n<meta name=\"twitter:card\" content=\"summary_large_image\" \/>\n<meta name=\"twitter:label1\" content=\"Tiempo de lectura\" \/>\n\t<meta name=\"twitter:data1\" content=\"2 minutos\" \/>\n<script type=\"application\/ld+json\" class=\"yoast-schema-graph\">{\"@context\":\"https:\\\/\\\/schema.org\",\"@graph\":[{\"@type\":\"WebPage\",\"@id\":\"https:\\\/\\\/topkeymedical.com\\\/product\\\/mini-magnetic-stirrer-compact-magnetic-stirrer\\\/\",\"url\":\"https:\\\/\\\/topkeymedical.com\\\/product\\\/mini-magnetic-stirrer-compact-magnetic-stirrer\\\/\",\"name\":\"Mini Magnetic Stirrer, Compact Magnetic Stirrer\",\"isPartOf\":{\"@id\":\"https:\\\/\\\/topkeymedical.com\\\/#website\"},\"primaryImageOfPage\":{\"@id\":\"https:\\\/\\\/topkeymedical.com\\\/product\\\/mini-magnetic-stirrer-compact-magnetic-stirrer\\\/#primaryimage\"},\"image\":{\"@id\":\"https:\\\/\\\/topkeymedical.com\\\/product\\\/mini-magnetic-stirrer-compact-magnetic-stirrer\\\/#primaryimage\"},\"thumbnailUrl\":\"https:\\\/\\\/topkeymedical.com\\\/wp-content\\\/uploads\\\/2025\\\/12\\\/Mini-Magnetic-Stirrer-1.webp\",\"datePublished\":\"2025-12-22T13:48:50+00:00\",\"description\":\"The mini magnetic stirrer is an essential laboratory tool designed for efficient liquid mixing in small volumes, offering precise and consistent stirring\",\"breadcrumb\":{\"@id\":\"https:\\\/\\\/topkeymedical.com\\\/product\\\/mini-magnetic-stirrer-compact-magnetic-stirrer\\\/#breadcrumb\"},\"inLanguage\":\"es\",\"potentialAction\":[{\"@type\":\"ReadAction\",\"target\":[\"https:\\\/\\\/topkeymedical.com\\\/product\\\/mini-magnetic-stirrer-compact-magnetic-stirrer\\\/\"]}]},{\"@type\":\"ImageObject\",\"inLanguage\":\"es\",\"@id\":\"https:\\\/\\\/topkeymedical.com\\\/product\\\/mini-magnetic-stirrer-compact-magnetic-stirrer\\\/#primaryimage\",\"url\":\"https:\\\/\\\/topkeymedical.com\\\/wp-content\\\/uploads\\\/2025\\\/12\\\/Mini-Magnetic-Stirrer-1.webp\",\"contentUrl\":\"https:\\\/\\\/topkeymedical.com\\\/wp-content\\\/uploads\\\/2025\\\/12\\\/Mini-Magnetic-Stirrer-1.webp\",\"width\":645,\"height\":645,\"caption\":\"Mini Magnetic Stirrer, Compact Magnetic Stirrer\"},{\"@type\":\"BreadcrumbList\",\"@id\":\"https:\\\/\\\/topkeymedical.com\\\/product\\\/mini-magnetic-stirrer-compact-magnetic-stirrer\\\/#breadcrumb\",\"itemListElement\":[{\"@type\":\"ListItem\",\"position\":1,\"name\":\"Home\",\"item\":\"https:\\\/\\\/topkeymedical.com\\\/\"},{\"@type\":\"ListItem\",\"position\":2,\"name\":\"Products\",\"item\":\"https:\\\/\\\/topkeymedical.com\\\/shop\\\/\"},{\"@type\":\"ListItem\",\"position\":3,\"name\":\"Mini Magnetic Stirrer, Compact Magnetic Stirrer\"}]},{\"@type\":\"WebSite\",\"@id\":\"https:\\\/\\\/topkeymedical.com\\\/#website\",\"url\":\"https:\\\/\\\/topkeymedical.com\\\/\",\"name\":\"TOPKEY\u2013 Precision in Every Detail, Guardian of Life and Health\",\"description\":\"\",\"publisher\":{\"@id\":\"https:\\\/\\\/topkeymedical.com\\\/#organization\"},\"potentialAction\":[{\"@type\":\"SearchAction\",\"target\":{\"@type\":\"EntryPoint\",\"urlTemplate\":\"https:\\\/\\\/topkeymedical.com\\\/?s={search_term_string}\"},\"query-input\":{\"@type\":\"PropertyValueSpecification\",\"valueRequired\":true,\"valueName\":\"search_term_string\"}}],\"inLanguage\":\"es\"},{\"@type\":\"Organization\",\"@id\":\"https:\\\/\\\/topkeymedical.com\\\/#organization\",\"name\":\"TOPKEY\u2013 Precision in Every Detail, Guardian of Life and Health\",\"url\":\"https:\\\/\\\/topkeymedical.com\\\/\",\"logo\":{\"@type\":\"ImageObject\",\"inLanguage\":\"es\",\"@id\":\"https:\\\/\\\/topkeymedical.com\\\/#\\\/schema\\\/logo\\\/image\\\/\",\"url\":\"https:\\\/\\\/topkeymedical.com\\\/wp-content\\\/uploads\\\/2025\\\/05\\\/cropped-logo.jpg\",\"contentUrl\":\"https:\\\/\\\/topkeymedical.com\\\/wp-content\\\/uploads\\\/2025\\\/05\\\/cropped-logo.jpg\",\"width\":512,\"height\":512,\"caption\":\"TOPKEY\u2013 Precision in Every Detail, Guardian of Life and Health\"},\"image\":{\"@id\":\"https:\\\/\\\/topkeymedical.com\\\/#\\\/schema\\\/logo\\\/image\\\/\"},\"sameAs\":[\"https:\\\/\\\/www.facebook.com\\\/profile.php?id=100088897294997\",\"https:\\\/\\\/www.youtube.com\\\/@TopkeyMedical-Alice888\",\"https:\\\/\\\/www.linkedin.com\\\/in\\\/alice-hu-bb66a01b3\\\/\"]}]}<\/script>\n<!-- \/ Yoast SEO plugin. -->","yoast_head_json":{"title":"Mini agitador magn\u00e9tico, agitador magn\u00e9tico compacto","description":"El mini agitador magn\u00e9tico es una herramienta de laboratorio esencial dise\u00f1ada para la mezcla eficaz de l\u00edquidos en peque\u00f1os vol\u00famenes, que ofrece una agitaci\u00f3n precisa y uniforme","robots":{"index":"index","follow":"follow","max-snippet":"max-snippet:-1","max-image-preview":"max-image-preview:large","max-video-preview":"max-video-preview:-1"},"canonical":"https:\/\/topkeymedical.com\/es\/producto\/mini-agitador-magnetico-agitador-magnetico-compacto\/","og_locale":"es_ES","og_type":"article","og_title":"Mini Magnetic Stirrer, Compact Magnetic Stirrer","og_description":"The mini magnetic stirrer is an essential laboratory tool designed for efficient liquid mixing in small volumes, offering precise and consistent stirring","og_url":"https:\/\/topkeymedical.com\/es\/producto\/mini-agitador-magnetico-agitador-magnetico-compacto\/","og_site_name":"TOPKEY\u2013 Precision in Every Detail, Guardian of Life and Health","article_publisher":"https:\/\/www.facebook.com\/profile.php?id=100088897294997","og_image":[{"width":645,"height":645,"url":"https:\/\/topkeymedical.com\/wp-content\/uploads\/2025\/12\/Mini-Magnetic-Stirrer-1.webp","type":"image\/webp"}],"twitter_card":"summary_large_image","twitter_misc":{"Tiempo de lectura":"2 minutos"},"schema":{"@context":"https:\/\/schema.org","@graph":[{"@type":"WebPage","@id":"https:\/\/topkeymedical.com\/product\/mini-magnetic-stirrer-compact-magnetic-stirrer\/","url":"https:\/\/topkeymedical.com\/product\/mini-magnetic-stirrer-compact-magnetic-stirrer\/","name":"Mini agitador magn\u00e9tico, agitador magn\u00e9tico compacto","isPartOf":{"@id":"https:\/\/topkeymedical.com\/#website"},"primaryImageOfPage":{"@id":"https:\/\/topkeymedical.com\/product\/mini-magnetic-stirrer-compact-magnetic-stirrer\/#primaryimage"},"image":{"@id":"https:\/\/topkeymedical.com\/product\/mini-magnetic-stirrer-compact-magnetic-stirrer\/#primaryimage"},"thumbnailUrl":"https:\/\/topkeymedical.com\/wp-content\/uploads\/2025\/12\/Mini-Magnetic-Stirrer-1.webp","datePublished":"2025-12-22T13:48:50+00:00","description":"El mini agitador magn\u00e9tico es una herramienta de laboratorio esencial dise\u00f1ada para la mezcla eficaz de l\u00edquidos en peque\u00f1os vol\u00famenes, que ofrece una agitaci\u00f3n precisa y uniforme","breadcrumb":{"@id":"https:\/\/topkeymedical.com\/product\/mini-magnetic-stirrer-compact-magnetic-stirrer\/#breadcrumb"},"inLanguage":"es","potentialAction":[{"@type":"ReadAction","target":["https:\/\/topkeymedical.com\/product\/mini-magnetic-stirrer-compact-magnetic-stirrer\/"]}]},{"@type":"ImageObject","inLanguage":"es","@id":"https:\/\/topkeymedical.com\/product\/mini-magnetic-stirrer-compact-magnetic-stirrer\/#primaryimage","url":"https:\/\/topkeymedical.com\/wp-content\/uploads\/2025\/12\/Mini-Magnetic-Stirrer-1.webp","contentUrl":"https:\/\/topkeymedical.com\/wp-content\/uploads\/2025\/12\/Mini-Magnetic-Stirrer-1.webp","width":645,"height":645,"caption":"Mini Magnetic Stirrer, Compact Magnetic Stirrer"},{"@type":"BreadcrumbList","@id":"https:\/\/topkeymedical.com\/product\/mini-magnetic-stirrer-compact-magnetic-stirrer\/#breadcrumb","itemListElement":[{"@type":"ListItem","position":1,"name":"Home","item":"https:\/\/topkeymedical.com\/"},{"@type":"ListItem","position":2,"name":"Products","item":"https:\/\/topkeymedical.com\/shop\/"},{"@type":"ListItem","position":3,"name":"Mini Magnetic Stirrer, Compact Magnetic Stirrer"}]},{"@type":"WebSite","@id":"https:\/\/topkeymedical.com\/#website","url":"https:\/\/topkeymedical.com\/","name":"TOPKEY- Precisi\u00f3n en cada detalle, guardi\u00e1n de la vida y la salud","description":"","publisher":{"@id":"https:\/\/topkeymedical.com\/#organization"},"potentialAction":[{"@type":"SearchAction","target":{"@type":"EntryPoint","urlTemplate":"https:\/\/topkeymedical.com\/?s={search_term_string}"},"query-input":{"@type":"PropertyValueSpecification","valueRequired":true,"valueName":"search_term_string"}}],"inLanguage":"es"},{"@type":"Organization","@id":"https:\/\/topkeymedical.com\/#organization","name":"TOPKEY- Precisi\u00f3n en cada detalle, guardi\u00e1n de la vida y la salud","url":"https:\/\/topkeymedical.com\/","logo":{"@type":"ImageObject","inLanguage":"es","@id":"https:\/\/topkeymedical.com\/#\/schema\/logo\/image\/","url":"https:\/\/topkeymedical.com\/wp-content\/uploads\/2025\/05\/cropped-logo.jpg","contentUrl":"https:\/\/topkeymedical.com\/wp-content\/uploads\/2025\/05\/cropped-logo.jpg","width":512,"height":512,"caption":"TOPKEY\u2013 Precision in Every Detail, Guardian of Life and Health"},"image":{"@id":"https:\/\/topkeymedical.com\/#\/schema\/logo\/image\/"},"sameAs":["https:\/\/www.facebook.com\/profile.php?id=100088897294997","https:\/\/www.youtube.com\/@TopkeyMedical-Alice888","https:\/\/www.linkedin.com\/in\/alice-hu-bb66a01b3\/"]}]}},"_links":{"self":[{"href":"https:\/\/topkeymedical.com\/es\/wp-json\/wp\/v2\/product\/1751","targetHints":{"allow":["GET"]}}],"collection":[{"href":"https:\/\/topkeymedical.com\/es\/wp-json\/wp\/v2\/product"}],"about":[{"href":"https:\/\/topkeymedical.com\/es\/wp-json\/wp\/v2\/types\/product"}],"version-history":[{"count":1,"href":"https:\/\/topkeymedical.com\/es\/wp-json\/wp\/v2\/product\/1751\/revisions"}],"predecessor-version":[{"id":1756,"href":"https:\/\/topkeymedical.com\/es\/wp-json\/wp\/v2\/product\/1751\/revisions\/1756"}],"wp:featuredmedia":[{"embeddable":true,"href":"https:\/\/topkeymedical.com\/es\/wp-json\/wp\/v2\/media\/1755"}],"wp:attachment":[{"href":"https:\/\/topkeymedical.com\/es\/wp-json\/wp\/v2\/media?parent=1751"}],"wp:term":[{"taxonomy":"product_brand","embeddable":true,"href":"https:\/\/topkeymedical.com\/es\/wp-json\/wp\/v2\/product_brand?post=1751"},{"taxonomy":"product_cat","embeddable":true,"href":"https:\/\/topkeymedical.com\/es\/wp-json\/wp\/v2\/product_cat?post=1751"},{"taxonomy":"product_tag","embeddable":true,"href":"https:\/\/topkeymedical.com\/es\/wp-json\/wp\/v2\/product_tag?post=1751"}],"curies":[{"name":"wp","href":"https:\/\/api.w.org\/{rel}","templated":true}]}}