{"id":1759,"date":"2025-12-23T13:17:52","date_gmt":"2025-12-23T13:17:52","guid":{"rendered":"https:\/\/topkeymedical.com\/?post_type=product&#038;p=1759"},"modified":"2025-12-23T13:17:52","modified_gmt":"2025-12-23T13:17:52","slug":"agitador-magnetico-sin-calefaccion","status":"publish","type":"product","link":"https:\/\/topkeymedical.com\/es\/producto\/agitador-magnetico-sin-calefaccion\/","title":{"rendered":"Agitador magn\u00e9tico con calefacci\u00f3n, Agitador magn\u00e9tico sin calefacci\u00f3n"},"content":{"rendered":"<p>El agitador magn\u00e9tico con calefacci\u00f3n\/sin calefacci\u00f3n TOPKEY est\u00e1 disponible en modelos monocanal y multicanal, presenta una pantalla LCD multicolor intuitiva para los par\u00e1metros de funcionamiento y admite el ajuste continuo de la velocidad de 200 a 1800 rpm.<\/p>\n<p>Este m\u00e9todo de agitaci\u00f3n es muy eficaz y permite una mezcla minuciosa sin necesidad de intervenci\u00f3n manual, lo que lo convierte en una herramienta esencial en diversos escenarios experimentales.<\/p>\n<h2>Agitador magn\u00e9tico de calentamiento monocanal<\/h2>\n<table>\n<tbody>\n<tr>\n<td width=\"284\">Tensi\u00f3n de alimentaci\u00f3n<\/td>\n<td width=\"284\">AC100-240V<\/td>\n<\/tr>\n<tr>\n<td width=\"284\">Potencia<\/td>\n<td width=\"284\">45W<\/td>\n<\/tr>\n<tr>\n<td width=\"284\">Modo de visualizaci\u00f3n<\/td>\n<td width=\"284\">LCD<\/td>\n<\/tr>\n<tr>\n<td width=\"284\">Velocidad de rotaci\u00f3n<\/td>\n<td width=\"284\">200-1600<\/td>\n<\/tr>\n<tr>\n<td width=\"284\">Gama de control de velocidad<\/td>\n<td width=\"284\">\u00b110rpm<\/td>\n<\/tr>\n<tr>\n<td width=\"284\">Tiempo efectivo de centrifugado<\/td>\n<td width=\"284\">1-99 horas y 59 minutos<\/td>\n<\/tr>\n<tr>\n<td width=\"284\">Temperatura de calentamiento<\/td>\n<td width=\"284\">RT-105\u00b0C<\/td>\n<\/tr>\n<tr>\n<td width=\"284\">Control de la temperatura<\/td>\n<td width=\"284\">L\u00ednea de temperatura integrada<\/td>\n<\/tr>\n<tr>\n<td width=\"284\">Capacidad m\u00e1xima del agitador<\/td>\n<td width=\"284\">5L<\/td>\n<\/tr>\n<tr>\n<td width=\"284\">Material del disco de trabajo<\/td>\n<td width=\"284\">Acero inoxidable 304<\/td>\n<\/tr>\n<tr>\n<td width=\"284\">Tama\u00f1o del \u00e1rea del disco de trabajo<\/td>\n<td width=\"284\">150*150<\/td>\n<\/tr>\n<tr>\n<td width=\"284\">Tipo de motor<\/td>\n<td width=\"284\">Motor de corriente continua sin escobillas<\/td>\n<\/tr>\n<tr>\n<td width=\"284\">Modo de control de tiempo<\/td>\n<td width=\"284\">Mando izquierdo<\/td>\n<\/tr>\n<tr>\n<td width=\"284\">Modo de control de velocidad<\/td>\n<td width=\"284\">El bot\u00f3n derecho controla<\/td>\n<\/tr>\n<\/tbody>\n<\/table>\n<h2>Agitador magn\u00e9tico monocanal sin calefacci\u00f3n<\/h2>\n<table>\n<tbody>\n<tr>\n<td width=\"284\">Tensi\u00f3n de alimentaci\u00f3n<\/td>\n<td width=\"284\">AC100-240V<\/td>\n<\/tr>\n<tr>\n<td width=\"284\">Potencia<\/td>\n<td width=\"284\">45W<\/td>\n<\/tr>\n<tr>\n<td width=\"284\">Modo de visualizaci\u00f3n<\/td>\n<td width=\"284\">LCD<\/td>\n<\/tr>\n<tr>\n<td width=\"284\">Velocidad de rotaci\u00f3n<\/td>\n<td width=\"284\">200-1600<\/td>\n<\/tr>\n<tr>\n<td width=\"284\">Gama de control de velocidad<\/td>\n<td width=\"284\">\u00b110rpm<\/td>\n<\/tr>\n<tr>\n<td width=\"284\">Tiempo efectivo de centrifugado<\/td>\n<td width=\"284\">1-99 horas 59 minutos<\/td>\n<\/tr>\n<tr>\n<td width=\"284\">Capacidad m\u00e1xima del agitador<\/td>\n<td width=\"284\">5L<\/td>\n<\/tr>\n<tr>\n<td width=\"284\">Material del disco de trabajo<\/td>\n<td width=\"284\">PC revestido, resistencia a la corrosi\u00f3n<\/td>\n<\/tr>\n<tr>\n<td width=\"284\">Tama\u00f1o del \u00e1rea de la placa de trabajo<\/td>\n<td width=\"284\">150*150<\/td>\n<\/tr>\n<tr>\n<td width=\"284\">Tipo de motor<\/td>\n<td width=\"284\">Motor de corriente continua sin escobillas<\/td>\n<\/tr>\n<tr>\n<td width=\"284\">Modo de control de tiempo<\/td>\n<td width=\"284\">Mando izquierdo<\/td>\n<\/tr>\n<tr>\n<td width=\"284\">Modo de control de velocidad<\/td>\n<td width=\"284\">El bot\u00f3n derecho controla<\/td>\n<\/tr>\n<\/tbody>\n<\/table>\n<p>&nbsp;<\/p>","protected":false},"excerpt":{"rendered":"<p>El agitador magn\u00e9tico con calefacci\u00f3n (agitador magn\u00e9tico sin calefacci\u00f3n) es un dispositivo de laboratorio que utiliza un campo magn\u00e9tico giratorio para hacer girar un peque\u00f1o im\u00e1n revestido (barra agitadora) dentro de un l\u00edquido, mezcl\u00e1ndolo sin contacto directo.<\/p>","protected":false},"featured_media":1763,"template":"","meta":{"_acf_changed":false,"site-sidebar-layout":"default","site-content-layout":"","ast-site-content-layout":"default","site-content-style":"default","site-sidebar-style":"default","ast-global-header-display":"","ast-banner-title-visibility":"","ast-main-header-display":"","ast-hfb-above-header-display":"","ast-hfb-below-header-display":"","ast-hfb-mobile-header-display":"","site-post-title":"","ast-breadcrumbs-content":"","ast-featured-img":"","footer-sml-layout":"","ast-disable-related-posts":"","theme-transparent-header-meta":"default","adv-header-id-meta":"","stick-header-meta":"","header-above-stick-meta":"","header-main-stick-meta":"","header-below-stick-meta":"","astra-migrate-meta-layouts":"set","ast-page-background-enabled":"default","ast-page-background-meta":{"desktop":{"background-color":"var(--ast-global-color-5)","background-image":"","background-repeat":"repeat","background-position":"center center","background-size":"auto","background-attachment":"scroll","background-type":"","background-media":"","overlay-type":"","overlay-color":"","overlay-opacity":"","overlay-gradient":""},"tablet":{"background-color":"","background-image":"","background-repeat":"repeat","background-position":"center center","background-size":"auto","background-attachment":"scroll","background-type":"","background-media":"","overlay-type":"","overlay-color":"","overlay-opacity":"","overlay-gradient":""},"mobile":{"background-color":"","background-image":"","background-repeat":"repeat","background-position":"center center","background-size":"auto","background-attachment":"scroll","background-type":"","background-media":"","overlay-type":"","overlay-color":"","overlay-opacity":"","overlay-gradient":""}},"ast-content-background-meta":{"desktop":{"background-color":"var(--ast-global-color-4)","background-image":"","background-repeat":"repeat","background-position":"center center","background-size":"auto","background-attachment":"scroll","background-type":"","background-media":"","overlay-type":"","overlay-color":"","overlay-opacity":"","overlay-gradient":""},"tablet":{"background-color":"var(--ast-global-color-4)","background-image":"","background-repeat":"repeat","background-position":"center center","background-size":"auto","background-attachment":"scroll","background-type":"","background-media":"","overlay-type":"","overlay-color":"","overlay-opacity":"","overlay-gradient":""},"mobile":{"background-color":"var(--ast-global-color-4)","background-image":"","background-repeat":"repeat","background-position":"center center","background-size":"auto","background-attachment":"scroll","background-type":"","background-media":"","overlay-type":"","overlay-color":"","overlay-opacity":"","overlay-gradient":""}}},"product_brand":[],"product_cat":[70],"product_tag":[],"class_list":{"0":"post-1759","1":"product","2":"type-product","3":"status-publish","4":"has-post-thumbnail","6":"product_cat-magnetic-stirrer-manufacturer","7":"desktop-align-left","8":"tablet-align-left","9":"mobile-align-left","11":"first","12":"instock","13":"shipping-taxable","14":"product-type-simple"},"acf":[],"yoast_head":"<!-- This site is optimized with the Yoast SEO plugin v27.4 - https:\/\/yoast.com\/product\/yoast-seo-wordpress\/ -->\n<title>Heating Magnetic Stirrer, Magnetic Stirrer Without Heating<\/title>\n<meta name=\"description\" content=\"The heating magnetic stirrer (magnetic stirrer without heating) is a lab device that uses a rotating magnetic field to spin a small\" \/>\n<meta name=\"robots\" content=\"index, follow, max-snippet:-1, max-image-preview:large, max-video-preview:-1\" \/>\n<link rel=\"canonical\" href=\"https:\/\/topkeymedical.com\/es\/producto\/agitador-magnetico-sin-calefaccion\/\" \/>\n<meta property=\"og:locale\" content=\"es_ES\" \/>\n<meta property=\"og:type\" content=\"article\" \/>\n<meta property=\"og:title\" content=\"Heating Magnetic Stirrer, Magnetic Stirrer Without Heating\" \/>\n<meta property=\"og:description\" content=\"The heating magnetic stirrer (magnetic stirrer without heating) is a lab device that uses a rotating magnetic field to spin a small\" \/>\n<meta property=\"og:url\" content=\"https:\/\/topkeymedical.com\/es\/producto\/agitador-magnetico-sin-calefaccion\/\" \/>\n<meta property=\"og:site_name\" content=\"TOPKEY\u2013 Precision in Every Detail, Guardian of Life and Health\" \/>\n<meta property=\"article:publisher\" content=\"https:\/\/www.facebook.com\/profile.php?id=100088897294997\" \/>\n<meta property=\"og:image\" content=\"https:\/\/topkeymedical.com\/wp-content\/uploads\/2025\/12\/Heating-Magnetic-Stirrer-1.webp\" \/>\n\t<meta property=\"og:image:width\" content=\"605\" \/>\n\t<meta property=\"og:image:height\" content=\"605\" \/>\n\t<meta property=\"og:image:type\" content=\"image\/webp\" \/>\n<meta name=\"twitter:card\" content=\"summary_large_image\" \/>\n<meta name=\"twitter:label1\" content=\"Tiempo de lectura\" \/>\n\t<meta name=\"twitter:data1\" content=\"2 minutos\" \/>\n<script type=\"application\/ld+json\" class=\"yoast-schema-graph\">{\"@context\":\"https:\\\/\\\/schema.org\",\"@graph\":[{\"@type\":\"WebPage\",\"@id\":\"https:\\\/\\\/topkeymedical.com\\\/product\\\/heating-magnetic-stirrer-without-heating\\\/\",\"url\":\"https:\\\/\\\/topkeymedical.com\\\/product\\\/heating-magnetic-stirrer-without-heating\\\/\",\"name\":\"Heating Magnetic Stirrer, Magnetic Stirrer Without Heating\",\"isPartOf\":{\"@id\":\"https:\\\/\\\/topkeymedical.com\\\/#website\"},\"primaryImageOfPage\":{\"@id\":\"https:\\\/\\\/topkeymedical.com\\\/product\\\/heating-magnetic-stirrer-without-heating\\\/#primaryimage\"},\"image\":{\"@id\":\"https:\\\/\\\/topkeymedical.com\\\/product\\\/heating-magnetic-stirrer-without-heating\\\/#primaryimage\"},\"thumbnailUrl\":\"https:\\\/\\\/topkeymedical.com\\\/wp-content\\\/uploads\\\/2025\\\/12\\\/Heating-Magnetic-Stirrer-1.webp\",\"datePublished\":\"2025-12-23T13:17:52+00:00\",\"description\":\"The heating magnetic stirrer (magnetic stirrer without heating) is a lab device that uses a rotating magnetic field to spin a small\",\"breadcrumb\":{\"@id\":\"https:\\\/\\\/topkeymedical.com\\\/product\\\/heating-magnetic-stirrer-without-heating\\\/#breadcrumb\"},\"inLanguage\":\"es\",\"potentialAction\":[{\"@type\":\"ReadAction\",\"target\":[\"https:\\\/\\\/topkeymedical.com\\\/product\\\/heating-magnetic-stirrer-without-heating\\\/\"]}]},{\"@type\":\"ImageObject\",\"inLanguage\":\"es\",\"@id\":\"https:\\\/\\\/topkeymedical.com\\\/product\\\/heating-magnetic-stirrer-without-heating\\\/#primaryimage\",\"url\":\"https:\\\/\\\/topkeymedical.com\\\/wp-content\\\/uploads\\\/2025\\\/12\\\/Heating-Magnetic-Stirrer-1.webp\",\"contentUrl\":\"https:\\\/\\\/topkeymedical.com\\\/wp-content\\\/uploads\\\/2025\\\/12\\\/Heating-Magnetic-Stirrer-1.webp\",\"width\":605,\"height\":605,\"caption\":\"Heating Magnetic Stirrer, Magnetic Stirrer Without Heating\"},{\"@type\":\"BreadcrumbList\",\"@id\":\"https:\\\/\\\/topkeymedical.com\\\/product\\\/heating-magnetic-stirrer-without-heating\\\/#breadcrumb\",\"itemListElement\":[{\"@type\":\"ListItem\",\"position\":1,\"name\":\"Home\",\"item\":\"https:\\\/\\\/topkeymedical.com\\\/\"},{\"@type\":\"ListItem\",\"position\":2,\"name\":\"Products\",\"item\":\"https:\\\/\\\/topkeymedical.com\\\/shop\\\/\"},{\"@type\":\"ListItem\",\"position\":3,\"name\":\"Heating Magnetic Stirrer, Magnetic Stirrer Without Heating\"}]},{\"@type\":\"WebSite\",\"@id\":\"https:\\\/\\\/topkeymedical.com\\\/#website\",\"url\":\"https:\\\/\\\/topkeymedical.com\\\/\",\"name\":\"TOPKEY\u2013 Precision in Every Detail, Guardian of Life and Health\",\"description\":\"\",\"publisher\":{\"@id\":\"https:\\\/\\\/topkeymedical.com\\\/#organization\"},\"potentialAction\":[{\"@type\":\"SearchAction\",\"target\":{\"@type\":\"EntryPoint\",\"urlTemplate\":\"https:\\\/\\\/topkeymedical.com\\\/?s={search_term_string}\"},\"query-input\":{\"@type\":\"PropertyValueSpecification\",\"valueRequired\":true,\"valueName\":\"search_term_string\"}}],\"inLanguage\":\"es\"},{\"@type\":\"Organization\",\"@id\":\"https:\\\/\\\/topkeymedical.com\\\/#organization\",\"name\":\"TOPKEY\u2013 Precision in Every Detail, Guardian of Life and Health\",\"url\":\"https:\\\/\\\/topkeymedical.com\\\/\",\"logo\":{\"@type\":\"ImageObject\",\"inLanguage\":\"es\",\"@id\":\"https:\\\/\\\/topkeymedical.com\\\/#\\\/schema\\\/logo\\\/image\\\/\",\"url\":\"https:\\\/\\\/topkeymedical.com\\\/wp-content\\\/uploads\\\/2025\\\/05\\\/cropped-logo.jpg\",\"contentUrl\":\"https:\\\/\\\/topkeymedical.com\\\/wp-content\\\/uploads\\\/2025\\\/05\\\/cropped-logo.jpg\",\"width\":512,\"height\":512,\"caption\":\"TOPKEY\u2013 Precision in Every Detail, Guardian of Life and Health\"},\"image\":{\"@id\":\"https:\\\/\\\/topkeymedical.com\\\/#\\\/schema\\\/logo\\\/image\\\/\"},\"sameAs\":[\"https:\\\/\\\/www.facebook.com\\\/profile.php?id=100088897294997\",\"https:\\\/\\\/www.youtube.com\\\/@TopkeyMedical-Alice888\",\"https:\\\/\\\/www.linkedin.com\\\/in\\\/alice-hu-bb66a01b3\\\/\"]}]}<\/script>\n<!-- \/ Yoast SEO plugin. -->","yoast_head_json":{"title":"Agitador magn\u00e9tico con calefacci\u00f3n, Agitador magn\u00e9tico sin calefacci\u00f3n","description":"El agitador magn\u00e9tico con calefacci\u00f3n (agitador magn\u00e9tico sin calefacci\u00f3n) es un dispositivo de laboratorio que utiliza un campo magn\u00e9tico giratorio para hacer girar un peque\u00f1o","robots":{"index":"index","follow":"follow","max-snippet":"max-snippet:-1","max-image-preview":"max-image-preview:large","max-video-preview":"max-video-preview:-1"},"canonical":"https:\/\/topkeymedical.com\/es\/producto\/agitador-magnetico-sin-calefaccion\/","og_locale":"es_ES","og_type":"article","og_title":"Heating Magnetic Stirrer, Magnetic Stirrer Without Heating","og_description":"The heating magnetic stirrer (magnetic stirrer without heating) is a lab device that uses a rotating magnetic field to spin a small","og_url":"https:\/\/topkeymedical.com\/es\/producto\/agitador-magnetico-sin-calefaccion\/","og_site_name":"TOPKEY\u2013 Precision in Every Detail, Guardian of Life and Health","article_publisher":"https:\/\/www.facebook.com\/profile.php?id=100088897294997","og_image":[{"width":605,"height":605,"url":"https:\/\/topkeymedical.com\/wp-content\/uploads\/2025\/12\/Heating-Magnetic-Stirrer-1.webp","type":"image\/webp"}],"twitter_card":"summary_large_image","twitter_misc":{"Tiempo de lectura":"2 minutos"},"schema":{"@context":"https:\/\/schema.org","@graph":[{"@type":"WebPage","@id":"https:\/\/topkeymedical.com\/product\/heating-magnetic-stirrer-without-heating\/","url":"https:\/\/topkeymedical.com\/product\/heating-magnetic-stirrer-without-heating\/","name":"Agitador magn\u00e9tico con calefacci\u00f3n, Agitador magn\u00e9tico sin calefacci\u00f3n","isPartOf":{"@id":"https:\/\/topkeymedical.com\/#website"},"primaryImageOfPage":{"@id":"https:\/\/topkeymedical.com\/product\/heating-magnetic-stirrer-without-heating\/#primaryimage"},"image":{"@id":"https:\/\/topkeymedical.com\/product\/heating-magnetic-stirrer-without-heating\/#primaryimage"},"thumbnailUrl":"https:\/\/topkeymedical.com\/wp-content\/uploads\/2025\/12\/Heating-Magnetic-Stirrer-1.webp","datePublished":"2025-12-23T13:17:52+00:00","description":"El agitador magn\u00e9tico con calefacci\u00f3n (agitador magn\u00e9tico sin calefacci\u00f3n) es un dispositivo de laboratorio que utiliza un campo magn\u00e9tico giratorio para hacer girar un peque\u00f1o","breadcrumb":{"@id":"https:\/\/topkeymedical.com\/product\/heating-magnetic-stirrer-without-heating\/#breadcrumb"},"inLanguage":"es","potentialAction":[{"@type":"ReadAction","target":["https:\/\/topkeymedical.com\/product\/heating-magnetic-stirrer-without-heating\/"]}]},{"@type":"ImageObject","inLanguage":"es","@id":"https:\/\/topkeymedical.com\/product\/heating-magnetic-stirrer-without-heating\/#primaryimage","url":"https:\/\/topkeymedical.com\/wp-content\/uploads\/2025\/12\/Heating-Magnetic-Stirrer-1.webp","contentUrl":"https:\/\/topkeymedical.com\/wp-content\/uploads\/2025\/12\/Heating-Magnetic-Stirrer-1.webp","width":605,"height":605,"caption":"Heating Magnetic Stirrer, Magnetic Stirrer Without Heating"},{"@type":"BreadcrumbList","@id":"https:\/\/topkeymedical.com\/product\/heating-magnetic-stirrer-without-heating\/#breadcrumb","itemListElement":[{"@type":"ListItem","position":1,"name":"Home","item":"https:\/\/topkeymedical.com\/"},{"@type":"ListItem","position":2,"name":"Products","item":"https:\/\/topkeymedical.com\/shop\/"},{"@type":"ListItem","position":3,"name":"Heating Magnetic Stirrer, Magnetic Stirrer Without Heating"}]},{"@type":"WebSite","@id":"https:\/\/topkeymedical.com\/#website","url":"https:\/\/topkeymedical.com\/","name":"TOPKEY- Precisi\u00f3n en cada detalle, guardi\u00e1n de la vida y la salud","description":"","publisher":{"@id":"https:\/\/topkeymedical.com\/#organization"},"potentialAction":[{"@type":"SearchAction","target":{"@type":"EntryPoint","urlTemplate":"https:\/\/topkeymedical.com\/?s={search_term_string}"},"query-input":{"@type":"PropertyValueSpecification","valueRequired":true,"valueName":"search_term_string"}}],"inLanguage":"es"},{"@type":"Organization","@id":"https:\/\/topkeymedical.com\/#organization","name":"TOPKEY- Precisi\u00f3n en cada detalle, guardi\u00e1n de la vida y la salud","url":"https:\/\/topkeymedical.com\/","logo":{"@type":"ImageObject","inLanguage":"es","@id":"https:\/\/topkeymedical.com\/#\/schema\/logo\/image\/","url":"https:\/\/topkeymedical.com\/wp-content\/uploads\/2025\/05\/cropped-logo.jpg","contentUrl":"https:\/\/topkeymedical.com\/wp-content\/uploads\/2025\/05\/cropped-logo.jpg","width":512,"height":512,"caption":"TOPKEY\u2013 Precision in Every Detail, Guardian of Life and Health"},"image":{"@id":"https:\/\/topkeymedical.com\/#\/schema\/logo\/image\/"},"sameAs":["https:\/\/www.facebook.com\/profile.php?id=100088897294997","https:\/\/www.youtube.com\/@TopkeyMedical-Alice888","https:\/\/www.linkedin.com\/in\/alice-hu-bb66a01b3\/"]}]}},"_links":{"self":[{"href":"https:\/\/topkeymedical.com\/es\/wp-json\/wp\/v2\/product\/1759","targetHints":{"allow":["GET"]}}],"collection":[{"href":"https:\/\/topkeymedical.com\/es\/wp-json\/wp\/v2\/product"}],"about":[{"href":"https:\/\/topkeymedical.com\/es\/wp-json\/wp\/v2\/types\/product"}],"version-history":[{"count":1,"href":"https:\/\/topkeymedical.com\/es\/wp-json\/wp\/v2\/product\/1759\/revisions"}],"predecessor-version":[{"id":1764,"href":"https:\/\/topkeymedical.com\/es\/wp-json\/wp\/v2\/product\/1759\/revisions\/1764"}],"wp:featuredmedia":[{"embeddable":true,"href":"https:\/\/topkeymedical.com\/es\/wp-json\/wp\/v2\/media\/1763"}],"wp:attachment":[{"href":"https:\/\/topkeymedical.com\/es\/wp-json\/wp\/v2\/media?parent=1759"}],"wp:term":[{"taxonomy":"product_brand","embeddable":true,"href":"https:\/\/topkeymedical.com\/es\/wp-json\/wp\/v2\/product_brand?post=1759"},{"taxonomy":"product_cat","embeddable":true,"href":"https:\/\/topkeymedical.com\/es\/wp-json\/wp\/v2\/product_cat?post=1759"},{"taxonomy":"product_tag","embeddable":true,"href":"https:\/\/topkeymedical.com\/es\/wp-json\/wp\/v2\/product_tag?post=1759"}],"curies":[{"name":"wp","href":"https:\/\/api.w.org\/{rel}","templated":true}]}}