{"id":1809,"date":"2026-01-06T07:38:15","date_gmt":"2026-01-06T07:38:15","guid":{"rendered":"https:\/\/topkeymedical.com\/?post_type=product&#038;p=1809"},"modified":"2026-01-06T07:38:15","modified_gmt":"2026-01-06T07:38:15","slug":"portaobjetos-con-camara-de-recuento-celular","status":"publish","type":"product","link":"https:\/\/topkeymedical.com\/es\/producto\/portaobjetos-con-camara-de-recuento-celular\/","title":{"rendered":"C\u00e1mara de recuento de c\u00e9lulas portaobjetos, C\u00e1mara de recuento de c\u00e9lulas sangu\u00edneas"},"content":{"rendered":"<p>A menudo denominado c\u00e1mara de recuento de c\u00e9lulas sangu\u00edneas, este portaobjetos de vidrio dise\u00f1ado con precisi\u00f3n est\u00e1 lejos de ser obsoleto.<\/p>\n<p>Su prevalencia continua es un testimonio de un conjunto \u00fanico de ventajas que la maquinaria sofisticada y costosa no puede replicar completamente.<\/p>\n<p>Para investigadores, cl\u00ednicos y estudiantes, la c\u00e1mara de recuento celular proporciona una combinaci\u00f3n de visualizaci\u00f3n directa, accesibilidad y fiabilidad, asegurando su papel vital en la biolog\u00eda celular cuantitativa.<\/p>\n<p>La ventaja m\u00e1s significativa de utilizar una c\u00e1mara de recuento celular es que proporciona una confirmaci\u00f3n directa y visual.<\/p>\n<p>A diferencia de los sistemas automatizados que funcionan como \u201ccajas negras\u201d, procesando las muestras sin la supervisi\u00f3n del usuario, el hemocit\u00f3metro permite al cient\u00edfico observar las c\u00e9lulas directamente al microscopio.<\/p>\n<p>Esto permite una evaluaci\u00f3n cualitativa cr\u00edtica junto con los datos cuantitativos.<\/p>\n<p>El investigador puede identificar inmediatamente la viabilidad celular mediante la exclusi\u00f3n del azul trip\u00e1n, detectar la presencia de aglomeraciones o restos que podr\u00edan sesgar los recuentos y observar la salud y morfolog\u00eda general del cultivo.<\/p>\n<p>Esta interacci\u00f3n pr\u00e1ctica con la muestra proporciona una capa de control de calidad insustituible, que garantiza que las cifras contadas tengan sentido desde el punto de vista biol\u00f3gico.<\/p>\n<p>Adem\u00e1s, la c\u00e1mara de recuento celular no tiene parang\u00f3n en cuanto a accesibilidad y rentabilidad.<\/p>\n<p>Un hemocit\u00f3metro de alta calidad es una inversi\u00f3n \u00fanica que s\u00f3lo requiere un microscopio de laboratorio est\u00e1ndar para su funcionamiento.<\/p>\n<p>Esto pone la cuantificaci\u00f3n celular precisa al alcance de pr\u00e1cticamente cualquier laboratorio, independientemente de las limitaciones presupuestarias.<\/p>\n<p>No hay costosos contratos de servicio, reactivos patentados ni licencias de software.<\/p>\n<p>Esta baja barrera de entrada convierte a la c\u00e1mara de recuento celular en una herramienta fundamental en laboratorios de ense\u00f1anza, cl\u00ednicas de campo e instalaciones de investigaci\u00f3n incipientes donde los recursos son limitados.<\/p>\n<p>Su sencillez garantiza que el trabajo vital pueda llevarse a cabo sin depender de instrumentaci\u00f3n compleja.<\/p>\n<h2>Diagrama de eficiencia del portaobjetos de la c\u00e1mara de recuento de c\u00e9lulas:<\/h2>\n<p><img fetchpriority=\"high\" decoding=\"async\" class=\"wp-image-1810 size-full alignnone\" src=\"https:\/\/topkeymedical.com\/wp-content\/uploads\/2026\/01\/Cell-counting-chamber-slide-efficiency-diagram.png\" alt=\"Diagrama de eficiencia del portaobjetos de la c\u00e1mara de recuento de c\u00e9lulas:\" width=\"644\" height=\"219\" srcset=\"https:\/\/topkeymedical.com\/wp-content\/uploads\/2026\/01\/Cell-counting-chamber-slide-efficiency-diagram.png 644w, https:\/\/topkeymedical.com\/wp-content\/uploads\/2026\/01\/Cell-counting-chamber-slide-efficiency-diagram-300x102.png 300w, https:\/\/topkeymedical.com\/wp-content\/uploads\/2026\/01\/Cell-counting-chamber-slide-efficiency-diagram-18x6.png 18w, https:\/\/topkeymedical.com\/wp-content\/uploads\/2026\/01\/Cell-counting-chamber-slide-efficiency-diagram-600x204.png 600w\" sizes=\"(max-width: 644px) 100vw, 644px\" \/><\/p>\n<h2>Especificaciones del producto:<\/h2>\n<table>\n<tbody>\n<tr>\n<td width=\"117\">Nombre del producto<\/td>\n<td colspan=\"5\" width=\"450\">Portaobjetos de c\u00e1mara de recuento de c\u00e9lulas de l\u00ednea oscura<\/td>\n<\/tr>\n<tr>\n<td width=\"117\">N\u00famero de art\u00edculo<\/td>\n<td colspan=\"5\" width=\"450\">XB-K-25Pro<\/td>\n<\/tr>\n<tr>\n<td width=\"117\">Estructural<\/p>\n<p>composici\u00f3n<\/td>\n<td colspan=\"5\" width=\"450\">El \u00e1rea de c\u00e1lculo de l\u00edneas brillantes est\u00e1 situada en el centro, y hay 2 \u00e1reas de c\u00e1lculo para cada panel de c\u00e1lculo representado por l\u00edneas brillantes, con una profundidad de 0,1 mm y un \u00e1rea de 0,0025 mm2 por celda.<\/td>\n<\/tr>\n<tr>\n<td width=\"117\">Caracter\u00edsticas del producto<\/td>\n<td colspan=\"5\" width=\"450\">Clara y f\u00e1cil de leer \\ Conteo preciso \\ Aliviar la fatiga ocular, incluso despu\u00e9s de repetidas l\u00edneas de separaci\u00f3n. El aclarado sigue siendo claro, lo que garantiza su durabilidad y precisi\u00f3n para un uso a largo plazo<\/td>\n<\/tr>\n<tr>\n<td width=\"117\">Aplicaci\u00f3n<\/td>\n<td colspan=\"5\" width=\"450\">El an\u00e1lisis sangu\u00edneo de los gl\u00f3bulos rojos y blancos y de las plaquetas tambi\u00e9n es aplicable a las c\u00e9lulas, Las bacterias, las esporas de hongos, el polen, etc. se contaron como part\u00edculas al microscopio.<\/td>\n<\/tr>\n<tr>\n<td colspan=\"2\" width=\"149\">Nombre del producto<\/td>\n<td width=\"104\">Tipo<\/p>\n<p>&nbsp;<\/td>\n<td width=\"86\">longitud (mm)<\/td>\n<td width=\"113\">anchura (mm)<\/td>\n<td width=\"113\">espesor (mm)<\/td>\n<\/tr>\n<tr>\n<td colspan=\"2\" width=\"149\">Recuento de c\u00e9lulas en la l\u00ednea oscura<\/p>\n<p>correderas de c\u00e1mara<\/td>\n<td width=\"104\">Neubauer<\/p>\n<p>mejorado<\/p>\n<p>c\u00e1mara<\/td>\n<td width=\"86\">75.6<\/td>\n<td width=\"113\">32.6<\/td>\n<td width=\"113\">4.5<\/td>\n<\/tr>\n<\/tbody>\n<\/table>\n<table>\n<tbody>\n<tr>\n<td width=\"117\">Nombre del producto<\/td>\n<td colspan=\"6\" width=\"450\">Portaobjetos de c\u00e1mara de recuento de c\u00e9lulas lisas<\/td>\n<\/tr>\n<tr>\n<td width=\"117\">N\u00famero de art\u00edculo<\/td>\n<td colspan=\"6\" width=\"450\">XB-K-25<\/td>\n<\/tr>\n<tr>\n<td width=\"117\">Estructural<\/p>\n<p>composici\u00f3n<\/td>\n<td colspan=\"6\" width=\"450\">De vidrio, vidrio org\u00e1nico o policarbonato,<\/p>\n<p>Tiene una marca de escala precisa<\/td>\n<\/tr>\n<tr>\n<td width=\"117\">Caracter\u00edsticas del producto<\/td>\n<td colspan=\"6\" width=\"450\">Grabado claro, buena visibilidad, buena mano de obra,<\/p>\n<p>buena transmitancia, datos precisos, ranura en forma de H<\/td>\n<\/tr>\n<tr>\n<td width=\"117\">Aplicaci\u00f3n<\/td>\n<td colspan=\"6\" width=\"450\">recuento cl\u00ednico de componentes visibles en muestras de sangre y fluidos corporales<\/td>\n<\/tr>\n<tr>\n<td colspan=\"2\" width=\"132\">Nombre del producto<\/td>\n<td colspan=\"2\" width=\"121\">Tipo<\/p>\n<p>&nbsp;<\/td>\n<td width=\"86\">longitud (mm)<\/td>\n<td width=\"113\">anchura (mm)<\/td>\n<td width=\"113\">espesor (mm)<\/td>\n<\/tr>\n<tr>\n<td colspan=\"3\" width=\"149\">Recuento de c\u00e9lulas<\/p>\n<p>correderas de c\u00e1mara<\/td>\n<td width=\"104\">Neubauer<\/p>\n<p>Tipo 25x16<\/td>\n<td width=\"86\">74<\/td>\n<td width=\"113\">34<\/td>\n<td width=\"113\">5<\/td>\n<\/tr>\n<\/tbody>\n<\/table>\n<table>\n<tbody>\n<tr>\n<td width=\"90\">Nombre del producto<\/td>\n<td colspan=\"5\" width=\"477\">Portaobjetos de c\u00e1mara de recuento celular Bright Line<\/td>\n<\/tr>\n<tr>\n<td width=\"90\">N\u00famero de art\u00edculo<\/td>\n<td colspan=\"5\" width=\"477\">XB-K-25Plus<\/td>\n<\/tr>\n<tr>\n<td width=\"90\">Estructural<\/p>\n<p>composici\u00f3n<\/td>\n<td colspan=\"5\" width=\"477\">El \u00e1rea de c\u00e1lculo de l\u00edneas brillantes est\u00e1 situada en el centro, y hay 2 \u00e1reas de c\u00e1lculo para cada panel de c\u00e1lculo<\/p>\n<p>La caracterizaci\u00f3n de las l\u00edneas se realiz\u00f3 con una profundidad de 0,1 mm y un \u00e1rea de 0,0025 mm2 por c\u00e9lula.<\/td>\n<\/tr>\n<tr>\n<td width=\"90\">Caracter\u00edsticas del producto<\/td>\n<td colspan=\"5\" width=\"477\">Fondo de metal plateado, visibilidad de la l\u00ednea de corte clara buena mano de obra<\/p>\n<p>Buena translucidez, datos precisos, ranura en forma de H, tratamiento y pulido especiales de la superficie.<\/td>\n<\/tr>\n<tr>\n<td width=\"90\">Aplicaci\u00f3n<\/td>\n<td colspan=\"5\" width=\"477\">El an\u00e1lisis de sangre de los gl\u00f3bulos rojos y blancos y de las plaquetas tambi\u00e9n es aplicable a las c\u00e9lulas,<\/p>\n<p>Las bacterias, las esporas de hongos, el polen, etc. se contaron como part\u00edculas al microscopio.<\/td>\n<\/tr>\n<tr>\n<td colspan=\"2\" width=\"141\">Nombre del producto<\/td>\n<td width=\"95\">Tipo<\/td>\n<td width=\"117\">longitud (mm)<\/td>\n<td width=\"100\">anchura (mm)<\/td>\n<td width=\"113\">espesor (mm)<\/td>\n<\/tr>\n<tr>\n<td colspan=\"2\" width=\"141\">C\u00e9lula de l\u00ednea brillante<\/p>\n<p>c\u00e1mara de recuento<\/p>\n<p>diapositivas<\/td>\n<td width=\"95\">Neubauer<\/p>\n<p>mejorado<\/p>\n<p>c\u00e1mara<\/td>\n<td width=\"117\">75<\/td>\n<td width=\"100\">33<\/td>\n<td width=\"113\">4<\/p>\n<p>&nbsp;<\/td>\n<\/tr>\n<\/tbody>\n<\/table>\n<p>Consejos: Los datos anteriores son mediciones manuales, si hay errores, por favor, compruebe el material.<\/p>","protected":false},"excerpt":{"rendered":"<p>En una era dominada por los cit\u00f3metros de flujo de alto rendimiento y los sistemas automatizados de an\u00e1lisis de im\u00e1genes, los humildes portaobjetos con c\u00e1mara de recuento celular siguen siendo una herramienta indispensable en los laboratorios biol\u00f3gicos y m\u00e9dicos de todo el mundo.<\/p>","protected":false},"featured_media":1805,"template":"","meta":{"_acf_changed":false,"site-sidebar-layout":"default","site-content-layout":"","ast-site-content-layout":"default","site-content-style":"default","site-sidebar-style":"default","ast-global-header-display":"","ast-banner-title-visibility":"","ast-main-header-display":"","ast-hfb-above-header-display":"","ast-hfb-below-header-display":"","ast-hfb-mobile-header-display":"","site-post-title":"","ast-breadcrumbs-content":"","ast-featured-img":"","footer-sml-layout":"","ast-disable-related-posts":"","theme-transparent-header-meta":"default","adv-header-id-meta":"","stick-header-meta":"","header-above-stick-meta":"","header-main-stick-meta":"","header-below-stick-meta":"","astra-migrate-meta-layouts":"set","ast-page-background-enabled":"default","ast-page-background-meta":{"desktop":{"background-color":"var(--ast-global-color-5)","background-image":"","background-repeat":"repeat","background-position":"center center","background-size":"auto","background-attachment":"scroll","background-type":"","background-media":"","overlay-type":"","overlay-color":"","overlay-opacity":"","overlay-gradient":""},"tablet":{"background-color":"","background-image":"","background-repeat":"repeat","background-position":"center center","background-size":"auto","background-attachment":"scroll","background-type":"","background-media":"","overlay-type":"","overlay-color":"","overlay-opacity":"","overlay-gradient":""},"mobile":{"background-color":"","background-image":"","background-repeat":"repeat","background-position":"center center","background-size":"auto","background-attachment":"scroll","background-type":"","background-media":"","overlay-type":"","overlay-color":"","overlay-opacity":"","overlay-gradient":""}},"ast-content-background-meta":{"desktop":{"background-color":"var(--ast-global-color-4)","background-image":"","background-repeat":"repeat","background-position":"center center","background-size":"auto","background-attachment":"scroll","background-type":"","background-media":"","overlay-type":"","overlay-color":"","overlay-opacity":"","overlay-gradient":""},"tablet":{"background-color":"var(--ast-global-color-4)","background-image":"","background-repeat":"repeat","background-position":"center center","background-size":"auto","background-attachment":"scroll","background-type":"","background-media":"","overlay-type":"","overlay-color":"","overlay-opacity":"","overlay-gradient":""},"mobile":{"background-color":"var(--ast-global-color-4)","background-image":"","background-repeat":"repeat","background-position":"center center","background-size":"auto","background-attachment":"scroll","background-type":"","background-media":"","overlay-type":"","overlay-color":"","overlay-opacity":"","overlay-gradient":""}}},"product_brand":[],"product_cat":[67],"product_tag":[],"class_list":{"0":"post-1809","1":"product","2":"type-product","3":"status-publish","4":"has-post-thumbnail","6":"product_cat-laboratory-consumables","7":"desktop-align-left","8":"tablet-align-left","9":"mobile-align-left","11":"first","12":"instock","13":"shipping-taxable","14":"product-type-simple"},"acf":[],"yoast_head":"<!-- This site is optimized with the Yoast SEO plugin v27.4 - https:\/\/yoast.com\/product\/yoast-seo-wordpress\/ -->\n<title>Cell Counting Chamber Slides, Blood cell counting chamber<\/title>\n<meta name=\"description\" content=\"In an era dominated by high-throughput flow cytometers, the humble cell counting chamber slides\u00a0remain an indispensable tool in biological\" \/>\n<meta name=\"robots\" content=\"index, follow, max-snippet:-1, max-image-preview:large, max-video-preview:-1\" \/>\n<link rel=\"canonical\" href=\"https:\/\/topkeymedical.com\/es\/producto\/portaobjetos-con-camara-de-recuento-celular\/\" \/>\n<meta property=\"og:locale\" content=\"es_ES\" \/>\n<meta property=\"og:type\" content=\"article\" \/>\n<meta property=\"og:title\" content=\"Cell Counting Chamber Slides, Blood cell counting chamber\" \/>\n<meta property=\"og:description\" content=\"In an era dominated by high-throughput flow cytometers, the humble cell counting chamber slides\u00a0remain an indispensable tool in biological\" \/>\n<meta property=\"og:url\" content=\"https:\/\/topkeymedical.com\/es\/producto\/portaobjetos-con-camara-de-recuento-celular\/\" \/>\n<meta property=\"og:site_name\" content=\"TOPKEY\u2013 Precision in Every Detail, Guardian of Life and Health\" \/>\n<meta property=\"article:publisher\" content=\"https:\/\/www.facebook.com\/profile.php?id=100088897294997\" \/>\n<meta property=\"og:image\" content=\"https:\/\/topkeymedical.com\/wp-content\/uploads\/2026\/01\/Cell-Counting-Chamber-Slides-1.webp\" \/>\n\t<meta property=\"og:image:width\" content=\"500\" \/>\n\t<meta property=\"og:image:height\" content=\"500\" \/>\n\t<meta property=\"og:image:type\" content=\"image\/webp\" \/>\n<meta name=\"twitter:card\" content=\"summary_large_image\" \/>\n<meta name=\"twitter:label1\" content=\"Tiempo de lectura\" \/>\n\t<meta name=\"twitter:data1\" content=\"4 minutos\" \/>\n<script type=\"application\/ld+json\" class=\"yoast-schema-graph\">{\"@context\":\"https:\\\/\\\/schema.org\",\"@graph\":[{\"@type\":\"WebPage\",\"@id\":\"https:\\\/\\\/topkeymedical.com\\\/product\\\/cell-counting-chamber-slides\\\/\",\"url\":\"https:\\\/\\\/topkeymedical.com\\\/product\\\/cell-counting-chamber-slides\\\/\",\"name\":\"Cell Counting Chamber Slides, Blood cell counting chamber\",\"isPartOf\":{\"@id\":\"https:\\\/\\\/topkeymedical.com\\\/#website\"},\"primaryImageOfPage\":{\"@id\":\"https:\\\/\\\/topkeymedical.com\\\/product\\\/cell-counting-chamber-slides\\\/#primaryimage\"},\"image\":{\"@id\":\"https:\\\/\\\/topkeymedical.com\\\/product\\\/cell-counting-chamber-slides\\\/#primaryimage\"},\"thumbnailUrl\":\"https:\\\/\\\/topkeymedical.com\\\/wp-content\\\/uploads\\\/2026\\\/01\\\/Cell-Counting-Chamber-Slides-1.webp\",\"datePublished\":\"2026-01-06T07:38:15+00:00\",\"description\":\"In an era dominated by high-throughput flow cytometers, the humble cell counting chamber slides\u00a0remain an indispensable tool in biological\",\"breadcrumb\":{\"@id\":\"https:\\\/\\\/topkeymedical.com\\\/product\\\/cell-counting-chamber-slides\\\/#breadcrumb\"},\"inLanguage\":\"es\",\"potentialAction\":[{\"@type\":\"ReadAction\",\"target\":[\"https:\\\/\\\/topkeymedical.com\\\/product\\\/cell-counting-chamber-slides\\\/\"]}]},{\"@type\":\"ImageObject\",\"inLanguage\":\"es\",\"@id\":\"https:\\\/\\\/topkeymedical.com\\\/product\\\/cell-counting-chamber-slides\\\/#primaryimage\",\"url\":\"https:\\\/\\\/topkeymedical.com\\\/wp-content\\\/uploads\\\/2026\\\/01\\\/Cell-Counting-Chamber-Slides-1.webp\",\"contentUrl\":\"https:\\\/\\\/topkeymedical.com\\\/wp-content\\\/uploads\\\/2026\\\/01\\\/Cell-Counting-Chamber-Slides-1.webp\",\"width\":500,\"height\":500,\"caption\":\"Cell Counting Chamber Slides, Blood cell counting chamber\"},{\"@type\":\"BreadcrumbList\",\"@id\":\"https:\\\/\\\/topkeymedical.com\\\/product\\\/cell-counting-chamber-slides\\\/#breadcrumb\",\"itemListElement\":[{\"@type\":\"ListItem\",\"position\":1,\"name\":\"Home\",\"item\":\"https:\\\/\\\/topkeymedical.com\\\/\"},{\"@type\":\"ListItem\",\"position\":2,\"name\":\"Products\",\"item\":\"https:\\\/\\\/topkeymedical.com\\\/shop\\\/\"},{\"@type\":\"ListItem\",\"position\":3,\"name\":\"Cell Counting Chamber Slides, Blood cell counting chamber\"}]},{\"@type\":\"WebSite\",\"@id\":\"https:\\\/\\\/topkeymedical.com\\\/#website\",\"url\":\"https:\\\/\\\/topkeymedical.com\\\/\",\"name\":\"TOPKEY\u2013 Precision in Every Detail, Guardian of Life and Health\",\"description\":\"\",\"publisher\":{\"@id\":\"https:\\\/\\\/topkeymedical.com\\\/#organization\"},\"potentialAction\":[{\"@type\":\"SearchAction\",\"target\":{\"@type\":\"EntryPoint\",\"urlTemplate\":\"https:\\\/\\\/topkeymedical.com\\\/?s={search_term_string}\"},\"query-input\":{\"@type\":\"PropertyValueSpecification\",\"valueRequired\":true,\"valueName\":\"search_term_string\"}}],\"inLanguage\":\"es\"},{\"@type\":\"Organization\",\"@id\":\"https:\\\/\\\/topkeymedical.com\\\/#organization\",\"name\":\"TOPKEY\u2013 Precision in Every Detail, Guardian of Life and Health\",\"url\":\"https:\\\/\\\/topkeymedical.com\\\/\",\"logo\":{\"@type\":\"ImageObject\",\"inLanguage\":\"es\",\"@id\":\"https:\\\/\\\/topkeymedical.com\\\/#\\\/schema\\\/logo\\\/image\\\/\",\"url\":\"https:\\\/\\\/topkeymedical.com\\\/wp-content\\\/uploads\\\/2025\\\/05\\\/cropped-logo.jpg\",\"contentUrl\":\"https:\\\/\\\/topkeymedical.com\\\/wp-content\\\/uploads\\\/2025\\\/05\\\/cropped-logo.jpg\",\"width\":512,\"height\":512,\"caption\":\"TOPKEY\u2013 Precision in Every Detail, Guardian of Life and Health\"},\"image\":{\"@id\":\"https:\\\/\\\/topkeymedical.com\\\/#\\\/schema\\\/logo\\\/image\\\/\"},\"sameAs\":[\"https:\\\/\\\/www.facebook.com\\\/profile.php?id=100088897294997\",\"https:\\\/\\\/www.youtube.com\\\/@TopkeyMedical-Alice888\",\"https:\\\/\\\/www.linkedin.com\\\/in\\\/alice-hu-bb66a01b3\\\/\"]}]}<\/script>\n<!-- \/ Yoast SEO plugin. -->","yoast_head_json":{"title":"C\u00e1mara de recuento de c\u00e9lulas portaobjetos, C\u00e1mara de recuento de c\u00e9lulas sangu\u00edneas","description":"En una era dominada por los cit\u00f3metros de flujo de alto rendimiento, los humildes portaobjetos con c\u00e1mara de recuento celular siguen siendo una herramienta indispensable en la biolog\u00eda.","robots":{"index":"index","follow":"follow","max-snippet":"max-snippet:-1","max-image-preview":"max-image-preview:large","max-video-preview":"max-video-preview:-1"},"canonical":"https:\/\/topkeymedical.com\/es\/producto\/portaobjetos-con-camara-de-recuento-celular\/","og_locale":"es_ES","og_type":"article","og_title":"Cell Counting Chamber Slides, Blood cell counting chamber","og_description":"In an era dominated by high-throughput flow cytometers, the humble cell counting chamber slides\u00a0remain an indispensable tool in biological","og_url":"https:\/\/topkeymedical.com\/es\/producto\/portaobjetos-con-camara-de-recuento-celular\/","og_site_name":"TOPKEY\u2013 Precision in Every Detail, Guardian of Life and Health","article_publisher":"https:\/\/www.facebook.com\/profile.php?id=100088897294997","og_image":[{"width":500,"height":500,"url":"https:\/\/topkeymedical.com\/wp-content\/uploads\/2026\/01\/Cell-Counting-Chamber-Slides-1.webp","type":"image\/webp"}],"twitter_card":"summary_large_image","twitter_misc":{"Tiempo de lectura":"4 minutos"},"schema":{"@context":"https:\/\/schema.org","@graph":[{"@type":"WebPage","@id":"https:\/\/topkeymedical.com\/product\/cell-counting-chamber-slides\/","url":"https:\/\/topkeymedical.com\/product\/cell-counting-chamber-slides\/","name":"C\u00e1mara de recuento de c\u00e9lulas portaobjetos, C\u00e1mara de recuento de c\u00e9lulas sangu\u00edneas","isPartOf":{"@id":"https:\/\/topkeymedical.com\/#website"},"primaryImageOfPage":{"@id":"https:\/\/topkeymedical.com\/product\/cell-counting-chamber-slides\/#primaryimage"},"image":{"@id":"https:\/\/topkeymedical.com\/product\/cell-counting-chamber-slides\/#primaryimage"},"thumbnailUrl":"https:\/\/topkeymedical.com\/wp-content\/uploads\/2026\/01\/Cell-Counting-Chamber-Slides-1.webp","datePublished":"2026-01-06T07:38:15+00:00","description":"En una era dominada por los cit\u00f3metros de flujo de alto rendimiento, los humildes portaobjetos con c\u00e1mara de recuento celular siguen siendo una herramienta indispensable en la biolog\u00eda.","breadcrumb":{"@id":"https:\/\/topkeymedical.com\/product\/cell-counting-chamber-slides\/#breadcrumb"},"inLanguage":"es","potentialAction":[{"@type":"ReadAction","target":["https:\/\/topkeymedical.com\/product\/cell-counting-chamber-slides\/"]}]},{"@type":"ImageObject","inLanguage":"es","@id":"https:\/\/topkeymedical.com\/product\/cell-counting-chamber-slides\/#primaryimage","url":"https:\/\/topkeymedical.com\/wp-content\/uploads\/2026\/01\/Cell-Counting-Chamber-Slides-1.webp","contentUrl":"https:\/\/topkeymedical.com\/wp-content\/uploads\/2026\/01\/Cell-Counting-Chamber-Slides-1.webp","width":500,"height":500,"caption":"Cell Counting Chamber Slides, Blood cell counting chamber"},{"@type":"BreadcrumbList","@id":"https:\/\/topkeymedical.com\/product\/cell-counting-chamber-slides\/#breadcrumb","itemListElement":[{"@type":"ListItem","position":1,"name":"Home","item":"https:\/\/topkeymedical.com\/"},{"@type":"ListItem","position":2,"name":"Products","item":"https:\/\/topkeymedical.com\/shop\/"},{"@type":"ListItem","position":3,"name":"Cell Counting Chamber Slides, Blood cell counting chamber"}]},{"@type":"WebSite","@id":"https:\/\/topkeymedical.com\/#website","url":"https:\/\/topkeymedical.com\/","name":"TOPKEY- Precisi\u00f3n en cada detalle, guardi\u00e1n de la vida y la salud","description":"","publisher":{"@id":"https:\/\/topkeymedical.com\/#organization"},"potentialAction":[{"@type":"SearchAction","target":{"@type":"EntryPoint","urlTemplate":"https:\/\/topkeymedical.com\/?s={search_term_string}"},"query-input":{"@type":"PropertyValueSpecification","valueRequired":true,"valueName":"search_term_string"}}],"inLanguage":"es"},{"@type":"Organization","@id":"https:\/\/topkeymedical.com\/#organization","name":"TOPKEY- Precisi\u00f3n en cada detalle, guardi\u00e1n de la vida y la salud","url":"https:\/\/topkeymedical.com\/","logo":{"@type":"ImageObject","inLanguage":"es","@id":"https:\/\/topkeymedical.com\/#\/schema\/logo\/image\/","url":"https:\/\/topkeymedical.com\/wp-content\/uploads\/2025\/05\/cropped-logo.jpg","contentUrl":"https:\/\/topkeymedical.com\/wp-content\/uploads\/2025\/05\/cropped-logo.jpg","width":512,"height":512,"caption":"TOPKEY\u2013 Precision in Every Detail, Guardian of Life and Health"},"image":{"@id":"https:\/\/topkeymedical.com\/#\/schema\/logo\/image\/"},"sameAs":["https:\/\/www.facebook.com\/profile.php?id=100088897294997","https:\/\/www.youtube.com\/@TopkeyMedical-Alice888","https:\/\/www.linkedin.com\/in\/alice-hu-bb66a01b3\/"]}]}},"_links":{"self":[{"href":"https:\/\/topkeymedical.com\/es\/wp-json\/wp\/v2\/product\/1809","targetHints":{"allow":["GET"]}}],"collection":[{"href":"https:\/\/topkeymedical.com\/es\/wp-json\/wp\/v2\/product"}],"about":[{"href":"https:\/\/topkeymedical.com\/es\/wp-json\/wp\/v2\/types\/product"}],"version-history":[{"count":1,"href":"https:\/\/topkeymedical.com\/es\/wp-json\/wp\/v2\/product\/1809\/revisions"}],"predecessor-version":[{"id":1811,"href":"https:\/\/topkeymedical.com\/es\/wp-json\/wp\/v2\/product\/1809\/revisions\/1811"}],"wp:featuredmedia":[{"embeddable":true,"href":"https:\/\/topkeymedical.com\/es\/wp-json\/wp\/v2\/media\/1805"}],"wp:attachment":[{"href":"https:\/\/topkeymedical.com\/es\/wp-json\/wp\/v2\/media?parent=1809"}],"wp:term":[{"taxonomy":"product_brand","embeddable":true,"href":"https:\/\/topkeymedical.com\/es\/wp-json\/wp\/v2\/product_brand?post=1809"},{"taxonomy":"product_cat","embeddable":true,"href":"https:\/\/topkeymedical.com\/es\/wp-json\/wp\/v2\/product_cat?post=1809"},{"taxonomy":"product_tag","embeddable":true,"href":"https:\/\/topkeymedical.com\/es\/wp-json\/wp\/v2\/product_tag?post=1809"}],"curies":[{"name":"wp","href":"https:\/\/api.w.org\/{rel}","templated":true}]}}