{"id":1816,"date":"2026-01-06T13:23:29","date_gmt":"2026-01-06T13:23:29","guid":{"rendered":"https:\/\/topkeymedical.com\/?post_type=product&#038;p=1816"},"modified":"2026-01-06T13:23:30","modified_gmt":"2026-01-06T13:23:30","slug":"0-22-0-45-micras-filtro-de-aguja","status":"publish","type":"product","link":"https:\/\/topkeymedical.com\/es\/producto\/0-22-0-45-micras-filtro-de-aguja\/","title":{"rendered":"Filtro de agujas de 0,22 - 0,45 micras, agujas filtrantes rojas"},"content":{"rendered":"<h2>Introducci\u00f3n del producto:<\/h2>\n<p>Su estructura lisa y sin rebabas garantiza un ajuste perfecto con las jeringas, mientras que el dise\u00f1o de cierre herm\u00e9tico evita las fugas durante la filtraci\u00f3n.<\/p>\n<p>El filtro de aguja tambi\u00e9n ofrece una alta eficacia de filtraci\u00f3n, atrapando completamente las impurezas para garantizar la pureza de la muestra y proteger el equipo aguas abajo, y es compatible con varios disolventes y tipos de l\u00edquidos, adapt\u00e1ndose a diferentes escenarios experimentales.<\/p>\n<p>Con un dise\u00f1o ligero y desechable, este filtro es f\u00e1cil de manejar y evita la contaminaci\u00f3n cruzada; su envase codificado por colores permite identificar r\u00e1pidamente las especificaciones.<\/p>\n<p>Ya sea para la preparaci\u00f3n de muestras, la clarificaci\u00f3n de disolventes o la filtraci\u00f3n rutinaria de laboratorio, permite realizar tareas de purificaci\u00f3n sin problemas gracias a su gran eficacia, versatilidad y facilidad de uso.<\/p>\n<h2>Par\u00e1metros del filtro de agujas:<\/h2>\n<table>\n<tbody>\n<tr>\n<td width=\"128\">Nombre del producto<\/td>\n<td width=\"409\">Filtro de aguja<\/td>\n<\/tr>\n<tr>\n<td width=\"128\">Color del producto<\/td>\n<td width=\"409\">Verde, rojo, morado, amarillo<\/td>\n<\/tr>\n<tr>\n<td width=\"128\">Material del producto<\/td>\n<td width=\"409\">Fluoruro de polivinilideno <a href=\"https:\/\/www.specialchem.com\/plastics\/guide\/polyvinylidene-fluoride-pvdf-plastic\" target=\"_blank\" rel=\"noopener\">PVDF<\/a>, politetrafluoroetileno <a href=\"https:\/\/en.wikipedia.org\/wiki\/Polytetrafluoroethylene\" target=\"_blank\" rel=\"noopener\">PTFE<\/a>, poli\u00e9ter sulfona PES, celulosa mixta MCE y nailon org\u00e1nico 6<\/td>\n<\/tr>\n<tr>\n<td width=\"128\">Producto<\/p>\n<p>especificaci\u00f3n<\/td>\n<td width=\"409\">13mm*0,22\u03bcm, 13mm*0,45\u03bcm, 25mm*0,22\u03bcm,<\/p>\n<p>25mm*0,45um<\/td>\n<\/tr>\n<tr>\n<td width=\"128\">Uso del producto<\/td>\n<td width=\"409\">Para prefiltraci\u00f3n de muestras y disolventes para eliminar part\u00edculas contaminantes, Filtraci\u00f3n bactericida de l\u00edquidos y gases<\/td>\n<\/tr>\n<\/tbody>\n<\/table>\n<h2>Tabla de informaci\u00f3n de par\u00e1metros:<\/h2>\n<table width=\"0\">\n<thead>\n<tr>\n<td width=\"87\">Tipo<\/td>\n<td width=\"126\">Material<\/td>\n<td width=\"57\">Color<\/td>\n<td width=\"67\">Di\u00e1metro<\/td>\n<td width=\"65\">Apertura<\/td>\n<td width=\"56\">Validez<\/td>\n<td width=\"90\">Cantidad\/caja<\/td>\n<\/tr>\n<\/thead>\n<tbody>\n<tr>\n<td width=\"87\">Ecol\u00f3gico<\/p>\n<p>sistema<\/td>\n<td width=\"126\">Nylon org\u00e1nico 6<\/td>\n<td width=\"57\">amarillo<\/td>\n<td width=\"67\">13 mm<\/td>\n<td width=\"65\">0,22um<\/td>\n<td width=\"56\">5 a\u00f1os<\/td>\n<td width=\"90\">100PCS\/caja<\/td>\n<\/tr>\n<tr>\n<td width=\"87\">Ecol\u00f3gico<\/p>\n<p>sistema<\/td>\n<td width=\"126\">Nylon org\u00e1nico 6<\/td>\n<td width=\"57\">amarillo<\/td>\n<td width=\"67\">13 mm<\/td>\n<td width=\"65\">0,45um<\/td>\n<td width=\"56\">5 a\u00f1os<\/td>\n<td width=\"90\">100PCS\/caja<\/td>\n<\/tr>\n<tr>\n<td width=\"87\">Ecol\u00f3gico<\/p>\n<p>sistema<\/td>\n<td width=\"126\">Nylon org\u00e1nico 6<\/td>\n<td width=\"57\">amarillo<\/td>\n<td width=\"67\">25 mm<\/td>\n<td width=\"65\">0,22um<\/td>\n<td width=\"56\">5 a\u00f1os<\/td>\n<td width=\"90\">100PCS\/caja<\/td>\n<\/tr>\n<tr>\n<td width=\"87\">Ecol\u00f3gico<\/p>\n<p>sistema<\/td>\n<td width=\"126\">Nylon org\u00e1nico 6<\/td>\n<td width=\"57\">amarillo<\/td>\n<td width=\"67\">25 mm<\/td>\n<td width=\"65\">0,45um<\/td>\n<td width=\"56\">5 a\u00f1os<\/td>\n<td width=\"90\">100PCS\/caja<\/td>\n<\/tr>\n<tr>\n<td width=\"87\">Drenaje<\/td>\n<td width=\"126\">Celulosa mixta MCE<\/td>\n<td width=\"57\">Verde<\/td>\n<td width=\"67\">13 mm<\/td>\n<td width=\"65\">0,22um<\/td>\n<td width=\"56\">5 a\u00f1os<\/td>\n<td width=\"90\">100PCS\/caja<\/td>\n<\/tr>\n<tr>\n<td width=\"87\">Drenaje<\/td>\n<td width=\"126\">Celulosa mixta MCE<\/td>\n<td width=\"57\">Verde<\/td>\n<td width=\"67\">13 mm<\/td>\n<td width=\"65\">0,45um<\/td>\n<td width=\"56\">5 a\u00f1os<\/td>\n<td width=\"90\">100PCS\/caja<\/td>\n<\/tr>\n<tr>\n<td width=\"87\">Drenaje<\/td>\n<td width=\"126\">Celulosa mixta MCE<\/td>\n<td width=\"57\">Verde<\/td>\n<td width=\"67\">25 mm<\/td>\n<td width=\"65\">0,22um<\/td>\n<td width=\"56\">5 a\u00f1os<\/td>\n<td width=\"90\">100PCS\/caja<\/td>\n<\/tr>\n<tr>\n<td width=\"87\">Drenaje<\/td>\n<td width=\"126\">Celulosa mixta MCE<\/td>\n<td width=\"57\">Verde<\/td>\n<td width=\"67\">25 mm<\/td>\n<td width=\"65\">0,45um<\/td>\n<td width=\"56\">5 a\u00f1os<\/td>\n<td width=\"90\">100PCS\/caja<\/td>\n<\/tr>\n<tr>\n<td width=\"87\">Drenaje<\/td>\n<td width=\"126\">Poli\u00e9ter sulfona PES<\/td>\n<td width=\"57\">Verde<\/td>\n<td width=\"67\">13 mm<\/td>\n<td width=\"65\">0,22um<\/td>\n<td width=\"56\">5 a\u00f1os<\/td>\n<td width=\"90\">100PCS\/caja<\/td>\n<\/tr>\n<tr>\n<td width=\"87\">Drenaje<\/td>\n<td width=\"126\">Poli\u00e9ter sulfona PES<\/td>\n<td width=\"57\">Verde<\/td>\n<td width=\"67\">13 mm<\/td>\n<td width=\"65\">0,45um<\/td>\n<td width=\"56\">5 a\u00f1os<\/td>\n<td width=\"90\">100PCS\/caja<\/td>\n<\/tr>\n<tr>\n<td width=\"87\">Drenaje<\/td>\n<td width=\"126\">Poli\u00e9ter sulfona PES<\/td>\n<td width=\"57\">Verde<\/td>\n<td width=\"67\">25 mm<\/td>\n<td width=\"65\">0,22um<\/td>\n<td width=\"56\">5 a\u00f1os<\/td>\n<td width=\"90\">100PCS\/caja<\/td>\n<\/tr>\n<tr>\n<td width=\"87\">Drenaje<\/td>\n<td width=\"126\">Poli\u00e9ter sulfona PES<\/td>\n<td width=\"57\">Verde<\/td>\n<td width=\"67\">25 mm<\/td>\n<td width=\"65\">0,45um<\/td>\n<td width=\"56\">5 a\u00f1os<\/td>\n<td width=\"90\">100PCS\/caja<\/td>\n<\/tr>\n<tr>\n<td width=\"87\">Hidr\u00f3filo<\/td>\n<td width=\"126\">Tetrafluoroetileno PTFE(Q)<\/td>\n<td width=\"57\">Rojo<\/td>\n<td width=\"67\">13 mm<\/td>\n<td width=\"65\">0,22um<\/td>\n<td width=\"56\">5 a\u00f1os<\/td>\n<td width=\"90\">100PCS\/caja<\/td>\n<\/tr>\n<tr>\n<td width=\"87\">Hidr\u00f3filo<\/td>\n<td width=\"126\">Tetrafluoroetileno PTFE(Q)<\/td>\n<td width=\"57\">Rojo<\/td>\n<td width=\"67\">13 mm<\/td>\n<td width=\"65\">0,45um<\/td>\n<td width=\"56\">5 a\u00f1os<\/td>\n<td width=\"90\">100PCS\/caja<\/td>\n<\/tr>\n<tr>\n<td width=\"87\">Hidr\u00f3fobo<\/td>\n<td width=\"126\">PTFE(S)<\/td>\n<td width=\"57\">Rojo<\/td>\n<td width=\"67\">13 mm<\/td>\n<td width=\"65\">0,22\u00b5m<\/td>\n<td width=\"56\">5 a\u00f1os<\/td>\n<td width=\"90\">100PCS\/caja<\/td>\n<\/tr>\n<tr>\n<td width=\"87\">Hidr\u00f3fobo<\/td>\n<td width=\"126\">PTFE(S)<\/td>\n<td width=\"57\">Rojo<\/td>\n<td width=\"67\">13 mm<\/td>\n<td width=\"65\">0,45um<\/td>\n<td width=\"56\">5 a\u00f1os<\/td>\n<td width=\"90\">100PCS\/caja<\/td>\n<\/tr>\n<tr>\n<td width=\"87\">Hidr\u00f3filo<\/td>\n<td width=\"126\">Tetrafluoroetileno PTFE[Q)<\/td>\n<td width=\"57\">Rojo<\/td>\n<td width=\"67\">25 mm<\/td>\n<td width=\"65\">0,22\u00b5m<\/td>\n<td width=\"56\">5 a\u00f1os<\/td>\n<td width=\"90\">100PCS\/caja<\/td>\n<\/tr>\n<tr>\n<td width=\"87\">Hidr\u00f3filo<\/td>\n<td width=\"126\">Tetrafluoroetileno PTFE[O)<\/td>\n<td width=\"57\">Rojo<\/td>\n<td width=\"67\">25 mm<\/td>\n<td width=\"65\">0,45um<\/p>\n<p>&nbsp;<\/td>\n<td width=\"56\">5 a\u00f1os<\/td>\n<td width=\"90\">100PCS\/caja<\/td>\n<\/tr>\n<tr>\n<td width=\"87\">Hidr\u00f3fobo<\/td>\n<td width=\"126\">PTFE(S)<\/td>\n<td width=\"57\">Rojo<\/td>\n<td width=\"67\">25 mm<\/td>\n<td width=\"65\">0,22um<\/td>\n<td width=\"56\">5 a\u00f1os<\/td>\n<td width=\"90\">100PCS\/caja<\/td>\n<\/tr>\n<tr>\n<td width=\"87\">Hidr\u00f3fobo<\/td>\n<td width=\"126\">PTFE(S)<\/td>\n<td width=\"57\">Rojo<\/td>\n<td width=\"67\">25 mm<\/td>\n<td width=\"65\">0,45um<\/td>\n<td width=\"56\">5 a\u00f1os<\/td>\n<td width=\"90\">100PCS\/caja<\/td>\n<\/tr>\n<tr>\n<td width=\"87\">Hidr\u00f3filo<\/td>\n<td width=\"126\">Fluoruro de polivinilideno PVDF(Q)<\/td>\n<td width=\"57\">Fucsia<\/td>\n<td width=\"67\">13 mm<\/td>\n<td width=\"65\">0,22\u00b5m<\/td>\n<td width=\"56\">5 a\u00f1os<\/td>\n<td width=\"90\">100PCS\/caja<\/td>\n<\/tr>\n<tr>\n<td width=\"87\">Hidr\u00f3filo<\/td>\n<td width=\"126\">Fluoruro de polivinilideno PVDF(Q)<\/td>\n<td width=\"57\">Fucsia<\/td>\n<td width=\"67\">13 mm<\/td>\n<td width=\"65\">0,45um<\/td>\n<td width=\"56\">5 a\u00f1os<\/td>\n<td width=\"90\">100PCS\/caja<\/td>\n<\/tr>\n<tr>\n<td width=\"87\">Hidr\u00f3fobo<\/td>\n<td width=\"126\">Fluoruro de polivinilideno PVDF(S)<\/td>\n<td width=\"57\">Fucsia<\/td>\n<td width=\"67\">13 mm<\/td>\n<td width=\"65\">0,22um<\/td>\n<td width=\"56\">5 a\u00f1os<\/td>\n<td width=\"90\">100PCS\/caja<\/td>\n<\/tr>\n<tr>\n<td width=\"87\">Hidr\u00f3fobo<\/td>\n<td width=\"126\">Fluoruro de polivinilideno PVDF(S)<\/td>\n<td width=\"57\">Fucsia<\/td>\n<td width=\"67\">13 mm<\/td>\n<td width=\"65\">0,45um<\/td>\n<td width=\"56\">5 a\u00f1os<\/td>\n<td width=\"90\">100PCS\/caja<\/td>\n<\/tr>\n<tr>\n<td width=\"87\">Hidr\u00f3filo<\/td>\n<td width=\"126\">Fluoruro de polivinilideno PVDF(Q)<\/td>\n<td width=\"57\">Fucsia<\/td>\n<td width=\"67\">25 mm<\/td>\n<td width=\"65\">0,22um<\/td>\n<td width=\"56\">5 a\u00f1os<\/td>\n<td width=\"90\">100PCS\/caja<\/td>\n<\/tr>\n<tr>\n<td width=\"87\">Hidr\u00f3filo<\/td>\n<td width=\"126\">Fluoruro de polivinilideno PVDF(Q)<\/td>\n<td width=\"57\">Fucsia<\/td>\n<td width=\"67\">25 mm<\/td>\n<td width=\"65\">0,45um<\/td>\n<td width=\"56\">5 a\u00f1os<\/td>\n<td width=\"90\">100PCS\/caja<\/td>\n<\/tr>\n<tr>\n<td width=\"87\">Hidr\u00f3fobo<\/td>\n<td width=\"126\">Fluoruro de polivinilideno PVDF(S)<\/td>\n<td width=\"57\">Fucsia<\/td>\n<td width=\"67\">25 mm<\/td>\n<td width=\"65\">0,22um<\/td>\n<td width=\"56\">5 a\u00f1os<\/td>\n<td width=\"90\">100PCS\/caja<\/td>\n<\/tr>\n<tr>\n<td width=\"87\">Hidr\u00f3fobo<\/td>\n<td width=\"126\">Fluoruro de polivinilideno PVDF(S)<\/td>\n<td width=\"57\">Fucsia<\/td>\n<td width=\"67\">25 mm<\/td>\n<td width=\"65\">0,45um<\/td>\n<td width=\"56\">5 a\u00f1os<\/td>\n<td width=\"90\">100PCS\/caja<\/td>\n<\/tr>\n<\/tbody>\n<\/table>","protected":false},"excerpt":{"rendered":"<p>El filtro de agujas TOPKEY, dise\u00f1ado para el laboratorio, la investigaci\u00f3n y la industria, es un socio fiable para la filtraci\u00f3n precisa de l\u00edquidos.<br \/>\nConstruido con una carcasa de polipropileno (PP) y una membrana filtrante de fibra\/poli\u00e9ster (PE\/PET), se presenta en m\u00faltiples especificaciones para adaptarse a diversas necesidades de filtraci\u00f3n.<\/p>","protected":false},"featured_media":1815,"template":"","meta":{"_acf_changed":false,"site-sidebar-layout":"default","site-content-layout":"","ast-site-content-layout":"default","site-content-style":"default","site-sidebar-style":"default","ast-global-header-display":"","ast-banner-title-visibility":"","ast-main-header-display":"","ast-hfb-above-header-display":"","ast-hfb-below-header-display":"","ast-hfb-mobile-header-display":"","site-post-title":"","ast-breadcrumbs-content":"","ast-featured-img":"","footer-sml-layout":"","ast-disable-related-posts":"","theme-transparent-header-meta":"default","adv-header-id-meta":"","stick-header-meta":"","header-above-stick-meta":"","header-main-stick-meta":"","header-below-stick-meta":"","astra-migrate-meta-layouts":"set","ast-page-background-enabled":"default","ast-page-background-meta":{"desktop":{"background-color":"var(--ast-global-color-5)","background-image":"","background-repeat":"repeat","background-position":"center center","background-size":"auto","background-attachment":"scroll","background-type":"","background-media":"","overlay-type":"","overlay-color":"","overlay-opacity":"","overlay-gradient":""},"tablet":{"background-color":"","background-image":"","background-repeat":"repeat","background-position":"center center","background-size":"auto","background-attachment":"scroll","background-type":"","background-media":"","overlay-type":"","overlay-color":"","overlay-opacity":"","overlay-gradient":""},"mobile":{"background-color":"","background-image":"","background-repeat":"repeat","background-position":"center center","background-size":"auto","background-attachment":"scroll","background-type":"","background-media":"","overlay-type":"","overlay-color":"","overlay-opacity":"","overlay-gradient":""}},"ast-content-background-meta":{"desktop":{"background-color":"var(--ast-global-color-4)","background-image":"","background-repeat":"repeat","background-position":"center center","background-size":"auto","background-attachment":"scroll","background-type":"","background-media":"","overlay-type":"","overlay-color":"","overlay-opacity":"","overlay-gradient":""},"tablet":{"background-color":"var(--ast-global-color-4)","background-image":"","background-repeat":"repeat","background-position":"center center","background-size":"auto","background-attachment":"scroll","background-type":"","background-media":"","overlay-type":"","overlay-color":"","overlay-opacity":"","overlay-gradient":""},"mobile":{"background-color":"var(--ast-global-color-4)","background-image":"","background-repeat":"repeat","background-position":"center center","background-size":"auto","background-attachment":"scroll","background-type":"","background-media":"","overlay-type":"","overlay-color":"","overlay-opacity":"","overlay-gradient":""}}},"product_brand":[],"product_cat":[67],"product_tag":[],"class_list":{"0":"post-1816","1":"product","2":"type-product","3":"status-publish","4":"has-post-thumbnail","6":"product_cat-laboratory-consumables","7":"desktop-align-left","8":"tablet-align-left","9":"mobile-align-left","11":"first","12":"instock","13":"shipping-taxable","14":"product-type-simple"},"acf":[],"yoast_head":"<!-- This site is optimized with the Yoast SEO plugin v27.4 - https:\/\/yoast.com\/product\/yoast-seo-wordpress\/ -->\n<title>0.22 - 0.45 micron needle filter, Red filter needles<\/title>\n<meta name=\"description\" content=\"Needle filter is a reliable partner for precise liquid filtration\u2014constructed with a polypropylene (PP) housing and fiber\/polyester (PE\/PET) filter membrane\" \/>\n<meta name=\"robots\" content=\"index, follow, max-snippet:-1, max-image-preview:large, max-video-preview:-1\" \/>\n<link rel=\"canonical\" href=\"https:\/\/topkeymedical.com\/es\/producto\/0-22-0-45-micras-filtro-de-aguja\/\" \/>\n<meta property=\"og:locale\" content=\"es_ES\" \/>\n<meta property=\"og:type\" content=\"article\" \/>\n<meta property=\"og:title\" content=\"0.22 - 0.45 micron needle filter, Red filter needles\" \/>\n<meta property=\"og:description\" content=\"Needle filter is a reliable partner for precise liquid filtration\u2014constructed with a polypropylene (PP) housing and fiber\/polyester (PE\/PET) filter membrane\" \/>\n<meta property=\"og:url\" content=\"https:\/\/topkeymedical.com\/es\/producto\/0-22-0-45-micras-filtro-de-aguja\/\" \/>\n<meta property=\"og:site_name\" content=\"TOPKEY\u2013 Precision in Every Detail, Guardian of Life and Health\" \/>\n<meta property=\"article:publisher\" content=\"https:\/\/www.facebook.com\/profile.php?id=100088897294997\" \/>\n<meta property=\"article:modified_time\" content=\"2026-01-06T13:23:30+00:00\" \/>\n<meta property=\"og:image\" content=\"https:\/\/topkeymedical.com\/wp-content\/uploads\/2026\/01\/needle-filter-1.webp\" \/>\n\t<meta property=\"og:image:width\" content=\"488\" \/>\n\t<meta property=\"og:image:height\" content=\"488\" \/>\n\t<meta property=\"og:image:type\" content=\"image\/webp\" \/>\n<meta name=\"twitter:card\" content=\"summary_large_image\" \/>\n<meta name=\"twitter:label1\" content=\"Tiempo de lectura\" \/>\n\t<meta name=\"twitter:data1\" content=\"2 minutos\" \/>\n<script type=\"application\/ld+json\" class=\"yoast-schema-graph\">{\"@context\":\"https:\\\/\\\/schema.org\",\"@graph\":[{\"@type\":\"WebPage\",\"@id\":\"https:\\\/\\\/topkeymedical.com\\\/product\\\/0-22-0-45-micron-needle-filter\\\/\",\"url\":\"https:\\\/\\\/topkeymedical.com\\\/product\\\/0-22-0-45-micron-needle-filter\\\/\",\"name\":\"0.22 - 0.45 micron needle filter, Red filter needles\",\"isPartOf\":{\"@id\":\"https:\\\/\\\/topkeymedical.com\\\/#website\"},\"primaryImageOfPage\":{\"@id\":\"https:\\\/\\\/topkeymedical.com\\\/product\\\/0-22-0-45-micron-needle-filter\\\/#primaryimage\"},\"image\":{\"@id\":\"https:\\\/\\\/topkeymedical.com\\\/product\\\/0-22-0-45-micron-needle-filter\\\/#primaryimage\"},\"thumbnailUrl\":\"https:\\\/\\\/topkeymedical.com\\\/wp-content\\\/uploads\\\/2026\\\/01\\\/needle-filter-1.webp\",\"datePublished\":\"2026-01-06T13:23:29+00:00\",\"dateModified\":\"2026-01-06T13:23:30+00:00\",\"description\":\"Needle filter is a reliable partner for precise liquid filtration\u2014constructed with a polypropylene (PP) housing and fiber\\\/polyester (PE\\\/PET) filter membrane\",\"breadcrumb\":{\"@id\":\"https:\\\/\\\/topkeymedical.com\\\/product\\\/0-22-0-45-micron-needle-filter\\\/#breadcrumb\"},\"inLanguage\":\"es\",\"potentialAction\":[{\"@type\":\"ReadAction\",\"target\":[\"https:\\\/\\\/topkeymedical.com\\\/product\\\/0-22-0-45-micron-needle-filter\\\/\"]}]},{\"@type\":\"ImageObject\",\"inLanguage\":\"es\",\"@id\":\"https:\\\/\\\/topkeymedical.com\\\/product\\\/0-22-0-45-micron-needle-filter\\\/#primaryimage\",\"url\":\"https:\\\/\\\/topkeymedical.com\\\/wp-content\\\/uploads\\\/2026\\\/01\\\/needle-filter-1.webp\",\"contentUrl\":\"https:\\\/\\\/topkeymedical.com\\\/wp-content\\\/uploads\\\/2026\\\/01\\\/needle-filter-1.webp\",\"width\":488,\"height\":488,\"caption\":\"0.22 - 0.45 micron needle filter, Red filter needles\"},{\"@type\":\"BreadcrumbList\",\"@id\":\"https:\\\/\\\/topkeymedical.com\\\/product\\\/0-22-0-45-micron-needle-filter\\\/#breadcrumb\",\"itemListElement\":[{\"@type\":\"ListItem\",\"position\":1,\"name\":\"Home\",\"item\":\"https:\\\/\\\/topkeymedical.com\\\/\"},{\"@type\":\"ListItem\",\"position\":2,\"name\":\"Products\",\"item\":\"https:\\\/\\\/topkeymedical.com\\\/shop\\\/\"},{\"@type\":\"ListItem\",\"position\":3,\"name\":\"0.22 &#8211; 0.45 micron needle filter, Red filter needles\"}]},{\"@type\":\"WebSite\",\"@id\":\"https:\\\/\\\/topkeymedical.com\\\/#website\",\"url\":\"https:\\\/\\\/topkeymedical.com\\\/\",\"name\":\"TOPKEY\u2013 Precision in Every Detail, Guardian of Life and Health\",\"description\":\"\",\"publisher\":{\"@id\":\"https:\\\/\\\/topkeymedical.com\\\/#organization\"},\"potentialAction\":[{\"@type\":\"SearchAction\",\"target\":{\"@type\":\"EntryPoint\",\"urlTemplate\":\"https:\\\/\\\/topkeymedical.com\\\/?s={search_term_string}\"},\"query-input\":{\"@type\":\"PropertyValueSpecification\",\"valueRequired\":true,\"valueName\":\"search_term_string\"}}],\"inLanguage\":\"es\"},{\"@type\":\"Organization\",\"@id\":\"https:\\\/\\\/topkeymedical.com\\\/#organization\",\"name\":\"TOPKEY\u2013 Precision in Every Detail, Guardian of Life and Health\",\"url\":\"https:\\\/\\\/topkeymedical.com\\\/\",\"logo\":{\"@type\":\"ImageObject\",\"inLanguage\":\"es\",\"@id\":\"https:\\\/\\\/topkeymedical.com\\\/#\\\/schema\\\/logo\\\/image\\\/\",\"url\":\"https:\\\/\\\/topkeymedical.com\\\/wp-content\\\/uploads\\\/2025\\\/05\\\/cropped-logo.jpg\",\"contentUrl\":\"https:\\\/\\\/topkeymedical.com\\\/wp-content\\\/uploads\\\/2025\\\/05\\\/cropped-logo.jpg\",\"width\":512,\"height\":512,\"caption\":\"TOPKEY\u2013 Precision in Every Detail, Guardian of Life and Health\"},\"image\":{\"@id\":\"https:\\\/\\\/topkeymedical.com\\\/#\\\/schema\\\/logo\\\/image\\\/\"},\"sameAs\":[\"https:\\\/\\\/www.facebook.com\\\/profile.php?id=100088897294997\",\"https:\\\/\\\/www.youtube.com\\\/@TopkeyMedical-Alice888\",\"https:\\\/\\\/www.linkedin.com\\\/in\\\/alice-hu-bb66a01b3\\\/\"]}]}<\/script>\n<!-- \/ Yoast SEO plugin. -->","yoast_head_json":{"title":"Filtro de agujas de 0,22 - 0,45 micras, agujas filtrantes rojas","description":"El filtro de agujas es un aliado fiable para la filtraci\u00f3n precisa de l\u00edquidos, fabricado con una carcasa de polipropileno (PP) y una membrana filtrante de fibra\/poli\u00e9ster (PE\/PET).","robots":{"index":"index","follow":"follow","max-snippet":"max-snippet:-1","max-image-preview":"max-image-preview:large","max-video-preview":"max-video-preview:-1"},"canonical":"https:\/\/topkeymedical.com\/es\/producto\/0-22-0-45-micras-filtro-de-aguja\/","og_locale":"es_ES","og_type":"article","og_title":"0.22 - 0.45 micron needle filter, Red filter needles","og_description":"Needle filter is a reliable partner for precise liquid filtration\u2014constructed with a polypropylene (PP) housing and fiber\/polyester (PE\/PET) filter membrane","og_url":"https:\/\/topkeymedical.com\/es\/producto\/0-22-0-45-micras-filtro-de-aguja\/","og_site_name":"TOPKEY\u2013 Precision in Every Detail, Guardian of Life and Health","article_publisher":"https:\/\/www.facebook.com\/profile.php?id=100088897294997","article_modified_time":"2026-01-06T13:23:30+00:00","og_image":[{"width":488,"height":488,"url":"https:\/\/topkeymedical.com\/wp-content\/uploads\/2026\/01\/needle-filter-1.webp","type":"image\/webp"}],"twitter_card":"summary_large_image","twitter_misc":{"Tiempo de lectura":"2 minutos"},"schema":{"@context":"https:\/\/schema.org","@graph":[{"@type":"WebPage","@id":"https:\/\/topkeymedical.com\/product\/0-22-0-45-micron-needle-filter\/","url":"https:\/\/topkeymedical.com\/product\/0-22-0-45-micron-needle-filter\/","name":"Filtro de agujas de 0,22 - 0,45 micras, agujas filtrantes rojas","isPartOf":{"@id":"https:\/\/topkeymedical.com\/#website"},"primaryImageOfPage":{"@id":"https:\/\/topkeymedical.com\/product\/0-22-0-45-micron-needle-filter\/#primaryimage"},"image":{"@id":"https:\/\/topkeymedical.com\/product\/0-22-0-45-micron-needle-filter\/#primaryimage"},"thumbnailUrl":"https:\/\/topkeymedical.com\/wp-content\/uploads\/2026\/01\/needle-filter-1.webp","datePublished":"2026-01-06T13:23:29+00:00","dateModified":"2026-01-06T13:23:30+00:00","description":"El filtro de agujas es un aliado fiable para la filtraci\u00f3n precisa de l\u00edquidos, fabricado con una carcasa de polipropileno (PP) y una membrana filtrante de fibra\/poli\u00e9ster (PE\/PET).","breadcrumb":{"@id":"https:\/\/topkeymedical.com\/product\/0-22-0-45-micron-needle-filter\/#breadcrumb"},"inLanguage":"es","potentialAction":[{"@type":"ReadAction","target":["https:\/\/topkeymedical.com\/product\/0-22-0-45-micron-needle-filter\/"]}]},{"@type":"ImageObject","inLanguage":"es","@id":"https:\/\/topkeymedical.com\/product\/0-22-0-45-micron-needle-filter\/#primaryimage","url":"https:\/\/topkeymedical.com\/wp-content\/uploads\/2026\/01\/needle-filter-1.webp","contentUrl":"https:\/\/topkeymedical.com\/wp-content\/uploads\/2026\/01\/needle-filter-1.webp","width":488,"height":488,"caption":"0.22 - 0.45 micron needle filter, Red filter needles"},{"@type":"BreadcrumbList","@id":"https:\/\/topkeymedical.com\/product\/0-22-0-45-micron-needle-filter\/#breadcrumb","itemListElement":[{"@type":"ListItem","position":1,"name":"Home","item":"https:\/\/topkeymedical.com\/"},{"@type":"ListItem","position":2,"name":"Products","item":"https:\/\/topkeymedical.com\/shop\/"},{"@type":"ListItem","position":3,"name":"0.22 &#8211; 0.45 micron needle filter, Red filter needles"}]},{"@type":"WebSite","@id":"https:\/\/topkeymedical.com\/#website","url":"https:\/\/topkeymedical.com\/","name":"TOPKEY- Precisi\u00f3n en cada detalle, guardi\u00e1n de la vida y la salud","description":"","publisher":{"@id":"https:\/\/topkeymedical.com\/#organization"},"potentialAction":[{"@type":"SearchAction","target":{"@type":"EntryPoint","urlTemplate":"https:\/\/topkeymedical.com\/?s={search_term_string}"},"query-input":{"@type":"PropertyValueSpecification","valueRequired":true,"valueName":"search_term_string"}}],"inLanguage":"es"},{"@type":"Organization","@id":"https:\/\/topkeymedical.com\/#organization","name":"TOPKEY- Precisi\u00f3n en cada detalle, guardi\u00e1n de la vida y la salud","url":"https:\/\/topkeymedical.com\/","logo":{"@type":"ImageObject","inLanguage":"es","@id":"https:\/\/topkeymedical.com\/#\/schema\/logo\/image\/","url":"https:\/\/topkeymedical.com\/wp-content\/uploads\/2025\/05\/cropped-logo.jpg","contentUrl":"https:\/\/topkeymedical.com\/wp-content\/uploads\/2025\/05\/cropped-logo.jpg","width":512,"height":512,"caption":"TOPKEY\u2013 Precision in Every Detail, Guardian of Life and Health"},"image":{"@id":"https:\/\/topkeymedical.com\/#\/schema\/logo\/image\/"},"sameAs":["https:\/\/www.facebook.com\/profile.php?id=100088897294997","https:\/\/www.youtube.com\/@TopkeyMedical-Alice888","https:\/\/www.linkedin.com\/in\/alice-hu-bb66a01b3\/"]}]}},"_links":{"self":[{"href":"https:\/\/topkeymedical.com\/es\/wp-json\/wp\/v2\/product\/1816","targetHints":{"allow":["GET"]}}],"collection":[{"href":"https:\/\/topkeymedical.com\/es\/wp-json\/wp\/v2\/product"}],"about":[{"href":"https:\/\/topkeymedical.com\/es\/wp-json\/wp\/v2\/types\/product"}],"version-history":[{"count":1,"href":"https:\/\/topkeymedical.com\/es\/wp-json\/wp\/v2\/product\/1816\/revisions"}],"predecessor-version":[{"id":1817,"href":"https:\/\/topkeymedical.com\/es\/wp-json\/wp\/v2\/product\/1816\/revisions\/1817"}],"wp:featuredmedia":[{"embeddable":true,"href":"https:\/\/topkeymedical.com\/es\/wp-json\/wp\/v2\/media\/1815"}],"wp:attachment":[{"href":"https:\/\/topkeymedical.com\/es\/wp-json\/wp\/v2\/media?parent=1816"}],"wp:term":[{"taxonomy":"product_brand","embeddable":true,"href":"https:\/\/topkeymedical.com\/es\/wp-json\/wp\/v2\/product_brand?post=1816"},{"taxonomy":"product_cat","embeddable":true,"href":"https:\/\/topkeymedical.com\/es\/wp-json\/wp\/v2\/product_cat?post=1816"},{"taxonomy":"product_tag","embeddable":true,"href":"https:\/\/topkeymedical.com\/es\/wp-json\/wp\/v2\/product_tag?post=1816"}],"curies":[{"name":"wp","href":"https:\/\/api.w.org\/{rel}","templated":true}]}}