{"id":833,"date":"2025-06-17T07:03:45","date_gmt":"2025-06-17T07:03:45","guid":{"rendered":"https:\/\/topkeymedical.com\/?post_type=product&#038;p=833"},"modified":"2025-09-06T02:03:54","modified_gmt":"2025-09-06T02:03:54","slug":"agujas-dosificadoras-tt16g","status":"publish","type":"product","link":"https:\/\/topkeymedical.com\/es\/producto\/agujas-dosificadoras-tt16g\/","title":{"rendered":"Agujas de dispensaci\u00f3n TT16G(\u00f81.25) Gris oscuro opaco"},"content":{"rendered":"<h2 data-start=\"1137\" data-end=\"1169\">Especificaciones t\u00e9cnicas<\/h2>\n<div class=\"_tableContainer_1rjym_1\">\n<div class=\"_tableWrapper_1rjym_13 group flex w-fit flex-col-reverse\" tabindex=\"-1\">\n<table class=\"w-fit min-w-(--thread-content-width)\" data-start=\"1171\" data-end=\"3053\">\n<thead data-start=\"1171\" data-end=\"1287\">\n<tr data-start=\"1171\" data-end=\"1287\">\n<th data-start=\"1171\" data-end=\"1200\" data-col-size=\"sm\">Par\u00e1metro<\/th>\n<th data-start=\"1200\" data-end=\"1287\" data-col-size=\"md\">Valor \/ Descripci\u00f3n<\/th>\n<\/tr>\n<\/thead>\n<tbody data-start=\"1406\" data-end=\"3053\">\n<tr data-start=\"1406\" data-end=\"1523\">\n<td data-start=\"1406\" data-end=\"1436\" data-col-size=\"sm\"><strong data-start=\"1408\" data-end=\"1424\">Nombre del producto<\/strong><\/td>\n<td data-start=\"1436\" data-end=\"1523\" data-col-size=\"md\">Agujas dispensadoras TT16G<\/td>\n<\/tr>\n<tr data-start=\"1524\" data-end=\"1641\">\n<td data-start=\"1524\" data-end=\"1554\" data-col-size=\"sm\"><strong data-start=\"1526\" data-end=\"1541\">SKU Ejemplo<\/strong><\/td>\n<td data-start=\"1554\" data-end=\"1641\" data-col-size=\"md\">TT16G (\u00f81,25 mm) Gris oscuro opaco<\/td>\n<\/tr>\n<tr data-start=\"1642\" data-end=\"1758\">\n<td data-start=\"1642\" data-end=\"1672\" data-col-size=\"sm\"><strong data-start=\"1644\" data-end=\"1658\">Calibre<\/strong><\/td>\n<td data-start=\"1672\" data-end=\"1758\" data-col-size=\"md\">16G<\/td>\n<\/tr>\n<tr data-start=\"1759\" data-end=\"1875\">\n<td data-start=\"1759\" data-end=\"1789\" data-col-size=\"sm\"><strong data-start=\"1761\" data-end=\"1784\">Di\u00e1metro interior (DI)<\/strong><\/td>\n<td data-start=\"1789\" data-end=\"1875\" data-col-size=\"md\">1,25 mm<\/td>\n<\/tr>\n<tr data-start=\"1876\" data-end=\"1992\">\n<td data-start=\"1876\" data-end=\"1906\" data-col-size=\"sm\"><strong data-start=\"1878\" data-end=\"1901\">Di\u00e1metro exterior (OD)<\/strong><\/td>\n<td data-start=\"1906\" data-end=\"1992\" data-col-size=\"md\">~1,65 mm<\/td>\n<\/tr>\n<tr data-start=\"1993\" data-end=\"2110\">\n<td data-start=\"1993\" data-end=\"2023\" data-col-size=\"sm\"><strong data-start=\"1995\" data-end=\"2020\">Opciones de longitud de aguja<\/strong><\/td>\n<td data-start=\"2023\" data-end=\"2110\" data-col-size=\"md\">25 mm (1 pulgada), 38 mm (1,5 pulgadas), 50 mm (2 pulgadas); longitudes personalizadas disponibles<\/td>\n<\/tr>\n<tr data-start=\"2111\" data-end=\"2228\">\n<td data-start=\"2111\" data-end=\"2141\" data-col-size=\"sm\"><strong data-start=\"2113\" data-end=\"2135\">Material - C\u00e1nula<\/strong><\/td>\n<td data-start=\"2141\" data-end=\"2228\" data-col-size=\"md\">Acero inoxidable de calidad m\u00e9dica (cumple la norma ISO 9626)<\/td>\n<\/tr>\n<tr data-start=\"2229\" data-end=\"2346\">\n<td data-start=\"2229\" data-end=\"2259\" data-col-size=\"sm\"><strong data-start=\"2231\" data-end=\"2249\">Material - Cubo<\/strong><\/td>\n<td data-start=\"2259\" data-end=\"2346\" data-col-size=\"md\">Polipropileno, gris oscuro opaco, c\u00f3digo de calibre ISO 6009<\/td>\n<\/tr>\n<tr data-start=\"2347\" data-end=\"2464\">\n<td data-start=\"2347\" data-end=\"2377\" data-col-size=\"sm\"><strong data-start=\"2349\" data-end=\"2368\">Tipo de conexi\u00f3n<\/strong><\/td>\n<td data-start=\"2377\" data-end=\"2464\" data-col-size=\"md\">Luer-lock \/ Luer-slip universal<\/td>\n<\/tr>\n<tr data-start=\"2465\" data-end=\"2582\">\n<td data-start=\"2465\" data-end=\"2495\" data-col-size=\"sm\"><strong data-start=\"2467\" data-end=\"2491\">M\u00e9todo de esterilizaci\u00f3n<\/strong><\/td>\n<td data-start=\"2495\" data-end=\"2582\" data-col-size=\"md\">Esterilizado por \u00f3xido de etileno (OE)<\/td>\n<\/tr>\n<tr data-start=\"2583\" data-end=\"2700\">\n<td data-start=\"2583\" data-end=\"2613\" data-col-size=\"sm\"><strong data-start=\"2585\" data-end=\"2598\">Embalaje<\/strong><\/td>\n<td data-start=\"2613\" data-end=\"2700\" data-col-size=\"md\">Envasado en bl\u00edster individual, 100 unidades por caja<\/td>\n<\/tr>\n<tr data-start=\"2701\" data-end=\"2817\">\n<td data-start=\"2701\" data-end=\"2731\" data-col-size=\"sm\"><strong data-start=\"2703\" data-end=\"2717\">Un solo uso<\/strong><\/td>\n<td data-start=\"2731\" data-end=\"2817\" data-col-size=\"md\">S\u00ed<\/td>\n<\/tr>\n<tr data-start=\"2818\" data-end=\"2935\">\n<td data-start=\"2818\" data-end=\"2848\" data-col-size=\"sm\"><strong data-start=\"2820\" data-end=\"2837\">Certificaci\u00f3n<\/strong><\/td>\n<td data-start=\"2848\" data-end=\"2935\" data-col-size=\"md\">ISO 13485, marcado CE, conformidad con la FDA (si procede)<\/td>\n<\/tr>\n<tr data-start=\"2936\" data-end=\"3053\">\n<td data-start=\"2936\" data-end=\"2966\" data-col-size=\"sm\"><strong data-start=\"2938\" data-end=\"2952\">Vida \u00fatil<\/strong><\/td>\n<td data-start=\"2966\" data-end=\"3053\" data-col-size=\"md\">3-5 a\u00f1os (almacenado en un ambiente fresco y seco)<\/td>\n<\/tr>\n<\/tbody>\n<\/table>\n<\/div>\n<\/div>\n<hr data-start=\"3055\" data-end=\"3058\" \/>\n<p>Las agujas dosificadoras TT16G (\u00f81,25) gris oscuro opaco son puntas dosificadoras de alta resistencia dise\u00f1adas para fluidos de alta viscosidad y aplicaciones de gran volumen en fabricaci\u00f3n industrial, montaje de autom\u00f3viles y procesos de encapsulado. Con un generoso di\u00e1metro interior de 1,25 mm, estas robustas agujas manipulan adhesivos espesos, selladores, grasas y compuestos de encapsulado con un excepcional control del flujo y una m\u00ednima acumulaci\u00f3n de presi\u00f3n.<\/p>\n<p>Fabricadas con pol\u00edmero opaco gris oscuro de primera calidad, estas agujas ofrecen una integridad estructural y una resistencia qu\u00edmica superiores, lo que las hace ideales para entornos exigentes. El material gris oscuro opaco proporciona una excelente durabilidad al tiempo que evita la degradaci\u00f3n UV, garantizando un rendimiento constante incluso con materiales sensibles a la luz. Su dise\u00f1o de pared reforzada resiste la deformaci\u00f3n bajo alta presi\u00f3n, manteniendo patrones de dosificaci\u00f3n precisos tanto en aplicaciones automatizadas como manuales.<\/p>\n<p>Principales caracter\u00edsticas y ventajas:<br \/>\n\u2714 Orificio grande de 1,25 mm - Optimizado para fluidos de alta viscosidad y dispensaci\u00f3n r\u00e1pida<br \/>\n\u2714 Construcci\u00f3n opaca de color gris oscuro - Mayor durabilidad con protecci\u00f3n UV.<br \/>\n\u2714 Resistente a altas presiones - Mantiene la forma en condiciones de dispensaci\u00f3n exigentes.<br \/>\n\u2714 Material resistente a los productos qu\u00edmicos - Compatible con disolventes y compuestos agresivos<br \/>\n\u2714 Dise\u00f1o antiobstrucci\u00f3n - Flujo de material suave para medios rellenos y abrasivos<\/p>\n<p>Ideal para sellantes de automoci\u00f3n, encapsulado electr\u00f3nico y aplicaciones de pegado industrial, la serie TT16G ofrece un rendimiento de dosificaci\u00f3n fiable y de gran volumen all\u00ed donde las agujas est\u00e1ndar se quedan cortas.<\/p>\n<p>Dise\u00f1adas para grandes caudales. Dise\u00f1ado para durar.<\/p>\n<p>(Complemento opcional para especificaciones t\u00e9cnicas:)<br \/>\n- Material: Pol\u00edmero relleno de vidrio<br \/>\n- Temperatura de funcionamiento: -40\u00b0C a 120\u00b0C<br \/>\n- Fluidos compatibles: Epoxis, siliconas, poliuretanos y compuestos rellenos.<\/p>\n<p>&nbsp;<\/p>","protected":false},"excerpt":{"rendered":"<p>Agujas dispensadoras TT16G de grado cl\u00ednico y calibre 16 (1,25 mm) adecuadas para preparaciones farmac\u00e9uticas de viscosidad media, incluidos ciertos antibi\u00f3ticos o suspensiones de esteroides. La construcci\u00f3n opaca de color gris oscuro protege los medicamentos sensibles a la luz y proporciona una excelente resistencia qu\u00edmica para diversos agentes terap\u00e9uticos.<\/p>","protected":false},"featured_media":1201,"template":"","meta":{"_acf_changed":false,"site-sidebar-layout":"default","site-content-layout":"","ast-site-content-layout":"default","site-content-style":"default","site-sidebar-style":"default","ast-global-header-display":"","ast-banner-title-visibility":"","ast-main-header-display":"","ast-hfb-above-header-display":"","ast-hfb-below-header-display":"","ast-hfb-mobile-header-display":"","site-post-title":"","ast-breadcrumbs-content":"","ast-featured-img":"","footer-sml-layout":"","ast-disable-related-posts":"","theme-transparent-header-meta":"default","adv-header-id-meta":"","stick-header-meta":"","header-above-stick-meta":"","header-main-stick-meta":"","header-below-stick-meta":"","astra-migrate-meta-layouts":"set","ast-page-background-enabled":"default","ast-page-background-meta":{"desktop":{"background-color":"var(--ast-global-color-5)","background-image":"","background-repeat":"repeat","background-position":"center center","background-size":"auto","background-attachment":"scroll","background-type":"","background-media":"","overlay-type":"","overlay-color":"","overlay-opacity":"","overlay-gradient":""},"tablet":{"background-color":"","background-image":"","background-repeat":"repeat","background-position":"center center","background-size":"auto","background-attachment":"scroll","background-type":"","background-media":"","overlay-type":"","overlay-color":"","overlay-opacity":"","overlay-gradient":""},"mobile":{"background-color":"","background-image":"","background-repeat":"repeat","background-position":"center center","background-size":"auto","background-attachment":"scroll","background-type":"","background-media":"","overlay-type":"","overlay-color":"","overlay-opacity":"","overlay-gradient":""}},"ast-content-background-meta":{"desktop":{"background-color":"var(--ast-global-color-4)","background-image":"","background-repeat":"repeat","background-position":"center center","background-size":"auto","background-attachment":"scroll","background-type":"","background-media":"","overlay-type":"","overlay-color":"","overlay-opacity":"","overlay-gradient":""},"tablet":{"background-color":"var(--ast-global-color-4)","background-image":"","background-repeat":"repeat","background-position":"center center","background-size":"auto","background-attachment":"scroll","background-type":"","background-media":"","overlay-type":"","overlay-color":"","overlay-opacity":"","overlay-gradient":""},"mobile":{"background-color":"var(--ast-global-color-4)","background-image":"","background-repeat":"repeat","background-position":"center center","background-size":"auto","background-attachment":"scroll","background-type":"","background-media":"","overlay-type":"","overlay-color":"","overlay-opacity":"","overlay-gradient":""}}},"product_brand":[],"product_cat":[58,64],"product_tag":[],"class_list":{"0":"post-833","1":"product","2":"type-product","3":"status-publish","4":"has-post-thumbnail","6":"product_cat-dispensing-needles","7":"product_cat-dispensing-needles-and-tips","8":"desktop-align-left","9":"tablet-align-left","10":"mobile-align-left","12":"first","13":"instock","14":"shipping-taxable","15":"product-type-simple"},"acf":[],"yoast_head":"<!-- This site is optimized with the Yoast SEO plugin v27.4 - https:\/\/yoast.com\/product\/yoast-seo-wordpress\/ -->\n<title>Dispensing Needles TT16G(\u00f81.25) Dark Gray Opaque<\/title>\n<meta name=\"description\" content=\"Designed for medium-flow applications, dispensing needles TT16G 16-gauge (1.25mm) dark gray needles balance precision and throughput.\" \/>\n<meta name=\"robots\" content=\"index, follow, max-snippet:-1, max-image-preview:large, max-video-preview:-1\" \/>\n<link rel=\"canonical\" href=\"https:\/\/topkeymedical.com\/es\/producto\/agujas-dosificadoras-tt16g\/\" \/>\n<meta property=\"og:locale\" content=\"es_ES\" \/>\n<meta property=\"og:type\" content=\"article\" \/>\n<meta property=\"og:title\" content=\"Dispensing Needles TT16G(\u00f81.25) Dark Gray Opaque\" \/>\n<meta property=\"og:description\" content=\"Designed for medium-flow applications, dispensing needles TT16G 16-gauge (1.25mm) dark gray needles balance precision and throughput.\" \/>\n<meta property=\"og:url\" content=\"https:\/\/topkeymedical.com\/es\/producto\/agujas-dosificadoras-tt16g\/\" \/>\n<meta property=\"og:site_name\" content=\"TOPKEY\u2013 Precision in Every Detail, Guardian of Life and Health\" \/>\n<meta property=\"article:publisher\" content=\"https:\/\/www.facebook.com\/profile.php?id=100088897294997\" \/>\n<meta property=\"article:modified_time\" content=\"2025-09-06T02:03:54+00:00\" \/>\n<meta property=\"og:image\" content=\"https:\/\/topkeymedical.com\/wp-content\/uploads\/2025\/08\/Dispensing-Needles-TT16G-2.webp\" \/>\n\t<meta property=\"og:image:width\" content=\"800\" \/>\n\t<meta property=\"og:image:height\" content=\"800\" \/>\n\t<meta property=\"og:image:type\" content=\"image\/webp\" \/>\n<meta name=\"twitter:card\" content=\"summary_large_image\" \/>\n<meta name=\"twitter:label1\" content=\"Tiempo de lectura\" \/>\n\t<meta name=\"twitter:data1\" content=\"2 minutos\" \/>\n<script type=\"application\/ld+json\" class=\"yoast-schema-graph\">{\"@context\":\"https:\\\/\\\/schema.org\",\"@graph\":[{\"@type\":\"WebPage\",\"@id\":\"https:\\\/\\\/topkeymedical.com\\\/product\\\/dispensing-needles-tt16g\\\/\",\"url\":\"https:\\\/\\\/topkeymedical.com\\\/product\\\/dispensing-needles-tt16g\\\/\",\"name\":\"Dispensing Needles TT16G(\u00f81.25) Dark Gray Opaque\",\"isPartOf\":{\"@id\":\"https:\\\/\\\/topkeymedical.com\\\/#website\"},\"primaryImageOfPage\":{\"@id\":\"https:\\\/\\\/topkeymedical.com\\\/product\\\/dispensing-needles-tt16g\\\/#primaryimage\"},\"image\":{\"@id\":\"https:\\\/\\\/topkeymedical.com\\\/product\\\/dispensing-needles-tt16g\\\/#primaryimage\"},\"thumbnailUrl\":\"https:\\\/\\\/topkeymedical.com\\\/wp-content\\\/uploads\\\/2025\\\/08\\\/Dispensing-Needles-TT16G-2.webp\",\"datePublished\":\"2025-06-17T07:03:45+00:00\",\"dateModified\":\"2025-09-06T02:03:54+00:00\",\"description\":\"Designed for medium-flow applications, dispensing needles TT16G 16-gauge (1.25mm) dark gray needles balance precision and throughput.\",\"breadcrumb\":{\"@id\":\"https:\\\/\\\/topkeymedical.com\\\/product\\\/dispensing-needles-tt16g\\\/#breadcrumb\"},\"inLanguage\":\"es\",\"potentialAction\":[{\"@type\":\"ReadAction\",\"target\":[\"https:\\\/\\\/topkeymedical.com\\\/product\\\/dispensing-needles-tt16g\\\/\"]}]},{\"@type\":\"ImageObject\",\"inLanguage\":\"es\",\"@id\":\"https:\\\/\\\/topkeymedical.com\\\/product\\\/dispensing-needles-tt16g\\\/#primaryimage\",\"url\":\"https:\\\/\\\/topkeymedical.com\\\/wp-content\\\/uploads\\\/2025\\\/08\\\/Dispensing-Needles-TT16G-2.webp\",\"contentUrl\":\"https:\\\/\\\/topkeymedical.com\\\/wp-content\\\/uploads\\\/2025\\\/08\\\/Dispensing-Needles-TT16G-2.webp\",\"width\":800,\"height\":800,\"caption\":\"Dispensing Needles TT16G\"},{\"@type\":\"BreadcrumbList\",\"@id\":\"https:\\\/\\\/topkeymedical.com\\\/product\\\/dispensing-needles-tt16g\\\/#breadcrumb\",\"itemListElement\":[{\"@type\":\"ListItem\",\"position\":1,\"name\":\"Home\",\"item\":\"https:\\\/\\\/topkeymedical.com\\\/\"},{\"@type\":\"ListItem\",\"position\":2,\"name\":\"Products\",\"item\":\"https:\\\/\\\/topkeymedical.com\\\/shop\\\/\"},{\"@type\":\"ListItem\",\"position\":3,\"name\":\"Dispensing Needles TT16G(\u00f81.25) Dark Gray Opaque\"}]},{\"@type\":\"WebSite\",\"@id\":\"https:\\\/\\\/topkeymedical.com\\\/#website\",\"url\":\"https:\\\/\\\/topkeymedical.com\\\/\",\"name\":\"TOPKEY\u2013 Precision in Every Detail, Guardian of Life and Health\",\"description\":\"\",\"publisher\":{\"@id\":\"https:\\\/\\\/topkeymedical.com\\\/#organization\"},\"potentialAction\":[{\"@type\":\"SearchAction\",\"target\":{\"@type\":\"EntryPoint\",\"urlTemplate\":\"https:\\\/\\\/topkeymedical.com\\\/?s={search_term_string}\"},\"query-input\":{\"@type\":\"PropertyValueSpecification\",\"valueRequired\":true,\"valueName\":\"search_term_string\"}}],\"inLanguage\":\"es\"},{\"@type\":\"Organization\",\"@id\":\"https:\\\/\\\/topkeymedical.com\\\/#organization\",\"name\":\"TOPKEY\u2013 Precision in Every Detail, Guardian of Life and Health\",\"url\":\"https:\\\/\\\/topkeymedical.com\\\/\",\"logo\":{\"@type\":\"ImageObject\",\"inLanguage\":\"es\",\"@id\":\"https:\\\/\\\/topkeymedical.com\\\/#\\\/schema\\\/logo\\\/image\\\/\",\"url\":\"https:\\\/\\\/topkeymedical.com\\\/wp-content\\\/uploads\\\/2025\\\/05\\\/cropped-logo.jpg\",\"contentUrl\":\"https:\\\/\\\/topkeymedical.com\\\/wp-content\\\/uploads\\\/2025\\\/05\\\/cropped-logo.jpg\",\"width\":512,\"height\":512,\"caption\":\"TOPKEY\u2013 Precision in Every Detail, Guardian of Life and Health\"},\"image\":{\"@id\":\"https:\\\/\\\/topkeymedical.com\\\/#\\\/schema\\\/logo\\\/image\\\/\"},\"sameAs\":[\"https:\\\/\\\/www.facebook.com\\\/profile.php?id=100088897294997\",\"https:\\\/\\\/www.youtube.com\\\/@TopkeyMedical-Alice888\",\"https:\\\/\\\/www.linkedin.com\\\/in\\\/alice-hu-bb66a01b3\\\/\"]}]}<\/script>\n<!-- \/ Yoast SEO plugin. -->","yoast_head_json":{"title":"Agujas de dispensaci\u00f3n TT16G(\u00f81.25) Gris oscuro opaco","description":"Dise\u00f1adas para aplicaciones de flujo medio, las agujas dosificadoras TT16G de calibre 16 (1,25 mm) de color gris oscuro equilibran precisi\u00f3n y rendimiento.","robots":{"index":"index","follow":"follow","max-snippet":"max-snippet:-1","max-image-preview":"max-image-preview:large","max-video-preview":"max-video-preview:-1"},"canonical":"https:\/\/topkeymedical.com\/es\/producto\/agujas-dosificadoras-tt16g\/","og_locale":"es_ES","og_type":"article","og_title":"Dispensing Needles TT16G(\u00f81.25) Dark Gray Opaque","og_description":"Designed for medium-flow applications, dispensing needles TT16G 16-gauge (1.25mm) dark gray needles balance precision and throughput.","og_url":"https:\/\/topkeymedical.com\/es\/producto\/agujas-dosificadoras-tt16g\/","og_site_name":"TOPKEY\u2013 Precision in Every Detail, Guardian of Life and Health","article_publisher":"https:\/\/www.facebook.com\/profile.php?id=100088897294997","article_modified_time":"2025-09-06T02:03:54+00:00","og_image":[{"width":800,"height":800,"url":"https:\/\/topkeymedical.com\/wp-content\/uploads\/2025\/08\/Dispensing-Needles-TT16G-2.webp","type":"image\/webp"}],"twitter_card":"summary_large_image","twitter_misc":{"Tiempo de lectura":"2 minutos"},"schema":{"@context":"https:\/\/schema.org","@graph":[{"@type":"WebPage","@id":"https:\/\/topkeymedical.com\/product\/dispensing-needles-tt16g\/","url":"https:\/\/topkeymedical.com\/product\/dispensing-needles-tt16g\/","name":"Agujas de dispensaci\u00f3n TT16G(\u00f81.25) Gris oscuro opaco","isPartOf":{"@id":"https:\/\/topkeymedical.com\/#website"},"primaryImageOfPage":{"@id":"https:\/\/topkeymedical.com\/product\/dispensing-needles-tt16g\/#primaryimage"},"image":{"@id":"https:\/\/topkeymedical.com\/product\/dispensing-needles-tt16g\/#primaryimage"},"thumbnailUrl":"https:\/\/topkeymedical.com\/wp-content\/uploads\/2025\/08\/Dispensing-Needles-TT16G-2.webp","datePublished":"2025-06-17T07:03:45+00:00","dateModified":"2025-09-06T02:03:54+00:00","description":"Dise\u00f1adas para aplicaciones de flujo medio, las agujas dosificadoras TT16G de calibre 16 (1,25 mm) de color gris oscuro equilibran precisi\u00f3n y rendimiento.","breadcrumb":{"@id":"https:\/\/topkeymedical.com\/product\/dispensing-needles-tt16g\/#breadcrumb"},"inLanguage":"es","potentialAction":[{"@type":"ReadAction","target":["https:\/\/topkeymedical.com\/product\/dispensing-needles-tt16g\/"]}]},{"@type":"ImageObject","inLanguage":"es","@id":"https:\/\/topkeymedical.com\/product\/dispensing-needles-tt16g\/#primaryimage","url":"https:\/\/topkeymedical.com\/wp-content\/uploads\/2025\/08\/Dispensing-Needles-TT16G-2.webp","contentUrl":"https:\/\/topkeymedical.com\/wp-content\/uploads\/2025\/08\/Dispensing-Needles-TT16G-2.webp","width":800,"height":800,"caption":"Dispensing Needles TT16G"},{"@type":"BreadcrumbList","@id":"https:\/\/topkeymedical.com\/product\/dispensing-needles-tt16g\/#breadcrumb","itemListElement":[{"@type":"ListItem","position":1,"name":"Home","item":"https:\/\/topkeymedical.com\/"},{"@type":"ListItem","position":2,"name":"Products","item":"https:\/\/topkeymedical.com\/shop\/"},{"@type":"ListItem","position":3,"name":"Dispensing Needles TT16G(\u00f81.25) Dark Gray Opaque"}]},{"@type":"WebSite","@id":"https:\/\/topkeymedical.com\/#website","url":"https:\/\/topkeymedical.com\/","name":"TOPKEY- Precisi\u00f3n en cada detalle, guardi\u00e1n de la vida y la salud","description":"","publisher":{"@id":"https:\/\/topkeymedical.com\/#organization"},"potentialAction":[{"@type":"SearchAction","target":{"@type":"EntryPoint","urlTemplate":"https:\/\/topkeymedical.com\/?s={search_term_string}"},"query-input":{"@type":"PropertyValueSpecification","valueRequired":true,"valueName":"search_term_string"}}],"inLanguage":"es"},{"@type":"Organization","@id":"https:\/\/topkeymedical.com\/#organization","name":"TOPKEY- Precisi\u00f3n en cada detalle, guardi\u00e1n de la vida y la salud","url":"https:\/\/topkeymedical.com\/","logo":{"@type":"ImageObject","inLanguage":"es","@id":"https:\/\/topkeymedical.com\/#\/schema\/logo\/image\/","url":"https:\/\/topkeymedical.com\/wp-content\/uploads\/2025\/05\/cropped-logo.jpg","contentUrl":"https:\/\/topkeymedical.com\/wp-content\/uploads\/2025\/05\/cropped-logo.jpg","width":512,"height":512,"caption":"TOPKEY\u2013 Precision in Every Detail, Guardian of Life and Health"},"image":{"@id":"https:\/\/topkeymedical.com\/#\/schema\/logo\/image\/"},"sameAs":["https:\/\/www.facebook.com\/profile.php?id=100088897294997","https:\/\/www.youtube.com\/@TopkeyMedical-Alice888","https:\/\/www.linkedin.com\/in\/alice-hu-bb66a01b3\/"]}]}},"_links":{"self":[{"href":"https:\/\/topkeymedical.com\/es\/wp-json\/wp\/v2\/product\/833","targetHints":{"allow":["GET"]}}],"collection":[{"href":"https:\/\/topkeymedical.com\/es\/wp-json\/wp\/v2\/product"}],"about":[{"href":"https:\/\/topkeymedical.com\/es\/wp-json\/wp\/v2\/types\/product"}],"version-history":[{"count":6,"href":"https:\/\/topkeymedical.com\/es\/wp-json\/wp\/v2\/product\/833\/revisions"}],"predecessor-version":[{"id":1378,"href":"https:\/\/topkeymedical.com\/es\/wp-json\/wp\/v2\/product\/833\/revisions\/1378"}],"wp:featuredmedia":[{"embeddable":true,"href":"https:\/\/topkeymedical.com\/es\/wp-json\/wp\/v2\/media\/1201"}],"wp:attachment":[{"href":"https:\/\/topkeymedical.com\/es\/wp-json\/wp\/v2\/media?parent=833"}],"wp:term":[{"taxonomy":"product_brand","embeddable":true,"href":"https:\/\/topkeymedical.com\/es\/wp-json\/wp\/v2\/product_brand?post=833"},{"taxonomy":"product_cat","embeddable":true,"href":"https:\/\/topkeymedical.com\/es\/wp-json\/wp\/v2\/product_cat?post=833"},{"taxonomy":"product_tag","embeddable":true,"href":"https:\/\/topkeymedical.com\/es\/wp-json\/wp\/v2\/product_tag?post=833"}],"curies":[{"name":"wp","href":"https:\/\/api.w.org\/{rel}","templated":true}]}}