{"id":839,"date":"2025-06-17T07:10:44","date_gmt":"2025-06-17T07:10:44","guid":{"rendered":"https:\/\/topkeymedical.com\/?post_type=product&#038;p=839"},"modified":"2025-09-06T02:02:33","modified_gmt":"2025-09-06T02:02:33","slug":"puntas-de-aguja-dosificadoras-tt20g","status":"publish","type":"product","link":"https:\/\/topkeymedical.com\/es\/producto\/puntas-de-aguja-dosificadoras-tt20g\/","title":{"rendered":"Puntas de Aguja Dispensadora TT20G(\u00f80.6) Rosa Opaca"},"content":{"rendered":"<h2 data-start=\"1100\" data-end=\"1132\">Especificaciones t\u00e9cnicas<\/h2>\n<div class=\"_tableContainer_1rjym_1\">\n<div class=\"_tableWrapper_1rjym_13 group flex w-fit flex-col-reverse\" tabindex=\"-1\">\n<table class=\"w-fit min-w-(--thread-content-width)\" data-start=\"1134\" data-end=\"3016\">\n<thead data-start=\"1134\" data-end=\"1250\">\n<tr data-start=\"1134\" data-end=\"1250\">\n<th data-start=\"1134\" data-end=\"1163\" data-col-size=\"sm\">Par\u00e1metro<\/th>\n<th data-start=\"1163\" data-end=\"1250\" data-col-size=\"md\">Valor \/ Descripci\u00f3n<\/th>\n<\/tr>\n<\/thead>\n<tbody data-start=\"1369\" data-end=\"3016\">\n<tr data-start=\"1369\" data-end=\"1486\">\n<td data-start=\"1369\" data-end=\"1399\" data-col-size=\"sm\"><strong data-start=\"1371\" data-end=\"1387\">Nombre del producto<\/strong><\/td>\n<td data-start=\"1399\" data-end=\"1486\" data-col-size=\"md\">Puntas de aguja de dispensaci\u00f3n TT20G<\/td>\n<\/tr>\n<tr data-start=\"1487\" data-end=\"1604\">\n<td data-start=\"1487\" data-end=\"1517\" data-col-size=\"sm\"><strong data-start=\"1489\" data-end=\"1504\">SKU Ejemplo<\/strong><\/td>\n<td data-start=\"1517\" data-end=\"1604\" data-col-size=\"md\">TT20G (\u00f80,6 mm) Rosa opaco<\/td>\n<\/tr>\n<tr data-start=\"1605\" data-end=\"1721\">\n<td data-start=\"1605\" data-end=\"1635\" data-col-size=\"sm\"><strong data-start=\"1607\" data-end=\"1621\">Calibre<\/strong><\/td>\n<td data-start=\"1635\" data-end=\"1721\" data-col-size=\"md\">20G<\/td>\n<\/tr>\n<tr data-start=\"1722\" data-end=\"1838\">\n<td data-start=\"1722\" data-end=\"1752\" data-col-size=\"sm\"><strong data-start=\"1724\" data-end=\"1747\">Di\u00e1metro interior (DI)<\/strong><\/td>\n<td data-start=\"1752\" data-end=\"1838\" data-col-size=\"md\">0,60 mm<\/td>\n<\/tr>\n<tr data-start=\"1839\" data-end=\"1955\">\n<td data-start=\"1839\" data-end=\"1869\" data-col-size=\"sm\"><strong data-start=\"1841\" data-end=\"1864\">Di\u00e1metro exterior (OD)<\/strong><\/td>\n<td data-start=\"1869\" data-end=\"1955\" data-col-size=\"md\">~0,91 mm<\/td>\n<\/tr>\n<tr data-start=\"1956\" data-end=\"2073\">\n<td data-start=\"1956\" data-end=\"1986\" data-col-size=\"sm\"><strong data-start=\"1958\" data-end=\"1983\">Opciones de longitud de aguja<\/strong><\/td>\n<td data-start=\"1986\" data-end=\"2073\" data-col-size=\"md\">Est\u00e1ndar: 25 mm (1 pulgada), 38 mm (1,5 pulgadas); otros tama\u00f1os disponibles<\/td>\n<\/tr>\n<tr data-start=\"2074\" data-end=\"2191\">\n<td data-start=\"2074\" data-end=\"2104\" data-col-size=\"sm\"><strong data-start=\"2076\" data-end=\"2098\">Material - C\u00e1nula<\/strong><\/td>\n<td data-start=\"2104\" data-end=\"2191\" data-col-size=\"md\">Acero inoxidable de calidad m\u00e9dica (cumple la norma ISO 9626)<\/td>\n<\/tr>\n<tr data-start=\"2192\" data-end=\"2309\">\n<td data-start=\"2192\" data-end=\"2222\" data-col-size=\"sm\"><strong data-start=\"2194\" data-end=\"2212\">Material - Cubo<\/strong><\/td>\n<td data-start=\"2222\" data-end=\"2309\" data-col-size=\"md\">Polipropileno, rosa opaco, c\u00f3digo de calibre ISO 6009<\/td>\n<\/tr>\n<tr data-start=\"2310\" data-end=\"2427\">\n<td data-start=\"2310\" data-end=\"2340\" data-col-size=\"sm\"><strong data-start=\"2312\" data-end=\"2331\">Tipo de conexi\u00f3n<\/strong><\/td>\n<td data-start=\"2340\" data-end=\"2427\" data-col-size=\"md\">Luer-lock \/ Luer-slip universal<\/td>\n<\/tr>\n<tr data-start=\"2428\" data-end=\"2545\">\n<td data-start=\"2428\" data-end=\"2458\" data-col-size=\"sm\"><strong data-start=\"2430\" data-end=\"2454\">M\u00e9todo de esterilizaci\u00f3n<\/strong><\/td>\n<td data-start=\"2458\" data-end=\"2545\" data-col-size=\"md\">EO (\u00f3xido de etileno) esterilizado<\/td>\n<\/tr>\n<tr data-start=\"2546\" data-end=\"2663\">\n<td data-start=\"2546\" data-end=\"2576\" data-col-size=\"sm\"><strong data-start=\"2548\" data-end=\"2561\">Embalaje<\/strong><\/td>\n<td data-start=\"2576\" data-end=\"2663\" data-col-size=\"md\">Envases bl\u00edster sellados individualmente, 100 unidades\/caja<\/td>\n<\/tr>\n<tr data-start=\"2664\" data-end=\"2780\">\n<td data-start=\"2664\" data-end=\"2694\" data-col-size=\"sm\"><strong data-start=\"2666\" data-end=\"2680\">Un solo uso<\/strong><\/td>\n<td data-start=\"2694\" data-end=\"2780\" data-col-size=\"md\">S\u00ed<\/td>\n<\/tr>\n<tr data-start=\"2781\" data-end=\"2898\">\n<td data-start=\"2781\" data-end=\"2811\" data-col-size=\"sm\"><strong data-start=\"2783\" data-end=\"2800\">Certificaci\u00f3n<\/strong><\/td>\n<td data-start=\"2811\" data-end=\"2898\" data-col-size=\"md\">ISO 13485, marcado CE, conformidad con la FDA (seg\u00fan el mercado)<\/td>\n<\/tr>\n<tr data-start=\"2899\" data-end=\"3016\">\n<td data-start=\"2899\" data-end=\"2929\" data-col-size=\"sm\"><strong data-start=\"2901\" data-end=\"2915\">Vida \u00fatil<\/strong><\/td>\n<td data-start=\"2929\" data-end=\"3016\" data-col-size=\"md\">3-5 a\u00f1os si se almacena en condiciones limpias y secas<\/td>\n<\/tr>\n<\/tbody>\n<\/table>\n<\/div>\n<\/div>\n<hr data-start=\"3018\" data-end=\"3021\" \/>\n<p>Las puntas de aguja de dosificaci\u00f3n TT20G (\u00f80,6) rosa opaco est\u00e1n dise\u00f1adas con precisi\u00f3n para la dosificaci\u00f3n controlada de fluidos de viscosidad media en aplicaciones de ensamblaje electr\u00f3nico, fabricaci\u00f3n de dispositivos m\u00e9dicos y pegado de precisi\u00f3n. Con un di\u00e1metro interior de 0,6 mm, estas puntas de aguja ofrecen un control de flujo \u00f3ptimo para adhesivos, epoxis, siliconas y otros fluidos industriales que requieren una precisi\u00f3n y un rendimiento equilibrados.<\/p>\n<p>Fabricadas en pol\u00edmero opaco rosa de alta calidad, estas puntas ofrecen una excelente resistencia qu\u00edmica al tiempo que garantizan una f\u00e1cil identificaci\u00f3n visual en las l\u00edneas de producci\u00f3n automatizadas. Su construcci\u00f3n r\u00edgida pero ligera evita que se doblen durante el funcionamiento, manteniendo una alineaci\u00f3n constante para una dosificaci\u00f3n precisa de puntos, l\u00edneas o superficies. Su dise\u00f1o c\u00f3nico minimiza los riesgos de obstrucci\u00f3n y permite un flujo suave del material incluso con compuestos rellenos.<\/p>\n<p>Ventajas clave:<br \/>\n\u2714 Di\u00e1metro interior de 0,6 mm - Equilibrio ideal entre precisi\u00f3n y caudal<br \/>\n\u2714 Material opaco de color rosa: identificaci\u00f3n r\u00e1pida y protecci\u00f3n de materiales sensibles a los rayos UV\/luz.<br \/>\n\u2714 Resistente a productos qu\u00edmicos y duradero - Soporta disolventes y medios agresivos<br \/>\n\u2714 Punta c\u00f3nica antiobstrucci\u00f3n - Rendimiento fiable con materiales rellenos de part\u00edculas.<br \/>\n\u2714 Rigidez optimizada - Resiste la flexi\u00f3n para una dispensaci\u00f3n automatizada estable.<\/p>\n<p>Perfecta para el ensamblaje SMT, el embalaje de LED y la fabricaci\u00f3n de dispositivos m\u00e9dicos, la serie TT20G garantiza una precisi\u00f3n repetible y la eficacia de los procesos en entornos exigentes.<\/p>\n<p>Dise\u00f1ado para la precisi\u00f3n. Construido para la productividad.<\/p>\n<p>&nbsp;<\/p>","protected":false},"excerpt":{"rendered":"<p>Puntas de aguja est\u00e9riles TT20G de calibre 20 (0,6 mm) codificadas en rosa dise\u00f1adas para la administraci\u00f3n precisa de medicamentos en pediatr\u00eda, procedimientos dermatol\u00f3gicos o biopsias por aspiraci\u00f3n fina. El material opaco garantiza la estabilidad del medicamento, mientras que el c\u00f3digo de colores es compatible con los protocolos de seguridad hospitalaria.<\/p>","protected":false},"featured_media":1193,"template":"","meta":{"_acf_changed":false,"site-sidebar-layout":"default","site-content-layout":"","ast-site-content-layout":"default","site-content-style":"default","site-sidebar-style":"default","ast-global-header-display":"","ast-banner-title-visibility":"","ast-main-header-display":"","ast-hfb-above-header-display":"","ast-hfb-below-header-display":"","ast-hfb-mobile-header-display":"","site-post-title":"","ast-breadcrumbs-content":"","ast-featured-img":"","footer-sml-layout":"","ast-disable-related-posts":"","theme-transparent-header-meta":"default","adv-header-id-meta":"","stick-header-meta":"","header-above-stick-meta":"","header-main-stick-meta":"","header-below-stick-meta":"","astra-migrate-meta-layouts":"set","ast-page-background-enabled":"default","ast-page-background-meta":{"desktop":{"background-color":"var(--ast-global-color-5)","background-image":"","background-repeat":"repeat","background-position":"center center","background-size":"auto","background-attachment":"scroll","background-type":"","background-media":"","overlay-type":"","overlay-color":"","overlay-opacity":"","overlay-gradient":""},"tablet":{"background-color":"","background-image":"","background-repeat":"repeat","background-position":"center center","background-size":"auto","background-attachment":"scroll","background-type":"","background-media":"","overlay-type":"","overlay-color":"","overlay-opacity":"","overlay-gradient":""},"mobile":{"background-color":"","background-image":"","background-repeat":"repeat","background-position":"center center","background-size":"auto","background-attachment":"scroll","background-type":"","background-media":"","overlay-type":"","overlay-color":"","overlay-opacity":"","overlay-gradient":""}},"ast-content-background-meta":{"desktop":{"background-color":"var(--ast-global-color-4)","background-image":"","background-repeat":"repeat","background-position":"center center","background-size":"auto","background-attachment":"scroll","background-type":"","background-media":"","overlay-type":"","overlay-color":"","overlay-opacity":"","overlay-gradient":""},"tablet":{"background-color":"var(--ast-global-color-4)","background-image":"","background-repeat":"repeat","background-position":"center center","background-size":"auto","background-attachment":"scroll","background-type":"","background-media":"","overlay-type":"","overlay-color":"","overlay-opacity":"","overlay-gradient":""},"mobile":{"background-color":"var(--ast-global-color-4)","background-image":"","background-repeat":"repeat","background-position":"center center","background-size":"auto","background-attachment":"scroll","background-type":"","background-media":"","overlay-type":"","overlay-color":"","overlay-opacity":"","overlay-gradient":""}}},"product_brand":[],"product_cat":[58,64],"product_tag":[],"class_list":{"0":"post-839","1":"product","2":"type-product","3":"status-publish","4":"has-post-thumbnail","6":"product_cat-dispensing-needles","7":"product_cat-dispensing-needles-and-tips","8":"desktop-align-left","9":"tablet-align-left","10":"mobile-align-left","12":"first","13":"instock","14":"shipping-taxable","15":"product-type-simple"},"acf":[],"yoast_head":"<!-- This site is optimized with the Yoast SEO plugin v27.4 - https:\/\/yoast.com\/product\/yoast-seo-wordpress\/ -->\n<title>Dispensing Needle Tips TT20G(\u00f80.6) Pink Opaque<\/title>\n<meta name=\"description\" content=\"Pink-coded 20-gauge (0.6mm) sterile dispensing needle tips TT20G designed for precise medication delivery in pediatrics, dermatology procedures\" \/>\n<meta name=\"robots\" content=\"index, follow, max-snippet:-1, max-image-preview:large, max-video-preview:-1\" \/>\n<link rel=\"canonical\" href=\"https:\/\/topkeymedical.com\/es\/producto\/puntas-de-aguja-dosificadoras-tt20g\/\" \/>\n<meta property=\"og:locale\" content=\"es_ES\" \/>\n<meta property=\"og:type\" content=\"article\" \/>\n<meta property=\"og:title\" content=\"Dispensing Needle Tips TT20G(\u00f80.6) Pink Opaque\" \/>\n<meta property=\"og:description\" content=\"Pink-coded 20-gauge (0.6mm) sterile dispensing needle tips TT20G designed for precise medication delivery in pediatrics, dermatology procedures\" \/>\n<meta property=\"og:url\" content=\"https:\/\/topkeymedical.com\/es\/producto\/puntas-de-aguja-dosificadoras-tt20g\/\" \/>\n<meta property=\"og:site_name\" content=\"TOPKEY\u2013 Precision in Every Detail, Guardian of Life and Health\" \/>\n<meta property=\"article:publisher\" content=\"https:\/\/www.facebook.com\/profile.php?id=100088897294997\" \/>\n<meta property=\"article:modified_time\" content=\"2025-09-06T02:02:33+00:00\" \/>\n<meta property=\"og:image\" content=\"https:\/\/topkeymedical.com\/wp-content\/uploads\/2025\/08\/Dispensing-Needle-Tips-TT20G-2.webp\" \/>\n\t<meta property=\"og:image:width\" content=\"800\" \/>\n\t<meta property=\"og:image:height\" content=\"800\" \/>\n\t<meta property=\"og:image:type\" content=\"image\/webp\" \/>\n<meta name=\"twitter:card\" content=\"summary_large_image\" \/>\n<meta name=\"twitter:label1\" content=\"Tiempo de lectura\" \/>\n\t<meta name=\"twitter:data1\" content=\"2 minutos\" \/>\n<script type=\"application\/ld+json\" class=\"yoast-schema-graph\">{\"@context\":\"https:\\\/\\\/schema.org\",\"@graph\":[{\"@type\":\"WebPage\",\"@id\":\"https:\\\/\\\/topkeymedical.com\\\/product\\\/dispensing-needle-tips-tt20g\\\/\",\"url\":\"https:\\\/\\\/topkeymedical.com\\\/product\\\/dispensing-needle-tips-tt20g\\\/\",\"name\":\"Dispensing Needle Tips TT20G(\u00f80.6) Pink Opaque\",\"isPartOf\":{\"@id\":\"https:\\\/\\\/topkeymedical.com\\\/#website\"},\"primaryImageOfPage\":{\"@id\":\"https:\\\/\\\/topkeymedical.com\\\/product\\\/dispensing-needle-tips-tt20g\\\/#primaryimage\"},\"image\":{\"@id\":\"https:\\\/\\\/topkeymedical.com\\\/product\\\/dispensing-needle-tips-tt20g\\\/#primaryimage\"},\"thumbnailUrl\":\"https:\\\/\\\/topkeymedical.com\\\/wp-content\\\/uploads\\\/2025\\\/08\\\/Dispensing-Needle-Tips-TT20G-2.webp\",\"datePublished\":\"2025-06-17T07:10:44+00:00\",\"dateModified\":\"2025-09-06T02:02:33+00:00\",\"description\":\"Pink-coded 20-gauge (0.6mm) sterile dispensing needle tips TT20G designed for precise medication delivery in pediatrics, dermatology procedures\",\"breadcrumb\":{\"@id\":\"https:\\\/\\\/topkeymedical.com\\\/product\\\/dispensing-needle-tips-tt20g\\\/#breadcrumb\"},\"inLanguage\":\"es\",\"potentialAction\":[{\"@type\":\"ReadAction\",\"target\":[\"https:\\\/\\\/topkeymedical.com\\\/product\\\/dispensing-needle-tips-tt20g\\\/\"]}]},{\"@type\":\"ImageObject\",\"inLanguage\":\"es\",\"@id\":\"https:\\\/\\\/topkeymedical.com\\\/product\\\/dispensing-needle-tips-tt20g\\\/#primaryimage\",\"url\":\"https:\\\/\\\/topkeymedical.com\\\/wp-content\\\/uploads\\\/2025\\\/08\\\/Dispensing-Needle-Tips-TT20G-2.webp\",\"contentUrl\":\"https:\\\/\\\/topkeymedical.com\\\/wp-content\\\/uploads\\\/2025\\\/08\\\/Dispensing-Needle-Tips-TT20G-2.webp\",\"width\":800,\"height\":800,\"caption\":\"Dispensing Needle Tips TT20G\"},{\"@type\":\"BreadcrumbList\",\"@id\":\"https:\\\/\\\/topkeymedical.com\\\/product\\\/dispensing-needle-tips-tt20g\\\/#breadcrumb\",\"itemListElement\":[{\"@type\":\"ListItem\",\"position\":1,\"name\":\"Home\",\"item\":\"https:\\\/\\\/topkeymedical.com\\\/\"},{\"@type\":\"ListItem\",\"position\":2,\"name\":\"Products\",\"item\":\"https:\\\/\\\/topkeymedical.com\\\/shop\\\/\"},{\"@type\":\"ListItem\",\"position\":3,\"name\":\"Dispensing Needle Tips TT20G(\u00f80.6) Pink Opaque\"}]},{\"@type\":\"WebSite\",\"@id\":\"https:\\\/\\\/topkeymedical.com\\\/#website\",\"url\":\"https:\\\/\\\/topkeymedical.com\\\/\",\"name\":\"TOPKEY\u2013 Precision in Every Detail, Guardian of Life and Health\",\"description\":\"\",\"publisher\":{\"@id\":\"https:\\\/\\\/topkeymedical.com\\\/#organization\"},\"potentialAction\":[{\"@type\":\"SearchAction\",\"target\":{\"@type\":\"EntryPoint\",\"urlTemplate\":\"https:\\\/\\\/topkeymedical.com\\\/?s={search_term_string}\"},\"query-input\":{\"@type\":\"PropertyValueSpecification\",\"valueRequired\":true,\"valueName\":\"search_term_string\"}}],\"inLanguage\":\"es\"},{\"@type\":\"Organization\",\"@id\":\"https:\\\/\\\/topkeymedical.com\\\/#organization\",\"name\":\"TOPKEY\u2013 Precision in Every Detail, Guardian of Life and Health\",\"url\":\"https:\\\/\\\/topkeymedical.com\\\/\",\"logo\":{\"@type\":\"ImageObject\",\"inLanguage\":\"es\",\"@id\":\"https:\\\/\\\/topkeymedical.com\\\/#\\\/schema\\\/logo\\\/image\\\/\",\"url\":\"https:\\\/\\\/topkeymedical.com\\\/wp-content\\\/uploads\\\/2025\\\/05\\\/cropped-logo.jpg\",\"contentUrl\":\"https:\\\/\\\/topkeymedical.com\\\/wp-content\\\/uploads\\\/2025\\\/05\\\/cropped-logo.jpg\",\"width\":512,\"height\":512,\"caption\":\"TOPKEY\u2013 Precision in Every Detail, Guardian of Life and Health\"},\"image\":{\"@id\":\"https:\\\/\\\/topkeymedical.com\\\/#\\\/schema\\\/logo\\\/image\\\/\"},\"sameAs\":[\"https:\\\/\\\/www.facebook.com\\\/profile.php?id=100088897294997\",\"https:\\\/\\\/www.youtube.com\\\/@TopkeyMedical-Alice888\",\"https:\\\/\\\/www.linkedin.com\\\/in\\\/alice-hu-bb66a01b3\\\/\"]}]}<\/script>\n<!-- \/ Yoast SEO plugin. -->","yoast_head_json":{"title":"Puntas de Aguja Dispensadora TT20G(\u00f80.6) Rosa Opaca","description":"Puntas de aguja est\u00e9riles TT20G de calibre 20 (0,6 mm) codificadas en rosa, dise\u00f1adas para la administraci\u00f3n precisa de medicaci\u00f3n en pediatr\u00eda y dermatolog\u00eda.","robots":{"index":"index","follow":"follow","max-snippet":"max-snippet:-1","max-image-preview":"max-image-preview:large","max-video-preview":"max-video-preview:-1"},"canonical":"https:\/\/topkeymedical.com\/es\/producto\/puntas-de-aguja-dosificadoras-tt20g\/","og_locale":"es_ES","og_type":"article","og_title":"Dispensing Needle Tips TT20G(\u00f80.6) Pink Opaque","og_description":"Pink-coded 20-gauge (0.6mm) sterile dispensing needle tips TT20G designed for precise medication delivery in pediatrics, dermatology procedures","og_url":"https:\/\/topkeymedical.com\/es\/producto\/puntas-de-aguja-dosificadoras-tt20g\/","og_site_name":"TOPKEY\u2013 Precision in Every Detail, Guardian of Life and Health","article_publisher":"https:\/\/www.facebook.com\/profile.php?id=100088897294997","article_modified_time":"2025-09-06T02:02:33+00:00","og_image":[{"width":800,"height":800,"url":"https:\/\/topkeymedical.com\/wp-content\/uploads\/2025\/08\/Dispensing-Needle-Tips-TT20G-2.webp","type":"image\/webp"}],"twitter_card":"summary_large_image","twitter_misc":{"Tiempo de lectura":"2 minutos"},"schema":{"@context":"https:\/\/schema.org","@graph":[{"@type":"WebPage","@id":"https:\/\/topkeymedical.com\/product\/dispensing-needle-tips-tt20g\/","url":"https:\/\/topkeymedical.com\/product\/dispensing-needle-tips-tt20g\/","name":"Puntas de Aguja Dispensadora TT20G(\u00f80.6) Rosa Opaca","isPartOf":{"@id":"https:\/\/topkeymedical.com\/#website"},"primaryImageOfPage":{"@id":"https:\/\/topkeymedical.com\/product\/dispensing-needle-tips-tt20g\/#primaryimage"},"image":{"@id":"https:\/\/topkeymedical.com\/product\/dispensing-needle-tips-tt20g\/#primaryimage"},"thumbnailUrl":"https:\/\/topkeymedical.com\/wp-content\/uploads\/2025\/08\/Dispensing-Needle-Tips-TT20G-2.webp","datePublished":"2025-06-17T07:10:44+00:00","dateModified":"2025-09-06T02:02:33+00:00","description":"Puntas de aguja est\u00e9riles TT20G de calibre 20 (0,6 mm) codificadas en rosa, dise\u00f1adas para la administraci\u00f3n precisa de medicaci\u00f3n en pediatr\u00eda y dermatolog\u00eda.","breadcrumb":{"@id":"https:\/\/topkeymedical.com\/product\/dispensing-needle-tips-tt20g\/#breadcrumb"},"inLanguage":"es","potentialAction":[{"@type":"ReadAction","target":["https:\/\/topkeymedical.com\/product\/dispensing-needle-tips-tt20g\/"]}]},{"@type":"ImageObject","inLanguage":"es","@id":"https:\/\/topkeymedical.com\/product\/dispensing-needle-tips-tt20g\/#primaryimage","url":"https:\/\/topkeymedical.com\/wp-content\/uploads\/2025\/08\/Dispensing-Needle-Tips-TT20G-2.webp","contentUrl":"https:\/\/topkeymedical.com\/wp-content\/uploads\/2025\/08\/Dispensing-Needle-Tips-TT20G-2.webp","width":800,"height":800,"caption":"Dispensing Needle Tips TT20G"},{"@type":"BreadcrumbList","@id":"https:\/\/topkeymedical.com\/product\/dispensing-needle-tips-tt20g\/#breadcrumb","itemListElement":[{"@type":"ListItem","position":1,"name":"Home","item":"https:\/\/topkeymedical.com\/"},{"@type":"ListItem","position":2,"name":"Products","item":"https:\/\/topkeymedical.com\/shop\/"},{"@type":"ListItem","position":3,"name":"Dispensing Needle Tips TT20G(\u00f80.6) Pink Opaque"}]},{"@type":"WebSite","@id":"https:\/\/topkeymedical.com\/#website","url":"https:\/\/topkeymedical.com\/","name":"TOPKEY- Precisi\u00f3n en cada detalle, guardi\u00e1n de la vida y la salud","description":"","publisher":{"@id":"https:\/\/topkeymedical.com\/#organization"},"potentialAction":[{"@type":"SearchAction","target":{"@type":"EntryPoint","urlTemplate":"https:\/\/topkeymedical.com\/?s={search_term_string}"},"query-input":{"@type":"PropertyValueSpecification","valueRequired":true,"valueName":"search_term_string"}}],"inLanguage":"es"},{"@type":"Organization","@id":"https:\/\/topkeymedical.com\/#organization","name":"TOPKEY- Precisi\u00f3n en cada detalle, guardi\u00e1n de la vida y la salud","url":"https:\/\/topkeymedical.com\/","logo":{"@type":"ImageObject","inLanguage":"es","@id":"https:\/\/topkeymedical.com\/#\/schema\/logo\/image\/","url":"https:\/\/topkeymedical.com\/wp-content\/uploads\/2025\/05\/cropped-logo.jpg","contentUrl":"https:\/\/topkeymedical.com\/wp-content\/uploads\/2025\/05\/cropped-logo.jpg","width":512,"height":512,"caption":"TOPKEY\u2013 Precision in Every Detail, Guardian of Life and Health"},"image":{"@id":"https:\/\/topkeymedical.com\/#\/schema\/logo\/image\/"},"sameAs":["https:\/\/www.facebook.com\/profile.php?id=100088897294997","https:\/\/www.youtube.com\/@TopkeyMedical-Alice888","https:\/\/www.linkedin.com\/in\/alice-hu-bb66a01b3\/"]}]}},"_links":{"self":[{"href":"https:\/\/topkeymedical.com\/es\/wp-json\/wp\/v2\/product\/839","targetHints":{"allow":["GET"]}}],"collection":[{"href":"https:\/\/topkeymedical.com\/es\/wp-json\/wp\/v2\/product"}],"about":[{"href":"https:\/\/topkeymedical.com\/es\/wp-json\/wp\/v2\/types\/product"}],"version-history":[{"count":5,"href":"https:\/\/topkeymedical.com\/es\/wp-json\/wp\/v2\/product\/839\/revisions"}],"predecessor-version":[{"id":1377,"href":"https:\/\/topkeymedical.com\/es\/wp-json\/wp\/v2\/product\/839\/revisions\/1377"}],"wp:featuredmedia":[{"embeddable":true,"href":"https:\/\/topkeymedical.com\/es\/wp-json\/wp\/v2\/media\/1193"}],"wp:attachment":[{"href":"https:\/\/topkeymedical.com\/es\/wp-json\/wp\/v2\/media?parent=839"}],"wp:term":[{"taxonomy":"product_brand","embeddable":true,"href":"https:\/\/topkeymedical.com\/es\/wp-json\/wp\/v2\/product_brand?post=839"},{"taxonomy":"product_cat","embeddable":true,"href":"https:\/\/topkeymedical.com\/es\/wp-json\/wp\/v2\/product_cat?post=839"},{"taxonomy":"product_tag","embeddable":true,"href":"https:\/\/topkeymedical.com\/es\/wp-json\/wp\/v2\/product_tag?post=839"}],"curies":[{"name":"wp","href":"https:\/\/api.w.org\/{rel}","templated":true}]}}