{"id":849,"date":"2025-06-17T07:18:51","date_gmt":"2025-06-17T07:18:51","guid":{"rendered":"https:\/\/topkeymedical.com\/?post_type=product&#038;p=849"},"modified":"2025-09-06T02:00:09","modified_gmt":"2025-09-06T02:00:09","slug":"agujas-dosificadoras-tt18g","status":"publish","type":"product","link":"https:\/\/topkeymedical.com\/es\/producto\/agujas-dosificadoras-tt18g\/","title":{"rendered":"Agujas de dispensaci\u00f3n TT18G(\u00f80.8) Verde opaco"},"content":{"rendered":"<h2 data-start=\"1121\" data-end=\"1153\">Especificaciones t\u00e9cnicas<\/h2>\n<div class=\"_tableContainer_1rjym_1\">\n<div class=\"_tableWrapper_1rjym_13 group flex w-fit flex-col-reverse\" tabindex=\"-1\">\n<table class=\"w-fit min-w-(--thread-content-width)\" data-start=\"1155\" data-end=\"3036\">\n<thead data-start=\"1155\" data-end=\"1271\">\n<tr data-start=\"1155\" data-end=\"1271\">\n<th data-start=\"1155\" data-end=\"1184\" data-col-size=\"sm\">Par\u00e1metro<\/th>\n<th data-start=\"1184\" data-end=\"1271\" data-col-size=\"md\">Valor \/ Descripci\u00f3n<\/th>\n<\/tr>\n<\/thead>\n<tbody data-start=\"1390\" data-end=\"3036\">\n<tr data-start=\"1390\" data-end=\"1507\">\n<td data-start=\"1390\" data-end=\"1420\" data-col-size=\"sm\"><strong data-start=\"1392\" data-end=\"1408\">Nombre del producto<\/strong><\/td>\n<td data-start=\"1420\" data-end=\"1507\" data-col-size=\"md\">Agujas dispensadoras TT18G<\/td>\n<\/tr>\n<tr data-start=\"1508\" data-end=\"1625\">\n<td data-start=\"1508\" data-end=\"1538\" data-col-size=\"sm\"><strong data-start=\"1510\" data-end=\"1525\">SKU Ejemplo<\/strong><\/td>\n<td data-start=\"1538\" data-end=\"1625\" data-col-size=\"md\">TT18G (\u00f80,8 mm) Verde opaco<\/td>\n<\/tr>\n<tr data-start=\"1626\" data-end=\"1742\">\n<td data-start=\"1626\" data-end=\"1656\" data-col-size=\"sm\"><strong data-start=\"1628\" data-end=\"1642\">Calibre<\/strong><\/td>\n<td data-start=\"1656\" data-end=\"1742\" data-col-size=\"md\">18G<\/td>\n<\/tr>\n<tr data-start=\"1743\" data-end=\"1859\">\n<td data-start=\"1743\" data-end=\"1773\" data-col-size=\"sm\"><strong data-start=\"1745\" data-end=\"1768\">Di\u00e1metro interior (DI)<\/strong><\/td>\n<td data-start=\"1773\" data-end=\"1859\" data-col-size=\"md\">0,8 mm<\/td>\n<\/tr>\n<tr data-start=\"1860\" data-end=\"1976\">\n<td data-start=\"1860\" data-end=\"1890\" data-col-size=\"sm\"><strong data-start=\"1862\" data-end=\"1885\">Di\u00e1metro exterior (OD)<\/strong><\/td>\n<td data-start=\"1890\" data-end=\"1976\" data-col-size=\"md\">~1,27 mm<\/td>\n<\/tr>\n<tr data-start=\"1977\" data-end=\"2094\">\n<td data-start=\"1977\" data-end=\"2007\" data-col-size=\"sm\"><strong data-start=\"1979\" data-end=\"2004\">Opciones de longitud de aguja<\/strong><\/td>\n<td data-start=\"2007\" data-end=\"2094\" data-col-size=\"md\">Com\u00fanmente 1 pulgada (25 mm), 1,5 pulgadas (38 mm), 2 pulgadas (50 mm); personalizable<\/td>\n<\/tr>\n<tr data-start=\"2095\" data-end=\"2212\">\n<td data-start=\"2095\" data-end=\"2125\" data-col-size=\"sm\"><strong data-start=\"2097\" data-end=\"2119\">Material - C\u00e1nula<\/strong><\/td>\n<td data-start=\"2125\" data-end=\"2212\" data-col-size=\"md\">Acero inoxidable de calidad quir\u00fargica (conforme a la norma ISO 9626)<\/td>\n<\/tr>\n<tr data-start=\"2213\" data-end=\"2329\">\n<td data-start=\"2213\" data-end=\"2243\" data-col-size=\"sm\"><strong data-start=\"2215\" data-end=\"2233\">Material - Cubo<\/strong><\/td>\n<td data-start=\"2243\" data-end=\"2329\" data-col-size=\"md\">Polipropileno m\u00e9dico, verde opaco, c\u00f3digo de colores ISO<\/td>\n<\/tr>\n<tr data-start=\"2330\" data-end=\"2447\">\n<td data-start=\"2330\" data-end=\"2360\" data-col-size=\"sm\"><strong data-start=\"2332\" data-end=\"2351\">Tipo de conexi\u00f3n<\/strong><\/td>\n<td data-start=\"2360\" data-end=\"2447\" data-col-size=\"md\">Luer-lock est\u00e1ndar \/ Luer-slip<\/td>\n<\/tr>\n<tr data-start=\"2448\" data-end=\"2565\">\n<td data-start=\"2448\" data-end=\"2478\" data-col-size=\"sm\"><strong data-start=\"2450\" data-end=\"2474\">M\u00e9todo de esterilizaci\u00f3n<\/strong><\/td>\n<td data-start=\"2478\" data-end=\"2565\" data-col-size=\"md\">EO (\u00f3xido de etileno) esterilizado<\/td>\n<\/tr>\n<tr data-start=\"2566\" data-end=\"2683\">\n<td data-start=\"2566\" data-end=\"2596\" data-col-size=\"sm\"><strong data-start=\"2568\" data-end=\"2581\">Embalaje<\/strong><\/td>\n<td data-start=\"2596\" data-end=\"2683\" data-col-size=\"md\">Envases bl\u00edster sellados individualmente; 100 unidades por caja<\/td>\n<\/tr>\n<tr data-start=\"2684\" data-end=\"2800\">\n<td data-start=\"2684\" data-end=\"2714\" data-col-size=\"sm\"><strong data-start=\"2686\" data-end=\"2700\">Un solo uso<\/strong><\/td>\n<td data-start=\"2714\" data-end=\"2800\" data-col-size=\"md\">S\u00ed<\/td>\n<\/tr>\n<tr data-start=\"2801\" data-end=\"2918\">\n<td data-start=\"2801\" data-end=\"2831\" data-col-size=\"sm\"><strong data-start=\"2803\" data-end=\"2820\">Certificaci\u00f3n<\/strong><\/td>\n<td data-start=\"2831\" data-end=\"2918\" data-col-size=\"md\">ISO 13485, marcado CE, FDA (en funci\u00f3n del mercado)<\/td>\n<\/tr>\n<tr data-start=\"2919\" data-end=\"3036\">\n<td data-start=\"2919\" data-end=\"2949\" data-col-size=\"sm\"><strong data-start=\"2921\" data-end=\"2935\">Vida \u00fatil<\/strong><\/td>\n<td data-start=\"2949\" data-end=\"3036\" data-col-size=\"md\">3-5 a\u00f1os (si se almacena correctamente)<\/td>\n<\/tr>\n<\/tbody>\n<\/table>\n<\/div>\n<\/div>\n<hr data-start=\"3038\" data-end=\"3041\" \/>\n<p>Las agujas dosificadoras TT18G (\u00f80,8) Verde Opaco son puntas dosificadoras robustas y fiables dise\u00f1adas para fluidos de viscosidad media a alta en aplicaciones industriales, de automoci\u00f3n y de ensamblaje electr\u00f3nico. Con un di\u00e1metro interior de 0,8 mm, estas agujas proporcionan una dispensaci\u00f3n consistente y controlada de adhesivos, selladores, grasas y otros materiales m\u00e1s espesos, garantizando una aplicaci\u00f3n eficiente y uniforme.<\/p>\n<p>Fabricadas con pol\u00edmero verde opaco de alta resistencia, estas agujas ofrecen una durabilidad y una resistencia qu\u00edmica superiores, lo que las hace ideales para entornos de trabajo dif\u00edciles. El color verde opaco facilita su identificaci\u00f3n y clasificaci\u00f3n en entornos de producci\u00f3n de gran volumen. Su estructura reforzada minimiza la flexi\u00f3n y los atascos, garantizando un rendimiento duradero tanto en sistemas de dispensaci\u00f3n automatizados como manuales.<\/p>\n<p>Ventajas clave:<br \/>\n\u2714 Di\u00e1metro interior de 0,8 mm para una dosificaci\u00f3n suave de fluidos de viscosidad media\/alta.<br \/>\n\u2714 Material opaco de color verde para una r\u00e1pida identificaci\u00f3n y menor sensibilidad a la luz.<br \/>\n\u2714 Alta resistencia qu\u00edmica y a la abrasi\u00f3n para una mayor vida \u00fatil<br \/>\n\u2714 Dise\u00f1o antiobstrucci\u00f3n para un funcionamiento ininterrumpido<br \/>\n\u2714 Ideal para adhesivos industriales, selladores, lubricantes y compuestos de encapsulado<\/p>\n<p>Mejore su proceso de dosificaci\u00f3n con las agujas dosificadoras TT18G, dise\u00f1adas para ofrecer durabilidad, precisi\u00f3n y eficacia.<\/p>","protected":false},"excerpt":{"rendered":"<p>Agujas m\u00e9dicas vers\u00e1tiles TT18G de calibre 18 (0,8 mm) para inyecciones intramusculares, administraci\u00f3n de anestesia local o administraci\u00f3n de vacunas. El dise\u00f1o verde opaco cumple las normas ISO de codificaci\u00f3n por colores para facilitar la identificaci\u00f3n en situaciones cl\u00ednicas rutinarias y de emergencia.<\/p>","protected":false},"featured_media":1204,"template":"","meta":{"_acf_changed":false,"site-sidebar-layout":"default","site-content-layout":"","ast-site-content-layout":"default","site-content-style":"default","site-sidebar-style":"default","ast-global-header-display":"","ast-banner-title-visibility":"","ast-main-header-display":"","ast-hfb-above-header-display":"","ast-hfb-below-header-display":"","ast-hfb-mobile-header-display":"","site-post-title":"","ast-breadcrumbs-content":"","ast-featured-img":"","footer-sml-layout":"","ast-disable-related-posts":"","theme-transparent-header-meta":"default","adv-header-id-meta":"","stick-header-meta":"","header-above-stick-meta":"","header-main-stick-meta":"","header-below-stick-meta":"","astra-migrate-meta-layouts":"set","ast-page-background-enabled":"default","ast-page-background-meta":{"desktop":{"background-color":"var(--ast-global-color-5)","background-image":"","background-repeat":"repeat","background-position":"center center","background-size":"auto","background-attachment":"scroll","background-type":"","background-media":"","overlay-type":"","overlay-color":"","overlay-opacity":"","overlay-gradient":""},"tablet":{"background-color":"","background-image":"","background-repeat":"repeat","background-position":"center center","background-size":"auto","background-attachment":"scroll","background-type":"","background-media":"","overlay-type":"","overlay-color":"","overlay-opacity":"","overlay-gradient":""},"mobile":{"background-color":"","background-image":"","background-repeat":"repeat","background-position":"center center","background-size":"auto","background-attachment":"scroll","background-type":"","background-media":"","overlay-type":"","overlay-color":"","overlay-opacity":"","overlay-gradient":""}},"ast-content-background-meta":{"desktop":{"background-color":"var(--ast-global-color-4)","background-image":"","background-repeat":"repeat","background-position":"center center","background-size":"auto","background-attachment":"scroll","background-type":"","background-media":"","overlay-type":"","overlay-color":"","overlay-opacity":"","overlay-gradient":""},"tablet":{"background-color":"var(--ast-global-color-4)","background-image":"","background-repeat":"repeat","background-position":"center center","background-size":"auto","background-attachment":"scroll","background-type":"","background-media":"","overlay-type":"","overlay-color":"","overlay-opacity":"","overlay-gradient":""},"mobile":{"background-color":"var(--ast-global-color-4)","background-image":"","background-repeat":"repeat","background-position":"center center","background-size":"auto","background-attachment":"scroll","background-type":"","background-media":"","overlay-type":"","overlay-color":"","overlay-opacity":"","overlay-gradient":""}}},"product_brand":[],"product_cat":[58,64],"product_tag":[],"class_list":{"0":"post-849","1":"product","2":"type-product","3":"status-publish","4":"has-post-thumbnail","6":"product_cat-dispensing-needles","7":"product_cat-dispensing-needles-and-tips","8":"desktop-align-left","9":"tablet-align-left","10":"mobile-align-left","12":"first","13":"instock","14":"shipping-taxable","15":"product-type-simple"},"acf":[],"yoast_head":"<!-- This site is optimized with the Yoast SEO plugin v27.4 - https:\/\/yoast.com\/product\/yoast-seo-wordpress\/ -->\n<title>Dispensing Needles TT18G(\u00f80.8) Green Opaque<\/title>\n<meta name=\"description\" content=\"Versatile 18-gauge (0.8mm) medical dispensing needles TT18G for intramuscular injections, local anesthesia administration, or vaccine delivery.\" \/>\n<meta name=\"robots\" content=\"index, follow, max-snippet:-1, max-image-preview:large, max-video-preview:-1\" \/>\n<link rel=\"canonical\" href=\"https:\/\/topkeymedical.com\/es\/producto\/agujas-dosificadoras-tt18g\/\" \/>\n<meta property=\"og:locale\" content=\"es_ES\" \/>\n<meta property=\"og:type\" content=\"article\" \/>\n<meta property=\"og:title\" content=\"Dispensing Needles TT18G(\u00f80.8) Green Opaque\" \/>\n<meta property=\"og:description\" content=\"Versatile 18-gauge (0.8mm) medical dispensing needles TT18G for intramuscular injections, local anesthesia administration, or vaccine delivery.\" \/>\n<meta property=\"og:url\" content=\"https:\/\/topkeymedical.com\/es\/producto\/agujas-dosificadoras-tt18g\/\" \/>\n<meta property=\"og:site_name\" content=\"TOPKEY\u2013 Precision in Every Detail, Guardian of Life and Health\" \/>\n<meta property=\"article:publisher\" content=\"https:\/\/www.facebook.com\/profile.php?id=100088897294997\" \/>\n<meta property=\"article:modified_time\" content=\"2025-09-06T02:00:09+00:00\" \/>\n<meta property=\"og:image\" content=\"https:\/\/topkeymedical.com\/wp-content\/uploads\/2025\/08\/Dispensing-Needles-TT18G-1.webp\" \/>\n\t<meta property=\"og:image:width\" content=\"800\" \/>\n\t<meta property=\"og:image:height\" content=\"800\" \/>\n\t<meta property=\"og:image:type\" content=\"image\/webp\" \/>\n<meta name=\"twitter:card\" content=\"summary_large_image\" \/>\n<meta name=\"twitter:label1\" content=\"Tiempo de lectura\" \/>\n\t<meta name=\"twitter:data1\" content=\"2 minutos\" \/>\n<script type=\"application\/ld+json\" class=\"yoast-schema-graph\">{\"@context\":\"https:\\\/\\\/schema.org\",\"@graph\":[{\"@type\":\"WebPage\",\"@id\":\"https:\\\/\\\/topkeymedical.com\\\/product\\\/dispensing-needles-tt18g\\\/\",\"url\":\"https:\\\/\\\/topkeymedical.com\\\/product\\\/dispensing-needles-tt18g\\\/\",\"name\":\"Dispensing Needles TT18G(\u00f80.8) Green Opaque\",\"isPartOf\":{\"@id\":\"https:\\\/\\\/topkeymedical.com\\\/#website\"},\"primaryImageOfPage\":{\"@id\":\"https:\\\/\\\/topkeymedical.com\\\/product\\\/dispensing-needles-tt18g\\\/#primaryimage\"},\"image\":{\"@id\":\"https:\\\/\\\/topkeymedical.com\\\/product\\\/dispensing-needles-tt18g\\\/#primaryimage\"},\"thumbnailUrl\":\"https:\\\/\\\/topkeymedical.com\\\/wp-content\\\/uploads\\\/2025\\\/08\\\/Dispensing-Needles-TT18G-1.webp\",\"datePublished\":\"2025-06-17T07:18:51+00:00\",\"dateModified\":\"2025-09-06T02:00:09+00:00\",\"description\":\"Versatile 18-gauge (0.8mm) medical dispensing needles TT18G for intramuscular injections, local anesthesia administration, or vaccine delivery.\",\"breadcrumb\":{\"@id\":\"https:\\\/\\\/topkeymedical.com\\\/product\\\/dispensing-needles-tt18g\\\/#breadcrumb\"},\"inLanguage\":\"es\",\"potentialAction\":[{\"@type\":\"ReadAction\",\"target\":[\"https:\\\/\\\/topkeymedical.com\\\/product\\\/dispensing-needles-tt18g\\\/\"]}]},{\"@type\":\"ImageObject\",\"inLanguage\":\"es\",\"@id\":\"https:\\\/\\\/topkeymedical.com\\\/product\\\/dispensing-needles-tt18g\\\/#primaryimage\",\"url\":\"https:\\\/\\\/topkeymedical.com\\\/wp-content\\\/uploads\\\/2025\\\/08\\\/Dispensing-Needles-TT18G-1.webp\",\"contentUrl\":\"https:\\\/\\\/topkeymedical.com\\\/wp-content\\\/uploads\\\/2025\\\/08\\\/Dispensing-Needles-TT18G-1.webp\",\"width\":800,\"height\":800,\"caption\":\"Dispensing Needles TT18G\"},{\"@type\":\"BreadcrumbList\",\"@id\":\"https:\\\/\\\/topkeymedical.com\\\/product\\\/dispensing-needles-tt18g\\\/#breadcrumb\",\"itemListElement\":[{\"@type\":\"ListItem\",\"position\":1,\"name\":\"Home\",\"item\":\"https:\\\/\\\/topkeymedical.com\\\/\"},{\"@type\":\"ListItem\",\"position\":2,\"name\":\"Products\",\"item\":\"https:\\\/\\\/topkeymedical.com\\\/shop\\\/\"},{\"@type\":\"ListItem\",\"position\":3,\"name\":\"Dispensing Needles TT18G(\u00f80.8) Green Opaque\"}]},{\"@type\":\"WebSite\",\"@id\":\"https:\\\/\\\/topkeymedical.com\\\/#website\",\"url\":\"https:\\\/\\\/topkeymedical.com\\\/\",\"name\":\"TOPKEY\u2013 Precision in Every Detail, Guardian of Life and Health\",\"description\":\"\",\"publisher\":{\"@id\":\"https:\\\/\\\/topkeymedical.com\\\/#organization\"},\"potentialAction\":[{\"@type\":\"SearchAction\",\"target\":{\"@type\":\"EntryPoint\",\"urlTemplate\":\"https:\\\/\\\/topkeymedical.com\\\/?s={search_term_string}\"},\"query-input\":{\"@type\":\"PropertyValueSpecification\",\"valueRequired\":true,\"valueName\":\"search_term_string\"}}],\"inLanguage\":\"es\"},{\"@type\":\"Organization\",\"@id\":\"https:\\\/\\\/topkeymedical.com\\\/#organization\",\"name\":\"TOPKEY\u2013 Precision in Every Detail, Guardian of Life and Health\",\"url\":\"https:\\\/\\\/topkeymedical.com\\\/\",\"logo\":{\"@type\":\"ImageObject\",\"inLanguage\":\"es\",\"@id\":\"https:\\\/\\\/topkeymedical.com\\\/#\\\/schema\\\/logo\\\/image\\\/\",\"url\":\"https:\\\/\\\/topkeymedical.com\\\/wp-content\\\/uploads\\\/2025\\\/05\\\/cropped-logo.jpg\",\"contentUrl\":\"https:\\\/\\\/topkeymedical.com\\\/wp-content\\\/uploads\\\/2025\\\/05\\\/cropped-logo.jpg\",\"width\":512,\"height\":512,\"caption\":\"TOPKEY\u2013 Precision in Every Detail, Guardian of Life and Health\"},\"image\":{\"@id\":\"https:\\\/\\\/topkeymedical.com\\\/#\\\/schema\\\/logo\\\/image\\\/\"},\"sameAs\":[\"https:\\\/\\\/www.facebook.com\\\/profile.php?id=100088897294997\",\"https:\\\/\\\/www.youtube.com\\\/@TopkeyMedical-Alice888\",\"https:\\\/\\\/www.linkedin.com\\\/in\\\/alice-hu-bb66a01b3\\\/\"]}]}<\/script>\n<!-- \/ Yoast SEO plugin. -->","yoast_head_json":{"title":"Agujas de dispensaci\u00f3n TT18G(\u00f80.8) Verde opaco","description":"Agujas m\u00e9dicas vers\u00e1tiles TT18G de calibre 18 (0,8 mm) para inyecciones intramusculares, administraci\u00f3n de anestesia local o administraci\u00f3n de vacunas.","robots":{"index":"index","follow":"follow","max-snippet":"max-snippet:-1","max-image-preview":"max-image-preview:large","max-video-preview":"max-video-preview:-1"},"canonical":"https:\/\/topkeymedical.com\/es\/producto\/agujas-dosificadoras-tt18g\/","og_locale":"es_ES","og_type":"article","og_title":"Dispensing Needles TT18G(\u00f80.8) Green Opaque","og_description":"Versatile 18-gauge (0.8mm) medical dispensing needles TT18G for intramuscular injections, local anesthesia administration, or vaccine delivery.","og_url":"https:\/\/topkeymedical.com\/es\/producto\/agujas-dosificadoras-tt18g\/","og_site_name":"TOPKEY\u2013 Precision in Every Detail, Guardian of Life and Health","article_publisher":"https:\/\/www.facebook.com\/profile.php?id=100088897294997","article_modified_time":"2025-09-06T02:00:09+00:00","og_image":[{"width":800,"height":800,"url":"https:\/\/topkeymedical.com\/wp-content\/uploads\/2025\/08\/Dispensing-Needles-TT18G-1.webp","type":"image\/webp"}],"twitter_card":"summary_large_image","twitter_misc":{"Tiempo de lectura":"2 minutos"},"schema":{"@context":"https:\/\/schema.org","@graph":[{"@type":"WebPage","@id":"https:\/\/topkeymedical.com\/product\/dispensing-needles-tt18g\/","url":"https:\/\/topkeymedical.com\/product\/dispensing-needles-tt18g\/","name":"Agujas de dispensaci\u00f3n TT18G(\u00f80.8) Verde opaco","isPartOf":{"@id":"https:\/\/topkeymedical.com\/#website"},"primaryImageOfPage":{"@id":"https:\/\/topkeymedical.com\/product\/dispensing-needles-tt18g\/#primaryimage"},"image":{"@id":"https:\/\/topkeymedical.com\/product\/dispensing-needles-tt18g\/#primaryimage"},"thumbnailUrl":"https:\/\/topkeymedical.com\/wp-content\/uploads\/2025\/08\/Dispensing-Needles-TT18G-1.webp","datePublished":"2025-06-17T07:18:51+00:00","dateModified":"2025-09-06T02:00:09+00:00","description":"Agujas m\u00e9dicas vers\u00e1tiles TT18G de calibre 18 (0,8 mm) para inyecciones intramusculares, administraci\u00f3n de anestesia local o administraci\u00f3n de vacunas.","breadcrumb":{"@id":"https:\/\/topkeymedical.com\/product\/dispensing-needles-tt18g\/#breadcrumb"},"inLanguage":"es","potentialAction":[{"@type":"ReadAction","target":["https:\/\/topkeymedical.com\/product\/dispensing-needles-tt18g\/"]}]},{"@type":"ImageObject","inLanguage":"es","@id":"https:\/\/topkeymedical.com\/product\/dispensing-needles-tt18g\/#primaryimage","url":"https:\/\/topkeymedical.com\/wp-content\/uploads\/2025\/08\/Dispensing-Needles-TT18G-1.webp","contentUrl":"https:\/\/topkeymedical.com\/wp-content\/uploads\/2025\/08\/Dispensing-Needles-TT18G-1.webp","width":800,"height":800,"caption":"Dispensing Needles TT18G"},{"@type":"BreadcrumbList","@id":"https:\/\/topkeymedical.com\/product\/dispensing-needles-tt18g\/#breadcrumb","itemListElement":[{"@type":"ListItem","position":1,"name":"Home","item":"https:\/\/topkeymedical.com\/"},{"@type":"ListItem","position":2,"name":"Products","item":"https:\/\/topkeymedical.com\/shop\/"},{"@type":"ListItem","position":3,"name":"Dispensing Needles TT18G(\u00f80.8) Green Opaque"}]},{"@type":"WebSite","@id":"https:\/\/topkeymedical.com\/#website","url":"https:\/\/topkeymedical.com\/","name":"TOPKEY- Precisi\u00f3n en cada detalle, guardi\u00e1n de la vida y la salud","description":"","publisher":{"@id":"https:\/\/topkeymedical.com\/#organization"},"potentialAction":[{"@type":"SearchAction","target":{"@type":"EntryPoint","urlTemplate":"https:\/\/topkeymedical.com\/?s={search_term_string}"},"query-input":{"@type":"PropertyValueSpecification","valueRequired":true,"valueName":"search_term_string"}}],"inLanguage":"es"},{"@type":"Organization","@id":"https:\/\/topkeymedical.com\/#organization","name":"TOPKEY- Precisi\u00f3n en cada detalle, guardi\u00e1n de la vida y la salud","url":"https:\/\/topkeymedical.com\/","logo":{"@type":"ImageObject","inLanguage":"es","@id":"https:\/\/topkeymedical.com\/#\/schema\/logo\/image\/","url":"https:\/\/topkeymedical.com\/wp-content\/uploads\/2025\/05\/cropped-logo.jpg","contentUrl":"https:\/\/topkeymedical.com\/wp-content\/uploads\/2025\/05\/cropped-logo.jpg","width":512,"height":512,"caption":"TOPKEY\u2013 Precision in Every Detail, Guardian of Life and Health"},"image":{"@id":"https:\/\/topkeymedical.com\/#\/schema\/logo\/image\/"},"sameAs":["https:\/\/www.facebook.com\/profile.php?id=100088897294997","https:\/\/www.youtube.com\/@TopkeyMedical-Alice888","https:\/\/www.linkedin.com\/in\/alice-hu-bb66a01b3\/"]}]}},"_links":{"self":[{"href":"https:\/\/topkeymedical.com\/es\/wp-json\/wp\/v2\/product\/849","targetHints":{"allow":["GET"]}}],"collection":[{"href":"https:\/\/topkeymedical.com\/es\/wp-json\/wp\/v2\/product"}],"about":[{"href":"https:\/\/topkeymedical.com\/es\/wp-json\/wp\/v2\/types\/product"}],"version-history":[{"count":5,"href":"https:\/\/topkeymedical.com\/es\/wp-json\/wp\/v2\/product\/849\/revisions"}],"predecessor-version":[{"id":1376,"href":"https:\/\/topkeymedical.com\/es\/wp-json\/wp\/v2\/product\/849\/revisions\/1376"}],"wp:featuredmedia":[{"embeddable":true,"href":"https:\/\/topkeymedical.com\/es\/wp-json\/wp\/v2\/media\/1204"}],"wp:attachment":[{"href":"https:\/\/topkeymedical.com\/es\/wp-json\/wp\/v2\/media?parent=849"}],"wp:term":[{"taxonomy":"product_brand","embeddable":true,"href":"https:\/\/topkeymedical.com\/es\/wp-json\/wp\/v2\/product_brand?post=849"},{"taxonomy":"product_cat","embeddable":true,"href":"https:\/\/topkeymedical.com\/es\/wp-json\/wp\/v2\/product_cat?post=849"},{"taxonomy":"product_tag","embeddable":true,"href":"https:\/\/topkeymedical.com\/es\/wp-json\/wp\/v2\/product_tag?post=849"}],"curies":[{"name":"wp","href":"https:\/\/api.w.org\/{rel}","templated":true}]}}