{"id":964,"date":"2025-06-25T06:02:31","date_gmt":"2025-06-25T06:02:31","guid":{"rendered":"https:\/\/topkeymedical.com\/?post_type=product&#038;p=964"},"modified":"2026-03-14T13:28:59","modified_gmt":"2026-03-14T13:28:59","slug":"agujas-de-acupuntura-esteriles-de-un-solo-uso-0-2540mm","status":"publish","type":"product","link":"https:\/\/topkeymedical.com\/es\/producto\/agujas-de-acupuntura-esteriles-de-un-solo-uso-0-2540mm\/","title":{"rendered":"Agujas de acupuntura est\u00e9riles de un solo uso 0.25*40mm"},"content":{"rendered":"<h2 data-start=\"395\" data-end=\"422\">1. 1. Descripci\u00f3n general<\/h2>\n<p data-start=\"423\" data-end=\"875\">Estas agujas de acupuntura est\u00e9riles de un solo uso est\u00e1n dise\u00f1adas para realizar punciones precisas con la m\u00ednima molestia. El <strong data-start=\"532\" data-end=\"552\">0,22 mm de di\u00e1metro<\/strong> ofrece una inserci\u00f3n fina y delicada para zonas sensibles o t\u00e9cnicas poco profundas, mientras que el <strong data-start=\"640\" data-end=\"656\">13 mm de longitud<\/strong> los hace adecuados para la acupuntura facial, la acupuntura auricular, la terapia manual o los puntos corporales superficiales. El <strong data-start=\"770\" data-end=\"788\">mango de pl\u00e1stico<\/strong> proporciona un agarre y control mejorados tanto para principiantes como para practicantes experimentados.<\/p>\n<p data-start=\"877\" data-end=\"1018\">Cada aguja es <strong data-start=\"892\" data-end=\"923\">envasado en bl\u00edster individual<\/strong> para garantizar la higiene y la seguridad de los pacientes, cumpliendo las normas internacionales sobre productos sanitarios.<\/p>\n<h2 data-start=\"1025\" data-end=\"1057\">2. 2. Especificaciones t\u00e9cnicas<\/h2>\n<div class=\"_tableContainer_1rjym_1\">\n<div class=\"_tableWrapper_1rjym_13 group flex w-fit flex-col-reverse\" tabindex=\"-1\">\n<table class=\"w-fit min-w-(--thread-content-width)\" data-start=\"1059\" data-end=\"2787\">\n<thead data-start=\"1059\" data-end=\"1173\">\n<tr data-start=\"1059\" data-end=\"1173\">\n<th data-start=\"1059\" data-end=\"1086\" data-col-size=\"sm\">Par\u00e1metro<\/th>\n<th data-start=\"1086\" data-end=\"1173\" data-col-size=\"md\">Valor \/ Descripci\u00f3n<\/th>\n<\/tr>\n<\/thead>\n<tbody data-start=\"1290\" data-end=\"2787\">\n<tr data-start=\"1290\" data-end=\"1405\">\n<td data-start=\"1290\" data-end=\"1318\" data-col-size=\"sm\"><strong data-start=\"1292\" data-end=\"1308\">Nombre del producto<\/strong><\/td>\n<td data-start=\"1318\" data-end=\"1405\" data-col-size=\"md\">Agujas de acupuntura con mango de pl\u00e1stico<\/td>\n<\/tr>\n<tr data-start=\"1406\" data-end=\"1520\">\n<td data-start=\"1406\" data-end=\"1434\" data-col-size=\"sm\"><strong data-start=\"1408\" data-end=\"1423\">SKU Ejemplo<\/strong><\/td>\n<td data-start=\"1434\" data-end=\"1520\" data-col-size=\"md\">0,22 \u00d7 13 mm (otros tama\u00f1os disponibles)<\/td>\n<\/tr>\n<tr data-start=\"1521\" data-end=\"1635\">\n<td data-start=\"1521\" data-end=\"1549\" data-col-size=\"sm\"><strong data-start=\"1523\" data-end=\"1542\">Di\u00e1metro de la aguja<\/strong><\/td>\n<td data-start=\"1549\" data-end=\"1635\" data-col-size=\"md\">0,22 mm<\/td>\n<\/tr>\n<tr data-start=\"1636\" data-end=\"1750\">\n<td data-start=\"1636\" data-end=\"1664\" data-col-size=\"sm\"><strong data-start=\"1638\" data-end=\"1655\">Longitud de la aguja<\/strong><\/td>\n<td data-start=\"1664\" data-end=\"1750\" data-col-size=\"md\">13 mm<\/td>\n<\/tr>\n<tr data-start=\"1751\" data-end=\"1865\">\n<td data-start=\"1751\" data-end=\"1779\" data-col-size=\"sm\"><strong data-start=\"1753\" data-end=\"1768\">Tipo de asa<\/strong><\/td>\n<td data-start=\"1779\" data-end=\"1865\" data-col-size=\"md\">Mango de pl\u00e1stico (no magn\u00e9tico, ligero)<\/td>\n<\/tr>\n<tr data-start=\"1866\" data-end=\"1980\">\n<td data-start=\"1866\" data-end=\"1894\" data-col-size=\"sm\"><strong data-start=\"1868\" data-end=\"1885\">Longitud del mango<\/strong><\/td>\n<td data-start=\"1894\" data-end=\"1980\" data-col-size=\"md\">Aprox. 25 mm (est\u00e1ndar)<\/td>\n<\/tr>\n<tr data-start=\"1981\" data-end=\"2096\">\n<td data-start=\"1981\" data-end=\"2009\" data-col-size=\"sm\"><strong data-start=\"1983\" data-end=\"2004\">Material - Aguja<\/strong><\/td>\n<td data-start=\"2009\" data-end=\"2096\" data-col-size=\"md\">Acero inoxidable quir\u00fargico de alta calidad (conforme a la norma ISO 9626)<\/td>\n<\/tr>\n<tr data-start=\"2097\" data-end=\"2211\">\n<td data-start=\"2097\" data-end=\"2125\" data-col-size=\"sm\"><strong data-start=\"2099\" data-end=\"2120\">Material - Asa<\/strong><\/td>\n<td data-start=\"2125\" data-end=\"2211\" data-col-size=\"md\">Pl\u00e1stico de calidad m\u00e9dica (sin BPA, no t\u00f3xico)<\/td>\n<\/tr>\n<tr data-start=\"2212\" data-end=\"2327\">\n<td data-start=\"2212\" data-end=\"2240\" data-col-size=\"sm\"><strong data-start=\"2214\" data-end=\"2238\">M\u00e9todo de esterilizaci\u00f3n<\/strong><\/td>\n<td data-start=\"2240\" data-end=\"2327\" data-col-size=\"md\">Esterilizaci\u00f3n por gas de \u00f3xido de etileno (OE)<\/td>\n<\/tr>\n<tr data-start=\"2328\" data-end=\"2442\">\n<td data-start=\"2328\" data-end=\"2356\" data-col-size=\"sm\"><strong data-start=\"2330\" data-end=\"2343\">Embalaje<\/strong><\/td>\n<td data-start=\"2356\" data-end=\"2442\" data-col-size=\"md\">Envasadas individualmente en bl\u00edster, 100 agujas por caja<\/td>\n<\/tr>\n<tr data-start=\"2443\" data-end=\"2557\">\n<td data-start=\"2443\" data-end=\"2471\" data-col-size=\"sm\"><strong data-start=\"2445\" data-end=\"2459\">Un solo uso<\/strong><\/td>\n<td data-start=\"2471\" data-end=\"2557\" data-col-size=\"md\">S\u00ed<\/td>\n<\/tr>\n<tr data-start=\"2558\" data-end=\"2672\">\n<td data-start=\"2558\" data-end=\"2586\" data-col-size=\"sm\"><strong data-start=\"2560\" data-end=\"2577\">Certificaci\u00f3n<\/strong><\/td>\n<td data-start=\"2586\" data-end=\"2672\" data-col-size=\"md\">CE, ISO 13485, FDA (dependiendo del proveedor\/fabricante)<\/td>\n<\/tr>\n<tr data-start=\"2673\" data-end=\"2787\">\n<td data-start=\"2673\" data-end=\"2701\" data-col-size=\"sm\"><strong data-start=\"2675\" data-end=\"2689\">Vida \u00fatil<\/strong><\/td>\n<td data-start=\"2701\" data-end=\"2787\" data-col-size=\"md\">3-5 a\u00f1os (si se almacena en condiciones secas y selladas)<\/td>\n<\/tr>\n<\/tbody>\n<\/table>\n<h2 data-start=\"2794\" data-end=\"2814\">3. Caracter\u00edsticas principales<\/h2>\n<ul data-start=\"2815\" data-end=\"3184\">\n<li data-start=\"2815\" data-end=\"2885\">\n<p data-start=\"2817\" data-end=\"2885\"><strong data-start=\"2817\" data-end=\"2835\">Punta ultrafina<\/strong>: Minimiza las molestias del paciente durante la inserci\u00f3n.<\/p>\n<\/li>\n<li data-start=\"2886\" data-end=\"2968\">\n<p data-start=\"2888\" data-end=\"2968\"><strong data-start=\"2888\" data-end=\"2906\">Asa de pl\u00e1stico<\/strong>: Ligero, garantiza un agarre estable y facilidad de manipulaci\u00f3n.<\/p>\n<\/li>\n<li data-start=\"2969\" data-end=\"3050\">\n<p data-start=\"2971\" data-end=\"3050\"><strong data-start=\"2971\" data-end=\"2993\">Est\u00e9ril e higi\u00e9nico<\/strong>: Envasado individualmente en bl\u00edster para evitar la contaminaci\u00f3n.<\/p>\n<\/li>\n<li data-start=\"3051\" data-end=\"3129\">\n<p data-start=\"3053\" data-end=\"3129\"><strong data-start=\"3053\" data-end=\"3068\">Versatilidad<\/strong>: Adecuado para puntos de acupuntura poco profundos y microsistemas.<\/p>\n<\/li>\n<li data-start=\"3130\" data-end=\"3184\">\n<p data-start=\"3132\" data-end=\"3184\"><strong data-start=\"3132\" data-end=\"3181\">Cumple las normas internacionales de seguridad<\/strong>.<\/p>\n<\/li>\n<\/ul>\n<h2 data-start=\"3191\" data-end=\"3220\">4. Escenarios de aplicaci\u00f3n<\/h2>\n<div class=\"_tableContainer_1rjym_1\">\n<div class=\"_tableWrapper_1rjym_13 group flex w-fit flex-col-reverse\" tabindex=\"-1\">\n<table class=\"w-fit min-w-(--thread-content-width)\" data-start=\"3222\" data-end=\"4037\">\n<thead data-start=\"3222\" data-end=\"3335\">\n<tr data-start=\"3222\" data-end=\"3335\">\n<th data-start=\"3222\" data-end=\"3254\" data-col-size=\"sm\">\u00c1rea de aplicaci\u00f3n<\/th>\n<th data-start=\"3254\" data-end=\"3335\" data-col-size=\"md\">Uso t\u00edpico<\/th>\n<\/tr>\n<\/thead>\n<tbody data-start=\"3451\" data-end=\"4037\">\n<tr data-start=\"3451\" data-end=\"3565\">\n<td data-start=\"3451\" data-end=\"3484\" data-col-size=\"sm\"><strong data-start=\"3453\" data-end=\"3475\">Acupuntura facial<\/strong><\/td>\n<td data-start=\"3484\" data-end=\"3565\" data-col-size=\"md\">Tratamientos est\u00e9ticos, rejuvenecimiento facial, reducci\u00f3n de arrugas finas.<\/td>\n<\/tr>\n<tr data-start=\"3566\" data-end=\"3680\">\n<td data-start=\"3566\" data-end=\"3599\" data-col-size=\"sm\"><strong data-start=\"3568\" data-end=\"3593\">Acupuntura auricular<\/strong><\/td>\n<td data-start=\"3599\" data-end=\"3680\" data-col-size=\"md\">Terapia auditiva para dejar de fumar, perder peso y controlar el estr\u00e9s.<\/td>\n<\/tr>\n<tr data-start=\"3681\" data-end=\"3796\">\n<td data-start=\"3681\" data-end=\"3714\" data-col-size=\"sm\"><strong data-start=\"3683\" data-end=\"3710\">Acupuntura de manos y pies<\/strong><\/td>\n<td data-start=\"3714\" data-end=\"3796\" data-col-size=\"md\">Terapia de microsistemas, alivio del dolor, regulaci\u00f3n funcional.<\/td>\n<\/tr>\n<tr data-start=\"3797\" data-end=\"3912\">\n<td data-start=\"3797\" data-end=\"3830\" data-col-size=\"sm\"><strong data-start=\"3799\" data-end=\"3820\">Acupuntura del cuero cabelludo<\/strong><\/td>\n<td data-start=\"3830\" data-end=\"3912\" data-col-size=\"md\">Trastornos neurol\u00f3gicos, rehabilitaci\u00f3n de accidentes cerebrovasculares, apoyo cognitivo.<\/td>\n<\/tr>\n<tr data-start=\"3913\" data-end=\"4037\">\n<td data-start=\"3913\" data-end=\"3946\" data-col-size=\"sm\"><strong data-start=\"3915\" data-end=\"3941\">Puntos superficiales generales<\/strong><\/td>\n<td data-start=\"3946\" data-end=\"4037\" data-col-size=\"md\">Puntos que requieren una punci\u00f3n delicada o superficial (por ejemplo, ni\u00f1os, pacientes sensibles).<\/td>\n<\/tr>\n<\/tbody>\n<\/table>\n<h2 data-start=\"4044\" data-end=\"4069\">5. Seguridad y manipulaci\u00f3n<\/h2>\n<ul data-start=\"4070\" data-end=\"4261\">\n<li data-start=\"4070\" data-end=\"4142\">\n<p data-start=\"4072\" data-end=\"4142\">De un solo uso - des\u00e9chelo correctamente en un contenedor de objetos punzantes despu\u00e9s de su uso.<\/p>\n<\/li>\n<li data-start=\"4143\" data-end=\"4196\">\n<p data-start=\"4145\" data-end=\"4196\">No utilizar si el blister est\u00e1 da\u00f1ado o caducado.<\/p>\n<\/li>\n<li data-start=\"4197\" data-end=\"4261\">\n<p data-start=\"4199\" data-end=\"4261\">Conservar en un lugar fresco y seco, protegido de la luz solar directa.<\/p>\n<\/li>\n<\/ul>\n<\/div>\n<\/div>\n<\/div>\n<\/div>","protected":false},"excerpt":{"rendered":"<p>Estas largas agujas de acupuntura est\u00e9riles de 0,25 mm \u00d7 40 mm son ideales para t\u00e9cnicas de punci\u00f3n profunda, como para el dolor de espalda, la ci\u00e1tica o la liberaci\u00f3n miofascial. La punta ultra afilada minimiza el dolor de inserci\u00f3n, y el mango de pl\u00e1stico permite una rotaci\u00f3n controlada. Envasadas individualmente en bl\u00edster para mayor higiene.<\/p>","protected":false},"featured_media":1263,"template":"","meta":{"_acf_changed":false,"site-sidebar-layout":"default","site-content-layout":"","ast-site-content-layout":"default","site-content-style":"default","site-sidebar-style":"default","ast-global-header-display":"","ast-banner-title-visibility":"","ast-main-header-display":"","ast-hfb-above-header-display":"","ast-hfb-below-header-display":"","ast-hfb-mobile-header-display":"","site-post-title":"","ast-breadcrumbs-content":"","ast-featured-img":"","footer-sml-layout":"","ast-disable-related-posts":"","theme-transparent-header-meta":"default","adv-header-id-meta":"","stick-header-meta":"","header-above-stick-meta":"","header-main-stick-meta":"","header-below-stick-meta":"","astra-migrate-meta-layouts":"set","ast-page-background-enabled":"default","ast-page-background-meta":{"desktop":{"background-color":"var(--ast-global-color-5)","background-image":"","background-repeat":"repeat","background-position":"center center","background-size":"auto","background-attachment":"scroll","background-type":"","background-media":"","overlay-type":"","overlay-color":"","overlay-opacity":"","overlay-gradient":""},"tablet":{"background-color":"","background-image":"","background-repeat":"repeat","background-position":"center center","background-size":"auto","background-attachment":"scroll","background-type":"","background-media":"","overlay-type":"","overlay-color":"","overlay-opacity":"","overlay-gradient":""},"mobile":{"background-color":"","background-image":"","background-repeat":"repeat","background-position":"center center","background-size":"auto","background-attachment":"scroll","background-type":"","background-media":"","overlay-type":"","overlay-color":"","overlay-opacity":"","overlay-gradient":""}},"ast-content-background-meta":{"desktop":{"background-color":"var(--ast-global-color-4)","background-image":"","background-repeat":"repeat","background-position":"center center","background-size":"auto","background-attachment":"scroll","background-type":"","background-media":"","overlay-type":"","overlay-color":"","overlay-opacity":"","overlay-gradient":""},"tablet":{"background-color":"var(--ast-global-color-4)","background-image":"","background-repeat":"repeat","background-position":"center center","background-size":"auto","background-attachment":"scroll","background-type":"","background-media":"","overlay-type":"","overlay-color":"","overlay-opacity":"","overlay-gradient":""},"mobile":{"background-color":"var(--ast-global-color-4)","background-image":"","background-repeat":"repeat","background-position":"center center","background-size":"auto","background-attachment":"scroll","background-type":"","background-media":"","overlay-type":"","overlay-color":"","overlay-opacity":"","overlay-gradient":""}}},"product_brand":[],"product_cat":[63],"product_tag":[],"class_list":{"0":"post-964","1":"product","2":"type-product","3":"status-publish","4":"has-post-thumbnail","6":"product_cat-acupuncture-needles","7":"desktop-align-left","8":"tablet-align-left","9":"mobile-align-left","11":"first","12":"instock","13":"shipping-taxable","14":"product-type-simple"},"acf":[],"yoast_head":"<!-- This site is optimized with the Yoast SEO plugin v27.4 - https:\/\/yoast.com\/product\/yoast-seo-wordpress\/ -->\n<title>Sterile acupuncture needles for single use 0.25*40mm<\/title>\n<meta name=\"description\" content=\"These long 0.25mm \u00d7 40mm sterile acupuncture needles are ideal for deep needling techniques, such as for back pain, sciatica, or myofascial release.\" \/>\n<meta name=\"robots\" content=\"index, follow, max-snippet:-1, max-image-preview:large, max-video-preview:-1\" \/>\n<link rel=\"canonical\" href=\"https:\/\/topkeymedical.com\/es\/producto\/agujas-de-acupuntura-esteriles-de-un-solo-uso-0-2540mm\/\" \/>\n<meta property=\"og:locale\" content=\"es_ES\" \/>\n<meta property=\"og:type\" content=\"article\" \/>\n<meta property=\"og:title\" content=\"Sterile acupuncture needles for single use 0.25*40mm\" \/>\n<meta property=\"og:description\" content=\"These long 0.25mm \u00d7 40mm sterile acupuncture needles are ideal for deep needling techniques, such as for back pain, sciatica, or myofascial release.\" \/>\n<meta property=\"og:url\" content=\"https:\/\/topkeymedical.com\/es\/producto\/agujas-de-acupuntura-esteriles-de-un-solo-uso-0-2540mm\/\" \/>\n<meta property=\"og:site_name\" content=\"TOPKEY\u2013 Precision in Every Detail, Guardian of Life and Health\" \/>\n<meta property=\"article:publisher\" content=\"https:\/\/www.facebook.com\/profile.php?id=100088897294997\" \/>\n<meta property=\"article:modified_time\" content=\"2026-03-14T13:28:59+00:00\" \/>\n<meta property=\"og:image\" content=\"https:\/\/topkeymedical.com\/wp-content\/uploads\/2025\/08\/sterile-acupuncture-needles-4.webp\" \/>\n\t<meta property=\"og:image:width\" content=\"800\" \/>\n\t<meta property=\"og:image:height\" content=\"800\" \/>\n\t<meta property=\"og:image:type\" content=\"image\/webp\" \/>\n<meta name=\"twitter:card\" content=\"summary_large_image\" \/>\n<meta name=\"twitter:label1\" content=\"Tiempo de lectura\" \/>\n\t<meta name=\"twitter:data1\" content=\"2 minutos\" \/>\n<script type=\"application\/ld+json\" class=\"yoast-schema-graph\">{\"@context\":\"https:\\\/\\\/schema.org\",\"@graph\":[{\"@type\":\"WebPage\",\"@id\":\"https:\\\/\\\/topkeymedical.com\\\/product\\\/sterile-acupuncture-needles-for-single-use-0-2540mm\\\/\",\"url\":\"https:\\\/\\\/topkeymedical.com\\\/product\\\/sterile-acupuncture-needles-for-single-use-0-2540mm\\\/\",\"name\":\"Sterile acupuncture needles for single use 0.25*40mm\",\"isPartOf\":{\"@id\":\"https:\\\/\\\/topkeymedical.com\\\/#website\"},\"primaryImageOfPage\":{\"@id\":\"https:\\\/\\\/topkeymedical.com\\\/product\\\/sterile-acupuncture-needles-for-single-use-0-2540mm\\\/#primaryimage\"},\"image\":{\"@id\":\"https:\\\/\\\/topkeymedical.com\\\/product\\\/sterile-acupuncture-needles-for-single-use-0-2540mm\\\/#primaryimage\"},\"thumbnailUrl\":\"https:\\\/\\\/topkeymedical.com\\\/wp-content\\\/uploads\\\/2025\\\/08\\\/sterile-acupuncture-needles-4.webp\",\"datePublished\":\"2025-06-25T06:02:31+00:00\",\"dateModified\":\"2026-03-14T13:28:59+00:00\",\"description\":\"These long 0.25mm \u00d7 40mm sterile acupuncture needles are ideal for deep needling techniques, such as for back pain, sciatica, or myofascial release.\",\"breadcrumb\":{\"@id\":\"https:\\\/\\\/topkeymedical.com\\\/product\\\/sterile-acupuncture-needles-for-single-use-0-2540mm\\\/#breadcrumb\"},\"inLanguage\":\"es\",\"potentialAction\":[{\"@type\":\"ReadAction\",\"target\":[\"https:\\\/\\\/topkeymedical.com\\\/product\\\/sterile-acupuncture-needles-for-single-use-0-2540mm\\\/\"]}]},{\"@type\":\"ImageObject\",\"inLanguage\":\"es\",\"@id\":\"https:\\\/\\\/topkeymedical.com\\\/product\\\/sterile-acupuncture-needles-for-single-use-0-2540mm\\\/#primaryimage\",\"url\":\"https:\\\/\\\/topkeymedical.com\\\/wp-content\\\/uploads\\\/2025\\\/08\\\/sterile-acupuncture-needles-4.webp\",\"contentUrl\":\"https:\\\/\\\/topkeymedical.com\\\/wp-content\\\/uploads\\\/2025\\\/08\\\/sterile-acupuncture-needles-4.webp\",\"width\":800,\"height\":800,\"caption\":\"sterile acupuncture needles\"},{\"@type\":\"BreadcrumbList\",\"@id\":\"https:\\\/\\\/topkeymedical.com\\\/product\\\/sterile-acupuncture-needles-for-single-use-0-2540mm\\\/#breadcrumb\",\"itemListElement\":[{\"@type\":\"ListItem\",\"position\":1,\"name\":\"Home\",\"item\":\"https:\\\/\\\/topkeymedical.com\\\/\"},{\"@type\":\"ListItem\",\"position\":2,\"name\":\"Products\",\"item\":\"https:\\\/\\\/topkeymedical.com\\\/shop\\\/\"},{\"@type\":\"ListItem\",\"position\":3,\"name\":\"Sterile acupuncture needles for single use 0.25*40mm\"}]},{\"@type\":\"WebSite\",\"@id\":\"https:\\\/\\\/topkeymedical.com\\\/#website\",\"url\":\"https:\\\/\\\/topkeymedical.com\\\/\",\"name\":\"TOPKEY\u2013 Precision in Every Detail, Guardian of Life and Health\",\"description\":\"\",\"publisher\":{\"@id\":\"https:\\\/\\\/topkeymedical.com\\\/#organization\"},\"potentialAction\":[{\"@type\":\"SearchAction\",\"target\":{\"@type\":\"EntryPoint\",\"urlTemplate\":\"https:\\\/\\\/topkeymedical.com\\\/?s={search_term_string}\"},\"query-input\":{\"@type\":\"PropertyValueSpecification\",\"valueRequired\":true,\"valueName\":\"search_term_string\"}}],\"inLanguage\":\"es\"},{\"@type\":\"Organization\",\"@id\":\"https:\\\/\\\/topkeymedical.com\\\/#organization\",\"name\":\"TOPKEY\u2013 Precision in Every Detail, Guardian of Life and Health\",\"url\":\"https:\\\/\\\/topkeymedical.com\\\/\",\"logo\":{\"@type\":\"ImageObject\",\"inLanguage\":\"es\",\"@id\":\"https:\\\/\\\/topkeymedical.com\\\/#\\\/schema\\\/logo\\\/image\\\/\",\"url\":\"https:\\\/\\\/topkeymedical.com\\\/wp-content\\\/uploads\\\/2025\\\/05\\\/cropped-logo.jpg\",\"contentUrl\":\"https:\\\/\\\/topkeymedical.com\\\/wp-content\\\/uploads\\\/2025\\\/05\\\/cropped-logo.jpg\",\"width\":512,\"height\":512,\"caption\":\"TOPKEY\u2013 Precision in Every Detail, Guardian of Life and Health\"},\"image\":{\"@id\":\"https:\\\/\\\/topkeymedical.com\\\/#\\\/schema\\\/logo\\\/image\\\/\"},\"sameAs\":[\"https:\\\/\\\/www.facebook.com\\\/profile.php?id=100088897294997\",\"https:\\\/\\\/www.youtube.com\\\/@TopkeyMedical-Alice888\",\"https:\\\/\\\/www.linkedin.com\\\/in\\\/alice-hu-bb66a01b3\\\/\"]}]}<\/script>\n<!-- \/ Yoast SEO plugin. -->","yoast_head_json":{"title":"Agujas de acupuntura est\u00e9riles de un solo uso 0.25*40mm","description":"Estas largas agujas de acupuntura est\u00e9riles de 0,25 mm \u00d7 40 mm son ideales para t\u00e9cnicas de punci\u00f3n profunda, como el dolor de espalda, la ci\u00e1tica o la liberaci\u00f3n miofascial.","robots":{"index":"index","follow":"follow","max-snippet":"max-snippet:-1","max-image-preview":"max-image-preview:large","max-video-preview":"max-video-preview:-1"},"canonical":"https:\/\/topkeymedical.com\/es\/producto\/agujas-de-acupuntura-esteriles-de-un-solo-uso-0-2540mm\/","og_locale":"es_ES","og_type":"article","og_title":"Sterile acupuncture needles for single use 0.25*40mm","og_description":"These long 0.25mm \u00d7 40mm sterile acupuncture needles are ideal for deep needling techniques, such as for back pain, sciatica, or myofascial release.","og_url":"https:\/\/topkeymedical.com\/es\/producto\/agujas-de-acupuntura-esteriles-de-un-solo-uso-0-2540mm\/","og_site_name":"TOPKEY\u2013 Precision in Every Detail, Guardian of Life and Health","article_publisher":"https:\/\/www.facebook.com\/profile.php?id=100088897294997","article_modified_time":"2026-03-14T13:28:59+00:00","og_image":[{"width":800,"height":800,"url":"https:\/\/topkeymedical.com\/wp-content\/uploads\/2025\/08\/sterile-acupuncture-needles-4.webp","type":"image\/webp"}],"twitter_card":"summary_large_image","twitter_misc":{"Tiempo de lectura":"2 minutos"},"schema":{"@context":"https:\/\/schema.org","@graph":[{"@type":"WebPage","@id":"https:\/\/topkeymedical.com\/product\/sterile-acupuncture-needles-for-single-use-0-2540mm\/","url":"https:\/\/topkeymedical.com\/product\/sterile-acupuncture-needles-for-single-use-0-2540mm\/","name":"Agujas de acupuntura est\u00e9riles de un solo uso 0.25*40mm","isPartOf":{"@id":"https:\/\/topkeymedical.com\/#website"},"primaryImageOfPage":{"@id":"https:\/\/topkeymedical.com\/product\/sterile-acupuncture-needles-for-single-use-0-2540mm\/#primaryimage"},"image":{"@id":"https:\/\/topkeymedical.com\/product\/sterile-acupuncture-needles-for-single-use-0-2540mm\/#primaryimage"},"thumbnailUrl":"https:\/\/topkeymedical.com\/wp-content\/uploads\/2025\/08\/sterile-acupuncture-needles-4.webp","datePublished":"2025-06-25T06:02:31+00:00","dateModified":"2026-03-14T13:28:59+00:00","description":"Estas largas agujas de acupuntura est\u00e9riles de 0,25 mm \u00d7 40 mm son ideales para t\u00e9cnicas de punci\u00f3n profunda, como el dolor de espalda, la ci\u00e1tica o la liberaci\u00f3n miofascial.","breadcrumb":{"@id":"https:\/\/topkeymedical.com\/product\/sterile-acupuncture-needles-for-single-use-0-2540mm\/#breadcrumb"},"inLanguage":"es","potentialAction":[{"@type":"ReadAction","target":["https:\/\/topkeymedical.com\/product\/sterile-acupuncture-needles-for-single-use-0-2540mm\/"]}]},{"@type":"ImageObject","inLanguage":"es","@id":"https:\/\/topkeymedical.com\/product\/sterile-acupuncture-needles-for-single-use-0-2540mm\/#primaryimage","url":"https:\/\/topkeymedical.com\/wp-content\/uploads\/2025\/08\/sterile-acupuncture-needles-4.webp","contentUrl":"https:\/\/topkeymedical.com\/wp-content\/uploads\/2025\/08\/sterile-acupuncture-needles-4.webp","width":800,"height":800,"caption":"sterile acupuncture needles"},{"@type":"BreadcrumbList","@id":"https:\/\/topkeymedical.com\/product\/sterile-acupuncture-needles-for-single-use-0-2540mm\/#breadcrumb","itemListElement":[{"@type":"ListItem","position":1,"name":"Home","item":"https:\/\/topkeymedical.com\/"},{"@type":"ListItem","position":2,"name":"Products","item":"https:\/\/topkeymedical.com\/shop\/"},{"@type":"ListItem","position":3,"name":"Sterile acupuncture needles for single use 0.25*40mm"}]},{"@type":"WebSite","@id":"https:\/\/topkeymedical.com\/#website","url":"https:\/\/topkeymedical.com\/","name":"TOPKEY- Precisi\u00f3n en cada detalle, guardi\u00e1n de la vida y la salud","description":"","publisher":{"@id":"https:\/\/topkeymedical.com\/#organization"},"potentialAction":[{"@type":"SearchAction","target":{"@type":"EntryPoint","urlTemplate":"https:\/\/topkeymedical.com\/?s={search_term_string}"},"query-input":{"@type":"PropertyValueSpecification","valueRequired":true,"valueName":"search_term_string"}}],"inLanguage":"es"},{"@type":"Organization","@id":"https:\/\/topkeymedical.com\/#organization","name":"TOPKEY- Precisi\u00f3n en cada detalle, guardi\u00e1n de la vida y la salud","url":"https:\/\/topkeymedical.com\/","logo":{"@type":"ImageObject","inLanguage":"es","@id":"https:\/\/topkeymedical.com\/#\/schema\/logo\/image\/","url":"https:\/\/topkeymedical.com\/wp-content\/uploads\/2025\/05\/cropped-logo.jpg","contentUrl":"https:\/\/topkeymedical.com\/wp-content\/uploads\/2025\/05\/cropped-logo.jpg","width":512,"height":512,"caption":"TOPKEY\u2013 Precision in Every Detail, Guardian of Life and Health"},"image":{"@id":"https:\/\/topkeymedical.com\/#\/schema\/logo\/image\/"},"sameAs":["https:\/\/www.facebook.com\/profile.php?id=100088897294997","https:\/\/www.youtube.com\/@TopkeyMedical-Alice888","https:\/\/www.linkedin.com\/in\/alice-hu-bb66a01b3\/"]}]}},"_links":{"self":[{"href":"https:\/\/topkeymedical.com\/es\/wp-json\/wp\/v2\/product\/964","targetHints":{"allow":["GET"]}}],"collection":[{"href":"https:\/\/topkeymedical.com\/es\/wp-json\/wp\/v2\/product"}],"about":[{"href":"https:\/\/topkeymedical.com\/es\/wp-json\/wp\/v2\/types\/product"}],"version-history":[{"count":4,"href":"https:\/\/topkeymedical.com\/es\/wp-json\/wp\/v2\/product\/964\/revisions"}],"predecessor-version":[{"id":2039,"href":"https:\/\/topkeymedical.com\/es\/wp-json\/wp\/v2\/product\/964\/revisions\/2039"}],"wp:featuredmedia":[{"embeddable":true,"href":"https:\/\/topkeymedical.com\/es\/wp-json\/wp\/v2\/media\/1263"}],"wp:attachment":[{"href":"https:\/\/topkeymedical.com\/es\/wp-json\/wp\/v2\/media?parent=964"}],"wp:term":[{"taxonomy":"product_brand","embeddable":true,"href":"https:\/\/topkeymedical.com\/es\/wp-json\/wp\/v2\/product_brand?post=964"},{"taxonomy":"product_cat","embeddable":true,"href":"https:\/\/topkeymedical.com\/es\/wp-json\/wp\/v2\/product_cat?post=964"},{"taxonomy":"product_tag","embeddable":true,"href":"https:\/\/topkeymedical.com\/es\/wp-json\/wp\/v2\/product_tag?post=964"}],"curies":[{"name":"wp","href":"https:\/\/api.w.org\/{rel}","templated":true}]}}