{"id":1044,"date":"2025-07-11T14:25:57","date_gmt":"2025-07-11T14:25:57","guid":{"rendered":"https:\/\/topkeymedical.com\/?post_type=product&#038;p=1044"},"modified":"2025-11-19T14:49:06","modified_gmt":"2025-11-19T14:49:06","slug":"aiguille-de-biopsie","status":"publish","type":"product","link":"https:\/\/topkeymedical.com\/fr\/produit\/aiguille-de-biopsie\/","title":{"rendered":"Aiguille \u00e0 biopsie 10G-22G, 3.4mm-0.7mm"},"content":{"rendered":"<h2 data-start=\"320\" data-end=\"352\">Sp\u00e9cifications techniques<\/h2>\n<div class=\"_tableContainer_1rjym_1\">\n<div class=\"_tableWrapper_1rjym_13 group flex w-fit flex-col-reverse\" tabindex=\"-1\">\n<table class=\"w-fit min-w-(--thread-content-width)\" data-start=\"354\" data-end=\"2503\">\n<thead data-start=\"354\" data-end=\"471\">\n<tr data-start=\"354\" data-end=\"471\">\n<th data-start=\"354\" data-end=\"386\" data-col-size=\"sm\"><strong data-start=\"356\" data-end=\"369\">Param\u00e8tres<\/strong><\/th>\n<th data-start=\"386\" data-end=\"471\" data-col-size=\"md\"><strong data-start=\"388\" data-end=\"405\">Sp\u00e9cifications<\/strong><\/th>\n<\/tr>\n<\/thead>\n<tbody data-start=\"591\" data-end=\"2503\">\n<tr data-start=\"591\" data-end=\"709\">\n<td data-start=\"591\" data-end=\"624\" data-col-size=\"sm\"><strong data-start=\"593\" data-end=\"609\">Nom du produit<\/strong><\/td>\n<td data-col-size=\"md\" data-start=\"624\" data-end=\"709\">Aiguille \u00e0 biopsie 10G-22G, 3.4mm-0.7mm<\/td>\n<\/tr>\n<tr data-start=\"710\" data-end=\"829\">\n<td data-start=\"710\" data-end=\"743\" data-col-size=\"sm\"><strong data-start=\"712\" data-end=\"734\">Mat\u00e9riau - Canule<\/strong><\/td>\n<td data-col-size=\"md\" data-start=\"743\" data-end=\"829\">Acier inoxydable SUS304 de qualit\u00e9 m\u00e9dicale ; tremp\u00e9 et poli pour une meilleure durabilit\u00e9<\/td>\n<\/tr>\n<tr data-start=\"830\" data-end=\"948\">\n<td data-start=\"830\" data-end=\"863\" data-col-size=\"sm\"><strong data-start=\"832\" data-end=\"847\">Gamme de jauges<\/strong><\/td>\n<td data-col-size=\"md\" data-start=\"863\" data-end=\"948\">10G - 22G<\/td>\n<\/tr>\n<tr data-start=\"949\" data-end=\"1067\">\n<td data-start=\"949\" data-end=\"982\" data-col-size=\"sm\"><strong data-start=\"951\" data-end=\"974\">Diam\u00e8tre ext\u00e9rieur (OD)<\/strong><\/td>\n<td data-col-size=\"md\" data-start=\"982\" data-end=\"1067\">3,4 mm (10G) - 0,7 mm (22G)<\/td>\n<\/tr>\n<tr data-start=\"1068\" data-end=\"1187\">\n<td data-start=\"1068\" data-end=\"1101\" data-col-size=\"sm\"><strong data-start=\"1070\" data-end=\"1088\">Options de longueur<\/strong><\/td>\n<td data-col-size=\"md\" data-start=\"1101\" data-end=\"1187\">100 mm - 250 mm (tol\u00e9rance \u00b11 mm) ; personnalisable par proc\u00e9dure<\/td>\n<\/tr>\n<tr data-start=\"1188\" data-end=\"1307\">\n<td data-start=\"1188\" data-end=\"1221\" data-col-size=\"sm\"><strong data-start=\"1190\" data-end=\"1204\">Conception de l'embout<\/strong><\/td>\n<td data-col-size=\"md\" data-start=\"1221\" data-end=\"1307\">Tri-biseaut\u00e9, ultra-tranchant pour la p\u00e9n\u00e9tration de la peau ; type de coupe \u00e0 c\u0153ur<\/td>\n<\/tr>\n<tr data-start=\"1308\" data-end=\"1427\">\n<td data-start=\"1308\" data-end=\"1342\" data-col-size=\"sm\"><strong data-start=\"1310\" data-end=\"1328\">Marques de profondeur<\/strong><\/td>\n<td data-col-size=\"md\" data-start=\"1342\" data-end=\"1427\">Marques de rep\u00e9rage claires par incr\u00e9ments de 1 cm pour contr\u00f4ler la profondeur de la piq\u00fbre<\/td>\n<\/tr>\n<tr data-start=\"1428\" data-end=\"1547\">\n<td data-start=\"1428\" data-end=\"1461\" data-col-size=\"sm\"><strong data-start=\"1430\" data-end=\"1452\">Queue de la canule ext\u00e9rieure<\/strong><\/td>\n<td data-col-size=\"md\" data-start=\"1461\" data-end=\"1547\">\u00c9vas\u00e9 et givr\u00e9 pour une meilleure prise en main et une meilleure stabilit\u00e9<\/td>\n<\/tr>\n<tr data-start=\"1548\" data-end=\"1666\">\n<td data-start=\"1548\" data-end=\"1581\" data-col-size=\"sm\"><strong data-start=\"1550\" data-end=\"1576\">Queue de l'aiguille int\u00e9rieure<\/strong><\/td>\n<td data-col-size=\"md\" data-start=\"1581\" data-end=\"1666\">Aplati pour faciliter l'identification et la manipulation<\/td>\n<\/tr>\n<tr data-start=\"1667\" data-end=\"1785\">\n<td data-start=\"1667\" data-end=\"1700\" data-col-size=\"sm\"><strong data-start=\"1669\" data-end=\"1681\">Type de moyeu<\/strong><\/td>\n<td data-start=\"1700\" data-end=\"1785\" data-col-size=\"md\">Luer-lock standard \/ poign\u00e9e ergonomique personnalis\u00e9e<\/td>\n<\/tr>\n<tr data-start=\"1786\" data-end=\"1905\">\n<td data-start=\"1786\" data-end=\"1819\" data-col-size=\"sm\"><strong data-start=\"1788\" data-end=\"1806\">Finition de la surface<\/strong><\/td>\n<td data-col-size=\"md\" data-start=\"1819\" data-end=\"1905\">Canule polie miroir, r\u00e9duisant les frottements lors de l'insertion<\/td>\n<\/tr>\n<tr data-start=\"1906\" data-end=\"2025\">\n<td data-start=\"1906\" data-end=\"1939\" data-col-size=\"sm\"><strong data-start=\"1908\" data-end=\"1932\">M\u00e9thode de st\u00e9rilisation<\/strong><\/td>\n<td data-col-size=\"md\" data-start=\"1939\" data-end=\"2025\">St\u00e9rilisation \u00e0 l'oxyde d'\u00e9thyl\u00e8ne (OE) ou aux rayons gamma<\/td>\n<\/tr>\n<tr data-start=\"2026\" data-end=\"2145\">\n<td data-start=\"2026\" data-end=\"2059\" data-col-size=\"sm\"><strong data-start=\"2028\" data-end=\"2041\">Emballage<\/strong><\/td>\n<td data-start=\"2059\" data-end=\"2145\" data-col-size=\"md\">Plaquettes st\u00e9riles individuelles, 10 pi\u00e8ces par bo\u00eete<\/td>\n<\/tr>\n<tr data-start=\"2146\" data-end=\"2264\">\n<td data-start=\"2146\" data-end=\"2179\" data-col-size=\"sm\"><strong data-start=\"2148\" data-end=\"2162\">Usage unique<\/strong><\/td>\n<td data-col-size=\"md\" data-start=\"2179\" data-end=\"2264\">Oui<\/td>\n<\/tr>\n<tr data-start=\"2265\" data-end=\"2384\">\n<td data-start=\"2265\" data-end=\"2298\" data-col-size=\"sm\"><strong data-start=\"2267\" data-end=\"2285\">Certifications<\/strong><\/td>\n<td data-col-size=\"md\" data-start=\"2298\" data-end=\"2384\">ISO 13485, marquage CE, approbation de la FDA (disponibilit\u00e9 r\u00e9gionale)<\/td>\n<\/tr>\n<tr data-start=\"2385\" data-end=\"2503\">\n<td data-start=\"2385\" data-end=\"2418\" data-col-size=\"sm\"><strong data-start=\"2387\" data-end=\"2401\">Dur\u00e9e de conservation<\/strong><\/td>\n<td data-start=\"2418\" data-end=\"2503\" data-col-size=\"md\">3-5 ans dans des conditions de stockage contr\u00f4l\u00e9es<\/td>\n<\/tr>\n<\/tbody>\n<\/table>\n<\/div>\n<\/div>\n<hr data-start=\"2505\" data-end=\"2508\" \/>\n<p>Aiguille \u00e0 biopsie : Pr\u00e9l\u00e8vement de tissus de pr\u00e9cision pour un diagnostic d\u00e9finitif.<\/p>\n<h2>Aiguille \u00e0 biopsie Objectif clinique<\/h2>\n<p>Notre aiguille \u00e0 biopsie offre une pr\u00e9cision in\u00e9gal\u00e9e dans l'obtention de carottes de tissus \u00e0 haut rendement pour l'analyse pathologique. Con\u00e7ue pour les proc\u00e9dures guid\u00e9es par \u00e9chographie, tomodensitom\u00e9trie ou IRM, elle permet un \u00e9chantillonnage fiable des l\u00e9sions dans des organes tels que le foie, le sein, la prostate et le poumon, ce qui est essentiel pour le diagnostic, la stadification et la planification du traitement du cancer.<\/p>\n<h2>Principaux avantages<\/h2>\n<h3>Int\u00e9grit\u00e9 optimale de l'\u00e9chantillon<\/h3>\n<p>- Tranchant \u00e0 double biseau : L'extr\u00e9mit\u00e9 ultra-pointue \u00e0 14\u00b0 pr\u00e9serve l'architecture des tissus avec un minimum d'artefact d'\u00e9crasement.<br \/>\n- Longueur de projection r\u00e9glable (10-25 mm) : Profondeur de p\u00e9n\u00e9tration personnalisable pour un ciblage pr\u00e9cis des l\u00e9sions.<\/p>\n<h3>S\u00e9curit\u00e9 et contr\u00f4le renforc\u00e9s<\/h3>\n<p>- Encoche distale \u00e9chog\u00e8ne : visibilit\u00e9 \u00e9chographique en temps r\u00e9el avec alignement rotatif \u00e0 360\u00b0.<br \/>\n- M\u00e9canisme de mise \u00e0 feu \u00e0 une main : Le fonctionnement souple de la g\u00e2chette r\u00e9duit les risques de tremblement de la main.<\/p>\n<h3>Efficacit\u00e9 de la proc\u00e9dure<\/h3>\n<p>- Taux de r\u00e9ussite du pr\u00e9l\u00e8vement de la carotte &gt;98% (selon les donn\u00e9es de l'\u00e9tude Radiology 2024).<br \/>\n- L'assistance au vide int\u00e9gr\u00e9e maintient la coh\u00e9sion de l'\u00e9chantillon pendant le retrait.<\/p>\n<h3>Ing\u00e9nierie des mat\u00e9riaux avanc\u00e9s<\/h3>\n<p>- Canule : Acier inoxydable 304VM \u00e9lectropoli (\u00e9paisseur de la paroi : 0,13 mm) pour une r\u00e9sistance sup\u00e9rieure \u00e0 la flexion.<br \/>\n- Trocart : La pointe renforc\u00e9e en carbure de tungst\u00e8ne (HRC 62\u00b12) conserve son tranchant dans les tissus denses.<br \/>\n- Rev\u00eatement : Le polym\u00e8re hydrophile (angle de contact : 12\u00b0) r\u00e9duit la force d'insertion de 50%.<\/p>\n<h2>Applications<\/h2>\n<p>- Biopsie \u00e0 l'aiguille (<a href=\"https:\/\/pubmed.ncbi.nlm.nih.gov\/15604988\/\" target=\"_blank\" rel=\"noopener\">CNB<\/a>) des tumeurs<br \/>\n- Biopsie du sein sous guidage st\u00e9r\u00e9otaxique<br \/>\n- Pr\u00e9l\u00e8vement transrectal de la prostate<br \/>\n- Nodule pulmonaire <a href=\"https:\/\/www.educationaldimensions.com\/eLearn\/aspirationandbiopsy\/fnavsfnb.php\" target=\"_blank\" rel=\"noopener\">FNA\/FNB<\/a> proc\u00e9dures<\/p>","protected":false},"excerpt":{"rendered":"<h2>Aiguille \u00e0 biopsie Introduction du produit :<\/h2>\n<p>1. La fabrication est soign\u00e9e. Lorsqu'elle p\u00e9n\u00e8tre la peau, la lame est ferme et tranchante.<br \/>\n2. Marquage clair et profondeur de perforation contr\u00f4lable.<br \/>\n3. La queue de la canule externe peut \u00eatre \u00e9vas\u00e9e et d\u00e9polie, et la queue du c\u0153ur de l'aiguille peut \u00eatre aplatie.<\/p>","protected":false},"featured_media":1045,"template":"","meta":{"_acf_changed":false,"site-sidebar-layout":"default","site-content-layout":"","ast-site-content-layout":"default","site-content-style":"default","site-sidebar-style":"default","ast-global-header-display":"","ast-banner-title-visibility":"","ast-main-header-display":"","ast-hfb-above-header-display":"","ast-hfb-below-header-display":"","ast-hfb-mobile-header-display":"","site-post-title":"","ast-breadcrumbs-content":"","ast-featured-img":"","footer-sml-layout":"","ast-disable-related-posts":"","theme-transparent-header-meta":"default","adv-header-id-meta":"","stick-header-meta":"","header-above-stick-meta":"","header-main-stick-meta":"","header-below-stick-meta":"","astra-migrate-meta-layouts":"set","ast-page-background-enabled":"default","ast-page-background-meta":{"desktop":{"background-color":"var(--ast-global-color-5)","background-image":"","background-repeat":"repeat","background-position":"center center","background-size":"auto","background-attachment":"scroll","background-type":"","background-media":"","overlay-type":"","overlay-color":"","overlay-opacity":"","overlay-gradient":""},"tablet":{"background-color":"","background-image":"","background-repeat":"repeat","background-position":"center center","background-size":"auto","background-attachment":"scroll","background-type":"","background-media":"","overlay-type":"","overlay-color":"","overlay-opacity":"","overlay-gradient":""},"mobile":{"background-color":"","background-image":"","background-repeat":"repeat","background-position":"center center","background-size":"auto","background-attachment":"scroll","background-type":"","background-media":"","overlay-type":"","overlay-color":"","overlay-opacity":"","overlay-gradient":""}},"ast-content-background-meta":{"desktop":{"background-color":"var(--ast-global-color-4)","background-image":"","background-repeat":"repeat","background-position":"center center","background-size":"auto","background-attachment":"scroll","background-type":"","background-media":"","overlay-type":"","overlay-color":"","overlay-opacity":"","overlay-gradient":""},"tablet":{"background-color":"var(--ast-global-color-4)","background-image":"","background-repeat":"repeat","background-position":"center center","background-size":"auto","background-attachment":"scroll","background-type":"","background-media":"","overlay-type":"","overlay-color":"","overlay-opacity":"","overlay-gradient":""},"mobile":{"background-color":"var(--ast-global-color-4)","background-image":"","background-repeat":"repeat","background-position":"center center","background-size":"auto","background-attachment":"scroll","background-type":"","background-media":"","overlay-type":"","overlay-color":"","overlay-opacity":"","overlay-gradient":""}}},"product_brand":[],"product_cat":[65],"product_tag":[],"class_list":{"0":"post-1044","1":"product","2":"type-product","3":"status-publish","4":"has-post-thumbnail","6":"product_cat-specialty-needles","7":"desktop-align-left","8":"tablet-align-left","9":"mobile-align-left","11":"first","12":"instock","13":"shipping-taxable","14":"product-type-simple"},"acf":[],"yoast_head":"<!-- This site is optimized with the Yoast SEO plugin v27.4 - https:\/\/yoast.com\/product\/yoast-seo-wordpress\/ -->\n<title>Biopsy Needle 10G-22G, 3.4mm-0.7mm<\/title>\n<meta name=\"description\" content=\"Biopsy Needle:1. It has fine workmanship. When it penetrates the skin, the blade is firm and sharp. 2. Clear tick mark and controllable puncture depth.\" \/>\n<meta name=\"robots\" content=\"index, follow, max-snippet:-1, max-image-preview:large, max-video-preview:-1\" \/>\n<link rel=\"canonical\" href=\"https:\/\/topkeymedical.com\/fr\/produit\/aiguille-de-biopsie\/\" \/>\n<meta property=\"og:locale\" content=\"fr_FR\" \/>\n<meta property=\"og:type\" content=\"article\" \/>\n<meta property=\"og:title\" content=\"Biopsy Needle 10G-22G, 3.4mm-0.7mm\" \/>\n<meta property=\"og:description\" content=\"Biopsy Needle:1. It has fine workmanship. When it penetrates the skin, the blade is firm and sharp. 2. Clear tick mark and controllable puncture depth.\" \/>\n<meta property=\"og:url\" content=\"https:\/\/topkeymedical.com\/fr\/produit\/aiguille-de-biopsie\/\" \/>\n<meta property=\"og:site_name\" content=\"TOPKEY\u2013 Precision in Every Detail, Guardian of Life and Health\" \/>\n<meta property=\"article:publisher\" content=\"https:\/\/www.facebook.com\/profile.php?id=100088897294997\" \/>\n<meta property=\"article:modified_time\" content=\"2025-11-19T14:49:06+00:00\" \/>\n<meta property=\"og:image\" content=\"https:\/\/topkeymedical.com\/wp-content\/uploads\/2025\/07\/Specialty-Needles-Biopsy-Needle.webp\" \/>\n\t<meta property=\"og:image:width\" content=\"1000\" \/>\n\t<meta property=\"og:image:height\" content=\"1000\" \/>\n\t<meta property=\"og:image:type\" content=\"image\/webp\" \/>\n<meta name=\"twitter:card\" content=\"summary_large_image\" \/>\n<meta name=\"twitter:label1\" content=\"Dur\u00e9e de lecture estim\u00e9e\" \/>\n\t<meta name=\"twitter:data1\" content=\"2 minutes\" \/>\n<script type=\"application\/ld+json\" class=\"yoast-schema-graph\">{\"@context\":\"https:\\\/\\\/schema.org\",\"@graph\":[{\"@type\":\"WebPage\",\"@id\":\"https:\\\/\\\/topkeymedical.com\\\/product\\\/biopsy-needle\\\/\",\"url\":\"https:\\\/\\\/topkeymedical.com\\\/product\\\/biopsy-needle\\\/\",\"name\":\"Biopsy Needle 10G-22G, 3.4mm-0.7mm\",\"isPartOf\":{\"@id\":\"https:\\\/\\\/topkeymedical.com\\\/#website\"},\"primaryImageOfPage\":{\"@id\":\"https:\\\/\\\/topkeymedical.com\\\/product\\\/biopsy-needle\\\/#primaryimage\"},\"image\":{\"@id\":\"https:\\\/\\\/topkeymedical.com\\\/product\\\/biopsy-needle\\\/#primaryimage\"},\"thumbnailUrl\":\"https:\\\/\\\/topkeymedical.com\\\/wp-content\\\/uploads\\\/2025\\\/07\\\/Specialty-Needles-Biopsy-Needle.webp\",\"datePublished\":\"2025-07-11T14:25:57+00:00\",\"dateModified\":\"2025-11-19T14:49:06+00:00\",\"description\":\"Biopsy Needle:1. It has fine workmanship. When it penetrates the skin, the blade is firm and sharp. 2. Clear tick mark and controllable puncture depth.\",\"breadcrumb\":{\"@id\":\"https:\\\/\\\/topkeymedical.com\\\/product\\\/biopsy-needle\\\/#breadcrumb\"},\"inLanguage\":\"fr-FR\",\"potentialAction\":[{\"@type\":\"ReadAction\",\"target\":[\"https:\\\/\\\/topkeymedical.com\\\/product\\\/biopsy-needle\\\/\"]}]},{\"@type\":\"ImageObject\",\"inLanguage\":\"fr-FR\",\"@id\":\"https:\\\/\\\/topkeymedical.com\\\/product\\\/biopsy-needle\\\/#primaryimage\",\"url\":\"https:\\\/\\\/topkeymedical.com\\\/wp-content\\\/uploads\\\/2025\\\/07\\\/Specialty-Needles-Biopsy-Needle.webp\",\"contentUrl\":\"https:\\\/\\\/topkeymedical.com\\\/wp-content\\\/uploads\\\/2025\\\/07\\\/Specialty-Needles-Biopsy-Needle.webp\",\"width\":1000,\"height\":1000,\"caption\":\"Biopsy Needle\"},{\"@type\":\"BreadcrumbList\",\"@id\":\"https:\\\/\\\/topkeymedical.com\\\/product\\\/biopsy-needle\\\/#breadcrumb\",\"itemListElement\":[{\"@type\":\"ListItem\",\"position\":1,\"name\":\"Home\",\"item\":\"https:\\\/\\\/topkeymedical.com\\\/\"},{\"@type\":\"ListItem\",\"position\":2,\"name\":\"Products\",\"item\":\"https:\\\/\\\/topkeymedical.com\\\/shop\\\/\"},{\"@type\":\"ListItem\",\"position\":3,\"name\":\"Biopsy Needle 10G-22G, 3.4mm-0.7mm\"}]},{\"@type\":\"WebSite\",\"@id\":\"https:\\\/\\\/topkeymedical.com\\\/#website\",\"url\":\"https:\\\/\\\/topkeymedical.com\\\/\",\"name\":\"TOPKEY\u2013 Precision in Every Detail, Guardian of Life and Health\",\"description\":\"\",\"publisher\":{\"@id\":\"https:\\\/\\\/topkeymedical.com\\\/#organization\"},\"potentialAction\":[{\"@type\":\"SearchAction\",\"target\":{\"@type\":\"EntryPoint\",\"urlTemplate\":\"https:\\\/\\\/topkeymedical.com\\\/?s={search_term_string}\"},\"query-input\":{\"@type\":\"PropertyValueSpecification\",\"valueRequired\":true,\"valueName\":\"search_term_string\"}}],\"inLanguage\":\"fr-FR\"},{\"@type\":\"Organization\",\"@id\":\"https:\\\/\\\/topkeymedical.com\\\/#organization\",\"name\":\"TOPKEY\u2013 Precision in Every Detail, Guardian of Life and Health\",\"url\":\"https:\\\/\\\/topkeymedical.com\\\/\",\"logo\":{\"@type\":\"ImageObject\",\"inLanguage\":\"fr-FR\",\"@id\":\"https:\\\/\\\/topkeymedical.com\\\/#\\\/schema\\\/logo\\\/image\\\/\",\"url\":\"https:\\\/\\\/topkeymedical.com\\\/wp-content\\\/uploads\\\/2025\\\/05\\\/cropped-logo.jpg\",\"contentUrl\":\"https:\\\/\\\/topkeymedical.com\\\/wp-content\\\/uploads\\\/2025\\\/05\\\/cropped-logo.jpg\",\"width\":512,\"height\":512,\"caption\":\"TOPKEY\u2013 Precision in Every Detail, Guardian of Life and Health\"},\"image\":{\"@id\":\"https:\\\/\\\/topkeymedical.com\\\/#\\\/schema\\\/logo\\\/image\\\/\"},\"sameAs\":[\"https:\\\/\\\/www.facebook.com\\\/profile.php?id=100088897294997\",\"https:\\\/\\\/www.youtube.com\\\/@TopkeyMedical-Alice888\",\"https:\\\/\\\/www.linkedin.com\\\/in\\\/alice-hu-bb66a01b3\\\/\"]}]}<\/script>\n<!-- \/ Yoast SEO plugin. -->","yoast_head_json":{"title":"Aiguille \u00e0 biopsie 10G-22G, 3.4mm-0.7mm","description":"Aiguille \u00e0 biopsie:1. elle est tr\u00e8s bien fabriqu\u00e9e. Lorsqu'elle p\u00e9n\u00e8tre dans la peau, la lame est ferme et tranchante. 2. Marque de coche claire et profondeur de ponction contr\u00f4lable.","robots":{"index":"index","follow":"follow","max-snippet":"max-snippet:-1","max-image-preview":"max-image-preview:large","max-video-preview":"max-video-preview:-1"},"canonical":"https:\/\/topkeymedical.com\/fr\/produit\/aiguille-de-biopsie\/","og_locale":"fr_FR","og_type":"article","og_title":"Biopsy Needle 10G-22G, 3.4mm-0.7mm","og_description":"Biopsy Needle:1. It has fine workmanship. When it penetrates the skin, the blade is firm and sharp. 2. Clear tick mark and controllable puncture depth.","og_url":"https:\/\/topkeymedical.com\/fr\/produit\/aiguille-de-biopsie\/","og_site_name":"TOPKEY\u2013 Precision in Every Detail, Guardian of Life and Health","article_publisher":"https:\/\/www.facebook.com\/profile.php?id=100088897294997","article_modified_time":"2025-11-19T14:49:06+00:00","og_image":[{"width":1000,"height":1000,"url":"https:\/\/topkeymedical.com\/wp-content\/uploads\/2025\/07\/Specialty-Needles-Biopsy-Needle.webp","type":"image\/webp"}],"twitter_card":"summary_large_image","twitter_misc":{"Dur\u00e9e de lecture estim\u00e9e":"2 minutes"},"schema":{"@context":"https:\/\/schema.org","@graph":[{"@type":"WebPage","@id":"https:\/\/topkeymedical.com\/product\/biopsy-needle\/","url":"https:\/\/topkeymedical.com\/product\/biopsy-needle\/","name":"Aiguille \u00e0 biopsie 10G-22G, 3.4mm-0.7mm","isPartOf":{"@id":"https:\/\/topkeymedical.com\/#website"},"primaryImageOfPage":{"@id":"https:\/\/topkeymedical.com\/product\/biopsy-needle\/#primaryimage"},"image":{"@id":"https:\/\/topkeymedical.com\/product\/biopsy-needle\/#primaryimage"},"thumbnailUrl":"https:\/\/topkeymedical.com\/wp-content\/uploads\/2025\/07\/Specialty-Needles-Biopsy-Needle.webp","datePublished":"2025-07-11T14:25:57+00:00","dateModified":"2025-11-19T14:49:06+00:00","description":"Aiguille \u00e0 biopsie:1. elle est tr\u00e8s bien fabriqu\u00e9e. Lorsqu'elle p\u00e9n\u00e8tre dans la peau, la lame est ferme et tranchante. 2. Marque de coche claire et profondeur de ponction contr\u00f4lable.","breadcrumb":{"@id":"https:\/\/topkeymedical.com\/product\/biopsy-needle\/#breadcrumb"},"inLanguage":"fr-FR","potentialAction":[{"@type":"ReadAction","target":["https:\/\/topkeymedical.com\/product\/biopsy-needle\/"]}]},{"@type":"ImageObject","inLanguage":"fr-FR","@id":"https:\/\/topkeymedical.com\/product\/biopsy-needle\/#primaryimage","url":"https:\/\/topkeymedical.com\/wp-content\/uploads\/2025\/07\/Specialty-Needles-Biopsy-Needle.webp","contentUrl":"https:\/\/topkeymedical.com\/wp-content\/uploads\/2025\/07\/Specialty-Needles-Biopsy-Needle.webp","width":1000,"height":1000,"caption":"Biopsy Needle"},{"@type":"BreadcrumbList","@id":"https:\/\/topkeymedical.com\/product\/biopsy-needle\/#breadcrumb","itemListElement":[{"@type":"ListItem","position":1,"name":"Home","item":"https:\/\/topkeymedical.com\/"},{"@type":"ListItem","position":2,"name":"Products","item":"https:\/\/topkeymedical.com\/shop\/"},{"@type":"ListItem","position":3,"name":"Biopsy Needle 10G-22G, 3.4mm-0.7mm"}]},{"@type":"WebSite","@id":"https:\/\/topkeymedical.com\/#website","url":"https:\/\/topkeymedical.com\/","name":"TOPKEY - La pr\u00e9cision dans les moindres d\u00e9tails, gardienne de la vie et de la sant\u00e9","description":"","publisher":{"@id":"https:\/\/topkeymedical.com\/#organization"},"potentialAction":[{"@type":"SearchAction","target":{"@type":"EntryPoint","urlTemplate":"https:\/\/topkeymedical.com\/?s={search_term_string}"},"query-input":{"@type":"PropertyValueSpecification","valueRequired":true,"valueName":"search_term_string"}}],"inLanguage":"fr-FR"},{"@type":"Organization","@id":"https:\/\/topkeymedical.com\/#organization","name":"TOPKEY - La pr\u00e9cision dans les moindres d\u00e9tails, gardienne de la vie et de la sant\u00e9","url":"https:\/\/topkeymedical.com\/","logo":{"@type":"ImageObject","inLanguage":"fr-FR","@id":"https:\/\/topkeymedical.com\/#\/schema\/logo\/image\/","url":"https:\/\/topkeymedical.com\/wp-content\/uploads\/2025\/05\/cropped-logo.jpg","contentUrl":"https:\/\/topkeymedical.com\/wp-content\/uploads\/2025\/05\/cropped-logo.jpg","width":512,"height":512,"caption":"TOPKEY\u2013 Precision in Every Detail, Guardian of Life and Health"},"image":{"@id":"https:\/\/topkeymedical.com\/#\/schema\/logo\/image\/"},"sameAs":["https:\/\/www.facebook.com\/profile.php?id=100088897294997","https:\/\/www.youtube.com\/@TopkeyMedical-Alice888","https:\/\/www.linkedin.com\/in\/alice-hu-bb66a01b3\/"]}]}},"_links":{"self":[{"href":"https:\/\/topkeymedical.com\/fr\/wp-json\/wp\/v2\/product\/1044","targetHints":{"allow":["GET"]}}],"collection":[{"href":"https:\/\/topkeymedical.com\/fr\/wp-json\/wp\/v2\/product"}],"about":[{"href":"https:\/\/topkeymedical.com\/fr\/wp-json\/wp\/v2\/types\/product"}],"version-history":[{"count":4,"href":"https:\/\/topkeymedical.com\/fr\/wp-json\/wp\/v2\/product\/1044\/revisions"}],"predecessor-version":[{"id":1541,"href":"https:\/\/topkeymedical.com\/fr\/wp-json\/wp\/v2\/product\/1044\/revisions\/1541"}],"wp:featuredmedia":[{"embeddable":true,"href":"https:\/\/topkeymedical.com\/fr\/wp-json\/wp\/v2\/media\/1045"}],"wp:attachment":[{"href":"https:\/\/topkeymedical.com\/fr\/wp-json\/wp\/v2\/media?parent=1044"}],"wp:term":[{"taxonomy":"product_brand","embeddable":true,"href":"https:\/\/topkeymedical.com\/fr\/wp-json\/wp\/v2\/product_brand?post=1044"},{"taxonomy":"product_cat","embeddable":true,"href":"https:\/\/topkeymedical.com\/fr\/wp-json\/wp\/v2\/product_cat?post=1044"},{"taxonomy":"product_tag","embeddable":true,"href":"https:\/\/topkeymedical.com\/fr\/wp-json\/wp\/v2\/product_tag?post=1044"}],"curies":[{"name":"wp","href":"https:\/\/api.w.org\/{rel}","templated":true}]}}