{"id":1047,"date":"2025-07-11T14:45:52","date_gmt":"2025-07-11T14:45:52","guid":{"rendered":"https:\/\/topkeymedical.com\/?post_type=product&#038;p=1047"},"modified":"2025-11-20T07:32:46","modified_gmt":"2025-11-20T07:32:46","slug":"aiguille-a-demeure","status":"publish","type":"product","link":"https:\/\/topkeymedical.com\/fr\/produit\/aiguille-a-demeure\/","title":{"rendered":"Aiguille \u00e0 demeure (canule de cath\u00e9ter IV)"},"content":{"rendered":"<h2 data-start=\"360\" data-end=\"392\">Sp\u00e9cifications techniques<\/h2>\n<div class=\"_tableContainer_1rjym_1\">\n<div class=\"_tableWrapper_1rjym_13 group flex w-fit flex-col-reverse\" tabindex=\"-1\">\n<table class=\"w-fit min-w-(--thread-content-width)\" data-start=\"394\" data-end=\"2417\">\n<thead data-start=\"394\" data-end=\"511\">\n<tr data-start=\"394\" data-end=\"511\">\n<th data-start=\"394\" data-end=\"426\" data-col-size=\"sm\"><strong data-start=\"396\" data-end=\"409\">Param\u00e8tres<\/strong><\/th>\n<th data-start=\"426\" data-end=\"511\" data-col-size=\"md\"><strong data-start=\"428\" data-end=\"445\">Sp\u00e9cifications<\/strong><\/th>\n<\/tr>\n<\/thead>\n<tbody data-start=\"631\" data-end=\"2417\">\n<tr data-start=\"631\" data-end=\"749\">\n<td data-start=\"631\" data-end=\"664\" data-col-size=\"sm\"><strong data-start=\"633\" data-end=\"649\">Nom du produit<\/strong><\/td>\n<td data-start=\"664\" data-end=\"749\" data-col-size=\"md\">Aiguille \u00e0 demeure (canule de cath\u00e9ter IV)<\/td>\n<\/tr>\n<tr data-start=\"750\" data-end=\"869\">\n<td data-start=\"750\" data-end=\"783\" data-col-size=\"sm\"><strong data-start=\"752\" data-end=\"774\">Mat\u00e9riau - Canule<\/strong><\/td>\n<td data-start=\"783\" data-end=\"869\" data-col-size=\"md\">Aiguille en acier inoxydable SUS304 de qualit\u00e9 m\u00e9dicale avec tube de cath\u00e9ter en PTFE \/ PU<\/td>\n<\/tr>\n<tr data-start=\"870\" data-end=\"988\">\n<td data-start=\"870\" data-end=\"903\" data-col-size=\"sm\"><strong data-start=\"872\" data-end=\"887\">Gamme de jauges<\/strong><\/td>\n<td data-start=\"903\" data-end=\"988\" data-col-size=\"md\">14G - 24G (OD : 2.0 mm - 0.6 mm)<\/td>\n<\/tr>\n<tr data-start=\"989\" data-end=\"1107\">\n<td data-start=\"989\" data-end=\"1022\" data-col-size=\"sm\"><strong data-start=\"991\" data-end=\"1018\">Options de longueur de cath\u00e9ter<\/strong><\/td>\n<td data-start=\"1022\" data-end=\"1107\" data-col-size=\"md\">19 mm - 45 mm (tol\u00e9rance \u00b11 mm)<\/td>\n<\/tr>\n<tr data-start=\"1108\" data-end=\"1227\">\n<td data-start=\"1108\" data-end=\"1141\" data-col-size=\"sm\"><strong data-start=\"1110\" data-end=\"1124\">Conception de l'embout<\/strong><\/td>\n<td data-start=\"1141\" data-end=\"1227\" data-col-size=\"md\">Pointe tri-biseaut\u00e9e ultra-pointue ; ponction en douceur avec r\u00e9duction de la douleur pour le patient<\/td>\n<\/tr>\n<tr data-start=\"1228\" data-end=\"1346\">\n<td data-start=\"1228\" data-end=\"1261\" data-col-size=\"sm\"><strong data-start=\"1230\" data-end=\"1250\">Visibilit\u00e9 des rayons X<\/strong><\/td>\n<td data-start=\"1261\" data-end=\"1346\" data-col-size=\"md\">Bande de cath\u00e9ter radio-opaque pour d\u00e9tection fluoroscopique<\/td>\n<\/tr>\n<tr data-start=\"1347\" data-end=\"1465\">\n<td data-start=\"1347\" data-end=\"1380\" data-col-size=\"sm\"><strong data-start=\"1349\" data-end=\"1374\">Dispositif de contr\u00f4le du sang<\/strong><\/td>\n<td data-start=\"1380\" data-end=\"1465\" data-col-size=\"md\">Chambre de reflux en option pour la confirmation de l'acc\u00e8s veineux<\/td>\n<\/tr>\n<tr data-start=\"1466\" data-end=\"1584\">\n<td data-start=\"1466\" data-end=\"1499\" data-col-size=\"sm\"><strong data-start=\"1468\" data-end=\"1489\">Mat\u00e9riau du cath\u00e9ter<\/strong><\/td>\n<td data-start=\"1499\" data-end=\"1584\" data-col-size=\"md\">PTFE \/ Polyur\u00e9thane biocompatible, r\u00e9sistant \u00e0 la corrosion, sans DEHP<\/td>\n<\/tr>\n<tr data-start=\"1585\" data-end=\"1703\">\n<td data-start=\"1585\" data-end=\"1618\" data-col-size=\"sm\"><strong data-start=\"1587\" data-end=\"1601\">Conception du moyeu<\/strong><\/td>\n<td data-start=\"1618\" data-end=\"1703\" data-col-size=\"md\">Moyeu transparent avec indicateur de jauge \u00e0 code couleur (selon ISO 10555-5)<\/td>\n<\/tr>\n<tr data-start=\"1704\" data-end=\"1822\">\n<td data-start=\"1704\" data-end=\"1737\" data-col-size=\"sm\"><strong data-start=\"1706\" data-end=\"1724\">Options de s\u00e9curit\u00e9<\/strong><\/td>\n<td data-start=\"1737\" data-end=\"1822\" data-col-size=\"md\">Avec ou sans m\u00e9canisme de s\u00e9curit\u00e9 (r\u00e9traction passive \/ active de l'aiguille)<\/td>\n<\/tr>\n<tr data-start=\"1823\" data-end=\"1941\">\n<td data-start=\"1823\" data-end=\"1856\" data-col-size=\"sm\"><strong data-start=\"1825\" data-end=\"1849\">M\u00e9thode de st\u00e9rilisation<\/strong><\/td>\n<td data-start=\"1856\" data-end=\"1941\" data-col-size=\"md\">St\u00e9rilisation \u00e0 l'oxyde d'\u00e9thyl\u00e8ne (OE)<\/td>\n<\/tr>\n<tr data-start=\"1942\" data-end=\"2060\">\n<td data-start=\"1942\" data-end=\"1975\" data-col-size=\"sm\"><strong data-start=\"1944\" data-end=\"1957\">Emballage<\/strong><\/td>\n<td data-start=\"1975\" data-end=\"2060\" data-col-size=\"md\">Plaquettes st\u00e9riles individuelles, 50-100 pi\u00e8ces par bo\u00eete<\/td>\n<\/tr>\n<tr data-start=\"2061\" data-end=\"2179\">\n<td data-start=\"2061\" data-end=\"2094\" data-col-size=\"sm\"><strong data-start=\"2063\" data-end=\"2077\">Usage unique<\/strong><\/td>\n<td data-start=\"2094\" data-end=\"2179\" data-col-size=\"md\">Oui<\/td>\n<\/tr>\n<tr data-start=\"2180\" data-end=\"2298\">\n<td data-start=\"2180\" data-end=\"2213\" data-col-size=\"sm\"><strong data-start=\"2182\" data-end=\"2200\">Certifications<\/strong><\/td>\n<td data-start=\"2213\" data-end=\"2298\" data-col-size=\"md\">ISO 13485, marquage CE, approbation de la FDA (selon la r\u00e9gion)<\/td>\n<\/tr>\n<tr data-start=\"2299\" data-end=\"2417\">\n<td data-start=\"2299\" data-end=\"2332\" data-col-size=\"sm\"><strong data-start=\"2301\" data-end=\"2315\">Dur\u00e9e de conservation<\/strong><\/td>\n<td data-start=\"2332\" data-end=\"2417\" data-col-size=\"md\">3-5 ans dans les conditions de stockage recommand\u00e9es<\/td>\n<\/tr>\n<\/tbody>\n<\/table>\n<\/div>\n<\/div>\n<hr data-start=\"2419\" data-end=\"2422\" \/>\n<p>Aiguille \u00e0 demeure (canule de cath\u00e9ter IV) : Acc\u00e8s vasculaire avanc\u00e9 pour l'administration d'un traitement soutenu.<\/p>\n<h2>Aiguille \u00e0 demeure Objectif clinique<\/h2>\n<p>Nos aiguilles \u00e0 demeure fournissent un acc\u00e8s vasculaire s\u00fbr et \u00e0 long terme pour l'administration de fluides intraveineux, de m\u00e9dicaments et de pr\u00e9l\u00e8vements sanguins. Con\u00e7ues pour des dur\u00e9es d'hospitalisation allant jusqu'\u00e0 96 heures, elles minimisent les ponctions r\u00e9p\u00e9t\u00e9es en soins intensifs, en oncologie et en p\u00e9diatrie.<\/p>\n<h2>Sp\u00e9cification du produit :<\/h2>\n<p>1. Type de produit : Type Y, type droit, type de s\u00e9curit\u00e9, type de r\u00e9traction, indentation.<br \/>\n2. sp\u00e9cification : 10G-28G<br \/>\n3. diam\u00e8tre ext\u00e9rieur : 3,4 mm-0,36 mm<\/p>\n<h2>Principaux avantages<\/h2>\n<h3>Technologie de perforation de pr\u00e9cision<\/h3>\n<p>- L'extr\u00e9mit\u00e9 \u00e0 triple biseau (angle d'aff\u00fbtage de 14\u00b0), aiguis\u00e9e au laser, permet une p\u00e9n\u00e9tration en douceur dans les tissus avec une force d'insertion r\u00e9duite de 30% par rapport aux aiguilles standard.<br \/>\n- L'ar\u00eate de coupe ultra tranchante r\u00e9duit le traumatisme du vaisseau et l'inconfort du patient (valid\u00e9 par des scores de douleur VAS \u22642\/10).<\/p>\n<h3>S\u00e9curit\u00e9 et visibilit\u00e9 accrues<\/h3>\n<p>- Ailes et ligne de cath\u00e9ter radiographiables pour confirmer la position sous fluoroscopie.<br \/>\n- Les versions s\u00e9curis\u00e9es pr\u00e9sentent les caract\u00e9ristiques suivantes<br \/>\n- R\u00e9traction automatique de l'aiguille lors du retrait (type de r\u00e9traction)<br \/>\n- Activation de la canule \u00e9mouss\u00e9e (type de s\u00e9curit\u00e9)<br \/>\n- Activation d'une seule main (conforme aux normes OSHA)<\/p>\n<h3>Innovation mat\u00e9rielle<\/h3>\n<p>- Canule : Acier inoxydable 316L de qualit\u00e9 m\u00e9dicale (diam\u00e8tre ext\u00e9rieur : 0,36-3,4 mm) avec int\u00e9rieur \u00e9lectropoli.<br \/>\n- Cath\u00e9ter : <a href=\"https:\/\/www.kmedhealth.com\/dehp-vs-non-dehp-pvc\/\" target=\"_blank\" rel=\"noopener\">DEHP<\/a>-polyur\u00e9thane sans halog\u00e8ne (la conception \u00e0 paroi mince permet de maintenir des d\u00e9bits allant jusqu'\u00e0 300mL\/min)<br \/>\n- Hub : polycarbonate compatible CT\/IRM avec Luer-Lock<\/p>\n<h2>Applications cliniques<\/h2>\n<p>- Perfusion continue de chimioth\u00e9rapie<br \/>\n- R\u00e9animation liquidienne d'urgence<br \/>\n- Antibioth\u00e9rapie \u00e0 long terme<br \/>\n- Acc\u00e8s IV n\u00e9onatal\/p\u00e9diatrique<\/p>\n<h2>Conformit\u00e9 de la qualit\u00e9<\/h2>\n<p>- Irradiation gamma de l'OE st\u00e9rile | ISO 10555-5 | FDA 510(k) K230755<br \/>\n- Moyeux \u00e0 code couleur pour l'identification de la jauge<br \/>\n- Personnalisation : Longueur du tube d'extension (15-50cm), clips de s\u00e9curit\u00e9 passive<\/p>","protected":false},"excerpt":{"rendered":"<p>Aiguilles \u00e0 demeure Introduction du produit :<br \/>\n1. Technologie de broyage unique, pour une piq\u00fbre plus nette, plus douce et moins douloureuse.<\/p>\n<p>2. il peut \u00eatre d\u00e9velopp\u00e9 sous forme de rayons X.<\/p>","protected":false},"featured_media":1048,"template":"","meta":{"_acf_changed":false,"site-sidebar-layout":"default","site-content-layout":"","ast-site-content-layout":"default","site-content-style":"default","site-sidebar-style":"default","ast-global-header-display":"","ast-banner-title-visibility":"","ast-main-header-display":"","ast-hfb-above-header-display":"","ast-hfb-below-header-display":"","ast-hfb-mobile-header-display":"","site-post-title":"","ast-breadcrumbs-content":"","ast-featured-img":"","footer-sml-layout":"","ast-disable-related-posts":"","theme-transparent-header-meta":"default","adv-header-id-meta":"","stick-header-meta":"","header-above-stick-meta":"","header-main-stick-meta":"","header-below-stick-meta":"","astra-migrate-meta-layouts":"set","ast-page-background-enabled":"default","ast-page-background-meta":{"desktop":{"background-color":"var(--ast-global-color-5)","background-image":"","background-repeat":"repeat","background-position":"center center","background-size":"auto","background-attachment":"scroll","background-type":"","background-media":"","overlay-type":"","overlay-color":"","overlay-opacity":"","overlay-gradient":""},"tablet":{"background-color":"","background-image":"","background-repeat":"repeat","background-position":"center center","background-size":"auto","background-attachment":"scroll","background-type":"","background-media":"","overlay-type":"","overlay-color":"","overlay-opacity":"","overlay-gradient":""},"mobile":{"background-color":"","background-image":"","background-repeat":"repeat","background-position":"center center","background-size":"auto","background-attachment":"scroll","background-type":"","background-media":"","overlay-type":"","overlay-color":"","overlay-opacity":"","overlay-gradient":""}},"ast-content-background-meta":{"desktop":{"background-color":"var(--ast-global-color-4)","background-image":"","background-repeat":"repeat","background-position":"center center","background-size":"auto","background-attachment":"scroll","background-type":"","background-media":"","overlay-type":"","overlay-color":"","overlay-opacity":"","overlay-gradient":""},"tablet":{"background-color":"var(--ast-global-color-4)","background-image":"","background-repeat":"repeat","background-position":"center center","background-size":"auto","background-attachment":"scroll","background-type":"","background-media":"","overlay-type":"","overlay-color":"","overlay-opacity":"","overlay-gradient":""},"mobile":{"background-color":"var(--ast-global-color-4)","background-image":"","background-repeat":"repeat","background-position":"center center","background-size":"auto","background-attachment":"scroll","background-type":"","background-media":"","overlay-type":"","overlay-color":"","overlay-opacity":"","overlay-gradient":""}}},"product_brand":[],"product_cat":[65],"product_tag":[],"class_list":{"0":"post-1047","1":"product","2":"type-product","3":"status-publish","4":"has-post-thumbnail","6":"product_cat-specialty-needles","7":"desktop-align-left","8":"tablet-align-left","9":"mobile-align-left","11":"first","12":"instock","13":"shipping-taxable","14":"product-type-simple"},"acf":[],"yoast_head":"<!-- This site is optimized with the Yoast SEO plugin v27.4 - https:\/\/yoast.com\/product\/yoast-seo-wordpress\/ -->\n<title>Indwelling Needle, IV Catheter Cannula<\/title>\n<meta name=\"description\" content=\"Indwelling Needle Product Introduction:1. Unique grinding technology, sharper, smooth puncture and less pain.2.It can be developed ender X-ray.\" \/>\n<meta name=\"robots\" content=\"index, follow, max-snippet:-1, max-image-preview:large, max-video-preview:-1\" \/>\n<link rel=\"canonical\" href=\"https:\/\/topkeymedical.com\/fr\/produit\/aiguille-a-demeure\/\" \/>\n<meta property=\"og:locale\" content=\"fr_FR\" \/>\n<meta property=\"og:type\" content=\"article\" \/>\n<meta property=\"og:title\" content=\"Indwelling Needle, IV Catheter Cannula\" \/>\n<meta property=\"og:description\" content=\"Indwelling Needle Product Introduction:1. Unique grinding technology, sharper, smooth puncture and less pain.2.It can be developed ender X-ray.\" \/>\n<meta property=\"og:url\" content=\"https:\/\/topkeymedical.com\/fr\/produit\/aiguille-a-demeure\/\" \/>\n<meta property=\"og:site_name\" content=\"TOPKEY\u2013 Precision in Every Detail, Guardian of Life and Health\" \/>\n<meta property=\"article:publisher\" content=\"https:\/\/www.facebook.com\/profile.php?id=100088897294997\" \/>\n<meta property=\"article:modified_time\" content=\"2025-11-20T07:32:46+00:00\" \/>\n<meta property=\"og:image\" content=\"https:\/\/topkeymedical.com\/wp-content\/uploads\/2025\/07\/Specialty-Needles-Indwelling-Needle.webp\" \/>\n\t<meta property=\"og:image:width\" content=\"1000\" \/>\n\t<meta property=\"og:image:height\" content=\"1000\" \/>\n\t<meta property=\"og:image:type\" content=\"image\/webp\" \/>\n<meta name=\"twitter:card\" content=\"summary_large_image\" \/>\n<meta name=\"twitter:label1\" content=\"Dur\u00e9e de lecture estim\u00e9e\" \/>\n\t<meta name=\"twitter:data1\" content=\"2 minutes\" \/>\n<script type=\"application\/ld+json\" class=\"yoast-schema-graph\">{\"@context\":\"https:\\\/\\\/schema.org\",\"@graph\":[{\"@type\":\"WebPage\",\"@id\":\"https:\\\/\\\/topkeymedical.com\\\/product\\\/indwelling-needle\\\/\",\"url\":\"https:\\\/\\\/topkeymedical.com\\\/product\\\/indwelling-needle\\\/\",\"name\":\"Indwelling Needle, IV Catheter Cannula\",\"isPartOf\":{\"@id\":\"https:\\\/\\\/topkeymedical.com\\\/#website\"},\"primaryImageOfPage\":{\"@id\":\"https:\\\/\\\/topkeymedical.com\\\/product\\\/indwelling-needle\\\/#primaryimage\"},\"image\":{\"@id\":\"https:\\\/\\\/topkeymedical.com\\\/product\\\/indwelling-needle\\\/#primaryimage\"},\"thumbnailUrl\":\"https:\\\/\\\/topkeymedical.com\\\/wp-content\\\/uploads\\\/2025\\\/07\\\/Specialty-Needles-Indwelling-Needle.webp\",\"datePublished\":\"2025-07-11T14:45:52+00:00\",\"dateModified\":\"2025-11-20T07:32:46+00:00\",\"description\":\"Indwelling Needle Product Introduction:1. Unique grinding technology, sharper, smooth puncture and less pain.2.It can be developed ender X-ray.\",\"breadcrumb\":{\"@id\":\"https:\\\/\\\/topkeymedical.com\\\/product\\\/indwelling-needle\\\/#breadcrumb\"},\"inLanguage\":\"fr-FR\",\"potentialAction\":[{\"@type\":\"ReadAction\",\"target\":[\"https:\\\/\\\/topkeymedical.com\\\/product\\\/indwelling-needle\\\/\"]}]},{\"@type\":\"ImageObject\",\"inLanguage\":\"fr-FR\",\"@id\":\"https:\\\/\\\/topkeymedical.com\\\/product\\\/indwelling-needle\\\/#primaryimage\",\"url\":\"https:\\\/\\\/topkeymedical.com\\\/wp-content\\\/uploads\\\/2025\\\/07\\\/Specialty-Needles-Indwelling-Needle.webp\",\"contentUrl\":\"https:\\\/\\\/topkeymedical.com\\\/wp-content\\\/uploads\\\/2025\\\/07\\\/Specialty-Needles-Indwelling-Needle.webp\",\"width\":1000,\"height\":1000,\"caption\":\"Indwelling Needle (IV Catheter Cannula)\"},{\"@type\":\"BreadcrumbList\",\"@id\":\"https:\\\/\\\/topkeymedical.com\\\/product\\\/indwelling-needle\\\/#breadcrumb\",\"itemListElement\":[{\"@type\":\"ListItem\",\"position\":1,\"name\":\"Home\",\"item\":\"https:\\\/\\\/topkeymedical.com\\\/\"},{\"@type\":\"ListItem\",\"position\":2,\"name\":\"Products\",\"item\":\"https:\\\/\\\/topkeymedical.com\\\/shop\\\/\"},{\"@type\":\"ListItem\",\"position\":3,\"name\":\"Indwelling Needle (IV Catheter Cannula)\"}]},{\"@type\":\"WebSite\",\"@id\":\"https:\\\/\\\/topkeymedical.com\\\/#website\",\"url\":\"https:\\\/\\\/topkeymedical.com\\\/\",\"name\":\"TOPKEY\u2013 Precision in Every Detail, Guardian of Life and Health\",\"description\":\"\",\"publisher\":{\"@id\":\"https:\\\/\\\/topkeymedical.com\\\/#organization\"},\"potentialAction\":[{\"@type\":\"SearchAction\",\"target\":{\"@type\":\"EntryPoint\",\"urlTemplate\":\"https:\\\/\\\/topkeymedical.com\\\/?s={search_term_string}\"},\"query-input\":{\"@type\":\"PropertyValueSpecification\",\"valueRequired\":true,\"valueName\":\"search_term_string\"}}],\"inLanguage\":\"fr-FR\"},{\"@type\":\"Organization\",\"@id\":\"https:\\\/\\\/topkeymedical.com\\\/#organization\",\"name\":\"TOPKEY\u2013 Precision in Every Detail, Guardian of Life and Health\",\"url\":\"https:\\\/\\\/topkeymedical.com\\\/\",\"logo\":{\"@type\":\"ImageObject\",\"inLanguage\":\"fr-FR\",\"@id\":\"https:\\\/\\\/topkeymedical.com\\\/#\\\/schema\\\/logo\\\/image\\\/\",\"url\":\"https:\\\/\\\/topkeymedical.com\\\/wp-content\\\/uploads\\\/2025\\\/05\\\/cropped-logo.jpg\",\"contentUrl\":\"https:\\\/\\\/topkeymedical.com\\\/wp-content\\\/uploads\\\/2025\\\/05\\\/cropped-logo.jpg\",\"width\":512,\"height\":512,\"caption\":\"TOPKEY\u2013 Precision in Every Detail, Guardian of Life and Health\"},\"image\":{\"@id\":\"https:\\\/\\\/topkeymedical.com\\\/#\\\/schema\\\/logo\\\/image\\\/\"},\"sameAs\":[\"https:\\\/\\\/www.facebook.com\\\/profile.php?id=100088897294997\",\"https:\\\/\\\/www.youtube.com\\\/@TopkeyMedical-Alice888\",\"https:\\\/\\\/www.linkedin.com\\\/in\\\/alice-hu-bb66a01b3\\\/\"]}]}<\/script>\n<!-- \/ Yoast SEO plugin. -->","yoast_head_json":{"title":"Aiguille \u00e0 demeure, canule pour cath\u00e9ter IV","description":"Aiguilles \u00e0 demeure Introduction du produit:1. technologie de broyage unique, ponction plus nette, plus douce et moins douloureuse.2. elle peut \u00eatre d\u00e9velopp\u00e9e ender X-ray.","robots":{"index":"index","follow":"follow","max-snippet":"max-snippet:-1","max-image-preview":"max-image-preview:large","max-video-preview":"max-video-preview:-1"},"canonical":"https:\/\/topkeymedical.com\/fr\/produit\/aiguille-a-demeure\/","og_locale":"fr_FR","og_type":"article","og_title":"Indwelling Needle, IV Catheter Cannula","og_description":"Indwelling Needle Product Introduction:1. Unique grinding technology, sharper, smooth puncture and less pain.2.It can be developed ender X-ray.","og_url":"https:\/\/topkeymedical.com\/fr\/produit\/aiguille-a-demeure\/","og_site_name":"TOPKEY\u2013 Precision in Every Detail, Guardian of Life and Health","article_publisher":"https:\/\/www.facebook.com\/profile.php?id=100088897294997","article_modified_time":"2025-11-20T07:32:46+00:00","og_image":[{"width":1000,"height":1000,"url":"https:\/\/topkeymedical.com\/wp-content\/uploads\/2025\/07\/Specialty-Needles-Indwelling-Needle.webp","type":"image\/webp"}],"twitter_card":"summary_large_image","twitter_misc":{"Dur\u00e9e de lecture estim\u00e9e":"2 minutes"},"schema":{"@context":"https:\/\/schema.org","@graph":[{"@type":"WebPage","@id":"https:\/\/topkeymedical.com\/product\/indwelling-needle\/","url":"https:\/\/topkeymedical.com\/product\/indwelling-needle\/","name":"Aiguille \u00e0 demeure, canule pour cath\u00e9ter IV","isPartOf":{"@id":"https:\/\/topkeymedical.com\/#website"},"primaryImageOfPage":{"@id":"https:\/\/topkeymedical.com\/product\/indwelling-needle\/#primaryimage"},"image":{"@id":"https:\/\/topkeymedical.com\/product\/indwelling-needle\/#primaryimage"},"thumbnailUrl":"https:\/\/topkeymedical.com\/wp-content\/uploads\/2025\/07\/Specialty-Needles-Indwelling-Needle.webp","datePublished":"2025-07-11T14:45:52+00:00","dateModified":"2025-11-20T07:32:46+00:00","description":"Aiguilles \u00e0 demeure Introduction du produit:1. technologie de broyage unique, ponction plus nette, plus douce et moins douloureuse.2. elle peut \u00eatre d\u00e9velopp\u00e9e ender X-ray.","breadcrumb":{"@id":"https:\/\/topkeymedical.com\/product\/indwelling-needle\/#breadcrumb"},"inLanguage":"fr-FR","potentialAction":[{"@type":"ReadAction","target":["https:\/\/topkeymedical.com\/product\/indwelling-needle\/"]}]},{"@type":"ImageObject","inLanguage":"fr-FR","@id":"https:\/\/topkeymedical.com\/product\/indwelling-needle\/#primaryimage","url":"https:\/\/topkeymedical.com\/wp-content\/uploads\/2025\/07\/Specialty-Needles-Indwelling-Needle.webp","contentUrl":"https:\/\/topkeymedical.com\/wp-content\/uploads\/2025\/07\/Specialty-Needles-Indwelling-Needle.webp","width":1000,"height":1000,"caption":"Indwelling Needle (IV Catheter Cannula)"},{"@type":"BreadcrumbList","@id":"https:\/\/topkeymedical.com\/product\/indwelling-needle\/#breadcrumb","itemListElement":[{"@type":"ListItem","position":1,"name":"Home","item":"https:\/\/topkeymedical.com\/"},{"@type":"ListItem","position":2,"name":"Products","item":"https:\/\/topkeymedical.com\/shop\/"},{"@type":"ListItem","position":3,"name":"Indwelling Needle (IV Catheter Cannula)"}]},{"@type":"WebSite","@id":"https:\/\/topkeymedical.com\/#website","url":"https:\/\/topkeymedical.com\/","name":"TOPKEY - La pr\u00e9cision dans les moindres d\u00e9tails, gardienne de la vie et de la sant\u00e9","description":"","publisher":{"@id":"https:\/\/topkeymedical.com\/#organization"},"potentialAction":[{"@type":"SearchAction","target":{"@type":"EntryPoint","urlTemplate":"https:\/\/topkeymedical.com\/?s={search_term_string}"},"query-input":{"@type":"PropertyValueSpecification","valueRequired":true,"valueName":"search_term_string"}}],"inLanguage":"fr-FR"},{"@type":"Organization","@id":"https:\/\/topkeymedical.com\/#organization","name":"TOPKEY - La pr\u00e9cision dans les moindres d\u00e9tails, gardienne de la vie et de la sant\u00e9","url":"https:\/\/topkeymedical.com\/","logo":{"@type":"ImageObject","inLanguage":"fr-FR","@id":"https:\/\/topkeymedical.com\/#\/schema\/logo\/image\/","url":"https:\/\/topkeymedical.com\/wp-content\/uploads\/2025\/05\/cropped-logo.jpg","contentUrl":"https:\/\/topkeymedical.com\/wp-content\/uploads\/2025\/05\/cropped-logo.jpg","width":512,"height":512,"caption":"TOPKEY\u2013 Precision in Every Detail, Guardian of Life and Health"},"image":{"@id":"https:\/\/topkeymedical.com\/#\/schema\/logo\/image\/"},"sameAs":["https:\/\/www.facebook.com\/profile.php?id=100088897294997","https:\/\/www.youtube.com\/@TopkeyMedical-Alice888","https:\/\/www.linkedin.com\/in\/alice-hu-bb66a01b3\/"]}]}},"_links":{"self":[{"href":"https:\/\/topkeymedical.com\/fr\/wp-json\/wp\/v2\/product\/1047","targetHints":{"allow":["GET"]}}],"collection":[{"href":"https:\/\/topkeymedical.com\/fr\/wp-json\/wp\/v2\/product"}],"about":[{"href":"https:\/\/topkeymedical.com\/fr\/wp-json\/wp\/v2\/types\/product"}],"version-history":[{"count":4,"href":"https:\/\/topkeymedical.com\/fr\/wp-json\/wp\/v2\/product\/1047\/revisions"}],"predecessor-version":[{"id":1545,"href":"https:\/\/topkeymedical.com\/fr\/wp-json\/wp\/v2\/product\/1047\/revisions\/1545"}],"wp:featuredmedia":[{"embeddable":true,"href":"https:\/\/topkeymedical.com\/fr\/wp-json\/wp\/v2\/media\/1048"}],"wp:attachment":[{"href":"https:\/\/topkeymedical.com\/fr\/wp-json\/wp\/v2\/media?parent=1047"}],"wp:term":[{"taxonomy":"product_brand","embeddable":true,"href":"https:\/\/topkeymedical.com\/fr\/wp-json\/wp\/v2\/product_brand?post=1047"},{"taxonomy":"product_cat","embeddable":true,"href":"https:\/\/topkeymedical.com\/fr\/wp-json\/wp\/v2\/product_cat?post=1047"},{"taxonomy":"product_tag","embeddable":true,"href":"https:\/\/topkeymedical.com\/fr\/wp-json\/wp\/v2\/product_tag?post=1047"}],"curies":[{"name":"wp","href":"https:\/\/api.w.org\/{rel}","templated":true}]}}