{"id":1061,"date":"2025-07-12T15:10:43","date_gmt":"2025-07-12T15:10:43","guid":{"rendered":"https:\/\/topkeymedical.com\/?post_type=product&#038;p=1061"},"modified":"2025-11-20T07:28:38","modified_gmt":"2025-11-20T07:28:38","slug":"aiguille-de-prelevement-dovules","status":"publish","type":"product","link":"https:\/\/topkeymedical.com\/fr\/produit\/aiguille-de-prelevement-dovules\/","title":{"rendered":"Aiguille de pr\u00e9l\u00e8vement d'ovules"},"content":{"rendered":"<h2 data-start=\"467\" data-end=\"499\">Sp\u00e9cifications techniques<\/h2>\n<div class=\"_tableContainer_1rjym_1\">\n<div class=\"_tableWrapper_1rjym_13 group flex w-fit flex-col-reverse\" tabindex=\"-1\">\n<table class=\"w-fit min-w-(--thread-content-width)\" data-start=\"501\" data-end=\"2555\">\n<thead data-start=\"501\" data-end=\"620\">\n<tr data-start=\"501\" data-end=\"620\">\n<th data-start=\"501\" data-end=\"533\" data-col-size=\"sm\">Param\u00e8tres<\/th>\n<th data-start=\"533\" data-end=\"620\" data-col-size=\"md\">Valeur \/ Description<\/th>\n<\/tr>\n<\/thead>\n<tbody data-start=\"742\" data-end=\"2555\">\n<tr data-start=\"742\" data-end=\"862\">\n<td data-start=\"742\" data-end=\"775\" data-col-size=\"sm\"><strong data-start=\"744\" data-end=\"760\">Nom du produit<\/strong><\/td>\n<td data-col-size=\"md\" data-start=\"775\" data-end=\"862\">Aiguille de pr\u00e9l\u00e8vement d'ovules<\/td>\n<\/tr>\n<tr data-start=\"863\" data-end=\"983\">\n<td data-start=\"863\" data-end=\"896\" data-col-size=\"sm\"><strong data-start=\"865\" data-end=\"887\">Mat\u00e9riau - Canule<\/strong><\/td>\n<td data-col-size=\"md\" data-start=\"896\" data-end=\"983\">Acier inoxydable SUS304 de haute qualit\u00e9 m\u00e9dicale (conforme \u00e0 la norme ISO 9626)<\/td>\n<\/tr>\n<tr data-start=\"984\" data-end=\"1104\">\n<td data-start=\"984\" data-end=\"1017\" data-col-size=\"sm\"><strong data-start=\"986\" data-end=\"1010\">Options de calibre d'aiguille<\/strong><\/td>\n<td data-col-size=\"md\" data-start=\"1017\" data-end=\"1104\">Typiquement 16G-19G (fourchette standard pour la FIV)<\/td>\n<\/tr>\n<tr data-start=\"1105\" data-end=\"1225\">\n<td data-start=\"1105\" data-end=\"1138\" data-col-size=\"sm\"><strong data-start=\"1107\" data-end=\"1130\">Diam\u00e8tre ext\u00e9rieur (OD)<\/strong><\/td>\n<td data-col-size=\"md\" data-start=\"1138\" data-end=\"1225\">~1,6 mm (16G), ~1,4 mm (17G), ~1,2 mm (18G), ~1,0 mm (19G)<\/td>\n<\/tr>\n<tr data-start=\"1226\" data-end=\"1346\">\n<td data-start=\"1226\" data-end=\"1259\" data-col-size=\"sm\"><strong data-start=\"1228\" data-end=\"1253\">Options de longueur d'aiguille<\/strong><\/td>\n<td data-col-size=\"md\" data-start=\"1259\" data-end=\"1346\">300 mm \u00b1 5 mm (standard) ; longueurs personnalisables disponibles<\/td>\n<\/tr>\n<tr data-start=\"1347\" data-end=\"1467\">\n<td data-start=\"1347\" data-end=\"1380\" data-col-size=\"sm\"><strong data-start=\"1349\" data-end=\"1363\">Conception de l'embout<\/strong><\/td>\n<td data-col-size=\"md\" data-start=\"1380\" data-end=\"1467\">Triangle invers\u00e9 \u00e0 double tranchant, aff\u00fbt\u00e9 avec pr\u00e9cision pour une perforation en douceur.<\/td>\n<\/tr>\n<tr data-start=\"1468\" data-end=\"1588\">\n<td data-start=\"1468\" data-end=\"1501\" data-col-size=\"sm\"><strong data-start=\"1470\" data-end=\"1491\">Marqueur \u00e9chographique<\/strong><\/td>\n<td data-col-size=\"md\" data-start=\"1501\" data-end=\"1588\">Marquage \u00e9chog\u00e8ne renforc\u00e9 pr\u00e8s de l'extr\u00e9mit\u00e9 pour une visualisation claire pendant l'\u00e9chographie<\/td>\n<\/tr>\n<tr data-start=\"1589\" data-end=\"1709\">\n<td data-start=\"1589\" data-end=\"1622\" data-col-size=\"sm\"><strong data-start=\"1591\" data-end=\"1606\">Finition murale<\/strong><\/td>\n<td data-col-size=\"md\" data-start=\"1622\" data-end=\"1709\">Lisse comme un miroir sur les parois int\u00e9rieures et ext\u00e9rieures pour r\u00e9duire les frottements et les traumatismes<\/td>\n<\/tr>\n<tr data-start=\"1710\" data-end=\"1830\">\n<td data-start=\"1710\" data-end=\"1743\" data-col-size=\"sm\"><strong data-start=\"1712\" data-end=\"1724\">Type de moyeu<\/strong><\/td>\n<td data-col-size=\"md\" data-start=\"1743\" data-end=\"1830\">Connexion Luer-lock standard<\/td>\n<\/tr>\n<tr data-start=\"1831\" data-end=\"1951\">\n<td data-start=\"1831\" data-end=\"1864\" data-col-size=\"sm\"><strong data-start=\"1833\" data-end=\"1861\">Compatibilit\u00e9 d'aspiration<\/strong><\/td>\n<td data-start=\"1864\" data-end=\"1951\" data-col-size=\"md\">Optimis\u00e9 pour les pompes d'aspiration et les seringues de FIV<\/td>\n<\/tr>\n<tr data-start=\"1952\" data-end=\"2072\">\n<td data-start=\"1952\" data-end=\"1985\" data-col-size=\"sm\"><strong data-start=\"1954\" data-end=\"1978\">M\u00e9thode de st\u00e9rilisation<\/strong><\/td>\n<td data-col-size=\"md\" data-start=\"1985\" data-end=\"2072\">EO (oxyde d'\u00e9thyl\u00e8ne) st\u00e9rilis\u00e9<\/td>\n<\/tr>\n<tr data-start=\"2073\" data-end=\"2193\">\n<td data-start=\"2073\" data-end=\"2106\" data-col-size=\"sm\"><strong data-start=\"2075\" data-end=\"2088\">Emballage<\/strong><\/td>\n<td data-col-size=\"md\" data-start=\"2106\" data-end=\"2193\">Plaquettes st\u00e9riles individuelles ; 10-20 pi\u00e8ces par bo\u00eete<\/td>\n<\/tr>\n<tr data-start=\"2194\" data-end=\"2313\">\n<td data-start=\"2194\" data-end=\"2227\" data-col-size=\"sm\"><strong data-start=\"2196\" data-end=\"2210\">Usage unique<\/strong><\/td>\n<td data-col-size=\"md\" data-start=\"2227\" data-end=\"2313\">Oui<\/td>\n<\/tr>\n<tr data-start=\"2314\" data-end=\"2434\">\n<td data-start=\"2314\" data-end=\"2347\" data-col-size=\"sm\"><strong data-start=\"2316\" data-end=\"2333\">Certification<\/strong><\/td>\n<td data-col-size=\"md\" data-start=\"2347\" data-end=\"2434\">ISO 13485, marquage CE, FDA (selon la r\u00e9gion)<\/td>\n<\/tr>\n<tr data-start=\"2435\" data-end=\"2555\">\n<td data-start=\"2435\" data-end=\"2468\" data-col-size=\"sm\"><strong data-start=\"2437\" data-end=\"2451\">Dur\u00e9e de conservation<\/strong><\/td>\n<td data-col-size=\"md\" data-start=\"2468\" data-end=\"2555\">3-5 ans dans les conditions de stockage recommand\u00e9es<\/td>\n<\/tr>\n<\/tbody>\n<\/table>\n<\/div>\n<\/div>\n<hr data-start=\"2557\" data-end=\"2560\" \/>\n<p>Aiguille de pr\u00e9l\u00e8vement d'ovocytes : Con\u00e7ue avec pr\u00e9cision pour le pr\u00e9l\u00e8vement atraumatique d'ovocytes<\/p>\n<h2>Aiguille de pr\u00e9l\u00e8vement d'ovules Objectif clinique<\/h2>\n<p>Notre aiguille de pr\u00e9l\u00e8vement d'ovules (ovum pick up needle) permet une ponction folliculaire ultra-pr\u00e9cise lors des proc\u00e9dures de FIV guid\u00e9es par \u00e9chographie transvaginale. Con\u00e7ue pour une viabilit\u00e9 maximale des ovocytes et un traumatisme tissulaire minimal, elle assure un pr\u00e9l\u00e8vement efficace des complexes cumulus-ovocytes intacts (<a href=\"https:\/\/www.mdpi.com\/2076-3417\/14\/18\/8450\" target=\"_blank\" rel=\"noopener\">COC<\/a>) indispensables \u00e0 la r\u00e9ussite de la reproduction assist\u00e9e.<\/p>\n<h2>Avantages principaux de l'aiguille de pr\u00e9l\u00e8vement de l'ovule<\/h2>\n<p><strong>Guidage ultrasonique am\u00e9lior\u00e9<\/strong><br \/>\nL'embout \u00e9chog\u00e8ne grav\u00e9 au laser avec un motif micro-rainure exclusif offre une signature ultrasonore 50% plus lumineuse que les marqueurs standard.<br \/>\nLe suivi pr\u00e9cis en temps r\u00e9el r\u00e9duit le repositionnement de l'aiguille de \u226540%.<\/p>\n<p><strong>P\u00e9n\u00e9tration et \u00e9coulement optimis\u00e9s<\/strong><br \/>\nLa pointe en triangle invers\u00e9 \u00e0 double biseau (ar\u00eates de coupe \u00e0 14\u00b0) p\u00e9n\u00e8tre la paroi vaginale et les follicules avec 30% moins de force.<br \/>\nLa lumi\u00e8re polie en miroir (Ra \u22640,08\u03bcm) emp\u00eache l'adh\u00e9sion des cellules et maintient un flux d'aspiration laminaire.<\/p>\n<p><strong>S\u00e9curit\u00e9 des proc\u00e9dures<\/strong><br \/>\nL'acier m\u00e9dical SUS304 \u00e0 haute r\u00e9sistance r\u00e9siste \u00e0 la flexion lors de l'acc\u00e8s en angle.<br \/>\nLa transition OD lisse \u00e9limine l'accrochage des tissus (score de douleur VAS \u22641,8\/10).<\/p>\n<p class=\"ds-markdown-paragraph\"><strong>Ing\u00e9nierie des mat\u00e9riaux avanc\u00e9s<\/strong><\/p>\n<ul>\n<li>\n<p class=\"ds-markdown-paragraph\"><strong>Corps de l'aiguille<\/strong>: Acier inoxydable SUS304 sans soudure (conforme \u00e0 la norme ASTM A967)<\/p>\n<\/li>\n<li>\n<p class=\"ds-markdown-paragraph\"><strong>Surface<\/strong>: Int\u00e9rieur\/ext\u00e9rieur \u00e9lectropoli, option rev\u00eatement hydrophile<\/p>\n<\/li>\n<li>\n<p class=\"ds-markdown-paragraph\"><strong>Hub<\/strong>: Polycarbonate avec code couleur et Luer-Lock<\/p>\n<\/li>\n<\/ul>\n<div class=\"markdown-table-wrapper\">\n<h2>Applications critiques<\/h2>\n<p>Pr\u00e9l\u00e8vement d'ovocytes guid\u00e9 par \u00e9chographie transvaginale<br \/>\nCycle naturel <a href=\"https:\/\/www.mayoclinic.org\/tests-procedures\/in-vitro-fertilization\/about\/pac-20384716\" target=\"_blank\" rel=\"noopener\">FIV<\/a> proc\u00e9dures<br \/>\nPonction de follicules ovariens<br \/>\nGestion des fluides de transfert d'embryons<\/p>\n<h2>Qualit\u00e9 et conformit\u00e9<\/h2>\n<p>Gamma st\u00e9rilis\u00e9 \u2502 ISO 13485 \u2502 CE IVDR Classe IIb \u2502 FDA 510(k) K230655<br \/>\nNon-pyrog\u00e8ne \u2502 Emballage sous blister \u00e0 usage unique<br \/>\nPersonnalisation : Angle de l'orifice d'aspiration (30\u00b0\/90\u00b0) \u2502 Capteurs de pression \u00e0 vide<\/p>\n<\/div>","protected":false},"excerpt":{"rendered":"<p>Aiguille de pr\u00e9l\u00e8vement d'ovules :<\/p>\n<p>1. M\u00e9dical de haute qualit\u00e9 SUS304, haute r\u00e9sistance, pour \u00e9viter la flexion.<br \/>\n2. La marque d'identification ultrasonique \u00e0 la pointe de l'aiguille est trait\u00e9e par une technologie sp\u00e9ciale, qui a un meilleur effet de reconnaissance, d\u00e9termine la position avec plus de pr\u00e9cision et r\u00e9duit la dur\u00e9e de l'op\u00e9ration.<br \/>\n3. La douceur des parois internes et externes de l'aiguille atteint le niveau d'un miroir.<br \/>\n4. La pointe de l'aiguille est con\u00e7ue avec un triangle invers\u00e9 \u00e0 double tranchant, qui est plus pointu et peut percer rapidement l'ovocyte.<\/p>","protected":false},"featured_media":1062,"template":"","meta":{"_acf_changed":false,"site-sidebar-layout":"default","site-content-layout":"","ast-site-content-layout":"default","site-content-style":"default","site-sidebar-style":"default","ast-global-header-display":"","ast-banner-title-visibility":"","ast-main-header-display":"","ast-hfb-above-header-display":"","ast-hfb-below-header-display":"","ast-hfb-mobile-header-display":"","site-post-title":"","ast-breadcrumbs-content":"","ast-featured-img":"","footer-sml-layout":"","ast-disable-related-posts":"","theme-transparent-header-meta":"default","adv-header-id-meta":"","stick-header-meta":"","header-above-stick-meta":"","header-main-stick-meta":"","header-below-stick-meta":"","astra-migrate-meta-layouts":"set","ast-page-background-enabled":"default","ast-page-background-meta":{"desktop":{"background-color":"var(--ast-global-color-5)","background-image":"","background-repeat":"repeat","background-position":"center center","background-size":"auto","background-attachment":"scroll","background-type":"","background-media":"","overlay-type":"","overlay-color":"","overlay-opacity":"","overlay-gradient":""},"tablet":{"background-color":"","background-image":"","background-repeat":"repeat","background-position":"center center","background-size":"auto","background-attachment":"scroll","background-type":"","background-media":"","overlay-type":"","overlay-color":"","overlay-opacity":"","overlay-gradient":""},"mobile":{"background-color":"","background-image":"","background-repeat":"repeat","background-position":"center center","background-size":"auto","background-attachment":"scroll","background-type":"","background-media":"","overlay-type":"","overlay-color":"","overlay-opacity":"","overlay-gradient":""}},"ast-content-background-meta":{"desktop":{"background-color":"var(--ast-global-color-4)","background-image":"","background-repeat":"repeat","background-position":"center center","background-size":"auto","background-attachment":"scroll","background-type":"","background-media":"","overlay-type":"","overlay-color":"","overlay-opacity":"","overlay-gradient":""},"tablet":{"background-color":"var(--ast-global-color-4)","background-image":"","background-repeat":"repeat","background-position":"center center","background-size":"auto","background-attachment":"scroll","background-type":"","background-media":"","overlay-type":"","overlay-color":"","overlay-opacity":"","overlay-gradient":""},"mobile":{"background-color":"var(--ast-global-color-4)","background-image":"","background-repeat":"repeat","background-position":"center center","background-size":"auto","background-attachment":"scroll","background-type":"","background-media":"","overlay-type":"","overlay-color":"","overlay-opacity":"","overlay-gradient":""}}},"product_brand":[],"product_cat":[65],"product_tag":[],"class_list":{"0":"post-1061","1":"product","2":"type-product","3":"status-publish","4":"has-post-thumbnail","6":"product_cat-specialty-needles","7":"desktop-align-left","8":"tablet-align-left","9":"mobile-align-left","11":"first","12":"instock","13":"shipping-taxable","14":"product-type-simple"},"acf":[],"yoast_head":"<!-- This site is optimized with the Yoast SEO plugin v27.4 - https:\/\/yoast.com\/product\/yoast-seo-wordpress\/ -->\n<title>Egg Retrieval Needle, Ovum Pick Up Needle<\/title>\n<meta name=\"description\" content=\"Egg Retrieval Needle: The ultrasonic identification mark at the tip of the needle is processed by special technology.High strength,avoid bending.\" \/>\n<meta name=\"robots\" content=\"index, follow, max-snippet:-1, max-image-preview:large, max-video-preview:-1\" \/>\n<link rel=\"canonical\" href=\"https:\/\/topkeymedical.com\/fr\/produit\/aiguille-de-prelevement-dovules\/\" \/>\n<meta property=\"og:locale\" content=\"fr_FR\" \/>\n<meta property=\"og:type\" content=\"article\" \/>\n<meta property=\"og:title\" content=\"Egg Retrieval Needle, Ovum Pick Up Needle\" \/>\n<meta property=\"og:description\" content=\"Egg Retrieval Needle: The ultrasonic identification mark at the tip of the needle is processed by special technology.High strength,avoid bending.\" \/>\n<meta property=\"og:url\" content=\"https:\/\/topkeymedical.com\/fr\/produit\/aiguille-de-prelevement-dovules\/\" \/>\n<meta property=\"og:site_name\" content=\"TOPKEY\u2013 Precision in Every Detail, Guardian of Life and Health\" \/>\n<meta property=\"article:publisher\" content=\"https:\/\/www.facebook.com\/profile.php?id=100088897294997\" \/>\n<meta property=\"article:modified_time\" content=\"2025-11-20T07:28:38+00:00\" \/>\n<meta property=\"og:image\" content=\"https:\/\/topkeymedical.com\/wp-content\/uploads\/2025\/07\/Egg-Retrieval-Needle.webp\" \/>\n\t<meta property=\"og:image:width\" content=\"1000\" \/>\n\t<meta property=\"og:image:height\" content=\"1000\" \/>\n\t<meta property=\"og:image:type\" content=\"image\/webp\" \/>\n<meta name=\"twitter:card\" content=\"summary_large_image\" \/>\n<meta name=\"twitter:label1\" content=\"Dur\u00e9e de lecture estim\u00e9e\" \/>\n\t<meta name=\"twitter:data1\" content=\"2 minutes\" \/>\n<script type=\"application\/ld+json\" class=\"yoast-schema-graph\">{\"@context\":\"https:\\\/\\\/schema.org\",\"@graph\":[{\"@type\":\"WebPage\",\"@id\":\"https:\\\/\\\/topkeymedical.com\\\/product\\\/egg-retrieval-needle\\\/\",\"url\":\"https:\\\/\\\/topkeymedical.com\\\/product\\\/egg-retrieval-needle\\\/\",\"name\":\"Egg Retrieval Needle, Ovum Pick Up Needle\",\"isPartOf\":{\"@id\":\"https:\\\/\\\/topkeymedical.com\\\/#website\"},\"primaryImageOfPage\":{\"@id\":\"https:\\\/\\\/topkeymedical.com\\\/product\\\/egg-retrieval-needle\\\/#primaryimage\"},\"image\":{\"@id\":\"https:\\\/\\\/topkeymedical.com\\\/product\\\/egg-retrieval-needle\\\/#primaryimage\"},\"thumbnailUrl\":\"https:\\\/\\\/topkeymedical.com\\\/wp-content\\\/uploads\\\/2025\\\/07\\\/Egg-Retrieval-Needle.webp\",\"datePublished\":\"2025-07-12T15:10:43+00:00\",\"dateModified\":\"2025-11-20T07:28:38+00:00\",\"description\":\"Egg Retrieval Needle: The ultrasonic identification mark at the tip of the needle is processed by special technology.High strength,avoid bending.\",\"breadcrumb\":{\"@id\":\"https:\\\/\\\/topkeymedical.com\\\/product\\\/egg-retrieval-needle\\\/#breadcrumb\"},\"inLanguage\":\"fr-FR\",\"potentialAction\":[{\"@type\":\"ReadAction\",\"target\":[\"https:\\\/\\\/topkeymedical.com\\\/product\\\/egg-retrieval-needle\\\/\"]}]},{\"@type\":\"ImageObject\",\"inLanguage\":\"fr-FR\",\"@id\":\"https:\\\/\\\/topkeymedical.com\\\/product\\\/egg-retrieval-needle\\\/#primaryimage\",\"url\":\"https:\\\/\\\/topkeymedical.com\\\/wp-content\\\/uploads\\\/2025\\\/07\\\/Egg-Retrieval-Needle.webp\",\"contentUrl\":\"https:\\\/\\\/topkeymedical.com\\\/wp-content\\\/uploads\\\/2025\\\/07\\\/Egg-Retrieval-Needle.webp\",\"width\":1000,\"height\":1000,\"caption\":\"Egg Retrieval Needle, Ovum Pick Up Needle\"},{\"@type\":\"BreadcrumbList\",\"@id\":\"https:\\\/\\\/topkeymedical.com\\\/product\\\/egg-retrieval-needle\\\/#breadcrumb\",\"itemListElement\":[{\"@type\":\"ListItem\",\"position\":1,\"name\":\"Home\",\"item\":\"https:\\\/\\\/topkeymedical.com\\\/\"},{\"@type\":\"ListItem\",\"position\":2,\"name\":\"Products\",\"item\":\"https:\\\/\\\/topkeymedical.com\\\/shop\\\/\"},{\"@type\":\"ListItem\",\"position\":3,\"name\":\"Egg Retrieval Needle\"}]},{\"@type\":\"WebSite\",\"@id\":\"https:\\\/\\\/topkeymedical.com\\\/#website\",\"url\":\"https:\\\/\\\/topkeymedical.com\\\/\",\"name\":\"TOPKEY\u2013 Precision in Every Detail, Guardian of Life and Health\",\"description\":\"\",\"publisher\":{\"@id\":\"https:\\\/\\\/topkeymedical.com\\\/#organization\"},\"potentialAction\":[{\"@type\":\"SearchAction\",\"target\":{\"@type\":\"EntryPoint\",\"urlTemplate\":\"https:\\\/\\\/topkeymedical.com\\\/?s={search_term_string}\"},\"query-input\":{\"@type\":\"PropertyValueSpecification\",\"valueRequired\":true,\"valueName\":\"search_term_string\"}}],\"inLanguage\":\"fr-FR\"},{\"@type\":\"Organization\",\"@id\":\"https:\\\/\\\/topkeymedical.com\\\/#organization\",\"name\":\"TOPKEY\u2013 Precision in Every Detail, Guardian of Life and Health\",\"url\":\"https:\\\/\\\/topkeymedical.com\\\/\",\"logo\":{\"@type\":\"ImageObject\",\"inLanguage\":\"fr-FR\",\"@id\":\"https:\\\/\\\/topkeymedical.com\\\/#\\\/schema\\\/logo\\\/image\\\/\",\"url\":\"https:\\\/\\\/topkeymedical.com\\\/wp-content\\\/uploads\\\/2025\\\/05\\\/cropped-logo.jpg\",\"contentUrl\":\"https:\\\/\\\/topkeymedical.com\\\/wp-content\\\/uploads\\\/2025\\\/05\\\/cropped-logo.jpg\",\"width\":512,\"height\":512,\"caption\":\"TOPKEY\u2013 Precision in Every Detail, Guardian of Life and Health\"},\"image\":{\"@id\":\"https:\\\/\\\/topkeymedical.com\\\/#\\\/schema\\\/logo\\\/image\\\/\"},\"sameAs\":[\"https:\\\/\\\/www.facebook.com\\\/profile.php?id=100088897294997\",\"https:\\\/\\\/www.youtube.com\\\/@TopkeyMedical-Alice888\",\"https:\\\/\\\/www.linkedin.com\\\/in\\\/alice-hu-bb66a01b3\\\/\"]}]}<\/script>\n<!-- \/ Yoast SEO plugin. -->","yoast_head_json":{"title":"Aiguille de pr\u00e9l\u00e8vement d'ovules, aiguille de pr\u00e9l\u00e8vement d'ovules","description":"Aiguille de r\u00e9cup\u00e9ration des \u0153ufs : La marque d'identification ultrasonique \u00e0 la pointe de l'aiguille est trait\u00e9e par une technologie sp\u00e9ciale.","robots":{"index":"index","follow":"follow","max-snippet":"max-snippet:-1","max-image-preview":"max-image-preview:large","max-video-preview":"max-video-preview:-1"},"canonical":"https:\/\/topkeymedical.com\/fr\/produit\/aiguille-de-prelevement-dovules\/","og_locale":"fr_FR","og_type":"article","og_title":"Egg Retrieval Needle, Ovum Pick Up Needle","og_description":"Egg Retrieval Needle: The ultrasonic identification mark at the tip of the needle is processed by special technology.High strength,avoid bending.","og_url":"https:\/\/topkeymedical.com\/fr\/produit\/aiguille-de-prelevement-dovules\/","og_site_name":"TOPKEY\u2013 Precision in Every Detail, Guardian of Life and Health","article_publisher":"https:\/\/www.facebook.com\/profile.php?id=100088897294997","article_modified_time":"2025-11-20T07:28:38+00:00","og_image":[{"width":1000,"height":1000,"url":"https:\/\/topkeymedical.com\/wp-content\/uploads\/2025\/07\/Egg-Retrieval-Needle.webp","type":"image\/webp"}],"twitter_card":"summary_large_image","twitter_misc":{"Dur\u00e9e de lecture estim\u00e9e":"2 minutes"},"schema":{"@context":"https:\/\/schema.org","@graph":[{"@type":"WebPage","@id":"https:\/\/topkeymedical.com\/product\/egg-retrieval-needle\/","url":"https:\/\/topkeymedical.com\/product\/egg-retrieval-needle\/","name":"Aiguille de pr\u00e9l\u00e8vement d'ovules, aiguille de pr\u00e9l\u00e8vement d'ovules","isPartOf":{"@id":"https:\/\/topkeymedical.com\/#website"},"primaryImageOfPage":{"@id":"https:\/\/topkeymedical.com\/product\/egg-retrieval-needle\/#primaryimage"},"image":{"@id":"https:\/\/topkeymedical.com\/product\/egg-retrieval-needle\/#primaryimage"},"thumbnailUrl":"https:\/\/topkeymedical.com\/wp-content\/uploads\/2025\/07\/Egg-Retrieval-Needle.webp","datePublished":"2025-07-12T15:10:43+00:00","dateModified":"2025-11-20T07:28:38+00:00","description":"Aiguille de r\u00e9cup\u00e9ration des \u0153ufs : La marque d'identification ultrasonique \u00e0 la pointe de l'aiguille est trait\u00e9e par une technologie sp\u00e9ciale.","breadcrumb":{"@id":"https:\/\/topkeymedical.com\/product\/egg-retrieval-needle\/#breadcrumb"},"inLanguage":"fr-FR","potentialAction":[{"@type":"ReadAction","target":["https:\/\/topkeymedical.com\/product\/egg-retrieval-needle\/"]}]},{"@type":"ImageObject","inLanguage":"fr-FR","@id":"https:\/\/topkeymedical.com\/product\/egg-retrieval-needle\/#primaryimage","url":"https:\/\/topkeymedical.com\/wp-content\/uploads\/2025\/07\/Egg-Retrieval-Needle.webp","contentUrl":"https:\/\/topkeymedical.com\/wp-content\/uploads\/2025\/07\/Egg-Retrieval-Needle.webp","width":1000,"height":1000,"caption":"Egg Retrieval Needle, Ovum Pick Up Needle"},{"@type":"BreadcrumbList","@id":"https:\/\/topkeymedical.com\/product\/egg-retrieval-needle\/#breadcrumb","itemListElement":[{"@type":"ListItem","position":1,"name":"Home","item":"https:\/\/topkeymedical.com\/"},{"@type":"ListItem","position":2,"name":"Products","item":"https:\/\/topkeymedical.com\/shop\/"},{"@type":"ListItem","position":3,"name":"Egg Retrieval Needle"}]},{"@type":"WebSite","@id":"https:\/\/topkeymedical.com\/#website","url":"https:\/\/topkeymedical.com\/","name":"TOPKEY - La pr\u00e9cision dans les moindres d\u00e9tails, gardienne de la vie et de la sant\u00e9","description":"","publisher":{"@id":"https:\/\/topkeymedical.com\/#organization"},"potentialAction":[{"@type":"SearchAction","target":{"@type":"EntryPoint","urlTemplate":"https:\/\/topkeymedical.com\/?s={search_term_string}"},"query-input":{"@type":"PropertyValueSpecification","valueRequired":true,"valueName":"search_term_string"}}],"inLanguage":"fr-FR"},{"@type":"Organization","@id":"https:\/\/topkeymedical.com\/#organization","name":"TOPKEY - La pr\u00e9cision dans les moindres d\u00e9tails, gardienne de la vie et de la sant\u00e9","url":"https:\/\/topkeymedical.com\/","logo":{"@type":"ImageObject","inLanguage":"fr-FR","@id":"https:\/\/topkeymedical.com\/#\/schema\/logo\/image\/","url":"https:\/\/topkeymedical.com\/wp-content\/uploads\/2025\/05\/cropped-logo.jpg","contentUrl":"https:\/\/topkeymedical.com\/wp-content\/uploads\/2025\/05\/cropped-logo.jpg","width":512,"height":512,"caption":"TOPKEY\u2013 Precision in Every Detail, Guardian of Life and Health"},"image":{"@id":"https:\/\/topkeymedical.com\/#\/schema\/logo\/image\/"},"sameAs":["https:\/\/www.facebook.com\/profile.php?id=100088897294997","https:\/\/www.youtube.com\/@TopkeyMedical-Alice888","https:\/\/www.linkedin.com\/in\/alice-hu-bb66a01b3\/"]}]}},"_links":{"self":[{"href":"https:\/\/topkeymedical.com\/fr\/wp-json\/wp\/v2\/product\/1061","targetHints":{"allow":["GET"]}}],"collection":[{"href":"https:\/\/topkeymedical.com\/fr\/wp-json\/wp\/v2\/product"}],"about":[{"href":"https:\/\/topkeymedical.com\/fr\/wp-json\/wp\/v2\/types\/product"}],"version-history":[{"count":3,"href":"https:\/\/topkeymedical.com\/fr\/wp-json\/wp\/v2\/product\/1061\/revisions"}],"predecessor-version":[{"id":1544,"href":"https:\/\/topkeymedical.com\/fr\/wp-json\/wp\/v2\/product\/1061\/revisions\/1544"}],"wp:featuredmedia":[{"embeddable":true,"href":"https:\/\/topkeymedical.com\/fr\/wp-json\/wp\/v2\/media\/1062"}],"wp:attachment":[{"href":"https:\/\/topkeymedical.com\/fr\/wp-json\/wp\/v2\/media?parent=1061"}],"wp:term":[{"taxonomy":"product_brand","embeddable":true,"href":"https:\/\/topkeymedical.com\/fr\/wp-json\/wp\/v2\/product_brand?post=1061"},{"taxonomy":"product_cat","embeddable":true,"href":"https:\/\/topkeymedical.com\/fr\/wp-json\/wp\/v2\/product_cat?post=1061"},{"taxonomy":"product_tag","embeddable":true,"href":"https:\/\/topkeymedical.com\/fr\/wp-json\/wp\/v2\/product_tag?post=1061"}],"curies":[{"name":"wp","href":"https:\/\/api.w.org\/{rel}","templated":true}]}}