{"id":1068,"date":"2025-07-13T02:34:47","date_gmt":"2025-07-13T02:34:47","guid":{"rendered":"https:\/\/topkeymedical.com\/?post_type=product&#038;p=1068"},"modified":"2025-11-20T07:26:10","modified_gmt":"2025-11-20T07:26:10","slug":"aiguille-coaxiale-17g-18g","status":"publish","type":"product","link":"https:\/\/topkeymedical.com\/fr\/produit\/aiguille-coaxiale-17g-18g\/","title":{"rendered":"Aiguille coaxiale 17G, 18G"},"content":{"rendered":"<h2 data-start=\"1483\" data-end=\"1515\">Sp\u00e9cifications techniques<\/h2>\n<div class=\"_tableContainer_1rjym_1\">\n<div class=\"_tableWrapper_1rjym_13 group flex w-fit flex-col-reverse\" tabindex=\"-1\">\n<table class=\"w-fit min-w-(--thread-content-width)\" data-start=\"1517\" data-end=\"3758\">\n<thead data-start=\"1517\" data-end=\"1633\">\n<tr data-start=\"1517\" data-end=\"1633\">\n<th data-start=\"1517\" data-end=\"1549\" data-col-size=\"sm\">Param\u00e8tres<\/th>\n<th data-start=\"1549\" data-end=\"1633\" data-col-size=\"md\">Valeur \/ Description<\/th>\n<\/tr>\n<\/thead>\n<tbody data-start=\"1752\" data-end=\"3758\">\n<tr data-start=\"1752\" data-end=\"1869\">\n<td data-start=\"1752\" data-end=\"1785\" data-col-size=\"sm\"><strong data-start=\"1754\" data-end=\"1770\">Nom du produit<\/strong><\/td>\n<td data-start=\"1785\" data-end=\"1869\" data-col-size=\"md\">Aiguille coaxiale<\/td>\n<\/tr>\n<tr data-start=\"1870\" data-end=\"1987\">\n<td data-start=\"1870\" data-end=\"1903\" data-col-size=\"sm\"><strong data-start=\"1872\" data-end=\"1892\">Jauges disponibles<\/strong><\/td>\n<td data-start=\"1903\" data-end=\"1987\" data-col-size=\"md\">10G - 22G<\/td>\n<\/tr>\n<tr data-start=\"1988\" data-end=\"2105\">\n<td data-start=\"1988\" data-end=\"2021\" data-col-size=\"sm\"><strong data-start=\"1990\" data-end=\"2010\">UGS mises en \u00e9vidence<\/strong><\/td>\n<td data-start=\"2021\" data-end=\"2105\" data-col-size=\"md\">17G, 18G<\/td>\n<\/tr>\n<tr data-start=\"2106\" data-end=\"2223\">\n<td data-start=\"2106\" data-end=\"2139\" data-col-size=\"sm\"><strong data-start=\"2108\" data-end=\"2131\">Diam\u00e8tre ext\u00e9rieur (OD)<\/strong><\/td>\n<td data-start=\"2139\" data-end=\"2223\" data-col-size=\"md\">3,4 mm (10G) - 0,7 mm (22G)<\/td>\n<\/tr>\n<tr data-start=\"2224\" data-end=\"2341\">\n<td data-start=\"2224\" data-end=\"2257\" data-col-size=\"sm\"><strong data-start=\"2226\" data-end=\"2248\">Mat\u00e9riau - Canule<\/strong><\/td>\n<td data-start=\"2257\" data-end=\"2341\" data-col-size=\"md\">Acier inoxydable SUS304 de qualit\u00e9 m\u00e9dicale (conforme \u00e0 la norme ISO 9626)<\/td>\n<\/tr>\n<tr data-start=\"2342\" data-end=\"2459\">\n<td data-start=\"2342\" data-end=\"2375\" data-col-size=\"sm\"><strong data-start=\"2344\" data-end=\"2362\">Mat\u00e9riau - Moyeu<\/strong><\/td>\n<td data-start=\"2375\" data-end=\"2459\" data-col-size=\"md\">Polym\u00e8re de qualit\u00e9 m\u00e9dicale avec design ergonomique<\/td>\n<\/tr>\n<tr data-start=\"2460\" data-end=\"2577\">\n<td data-start=\"2460\" data-end=\"2493\" data-col-size=\"sm\"><strong data-start=\"2462\" data-end=\"2472\">Conception<\/strong><\/td>\n<td data-start=\"2493\" data-end=\"2577\" data-col-size=\"md\">Canule externe + stylet interne (structure coaxiale)<\/td>\n<\/tr>\n<tr data-start=\"2578\" data-end=\"2696\">\n<td data-start=\"2578\" data-end=\"2611\" data-col-size=\"sm\"><strong data-start=\"2580\" data-end=\"2597\">Biseau \/ Lame<\/strong><\/td>\n<td data-start=\"2611\" data-end=\"2696\" data-col-size=\"md\">Point\u00e9 avec pr\u00e9cision, ferme et tranchant, faible r\u00e9sistance \u00e0 l'insertion<\/td>\n<\/tr>\n<tr data-start=\"2697\" data-end=\"2814\">\n<td data-start=\"2697\" data-end=\"2730\" data-col-size=\"sm\"><strong data-start=\"2699\" data-end=\"2716\">Contr\u00f4le de la profondeur<\/strong><\/td>\n<td data-start=\"2730\" data-end=\"2814\" data-col-size=\"md\">Marques de contr\u00f4le grav\u00e9es au laser sur la surface de la canule<\/td>\n<\/tr>\n<tr data-start=\"2815\" data-end=\"2932\">\n<td data-start=\"2815\" data-end=\"2848\" data-col-size=\"sm\"><strong data-start=\"2817\" data-end=\"2842\">Conception de la queue - Canule<\/strong><\/td>\n<td data-start=\"2848\" data-end=\"2932\" data-col-size=\"md\">Finition \u00e9vas\u00e9e ou givr\u00e9e pour une meilleure prise en main<\/td>\n<\/tr>\n<tr data-start=\"2933\" data-end=\"3050\">\n<td data-start=\"2933\" data-end=\"2966\" data-col-size=\"sm\"><strong data-start=\"2935\" data-end=\"2959\">Conception de la queue - Stylet<\/strong><\/td>\n<td data-start=\"2966\" data-end=\"3050\" data-col-size=\"md\">Aplatis ou marqu\u00e9s pour orientation<\/td>\n<\/tr>\n<tr data-start=\"3051\" data-end=\"3168\">\n<td data-start=\"3051\" data-end=\"3084\" data-col-size=\"sm\"><strong data-start=\"3053\" data-end=\"3072\">Type de connexion<\/strong><\/td>\n<td data-start=\"3084\" data-end=\"3168\" data-col-size=\"md\">Compatible avec le syst\u00e8me Luer-lock<\/td>\n<\/tr>\n<tr data-start=\"3169\" data-end=\"3286\">\n<td data-start=\"3169\" data-end=\"3202\" data-col-size=\"sm\"><strong data-start=\"3171\" data-end=\"3195\">M\u00e9thode de st\u00e9rilisation<\/strong><\/td>\n<td data-start=\"3202\" data-end=\"3286\" data-col-size=\"md\">EO (oxyde d'\u00e9thyl\u00e8ne) st\u00e9rilis\u00e9<\/td>\n<\/tr>\n<tr data-start=\"3287\" data-end=\"3404\">\n<td data-start=\"3287\" data-end=\"3320\" data-col-size=\"sm\"><strong data-start=\"3289\" data-end=\"3302\">Emballage<\/strong><\/td>\n<td data-start=\"3320\" data-end=\"3404\" data-col-size=\"md\">Plaquettes st\u00e9riles individuelles ; 10-50 pi\u00e8ces par bo\u00eete<\/td>\n<\/tr>\n<tr data-start=\"3405\" data-end=\"3522\">\n<td data-start=\"3405\" data-end=\"3438\" data-col-size=\"sm\"><strong data-start=\"3407\" data-end=\"3421\">Usage unique<\/strong><\/td>\n<td data-start=\"3438\" data-end=\"3522\" data-col-size=\"md\">Oui<\/td>\n<\/tr>\n<tr data-start=\"3523\" data-end=\"3640\">\n<td data-start=\"3523\" data-end=\"3556\" data-col-size=\"sm\"><strong data-start=\"3525\" data-end=\"3542\">Certification<\/strong><\/td>\n<td data-start=\"3556\" data-end=\"3640\" data-col-size=\"md\">ISO 13485, marquage CE, enregistrement aupr\u00e8s de la FDA (selon la r\u00e9gion)<\/td>\n<\/tr>\n<tr data-start=\"3641\" data-end=\"3758\">\n<td data-start=\"3641\" data-end=\"3674\" data-col-size=\"sm\"><strong data-start=\"3643\" data-end=\"3657\">Dur\u00e9e de conservation<\/strong><\/td>\n<td data-start=\"3674\" data-end=\"3758\" data-col-size=\"md\">3-5 ans dans les conditions de stockage recommand\u00e9es<\/td>\n<\/tr>\n<\/tbody>\n<\/table>\n<\/div>\n<\/div>\n<hr data-start=\"3760\" data-end=\"3763\" \/>\n<p>Aiguille coaxiale : Acc\u00e8s de pr\u00e9cision en couches pour les interventions guid\u00e9es par l'image.<\/p>\n<h2>Aiguille coaxiale Objectif clinique<\/h2>\n<p>Con\u00e7u pour le d\u00e9ploiement s\u00e9quentiel d'instruments lors de biopsies et d'ablations complexes, notre syst\u00e8me coaxial \u00e9tablit une voie d'acc\u00e8s stable par laquelle plusieurs dispositifs (pistolets de biopsie, sondes RF, cryoapplicateurs) peuvent \u00eatre introduits avec une seule p\u00e9n\u00e9tration tissulaire. Il \u00e9limine les ponctions r\u00e9p\u00e9t\u00e9es afin de pr\u00e9server l'int\u00e9grit\u00e9 de l'\u00e9chantillon et de r\u00e9duire les complications.<\/p>\n<h2>Aiguille coaxiale Principaux avantages<\/h2>\n<p><strong>Pr\u00e9cision \u00e0 deux niveaux<\/strong><br \/>\nStylet interne \u00e0 pointe trocart : Le tranchant ultra-biseaut\u00e9 \u00e0 12\u00b0 (duret\u00e9 HRC 58\u00b12) assure une p\u00e9n\u00e9tration initiale nette.<br \/>\nCanule ext\u00e9rieure \u00e0 biseau adapt\u00e9 : L'int\u00e9rieur poli comme un miroir (Ra \u22640,1\u03bcm) avance en douceur sur le stylet avec une tra\u00een\u00e9e tissulaire nulle.<\/p>\n<p><strong>Contr\u00f4le de proc\u00e9dure<\/strong><br \/>\nLes marqueurs de profondeur grav\u00e9s au laser (graduations de 1 mm) permettent un placement pr\u00e9cis au millim\u00e8tre pr\u00e8s sous CT\/ultrason.<br \/>\nL'embase de la canule givr\u00e9e\/\u00e9vas\u00e9e permet une prise en main positive lors des \u00e9changes de dispositifs.<\/p>\n<p><strong>Tra\u00e7abilit\u00e9 et s\u00e9curit\u00e9<\/strong><br \/>\nBase du stylet \u00e0 marquage plat : L'orientation visuelle\/tactile confirme l'alignement de la rotation.<br \/>\nLa zone de transition conique emp\u00eache les fuites de fluide \u00e0 la jonction du moyeu.<\/p>\n<p><strong>Ing\u00e9nierie des mat\u00e9riaux avanc\u00e9s<\/strong><br \/>\nCanule : Acier inoxydable SUS 304 sans soudure (<a href=\"https:\/\/www.astm.org\/\" target=\"_blank\" rel=\"noopener\">ASTM<\/a> F899).<br \/>\nSurface : Ext\u00e9rieur \u00e9lectropassiv\u00e9, option de rev\u00eatement hydrophile.<br \/>\nHub : Polycarbonate r\u00e9sistant \u00e0 l'IRM avec Luer-Lock.<\/p>\n<div class=\"markdown-table-wrapper\">\n<h2>Applications critiques<\/h2>\n<p>Biopsies de tumeurs osseuses \u00e0 passages multiples.<br \/>\nMise en place d'une sonde d'ablation h\u00e9patique\/r\u00e9nale.<br \/>\nD\u00e9ploiement d'un marqueur fiduciaire de nodule pulmonaire.<br \/>\nEnsemencement des cath\u00e9ters de curieth\u00e9rapie.<\/p>\n<\/div>","protected":false},"excerpt":{"rendered":"<p>Aiguille coaxiale Introduction du produit :<br \/>\n1. La fabrication est soign\u00e9e. Lorsqu'elle p\u00e9n\u00e8tre la peau, la lame est ferme et tranchante.<br \/>\n2 . Marquage clair et profondeur de piq\u00fbre contr\u00f4lable.<br \/>\n3. La queue de la canule externe peut \u00eatre \u00e9vas\u00e9e et d\u00e9polie, et la queue du c\u0153ur de l'aiguille peut \u00eatre aplatie (marqu\u00e9e).<\/p>\n<p>Sp\u00e9cification du produit :<br \/>\nSp\u00e9cification : 10G-22G 0D:3,4mm-0,7mm<\/p>","protected":false},"featured_media":1069,"template":"","meta":{"_acf_changed":false,"site-sidebar-layout":"default","site-content-layout":"","ast-site-content-layout":"default","site-content-style":"default","site-sidebar-style":"default","ast-global-header-display":"","ast-banner-title-visibility":"","ast-main-header-display":"","ast-hfb-above-header-display":"","ast-hfb-below-header-display":"","ast-hfb-mobile-header-display":"","site-post-title":"","ast-breadcrumbs-content":"","ast-featured-img":"","footer-sml-layout":"","ast-disable-related-posts":"","theme-transparent-header-meta":"default","adv-header-id-meta":"","stick-header-meta":"","header-above-stick-meta":"","header-main-stick-meta":"","header-below-stick-meta":"","astra-migrate-meta-layouts":"set","ast-page-background-enabled":"default","ast-page-background-meta":{"desktop":{"background-color":"var(--ast-global-color-5)","background-image":"","background-repeat":"repeat","background-position":"center center","background-size":"auto","background-attachment":"scroll","background-type":"","background-media":"","overlay-type":"","overlay-color":"","overlay-opacity":"","overlay-gradient":""},"tablet":{"background-color":"","background-image":"","background-repeat":"repeat","background-position":"center center","background-size":"auto","background-attachment":"scroll","background-type":"","background-media":"","overlay-type":"","overlay-color":"","overlay-opacity":"","overlay-gradient":""},"mobile":{"background-color":"","background-image":"","background-repeat":"repeat","background-position":"center center","background-size":"auto","background-attachment":"scroll","background-type":"","background-media":"","overlay-type":"","overlay-color":"","overlay-opacity":"","overlay-gradient":""}},"ast-content-background-meta":{"desktop":{"background-color":"var(--ast-global-color-4)","background-image":"","background-repeat":"repeat","background-position":"center center","background-size":"auto","background-attachment":"scroll","background-type":"","background-media":"","overlay-type":"","overlay-color":"","overlay-opacity":"","overlay-gradient":""},"tablet":{"background-color":"var(--ast-global-color-4)","background-image":"","background-repeat":"repeat","background-position":"center center","background-size":"auto","background-attachment":"scroll","background-type":"","background-media":"","overlay-type":"","overlay-color":"","overlay-opacity":"","overlay-gradient":""},"mobile":{"background-color":"var(--ast-global-color-4)","background-image":"","background-repeat":"repeat","background-position":"center center","background-size":"auto","background-attachment":"scroll","background-type":"","background-media":"","overlay-type":"","overlay-color":"","overlay-opacity":"","overlay-gradient":""}}},"product_brand":[],"product_cat":[65],"product_tag":[],"class_list":{"0":"post-1068","1":"product","2":"type-product","3":"status-publish","4":"has-post-thumbnail","6":"product_cat-specialty-needles","7":"desktop-align-left","8":"tablet-align-left","9":"mobile-align-left","11":"first","12":"instock","13":"shipping-taxable","14":"product-type-simple"},"acf":[],"yoast_head":"<!-- This site is optimized with the Yoast SEO plugin v27.4 - https:\/\/yoast.com\/product\/yoast-seo-wordpress\/ -->\n<title>Coaxial Needle 10G-22G, 0D:3.4mm-0.7mm<\/title>\n<meta name=\"description\" content=\"Coaxial Needle Specification: Specification:10G-22G 0D:3.4mm-0.7mm. It has fine workmanship. When it penetrates the skin, the blade is firm and sharp.\" \/>\n<meta name=\"robots\" content=\"index, follow, max-snippet:-1, max-image-preview:large, max-video-preview:-1\" \/>\n<link rel=\"canonical\" href=\"https:\/\/topkeymedical.com\/fr\/produit\/aiguille-coaxiale-17g-18g\/\" \/>\n<meta property=\"og:locale\" content=\"fr_FR\" \/>\n<meta property=\"og:type\" content=\"article\" \/>\n<meta property=\"og:title\" content=\"Coaxial Needle 10G-22G, 0D:3.4mm-0.7mm\" \/>\n<meta property=\"og:description\" content=\"Coaxial Needle Specification: Specification:10G-22G 0D:3.4mm-0.7mm. It has fine workmanship. When it penetrates the skin, the blade is firm and sharp.\" \/>\n<meta property=\"og:url\" content=\"https:\/\/topkeymedical.com\/fr\/produit\/aiguille-coaxiale-17g-18g\/\" \/>\n<meta property=\"og:site_name\" content=\"TOPKEY\u2013 Precision in Every Detail, Guardian of Life and Health\" \/>\n<meta property=\"article:publisher\" content=\"https:\/\/www.facebook.com\/profile.php?id=100088897294997\" \/>\n<meta property=\"article:modified_time\" content=\"2025-11-20T07:26:10+00:00\" \/>\n<meta property=\"og:image\" content=\"https:\/\/topkeymedical.com\/wp-content\/uploads\/2025\/07\/Coaxial-Needle-10G-22G.webp\" \/>\n\t<meta property=\"og:image:width\" content=\"1000\" \/>\n\t<meta property=\"og:image:height\" content=\"1000\" \/>\n\t<meta property=\"og:image:type\" content=\"image\/webp\" \/>\n<meta name=\"twitter:card\" content=\"summary_large_image\" \/>\n<meta name=\"twitter:label1\" content=\"Dur\u00e9e de lecture estim\u00e9e\" \/>\n\t<meta name=\"twitter:data1\" content=\"2 minutes\" \/>\n<script type=\"application\/ld+json\" class=\"yoast-schema-graph\">{\"@context\":\"https:\\\/\\\/schema.org\",\"@graph\":[{\"@type\":\"WebPage\",\"@id\":\"https:\\\/\\\/topkeymedical.com\\\/product\\\/coaxial-needle-17g-18g\\\/\",\"url\":\"https:\\\/\\\/topkeymedical.com\\\/product\\\/coaxial-needle-17g-18g\\\/\",\"name\":\"Coaxial Needle 10G-22G, 0D:3.4mm-0.7mm\",\"isPartOf\":{\"@id\":\"https:\\\/\\\/topkeymedical.com\\\/#website\"},\"primaryImageOfPage\":{\"@id\":\"https:\\\/\\\/topkeymedical.com\\\/product\\\/coaxial-needle-17g-18g\\\/#primaryimage\"},\"image\":{\"@id\":\"https:\\\/\\\/topkeymedical.com\\\/product\\\/coaxial-needle-17g-18g\\\/#primaryimage\"},\"thumbnailUrl\":\"https:\\\/\\\/topkeymedical.com\\\/wp-content\\\/uploads\\\/2025\\\/07\\\/Coaxial-Needle-10G-22G.webp\",\"datePublished\":\"2025-07-13T02:34:47+00:00\",\"dateModified\":\"2025-11-20T07:26:10+00:00\",\"description\":\"Coaxial Needle Specification: Specification:10G-22G 0D:3.4mm-0.7mm. It has fine workmanship. When it penetrates the skin, the blade is firm and sharp.\",\"breadcrumb\":{\"@id\":\"https:\\\/\\\/topkeymedical.com\\\/product\\\/coaxial-needle-17g-18g\\\/#breadcrumb\"},\"inLanguage\":\"fr-FR\",\"potentialAction\":[{\"@type\":\"ReadAction\",\"target\":[\"https:\\\/\\\/topkeymedical.com\\\/product\\\/coaxial-needle-17g-18g\\\/\"]}]},{\"@type\":\"ImageObject\",\"inLanguage\":\"fr-FR\",\"@id\":\"https:\\\/\\\/topkeymedical.com\\\/product\\\/coaxial-needle-17g-18g\\\/#primaryimage\",\"url\":\"https:\\\/\\\/topkeymedical.com\\\/wp-content\\\/uploads\\\/2025\\\/07\\\/Coaxial-Needle-10G-22G.webp\",\"contentUrl\":\"https:\\\/\\\/topkeymedical.com\\\/wp-content\\\/uploads\\\/2025\\\/07\\\/Coaxial-Needle-10G-22G.webp\",\"width\":1000,\"height\":1000,\"caption\":\"Coaxial Needle 10G-22G, 0D:3.4mm-0.7mm\"},{\"@type\":\"BreadcrumbList\",\"@id\":\"https:\\\/\\\/topkeymedical.com\\\/product\\\/coaxial-needle-17g-18g\\\/#breadcrumb\",\"itemListElement\":[{\"@type\":\"ListItem\",\"position\":1,\"name\":\"Home\",\"item\":\"https:\\\/\\\/topkeymedical.com\\\/\"},{\"@type\":\"ListItem\",\"position\":2,\"name\":\"Products\",\"item\":\"https:\\\/\\\/topkeymedical.com\\\/shop\\\/\"},{\"@type\":\"ListItem\",\"position\":3,\"name\":\"Coaxial Needle 17G, 18G\"}]},{\"@type\":\"WebSite\",\"@id\":\"https:\\\/\\\/topkeymedical.com\\\/#website\",\"url\":\"https:\\\/\\\/topkeymedical.com\\\/\",\"name\":\"TOPKEY\u2013 Precision in Every Detail, Guardian of Life and Health\",\"description\":\"\",\"publisher\":{\"@id\":\"https:\\\/\\\/topkeymedical.com\\\/#organization\"},\"potentialAction\":[{\"@type\":\"SearchAction\",\"target\":{\"@type\":\"EntryPoint\",\"urlTemplate\":\"https:\\\/\\\/topkeymedical.com\\\/?s={search_term_string}\"},\"query-input\":{\"@type\":\"PropertyValueSpecification\",\"valueRequired\":true,\"valueName\":\"search_term_string\"}}],\"inLanguage\":\"fr-FR\"},{\"@type\":\"Organization\",\"@id\":\"https:\\\/\\\/topkeymedical.com\\\/#organization\",\"name\":\"TOPKEY\u2013 Precision in Every Detail, Guardian of Life and Health\",\"url\":\"https:\\\/\\\/topkeymedical.com\\\/\",\"logo\":{\"@type\":\"ImageObject\",\"inLanguage\":\"fr-FR\",\"@id\":\"https:\\\/\\\/topkeymedical.com\\\/#\\\/schema\\\/logo\\\/image\\\/\",\"url\":\"https:\\\/\\\/topkeymedical.com\\\/wp-content\\\/uploads\\\/2025\\\/05\\\/cropped-logo.jpg\",\"contentUrl\":\"https:\\\/\\\/topkeymedical.com\\\/wp-content\\\/uploads\\\/2025\\\/05\\\/cropped-logo.jpg\",\"width\":512,\"height\":512,\"caption\":\"TOPKEY\u2013 Precision in Every Detail, Guardian of Life and Health\"},\"image\":{\"@id\":\"https:\\\/\\\/topkeymedical.com\\\/#\\\/schema\\\/logo\\\/image\\\/\"},\"sameAs\":[\"https:\\\/\\\/www.facebook.com\\\/profile.php?id=100088897294997\",\"https:\\\/\\\/www.youtube.com\\\/@TopkeyMedical-Alice888\",\"https:\\\/\\\/www.linkedin.com\\\/in\\\/alice-hu-bb66a01b3\\\/\"]}]}<\/script>\n<!-- \/ Yoast SEO plugin. -->","yoast_head_json":{"title":"Aiguille coaxiale 10G-22G, 0D:3.4mm-0.7mm","description":"Sp\u00e9cification de l'aiguille coaxiale : Specification:10G-22G 0D:3.4mm-0.7mm. L'aiguille est tr\u00e8s bien fabriqu\u00e9e. Lorsqu'elle p\u00e9n\u00e8tre la peau, la lame est ferme et tranchante.","robots":{"index":"index","follow":"follow","max-snippet":"max-snippet:-1","max-image-preview":"max-image-preview:large","max-video-preview":"max-video-preview:-1"},"canonical":"https:\/\/topkeymedical.com\/fr\/produit\/aiguille-coaxiale-17g-18g\/","og_locale":"fr_FR","og_type":"article","og_title":"Coaxial Needle 10G-22G, 0D:3.4mm-0.7mm","og_description":"Coaxial Needle Specification: Specification:10G-22G 0D:3.4mm-0.7mm. It has fine workmanship. When it penetrates the skin, the blade is firm and sharp.","og_url":"https:\/\/topkeymedical.com\/fr\/produit\/aiguille-coaxiale-17g-18g\/","og_site_name":"TOPKEY\u2013 Precision in Every Detail, Guardian of Life and Health","article_publisher":"https:\/\/www.facebook.com\/profile.php?id=100088897294997","article_modified_time":"2025-11-20T07:26:10+00:00","og_image":[{"width":1000,"height":1000,"url":"https:\/\/topkeymedical.com\/wp-content\/uploads\/2025\/07\/Coaxial-Needle-10G-22G.webp","type":"image\/webp"}],"twitter_card":"summary_large_image","twitter_misc":{"Dur\u00e9e de lecture estim\u00e9e":"2 minutes"},"schema":{"@context":"https:\/\/schema.org","@graph":[{"@type":"WebPage","@id":"https:\/\/topkeymedical.com\/product\/coaxial-needle-17g-18g\/","url":"https:\/\/topkeymedical.com\/product\/coaxial-needle-17g-18g\/","name":"Aiguille coaxiale 10G-22G, 0D:3.4mm-0.7mm","isPartOf":{"@id":"https:\/\/topkeymedical.com\/#website"},"primaryImageOfPage":{"@id":"https:\/\/topkeymedical.com\/product\/coaxial-needle-17g-18g\/#primaryimage"},"image":{"@id":"https:\/\/topkeymedical.com\/product\/coaxial-needle-17g-18g\/#primaryimage"},"thumbnailUrl":"https:\/\/topkeymedical.com\/wp-content\/uploads\/2025\/07\/Coaxial-Needle-10G-22G.webp","datePublished":"2025-07-13T02:34:47+00:00","dateModified":"2025-11-20T07:26:10+00:00","description":"Sp\u00e9cification de l'aiguille coaxiale : Specification:10G-22G 0D:3.4mm-0.7mm. L'aiguille est tr\u00e8s bien fabriqu\u00e9e. Lorsqu'elle p\u00e9n\u00e8tre la peau, la lame est ferme et tranchante.","breadcrumb":{"@id":"https:\/\/topkeymedical.com\/product\/coaxial-needle-17g-18g\/#breadcrumb"},"inLanguage":"fr-FR","potentialAction":[{"@type":"ReadAction","target":["https:\/\/topkeymedical.com\/product\/coaxial-needle-17g-18g\/"]}]},{"@type":"ImageObject","inLanguage":"fr-FR","@id":"https:\/\/topkeymedical.com\/product\/coaxial-needle-17g-18g\/#primaryimage","url":"https:\/\/topkeymedical.com\/wp-content\/uploads\/2025\/07\/Coaxial-Needle-10G-22G.webp","contentUrl":"https:\/\/topkeymedical.com\/wp-content\/uploads\/2025\/07\/Coaxial-Needle-10G-22G.webp","width":1000,"height":1000,"caption":"Coaxial Needle 10G-22G, 0D:3.4mm-0.7mm"},{"@type":"BreadcrumbList","@id":"https:\/\/topkeymedical.com\/product\/coaxial-needle-17g-18g\/#breadcrumb","itemListElement":[{"@type":"ListItem","position":1,"name":"Home","item":"https:\/\/topkeymedical.com\/"},{"@type":"ListItem","position":2,"name":"Products","item":"https:\/\/topkeymedical.com\/shop\/"},{"@type":"ListItem","position":3,"name":"Coaxial Needle 17G, 18G"}]},{"@type":"WebSite","@id":"https:\/\/topkeymedical.com\/#website","url":"https:\/\/topkeymedical.com\/","name":"TOPKEY - La pr\u00e9cision dans les moindres d\u00e9tails, gardienne de la vie et de la sant\u00e9","description":"","publisher":{"@id":"https:\/\/topkeymedical.com\/#organization"},"potentialAction":[{"@type":"SearchAction","target":{"@type":"EntryPoint","urlTemplate":"https:\/\/topkeymedical.com\/?s={search_term_string}"},"query-input":{"@type":"PropertyValueSpecification","valueRequired":true,"valueName":"search_term_string"}}],"inLanguage":"fr-FR"},{"@type":"Organization","@id":"https:\/\/topkeymedical.com\/#organization","name":"TOPKEY - La pr\u00e9cision dans les moindres d\u00e9tails, gardienne de la vie et de la sant\u00e9","url":"https:\/\/topkeymedical.com\/","logo":{"@type":"ImageObject","inLanguage":"fr-FR","@id":"https:\/\/topkeymedical.com\/#\/schema\/logo\/image\/","url":"https:\/\/topkeymedical.com\/wp-content\/uploads\/2025\/05\/cropped-logo.jpg","contentUrl":"https:\/\/topkeymedical.com\/wp-content\/uploads\/2025\/05\/cropped-logo.jpg","width":512,"height":512,"caption":"TOPKEY\u2013 Precision in Every Detail, Guardian of Life and Health"},"image":{"@id":"https:\/\/topkeymedical.com\/#\/schema\/logo\/image\/"},"sameAs":["https:\/\/www.facebook.com\/profile.php?id=100088897294997","https:\/\/www.youtube.com\/@TopkeyMedical-Alice888","https:\/\/www.linkedin.com\/in\/alice-hu-bb66a01b3\/"]}]}},"_links":{"self":[{"href":"https:\/\/topkeymedical.com\/fr\/wp-json\/wp\/v2\/product\/1068","targetHints":{"allow":["GET"]}}],"collection":[{"href":"https:\/\/topkeymedical.com\/fr\/wp-json\/wp\/v2\/product"}],"about":[{"href":"https:\/\/topkeymedical.com\/fr\/wp-json\/wp\/v2\/types\/product"}],"version-history":[{"count":4,"href":"https:\/\/topkeymedical.com\/fr\/wp-json\/wp\/v2\/product\/1068\/revisions"}],"predecessor-version":[{"id":1543,"href":"https:\/\/topkeymedical.com\/fr\/wp-json\/wp\/v2\/product\/1068\/revisions\/1543"}],"wp:featuredmedia":[{"embeddable":true,"href":"https:\/\/topkeymedical.com\/fr\/wp-json\/wp\/v2\/media\/1069"}],"wp:attachment":[{"href":"https:\/\/topkeymedical.com\/fr\/wp-json\/wp\/v2\/media?parent=1068"}],"wp:term":[{"taxonomy":"product_brand","embeddable":true,"href":"https:\/\/topkeymedical.com\/fr\/wp-json\/wp\/v2\/product_brand?post=1068"},{"taxonomy":"product_cat","embeddable":true,"href":"https:\/\/topkeymedical.com\/fr\/wp-json\/wp\/v2\/product_cat?post=1068"},{"taxonomy":"product_tag","embeddable":true,"href":"https:\/\/topkeymedical.com\/fr\/wp-json\/wp\/v2\/product_tag?post=1068"}],"curies":[{"name":"wp","href":"https:\/\/api.w.org\/{rel}","templated":true}]}}