{"id":1077,"date":"2025-07-13T03:48:53","date_gmt":"2025-07-13T03:48:53","guid":{"rendered":"https:\/\/topkeymedical.com\/?post_type=product&#038;p=1077"},"modified":"2025-11-20T07:47:38","modified_gmt":"2025-11-20T07:47:38","slug":"couteau-a-aiguille-irregulier-couteau-a-aiguille-faconne","status":"publish","type":"product","link":"https:\/\/topkeymedical.com\/fr\/produit\/couteau-a-aiguille-irregulier-couteau-a-aiguille-faconne\/","title":{"rendered":"Couteau \u00e0 aiguille irr\u00e9gulier, couteau \u00e0 aiguille fa\u00e7onn\u00e9"},"content":{"rendered":"<h2 data-start=\"1621\" data-end=\"1653\">Sp\u00e9cifications techniques<\/h2>\n<div class=\"_tableContainer_1rjym_1\">\n<div class=\"_tableWrapper_1rjym_13 group flex w-fit flex-col-reverse\" tabindex=\"-1\">\n<table class=\"w-fit min-w-(--thread-content-width)\" data-start=\"1655\" data-end=\"3276\">\n<thead data-start=\"1655\" data-end=\"1769\">\n<tr data-start=\"1655\" data-end=\"1769\">\n<th data-start=\"1655\" data-end=\"1687\" data-col-size=\"sm\">Param\u00e8tres<\/th>\n<th data-start=\"1687\" data-end=\"1769\" data-col-size=\"md\">Valeur \/ Description<\/th>\n<\/tr>\n<\/thead>\n<tbody data-start=\"1886\" data-end=\"3276\">\n<tr data-start=\"1886\" data-end=\"2001\">\n<td data-start=\"1886\" data-end=\"1919\" data-col-size=\"sm\"><strong data-start=\"1888\" data-end=\"1904\">Nom du produit<\/strong><\/td>\n<td data-start=\"1919\" data-end=\"2001\" data-col-size=\"md\">Couteau \u00e0 aiguilles irr\u00e9guli\u00e8res \/ Couteau \u00e0 aiguilles fa\u00e7onn\u00e9es<\/td>\n<\/tr>\n<tr data-start=\"2002\" data-end=\"2117\">\n<td data-start=\"2002\" data-end=\"2035\" data-col-size=\"sm\"><strong data-start=\"2004\" data-end=\"2024\">Mat\u00e9riau - Lame<\/strong><\/td>\n<td data-start=\"2035\" data-end=\"2117\" data-col-size=\"md\">Acier inoxydable de qualit\u00e9 m\u00e9dicale SUS304 (conforme \u00e0 la norme ISO 9626)<\/td>\n<\/tr>\n<tr data-start=\"2118\" data-end=\"2233\">\n<td data-start=\"2118\" data-end=\"2151\" data-col-size=\"sm\"><strong data-start=\"2120\" data-end=\"2141\">Mat\u00e9riau - Poign\u00e9e<\/strong><\/td>\n<td data-start=\"2151\" data-end=\"2233\" data-col-size=\"md\">Acier inoxydable \/ polypropyl\u00e8ne avec texture antid\u00e9rapante (pagode, moletage, etc.)<\/td>\n<\/tr>\n<tr data-start=\"2234\" data-end=\"2349\">\n<td data-start=\"2234\" data-end=\"2267\" data-col-size=\"sm\"><strong data-start=\"2236\" data-end=\"2250\">Type de lame<\/strong><\/td>\n<td data-start=\"2267\" data-end=\"2349\" data-col-size=\"md\">Lame de forme irr\u00e9guli\u00e8re, aff\u00fbt\u00e9e avec pr\u00e9cision et angle de coupe optimis\u00e9<\/td>\n<\/tr>\n<tr data-start=\"2350\" data-end=\"2465\">\n<td data-start=\"2350\" data-end=\"2383\" data-col-size=\"sm\"><strong data-start=\"2352\" data-end=\"2370\">Caract\u00e9ristiques de la lame<\/strong><\/td>\n<td data-start=\"2383\" data-end=\"2465\" data-col-size=\"md\">Bord ultra tranchant, faible r\u00e9sistance, r\u00e9duction de la douleur, partie centrale pliable<\/td>\n<\/tr>\n<tr data-start=\"2466\" data-end=\"2580\">\n<td data-start=\"2466\" data-end=\"2499\" data-col-size=\"sm\"><strong data-start=\"2468\" data-end=\"2482\">Gamme de tailles<\/strong><\/td>\n<td data-start=\"2499\" data-end=\"2580\" data-col-size=\"md\">10Fr - 25Fr (1 Fr = 0,33 mm de diam\u00e8tre ; taille \u2248 3,3 mm - 8,3 mm)<\/td>\n<\/tr>\n<tr data-start=\"2581\" data-end=\"2696\">\n<td data-start=\"2581\" data-end=\"2614\" data-col-size=\"sm\"><strong data-start=\"2583\" data-end=\"2604\">Connexion \/ Poign\u00e9e<\/strong><\/td>\n<td data-start=\"2614\" data-end=\"2696\" data-col-size=\"md\">Mod\u00e8les antid\u00e9rapants disponibles (style pagode, molet\u00e9 ou personnalis\u00e9)<\/td>\n<\/tr>\n<tr data-start=\"2697\" data-end=\"2812\">\n<td data-start=\"2697\" data-end=\"2730\" data-col-size=\"sm\"><strong data-start=\"2699\" data-end=\"2723\">M\u00e9thode de st\u00e9rilisation<\/strong><\/td>\n<td data-start=\"2730\" data-end=\"2812\" data-col-size=\"md\">St\u00e9rilisation \u00e0 l'oxyde d'\u00e9thyl\u00e8ne (EO) ou st\u00e9rilisation aux rayons gamma<\/td>\n<\/tr>\n<tr data-start=\"2813\" data-end=\"2928\">\n<td data-start=\"2813\" data-end=\"2846\" data-col-size=\"sm\"><strong data-start=\"2815\" data-end=\"2828\">Emballage<\/strong><\/td>\n<td data-start=\"2846\" data-end=\"2928\" data-col-size=\"md\">Plaquettes st\u00e9riles individuelles, 10-50 pi\u00e8ces par bo\u00eete<\/td>\n<\/tr>\n<tr data-start=\"2929\" data-end=\"3044\">\n<td data-start=\"2929\" data-end=\"2962\" data-col-size=\"sm\"><strong data-start=\"2931\" data-end=\"2945\">Usage unique<\/strong><\/td>\n<td data-start=\"2962\" data-end=\"3044\" data-col-size=\"md\">Oui<\/td>\n<\/tr>\n<tr data-start=\"3045\" data-end=\"3160\">\n<td data-start=\"3045\" data-end=\"3078\" data-col-size=\"sm\"><strong data-start=\"3047\" data-end=\"3064\">Certification<\/strong><\/td>\n<td data-start=\"3078\" data-end=\"3160\" data-col-size=\"md\">ISO 13485, marquage CE, conformit\u00e9 FDA (r\u00e9gional)<\/td>\n<\/tr>\n<tr data-start=\"3161\" data-end=\"3276\">\n<td data-start=\"3161\" data-end=\"3194\" data-col-size=\"sm\"><strong data-start=\"3163\" data-end=\"3177\">Dur\u00e9e de conservation<\/strong><\/td>\n<td data-start=\"3194\" data-end=\"3276\" data-col-size=\"md\">3-5 ans dans les conditions de stockage recommand\u00e9es<\/td>\n<\/tr>\n<\/tbody>\n<\/table>\n<\/div>\n<\/div>\n<hr data-start=\"3278\" data-end=\"3281\" \/>\n<p>Couteau \u00e0 aiguille irr\u00e9guli\u00e8re (couteau \u00e0 aiguille en forme) : Optimisation biom\u00e9canique pour une lib\u00e9ration microchirurgicale avanc\u00e9e<\/p>\n<h2>Couteau \u00e0 aiguille profil\u00e9e Objectif clinique<\/h2>\n<p>Notre couteau \u00e0 aiguille g\u00e9om\u00e9triquement con\u00e7u permet une pr\u00e9cision in\u00e9gal\u00e9e dans les proc\u00e9dures chirurgicales en espace restreint. Con\u00e7ue pour la lib\u00e9ration s\u00e9lective des tissus lors d'interventions endoscopiques, orthop\u00e9diques et neurochirurgicales, sa lame \u00e0 profil variable permet une dissection contr\u00f4l\u00e9e tout en pr\u00e9servant les structures critiques.<\/p>\n<h2>Principaux avantages du couteau \u00e0 aiguilles irr\u00e9guli\u00e8res<\/h2>\n<p><strong>Biom\u00e9canique de coupe ultra-pr\u00e9cise<\/strong><br \/>\nLes angles de lame optimis\u00e9s par calcul (brevet en instance) r\u00e9duisent la r\u00e9sistance des tissus de 60% par rapport aux couteaux standard.<br \/>\nLes bords des miroirs \u00e0 l'\u00e9chelle nanom\u00e9trique (Ra \u22640,05\u03bcm) conservent leur nettet\u00e9 \u00e0 travers plus de 50 proc\u00e9dures.<\/p>\n<p><strong>Capacit\u00e9 de modelage dynamique<\/strong><br \/>\nLa zone de r\u00e9duction au milieu de la lame permet une flexion en cours de proc\u00e9dure (0\u00b0-90\u00b0) sans risque de fracture.<br \/>\nL'am\u00e9lioration de la r\u00e9troaction tactile d\u00e9tecte les transitions de densit\u00e9 tissulaire.<\/p>\n<p><strong>S\u00e9curit\u00e9 des proc\u00e9dures<\/strong><br \/>\nLes queues en forme de pagode ou de cannelure assurent une bonne adh\u00e9rence dans les champs sanglants et fluides.<br \/>\nLa transition conique progressive minimise les dommages collat\u00e9raux (zone de n\u00e9crose valid\u00e9e &lt;200\u03bcm).<\/p>\n<p class=\"ds-markdown-paragraph\"><strong>Science des mat\u00e9riaux avanc\u00e9s<\/strong><\/p>\n<div class=\"markdown-table-wrapper\">\n<table>\n<thead>\n<tr>\n<th>Composant<\/th>\n<th>Sp\u00e9cifications<\/th>\n<\/tr>\n<\/thead>\n<tbody>\n<tr>\n<td><strong>Noyau de la lame<\/strong><\/td>\n<td>M\u00e9dical SUS304 (HRC 58\u00b11, ASTM F899)<\/td>\n<\/tr>\n<tr>\n<td><strong>Traitement des bords<\/strong><\/td>\n<td>Trempe cryog\u00e9nique + rev\u00eatement en carbone diamant\u00e9<\/td>\n<\/tr>\n<tr>\n<td><strong>Poign\u00e9e<\/strong><\/td>\n<td>Aluminium d'aviation ERGAL\u2122 avec poign\u00e9e textur\u00e9e<\/td>\n<\/tr>\n<\/tbody>\n<\/table>\n<\/div>\n<p class=\"ds-markdown-paragraph\"><strong>Sp\u00e9cifications techniques<\/strong><\/p>\n<div class=\"markdown-table-wrapper\">\n<table>\n<thead>\n<tr>\n<th>Param\u00e8tres<\/th>\n<th>Sp\u00e9cifications<\/th>\n<\/tr>\n<\/thead>\n<tbody>\n<tr>\n<td>Tailles<\/td>\n<td><strong>10Fr (3.3mm) - 25Fr (8.3mm)<\/strong><\/td>\n<\/tr>\n<tr>\n<td>Longueur de la lame<\/td>\n<td>3mm \/ 5mm \/ 10mm (\u00b10,05mm)<\/td>\n<\/tr>\n<tr>\n<td>Rayon de courbure<\/td>\n<td>\u22651,5mm (30+ cycles)<\/td>\n<\/tr>\n<tr>\n<td>Force de coupe<\/td>\n<td>0,15-0,8N (en fonction des tissus)<\/td>\n<\/tr>\n<\/tbody>\n<\/table>\n<p class=\"ds-markdown-paragraph\"><strong>Applications critiques<\/strong><\/p>\n<ul>\n<li>\n<p class=\"ds-markdown-paragraph\">Dissection sous-muqueuse endoscopique (<a href=\"https:\/\/gleneagles.hk\/medical-treatments\/endoscopic-submucosal-dissection-esd\" target=\"_blank\" rel=\"noopener\">ESD<\/a>)<\/p>\n<\/li>\n<li>\n<p class=\"ds-markdown-paragraph\">Lib\u00e9ration du ligamentum flavum de la colonne vert\u00e9brale<\/p>\n<\/li>\n<li>\n<p class=\"ds-markdown-paragraph\">D\u00e9compression des nerfs p\u00e9riph\u00e9riques<\/p>\n<\/li>\n<li>\n<p class=\"ds-markdown-paragraph\">Lyse des adh\u00e9rences sous arthroscopie<\/p>\n<\/li>\n<\/ul>\n<\/div>","protected":false},"excerpt":{"rendered":"<p>Couteau \u00e0 aiguille irr\u00e9guli\u00e8re Introduction du produit :<br \/>\nL'angle de la lame est calcul\u00e9 de mani\u00e8re professionnelle et la lame a \u00e9t\u00e9 rectifi\u00e9e avec pr\u00e9cision un nombre incalculable de fois, ce qui la rend extr\u00eamement tranchante, avec une faible r\u00e9sistance \u00e0 la coupure et une r\u00e9duction de la douleur. La partie centrale de la lame peut \u00eatre r\u00e9duite, ce qui permet aux m\u00e9decins de la plier, ce qui est plus pratique. La queue peut \u00eatre faite de pagodes, de moletages et d'autres proc\u00e9d\u00e9s antid\u00e9rapants.<\/p>\n<p>Sp\u00e9cification du produit :<br \/>\nTaille : 10Fr-25Fr<\/p>","protected":false},"featured_media":1078,"template":"","meta":{"_acf_changed":false,"site-sidebar-layout":"default","site-content-layout":"","ast-site-content-layout":"default","site-content-style":"default","site-sidebar-style":"default","ast-global-header-display":"","ast-banner-title-visibility":"","ast-main-header-display":"","ast-hfb-above-header-display":"","ast-hfb-below-header-display":"","ast-hfb-mobile-header-display":"","site-post-title":"","ast-breadcrumbs-content":"","ast-featured-img":"","footer-sml-layout":"","ast-disable-related-posts":"","theme-transparent-header-meta":"default","adv-header-id-meta":"","stick-header-meta":"","header-above-stick-meta":"","header-main-stick-meta":"","header-below-stick-meta":"","astra-migrate-meta-layouts":"set","ast-page-background-enabled":"default","ast-page-background-meta":{"desktop":{"background-color":"var(--ast-global-color-5)","background-image":"","background-repeat":"repeat","background-position":"center center","background-size":"auto","background-attachment":"scroll","background-type":"","background-media":"","overlay-type":"","overlay-color":"","overlay-opacity":"","overlay-gradient":""},"tablet":{"background-color":"","background-image":"","background-repeat":"repeat","background-position":"center center","background-size":"auto","background-attachment":"scroll","background-type":"","background-media":"","overlay-type":"","overlay-color":"","overlay-opacity":"","overlay-gradient":""},"mobile":{"background-color":"","background-image":"","background-repeat":"repeat","background-position":"center center","background-size":"auto","background-attachment":"scroll","background-type":"","background-media":"","overlay-type":"","overlay-color":"","overlay-opacity":"","overlay-gradient":""}},"ast-content-background-meta":{"desktop":{"background-color":"var(--ast-global-color-4)","background-image":"","background-repeat":"repeat","background-position":"center center","background-size":"auto","background-attachment":"scroll","background-type":"","background-media":"","overlay-type":"","overlay-color":"","overlay-opacity":"","overlay-gradient":""},"tablet":{"background-color":"var(--ast-global-color-4)","background-image":"","background-repeat":"repeat","background-position":"center center","background-size":"auto","background-attachment":"scroll","background-type":"","background-media":"","overlay-type":"","overlay-color":"","overlay-opacity":"","overlay-gradient":""},"mobile":{"background-color":"var(--ast-global-color-4)","background-image":"","background-repeat":"repeat","background-position":"center center","background-size":"auto","background-attachment":"scroll","background-type":"","background-media":"","overlay-type":"","overlay-color":"","overlay-opacity":"","overlay-gradient":""}}},"product_brand":[],"product_cat":[65],"product_tag":[],"class_list":{"0":"post-1077","1":"product","2":"type-product","3":"status-publish","4":"has-post-thumbnail","6":"product_cat-specialty-needles","7":"desktop-align-left","8":"tablet-align-left","9":"mobile-align-left","11":"first","12":"instock","13":"shipping-taxable","14":"product-type-simple"},"acf":[],"yoast_head":"<!-- This site is optimized with the Yoast SEO plugin v27.4 - https:\/\/yoast.com\/product\/yoast-seo-wordpress\/ -->\n<title>Irregular Needle Knife, Shaped Needle Knife 10Fr-25Fr<\/title>\n<meta name=\"description\" content=\"Irregular Needle Knife: High-quality Medical SuS304, the angle of the blade is professionally calculated, and the blade has been precision ground\" \/>\n<meta name=\"robots\" content=\"index, follow, max-snippet:-1, max-image-preview:large, max-video-preview:-1\" \/>\n<link rel=\"canonical\" href=\"https:\/\/topkeymedical.com\/fr\/produit\/couteau-a-aiguille-irregulier-couteau-a-aiguille-faconne\/\" \/>\n<meta property=\"og:locale\" content=\"fr_FR\" \/>\n<meta property=\"og:type\" content=\"article\" \/>\n<meta property=\"og:title\" content=\"Irregular Needle Knife, Shaped Needle Knife 10Fr-25Fr\" \/>\n<meta property=\"og:description\" content=\"Irregular Needle Knife: High-quality Medical SuS304, the angle of the blade is professionally calculated, and the blade has been precision ground\" \/>\n<meta property=\"og:url\" content=\"https:\/\/topkeymedical.com\/fr\/produit\/couteau-a-aiguille-irregulier-couteau-a-aiguille-faconne\/\" \/>\n<meta property=\"og:site_name\" content=\"TOPKEY\u2013 Precision in Every Detail, Guardian of Life and Health\" \/>\n<meta property=\"article:publisher\" content=\"https:\/\/www.facebook.com\/profile.php?id=100088897294997\" \/>\n<meta property=\"article:modified_time\" content=\"2025-11-20T07:47:38+00:00\" \/>\n<meta property=\"og:image\" content=\"https:\/\/topkeymedical.com\/wp-content\/uploads\/2025\/07\/Irregular-Needle-Knife.webp\" \/>\n\t<meta property=\"og:image:width\" content=\"1000\" \/>\n\t<meta property=\"og:image:height\" content=\"1000\" \/>\n\t<meta property=\"og:image:type\" content=\"image\/webp\" \/>\n<meta name=\"twitter:card\" content=\"summary_large_image\" \/>\n<meta name=\"twitter:label1\" content=\"Dur\u00e9e de lecture estim\u00e9e\" \/>\n\t<meta name=\"twitter:data1\" content=\"2 minutes\" \/>\n<script type=\"application\/ld+json\" class=\"yoast-schema-graph\">{\"@context\":\"https:\\\/\\\/schema.org\",\"@graph\":[{\"@type\":\"WebPage\",\"@id\":\"https:\\\/\\\/topkeymedical.com\\\/product\\\/irregular-needle-knife-shaped-needle-knife\\\/\",\"url\":\"https:\\\/\\\/topkeymedical.com\\\/product\\\/irregular-needle-knife-shaped-needle-knife\\\/\",\"name\":\"Irregular Needle Knife, Shaped Needle Knife 10Fr-25Fr\",\"isPartOf\":{\"@id\":\"https:\\\/\\\/topkeymedical.com\\\/#website\"},\"primaryImageOfPage\":{\"@id\":\"https:\\\/\\\/topkeymedical.com\\\/product\\\/irregular-needle-knife-shaped-needle-knife\\\/#primaryimage\"},\"image\":{\"@id\":\"https:\\\/\\\/topkeymedical.com\\\/product\\\/irregular-needle-knife-shaped-needle-knife\\\/#primaryimage\"},\"thumbnailUrl\":\"https:\\\/\\\/topkeymedical.com\\\/wp-content\\\/uploads\\\/2025\\\/07\\\/Irregular-Needle-Knife.webp\",\"datePublished\":\"2025-07-13T03:48:53+00:00\",\"dateModified\":\"2025-11-20T07:47:38+00:00\",\"description\":\"Irregular Needle Knife: High-quality Medical SuS304, the angle of the blade is professionally calculated, and the blade has been precision ground\",\"breadcrumb\":{\"@id\":\"https:\\\/\\\/topkeymedical.com\\\/product\\\/irregular-needle-knife-shaped-needle-knife\\\/#breadcrumb\"},\"inLanguage\":\"fr-FR\",\"potentialAction\":[{\"@type\":\"ReadAction\",\"target\":[\"https:\\\/\\\/topkeymedical.com\\\/product\\\/irregular-needle-knife-shaped-needle-knife\\\/\"]}]},{\"@type\":\"ImageObject\",\"inLanguage\":\"fr-FR\",\"@id\":\"https:\\\/\\\/topkeymedical.com\\\/product\\\/irregular-needle-knife-shaped-needle-knife\\\/#primaryimage\",\"url\":\"https:\\\/\\\/topkeymedical.com\\\/wp-content\\\/uploads\\\/2025\\\/07\\\/Irregular-Needle-Knife.webp\",\"contentUrl\":\"https:\\\/\\\/topkeymedical.com\\\/wp-content\\\/uploads\\\/2025\\\/07\\\/Irregular-Needle-Knife.webp\",\"width\":1000,\"height\":1000,\"caption\":\"Irregular Needle Knife, Shaped Needle Knife\"},{\"@type\":\"BreadcrumbList\",\"@id\":\"https:\\\/\\\/topkeymedical.com\\\/product\\\/irregular-needle-knife-shaped-needle-knife\\\/#breadcrumb\",\"itemListElement\":[{\"@type\":\"ListItem\",\"position\":1,\"name\":\"Home\",\"item\":\"https:\\\/\\\/topkeymedical.com\\\/\"},{\"@type\":\"ListItem\",\"position\":2,\"name\":\"Products\",\"item\":\"https:\\\/\\\/topkeymedical.com\\\/shop\\\/\"},{\"@type\":\"ListItem\",\"position\":3,\"name\":\"Irregular Needle Knife, Shaped Needle Knife\"}]},{\"@type\":\"WebSite\",\"@id\":\"https:\\\/\\\/topkeymedical.com\\\/#website\",\"url\":\"https:\\\/\\\/topkeymedical.com\\\/\",\"name\":\"TOPKEY\u2013 Precision in Every Detail, Guardian of Life and Health\",\"description\":\"\",\"publisher\":{\"@id\":\"https:\\\/\\\/topkeymedical.com\\\/#organization\"},\"potentialAction\":[{\"@type\":\"SearchAction\",\"target\":{\"@type\":\"EntryPoint\",\"urlTemplate\":\"https:\\\/\\\/topkeymedical.com\\\/?s={search_term_string}\"},\"query-input\":{\"@type\":\"PropertyValueSpecification\",\"valueRequired\":true,\"valueName\":\"search_term_string\"}}],\"inLanguage\":\"fr-FR\"},{\"@type\":\"Organization\",\"@id\":\"https:\\\/\\\/topkeymedical.com\\\/#organization\",\"name\":\"TOPKEY\u2013 Precision in Every Detail, Guardian of Life and Health\",\"url\":\"https:\\\/\\\/topkeymedical.com\\\/\",\"logo\":{\"@type\":\"ImageObject\",\"inLanguage\":\"fr-FR\",\"@id\":\"https:\\\/\\\/topkeymedical.com\\\/#\\\/schema\\\/logo\\\/image\\\/\",\"url\":\"https:\\\/\\\/topkeymedical.com\\\/wp-content\\\/uploads\\\/2025\\\/05\\\/cropped-logo.jpg\",\"contentUrl\":\"https:\\\/\\\/topkeymedical.com\\\/wp-content\\\/uploads\\\/2025\\\/05\\\/cropped-logo.jpg\",\"width\":512,\"height\":512,\"caption\":\"TOPKEY\u2013 Precision in Every Detail, Guardian of Life and Health\"},\"image\":{\"@id\":\"https:\\\/\\\/topkeymedical.com\\\/#\\\/schema\\\/logo\\\/image\\\/\"},\"sameAs\":[\"https:\\\/\\\/www.facebook.com\\\/profile.php?id=100088897294997\",\"https:\\\/\\\/www.youtube.com\\\/@TopkeyMedical-Alice888\",\"https:\\\/\\\/www.linkedin.com\\\/in\\\/alice-hu-bb66a01b3\\\/\"]}]}<\/script>\n<!-- \/ Yoast SEO plugin. -->","yoast_head_json":{"title":"Couteau \u00e0 aiguille irr\u00e9gulier, couteau \u00e0 aiguille fa\u00e7onn\u00e9 10Fr-25Fr","description":"Couteau \u00e0 aiguille irr\u00e9guli\u00e8re : SuS304 m\u00e9dical de haute qualit\u00e9, l'angle de la lame est calcul\u00e9 de mani\u00e8re professionnelle et la lame a \u00e9t\u00e9 aff\u00fbt\u00e9e avec pr\u00e9cision.","robots":{"index":"index","follow":"follow","max-snippet":"max-snippet:-1","max-image-preview":"max-image-preview:large","max-video-preview":"max-video-preview:-1"},"canonical":"https:\/\/topkeymedical.com\/fr\/produit\/couteau-a-aiguille-irregulier-couteau-a-aiguille-faconne\/","og_locale":"fr_FR","og_type":"article","og_title":"Irregular Needle Knife, Shaped Needle Knife 10Fr-25Fr","og_description":"Irregular Needle Knife: High-quality Medical SuS304, the angle of the blade is professionally calculated, and the blade has been precision ground","og_url":"https:\/\/topkeymedical.com\/fr\/produit\/couteau-a-aiguille-irregulier-couteau-a-aiguille-faconne\/","og_site_name":"TOPKEY\u2013 Precision in Every Detail, Guardian of Life and Health","article_publisher":"https:\/\/www.facebook.com\/profile.php?id=100088897294997","article_modified_time":"2025-11-20T07:47:38+00:00","og_image":[{"width":1000,"height":1000,"url":"https:\/\/topkeymedical.com\/wp-content\/uploads\/2025\/07\/Irregular-Needle-Knife.webp","type":"image\/webp"}],"twitter_card":"summary_large_image","twitter_misc":{"Dur\u00e9e de lecture estim\u00e9e":"2 minutes"},"schema":{"@context":"https:\/\/schema.org","@graph":[{"@type":"WebPage","@id":"https:\/\/topkeymedical.com\/product\/irregular-needle-knife-shaped-needle-knife\/","url":"https:\/\/topkeymedical.com\/product\/irregular-needle-knife-shaped-needle-knife\/","name":"Couteau \u00e0 aiguille irr\u00e9gulier, couteau \u00e0 aiguille fa\u00e7onn\u00e9 10Fr-25Fr","isPartOf":{"@id":"https:\/\/topkeymedical.com\/#website"},"primaryImageOfPage":{"@id":"https:\/\/topkeymedical.com\/product\/irregular-needle-knife-shaped-needle-knife\/#primaryimage"},"image":{"@id":"https:\/\/topkeymedical.com\/product\/irregular-needle-knife-shaped-needle-knife\/#primaryimage"},"thumbnailUrl":"https:\/\/topkeymedical.com\/wp-content\/uploads\/2025\/07\/Irregular-Needle-Knife.webp","datePublished":"2025-07-13T03:48:53+00:00","dateModified":"2025-11-20T07:47:38+00:00","description":"Couteau \u00e0 aiguille irr\u00e9guli\u00e8re : SuS304 m\u00e9dical de haute qualit\u00e9, l'angle de la lame est calcul\u00e9 de mani\u00e8re professionnelle et la lame a \u00e9t\u00e9 aff\u00fbt\u00e9e avec pr\u00e9cision.","breadcrumb":{"@id":"https:\/\/topkeymedical.com\/product\/irregular-needle-knife-shaped-needle-knife\/#breadcrumb"},"inLanguage":"fr-FR","potentialAction":[{"@type":"ReadAction","target":["https:\/\/topkeymedical.com\/product\/irregular-needle-knife-shaped-needle-knife\/"]}]},{"@type":"ImageObject","inLanguage":"fr-FR","@id":"https:\/\/topkeymedical.com\/product\/irregular-needle-knife-shaped-needle-knife\/#primaryimage","url":"https:\/\/topkeymedical.com\/wp-content\/uploads\/2025\/07\/Irregular-Needle-Knife.webp","contentUrl":"https:\/\/topkeymedical.com\/wp-content\/uploads\/2025\/07\/Irregular-Needle-Knife.webp","width":1000,"height":1000,"caption":"Irregular Needle Knife, Shaped Needle Knife"},{"@type":"BreadcrumbList","@id":"https:\/\/topkeymedical.com\/product\/irregular-needle-knife-shaped-needle-knife\/#breadcrumb","itemListElement":[{"@type":"ListItem","position":1,"name":"Home","item":"https:\/\/topkeymedical.com\/"},{"@type":"ListItem","position":2,"name":"Products","item":"https:\/\/topkeymedical.com\/shop\/"},{"@type":"ListItem","position":3,"name":"Irregular Needle Knife, Shaped Needle Knife"}]},{"@type":"WebSite","@id":"https:\/\/topkeymedical.com\/#website","url":"https:\/\/topkeymedical.com\/","name":"TOPKEY - La pr\u00e9cision dans les moindres d\u00e9tails, gardienne de la vie et de la sant\u00e9","description":"","publisher":{"@id":"https:\/\/topkeymedical.com\/#organization"},"potentialAction":[{"@type":"SearchAction","target":{"@type":"EntryPoint","urlTemplate":"https:\/\/topkeymedical.com\/?s={search_term_string}"},"query-input":{"@type":"PropertyValueSpecification","valueRequired":true,"valueName":"search_term_string"}}],"inLanguage":"fr-FR"},{"@type":"Organization","@id":"https:\/\/topkeymedical.com\/#organization","name":"TOPKEY - La pr\u00e9cision dans les moindres d\u00e9tails, gardienne de la vie et de la sant\u00e9","url":"https:\/\/topkeymedical.com\/","logo":{"@type":"ImageObject","inLanguage":"fr-FR","@id":"https:\/\/topkeymedical.com\/#\/schema\/logo\/image\/","url":"https:\/\/topkeymedical.com\/wp-content\/uploads\/2025\/05\/cropped-logo.jpg","contentUrl":"https:\/\/topkeymedical.com\/wp-content\/uploads\/2025\/05\/cropped-logo.jpg","width":512,"height":512,"caption":"TOPKEY\u2013 Precision in Every Detail, Guardian of Life and Health"},"image":{"@id":"https:\/\/topkeymedical.com\/#\/schema\/logo\/image\/"},"sameAs":["https:\/\/www.facebook.com\/profile.php?id=100088897294997","https:\/\/www.youtube.com\/@TopkeyMedical-Alice888","https:\/\/www.linkedin.com\/in\/alice-hu-bb66a01b3\/"]}]}},"_links":{"self":[{"href":"https:\/\/topkeymedical.com\/fr\/wp-json\/wp\/v2\/product\/1077","targetHints":{"allow":["GET"]}}],"collection":[{"href":"https:\/\/topkeymedical.com\/fr\/wp-json\/wp\/v2\/product"}],"about":[{"href":"https:\/\/topkeymedical.com\/fr\/wp-json\/wp\/v2\/types\/product"}],"version-history":[{"count":4,"href":"https:\/\/topkeymedical.com\/fr\/wp-json\/wp\/v2\/product\/1077\/revisions"}],"predecessor-version":[{"id":1548,"href":"https:\/\/topkeymedical.com\/fr\/wp-json\/wp\/v2\/product\/1077\/revisions\/1548"}],"wp:featuredmedia":[{"embeddable":true,"href":"https:\/\/topkeymedical.com\/fr\/wp-json\/wp\/v2\/media\/1078"}],"wp:attachment":[{"href":"https:\/\/topkeymedical.com\/fr\/wp-json\/wp\/v2\/media?parent=1077"}],"wp:term":[{"taxonomy":"product_brand","embeddable":true,"href":"https:\/\/topkeymedical.com\/fr\/wp-json\/wp\/v2\/product_brand?post=1077"},{"taxonomy":"product_cat","embeddable":true,"href":"https:\/\/topkeymedical.com\/fr\/wp-json\/wp\/v2\/product_cat?post=1077"},{"taxonomy":"product_tag","embeddable":true,"href":"https:\/\/topkeymedical.com\/fr\/wp-json\/wp\/v2\/product_tag?post=1077"}],"curies":[{"name":"wp","href":"https:\/\/api.w.org\/{rel}","templated":true}]}}