{"id":1130,"date":"2025-07-20T02:51:33","date_gmt":"2025-07-20T02:51:33","guid":{"rendered":"https:\/\/topkeymedical.com\/?post_type=product&#038;p=1130"},"modified":"2025-11-21T06:38:34","modified_gmt":"2025-11-21T06:38:34","slug":"tube-a-centrifuger-gradue-15ml-50ml","status":"publish","type":"product","link":"https:\/\/topkeymedical.com\/fr\/produit\/tube-a-centrifuger-gradue-15ml-50ml\/","title":{"rendered":"Tube \u00e0 centrifuger gradu\u00e9 15ml - 50ml"},"content":{"rendered":"<h2>Caract\u00e9ristiques du tube \u00e0 centrifuger gradu\u00e9 :<\/h2>\n<p>1. r\u00e9sistance \u00e0 la temp\u00e9rature : de -80\u00b0C \u00e0 120\u00b0C, permettant la st\u00e9rilisation \u00e0 haute temp\u00e9rature et \u00e0 haute pression.<br \/>\n2. Vitesse maximale moyenne test\u00e9e : 8500 RPM (tours par minute).<br \/>\n3. Essai d'\u00e9tanch\u00e9it\u00e9 \u00e0 haute temp\u00e9rature : Pas de fuite apr\u00e8s 2 heures de rotation \u00e0 temp\u00e9rature constante \u00e0 65\u00b0C.<br \/>\n4. La paroi lisse du tube et sa grande transparence facilitent les op\u00e9rations exp\u00e9rimentales et l'observation.<br \/>\n5. St\u00e9rilisation aux rayons \u03b3 en option. Les sp\u00e9cifications comprennent des microtubes \u00e0 centrifuger de 1,5 ml\/2 ml et des tubes \u00e0 centrifuger de 15 ml\/50 ml. Fabriqu\u00e9s en polypropyl\u00e8ne (PP), ils sont class\u00e9s en deux cat\u00e9gories : \u00e0 fond conique et \u00e0 fond pointu.<br \/>\n6. Lignes de graduation claires, bonnes performances d'\u00e9tanch\u00e9it\u00e9, absence d'enzymes et de pyrog\u00e8nes, sp\u00e9cifications compl\u00e8tes.<\/p>\n<p><strong>Mat\u00e9riau du produit :<\/strong> Corps du tube (polypropyl\u00e8ne), bouchon du tube (poly\u00e9thyl\u00e8ne).<br \/>\n<strong>Utilisation du produit :<\/strong> R\u00e9cipient tubulaire utilis\u00e9 avec les centrifugeuses, \u00e9quip\u00e9 d'un bouchon scell\u00e9 ou d'un bouchon \u00e0 pression.<\/p>\n<table>\n<tbody>\n<tr>\n<td width=\"104\">Sp\u00e9cifications<\/td>\n<td width=\"110\">Diam\u00e8tre (mm)<\/td>\n<td width=\"114\">Diam\u00e8tre du couvercle (mm)<\/td>\n<td width=\"117\">Hauteur du couvercle (mm)<\/td>\n<td width=\"132\">Hauteur avec couvercle (mm)<\/td>\n<\/tr>\n<tr>\n<td width=\"104\">15ml<\/td>\n<td width=\"110\">16<\/td>\n<td width=\"114\">10.6<\/td>\n<td width=\"117\">10.75<\/td>\n<td width=\"132\">120.58<\/td>\n<\/tr>\n<tr>\n<td width=\"104\">50ml<\/td>\n<td width=\"110\">28.69<\/td>\n<td width=\"114\">33.88<\/td>\n<td width=\"117\">12.6<\/td>\n<td width=\"132\">116.4<\/td>\n<\/tr>\n<\/tbody>\n<\/table>\n<figure id=\"attachment_1133\" aria-describedby=\"caption-attachment-1133\" style=\"width: 1000px\" class=\"wp-caption aligncenter\"><img fetchpriority=\"high\" decoding=\"async\" class=\"wp-image-1133 size-full\" title=\"Tube \u00e0 centrifuger gradu\u00e9 15ml\" src=\"https:\/\/topkeymedical.com\/wp-content\/uploads\/2025\/07\/15ml-centrifuge-tube.webp\" alt=\"Tube \u00e0 centrifuger gradu\u00e9 15ml \" width=\"1000\" height=\"1000\" srcset=\"https:\/\/topkeymedical.com\/wp-content\/uploads\/2025\/07\/15ml-centrifuge-tube.webp 1000w, https:\/\/topkeymedical.com\/wp-content\/uploads\/2025\/07\/15ml-centrifuge-tube-300x300.webp 300w, https:\/\/topkeymedical.com\/wp-content\/uploads\/2025\/07\/15ml-centrifuge-tube-150x150.webp 150w, https:\/\/topkeymedical.com\/wp-content\/uploads\/2025\/07\/15ml-centrifuge-tube-768x768.webp 768w, https:\/\/topkeymedical.com\/wp-content\/uploads\/2025\/07\/15ml-centrifuge-tube-600x600.webp 600w, https:\/\/topkeymedical.com\/wp-content\/uploads\/2025\/07\/15ml-centrifuge-tube-100x100.webp 100w\" sizes=\"(max-width: 1000px) 100vw, 1000px\" \/><figcaption id=\"caption-attachment-1133\" class=\"wp-caption-text\">Tube \u00e0 centrifuger gradu\u00e9 15ml<\/figcaption><\/figure>\n<figure id=\"attachment_1134\" aria-describedby=\"caption-attachment-1134\" style=\"width: 1000px\" class=\"wp-caption aligncenter\"><img decoding=\"async\" class=\"wp-image-1134 size-full\" title=\"Tube \u00e0 centrifuger gradu\u00e9 50ml \" src=\"https:\/\/topkeymedical.com\/wp-content\/uploads\/2025\/07\/50ml-centrifuge-tube.webp\" alt=\"Tube \u00e0 centrifuger gradu\u00e9 50ml \" width=\"1000\" height=\"1000\" srcset=\"https:\/\/topkeymedical.com\/wp-content\/uploads\/2025\/07\/50ml-centrifuge-tube.webp 1000w, https:\/\/topkeymedical.com\/wp-content\/uploads\/2025\/07\/50ml-centrifuge-tube-300x300.webp 300w, https:\/\/topkeymedical.com\/wp-content\/uploads\/2025\/07\/50ml-centrifuge-tube-150x150.webp 150w, https:\/\/topkeymedical.com\/wp-content\/uploads\/2025\/07\/50ml-centrifuge-tube-768x768.webp 768w, https:\/\/topkeymedical.com\/wp-content\/uploads\/2025\/07\/50ml-centrifuge-tube-600x600.webp 600w, https:\/\/topkeymedical.com\/wp-content\/uploads\/2025\/07\/50ml-centrifuge-tube-100x100.webp 100w\" sizes=\"(max-width: 1000px) 100vw, 1000px\" \/><figcaption id=\"caption-attachment-1134\" class=\"wp-caption-text\">Tube \u00e0 centrifuger 50ml<\/figcaption><\/figure>","protected":false},"excerpt":{"rendered":"<p>Le tube \u00e0 centrifuger gradu\u00e9 convient \u00e0 la collecte, au sous-conditionnement et \u00e0 la centrifugation de divers \u00e9chantillons biologiques, y compris les bact\u00e9ries, les cellules, les prot\u00e9ines et les acides nucl\u00e9iques. Il est fabriqu\u00e9 en PP, conform\u00e9ment \u00e0 la norme USP-6, et ne contient pas d'ions de m\u00e9taux lourds. La paroi int\u00e9rieure est lisse afin d'\u00e9viter tout r\u00e9sidu d'\u00e9chantillon, et elle est tr\u00e8s transparente pour faciliter l'observation. Il convient aux centrifugeuses couramment utilis\u00e9es sur le march\u00e9 et peut r\u00e9sister \u00e0 des temp\u00e9ratures allant de -80\u00b0C \u00e0 120\u00b0C.<\/p>","protected":false},"featured_media":1127,"template":"","meta":{"_acf_changed":false,"site-sidebar-layout":"default","site-content-layout":"","ast-site-content-layout":"default","site-content-style":"default","site-sidebar-style":"default","ast-global-header-display":"","ast-banner-title-visibility":"","ast-main-header-display":"","ast-hfb-above-header-display":"","ast-hfb-below-header-display":"","ast-hfb-mobile-header-display":"","site-post-title":"","ast-breadcrumbs-content":"","ast-featured-img":"","footer-sml-layout":"","ast-disable-related-posts":"","theme-transparent-header-meta":"default","adv-header-id-meta":"","stick-header-meta":"","header-above-stick-meta":"","header-main-stick-meta":"","header-below-stick-meta":"","astra-migrate-meta-layouts":"set","ast-page-background-enabled":"default","ast-page-background-meta":{"desktop":{"background-color":"var(--ast-global-color-5)","background-image":"","background-repeat":"repeat","background-position":"center center","background-size":"auto","background-attachment":"scroll","background-type":"","background-media":"","overlay-type":"","overlay-color":"","overlay-opacity":"","overlay-gradient":""},"tablet":{"background-color":"","background-image":"","background-repeat":"repeat","background-position":"center center","background-size":"auto","background-attachment":"scroll","background-type":"","background-media":"","overlay-type":"","overlay-color":"","overlay-opacity":"","overlay-gradient":""},"mobile":{"background-color":"","background-image":"","background-repeat":"repeat","background-position":"center center","background-size":"auto","background-attachment":"scroll","background-type":"","background-media":"","overlay-type":"","overlay-color":"","overlay-opacity":"","overlay-gradient":""}},"ast-content-background-meta":{"desktop":{"background-color":"var(--ast-global-color-4)","background-image":"","background-repeat":"repeat","background-position":"center center","background-size":"auto","background-attachment":"scroll","background-type":"","background-media":"","overlay-type":"","overlay-color":"","overlay-opacity":"","overlay-gradient":""},"tablet":{"background-color":"var(--ast-global-color-4)","background-image":"","background-repeat":"repeat","background-position":"center center","background-size":"auto","background-attachment":"scroll","background-type":"","background-media":"","overlay-type":"","overlay-color":"","overlay-opacity":"","overlay-gradient":""},"mobile":{"background-color":"var(--ast-global-color-4)","background-image":"","background-repeat":"repeat","background-position":"center center","background-size":"auto","background-attachment":"scroll","background-type":"","background-media":"","overlay-type":"","overlay-color":"","overlay-opacity":"","overlay-gradient":""}}},"product_brand":[],"product_cat":[67],"product_tag":[],"class_list":{"0":"post-1130","1":"product","2":"type-product","3":"status-publish","4":"has-post-thumbnail","6":"product_cat-laboratory-consumables","7":"desktop-align-left","8":"tablet-align-left","9":"mobile-align-left","11":"first","12":"instock","13":"shipping-taxable","14":"product-type-simple"},"acf":[],"yoast_head":"<!-- This site is optimized with the Yoast SEO plugin v27.4 - https:\/\/yoast.com\/product\/yoast-seo-wordpress\/ -->\n<title>Graduated centrifuge tube 15ml - 50ml<\/title>\n<meta name=\"description\" content=\"Graduated centrifuge tube is suitable for the collection, subpackaging, and centrifugation of various biological samples, including bacteria, cells...\" \/>\n<meta name=\"robots\" content=\"index, follow, max-snippet:-1, max-image-preview:large, max-video-preview:-1\" \/>\n<link rel=\"canonical\" href=\"https:\/\/topkeymedical.com\/fr\/produit\/tube-a-centrifuger-gradue-15ml-50ml\/\" \/>\n<meta property=\"og:locale\" content=\"fr_FR\" \/>\n<meta property=\"og:type\" content=\"article\" \/>\n<meta property=\"og:title\" content=\"Graduated centrifuge tube 15ml - 50ml\" \/>\n<meta property=\"og:description\" content=\"Graduated centrifuge tube is suitable for the collection, subpackaging, and centrifugation of various biological samples, including bacteria, cells...\" \/>\n<meta property=\"og:url\" content=\"https:\/\/topkeymedical.com\/fr\/produit\/tube-a-centrifuger-gradue-15ml-50ml\/\" \/>\n<meta property=\"og:site_name\" content=\"TOPKEY\u2013 Precision in Every Detail, Guardian of Life and Health\" \/>\n<meta property=\"article:publisher\" content=\"https:\/\/www.facebook.com\/profile.php?id=100088897294997\" \/>\n<meta property=\"article:modified_time\" content=\"2025-11-21T06:38:34+00:00\" \/>\n<meta property=\"og:image\" content=\"https:\/\/topkeymedical.com\/wp-content\/uploads\/2025\/07\/Laboratory-Consumables-centrifuge-tube.webp\" \/>\n\t<meta property=\"og:image:width\" content=\"1000\" \/>\n\t<meta property=\"og:image:height\" content=\"1000\" \/>\n\t<meta property=\"og:image:type\" content=\"image\/webp\" \/>\n<meta name=\"twitter:card\" content=\"summary_large_image\" \/>\n<meta name=\"twitter:label1\" content=\"Dur\u00e9e de lecture estim\u00e9e\" \/>\n\t<meta name=\"twitter:data1\" content=\"2 minutes\" \/>\n<script type=\"application\/ld+json\" class=\"yoast-schema-graph\">{\"@context\":\"https:\\\/\\\/schema.org\",\"@graph\":[{\"@type\":\"WebPage\",\"@id\":\"https:\\\/\\\/topkeymedical.com\\\/product\\\/graduated-centrifuge-tube-15ml-50ml\\\/\",\"url\":\"https:\\\/\\\/topkeymedical.com\\\/product\\\/graduated-centrifuge-tube-15ml-50ml\\\/\",\"name\":\"Graduated centrifuge tube 15ml - 50ml\",\"isPartOf\":{\"@id\":\"https:\\\/\\\/topkeymedical.com\\\/#website\"},\"primaryImageOfPage\":{\"@id\":\"https:\\\/\\\/topkeymedical.com\\\/product\\\/graduated-centrifuge-tube-15ml-50ml\\\/#primaryimage\"},\"image\":{\"@id\":\"https:\\\/\\\/topkeymedical.com\\\/product\\\/graduated-centrifuge-tube-15ml-50ml\\\/#primaryimage\"},\"thumbnailUrl\":\"https:\\\/\\\/topkeymedical.com\\\/wp-content\\\/uploads\\\/2025\\\/07\\\/Laboratory-Consumables-centrifuge-tube.webp\",\"datePublished\":\"2025-07-20T02:51:33+00:00\",\"dateModified\":\"2025-11-21T06:38:34+00:00\",\"description\":\"Graduated centrifuge tube is suitable for the collection, subpackaging, and centrifugation of various biological samples, including bacteria, cells...\",\"breadcrumb\":{\"@id\":\"https:\\\/\\\/topkeymedical.com\\\/product\\\/graduated-centrifuge-tube-15ml-50ml\\\/#breadcrumb\"},\"inLanguage\":\"fr-FR\",\"potentialAction\":[{\"@type\":\"ReadAction\",\"target\":[\"https:\\\/\\\/topkeymedical.com\\\/product\\\/graduated-centrifuge-tube-15ml-50ml\\\/\"]}]},{\"@type\":\"ImageObject\",\"inLanguage\":\"fr-FR\",\"@id\":\"https:\\\/\\\/topkeymedical.com\\\/product\\\/graduated-centrifuge-tube-15ml-50ml\\\/#primaryimage\",\"url\":\"https:\\\/\\\/topkeymedical.com\\\/wp-content\\\/uploads\\\/2025\\\/07\\\/Laboratory-Consumables-centrifuge-tube.webp\",\"contentUrl\":\"https:\\\/\\\/topkeymedical.com\\\/wp-content\\\/uploads\\\/2025\\\/07\\\/Laboratory-Consumables-centrifuge-tube.webp\",\"width\":1000,\"height\":1000,\"caption\":\"Laboratory Consumables centrifuge tube\"},{\"@type\":\"BreadcrumbList\",\"@id\":\"https:\\\/\\\/topkeymedical.com\\\/product\\\/graduated-centrifuge-tube-15ml-50ml\\\/#breadcrumb\",\"itemListElement\":[{\"@type\":\"ListItem\",\"position\":1,\"name\":\"Home\",\"item\":\"https:\\\/\\\/topkeymedical.com\\\/\"},{\"@type\":\"ListItem\",\"position\":2,\"name\":\"Products\",\"item\":\"https:\\\/\\\/topkeymedical.com\\\/shop\\\/\"},{\"@type\":\"ListItem\",\"position\":3,\"name\":\"Graduated centrifuge tube 15ml &#8211; 50ml\"}]},{\"@type\":\"WebSite\",\"@id\":\"https:\\\/\\\/topkeymedical.com\\\/#website\",\"url\":\"https:\\\/\\\/topkeymedical.com\\\/\",\"name\":\"TOPKEY\u2013 Precision in Every Detail, Guardian of Life and Health\",\"description\":\"\",\"publisher\":{\"@id\":\"https:\\\/\\\/topkeymedical.com\\\/#organization\"},\"potentialAction\":[{\"@type\":\"SearchAction\",\"target\":{\"@type\":\"EntryPoint\",\"urlTemplate\":\"https:\\\/\\\/topkeymedical.com\\\/?s={search_term_string}\"},\"query-input\":{\"@type\":\"PropertyValueSpecification\",\"valueRequired\":true,\"valueName\":\"search_term_string\"}}],\"inLanguage\":\"fr-FR\"},{\"@type\":\"Organization\",\"@id\":\"https:\\\/\\\/topkeymedical.com\\\/#organization\",\"name\":\"TOPKEY\u2013 Precision in Every Detail, Guardian of Life and Health\",\"url\":\"https:\\\/\\\/topkeymedical.com\\\/\",\"logo\":{\"@type\":\"ImageObject\",\"inLanguage\":\"fr-FR\",\"@id\":\"https:\\\/\\\/topkeymedical.com\\\/#\\\/schema\\\/logo\\\/image\\\/\",\"url\":\"https:\\\/\\\/topkeymedical.com\\\/wp-content\\\/uploads\\\/2025\\\/05\\\/cropped-logo.jpg\",\"contentUrl\":\"https:\\\/\\\/topkeymedical.com\\\/wp-content\\\/uploads\\\/2025\\\/05\\\/cropped-logo.jpg\",\"width\":512,\"height\":512,\"caption\":\"TOPKEY\u2013 Precision in Every Detail, Guardian of Life and Health\"},\"image\":{\"@id\":\"https:\\\/\\\/topkeymedical.com\\\/#\\\/schema\\\/logo\\\/image\\\/\"},\"sameAs\":[\"https:\\\/\\\/www.facebook.com\\\/profile.php?id=100088897294997\",\"https:\\\/\\\/www.youtube.com\\\/@TopkeyMedical-Alice888\",\"https:\\\/\\\/www.linkedin.com\\\/in\\\/alice-hu-bb66a01b3\\\/\"]}]}<\/script>\n<!-- \/ Yoast SEO plugin. -->","yoast_head_json":{"title":"Tube \u00e0 centrifuger gradu\u00e9 15ml - 50ml","description":"Le tube \u00e0 centrifuger gradu\u00e9 convient \u00e0 la collecte, au sous-conditionnement et \u00e0 la centrifugation de divers \u00e9chantillons biologiques, y compris les bact\u00e9ries, les cellules...","robots":{"index":"index","follow":"follow","max-snippet":"max-snippet:-1","max-image-preview":"max-image-preview:large","max-video-preview":"max-video-preview:-1"},"canonical":"https:\/\/topkeymedical.com\/fr\/produit\/tube-a-centrifuger-gradue-15ml-50ml\/","og_locale":"fr_FR","og_type":"article","og_title":"Graduated centrifuge tube 15ml - 50ml","og_description":"Graduated centrifuge tube is suitable for the collection, subpackaging, and centrifugation of various biological samples, including bacteria, cells...","og_url":"https:\/\/topkeymedical.com\/fr\/produit\/tube-a-centrifuger-gradue-15ml-50ml\/","og_site_name":"TOPKEY\u2013 Precision in Every Detail, Guardian of Life and Health","article_publisher":"https:\/\/www.facebook.com\/profile.php?id=100088897294997","article_modified_time":"2025-11-21T06:38:34+00:00","og_image":[{"width":1000,"height":1000,"url":"https:\/\/topkeymedical.com\/wp-content\/uploads\/2025\/07\/Laboratory-Consumables-centrifuge-tube.webp","type":"image\/webp"}],"twitter_card":"summary_large_image","twitter_misc":{"Dur\u00e9e de lecture estim\u00e9e":"2 minutes"},"schema":{"@context":"https:\/\/schema.org","@graph":[{"@type":"WebPage","@id":"https:\/\/topkeymedical.com\/product\/graduated-centrifuge-tube-15ml-50ml\/","url":"https:\/\/topkeymedical.com\/product\/graduated-centrifuge-tube-15ml-50ml\/","name":"Tube \u00e0 centrifuger gradu\u00e9 15ml - 50ml","isPartOf":{"@id":"https:\/\/topkeymedical.com\/#website"},"primaryImageOfPage":{"@id":"https:\/\/topkeymedical.com\/product\/graduated-centrifuge-tube-15ml-50ml\/#primaryimage"},"image":{"@id":"https:\/\/topkeymedical.com\/product\/graduated-centrifuge-tube-15ml-50ml\/#primaryimage"},"thumbnailUrl":"https:\/\/topkeymedical.com\/wp-content\/uploads\/2025\/07\/Laboratory-Consumables-centrifuge-tube.webp","datePublished":"2025-07-20T02:51:33+00:00","dateModified":"2025-11-21T06:38:34+00:00","description":"Le tube \u00e0 centrifuger gradu\u00e9 convient \u00e0 la collecte, au sous-conditionnement et \u00e0 la centrifugation de divers \u00e9chantillons biologiques, y compris les bact\u00e9ries, les cellules...","breadcrumb":{"@id":"https:\/\/topkeymedical.com\/product\/graduated-centrifuge-tube-15ml-50ml\/#breadcrumb"},"inLanguage":"fr-FR","potentialAction":[{"@type":"ReadAction","target":["https:\/\/topkeymedical.com\/product\/graduated-centrifuge-tube-15ml-50ml\/"]}]},{"@type":"ImageObject","inLanguage":"fr-FR","@id":"https:\/\/topkeymedical.com\/product\/graduated-centrifuge-tube-15ml-50ml\/#primaryimage","url":"https:\/\/topkeymedical.com\/wp-content\/uploads\/2025\/07\/Laboratory-Consumables-centrifuge-tube.webp","contentUrl":"https:\/\/topkeymedical.com\/wp-content\/uploads\/2025\/07\/Laboratory-Consumables-centrifuge-tube.webp","width":1000,"height":1000,"caption":"Laboratory Consumables centrifuge tube"},{"@type":"BreadcrumbList","@id":"https:\/\/topkeymedical.com\/product\/graduated-centrifuge-tube-15ml-50ml\/#breadcrumb","itemListElement":[{"@type":"ListItem","position":1,"name":"Home","item":"https:\/\/topkeymedical.com\/"},{"@type":"ListItem","position":2,"name":"Products","item":"https:\/\/topkeymedical.com\/shop\/"},{"@type":"ListItem","position":3,"name":"Graduated centrifuge tube 15ml &#8211; 50ml"}]},{"@type":"WebSite","@id":"https:\/\/topkeymedical.com\/#website","url":"https:\/\/topkeymedical.com\/","name":"TOPKEY - La pr\u00e9cision dans les moindres d\u00e9tails, gardienne de la vie et de la sant\u00e9","description":"","publisher":{"@id":"https:\/\/topkeymedical.com\/#organization"},"potentialAction":[{"@type":"SearchAction","target":{"@type":"EntryPoint","urlTemplate":"https:\/\/topkeymedical.com\/?s={search_term_string}"},"query-input":{"@type":"PropertyValueSpecification","valueRequired":true,"valueName":"search_term_string"}}],"inLanguage":"fr-FR"},{"@type":"Organization","@id":"https:\/\/topkeymedical.com\/#organization","name":"TOPKEY - La pr\u00e9cision dans les moindres d\u00e9tails, gardienne de la vie et de la sant\u00e9","url":"https:\/\/topkeymedical.com\/","logo":{"@type":"ImageObject","inLanguage":"fr-FR","@id":"https:\/\/topkeymedical.com\/#\/schema\/logo\/image\/","url":"https:\/\/topkeymedical.com\/wp-content\/uploads\/2025\/05\/cropped-logo.jpg","contentUrl":"https:\/\/topkeymedical.com\/wp-content\/uploads\/2025\/05\/cropped-logo.jpg","width":512,"height":512,"caption":"TOPKEY\u2013 Precision in Every Detail, Guardian of Life and Health"},"image":{"@id":"https:\/\/topkeymedical.com\/#\/schema\/logo\/image\/"},"sameAs":["https:\/\/www.facebook.com\/profile.php?id=100088897294997","https:\/\/www.youtube.com\/@TopkeyMedical-Alice888","https:\/\/www.linkedin.com\/in\/alice-hu-bb66a01b3\/"]}]}},"_links":{"self":[{"href":"https:\/\/topkeymedical.com\/fr\/wp-json\/wp\/v2\/product\/1130","targetHints":{"allow":["GET"]}}],"collection":[{"href":"https:\/\/topkeymedical.com\/fr\/wp-json\/wp\/v2\/product"}],"about":[{"href":"https:\/\/topkeymedical.com\/fr\/wp-json\/wp\/v2\/types\/product"}],"version-history":[{"count":2,"href":"https:\/\/topkeymedical.com\/fr\/wp-json\/wp\/v2\/product\/1130\/revisions"}],"predecessor-version":[{"id":1561,"href":"https:\/\/topkeymedical.com\/fr\/wp-json\/wp\/v2\/product\/1130\/revisions\/1561"}],"wp:featuredmedia":[{"embeddable":true,"href":"https:\/\/topkeymedical.com\/fr\/wp-json\/wp\/v2\/media\/1127"}],"wp:attachment":[{"href":"https:\/\/topkeymedical.com\/fr\/wp-json\/wp\/v2\/media?parent=1130"}],"wp:term":[{"taxonomy":"product_brand","embeddable":true,"href":"https:\/\/topkeymedical.com\/fr\/wp-json\/wp\/v2\/product_brand?post=1130"},{"taxonomy":"product_cat","embeddable":true,"href":"https:\/\/topkeymedical.com\/fr\/wp-json\/wp\/v2\/product_cat?post=1130"},{"taxonomy":"product_tag","embeddable":true,"href":"https:\/\/topkeymedical.com\/fr\/wp-json\/wp\/v2\/product_tag?post=1130"}],"curies":[{"name":"wp","href":"https:\/\/api.w.org\/{rel}","templated":true}]}}