{"id":1145,"date":"2025-07-20T14:22:57","date_gmt":"2025-07-20T14:22:57","guid":{"rendered":"https:\/\/topkeymedical.com\/?post_type=product&#038;p=1145"},"modified":"2025-11-21T06:43:35","modified_gmt":"2025-11-21T06:43:35","slug":"pointes-de-pipette-10ul-200ul-1000ul-5ml-10ml","status":"publish","type":"product","link":"https:\/\/topkeymedical.com\/fr\/produit\/pointes-de-pipette-10ul-200ul-1000ul-5ml-10ml\/","title":{"rendered":"Embouts de pipette 10ul, 200ul, 1000ul, 5ml, 10ml"},"content":{"rendered":"<p>D'une excellente transparence, il facilite l'observation du niveau de liquide pendant l'utilisation. Il pr\u00e9sente une forte tol\u00e9rance et peut \u00eatre utilis\u00e9 pour aspirer diverses solutions organiques. Il pr\u00e9sente de bonnes performances d'\u00e9tanch\u00e9it\u00e9 et est compatible avec les pipettes monocanal et multicanal.<\/p>\n<h2>Param\u00e8tres des pointes de pipette<\/h2>\n<p><strong>Structure du produit Composition :<\/strong> Polypropyl\u00e8ne (<a href=\"https:\/\/www.bpf.co.uk\/plastipedia\/polymers\/PP.aspx\" target=\"_blank\" rel=\"noopener\">PP<\/a>)<br \/>\n<strong>Emballage :<\/strong> Emballage st\u00e9rile (st\u00e9rilisation \u00e0 haute temp\u00e9rature et \u00e0 haute pression)<br \/>\n<strong>Application du produit :<\/strong> Utilis\u00e9 avec des pipettes, il peut \u00eatre utilis\u00e9 pour le transfert de liquides, l'aliquotage de liquides, le m\u00e9lange de liquides, l'ajout d'\u00e9chantillons dans des plaques de travail et des r\u00e9cipients de r\u00e9action, l'\u00e9limination du surnageant apr\u00e8s l'extraction, etc.<\/p>\n<table>\n<tbody>\n<tr>\n<td width=\"113\">Num\u00e9ro de mod\u00e8le du produit<\/td>\n<td width=\"125\">Nom<\/td>\n<td width=\"79\">Capacit\u00e9<\/td>\n<td width=\"95\">Couleur<\/td>\n<td width=\"164\">Sp\u00e9cifications de l'emballage<\/td>\n<\/tr>\n<tr>\n<td width=\"113\">2302A0010<\/td>\n<td width=\"125\">Embouts transparents en sachet de 10\u03bcL<\/td>\n<td width=\"79\">10\u03bcL<\/td>\n<td width=\"95\">transparent<\/td>\n<td width=\"164\">1000pcs\/paquet, 20paquets\/bo\u00eete<\/td>\n<\/tr>\n<tr>\n<td width=\"113\">2302A0200<\/td>\n<td width=\"125\">200\u03bcL Yellow Bag Tips<\/td>\n<td width=\"79\">200\u03bcL<\/td>\n<td width=\"95\">jaune<\/td>\n<td width=\"164\">1000pcs\/paquet, 20paquets\/bo\u00eete<\/td>\n<\/tr>\n<tr>\n<td width=\"113\">2302A1250<\/td>\n<td width=\"125\">Embouts transparents en sachet de 1000\u03bcL<\/td>\n<td width=\"79\">1000\u03bcL<\/td>\n<td width=\"95\">transparent<\/td>\n<td width=\"164\">1000pcs\/paquet, 5paquets\/bo\u00eete<\/td>\n<\/tr>\n<tr>\n<td width=\"113\">2302A5000<\/td>\n<td width=\"125\">5000\u03bcL pochettes transparentes<\/td>\n<td width=\"79\">5000\u03bcL<\/td>\n<td width=\"95\">transparent<\/td>\n<td width=\"164\">400 pi\u00e8ces\/paquet, 5 paquets\/bo\u00eete<\/td>\n<\/tr>\n<tr>\n<td width=\"113\">2302A0010<\/td>\n<td width=\"125\">Embouts transparents en sachet de 10mL<\/td>\n<td width=\"79\">10mL<\/td>\n<td width=\"95\">transparent<\/td>\n<td width=\"164\">100pcs\/paquet, 20packs\/bo\u00eete<\/td>\n<\/tr>\n<\/tbody>\n<\/table>\n<p>Les pipettes et les pointes existent en diff\u00e9rentes tailles et sp\u00e9cifications, et leurs sp\u00e9cifications doivent \u00eatre compatibles avec les pipettes. En g\u00e9n\u00e9ral, elles sont les suivantes :<\/p>\n<ul>\n<li>Les pointes de 10\u03bcl sont compatibles avec les pipettes d'une gamme de 1 \u00e0 10\u03bcl et de gammes interm\u00e9diaires, et elles sont g\u00e9n\u00e9ralement de couleur blanche.<\/li>\n<li>Les pointes de 200\u03bcl sont compatibles avec les pipettes d'une gamme de 20-200\u03bcl et de gammes interm\u00e9diaires, et elles sont g\u00e9n\u00e9ralement jaunes.<\/li>\n<li>Les pointes de 1000\u03bcl sont compatibles avec les pipettes d'une gamme de 100-1000\u03bcl ; les pointes de 1000\u03bcl sont g\u00e9n\u00e9ralement blanches ou bleues.<\/li>\n<li>Les pointes de 5 ml sont compatibles avec les pipettes de 1 \u00e0 5 ml.<\/li>\n<li>Les pointes de 10 ml sont compatibles avec les pipettes de 1 \u00e0 10 ml.<\/li>\n<\/ul>\n<figure id=\"attachment_1146\" aria-describedby=\"caption-attachment-1146\" style=\"width: 1000px\" class=\"wp-caption aligncenter\"><img fetchpriority=\"high\" decoding=\"async\" class=\"wp-image-1146 size-full\" title=\"Pipette et embouts 10ul\" src=\"https:\/\/topkeymedical.com\/wp-content\/uploads\/2025\/07\/Pipette-tips-10ul.webp\" alt=\"Pipette et embouts 10ul\" width=\"1000\" height=\"1000\" srcset=\"https:\/\/topkeymedical.com\/wp-content\/uploads\/2025\/07\/Pipette-tips-10ul.webp 1000w, https:\/\/topkeymedical.com\/wp-content\/uploads\/2025\/07\/Pipette-tips-10ul-300x300.webp 300w, https:\/\/topkeymedical.com\/wp-content\/uploads\/2025\/07\/Pipette-tips-10ul-150x150.webp 150w, https:\/\/topkeymedical.com\/wp-content\/uploads\/2025\/07\/Pipette-tips-10ul-768x768.webp 768w, https:\/\/topkeymedical.com\/wp-content\/uploads\/2025\/07\/Pipette-tips-10ul-600x600.webp 600w, https:\/\/topkeymedical.com\/wp-content\/uploads\/2025\/07\/Pipette-tips-10ul-100x100.webp 100w\" sizes=\"(max-width: 1000px) 100vw, 1000px\" \/><figcaption id=\"caption-attachment-1146\" class=\"wp-caption-text\">Pipette et embouts 10ul<\/figcaption><\/figure>\n<figure id=\"attachment_1149\" aria-describedby=\"caption-attachment-1149\" style=\"width: 1000px\" class=\"wp-caption aligncenter\"><img decoding=\"async\" class=\"wp-image-1149 size-full\" title=\"Pipette et embouts 200ul\" src=\"https:\/\/topkeymedical.com\/wp-content\/uploads\/2025\/07\/Pipette-tips-200ul.webp\" alt=\"Pipette et embouts 200ul\" width=\"1000\" height=\"1000\" srcset=\"https:\/\/topkeymedical.com\/wp-content\/uploads\/2025\/07\/Pipette-tips-200ul.webp 1000w, https:\/\/topkeymedical.com\/wp-content\/uploads\/2025\/07\/Pipette-tips-200ul-300x300.webp 300w, https:\/\/topkeymedical.com\/wp-content\/uploads\/2025\/07\/Pipette-tips-200ul-150x150.webp 150w, https:\/\/topkeymedical.com\/wp-content\/uploads\/2025\/07\/Pipette-tips-200ul-768x768.webp 768w, https:\/\/topkeymedical.com\/wp-content\/uploads\/2025\/07\/Pipette-tips-200ul-600x600.webp 600w, https:\/\/topkeymedical.com\/wp-content\/uploads\/2025\/07\/Pipette-tips-200ul-100x100.webp 100w\" sizes=\"(max-width: 1000px) 100vw, 1000px\" \/><figcaption id=\"caption-attachment-1149\" class=\"wp-caption-text\">Embouts de pipette 200ul<\/figcaption><\/figure>\n<figure id=\"attachment_1150\" aria-describedby=\"caption-attachment-1150\" style=\"width: 1000px\" class=\"wp-caption aligncenter\"><img decoding=\"async\" class=\"wp-image-1150 size-full\" title=\"Embouts de pipette 1000ul\" src=\"https:\/\/topkeymedical.com\/wp-content\/uploads\/2025\/07\/Pipette-tips-1000ul.webp\" alt=\"Embouts de pipette 1000ul\" width=\"1000\" height=\"1000\" srcset=\"https:\/\/topkeymedical.com\/wp-content\/uploads\/2025\/07\/Pipette-tips-1000ul.webp 1000w, https:\/\/topkeymedical.com\/wp-content\/uploads\/2025\/07\/Pipette-tips-1000ul-300x300.webp 300w, https:\/\/topkeymedical.com\/wp-content\/uploads\/2025\/07\/Pipette-tips-1000ul-150x150.webp 150w, https:\/\/topkeymedical.com\/wp-content\/uploads\/2025\/07\/Pipette-tips-1000ul-768x768.webp 768w, https:\/\/topkeymedical.com\/wp-content\/uploads\/2025\/07\/Pipette-tips-1000ul-600x600.webp 600w, https:\/\/topkeymedical.com\/wp-content\/uploads\/2025\/07\/Pipette-tips-1000ul-100x100.webp 100w\" sizes=\"(max-width: 1000px) 100vw, 1000px\" \/><figcaption id=\"caption-attachment-1150\" class=\"wp-caption-text\">Embouts de pipette 1000ul<\/figcaption><\/figure>\n<figure id=\"attachment_1147\" aria-describedby=\"caption-attachment-1147\" style=\"width: 1000px\" class=\"wp-caption aligncenter\"><img loading=\"lazy\" decoding=\"async\" class=\"wp-image-1147 size-full\" title=\"Pipettes et pointes 5ml\" src=\"https:\/\/topkeymedical.com\/wp-content\/uploads\/2025\/07\/Pipette-tips-5ml.webp\" alt=\"Pipettes et pointes 5ml\" width=\"1000\" height=\"1000\" srcset=\"https:\/\/topkeymedical.com\/wp-content\/uploads\/2025\/07\/Pipette-tips-5ml.webp 1000w, https:\/\/topkeymedical.com\/wp-content\/uploads\/2025\/07\/Pipette-tips-5ml-300x300.webp 300w, https:\/\/topkeymedical.com\/wp-content\/uploads\/2025\/07\/Pipette-tips-5ml-150x150.webp 150w, https:\/\/topkeymedical.com\/wp-content\/uploads\/2025\/07\/Pipette-tips-5ml-768x768.webp 768w, https:\/\/topkeymedical.com\/wp-content\/uploads\/2025\/07\/Pipette-tips-5ml-600x600.webp 600w, https:\/\/topkeymedical.com\/wp-content\/uploads\/2025\/07\/Pipette-tips-5ml-100x100.webp 100w\" sizes=\"(max-width: 1000px) 100vw, 1000px\" \/><figcaption id=\"caption-attachment-1147\" class=\"wp-caption-text\">Pipettes et pointes 5ml<\/figcaption><\/figure>\n<figure id=\"attachment_1148\" aria-describedby=\"caption-attachment-1148\" style=\"width: 1000px\" class=\"wp-caption aligncenter\"><img loading=\"lazy\" decoding=\"async\" class=\"wp-image-1148 size-full\" title=\"Pipettes et embouts 10ml\" src=\"https:\/\/topkeymedical.com\/wp-content\/uploads\/2025\/07\/Pipette-tips-10ml.webp\" alt=\"Pipettes et embouts 10ml\" width=\"1000\" height=\"1000\" srcset=\"https:\/\/topkeymedical.com\/wp-content\/uploads\/2025\/07\/Pipette-tips-10ml.webp 1000w, https:\/\/topkeymedical.com\/wp-content\/uploads\/2025\/07\/Pipette-tips-10ml-300x300.webp 300w, https:\/\/topkeymedical.com\/wp-content\/uploads\/2025\/07\/Pipette-tips-10ml-150x150.webp 150w, https:\/\/topkeymedical.com\/wp-content\/uploads\/2025\/07\/Pipette-tips-10ml-768x768.webp 768w, https:\/\/topkeymedical.com\/wp-content\/uploads\/2025\/07\/Pipette-tips-10ml-600x600.webp 600w, https:\/\/topkeymedical.com\/wp-content\/uploads\/2025\/07\/Pipette-tips-10ml-100x100.webp 100w\" sizes=\"(max-width: 1000px) 100vw, 1000px\" \/><figcaption id=\"caption-attachment-1148\" class=\"wp-caption-text\">Pipettes et embouts 10ml<\/figcaption><\/figure>","protected":false},"excerpt":{"rendered":"<p>Les pointes de pipette sont garanties sans pyog\u00e8ne, sans endotoxine, sans ADNse et sans ARNse. La paroi interne est lisse et l'ouverture optimis\u00e9e, ce qui permet d'aspirer l'\u00e9chantillon sans obstruction, sans fuite de liquide et sans accrochage \u00e0 la paroi, garantissant ainsi la pr\u00e9cision de l'aspiration du liquide.<\/p>","protected":false},"featured_media":1146,"template":"","meta":{"_acf_changed":false,"site-sidebar-layout":"default","site-content-layout":"","ast-site-content-layout":"default","site-content-style":"default","site-sidebar-style":"default","ast-global-header-display":"","ast-banner-title-visibility":"","ast-main-header-display":"","ast-hfb-above-header-display":"","ast-hfb-below-header-display":"","ast-hfb-mobile-header-display":"","site-post-title":"","ast-breadcrumbs-content":"","ast-featured-img":"","footer-sml-layout":"","ast-disable-related-posts":"","theme-transparent-header-meta":"default","adv-header-id-meta":"","stick-header-meta":"","header-above-stick-meta":"","header-main-stick-meta":"","header-below-stick-meta":"","astra-migrate-meta-layouts":"set","ast-page-background-enabled":"default","ast-page-background-meta":{"desktop":{"background-color":"var(--ast-global-color-5)","background-image":"","background-repeat":"repeat","background-position":"center center","background-size":"auto","background-attachment":"scroll","background-type":"","background-media":"","overlay-type":"","overlay-color":"","overlay-opacity":"","overlay-gradient":""},"tablet":{"background-color":"","background-image":"","background-repeat":"repeat","background-position":"center center","background-size":"auto","background-attachment":"scroll","background-type":"","background-media":"","overlay-type":"","overlay-color":"","overlay-opacity":"","overlay-gradient":""},"mobile":{"background-color":"","background-image":"","background-repeat":"repeat","background-position":"center center","background-size":"auto","background-attachment":"scroll","background-type":"","background-media":"","overlay-type":"","overlay-color":"","overlay-opacity":"","overlay-gradient":""}},"ast-content-background-meta":{"desktop":{"background-color":"var(--ast-global-color-4)","background-image":"","background-repeat":"repeat","background-position":"center center","background-size":"auto","background-attachment":"scroll","background-type":"","background-media":"","overlay-type":"","overlay-color":"","overlay-opacity":"","overlay-gradient":""},"tablet":{"background-color":"var(--ast-global-color-4)","background-image":"","background-repeat":"repeat","background-position":"center center","background-size":"auto","background-attachment":"scroll","background-type":"","background-media":"","overlay-type":"","overlay-color":"","overlay-opacity":"","overlay-gradient":""},"mobile":{"background-color":"var(--ast-global-color-4)","background-image":"","background-repeat":"repeat","background-position":"center center","background-size":"auto","background-attachment":"scroll","background-type":"","background-media":"","overlay-type":"","overlay-color":"","overlay-opacity":"","overlay-gradient":""}}},"product_brand":[],"product_cat":[67],"product_tag":[],"class_list":{"0":"post-1145","1":"product","2":"type-product","3":"status-publish","4":"has-post-thumbnail","6":"product_cat-laboratory-consumables","7":"desktop-align-left","8":"tablet-align-left","9":"mobile-align-left","11":"first","12":"instock","13":"shipping-taxable","14":"product-type-simple"},"acf":[],"yoast_head":"<!-- This site is optimized with the Yoast SEO plugin v27.4 - https:\/\/yoast.com\/product\/yoast-seo-wordpress\/ -->\n<title>Pipette tips 10ul, 200ul, 1000ul, 5ml, 10ml<\/title>\n<meta name=\"description\" content=\"The pipette tips are guaranteed to be pyogen-free, endotoxin-free, DNAse-free, and RNAse-free. It features a smooth inner wall and optimized aperture.\" \/>\n<meta name=\"robots\" content=\"index, follow, max-snippet:-1, max-image-preview:large, max-video-preview:-1\" \/>\n<link rel=\"canonical\" href=\"https:\/\/topkeymedical.com\/fr\/produit\/pointes-de-pipette-10ul-200ul-1000ul-5ml-10ml\/\" \/>\n<meta property=\"og:locale\" content=\"fr_FR\" \/>\n<meta property=\"og:type\" content=\"article\" \/>\n<meta property=\"og:title\" content=\"Pipette tips 10ul, 200ul, 1000ul, 5ml, 10ml\" \/>\n<meta property=\"og:description\" content=\"The pipette tips are guaranteed to be pyogen-free, endotoxin-free, DNAse-free, and RNAse-free. It features a smooth inner wall and optimized aperture.\" \/>\n<meta property=\"og:url\" content=\"https:\/\/topkeymedical.com\/fr\/produit\/pointes-de-pipette-10ul-200ul-1000ul-5ml-10ml\/\" \/>\n<meta property=\"og:site_name\" content=\"TOPKEY\u2013 Precision in Every Detail, Guardian of Life and Health\" \/>\n<meta property=\"article:publisher\" content=\"https:\/\/www.facebook.com\/profile.php?id=100088897294997\" \/>\n<meta property=\"article:modified_time\" content=\"2025-11-21T06:43:35+00:00\" \/>\n<meta property=\"og:image\" content=\"https:\/\/topkeymedical.com\/wp-content\/uploads\/2025\/07\/Pipette-tips-10ul.webp\" \/>\n\t<meta property=\"og:image:width\" content=\"1000\" \/>\n\t<meta property=\"og:image:height\" content=\"1000\" \/>\n\t<meta property=\"og:image:type\" content=\"image\/webp\" \/>\n<meta name=\"twitter:card\" content=\"summary_large_image\" \/>\n<meta name=\"twitter:label1\" content=\"Dur\u00e9e de lecture estim\u00e9e\" \/>\n\t<meta name=\"twitter:data1\" content=\"3 minutes\" \/>\n<script type=\"application\/ld+json\" class=\"yoast-schema-graph\">{\"@context\":\"https:\\\/\\\/schema.org\",\"@graph\":[{\"@type\":\"WebPage\",\"@id\":\"https:\\\/\\\/topkeymedical.com\\\/product\\\/pipette-tips-10ul-200ul-1000ul-5ml-10ml\\\/\",\"url\":\"https:\\\/\\\/topkeymedical.com\\\/product\\\/pipette-tips-10ul-200ul-1000ul-5ml-10ml\\\/\",\"name\":\"Pipette tips 10ul, 200ul, 1000ul, 5ml, 10ml\",\"isPartOf\":{\"@id\":\"https:\\\/\\\/topkeymedical.com\\\/#website\"},\"primaryImageOfPage\":{\"@id\":\"https:\\\/\\\/topkeymedical.com\\\/product\\\/pipette-tips-10ul-200ul-1000ul-5ml-10ml\\\/#primaryimage\"},\"image\":{\"@id\":\"https:\\\/\\\/topkeymedical.com\\\/product\\\/pipette-tips-10ul-200ul-1000ul-5ml-10ml\\\/#primaryimage\"},\"thumbnailUrl\":\"https:\\\/\\\/topkeymedical.com\\\/wp-content\\\/uploads\\\/2025\\\/07\\\/Pipette-tips-10ul.webp\",\"datePublished\":\"2025-07-20T14:22:57+00:00\",\"dateModified\":\"2025-11-21T06:43:35+00:00\",\"description\":\"The pipette tips are guaranteed to be pyogen-free, endotoxin-free, DNAse-free, and RNAse-free. It features a smooth inner wall and optimized aperture.\",\"breadcrumb\":{\"@id\":\"https:\\\/\\\/topkeymedical.com\\\/product\\\/pipette-tips-10ul-200ul-1000ul-5ml-10ml\\\/#breadcrumb\"},\"inLanguage\":\"fr-FR\",\"potentialAction\":[{\"@type\":\"ReadAction\",\"target\":[\"https:\\\/\\\/topkeymedical.com\\\/product\\\/pipette-tips-10ul-200ul-1000ul-5ml-10ml\\\/\"]}]},{\"@type\":\"ImageObject\",\"inLanguage\":\"fr-FR\",\"@id\":\"https:\\\/\\\/topkeymedical.com\\\/product\\\/pipette-tips-10ul-200ul-1000ul-5ml-10ml\\\/#primaryimage\",\"url\":\"https:\\\/\\\/topkeymedical.com\\\/wp-content\\\/uploads\\\/2025\\\/07\\\/Pipette-tips-10ul.webp\",\"contentUrl\":\"https:\\\/\\\/topkeymedical.com\\\/wp-content\\\/uploads\\\/2025\\\/07\\\/Pipette-tips-10ul.webp\",\"width\":1000,\"height\":1000,\"caption\":\"Pipette tips 10ul\"},{\"@type\":\"BreadcrumbList\",\"@id\":\"https:\\\/\\\/topkeymedical.com\\\/product\\\/pipette-tips-10ul-200ul-1000ul-5ml-10ml\\\/#breadcrumb\",\"itemListElement\":[{\"@type\":\"ListItem\",\"position\":1,\"name\":\"Home\",\"item\":\"https:\\\/\\\/topkeymedical.com\\\/\"},{\"@type\":\"ListItem\",\"position\":2,\"name\":\"Products\",\"item\":\"https:\\\/\\\/topkeymedical.com\\\/shop\\\/\"},{\"@type\":\"ListItem\",\"position\":3,\"name\":\"Pipette tips 10ul, 200ul, 1000ul, 5ml, 10ml\"}]},{\"@type\":\"WebSite\",\"@id\":\"https:\\\/\\\/topkeymedical.com\\\/#website\",\"url\":\"https:\\\/\\\/topkeymedical.com\\\/\",\"name\":\"TOPKEY\u2013 Precision in Every Detail, Guardian of Life and Health\",\"description\":\"\",\"publisher\":{\"@id\":\"https:\\\/\\\/topkeymedical.com\\\/#organization\"},\"potentialAction\":[{\"@type\":\"SearchAction\",\"target\":{\"@type\":\"EntryPoint\",\"urlTemplate\":\"https:\\\/\\\/topkeymedical.com\\\/?s={search_term_string}\"},\"query-input\":{\"@type\":\"PropertyValueSpecification\",\"valueRequired\":true,\"valueName\":\"search_term_string\"}}],\"inLanguage\":\"fr-FR\"},{\"@type\":\"Organization\",\"@id\":\"https:\\\/\\\/topkeymedical.com\\\/#organization\",\"name\":\"TOPKEY\u2013 Precision in Every Detail, Guardian of Life and Health\",\"url\":\"https:\\\/\\\/topkeymedical.com\\\/\",\"logo\":{\"@type\":\"ImageObject\",\"inLanguage\":\"fr-FR\",\"@id\":\"https:\\\/\\\/topkeymedical.com\\\/#\\\/schema\\\/logo\\\/image\\\/\",\"url\":\"https:\\\/\\\/topkeymedical.com\\\/wp-content\\\/uploads\\\/2025\\\/05\\\/cropped-logo.jpg\",\"contentUrl\":\"https:\\\/\\\/topkeymedical.com\\\/wp-content\\\/uploads\\\/2025\\\/05\\\/cropped-logo.jpg\",\"width\":512,\"height\":512,\"caption\":\"TOPKEY\u2013 Precision in Every Detail, Guardian of Life and Health\"},\"image\":{\"@id\":\"https:\\\/\\\/topkeymedical.com\\\/#\\\/schema\\\/logo\\\/image\\\/\"},\"sameAs\":[\"https:\\\/\\\/www.facebook.com\\\/profile.php?id=100088897294997\",\"https:\\\/\\\/www.youtube.com\\\/@TopkeyMedical-Alice888\",\"https:\\\/\\\/www.linkedin.com\\\/in\\\/alice-hu-bb66a01b3\\\/\"]}]}<\/script>\n<!-- \/ Yoast SEO plugin. -->","yoast_head_json":{"title":"Embouts de pipette 10ul, 200ul, 1000ul, 5ml, 10ml","description":"Les pointes de pipette sont garanties sans pyog\u00e8ne, sans endotoxine, sans ADNse et sans ARNse. Ils pr\u00e9sentent une paroi int\u00e9rieure lisse et une ouverture optimis\u00e9e.","robots":{"index":"index","follow":"follow","max-snippet":"max-snippet:-1","max-image-preview":"max-image-preview:large","max-video-preview":"max-video-preview:-1"},"canonical":"https:\/\/topkeymedical.com\/fr\/produit\/pointes-de-pipette-10ul-200ul-1000ul-5ml-10ml\/","og_locale":"fr_FR","og_type":"article","og_title":"Pipette tips 10ul, 200ul, 1000ul, 5ml, 10ml","og_description":"The pipette tips are guaranteed to be pyogen-free, endotoxin-free, DNAse-free, and RNAse-free. It features a smooth inner wall and optimized aperture.","og_url":"https:\/\/topkeymedical.com\/fr\/produit\/pointes-de-pipette-10ul-200ul-1000ul-5ml-10ml\/","og_site_name":"TOPKEY\u2013 Precision in Every Detail, Guardian of Life and Health","article_publisher":"https:\/\/www.facebook.com\/profile.php?id=100088897294997","article_modified_time":"2025-11-21T06:43:35+00:00","og_image":[{"width":1000,"height":1000,"url":"https:\/\/topkeymedical.com\/wp-content\/uploads\/2025\/07\/Pipette-tips-10ul.webp","type":"image\/webp"}],"twitter_card":"summary_large_image","twitter_misc":{"Dur\u00e9e de lecture estim\u00e9e":"3 minutes"},"schema":{"@context":"https:\/\/schema.org","@graph":[{"@type":"WebPage","@id":"https:\/\/topkeymedical.com\/product\/pipette-tips-10ul-200ul-1000ul-5ml-10ml\/","url":"https:\/\/topkeymedical.com\/product\/pipette-tips-10ul-200ul-1000ul-5ml-10ml\/","name":"Embouts de pipette 10ul, 200ul, 1000ul, 5ml, 10ml","isPartOf":{"@id":"https:\/\/topkeymedical.com\/#website"},"primaryImageOfPage":{"@id":"https:\/\/topkeymedical.com\/product\/pipette-tips-10ul-200ul-1000ul-5ml-10ml\/#primaryimage"},"image":{"@id":"https:\/\/topkeymedical.com\/product\/pipette-tips-10ul-200ul-1000ul-5ml-10ml\/#primaryimage"},"thumbnailUrl":"https:\/\/topkeymedical.com\/wp-content\/uploads\/2025\/07\/Pipette-tips-10ul.webp","datePublished":"2025-07-20T14:22:57+00:00","dateModified":"2025-11-21T06:43:35+00:00","description":"Les pointes de pipette sont garanties sans pyog\u00e8ne, sans endotoxine, sans ADNse et sans ARNse. Ils pr\u00e9sentent une paroi int\u00e9rieure lisse et une ouverture optimis\u00e9e.","breadcrumb":{"@id":"https:\/\/topkeymedical.com\/product\/pipette-tips-10ul-200ul-1000ul-5ml-10ml\/#breadcrumb"},"inLanguage":"fr-FR","potentialAction":[{"@type":"ReadAction","target":["https:\/\/topkeymedical.com\/product\/pipette-tips-10ul-200ul-1000ul-5ml-10ml\/"]}]},{"@type":"ImageObject","inLanguage":"fr-FR","@id":"https:\/\/topkeymedical.com\/product\/pipette-tips-10ul-200ul-1000ul-5ml-10ml\/#primaryimage","url":"https:\/\/topkeymedical.com\/wp-content\/uploads\/2025\/07\/Pipette-tips-10ul.webp","contentUrl":"https:\/\/topkeymedical.com\/wp-content\/uploads\/2025\/07\/Pipette-tips-10ul.webp","width":1000,"height":1000,"caption":"Pipette tips 10ul"},{"@type":"BreadcrumbList","@id":"https:\/\/topkeymedical.com\/product\/pipette-tips-10ul-200ul-1000ul-5ml-10ml\/#breadcrumb","itemListElement":[{"@type":"ListItem","position":1,"name":"Home","item":"https:\/\/topkeymedical.com\/"},{"@type":"ListItem","position":2,"name":"Products","item":"https:\/\/topkeymedical.com\/shop\/"},{"@type":"ListItem","position":3,"name":"Pipette tips 10ul, 200ul, 1000ul, 5ml, 10ml"}]},{"@type":"WebSite","@id":"https:\/\/topkeymedical.com\/#website","url":"https:\/\/topkeymedical.com\/","name":"TOPKEY - La pr\u00e9cision dans les moindres d\u00e9tails, gardienne de la vie et de la sant\u00e9","description":"","publisher":{"@id":"https:\/\/topkeymedical.com\/#organization"},"potentialAction":[{"@type":"SearchAction","target":{"@type":"EntryPoint","urlTemplate":"https:\/\/topkeymedical.com\/?s={search_term_string}"},"query-input":{"@type":"PropertyValueSpecification","valueRequired":true,"valueName":"search_term_string"}}],"inLanguage":"fr-FR"},{"@type":"Organization","@id":"https:\/\/topkeymedical.com\/#organization","name":"TOPKEY - La pr\u00e9cision dans les moindres d\u00e9tails, gardienne de la vie et de la sant\u00e9","url":"https:\/\/topkeymedical.com\/","logo":{"@type":"ImageObject","inLanguage":"fr-FR","@id":"https:\/\/topkeymedical.com\/#\/schema\/logo\/image\/","url":"https:\/\/topkeymedical.com\/wp-content\/uploads\/2025\/05\/cropped-logo.jpg","contentUrl":"https:\/\/topkeymedical.com\/wp-content\/uploads\/2025\/05\/cropped-logo.jpg","width":512,"height":512,"caption":"TOPKEY\u2013 Precision in Every Detail, Guardian of Life and Health"},"image":{"@id":"https:\/\/topkeymedical.com\/#\/schema\/logo\/image\/"},"sameAs":["https:\/\/www.facebook.com\/profile.php?id=100088897294997","https:\/\/www.youtube.com\/@TopkeyMedical-Alice888","https:\/\/www.linkedin.com\/in\/alice-hu-bb66a01b3\/"]}]}},"_links":{"self":[{"href":"https:\/\/topkeymedical.com\/fr\/wp-json\/wp\/v2\/product\/1145","targetHints":{"allow":["GET"]}}],"collection":[{"href":"https:\/\/topkeymedical.com\/fr\/wp-json\/wp\/v2\/product"}],"about":[{"href":"https:\/\/topkeymedical.com\/fr\/wp-json\/wp\/v2\/types\/product"}],"version-history":[{"count":2,"href":"https:\/\/topkeymedical.com\/fr\/wp-json\/wp\/v2\/product\/1145\/revisions"}],"predecessor-version":[{"id":1563,"href":"https:\/\/topkeymedical.com\/fr\/wp-json\/wp\/v2\/product\/1145\/revisions\/1563"}],"wp:featuredmedia":[{"embeddable":true,"href":"https:\/\/topkeymedical.com\/fr\/wp-json\/wp\/v2\/media\/1146"}],"wp:attachment":[{"href":"https:\/\/topkeymedical.com\/fr\/wp-json\/wp\/v2\/media?parent=1145"}],"wp:term":[{"taxonomy":"product_brand","embeddable":true,"href":"https:\/\/topkeymedical.com\/fr\/wp-json\/wp\/v2\/product_brand?post=1145"},{"taxonomy":"product_cat","embeddable":true,"href":"https:\/\/topkeymedical.com\/fr\/wp-json\/wp\/v2\/product_cat?post=1145"},{"taxonomy":"product_tag","embeddable":true,"href":"https:\/\/topkeymedical.com\/fr\/wp-json\/wp\/v2\/product_tag?post=1145"}],"curies":[{"name":"wp","href":"https:\/\/api.w.org\/{rel}","templated":true}]}}