{"id":1605,"date":"2025-11-29T14:12:48","date_gmt":"2025-11-29T14:12:48","guid":{"rendered":"https:\/\/topkeymedical.com\/?post_type=product&#038;p=1605"},"modified":"2025-11-29T14:12:48","modified_gmt":"2025-11-29T14:12:48","slug":"fabricant-de-pipettes-a-canal-unique","status":"publish","type":"product","link":"https:\/\/topkeymedical.com\/fr\/produit\/fabricant-de-pipettes-a-canal-unique\/","title":{"rendered":"Pipette monocanal, fabricant de pipettes"},"content":{"rendered":"<p>La pipette monocanal joue un r\u00f4le crucial dans divers domaines, notamment la biologie, la chimie et la m\u00e9decine, car elle permet des op\u00e9rations pr\u00e9cises de manipulation des liquides qui sont essentielles \u00e0 la r\u00e9ussite des exp\u00e9riences.<\/p>\n<p>La pipette monocanal est con\u00e7ue dans un souci de simplicit\u00e9 et de fonctionnalit\u00e9. Elle se compose g\u00e9n\u00e9ralement d'un cylindre, d'un m\u00e9canisme de piston et d'un embout jetable.<\/p>\n<p>Le corps permet \u00e0 l'utilisateur de tenir et d'utiliser la pipette, tandis que le piston sert \u00e0 contr\u00f4ler l'aspiration et la distribution des liquides.<\/p>\n<p>L'embout jetable est une caract\u00e9ristique essentielle, car il garantit un transfert de liquide pr\u00e9cis et sans contamination.<\/p>\n<p>Ces pointes sont disponibles en diff\u00e9rents volumes, allant du microlitre au millilitre, ce qui permet de manipuler diff\u00e9rentes quantit\u00e9s de liquides en fonction des besoins de l'exp\u00e9rience.<\/p>\n<p>L'un des principaux avantages de la pipette monocanal est sa pr\u00e9cision.<\/p>\n<p>Les scientifiques et les chercheurs comptent sur sa capacit\u00e9 \u00e0 mesurer et \u00e0 transf\u00e9rer avec pr\u00e9cision de petits volumes de liquides. Dans les exp\u00e9riences de biologie mol\u00e9culaire, par exemple, lorsqu'il s'agit d'\u00e9chantillons d'ADN, d'enzymes et de r\u00e9actifs, la moindre erreur de volume peut conduire \u00e0 des r\u00e9sultats peu fiables.<\/p>\n<p>La pipette monocanal peut aspirer et distribuer avec pr\u00e9cision des volumes aussi petits que quelques microlitres avec un haut degr\u00e9 de reproductibilit\u00e9.<\/p>\n<p>Cette pr\u00e9cision est essentielle pour des t\u00e2ches telles que <a href=\"https:\/\/www.genome.gov\/genetics-glossary\/Polymerase-Chain-Reaction-PCR\" target=\"_blank\" rel=\"noopener\">PCR<\/a> (Polymerase Chain Reaction), o\u00f9 le rapport correct entre les amorces, l'ADN matrice et l'enzyme polym\u00e9rase est crucial pour une amplification r\u00e9ussie.<\/p>\n<h2>Sch\u00e9ma de la structure du produit<\/h2>\n<h2><img fetchpriority=\"high\" decoding=\"async\" class=\"alignleft wp-image-1606 size-full\" src=\"https:\/\/topkeymedical.com\/wp-content\/uploads\/2025\/11\/Pipette-Manufacturer.webp\" alt=\"Fabricant de pipettes\" width=\"751\" height=\"751\" srcset=\"https:\/\/topkeymedical.com\/wp-content\/uploads\/2025\/11\/Pipette-Manufacturer.webp 751w, https:\/\/topkeymedical.com\/wp-content\/uploads\/2025\/11\/Pipette-Manufacturer-300x300.webp 300w, https:\/\/topkeymedical.com\/wp-content\/uploads\/2025\/11\/Pipette-Manufacturer-150x150.webp 150w, https:\/\/topkeymedical.com\/wp-content\/uploads\/2025\/11\/Pipette-Manufacturer-12x12.webp 12w, https:\/\/topkeymedical.com\/wp-content\/uploads\/2025\/11\/Pipette-Manufacturer-600x600.webp 600w, https:\/\/topkeymedical.com\/wp-content\/uploads\/2025\/11\/Pipette-Manufacturer-100x100.webp 100w\" sizes=\"(max-width: 751px) 100vw, 751px\" \/><\/h2>\n<h2>Param\u00e8tres techniques :<\/h2>\n<table>\n<tbody>\n<tr>\n<td rowspan=\"3\" width=\"99\">Type<\/td>\n<td rowspan=\"3\" width=\"105\">Volume<\/p>\n<p>Gamme<\/td>\n<td rowspan=\"3\" width=\"81\">Incr\u00e9ment<\/td>\n<td rowspan=\"2\" width=\"83\">Test<\/p>\n<p>Volume<\/td>\n<td width=\"102\">Maximum<\/p>\n<p>Autoris\u00e9<\/p>\n<p>Erreurs<\/td>\n<td width=\"98\">Maximum<\/p>\n<p>Autoris\u00e9<\/p>\n<p>Erreurs<\/td>\n<\/tr>\n<tr>\n<td width=\"102\">Pr\u00e9cision<\/p>\n<p>Erreurs<\/td>\n<td width=\"98\">Pr\u00e9cicion<\/p>\n<p>Erreurs<\/td>\n<\/tr>\n<tr>\n<td width=\"83\">\u03bcL<\/td>\n<td width=\"102\">%<\/td>\n<td width=\"98\">%<\/td>\n<\/tr>\n<tr>\n<td rowspan=\"2\" width=\"99\">0,1~2,5\u03bcL<\/td>\n<td rowspan=\"2\" width=\"105\">0,1~2,5\u03bcL<\/td>\n<td rowspan=\"2\" width=\"81\">0,05\u03bcL<\/td>\n<td width=\"83\">1,25\u03bcL<\/td>\n<td width=\"102\">\u00b13,00%<\/td>\n<td width=\"98\">3.00%<\/td>\n<\/tr>\n<tr>\n<td width=\"83\">0,25\u03bcL<\/td>\n<td width=\"102\">\u00b112,00%<\/td>\n<td width=\"98\">6.00%<\/td>\n<\/tr>\n<tr>\n<td rowspan=\"3\" width=\"99\">0,5~10\u03bcL<\/td>\n<td rowspan=\"3\" width=\"105\">0,5~10\u03bcL<\/td>\n<td rowspan=\"3\" width=\"81\">0,1\u03bcL<\/td>\n<td width=\"83\">10\u03bcL<\/td>\n<td width=\"102\">\u00b11,00%<\/td>\n<td width=\"98\">0.80%<\/td>\n<\/tr>\n<tr>\n<td width=\"83\">5\u03bcL<\/td>\n<td width=\"102\">\u00b11.50%<\/td>\n<td width=\"98\">1.50%<\/td>\n<\/tr>\n<tr>\n<td width=\"83\">1\u03bcL<\/td>\n<td width=\"102\">\u00b12.50%<\/td>\n<td width=\"98\">1.50%<\/td>\n<\/tr>\n<tr>\n<td rowspan=\"3\" width=\"99\">2~20\u03bcL<\/td>\n<td rowspan=\"3\" width=\"105\">2~20\u03bcL<\/td>\n<td rowspan=\"3\" width=\"81\">0,5\u03bcL<\/td>\n<td width=\"83\">20\u03bcL<\/td>\n<td width=\"102\">\u00b10,90%<\/td>\n<td width=\"98\">0.40%<\/td>\n<\/tr>\n<tr>\n<td width=\"83\">10\u03bcL<\/td>\n<td width=\"102\">\u00b11,20%<\/td>\n<td width=\"98\">1.00%<\/td>\n<\/tr>\n<tr>\n<td width=\"83\">2\u03bcL<\/td>\n<td width=\"102\">\u00b13,00%<\/td>\n<td width=\"98\">2.00%<\/td>\n<\/tr>\n<tr>\n<td rowspan=\"3\" width=\"99\">5~50\u03bcL<\/td>\n<td rowspan=\"3\" width=\"105\">5~50\u03bcL<\/td>\n<td rowspan=\"3\" width=\"81\">0,5\u03bcL<\/td>\n<td width=\"83\">50\u03bcL<\/td>\n<td width=\"102\">\u00b10,60%<\/td>\n<td width=\"98\">0.30%<\/td>\n<\/tr>\n<tr>\n<td width=\"83\">25\u03bcL<\/td>\n<td width=\"102\">\u00b10,90%<\/td>\n<td width=\"98\">0.60%<\/td>\n<\/tr>\n<tr>\n<td width=\"83\">5\u03bcL<\/td>\n<td width=\"102\">\u00b12,00%<\/td>\n<td width=\"98\">2.00%<\/td>\n<\/tr>\n<tr>\n<td rowspan=\"3\" width=\"99\">10~100\u03bcL<\/td>\n<td rowspan=\"3\" width=\"105\">10~100\u03bcL<\/td>\n<td rowspan=\"3\" width=\"81\">1,0\u03bcL<\/td>\n<td width=\"83\">100\u03bcL<\/td>\n<td width=\"102\">\u00b10,80%<\/td>\n<td width=\"98\">0.20%<\/td>\n<\/tr>\n<tr>\n<td width=\"83\">50\u03bcL<\/td>\n<td width=\"102\">\u00b11,00%<\/td>\n<td width=\"98\">0.40%<\/td>\n<\/tr>\n<tr>\n<td width=\"83\">10\u03bcL<\/td>\n<td width=\"102\">\u00b13,00%<\/td>\n<td width=\"98\">1.00%<\/td>\n<\/tr>\n<tr>\n<td rowspan=\"3\" width=\"99\">20~200\u03bcL<\/td>\n<td rowspan=\"3\" width=\"105\">20~200\u03bcL<\/td>\n<td rowspan=\"3\" width=\"81\">1,0\u03bcL<\/td>\n<td width=\"83\">200\u03bcL<\/td>\n<td width=\"102\">\u00b10,60%<\/td>\n<td width=\"98\">0.20%<\/td>\n<\/tr>\n<tr>\n<td width=\"83\">100\u03bcL<\/td>\n<td width=\"102\">\u00b10,80%<\/td>\n<td width=\"98\">0.30%<\/td>\n<\/tr>\n<tr>\n<td width=\"83\">20\u03bcL<\/td>\n<td width=\"102\">\u00b12.50%<\/td>\n<td width=\"98\">0.80%<\/td>\n<\/tr>\n<tr>\n<td rowspan=\"3\" width=\"99\">100~1000\u03bcL<\/td>\n<td rowspan=\"3\" width=\"105\">100~1000\u03bcL<\/td>\n<td rowspan=\"3\" width=\"81\">5.0\u03bcL<\/td>\n<td width=\"83\">1000\u03bcL<\/td>\n<td width=\"102\">\u00b10,60%<\/td>\n<td width=\"98\">0.20%<\/td>\n<\/tr>\n<tr>\n<td width=\"83\">500\u03bcL<\/td>\n<td width=\"102\">\u00b10,70%<\/td>\n<td width=\"98\">0.25%<\/td>\n<\/tr>\n<tr>\n<td width=\"83\">100\u03bcL<\/td>\n<td width=\"102\">\u00b12,00%<\/td>\n<td width=\"98\">0.70%<\/td>\n<\/tr>\n<tr>\n<td rowspan=\"3\" width=\"99\">1000~5000\u03bcL<\/td>\n<td rowspan=\"3\" width=\"105\">1000~5000\u03bcL<\/td>\n<td rowspan=\"3\" width=\"81\">50,0\u03bcL<\/td>\n<td width=\"83\">5000\u03bcL<\/td>\n<td width=\"102\">\u00b10,50%<\/td>\n<td width=\"98\">0.20%<\/td>\n<\/tr>\n<tr>\n<td width=\"83\">2500\u03bcL<\/td>\n<td width=\"102\">\u00b10,60%<\/td>\n<td width=\"98\">0.30%<\/td>\n<\/tr>\n<tr>\n<td width=\"83\">1000\u03bcL<\/td>\n<td width=\"102\">\u00b10,70%<\/td>\n<td width=\"98\">0.30%<\/td>\n<\/tr>\n<tr>\n<td rowspan=\"3\" width=\"99\">1~10ml<\/td>\n<td rowspan=\"3\" width=\"105\">1~10ml<\/td>\n<td rowspan=\"3\" width=\"81\">100\u03bcL<\/td>\n<td width=\"83\">10000\u03bcL<\/td>\n<td width=\"102\">\u00b10,60%<\/td>\n<td width=\"98\">0.20%<\/td>\n<\/tr>\n<tr>\n<td width=\"83\">5000\u03bcL<\/td>\n<td width=\"102\">\u00b11,20%<\/td>\n<td width=\"98\">0.30%<\/td>\n<\/tr>\n<tr>\n<td width=\"83\">1000\u03bcL<\/td>\n<td width=\"102\">\u00b13,00%<\/td>\n<td width=\"98\">0.60%<\/td>\n<\/tr>\n<\/tbody>\n<\/table>\n<p><img decoding=\"async\" class=\"alignleft wp-image-1601 size-full\" title=\"pipette \u00e9lectronique \u00e0 canal unique\" src=\"https:\/\/topkeymedical.com\/wp-content\/uploads\/2025\/11\/electronic-single-channel-pipette-8.webp\" alt=\"pipette \u00e9lectronique \u00e0 canal unique\" width=\"1000\" height=\"1000\" srcset=\"https:\/\/topkeymedical.com\/wp-content\/uploads\/2025\/11\/electronic-single-channel-pipette-8.webp 1000w, https:\/\/topkeymedical.com\/wp-content\/uploads\/2025\/11\/electronic-single-channel-pipette-8-300x300.webp 300w, https:\/\/topkeymedical.com\/wp-content\/uploads\/2025\/11\/electronic-single-channel-pipette-8-150x150.webp 150w, https:\/\/topkeymedical.com\/wp-content\/uploads\/2025\/11\/electronic-single-channel-pipette-8-768x768.webp 768w, https:\/\/topkeymedical.com\/wp-content\/uploads\/2025\/11\/electronic-single-channel-pipette-8-12x12.webp 12w, https:\/\/topkeymedical.com\/wp-content\/uploads\/2025\/11\/electronic-single-channel-pipette-8-600x600.webp 600w, https:\/\/topkeymedical.com\/wp-content\/uploads\/2025\/11\/electronic-single-channel-pipette-8-100x100.webp 100w\" sizes=\"(max-width: 1000px) 100vw, 1000px\" \/> <img decoding=\"async\" class=\"alignnone wp-image-1600 size-full\" title=\"pipette \u00e9lectronique \u00e0 canal unique\" src=\"https:\/\/topkeymedical.com\/wp-content\/uploads\/2025\/11\/electronic-single-channel-pipette-7.webp\" alt=\"pipette \u00e9lectronique \u00e0 canal unique\" width=\"1000\" height=\"1000\" srcset=\"https:\/\/topkeymedical.com\/wp-content\/uploads\/2025\/11\/electronic-single-channel-pipette-7.webp 1000w, https:\/\/topkeymedical.com\/wp-content\/uploads\/2025\/11\/electronic-single-channel-pipette-7-300x300.webp 300w, https:\/\/topkeymedical.com\/wp-content\/uploads\/2025\/11\/electronic-single-channel-pipette-7-150x150.webp 150w, https:\/\/topkeymedical.com\/wp-content\/uploads\/2025\/11\/electronic-single-channel-pipette-7-768x768.webp 768w, https:\/\/topkeymedical.com\/wp-content\/uploads\/2025\/11\/electronic-single-channel-pipette-7-12x12.webp 12w, https:\/\/topkeymedical.com\/wp-content\/uploads\/2025\/11\/electronic-single-channel-pipette-7-600x600.webp 600w, https:\/\/topkeymedical.com\/wp-content\/uploads\/2025\/11\/electronic-single-channel-pipette-7-100x100.webp 100w\" sizes=\"(max-width: 1000px) 100vw, 1000px\" \/><\/p>\n<p><img loading=\"lazy\" decoding=\"async\" class=\"alignleft wp-image-1594 size-full\" src=\"https:\/\/topkeymedical.com\/wp-content\/uploads\/2025\/11\/electronic-single-channel-pipette-1.webp\" alt=\"pipette \u00e9lectronique \u00e0 canal unique\" width=\"1000\" height=\"1000\" srcset=\"https:\/\/topkeymedical.com\/wp-content\/uploads\/2025\/11\/electronic-single-channel-pipette-1.webp 1000w, https:\/\/topkeymedical.com\/wp-content\/uploads\/2025\/11\/electronic-single-channel-pipette-1-300x300.webp 300w, https:\/\/topkeymedical.com\/wp-content\/uploads\/2025\/11\/electronic-single-channel-pipette-1-150x150.webp 150w, https:\/\/topkeymedical.com\/wp-content\/uploads\/2025\/11\/electronic-single-channel-pipette-1-768x768.webp 768w, https:\/\/topkeymedical.com\/wp-content\/uploads\/2025\/11\/electronic-single-channel-pipette-1-12x12.webp 12w, https:\/\/topkeymedical.com\/wp-content\/uploads\/2025\/11\/electronic-single-channel-pipette-1-600x600.webp 600w, https:\/\/topkeymedical.com\/wp-content\/uploads\/2025\/11\/electronic-single-channel-pipette-1-100x100.webp 100w\" sizes=\"(max-width: 1000px) 100vw, 1000px\" \/><\/p>","protected":false},"excerpt":{"rendered":"<p>Dans le monde de la recherche scientifique et du travail en laboratoire, la pipette monocanal est un instrument omnipr\u00e9sent et inestimable.<\/p>","protected":false},"featured_media":1599,"template":"","meta":{"_acf_changed":false,"site-sidebar-layout":"default","site-content-layout":"","ast-site-content-layout":"default","site-content-style":"default","site-sidebar-style":"default","ast-global-header-display":"","ast-banner-title-visibility":"","ast-main-header-display":"","ast-hfb-above-header-display":"","ast-hfb-below-header-display":"","ast-hfb-mobile-header-display":"","site-post-title":"","ast-breadcrumbs-content":"","ast-featured-img":"","footer-sml-layout":"","ast-disable-related-posts":"","theme-transparent-header-meta":"default","adv-header-id-meta":"","stick-header-meta":"","header-above-stick-meta":"","header-main-stick-meta":"","header-below-stick-meta":"","astra-migrate-meta-layouts":"set","ast-page-background-enabled":"default","ast-page-background-meta":{"desktop":{"background-color":"var(--ast-global-color-5)","background-image":"","background-repeat":"repeat","background-position":"center center","background-size":"auto","background-attachment":"scroll","background-type":"","background-media":"","overlay-type":"","overlay-color":"","overlay-opacity":"","overlay-gradient":""},"tablet":{"background-color":"","background-image":"","background-repeat":"repeat","background-position":"center center","background-size":"auto","background-attachment":"scroll","background-type":"","background-media":"","overlay-type":"","overlay-color":"","overlay-opacity":"","overlay-gradient":""},"mobile":{"background-color":"","background-image":"","background-repeat":"repeat","background-position":"center center","background-size":"auto","background-attachment":"scroll","background-type":"","background-media":"","overlay-type":"","overlay-color":"","overlay-opacity":"","overlay-gradient":""}},"ast-content-background-meta":{"desktop":{"background-color":"var(--ast-global-color-4)","background-image":"","background-repeat":"repeat","background-position":"center center","background-size":"auto","background-attachment":"scroll","background-type":"","background-media":"","overlay-type":"","overlay-color":"","overlay-opacity":"","overlay-gradient":""},"tablet":{"background-color":"var(--ast-global-color-4)","background-image":"","background-repeat":"repeat","background-position":"center center","background-size":"auto","background-attachment":"scroll","background-type":"","background-media":"","overlay-type":"","overlay-color":"","overlay-opacity":"","overlay-gradient":""},"mobile":{"background-color":"var(--ast-global-color-4)","background-image":"","background-repeat":"repeat","background-position":"center center","background-size":"auto","background-attachment":"scroll","background-type":"","background-media":"","overlay-type":"","overlay-color":"","overlay-opacity":"","overlay-gradient":""}}},"product_brand":[],"product_cat":[66],"product_tag":[],"class_list":{"0":"post-1605","1":"product","2":"type-product","3":"status-publish","4":"has-post-thumbnail","6":"product_cat-manual-pipette","7":"desktop-align-left","8":"tablet-align-left","9":"mobile-align-left","11":"first","12":"instock","13":"shipping-taxable","14":"product-type-simple"},"acf":[],"yoast_head":"<!-- This site is optimized with the Yoast SEO plugin v27.4 - https:\/\/yoast.com\/product\/yoast-seo-wordpress\/ -->\n<title>Single-Channel Pipette, Pipette Manufacturer<\/title>\n<meta name=\"description\" content=\"In the world of scientific research and laboratory work, the single-channel pipette is a ubiquitous and invaluable instrument.\" \/>\n<meta name=\"robots\" content=\"index, follow, max-snippet:-1, max-image-preview:large, max-video-preview:-1\" \/>\n<link rel=\"canonical\" href=\"https:\/\/topkeymedical.com\/fr\/produit\/fabricant-de-pipettes-a-canal-unique\/\" \/>\n<meta property=\"og:locale\" content=\"fr_FR\" \/>\n<meta property=\"og:type\" content=\"article\" \/>\n<meta property=\"og:title\" content=\"Single-Channel Pipette, Pipette Manufacturer\" \/>\n<meta property=\"og:description\" content=\"In the world of scientific research and laboratory work, the single-channel pipette is a ubiquitous and invaluable instrument.\" \/>\n<meta property=\"og:url\" content=\"https:\/\/topkeymedical.com\/fr\/produit\/fabricant-de-pipettes-a-canal-unique\/\" \/>\n<meta property=\"og:site_name\" content=\"TOPKEY\u2013 Precision in Every Detail, Guardian of Life and Health\" \/>\n<meta property=\"article:publisher\" content=\"https:\/\/www.facebook.com\/profile.php?id=100088897294997\" \/>\n<meta property=\"og:image\" content=\"https:\/\/topkeymedical.com\/wp-content\/uploads\/2025\/11\/electronic-single-channel-pipette-6.webp\" \/>\n\t<meta property=\"og:image:width\" content=\"1000\" \/>\n\t<meta property=\"og:image:height\" content=\"1000\" \/>\n\t<meta property=\"og:image:type\" content=\"image\/webp\" \/>\n<meta name=\"twitter:card\" content=\"summary_large_image\" \/>\n<meta name=\"twitter:label1\" content=\"Dur\u00e9e de lecture estim\u00e9e\" \/>\n\t<meta name=\"twitter:data1\" content=\"3 minutes\" \/>\n<script type=\"application\/ld+json\" class=\"yoast-schema-graph\">{\"@context\":\"https:\\\/\\\/schema.org\",\"@graph\":[{\"@type\":\"WebPage\",\"@id\":\"https:\\\/\\\/topkeymedical.com\\\/product\\\/single-channel-pipette-manufacturer\\\/\",\"url\":\"https:\\\/\\\/topkeymedical.com\\\/product\\\/single-channel-pipette-manufacturer\\\/\",\"name\":\"Single-Channel Pipette, Pipette Manufacturer\",\"isPartOf\":{\"@id\":\"https:\\\/\\\/topkeymedical.com\\\/#website\"},\"primaryImageOfPage\":{\"@id\":\"https:\\\/\\\/topkeymedical.com\\\/product\\\/single-channel-pipette-manufacturer\\\/#primaryimage\"},\"image\":{\"@id\":\"https:\\\/\\\/topkeymedical.com\\\/product\\\/single-channel-pipette-manufacturer\\\/#primaryimage\"},\"thumbnailUrl\":\"https:\\\/\\\/topkeymedical.com\\\/wp-content\\\/uploads\\\/2025\\\/11\\\/electronic-single-channel-pipette-6.webp\",\"datePublished\":\"2025-11-29T14:12:48+00:00\",\"description\":\"In the world of scientific research and laboratory work, the single-channel pipette is a ubiquitous and invaluable instrument.\",\"breadcrumb\":{\"@id\":\"https:\\\/\\\/topkeymedical.com\\\/product\\\/single-channel-pipette-manufacturer\\\/#breadcrumb\"},\"inLanguage\":\"fr-FR\",\"potentialAction\":[{\"@type\":\"ReadAction\",\"target\":[\"https:\\\/\\\/topkeymedical.com\\\/product\\\/single-channel-pipette-manufacturer\\\/\"]}]},{\"@type\":\"ImageObject\",\"inLanguage\":\"fr-FR\",\"@id\":\"https:\\\/\\\/topkeymedical.com\\\/product\\\/single-channel-pipette-manufacturer\\\/#primaryimage\",\"url\":\"https:\\\/\\\/topkeymedical.com\\\/wp-content\\\/uploads\\\/2025\\\/11\\\/electronic-single-channel-pipette-6.webp\",\"contentUrl\":\"https:\\\/\\\/topkeymedical.com\\\/wp-content\\\/uploads\\\/2025\\\/11\\\/electronic-single-channel-pipette-6.webp\",\"width\":1000,\"height\":1000,\"caption\":\"single channel pipette\"},{\"@type\":\"BreadcrumbList\",\"@id\":\"https:\\\/\\\/topkeymedical.com\\\/product\\\/single-channel-pipette-manufacturer\\\/#breadcrumb\",\"itemListElement\":[{\"@type\":\"ListItem\",\"position\":1,\"name\":\"Home\",\"item\":\"https:\\\/\\\/topkeymedical.com\\\/\"},{\"@type\":\"ListItem\",\"position\":2,\"name\":\"Products\",\"item\":\"https:\\\/\\\/topkeymedical.com\\\/shop\\\/\"},{\"@type\":\"ListItem\",\"position\":3,\"name\":\"Single-Channel Pipette, Pipette Manufacturer\"}]},{\"@type\":\"WebSite\",\"@id\":\"https:\\\/\\\/topkeymedical.com\\\/#website\",\"url\":\"https:\\\/\\\/topkeymedical.com\\\/\",\"name\":\"TOPKEY\u2013 Precision in Every Detail, Guardian of Life and Health\",\"description\":\"\",\"publisher\":{\"@id\":\"https:\\\/\\\/topkeymedical.com\\\/#organization\"},\"potentialAction\":[{\"@type\":\"SearchAction\",\"target\":{\"@type\":\"EntryPoint\",\"urlTemplate\":\"https:\\\/\\\/topkeymedical.com\\\/?s={search_term_string}\"},\"query-input\":{\"@type\":\"PropertyValueSpecification\",\"valueRequired\":true,\"valueName\":\"search_term_string\"}}],\"inLanguage\":\"fr-FR\"},{\"@type\":\"Organization\",\"@id\":\"https:\\\/\\\/topkeymedical.com\\\/#organization\",\"name\":\"TOPKEY\u2013 Precision in Every Detail, Guardian of Life and Health\",\"url\":\"https:\\\/\\\/topkeymedical.com\\\/\",\"logo\":{\"@type\":\"ImageObject\",\"inLanguage\":\"fr-FR\",\"@id\":\"https:\\\/\\\/topkeymedical.com\\\/#\\\/schema\\\/logo\\\/image\\\/\",\"url\":\"https:\\\/\\\/topkeymedical.com\\\/wp-content\\\/uploads\\\/2025\\\/05\\\/cropped-logo.jpg\",\"contentUrl\":\"https:\\\/\\\/topkeymedical.com\\\/wp-content\\\/uploads\\\/2025\\\/05\\\/cropped-logo.jpg\",\"width\":512,\"height\":512,\"caption\":\"TOPKEY\u2013 Precision in Every Detail, Guardian of Life and Health\"},\"image\":{\"@id\":\"https:\\\/\\\/topkeymedical.com\\\/#\\\/schema\\\/logo\\\/image\\\/\"},\"sameAs\":[\"https:\\\/\\\/www.facebook.com\\\/profile.php?id=100088897294997\",\"https:\\\/\\\/www.youtube.com\\\/@TopkeyMedical-Alice888\",\"https:\\\/\\\/www.linkedin.com\\\/in\\\/alice-hu-bb66a01b3\\\/\"]}]}<\/script>\n<!-- \/ Yoast SEO plugin. -->","yoast_head_json":{"title":"Pipette monocanal, fabricant de pipettes","description":"Dans le monde de la recherche scientifique et du travail en laboratoire, la pipette monocanal est un instrument omnipr\u00e9sent et inestimable.","robots":{"index":"index","follow":"follow","max-snippet":"max-snippet:-1","max-image-preview":"max-image-preview:large","max-video-preview":"max-video-preview:-1"},"canonical":"https:\/\/topkeymedical.com\/fr\/produit\/fabricant-de-pipettes-a-canal-unique\/","og_locale":"fr_FR","og_type":"article","og_title":"Single-Channel Pipette, Pipette Manufacturer","og_description":"In the world of scientific research and laboratory work, the single-channel pipette is a ubiquitous and invaluable instrument.","og_url":"https:\/\/topkeymedical.com\/fr\/produit\/fabricant-de-pipettes-a-canal-unique\/","og_site_name":"TOPKEY\u2013 Precision in Every Detail, Guardian of Life and Health","article_publisher":"https:\/\/www.facebook.com\/profile.php?id=100088897294997","og_image":[{"width":1000,"height":1000,"url":"https:\/\/topkeymedical.com\/wp-content\/uploads\/2025\/11\/electronic-single-channel-pipette-6.webp","type":"image\/webp"}],"twitter_card":"summary_large_image","twitter_misc":{"Dur\u00e9e de lecture estim\u00e9e":"3 minutes"},"schema":{"@context":"https:\/\/schema.org","@graph":[{"@type":"WebPage","@id":"https:\/\/topkeymedical.com\/product\/single-channel-pipette-manufacturer\/","url":"https:\/\/topkeymedical.com\/product\/single-channel-pipette-manufacturer\/","name":"Pipette monocanal, fabricant de pipettes","isPartOf":{"@id":"https:\/\/topkeymedical.com\/#website"},"primaryImageOfPage":{"@id":"https:\/\/topkeymedical.com\/product\/single-channel-pipette-manufacturer\/#primaryimage"},"image":{"@id":"https:\/\/topkeymedical.com\/product\/single-channel-pipette-manufacturer\/#primaryimage"},"thumbnailUrl":"https:\/\/topkeymedical.com\/wp-content\/uploads\/2025\/11\/electronic-single-channel-pipette-6.webp","datePublished":"2025-11-29T14:12:48+00:00","description":"Dans le monde de la recherche scientifique et du travail en laboratoire, la pipette monocanal est un instrument omnipr\u00e9sent et inestimable.","breadcrumb":{"@id":"https:\/\/topkeymedical.com\/product\/single-channel-pipette-manufacturer\/#breadcrumb"},"inLanguage":"fr-FR","potentialAction":[{"@type":"ReadAction","target":["https:\/\/topkeymedical.com\/product\/single-channel-pipette-manufacturer\/"]}]},{"@type":"ImageObject","inLanguage":"fr-FR","@id":"https:\/\/topkeymedical.com\/product\/single-channel-pipette-manufacturer\/#primaryimage","url":"https:\/\/topkeymedical.com\/wp-content\/uploads\/2025\/11\/electronic-single-channel-pipette-6.webp","contentUrl":"https:\/\/topkeymedical.com\/wp-content\/uploads\/2025\/11\/electronic-single-channel-pipette-6.webp","width":1000,"height":1000,"caption":"single channel pipette"},{"@type":"BreadcrumbList","@id":"https:\/\/topkeymedical.com\/product\/single-channel-pipette-manufacturer\/#breadcrumb","itemListElement":[{"@type":"ListItem","position":1,"name":"Home","item":"https:\/\/topkeymedical.com\/"},{"@type":"ListItem","position":2,"name":"Products","item":"https:\/\/topkeymedical.com\/shop\/"},{"@type":"ListItem","position":3,"name":"Single-Channel Pipette, Pipette Manufacturer"}]},{"@type":"WebSite","@id":"https:\/\/topkeymedical.com\/#website","url":"https:\/\/topkeymedical.com\/","name":"TOPKEY - La pr\u00e9cision dans les moindres d\u00e9tails, gardienne de la vie et de la sant\u00e9","description":"","publisher":{"@id":"https:\/\/topkeymedical.com\/#organization"},"potentialAction":[{"@type":"SearchAction","target":{"@type":"EntryPoint","urlTemplate":"https:\/\/topkeymedical.com\/?s={search_term_string}"},"query-input":{"@type":"PropertyValueSpecification","valueRequired":true,"valueName":"search_term_string"}}],"inLanguage":"fr-FR"},{"@type":"Organization","@id":"https:\/\/topkeymedical.com\/#organization","name":"TOPKEY - La pr\u00e9cision dans les moindres d\u00e9tails, gardienne de la vie et de la sant\u00e9","url":"https:\/\/topkeymedical.com\/","logo":{"@type":"ImageObject","inLanguage":"fr-FR","@id":"https:\/\/topkeymedical.com\/#\/schema\/logo\/image\/","url":"https:\/\/topkeymedical.com\/wp-content\/uploads\/2025\/05\/cropped-logo.jpg","contentUrl":"https:\/\/topkeymedical.com\/wp-content\/uploads\/2025\/05\/cropped-logo.jpg","width":512,"height":512,"caption":"TOPKEY\u2013 Precision in Every Detail, Guardian of Life and Health"},"image":{"@id":"https:\/\/topkeymedical.com\/#\/schema\/logo\/image\/"},"sameAs":["https:\/\/www.facebook.com\/profile.php?id=100088897294997","https:\/\/www.youtube.com\/@TopkeyMedical-Alice888","https:\/\/www.linkedin.com\/in\/alice-hu-bb66a01b3\/"]}]}},"_links":{"self":[{"href":"https:\/\/topkeymedical.com\/fr\/wp-json\/wp\/v2\/product\/1605","targetHints":{"allow":["GET"]}}],"collection":[{"href":"https:\/\/topkeymedical.com\/fr\/wp-json\/wp\/v2\/product"}],"about":[{"href":"https:\/\/topkeymedical.com\/fr\/wp-json\/wp\/v2\/types\/product"}],"version-history":[{"count":1,"href":"https:\/\/topkeymedical.com\/fr\/wp-json\/wp\/v2\/product\/1605\/revisions"}],"predecessor-version":[{"id":1607,"href":"https:\/\/topkeymedical.com\/fr\/wp-json\/wp\/v2\/product\/1605\/revisions\/1607"}],"wp:featuredmedia":[{"embeddable":true,"href":"https:\/\/topkeymedical.com\/fr\/wp-json\/wp\/v2\/media\/1599"}],"wp:attachment":[{"href":"https:\/\/topkeymedical.com\/fr\/wp-json\/wp\/v2\/media?parent=1605"}],"wp:term":[{"taxonomy":"product_brand","embeddable":true,"href":"https:\/\/topkeymedical.com\/fr\/wp-json\/wp\/v2\/product_brand?post=1605"},{"taxonomy":"product_cat","embeddable":true,"href":"https:\/\/topkeymedical.com\/fr\/wp-json\/wp\/v2\/product_cat?post=1605"},{"taxonomy":"product_tag","embeddable":true,"href":"https:\/\/topkeymedical.com\/fr\/wp-json\/wp\/v2\/product_tag?post=1605"}],"curies":[{"name":"wp","href":"https:\/\/api.w.org\/{rel}","templated":true}]}}