{"id":1745,"date":"2025-12-22T13:31:38","date_gmt":"2025-12-22T13:31:38","guid":{"rendered":"https:\/\/topkeymedical.com\/?post_type=product&#038;p=1745"},"modified":"2025-12-22T13:31:39","modified_gmt":"2025-12-22T13:31:39","slug":"agitateur-magnetique-utilise-en-laboratoire","status":"publish","type":"product","link":"https:\/\/topkeymedical.com\/fr\/produit\/agitateur-magnetique-utilise-en-laboratoire\/","title":{"rendered":"Agitateur magn\u00e9tique utilis\u00e9 en laboratoire, Agitateur magn\u00e9tique pour la chimie"},"content":{"rendered":"<p>La surface de travail de l'agitateur magn\u00e9tique est recouverte d'un panneau de verre r\u00e9sistant \u00e0 l'usure et \u00e0 la corrosion, associ\u00e9 \u00e0 un rotor magn\u00e9tique puissant r\u00e9sistant aux temp\u00e9ratures \u00e9lev\u00e9es et \u00e0 un corps int\u00e9gr\u00e9 en aluminium moul\u00e9 sous pression avec rev\u00eatement c\u00e9ramique, garantissant une force d'agitation puissante et une durabilit\u00e9 \u00e0 long terme.<\/p>\n<p>La fonction de chauffage optionnelle (maximum 105\u00b0C \u00e0 temp\u00e9rature ambiante) avec capteur PT100 permet un contr\u00f4le pr\u00e9cis de la temp\u00e9rature, ce qui le rend adapt\u00e9 aux sc\u00e9narios exp\u00e9rimentaux exigeants tels que la synth\u00e8se chimique et la culture biologique. L'agitateur magn\u00e9tique pour la chimie est l'\u00e9quipement de m\u00e9lange id\u00e9al pour traiter une large gamme de liquides.<\/p>\n<h2>Agitateur magn\u00e9tique \u00e0 quatre canaux (type non chauff\u00e9)<\/h2>\n<table>\n<tbody>\n<tr>\n<td width=\"284\">Tension d'alimentation<\/td>\n<td width=\"284\">AC100-240V<\/td>\n<\/tr>\n<tr>\n<td width=\"284\">Puissance<\/td>\n<td width=\"284\">45W<\/td>\n<\/tr>\n<tr>\n<td width=\"284\">Mode d'affichage<\/td>\n<td width=\"284\">LCD<\/td>\n<\/tr>\n<tr>\n<td width=\"284\">Vitesse de rotation<\/td>\n<td width=\"284\">200-1600<\/td>\n<\/tr>\n<tr>\n<td width=\"284\">Plage de contr\u00f4le de la vitesse<\/td>\n<td width=\"284\">\u00b110rpm<\/td>\n<\/tr>\n<tr>\n<td width=\"284\">Dur\u00e9e effective de la centrifugation<\/td>\n<td width=\"284\">1-99 heures 59 minutes<\/td>\n<\/tr>\n<tr>\n<td width=\"284\">Capacit\u00e9 maximale de l'agitateur<\/td>\n<td width=\"284\">2L<\/td>\n<\/tr>\n<tr>\n<td width=\"284\">Mat\u00e9riau du disque de travail<\/td>\n<td width=\"284\">PC rev\u00eatu, r\u00e9sistance \u00e0 la corrosion<\/td>\n<\/tr>\n<tr>\n<td width=\"284\">Taille de la plaque de travail<\/td>\n<td width=\"284\">150*150<\/td>\n<\/tr>\n<tr>\n<td width=\"284\">Type de moteur<\/td>\n<td width=\"284\">Moteur DC sans balais<\/td>\n<\/tr>\n<tr>\n<td width=\"284\">Mode de contr\u00f4le du temps<\/td>\n<td width=\"284\">Bouton de commande gauche<\/td>\n<\/tr>\n<tr>\n<td width=\"284\">Mode de contr\u00f4le de la vitesse<\/td>\n<td width=\"284\">Le bouton de droite contr\u00f4le<\/td>\n<\/tr>\n<\/tbody>\n<\/table>\n<h2>Agitateur magn\u00e9tique \u00e0 quatre canaux (type chauff\u00e9)<\/h2>\n<table>\n<tbody>\n<tr>\n<td width=\"284\">Tension d'alimentation<\/td>\n<td width=\"284\">AC100-240V<\/td>\n<\/tr>\n<tr>\n<td width=\"284\">Puissance<\/td>\n<td width=\"284\">45W<\/td>\n<\/tr>\n<tr>\n<td width=\"284\">Mode d'affichage<\/td>\n<td width=\"284\">LCD<\/td>\n<\/tr>\n<tr>\n<td width=\"284\">Vitesse de rotation<\/td>\n<td width=\"284\">200-1600<\/td>\n<\/tr>\n<tr>\n<td width=\"284\">Plage de contr\u00f4le de la vitesse<\/td>\n<td width=\"284\">\u00b110rpm<\/td>\n<\/tr>\n<tr>\n<td width=\"284\">Dur\u00e9e effective de la centrifugation<\/td>\n<td width=\"284\">1-99 heures et 59 minutes<\/td>\n<\/tr>\n<tr>\n<td width=\"284\">Temp\u00e9rature de chauffage<\/td>\n<td width=\"284\">RT-105\u00b0C<\/td>\n<\/tr>\n<tr>\n<td width=\"284\">Contr\u00f4le de la temp\u00e9rature<\/td>\n<td width=\"284\">Ligne de temp\u00e9rature int\u00e9gr\u00e9e<\/td>\n<\/tr>\n<tr>\n<td width=\"284\">Capacit\u00e9 maximale de l'agitateur<\/td>\n<td width=\"284\">2L<\/td>\n<\/tr>\n<tr>\n<td width=\"284\">Mat\u00e9riau du disque de travail<\/td>\n<td width=\"284\">Acier inoxydable 304<\/td>\n<\/tr>\n<tr>\n<td width=\"284\">Taille de la zone de travail du disque<\/td>\n<td width=\"284\">150*150<\/td>\n<\/tr>\n<tr>\n<td width=\"284\">Type de moteur<\/td>\n<td width=\"284\">Moteur DC sans balais<\/td>\n<\/tr>\n<tr>\n<td width=\"284\">Mode de contr\u00f4le du temps<\/td>\n<td width=\"284\">Bouton de commande gauche<\/td>\n<\/tr>\n<tr>\n<td width=\"284\">Mode de contr\u00f4le de la vitesse<\/td>\n<td width=\"284\">Le bouton de droite contr\u00f4le<\/td>\n<\/tr>\n<\/tbody>\n<\/table>","protected":false},"excerpt":{"rendered":"<p>L'agitateur magn\u00e9tique utilis\u00e9 en laboratoire est disponible en version monocanal et multicanal. Il est dot\u00e9 d'un \u00e9cran LCD multicolore intuitif pour les param\u00e8tres de fonctionnement et permet un r\u00e9glage progressif de la vitesse de 200 \u00e0 1800 tr\/min.<\/p>","protected":false},"featured_media":1748,"template":"","meta":{"_acf_changed":false,"site-sidebar-layout":"default","site-content-layout":"","ast-site-content-layout":"default","site-content-style":"default","site-sidebar-style":"default","ast-global-header-display":"","ast-banner-title-visibility":"","ast-main-header-display":"","ast-hfb-above-header-display":"","ast-hfb-below-header-display":"","ast-hfb-mobile-header-display":"","site-post-title":"","ast-breadcrumbs-content":"","ast-featured-img":"","footer-sml-layout":"","ast-disable-related-posts":"","theme-transparent-header-meta":"default","adv-header-id-meta":"","stick-header-meta":"","header-above-stick-meta":"","header-main-stick-meta":"","header-below-stick-meta":"","astra-migrate-meta-layouts":"set","ast-page-background-enabled":"default","ast-page-background-meta":{"desktop":{"background-color":"var(--ast-global-color-5)","background-image":"","background-repeat":"repeat","background-position":"center center","background-size":"auto","background-attachment":"scroll","background-type":"","background-media":"","overlay-type":"","overlay-color":"","overlay-opacity":"","overlay-gradient":""},"tablet":{"background-color":"","background-image":"","background-repeat":"repeat","background-position":"center center","background-size":"auto","background-attachment":"scroll","background-type":"","background-media":"","overlay-type":"","overlay-color":"","overlay-opacity":"","overlay-gradient":""},"mobile":{"background-color":"","background-image":"","background-repeat":"repeat","background-position":"center center","background-size":"auto","background-attachment":"scroll","background-type":"","background-media":"","overlay-type":"","overlay-color":"","overlay-opacity":"","overlay-gradient":""}},"ast-content-background-meta":{"desktop":{"background-color":"var(--ast-global-color-4)","background-image":"","background-repeat":"repeat","background-position":"center center","background-size":"auto","background-attachment":"scroll","background-type":"","background-media":"","overlay-type":"","overlay-color":"","overlay-opacity":"","overlay-gradient":""},"tablet":{"background-color":"var(--ast-global-color-4)","background-image":"","background-repeat":"repeat","background-position":"center center","background-size":"auto","background-attachment":"scroll","background-type":"","background-media":"","overlay-type":"","overlay-color":"","overlay-opacity":"","overlay-gradient":""},"mobile":{"background-color":"var(--ast-global-color-4)","background-image":"","background-repeat":"repeat","background-position":"center center","background-size":"auto","background-attachment":"scroll","background-type":"","background-media":"","overlay-type":"","overlay-color":"","overlay-opacity":"","overlay-gradient":""}}},"product_brand":[],"product_cat":[70],"product_tag":[],"class_list":{"0":"post-1745","1":"product","2":"type-product","3":"status-publish","4":"has-post-thumbnail","6":"product_cat-magnetic-stirrer-manufacturer","7":"desktop-align-left","8":"tablet-align-left","9":"mobile-align-left","11":"first","12":"instock","13":"shipping-taxable","14":"product-type-simple"},"acf":[],"yoast_head":"<!-- This site is optimized with the Yoast SEO plugin v27.4 - https:\/\/yoast.com\/product\/yoast-seo-wordpress\/ -->\n<title>Magnetic Stirrer Used In Laboratory, Chemistry Magnetic Stirrer<\/title>\n<meta name=\"description\" content=\"The Magnetic Stirrer Used In Laboratory&#039;s working surface is covered with a wear-resistant and corrosion-resistant glass panel\" \/>\n<meta name=\"robots\" content=\"index, follow, max-snippet:-1, max-image-preview:large, max-video-preview:-1\" \/>\n<link rel=\"canonical\" href=\"https:\/\/topkeymedical.com\/fr\/produit\/agitateur-magnetique-utilise-en-laboratoire\/\" \/>\n<meta property=\"og:locale\" content=\"fr_FR\" \/>\n<meta property=\"og:type\" content=\"article\" \/>\n<meta property=\"og:title\" content=\"Magnetic Stirrer Used In Laboratory, Chemistry Magnetic Stirrer\" \/>\n<meta property=\"og:description\" content=\"The Magnetic Stirrer Used In Laboratory&#039;s working surface is covered with a wear-resistant and corrosion-resistant glass panel\" \/>\n<meta property=\"og:url\" content=\"https:\/\/topkeymedical.com\/fr\/produit\/agitateur-magnetique-utilise-en-laboratoire\/\" \/>\n<meta property=\"og:site_name\" content=\"TOPKEY\u2013 Precision in Every Detail, Guardian of Life and Health\" \/>\n<meta property=\"article:publisher\" content=\"https:\/\/www.facebook.com\/profile.php?id=100088897294997\" \/>\n<meta property=\"article:modified_time\" content=\"2025-12-22T13:31:39+00:00\" \/>\n<meta property=\"og:image\" content=\"https:\/\/topkeymedical.com\/wp-content\/uploads\/2025\/12\/Magnetic-Stirrer-Used-In-Laboratory-4.webp\" \/>\n\t<meta property=\"og:image:width\" content=\"455\" \/>\n\t<meta property=\"og:image:height\" content=\"455\" \/>\n\t<meta property=\"og:image:type\" content=\"image\/webp\" \/>\n<meta name=\"twitter:card\" content=\"summary_large_image\" \/>\n<meta name=\"twitter:label1\" content=\"Dur\u00e9e de lecture estim\u00e9e\" \/>\n\t<meta name=\"twitter:data1\" content=\"2 minutes\" \/>\n<script type=\"application\/ld+json\" class=\"yoast-schema-graph\">{\"@context\":\"https:\\\/\\\/schema.org\",\"@graph\":[{\"@type\":\"WebPage\",\"@id\":\"https:\\\/\\\/topkeymedical.com\\\/product\\\/magnetic-stirrer-used-in-laboratory\\\/\",\"url\":\"https:\\\/\\\/topkeymedical.com\\\/product\\\/magnetic-stirrer-used-in-laboratory\\\/\",\"name\":\"Magnetic Stirrer Used In Laboratory, Chemistry Magnetic Stirrer\",\"isPartOf\":{\"@id\":\"https:\\\/\\\/topkeymedical.com\\\/#website\"},\"primaryImageOfPage\":{\"@id\":\"https:\\\/\\\/topkeymedical.com\\\/product\\\/magnetic-stirrer-used-in-laboratory\\\/#primaryimage\"},\"image\":{\"@id\":\"https:\\\/\\\/topkeymedical.com\\\/product\\\/magnetic-stirrer-used-in-laboratory\\\/#primaryimage\"},\"thumbnailUrl\":\"https:\\\/\\\/topkeymedical.com\\\/wp-content\\\/uploads\\\/2025\\\/12\\\/Magnetic-Stirrer-Used-In-Laboratory-4.webp\",\"datePublished\":\"2025-12-22T13:31:38+00:00\",\"dateModified\":\"2025-12-22T13:31:39+00:00\",\"description\":\"The Magnetic Stirrer Used In Laboratory's working surface is covered with a wear-resistant and corrosion-resistant glass panel\",\"breadcrumb\":{\"@id\":\"https:\\\/\\\/topkeymedical.com\\\/product\\\/magnetic-stirrer-used-in-laboratory\\\/#breadcrumb\"},\"inLanguage\":\"fr-FR\",\"potentialAction\":[{\"@type\":\"ReadAction\",\"target\":[\"https:\\\/\\\/topkeymedical.com\\\/product\\\/magnetic-stirrer-used-in-laboratory\\\/\"]}]},{\"@type\":\"ImageObject\",\"inLanguage\":\"fr-FR\",\"@id\":\"https:\\\/\\\/topkeymedical.com\\\/product\\\/magnetic-stirrer-used-in-laboratory\\\/#primaryimage\",\"url\":\"https:\\\/\\\/topkeymedical.com\\\/wp-content\\\/uploads\\\/2025\\\/12\\\/Magnetic-Stirrer-Used-In-Laboratory-4.webp\",\"contentUrl\":\"https:\\\/\\\/topkeymedical.com\\\/wp-content\\\/uploads\\\/2025\\\/12\\\/Magnetic-Stirrer-Used-In-Laboratory-4.webp\",\"width\":455,\"height\":455,\"caption\":\"magnetic stirrer used in laboratory, chemistry magnetic stirrer\"},{\"@type\":\"BreadcrumbList\",\"@id\":\"https:\\\/\\\/topkeymedical.com\\\/product\\\/magnetic-stirrer-used-in-laboratory\\\/#breadcrumb\",\"itemListElement\":[{\"@type\":\"ListItem\",\"position\":1,\"name\":\"Home\",\"item\":\"https:\\\/\\\/topkeymedical.com\\\/\"},{\"@type\":\"ListItem\",\"position\":2,\"name\":\"Products\",\"item\":\"https:\\\/\\\/topkeymedical.com\\\/shop\\\/\"},{\"@type\":\"ListItem\",\"position\":3,\"name\":\"Magnetic Stirrer Used In Laboratory, Chemistry Magnetic Stirrer\"}]},{\"@type\":\"WebSite\",\"@id\":\"https:\\\/\\\/topkeymedical.com\\\/#website\",\"url\":\"https:\\\/\\\/topkeymedical.com\\\/\",\"name\":\"TOPKEY\u2013 Precision in Every Detail, Guardian of Life and Health\",\"description\":\"\",\"publisher\":{\"@id\":\"https:\\\/\\\/topkeymedical.com\\\/#organization\"},\"potentialAction\":[{\"@type\":\"SearchAction\",\"target\":{\"@type\":\"EntryPoint\",\"urlTemplate\":\"https:\\\/\\\/topkeymedical.com\\\/?s={search_term_string}\"},\"query-input\":{\"@type\":\"PropertyValueSpecification\",\"valueRequired\":true,\"valueName\":\"search_term_string\"}}],\"inLanguage\":\"fr-FR\"},{\"@type\":\"Organization\",\"@id\":\"https:\\\/\\\/topkeymedical.com\\\/#organization\",\"name\":\"TOPKEY\u2013 Precision in Every Detail, Guardian of Life and Health\",\"url\":\"https:\\\/\\\/topkeymedical.com\\\/\",\"logo\":{\"@type\":\"ImageObject\",\"inLanguage\":\"fr-FR\",\"@id\":\"https:\\\/\\\/topkeymedical.com\\\/#\\\/schema\\\/logo\\\/image\\\/\",\"url\":\"https:\\\/\\\/topkeymedical.com\\\/wp-content\\\/uploads\\\/2025\\\/05\\\/cropped-logo.jpg\",\"contentUrl\":\"https:\\\/\\\/topkeymedical.com\\\/wp-content\\\/uploads\\\/2025\\\/05\\\/cropped-logo.jpg\",\"width\":512,\"height\":512,\"caption\":\"TOPKEY\u2013 Precision in Every Detail, Guardian of Life and Health\"},\"image\":{\"@id\":\"https:\\\/\\\/topkeymedical.com\\\/#\\\/schema\\\/logo\\\/image\\\/\"},\"sameAs\":[\"https:\\\/\\\/www.facebook.com\\\/profile.php?id=100088897294997\",\"https:\\\/\\\/www.youtube.com\\\/@TopkeyMedical-Alice888\",\"https:\\\/\\\/www.linkedin.com\\\/in\\\/alice-hu-bb66a01b3\\\/\"]}]}<\/script>\n<!-- \/ Yoast SEO plugin. -->","yoast_head_json":{"title":"Agitateur magn\u00e9tique utilis\u00e9 en laboratoire, Agitateur magn\u00e9tique pour la chimie","description":"La surface de travail de l'agitateur magn\u00e9tique utilis\u00e9 en laboratoire est recouverte d'un panneau de verre r\u00e9sistant \u00e0 l'usure et \u00e0 la corrosion.","robots":{"index":"index","follow":"follow","max-snippet":"max-snippet:-1","max-image-preview":"max-image-preview:large","max-video-preview":"max-video-preview:-1"},"canonical":"https:\/\/topkeymedical.com\/fr\/produit\/agitateur-magnetique-utilise-en-laboratoire\/","og_locale":"fr_FR","og_type":"article","og_title":"Magnetic Stirrer Used In Laboratory, Chemistry Magnetic Stirrer","og_description":"The Magnetic Stirrer Used In Laboratory's working surface is covered with a wear-resistant and corrosion-resistant glass panel","og_url":"https:\/\/topkeymedical.com\/fr\/produit\/agitateur-magnetique-utilise-en-laboratoire\/","og_site_name":"TOPKEY\u2013 Precision in Every Detail, Guardian of Life and Health","article_publisher":"https:\/\/www.facebook.com\/profile.php?id=100088897294997","article_modified_time":"2025-12-22T13:31:39+00:00","og_image":[{"width":455,"height":455,"url":"https:\/\/topkeymedical.com\/wp-content\/uploads\/2025\/12\/Magnetic-Stirrer-Used-In-Laboratory-4.webp","type":"image\/webp"}],"twitter_card":"summary_large_image","twitter_misc":{"Dur\u00e9e de lecture estim\u00e9e":"2 minutes"},"schema":{"@context":"https:\/\/schema.org","@graph":[{"@type":"WebPage","@id":"https:\/\/topkeymedical.com\/product\/magnetic-stirrer-used-in-laboratory\/","url":"https:\/\/topkeymedical.com\/product\/magnetic-stirrer-used-in-laboratory\/","name":"Agitateur magn\u00e9tique utilis\u00e9 en laboratoire, Agitateur magn\u00e9tique pour la chimie","isPartOf":{"@id":"https:\/\/topkeymedical.com\/#website"},"primaryImageOfPage":{"@id":"https:\/\/topkeymedical.com\/product\/magnetic-stirrer-used-in-laboratory\/#primaryimage"},"image":{"@id":"https:\/\/topkeymedical.com\/product\/magnetic-stirrer-used-in-laboratory\/#primaryimage"},"thumbnailUrl":"https:\/\/topkeymedical.com\/wp-content\/uploads\/2025\/12\/Magnetic-Stirrer-Used-In-Laboratory-4.webp","datePublished":"2025-12-22T13:31:38+00:00","dateModified":"2025-12-22T13:31:39+00:00","description":"La surface de travail de l'agitateur magn\u00e9tique utilis\u00e9 en laboratoire est recouverte d'un panneau de verre r\u00e9sistant \u00e0 l'usure et \u00e0 la corrosion.","breadcrumb":{"@id":"https:\/\/topkeymedical.com\/product\/magnetic-stirrer-used-in-laboratory\/#breadcrumb"},"inLanguage":"fr-FR","potentialAction":[{"@type":"ReadAction","target":["https:\/\/topkeymedical.com\/product\/magnetic-stirrer-used-in-laboratory\/"]}]},{"@type":"ImageObject","inLanguage":"fr-FR","@id":"https:\/\/topkeymedical.com\/product\/magnetic-stirrer-used-in-laboratory\/#primaryimage","url":"https:\/\/topkeymedical.com\/wp-content\/uploads\/2025\/12\/Magnetic-Stirrer-Used-In-Laboratory-4.webp","contentUrl":"https:\/\/topkeymedical.com\/wp-content\/uploads\/2025\/12\/Magnetic-Stirrer-Used-In-Laboratory-4.webp","width":455,"height":455,"caption":"magnetic stirrer used in laboratory, chemistry magnetic stirrer"},{"@type":"BreadcrumbList","@id":"https:\/\/topkeymedical.com\/product\/magnetic-stirrer-used-in-laboratory\/#breadcrumb","itemListElement":[{"@type":"ListItem","position":1,"name":"Home","item":"https:\/\/topkeymedical.com\/"},{"@type":"ListItem","position":2,"name":"Products","item":"https:\/\/topkeymedical.com\/shop\/"},{"@type":"ListItem","position":3,"name":"Magnetic Stirrer Used In Laboratory, Chemistry Magnetic Stirrer"}]},{"@type":"WebSite","@id":"https:\/\/topkeymedical.com\/#website","url":"https:\/\/topkeymedical.com\/","name":"TOPKEY - La pr\u00e9cision dans les moindres d\u00e9tails, gardienne de la vie et de la sant\u00e9","description":"","publisher":{"@id":"https:\/\/topkeymedical.com\/#organization"},"potentialAction":[{"@type":"SearchAction","target":{"@type":"EntryPoint","urlTemplate":"https:\/\/topkeymedical.com\/?s={search_term_string}"},"query-input":{"@type":"PropertyValueSpecification","valueRequired":true,"valueName":"search_term_string"}}],"inLanguage":"fr-FR"},{"@type":"Organization","@id":"https:\/\/topkeymedical.com\/#organization","name":"TOPKEY - La pr\u00e9cision dans les moindres d\u00e9tails, gardienne de la vie et de la sant\u00e9","url":"https:\/\/topkeymedical.com\/","logo":{"@type":"ImageObject","inLanguage":"fr-FR","@id":"https:\/\/topkeymedical.com\/#\/schema\/logo\/image\/","url":"https:\/\/topkeymedical.com\/wp-content\/uploads\/2025\/05\/cropped-logo.jpg","contentUrl":"https:\/\/topkeymedical.com\/wp-content\/uploads\/2025\/05\/cropped-logo.jpg","width":512,"height":512,"caption":"TOPKEY\u2013 Precision in Every Detail, Guardian of Life and Health"},"image":{"@id":"https:\/\/topkeymedical.com\/#\/schema\/logo\/image\/"},"sameAs":["https:\/\/www.facebook.com\/profile.php?id=100088897294997","https:\/\/www.youtube.com\/@TopkeyMedical-Alice888","https:\/\/www.linkedin.com\/in\/alice-hu-bb66a01b3\/"]}]}},"_links":{"self":[{"href":"https:\/\/topkeymedical.com\/fr\/wp-json\/wp\/v2\/product\/1745","targetHints":{"allow":["GET"]}}],"collection":[{"href":"https:\/\/topkeymedical.com\/fr\/wp-json\/wp\/v2\/product"}],"about":[{"href":"https:\/\/topkeymedical.com\/fr\/wp-json\/wp\/v2\/types\/product"}],"version-history":[{"count":1,"href":"https:\/\/topkeymedical.com\/fr\/wp-json\/wp\/v2\/product\/1745\/revisions"}],"predecessor-version":[{"id":1750,"href":"https:\/\/topkeymedical.com\/fr\/wp-json\/wp\/v2\/product\/1745\/revisions\/1750"}],"wp:featuredmedia":[{"embeddable":true,"href":"https:\/\/topkeymedical.com\/fr\/wp-json\/wp\/v2\/media\/1748"}],"wp:attachment":[{"href":"https:\/\/topkeymedical.com\/fr\/wp-json\/wp\/v2\/media?parent=1745"}],"wp:term":[{"taxonomy":"product_brand","embeddable":true,"href":"https:\/\/topkeymedical.com\/fr\/wp-json\/wp\/v2\/product_brand?post=1745"},{"taxonomy":"product_cat","embeddable":true,"href":"https:\/\/topkeymedical.com\/fr\/wp-json\/wp\/v2\/product_cat?post=1745"},{"taxonomy":"product_tag","embeddable":true,"href":"https:\/\/topkeymedical.com\/fr\/wp-json\/wp\/v2\/product_tag?post=1745"}],"curies":[{"name":"wp","href":"https:\/\/api.w.org\/{rel}","templated":true}]}}