{"id":1751,"date":"2025-12-22T13:48:50","date_gmt":"2025-12-22T13:48:50","guid":{"rendered":"https:\/\/topkeymedical.com\/?post_type=product&#038;p=1751"},"modified":"2025-12-22T13:48:50","modified_gmt":"2025-12-22T13:48:50","slug":"mini-agitateur-magnetique-agitateur-magnetique-compact","status":"publish","type":"product","link":"https:\/\/topkeymedical.com\/fr\/produit\/mini-agitateur-magnetique-agitateur-magnetique-compact\/","title":{"rendered":"Mini agitateur magn\u00e9tique, agitateur magn\u00e9tique compact"},"content":{"rendered":"<p>Ce dispositif compact utilise un champ magn\u00e9tique rotatif pour faire tourner une barre d'agitation immerg\u00e9e dans des liquides, cr\u00e9ant ainsi un m\u00e9lange tourbillonnaire sans contact m\u00e9canique direct.<\/p>\n<p>D'un diam\u00e8tre de 4 \u00e0 6 pouces, le mini-agitateur magn\u00e9tique est parfait pour les laboratoires de chimie, les installations de recherche et les \u00e9tablissements d'enseignement o\u00f9 l'espace est limit\u00e9 mais o\u00f9 les performances ne peuvent pas \u00eatre compromises.<\/p>\n<p>Construit avec un bo\u00eetier en aluminium anodis\u00e9 ou en plastique r\u00e9sistant aux produits chimiques, le mini-agitateur magn\u00e9tique de laboratoire est dot\u00e9 d'une plaque sup\u00e9rieure durable qui peut r\u00e9sister \u00e0 l'exposition aux produits chimiques et solvants de laboratoire courants.<\/p>\n<p>L'appareil fonctionne avec un moteur \u00e0 courant continu silencieux capable de g\u00e9n\u00e9rer des vitesses de rotation de 100 \u00e0 1 500 tr\/min, avec des commandes num\u00e9riques pr\u00e9cises permettant des ajustements par incr\u00e9ments aussi petits que 10 tr\/min.<\/p>\n<p>De nombreux mod\u00e8les int\u00e8grent une fonction de chauffage avec des plages de temp\u00e9rature comprises entre la temp\u00e9rature ambiante et 300\u00b0C, ce qui rend le mini-agitateur magn\u00e9tique id\u00e9al pour les applications n\u00e9cessitant \u00e0 la fois un m\u00e9lange et un chauffage contr\u00f4l\u00e9, telles que la synth\u00e8se chimique et la pr\u00e9paration d'\u00e9chantillons.<\/p>\n<p>Le mini-agitateur magn\u00e9tique s'adapte \u00e0 diff\u00e9rents types de r\u00e9cipients, y compris les b\u00e9chers, les flacons et les tubes \u00e0 essai d'une capacit\u00e9 de 50 ml \u00e0 2000 ml.<\/p>\n<p>Les mod\u00e8les avanc\u00e9s sont dot\u00e9s de minuteries programmables, de fonctions d'acc\u00e9l\u00e9ration de la vitesse et de param\u00e8tres de m\u00e9moire permettant de stocker les protocoles fr\u00e9quemment utilis\u00e9s.<\/p>\n<p>Les caract\u00e9ristiques de s\u00e9curit\u00e9 comprennent souvent une protection contre la surchauffe, un arr\u00eat automatique et des pieds en caoutchouc antid\u00e9rapants pour garantir un fonctionnement stable.<\/p>\n<p>La conception \u00e9conome en \u00e9nergie consomme peu d'\u00e9nergie tout en fournissant un couple constant, m\u00eame \u00e0 des niveaux de viscosit\u00e9 \u00e9lev\u00e9s.<\/p>\n<h2>Caract\u00e9ristiques de l'agitateur magn\u00e9tique compact<\/h2>\n<table>\n<tbody>\n<tr>\n<td width=\"284\">Puissance<\/td>\n<td width=\"284\">5W<\/td>\n<\/tr>\n<tr>\n<td width=\"284\">Mode d'affichage<\/td>\n<td width=\"284\">LCD<\/td>\n<\/tr>\n<tr>\n<td width=\"284\">Plage de contr\u00f4le de la vitesse<\/td>\n<td width=\"284\">1500-1800 retournement<\/td>\n<\/tr>\n<tr>\n<td width=\"284\">Pr\u00e9cision du contr\u00f4le de la vitesse<\/td>\n<td width=\"284\">\u00b110rpm<\/td>\n<\/tr>\n<tr>\n<td width=\"284\">Temp\u00e9rature ambiante admissible<\/td>\n<td width=\"284\">Temp\u00e9rature ambiante -40\u00b0C<\/td>\n<\/tr>\n<tr>\n<td width=\"284\">Capacit\u00e9 d'agitation maximale<\/td>\n<td width=\"284\">2L\/5L<\/td>\n<\/tr>\n<tr>\n<td width=\"284\">Mat\u00e9riau du disque de travail<\/td>\n<td width=\"284\">PC rev\u00eatu, r\u00e9sistant \u00e0 la corrosion<\/td>\n<\/tr>\n<tr>\n<td width=\"284\">Taille<\/td>\n<td width=\"284\">132x122x40 mm<\/td>\n<\/tr>\n<tr>\n<td width=\"284\">Type de moteur<\/td>\n<td width=\"284\">Moteur miniature sans balais<\/td>\n<\/tr>\n<tr>\n<td width=\"284\">Mode de contr\u00f4le du temps<\/td>\n<td width=\"284\">R\u00e9glage de l'\u00e9cran tactile<\/td>\n<\/tr>\n<tr>\n<td width=\"284\">Mode de contr\u00f4le de la vitesse<\/td>\n<td width=\"284\">R\u00e9glage de l'\u00e9cran tactile<\/td>\n<\/tr>\n<\/tbody>\n<\/table>","protected":false},"excerpt":{"rendered":"<p>Le mini-agitateur magn\u00e9tique est un outil de laboratoire essentiel con\u00e7u pour m\u00e9langer efficacement des liquides dans de petits volumes, offrant des performances d'agitation pr\u00e9cises et constantes pour diverses applications scientifiques.<\/p>","protected":false},"featured_media":1755,"template":"","meta":{"_acf_changed":false,"site-sidebar-layout":"default","site-content-layout":"","ast-site-content-layout":"default","site-content-style":"default","site-sidebar-style":"default","ast-global-header-display":"","ast-banner-title-visibility":"","ast-main-header-display":"","ast-hfb-above-header-display":"","ast-hfb-below-header-display":"","ast-hfb-mobile-header-display":"","site-post-title":"","ast-breadcrumbs-content":"","ast-featured-img":"","footer-sml-layout":"","ast-disable-related-posts":"","theme-transparent-header-meta":"default","adv-header-id-meta":"","stick-header-meta":"","header-above-stick-meta":"","header-main-stick-meta":"","header-below-stick-meta":"","astra-migrate-meta-layouts":"set","ast-page-background-enabled":"default","ast-page-background-meta":{"desktop":{"background-color":"var(--ast-global-color-5)","background-image":"","background-repeat":"repeat","background-position":"center center","background-size":"auto","background-attachment":"scroll","background-type":"","background-media":"","overlay-type":"","overlay-color":"","overlay-opacity":"","overlay-gradient":""},"tablet":{"background-color":"","background-image":"","background-repeat":"repeat","background-position":"center center","background-size":"auto","background-attachment":"scroll","background-type":"","background-media":"","overlay-type":"","overlay-color":"","overlay-opacity":"","overlay-gradient":""},"mobile":{"background-color":"","background-image":"","background-repeat":"repeat","background-position":"center center","background-size":"auto","background-attachment":"scroll","background-type":"","background-media":"","overlay-type":"","overlay-color":"","overlay-opacity":"","overlay-gradient":""}},"ast-content-background-meta":{"desktop":{"background-color":"var(--ast-global-color-4)","background-image":"","background-repeat":"repeat","background-position":"center center","background-size":"auto","background-attachment":"scroll","background-type":"","background-media":"","overlay-type":"","overlay-color":"","overlay-opacity":"","overlay-gradient":""},"tablet":{"background-color":"var(--ast-global-color-4)","background-image":"","background-repeat":"repeat","background-position":"center center","background-size":"auto","background-attachment":"scroll","background-type":"","background-media":"","overlay-type":"","overlay-color":"","overlay-opacity":"","overlay-gradient":""},"mobile":{"background-color":"var(--ast-global-color-4)","background-image":"","background-repeat":"repeat","background-position":"center center","background-size":"auto","background-attachment":"scroll","background-type":"","background-media":"","overlay-type":"","overlay-color":"","overlay-opacity":"","overlay-gradient":""}}},"product_brand":[],"product_cat":[70],"product_tag":[],"class_list":{"0":"post-1751","1":"product","2":"type-product","3":"status-publish","4":"has-post-thumbnail","6":"product_cat-magnetic-stirrer-manufacturer","7":"desktop-align-left","8":"tablet-align-left","9":"mobile-align-left","11":"first","12":"instock","13":"shipping-taxable","14":"product-type-simple"},"acf":[],"yoast_head":"<!-- This site is optimized with the Yoast SEO plugin v27.4 - https:\/\/yoast.com\/product\/yoast-seo-wordpress\/ -->\n<title>Mini Magnetic Stirrer, Compact Magnetic Stirrer<\/title>\n<meta name=\"description\" content=\"The mini magnetic stirrer is an essential laboratory tool designed for efficient liquid mixing in small volumes, offering precise and consistent stirring\" \/>\n<meta name=\"robots\" content=\"index, follow, max-snippet:-1, max-image-preview:large, max-video-preview:-1\" \/>\n<link rel=\"canonical\" href=\"https:\/\/topkeymedical.com\/fr\/produit\/mini-agitateur-magnetique-agitateur-magnetique-compact\/\" \/>\n<meta property=\"og:locale\" content=\"fr_FR\" \/>\n<meta property=\"og:type\" content=\"article\" \/>\n<meta property=\"og:title\" content=\"Mini Magnetic Stirrer, Compact Magnetic Stirrer\" \/>\n<meta property=\"og:description\" content=\"The mini magnetic stirrer is an essential laboratory tool designed for efficient liquid mixing in small volumes, offering precise and consistent stirring\" \/>\n<meta property=\"og:url\" content=\"https:\/\/topkeymedical.com\/fr\/produit\/mini-agitateur-magnetique-agitateur-magnetique-compact\/\" \/>\n<meta property=\"og:site_name\" content=\"TOPKEY\u2013 Precision in Every Detail, Guardian of Life and Health\" \/>\n<meta property=\"article:publisher\" content=\"https:\/\/www.facebook.com\/profile.php?id=100088897294997\" \/>\n<meta property=\"og:image\" content=\"https:\/\/topkeymedical.com\/wp-content\/uploads\/2025\/12\/Mini-Magnetic-Stirrer-1.webp\" \/>\n\t<meta property=\"og:image:width\" content=\"645\" \/>\n\t<meta property=\"og:image:height\" content=\"645\" \/>\n\t<meta property=\"og:image:type\" content=\"image\/webp\" \/>\n<meta name=\"twitter:card\" content=\"summary_large_image\" \/>\n<meta name=\"twitter:label1\" content=\"Dur\u00e9e de lecture estim\u00e9e\" \/>\n\t<meta name=\"twitter:data1\" content=\"2 minutes\" \/>\n<script type=\"application\/ld+json\" class=\"yoast-schema-graph\">{\"@context\":\"https:\\\/\\\/schema.org\",\"@graph\":[{\"@type\":\"WebPage\",\"@id\":\"https:\\\/\\\/topkeymedical.com\\\/product\\\/mini-magnetic-stirrer-compact-magnetic-stirrer\\\/\",\"url\":\"https:\\\/\\\/topkeymedical.com\\\/product\\\/mini-magnetic-stirrer-compact-magnetic-stirrer\\\/\",\"name\":\"Mini Magnetic Stirrer, Compact Magnetic Stirrer\",\"isPartOf\":{\"@id\":\"https:\\\/\\\/topkeymedical.com\\\/#website\"},\"primaryImageOfPage\":{\"@id\":\"https:\\\/\\\/topkeymedical.com\\\/product\\\/mini-magnetic-stirrer-compact-magnetic-stirrer\\\/#primaryimage\"},\"image\":{\"@id\":\"https:\\\/\\\/topkeymedical.com\\\/product\\\/mini-magnetic-stirrer-compact-magnetic-stirrer\\\/#primaryimage\"},\"thumbnailUrl\":\"https:\\\/\\\/topkeymedical.com\\\/wp-content\\\/uploads\\\/2025\\\/12\\\/Mini-Magnetic-Stirrer-1.webp\",\"datePublished\":\"2025-12-22T13:48:50+00:00\",\"description\":\"The mini magnetic stirrer is an essential laboratory tool designed for efficient liquid mixing in small volumes, offering precise and consistent stirring\",\"breadcrumb\":{\"@id\":\"https:\\\/\\\/topkeymedical.com\\\/product\\\/mini-magnetic-stirrer-compact-magnetic-stirrer\\\/#breadcrumb\"},\"inLanguage\":\"fr-FR\",\"potentialAction\":[{\"@type\":\"ReadAction\",\"target\":[\"https:\\\/\\\/topkeymedical.com\\\/product\\\/mini-magnetic-stirrer-compact-magnetic-stirrer\\\/\"]}]},{\"@type\":\"ImageObject\",\"inLanguage\":\"fr-FR\",\"@id\":\"https:\\\/\\\/topkeymedical.com\\\/product\\\/mini-magnetic-stirrer-compact-magnetic-stirrer\\\/#primaryimage\",\"url\":\"https:\\\/\\\/topkeymedical.com\\\/wp-content\\\/uploads\\\/2025\\\/12\\\/Mini-Magnetic-Stirrer-1.webp\",\"contentUrl\":\"https:\\\/\\\/topkeymedical.com\\\/wp-content\\\/uploads\\\/2025\\\/12\\\/Mini-Magnetic-Stirrer-1.webp\",\"width\":645,\"height\":645,\"caption\":\"Mini Magnetic Stirrer, Compact Magnetic Stirrer\"},{\"@type\":\"BreadcrumbList\",\"@id\":\"https:\\\/\\\/topkeymedical.com\\\/product\\\/mini-magnetic-stirrer-compact-magnetic-stirrer\\\/#breadcrumb\",\"itemListElement\":[{\"@type\":\"ListItem\",\"position\":1,\"name\":\"Home\",\"item\":\"https:\\\/\\\/topkeymedical.com\\\/\"},{\"@type\":\"ListItem\",\"position\":2,\"name\":\"Products\",\"item\":\"https:\\\/\\\/topkeymedical.com\\\/shop\\\/\"},{\"@type\":\"ListItem\",\"position\":3,\"name\":\"Mini Magnetic Stirrer, Compact Magnetic Stirrer\"}]},{\"@type\":\"WebSite\",\"@id\":\"https:\\\/\\\/topkeymedical.com\\\/#website\",\"url\":\"https:\\\/\\\/topkeymedical.com\\\/\",\"name\":\"TOPKEY\u2013 Precision in Every Detail, Guardian of Life and Health\",\"description\":\"\",\"publisher\":{\"@id\":\"https:\\\/\\\/topkeymedical.com\\\/#organization\"},\"potentialAction\":[{\"@type\":\"SearchAction\",\"target\":{\"@type\":\"EntryPoint\",\"urlTemplate\":\"https:\\\/\\\/topkeymedical.com\\\/?s={search_term_string}\"},\"query-input\":{\"@type\":\"PropertyValueSpecification\",\"valueRequired\":true,\"valueName\":\"search_term_string\"}}],\"inLanguage\":\"fr-FR\"},{\"@type\":\"Organization\",\"@id\":\"https:\\\/\\\/topkeymedical.com\\\/#organization\",\"name\":\"TOPKEY\u2013 Precision in Every Detail, Guardian of Life and Health\",\"url\":\"https:\\\/\\\/topkeymedical.com\\\/\",\"logo\":{\"@type\":\"ImageObject\",\"inLanguage\":\"fr-FR\",\"@id\":\"https:\\\/\\\/topkeymedical.com\\\/#\\\/schema\\\/logo\\\/image\\\/\",\"url\":\"https:\\\/\\\/topkeymedical.com\\\/wp-content\\\/uploads\\\/2025\\\/05\\\/cropped-logo.jpg\",\"contentUrl\":\"https:\\\/\\\/topkeymedical.com\\\/wp-content\\\/uploads\\\/2025\\\/05\\\/cropped-logo.jpg\",\"width\":512,\"height\":512,\"caption\":\"TOPKEY\u2013 Precision in Every Detail, Guardian of Life and Health\"},\"image\":{\"@id\":\"https:\\\/\\\/topkeymedical.com\\\/#\\\/schema\\\/logo\\\/image\\\/\"},\"sameAs\":[\"https:\\\/\\\/www.facebook.com\\\/profile.php?id=100088897294997\",\"https:\\\/\\\/www.youtube.com\\\/@TopkeyMedical-Alice888\",\"https:\\\/\\\/www.linkedin.com\\\/in\\\/alice-hu-bb66a01b3\\\/\"]}]}<\/script>\n<!-- \/ Yoast SEO plugin. -->","yoast_head_json":{"title":"Mini agitateur magn\u00e9tique, agitateur magn\u00e9tique compact","description":"Le mini-agitateur magn\u00e9tique est un outil de laboratoire essentiel, con\u00e7u pour m\u00e9langer efficacement des liquides dans de petits volumes, en offrant une agitation pr\u00e9cise et constante.","robots":{"index":"index","follow":"follow","max-snippet":"max-snippet:-1","max-image-preview":"max-image-preview:large","max-video-preview":"max-video-preview:-1"},"canonical":"https:\/\/topkeymedical.com\/fr\/produit\/mini-agitateur-magnetique-agitateur-magnetique-compact\/","og_locale":"fr_FR","og_type":"article","og_title":"Mini Magnetic Stirrer, Compact Magnetic Stirrer","og_description":"The mini magnetic stirrer is an essential laboratory tool designed for efficient liquid mixing in small volumes, offering precise and consistent stirring","og_url":"https:\/\/topkeymedical.com\/fr\/produit\/mini-agitateur-magnetique-agitateur-magnetique-compact\/","og_site_name":"TOPKEY\u2013 Precision in Every Detail, Guardian of Life and Health","article_publisher":"https:\/\/www.facebook.com\/profile.php?id=100088897294997","og_image":[{"width":645,"height":645,"url":"https:\/\/topkeymedical.com\/wp-content\/uploads\/2025\/12\/Mini-Magnetic-Stirrer-1.webp","type":"image\/webp"}],"twitter_card":"summary_large_image","twitter_misc":{"Dur\u00e9e de lecture estim\u00e9e":"2 minutes"},"schema":{"@context":"https:\/\/schema.org","@graph":[{"@type":"WebPage","@id":"https:\/\/topkeymedical.com\/product\/mini-magnetic-stirrer-compact-magnetic-stirrer\/","url":"https:\/\/topkeymedical.com\/product\/mini-magnetic-stirrer-compact-magnetic-stirrer\/","name":"Mini agitateur magn\u00e9tique, agitateur magn\u00e9tique compact","isPartOf":{"@id":"https:\/\/topkeymedical.com\/#website"},"primaryImageOfPage":{"@id":"https:\/\/topkeymedical.com\/product\/mini-magnetic-stirrer-compact-magnetic-stirrer\/#primaryimage"},"image":{"@id":"https:\/\/topkeymedical.com\/product\/mini-magnetic-stirrer-compact-magnetic-stirrer\/#primaryimage"},"thumbnailUrl":"https:\/\/topkeymedical.com\/wp-content\/uploads\/2025\/12\/Mini-Magnetic-Stirrer-1.webp","datePublished":"2025-12-22T13:48:50+00:00","description":"Le mini-agitateur magn\u00e9tique est un outil de laboratoire essentiel, con\u00e7u pour m\u00e9langer efficacement des liquides dans de petits volumes, en offrant une agitation pr\u00e9cise et constante.","breadcrumb":{"@id":"https:\/\/topkeymedical.com\/product\/mini-magnetic-stirrer-compact-magnetic-stirrer\/#breadcrumb"},"inLanguage":"fr-FR","potentialAction":[{"@type":"ReadAction","target":["https:\/\/topkeymedical.com\/product\/mini-magnetic-stirrer-compact-magnetic-stirrer\/"]}]},{"@type":"ImageObject","inLanguage":"fr-FR","@id":"https:\/\/topkeymedical.com\/product\/mini-magnetic-stirrer-compact-magnetic-stirrer\/#primaryimage","url":"https:\/\/topkeymedical.com\/wp-content\/uploads\/2025\/12\/Mini-Magnetic-Stirrer-1.webp","contentUrl":"https:\/\/topkeymedical.com\/wp-content\/uploads\/2025\/12\/Mini-Magnetic-Stirrer-1.webp","width":645,"height":645,"caption":"Mini Magnetic Stirrer, Compact Magnetic Stirrer"},{"@type":"BreadcrumbList","@id":"https:\/\/topkeymedical.com\/product\/mini-magnetic-stirrer-compact-magnetic-stirrer\/#breadcrumb","itemListElement":[{"@type":"ListItem","position":1,"name":"Home","item":"https:\/\/topkeymedical.com\/"},{"@type":"ListItem","position":2,"name":"Products","item":"https:\/\/topkeymedical.com\/shop\/"},{"@type":"ListItem","position":3,"name":"Mini Magnetic Stirrer, Compact Magnetic Stirrer"}]},{"@type":"WebSite","@id":"https:\/\/topkeymedical.com\/#website","url":"https:\/\/topkeymedical.com\/","name":"TOPKEY - La pr\u00e9cision dans les moindres d\u00e9tails, gardienne de la vie et de la sant\u00e9","description":"","publisher":{"@id":"https:\/\/topkeymedical.com\/#organization"},"potentialAction":[{"@type":"SearchAction","target":{"@type":"EntryPoint","urlTemplate":"https:\/\/topkeymedical.com\/?s={search_term_string}"},"query-input":{"@type":"PropertyValueSpecification","valueRequired":true,"valueName":"search_term_string"}}],"inLanguage":"fr-FR"},{"@type":"Organization","@id":"https:\/\/topkeymedical.com\/#organization","name":"TOPKEY - La pr\u00e9cision dans les moindres d\u00e9tails, gardienne de la vie et de la sant\u00e9","url":"https:\/\/topkeymedical.com\/","logo":{"@type":"ImageObject","inLanguage":"fr-FR","@id":"https:\/\/topkeymedical.com\/#\/schema\/logo\/image\/","url":"https:\/\/topkeymedical.com\/wp-content\/uploads\/2025\/05\/cropped-logo.jpg","contentUrl":"https:\/\/topkeymedical.com\/wp-content\/uploads\/2025\/05\/cropped-logo.jpg","width":512,"height":512,"caption":"TOPKEY\u2013 Precision in Every Detail, Guardian of Life and Health"},"image":{"@id":"https:\/\/topkeymedical.com\/#\/schema\/logo\/image\/"},"sameAs":["https:\/\/www.facebook.com\/profile.php?id=100088897294997","https:\/\/www.youtube.com\/@TopkeyMedical-Alice888","https:\/\/www.linkedin.com\/in\/alice-hu-bb66a01b3\/"]}]}},"_links":{"self":[{"href":"https:\/\/topkeymedical.com\/fr\/wp-json\/wp\/v2\/product\/1751","targetHints":{"allow":["GET"]}}],"collection":[{"href":"https:\/\/topkeymedical.com\/fr\/wp-json\/wp\/v2\/product"}],"about":[{"href":"https:\/\/topkeymedical.com\/fr\/wp-json\/wp\/v2\/types\/product"}],"version-history":[{"count":1,"href":"https:\/\/topkeymedical.com\/fr\/wp-json\/wp\/v2\/product\/1751\/revisions"}],"predecessor-version":[{"id":1756,"href":"https:\/\/topkeymedical.com\/fr\/wp-json\/wp\/v2\/product\/1751\/revisions\/1756"}],"wp:featuredmedia":[{"embeddable":true,"href":"https:\/\/topkeymedical.com\/fr\/wp-json\/wp\/v2\/media\/1755"}],"wp:attachment":[{"href":"https:\/\/topkeymedical.com\/fr\/wp-json\/wp\/v2\/media?parent=1751"}],"wp:term":[{"taxonomy":"product_brand","embeddable":true,"href":"https:\/\/topkeymedical.com\/fr\/wp-json\/wp\/v2\/product_brand?post=1751"},{"taxonomy":"product_cat","embeddable":true,"href":"https:\/\/topkeymedical.com\/fr\/wp-json\/wp\/v2\/product_cat?post=1751"},{"taxonomy":"product_tag","embeddable":true,"href":"https:\/\/topkeymedical.com\/fr\/wp-json\/wp\/v2\/product_tag?post=1751"}],"curies":[{"name":"wp","href":"https:\/\/api.w.org\/{rel}","templated":true}]}}