{"id":1759,"date":"2025-12-23T13:17:52","date_gmt":"2025-12-23T13:17:52","guid":{"rendered":"https:\/\/topkeymedical.com\/?post_type=product&#038;p=1759"},"modified":"2025-12-23T13:17:52","modified_gmt":"2025-12-23T13:17:52","slug":"agitateur-magnetique-chauffant-sans-chauffage","status":"publish","type":"product","link":"https:\/\/topkeymedical.com\/fr\/produit\/agitateur-magnetique-chauffant-sans-chauffage\/","title":{"rendered":"Agitateur magn\u00e9tique chauffant, Agitateur magn\u00e9tique sans chauffage"},"content":{"rendered":"<p>L'agitateur magn\u00e9tique TOPKEY avec ou sans chauffage est disponible en version monocanal ou multicanal. Il est dot\u00e9 d'un \u00e9cran LCD multicolore intuitif pour les param\u00e8tres de fonctionnement et permet un r\u00e9glage progressif de la vitesse de 200 \u00e0 1800 tr\/min.<\/p>\n<p>Cette m\u00e9thode d'agitation est tr\u00e8s efficace et permet un m\u00e9lange complet sans intervention manuelle, ce qui en fait un outil essentiel dans divers sc\u00e9narios exp\u00e9rimentaux.<\/p>\n<h2>Agitateur magn\u00e9tique chauffant \u00e0 canal unique<\/h2>\n<table>\n<tbody>\n<tr>\n<td width=\"284\">Tension d'alimentation<\/td>\n<td width=\"284\">AC100-240V<\/td>\n<\/tr>\n<tr>\n<td width=\"284\">Puissance<\/td>\n<td width=\"284\">45W<\/td>\n<\/tr>\n<tr>\n<td width=\"284\">Mode d'affichage<\/td>\n<td width=\"284\">LCD<\/td>\n<\/tr>\n<tr>\n<td width=\"284\">Vitesse de rotation<\/td>\n<td width=\"284\">200-1600<\/td>\n<\/tr>\n<tr>\n<td width=\"284\">Plage de contr\u00f4le de la vitesse<\/td>\n<td width=\"284\">\u00b110rpm<\/td>\n<\/tr>\n<tr>\n<td width=\"284\">Dur\u00e9e effective de la centrifugation<\/td>\n<td width=\"284\">1-99 heures et 59 minutes<\/td>\n<\/tr>\n<tr>\n<td width=\"284\">Temp\u00e9rature de chauffage<\/td>\n<td width=\"284\">RT-105\u00b0C<\/td>\n<\/tr>\n<tr>\n<td width=\"284\">Contr\u00f4le de la temp\u00e9rature<\/td>\n<td width=\"284\">Ligne de temp\u00e9rature int\u00e9gr\u00e9e<\/td>\n<\/tr>\n<tr>\n<td width=\"284\">Capacit\u00e9 maximale de l'agitateur<\/td>\n<td width=\"284\">5L<\/td>\n<\/tr>\n<tr>\n<td width=\"284\">Mat\u00e9riau du disque de travail<\/td>\n<td width=\"284\">Acier inoxydable 304<\/td>\n<\/tr>\n<tr>\n<td width=\"284\">Taille de la zone de travail du disque<\/td>\n<td width=\"284\">150*150<\/td>\n<\/tr>\n<tr>\n<td width=\"284\">Type de moteur<\/td>\n<td width=\"284\">Moteur DC sans balais<\/td>\n<\/tr>\n<tr>\n<td width=\"284\">Mode de contr\u00f4le du temps<\/td>\n<td width=\"284\">Bouton de commande gauche<\/td>\n<\/tr>\n<tr>\n<td width=\"284\">Mode de contr\u00f4le de la vitesse<\/td>\n<td width=\"284\">Le bouton de droite contr\u00f4le<\/td>\n<\/tr>\n<\/tbody>\n<\/table>\n<h2>Agitateur magn\u00e9tique monocanal sans chauffage<\/h2>\n<table>\n<tbody>\n<tr>\n<td width=\"284\">Tension d'alimentation<\/td>\n<td width=\"284\">AC100-240V<\/td>\n<\/tr>\n<tr>\n<td width=\"284\">Puissance<\/td>\n<td width=\"284\">45W<\/td>\n<\/tr>\n<tr>\n<td width=\"284\">Mode d'affichage<\/td>\n<td width=\"284\">LCD<\/td>\n<\/tr>\n<tr>\n<td width=\"284\">Vitesse de rotation<\/td>\n<td width=\"284\">200-1600<\/td>\n<\/tr>\n<tr>\n<td width=\"284\">Plage de contr\u00f4le de la vitesse<\/td>\n<td width=\"284\">\u00b110rpm<\/td>\n<\/tr>\n<tr>\n<td width=\"284\">Dur\u00e9e effective de la centrifugation<\/td>\n<td width=\"284\">1-99 heures 59 minutes<\/td>\n<\/tr>\n<tr>\n<td width=\"284\">Capacit\u00e9 maximale de l'agitateur<\/td>\n<td width=\"284\">5L<\/td>\n<\/tr>\n<tr>\n<td width=\"284\">Mat\u00e9riau du disque de travail<\/td>\n<td width=\"284\">PC rev\u00eatu, r\u00e9sistance \u00e0 la corrosion<\/td>\n<\/tr>\n<tr>\n<td width=\"284\">Taille de la plaque de travail<\/td>\n<td width=\"284\">150*150<\/td>\n<\/tr>\n<tr>\n<td width=\"284\">Type de moteur<\/td>\n<td width=\"284\">Moteur DC sans balais<\/td>\n<\/tr>\n<tr>\n<td width=\"284\">Mode de contr\u00f4le du temps<\/td>\n<td width=\"284\">Bouton de commande gauche<\/td>\n<\/tr>\n<tr>\n<td width=\"284\">Mode de contr\u00f4le de la vitesse<\/td>\n<td width=\"284\">Le bouton de droite contr\u00f4le<\/td>\n<\/tr>\n<\/tbody>\n<\/table>\n<p>&nbsp;<\/p>","protected":false},"excerpt":{"rendered":"<p>L'agitateur magn\u00e9tique chauffant (agitateur magn\u00e9tique sans chauffage) est un appareil de laboratoire qui utilise un champ magn\u00e9tique rotatif pour faire tourner un petit aimant enrob\u00e9 (barreau d'agitation) \u00e0 l'int\u00e9rieur d'un liquide, le m\u00e9langeant sans contact direct.<\/p>","protected":false},"featured_media":1763,"template":"","meta":{"_acf_changed":false,"site-sidebar-layout":"default","site-content-layout":"","ast-site-content-layout":"default","site-content-style":"default","site-sidebar-style":"default","ast-global-header-display":"","ast-banner-title-visibility":"","ast-main-header-display":"","ast-hfb-above-header-display":"","ast-hfb-below-header-display":"","ast-hfb-mobile-header-display":"","site-post-title":"","ast-breadcrumbs-content":"","ast-featured-img":"","footer-sml-layout":"","ast-disable-related-posts":"","theme-transparent-header-meta":"default","adv-header-id-meta":"","stick-header-meta":"","header-above-stick-meta":"","header-main-stick-meta":"","header-below-stick-meta":"","astra-migrate-meta-layouts":"set","ast-page-background-enabled":"default","ast-page-background-meta":{"desktop":{"background-color":"var(--ast-global-color-5)","background-image":"","background-repeat":"repeat","background-position":"center center","background-size":"auto","background-attachment":"scroll","background-type":"","background-media":"","overlay-type":"","overlay-color":"","overlay-opacity":"","overlay-gradient":""},"tablet":{"background-color":"","background-image":"","background-repeat":"repeat","background-position":"center center","background-size":"auto","background-attachment":"scroll","background-type":"","background-media":"","overlay-type":"","overlay-color":"","overlay-opacity":"","overlay-gradient":""},"mobile":{"background-color":"","background-image":"","background-repeat":"repeat","background-position":"center center","background-size":"auto","background-attachment":"scroll","background-type":"","background-media":"","overlay-type":"","overlay-color":"","overlay-opacity":"","overlay-gradient":""}},"ast-content-background-meta":{"desktop":{"background-color":"var(--ast-global-color-4)","background-image":"","background-repeat":"repeat","background-position":"center center","background-size":"auto","background-attachment":"scroll","background-type":"","background-media":"","overlay-type":"","overlay-color":"","overlay-opacity":"","overlay-gradient":""},"tablet":{"background-color":"var(--ast-global-color-4)","background-image":"","background-repeat":"repeat","background-position":"center center","background-size":"auto","background-attachment":"scroll","background-type":"","background-media":"","overlay-type":"","overlay-color":"","overlay-opacity":"","overlay-gradient":""},"mobile":{"background-color":"var(--ast-global-color-4)","background-image":"","background-repeat":"repeat","background-position":"center center","background-size":"auto","background-attachment":"scroll","background-type":"","background-media":"","overlay-type":"","overlay-color":"","overlay-opacity":"","overlay-gradient":""}}},"product_brand":[],"product_cat":[70],"product_tag":[],"class_list":{"0":"post-1759","1":"product","2":"type-product","3":"status-publish","4":"has-post-thumbnail","6":"product_cat-magnetic-stirrer-manufacturer","7":"desktop-align-left","8":"tablet-align-left","9":"mobile-align-left","11":"first","12":"instock","13":"shipping-taxable","14":"product-type-simple"},"acf":[],"yoast_head":"<!-- This site is optimized with the Yoast SEO plugin v27.4 - https:\/\/yoast.com\/product\/yoast-seo-wordpress\/ -->\n<title>Heating Magnetic Stirrer, Magnetic Stirrer Without Heating<\/title>\n<meta name=\"description\" content=\"The heating magnetic stirrer (magnetic stirrer without heating) is a lab device that uses a rotating magnetic field to spin a small\" \/>\n<meta name=\"robots\" content=\"index, follow, max-snippet:-1, max-image-preview:large, max-video-preview:-1\" \/>\n<link rel=\"canonical\" href=\"https:\/\/topkeymedical.com\/fr\/produit\/agitateur-magnetique-chauffant-sans-chauffage\/\" \/>\n<meta property=\"og:locale\" content=\"fr_FR\" \/>\n<meta property=\"og:type\" content=\"article\" \/>\n<meta property=\"og:title\" content=\"Heating Magnetic Stirrer, Magnetic Stirrer Without Heating\" \/>\n<meta property=\"og:description\" content=\"The heating magnetic stirrer (magnetic stirrer without heating) is a lab device that uses a rotating magnetic field to spin a small\" \/>\n<meta property=\"og:url\" content=\"https:\/\/topkeymedical.com\/fr\/produit\/agitateur-magnetique-chauffant-sans-chauffage\/\" \/>\n<meta property=\"og:site_name\" content=\"TOPKEY\u2013 Precision in Every Detail, Guardian of Life and Health\" \/>\n<meta property=\"article:publisher\" content=\"https:\/\/www.facebook.com\/profile.php?id=100088897294997\" \/>\n<meta property=\"og:image\" content=\"https:\/\/topkeymedical.com\/wp-content\/uploads\/2025\/12\/Heating-Magnetic-Stirrer-1.webp\" \/>\n\t<meta property=\"og:image:width\" content=\"605\" \/>\n\t<meta property=\"og:image:height\" content=\"605\" \/>\n\t<meta property=\"og:image:type\" content=\"image\/webp\" \/>\n<meta name=\"twitter:card\" content=\"summary_large_image\" \/>\n<meta name=\"twitter:label1\" content=\"Dur\u00e9e de lecture estim\u00e9e\" \/>\n\t<meta name=\"twitter:data1\" content=\"2 minutes\" \/>\n<script type=\"application\/ld+json\" class=\"yoast-schema-graph\">{\"@context\":\"https:\\\/\\\/schema.org\",\"@graph\":[{\"@type\":\"WebPage\",\"@id\":\"https:\\\/\\\/topkeymedical.com\\\/product\\\/heating-magnetic-stirrer-without-heating\\\/\",\"url\":\"https:\\\/\\\/topkeymedical.com\\\/product\\\/heating-magnetic-stirrer-without-heating\\\/\",\"name\":\"Heating Magnetic Stirrer, Magnetic Stirrer Without Heating\",\"isPartOf\":{\"@id\":\"https:\\\/\\\/topkeymedical.com\\\/#website\"},\"primaryImageOfPage\":{\"@id\":\"https:\\\/\\\/topkeymedical.com\\\/product\\\/heating-magnetic-stirrer-without-heating\\\/#primaryimage\"},\"image\":{\"@id\":\"https:\\\/\\\/topkeymedical.com\\\/product\\\/heating-magnetic-stirrer-without-heating\\\/#primaryimage\"},\"thumbnailUrl\":\"https:\\\/\\\/topkeymedical.com\\\/wp-content\\\/uploads\\\/2025\\\/12\\\/Heating-Magnetic-Stirrer-1.webp\",\"datePublished\":\"2025-12-23T13:17:52+00:00\",\"description\":\"The heating magnetic stirrer (magnetic stirrer without heating) is a lab device that uses a rotating magnetic field to spin a small\",\"breadcrumb\":{\"@id\":\"https:\\\/\\\/topkeymedical.com\\\/product\\\/heating-magnetic-stirrer-without-heating\\\/#breadcrumb\"},\"inLanguage\":\"fr-FR\",\"potentialAction\":[{\"@type\":\"ReadAction\",\"target\":[\"https:\\\/\\\/topkeymedical.com\\\/product\\\/heating-magnetic-stirrer-without-heating\\\/\"]}]},{\"@type\":\"ImageObject\",\"inLanguage\":\"fr-FR\",\"@id\":\"https:\\\/\\\/topkeymedical.com\\\/product\\\/heating-magnetic-stirrer-without-heating\\\/#primaryimage\",\"url\":\"https:\\\/\\\/topkeymedical.com\\\/wp-content\\\/uploads\\\/2025\\\/12\\\/Heating-Magnetic-Stirrer-1.webp\",\"contentUrl\":\"https:\\\/\\\/topkeymedical.com\\\/wp-content\\\/uploads\\\/2025\\\/12\\\/Heating-Magnetic-Stirrer-1.webp\",\"width\":605,\"height\":605,\"caption\":\"Heating Magnetic Stirrer, Magnetic Stirrer Without Heating\"},{\"@type\":\"BreadcrumbList\",\"@id\":\"https:\\\/\\\/topkeymedical.com\\\/product\\\/heating-magnetic-stirrer-without-heating\\\/#breadcrumb\",\"itemListElement\":[{\"@type\":\"ListItem\",\"position\":1,\"name\":\"Home\",\"item\":\"https:\\\/\\\/topkeymedical.com\\\/\"},{\"@type\":\"ListItem\",\"position\":2,\"name\":\"Products\",\"item\":\"https:\\\/\\\/topkeymedical.com\\\/shop\\\/\"},{\"@type\":\"ListItem\",\"position\":3,\"name\":\"Heating Magnetic Stirrer, Magnetic Stirrer Without Heating\"}]},{\"@type\":\"WebSite\",\"@id\":\"https:\\\/\\\/topkeymedical.com\\\/#website\",\"url\":\"https:\\\/\\\/topkeymedical.com\\\/\",\"name\":\"TOPKEY\u2013 Precision in Every Detail, Guardian of Life and Health\",\"description\":\"\",\"publisher\":{\"@id\":\"https:\\\/\\\/topkeymedical.com\\\/#organization\"},\"potentialAction\":[{\"@type\":\"SearchAction\",\"target\":{\"@type\":\"EntryPoint\",\"urlTemplate\":\"https:\\\/\\\/topkeymedical.com\\\/?s={search_term_string}\"},\"query-input\":{\"@type\":\"PropertyValueSpecification\",\"valueRequired\":true,\"valueName\":\"search_term_string\"}}],\"inLanguage\":\"fr-FR\"},{\"@type\":\"Organization\",\"@id\":\"https:\\\/\\\/topkeymedical.com\\\/#organization\",\"name\":\"TOPKEY\u2013 Precision in Every Detail, Guardian of Life and Health\",\"url\":\"https:\\\/\\\/topkeymedical.com\\\/\",\"logo\":{\"@type\":\"ImageObject\",\"inLanguage\":\"fr-FR\",\"@id\":\"https:\\\/\\\/topkeymedical.com\\\/#\\\/schema\\\/logo\\\/image\\\/\",\"url\":\"https:\\\/\\\/topkeymedical.com\\\/wp-content\\\/uploads\\\/2025\\\/05\\\/cropped-logo.jpg\",\"contentUrl\":\"https:\\\/\\\/topkeymedical.com\\\/wp-content\\\/uploads\\\/2025\\\/05\\\/cropped-logo.jpg\",\"width\":512,\"height\":512,\"caption\":\"TOPKEY\u2013 Precision in Every Detail, Guardian of Life and Health\"},\"image\":{\"@id\":\"https:\\\/\\\/topkeymedical.com\\\/#\\\/schema\\\/logo\\\/image\\\/\"},\"sameAs\":[\"https:\\\/\\\/www.facebook.com\\\/profile.php?id=100088897294997\",\"https:\\\/\\\/www.youtube.com\\\/@TopkeyMedical-Alice888\",\"https:\\\/\\\/www.linkedin.com\\\/in\\\/alice-hu-bb66a01b3\\\/\"]}]}<\/script>\n<!-- \/ Yoast SEO plugin. -->","yoast_head_json":{"title":"Agitateur magn\u00e9tique chauffant, Agitateur magn\u00e9tique sans chauffage","description":"L'agitateur magn\u00e9tique chauffant (agitateur magn\u00e9tique sans chauffage) est un appareil de laboratoire qui utilise un champ magn\u00e9tique rotatif pour faire tourner un petit objet.","robots":{"index":"index","follow":"follow","max-snippet":"max-snippet:-1","max-image-preview":"max-image-preview:large","max-video-preview":"max-video-preview:-1"},"canonical":"https:\/\/topkeymedical.com\/fr\/produit\/agitateur-magnetique-chauffant-sans-chauffage\/","og_locale":"fr_FR","og_type":"article","og_title":"Heating Magnetic Stirrer, Magnetic Stirrer Without Heating","og_description":"The heating magnetic stirrer (magnetic stirrer without heating) is a lab device that uses a rotating magnetic field to spin a small","og_url":"https:\/\/topkeymedical.com\/fr\/produit\/agitateur-magnetique-chauffant-sans-chauffage\/","og_site_name":"TOPKEY\u2013 Precision in Every Detail, Guardian of Life and Health","article_publisher":"https:\/\/www.facebook.com\/profile.php?id=100088897294997","og_image":[{"width":605,"height":605,"url":"https:\/\/topkeymedical.com\/wp-content\/uploads\/2025\/12\/Heating-Magnetic-Stirrer-1.webp","type":"image\/webp"}],"twitter_card":"summary_large_image","twitter_misc":{"Dur\u00e9e de lecture estim\u00e9e":"2 minutes"},"schema":{"@context":"https:\/\/schema.org","@graph":[{"@type":"WebPage","@id":"https:\/\/topkeymedical.com\/product\/heating-magnetic-stirrer-without-heating\/","url":"https:\/\/topkeymedical.com\/product\/heating-magnetic-stirrer-without-heating\/","name":"Agitateur magn\u00e9tique chauffant, Agitateur magn\u00e9tique sans chauffage","isPartOf":{"@id":"https:\/\/topkeymedical.com\/#website"},"primaryImageOfPage":{"@id":"https:\/\/topkeymedical.com\/product\/heating-magnetic-stirrer-without-heating\/#primaryimage"},"image":{"@id":"https:\/\/topkeymedical.com\/product\/heating-magnetic-stirrer-without-heating\/#primaryimage"},"thumbnailUrl":"https:\/\/topkeymedical.com\/wp-content\/uploads\/2025\/12\/Heating-Magnetic-Stirrer-1.webp","datePublished":"2025-12-23T13:17:52+00:00","description":"L'agitateur magn\u00e9tique chauffant (agitateur magn\u00e9tique sans chauffage) est un appareil de laboratoire qui utilise un champ magn\u00e9tique rotatif pour faire tourner un petit objet.","breadcrumb":{"@id":"https:\/\/topkeymedical.com\/product\/heating-magnetic-stirrer-without-heating\/#breadcrumb"},"inLanguage":"fr-FR","potentialAction":[{"@type":"ReadAction","target":["https:\/\/topkeymedical.com\/product\/heating-magnetic-stirrer-without-heating\/"]}]},{"@type":"ImageObject","inLanguage":"fr-FR","@id":"https:\/\/topkeymedical.com\/product\/heating-magnetic-stirrer-without-heating\/#primaryimage","url":"https:\/\/topkeymedical.com\/wp-content\/uploads\/2025\/12\/Heating-Magnetic-Stirrer-1.webp","contentUrl":"https:\/\/topkeymedical.com\/wp-content\/uploads\/2025\/12\/Heating-Magnetic-Stirrer-1.webp","width":605,"height":605,"caption":"Heating Magnetic Stirrer, Magnetic Stirrer Without Heating"},{"@type":"BreadcrumbList","@id":"https:\/\/topkeymedical.com\/product\/heating-magnetic-stirrer-without-heating\/#breadcrumb","itemListElement":[{"@type":"ListItem","position":1,"name":"Home","item":"https:\/\/topkeymedical.com\/"},{"@type":"ListItem","position":2,"name":"Products","item":"https:\/\/topkeymedical.com\/shop\/"},{"@type":"ListItem","position":3,"name":"Heating Magnetic Stirrer, Magnetic Stirrer Without Heating"}]},{"@type":"WebSite","@id":"https:\/\/topkeymedical.com\/#website","url":"https:\/\/topkeymedical.com\/","name":"TOPKEY - La pr\u00e9cision dans les moindres d\u00e9tails, gardienne de la vie et de la sant\u00e9","description":"","publisher":{"@id":"https:\/\/topkeymedical.com\/#organization"},"potentialAction":[{"@type":"SearchAction","target":{"@type":"EntryPoint","urlTemplate":"https:\/\/topkeymedical.com\/?s={search_term_string}"},"query-input":{"@type":"PropertyValueSpecification","valueRequired":true,"valueName":"search_term_string"}}],"inLanguage":"fr-FR"},{"@type":"Organization","@id":"https:\/\/topkeymedical.com\/#organization","name":"TOPKEY - La pr\u00e9cision dans les moindres d\u00e9tails, gardienne de la vie et de la sant\u00e9","url":"https:\/\/topkeymedical.com\/","logo":{"@type":"ImageObject","inLanguage":"fr-FR","@id":"https:\/\/topkeymedical.com\/#\/schema\/logo\/image\/","url":"https:\/\/topkeymedical.com\/wp-content\/uploads\/2025\/05\/cropped-logo.jpg","contentUrl":"https:\/\/topkeymedical.com\/wp-content\/uploads\/2025\/05\/cropped-logo.jpg","width":512,"height":512,"caption":"TOPKEY\u2013 Precision in Every Detail, Guardian of Life and Health"},"image":{"@id":"https:\/\/topkeymedical.com\/#\/schema\/logo\/image\/"},"sameAs":["https:\/\/www.facebook.com\/profile.php?id=100088897294997","https:\/\/www.youtube.com\/@TopkeyMedical-Alice888","https:\/\/www.linkedin.com\/in\/alice-hu-bb66a01b3\/"]}]}},"_links":{"self":[{"href":"https:\/\/topkeymedical.com\/fr\/wp-json\/wp\/v2\/product\/1759","targetHints":{"allow":["GET"]}}],"collection":[{"href":"https:\/\/topkeymedical.com\/fr\/wp-json\/wp\/v2\/product"}],"about":[{"href":"https:\/\/topkeymedical.com\/fr\/wp-json\/wp\/v2\/types\/product"}],"version-history":[{"count":1,"href":"https:\/\/topkeymedical.com\/fr\/wp-json\/wp\/v2\/product\/1759\/revisions"}],"predecessor-version":[{"id":1764,"href":"https:\/\/topkeymedical.com\/fr\/wp-json\/wp\/v2\/product\/1759\/revisions\/1764"}],"wp:featuredmedia":[{"embeddable":true,"href":"https:\/\/topkeymedical.com\/fr\/wp-json\/wp\/v2\/media\/1763"}],"wp:attachment":[{"href":"https:\/\/topkeymedical.com\/fr\/wp-json\/wp\/v2\/media?parent=1759"}],"wp:term":[{"taxonomy":"product_brand","embeddable":true,"href":"https:\/\/topkeymedical.com\/fr\/wp-json\/wp\/v2\/product_brand?post=1759"},{"taxonomy":"product_cat","embeddable":true,"href":"https:\/\/topkeymedical.com\/fr\/wp-json\/wp\/v2\/product_cat?post=1759"},{"taxonomy":"product_tag","embeddable":true,"href":"https:\/\/topkeymedical.com\/fr\/wp-json\/wp\/v2\/product_tag?post=1759"}],"curies":[{"name":"wp","href":"https:\/\/api.w.org\/{rel}","templated":true}]}}