{"id":1816,"date":"2026-01-06T13:23:29","date_gmt":"2026-01-06T13:23:29","guid":{"rendered":"https:\/\/topkeymedical.com\/?post_type=product&#038;p=1816"},"modified":"2026-01-06T13:23:30","modified_gmt":"2026-01-06T13:23:30","slug":"0-22-0-45-micron-filtre-a-aiguille","status":"publish","type":"product","link":"https:\/\/topkeymedical.com\/fr\/produit\/0-22-0-45-micron-filtre-a-aiguille\/","title":{"rendered":"Filtre \u00e0 aiguilles 0,22 - 0,45 micron, aiguilles filtrantes rouges"},"content":{"rendered":"<h2>Pr\u00e9sentation du produit :<\/h2>\n<p>Sa structure lisse, sans bavures, assure un ajustement serr\u00e9 aux seringues, tandis que la conception \u00e0 haute \u00e9tanch\u00e9it\u00e9 emp\u00eache les fuites lors de la filtration.<\/p>\n<p>Le filtre \u00e0 aiguille offre \u00e9galement une grande efficacit\u00e9 de filtration, pi\u00e9geant compl\u00e8tement les impuret\u00e9s pour garantir la puret\u00e9 de l'\u00e9chantillon et prot\u00e9ger l'\u00e9quipement en aval. Il est compatible avec diff\u00e9rents solvants et types de liquides, s'adaptant ainsi \u00e0 diff\u00e9rents sc\u00e9narios exp\u00e9rimentaux.<\/p>\n<p>L\u00e9ger et jetable, ce filtre est facile \u00e0 utiliser et \u00e9vite la contamination crois\u00e9e. Son emballage avec code couleur permet une identification rapide des sp\u00e9cifications.<\/p>\n<p>Qu'il s'agisse de la pr\u00e9paration d'\u00e9chantillons, de la clarification de solvants ou de la filtration de routine en laboratoire, il permet de r\u00e9aliser des t\u00e2ches de purification sans faille gr\u00e2ce \u00e0 sa grande efficacit\u00e9, sa polyvalence et ses performances conviviales.<\/p>\n<h2>Filtre \u00e0 aiguilles Param\u00e8tres :<\/h2>\n<table>\n<tbody>\n<tr>\n<td width=\"128\">Nom du produit<\/td>\n<td width=\"409\">Filtre \u00e0 aiguille<\/td>\n<\/tr>\n<tr>\n<td width=\"128\">Couleur du produit<\/td>\n<td width=\"409\">Vert, rouge, violet, jaune<\/td>\n<\/tr>\n<tr>\n<td width=\"128\">Mat\u00e9riau du produit<\/td>\n<td width=\"409\">Fluorure de polyvinylid\u00e8ne <a href=\"https:\/\/www.specialchem.com\/plastics\/guide\/polyvinylidene-fluoride-pvdf-plastic\" target=\"_blank\" rel=\"noopener\">PVDF<\/a>, polyt\u00e9trafluoro\u00e9thyl\u00e8ne <a href=\"https:\/\/en.wikipedia.org\/wiki\/Polytetrafluoroethylene\" target=\"_blank\" rel=\"noopener\">PTFE<\/a>, poly\u00e9ther sulfone PES, cellulose mixte MCE et nylon organique 6<\/td>\n<\/tr>\n<tr>\n<td width=\"128\">Produit<\/p>\n<p>sp\u00e9cification<\/td>\n<td width=\"409\">13mm*0,22\u03bcm, 13mm*0,45\u03bcm, 25mm*0,22\u03bcm,<\/p>\n<p>25mm*0.45um<\/td>\n<\/tr>\n<tr>\n<td width=\"128\">Utilisation du produit<\/td>\n<td width=\"409\">Pour la pr\u00e9filtration d'\u00e9chantillons et de solvants afin d'\u00e9liminer les contaminants particulaires, la filtration bact\u00e9ricide de liquides et de gaz.<\/td>\n<\/tr>\n<\/tbody>\n<\/table>\n<h2>Tableau d'information sur les param\u00e8tres :<\/h2>\n<table width=\"0\">\n<thead>\n<tr>\n<td width=\"87\">Type<\/td>\n<td width=\"126\">Mat\u00e9riau<\/td>\n<td width=\"57\">Couleur<\/td>\n<td width=\"67\">Diam\u00e8tre<\/td>\n<td width=\"65\">Ouverture<\/td>\n<td width=\"56\">Validit\u00e9<\/td>\n<td width=\"90\">Quantit\u00e9\/bo\u00eete<\/td>\n<\/tr>\n<\/thead>\n<tbody>\n<tr>\n<td width=\"87\">Biologique<\/p>\n<p>syst\u00e8me<\/td>\n<td width=\"126\">Nylon biologique 6<\/td>\n<td width=\"57\">jaune<\/td>\n<td width=\"67\">13 mm<\/td>\n<td width=\"65\">0,22um<\/td>\n<td width=\"56\">5 ans<\/td>\n<td width=\"90\">100PCS\/bo\u00eete<\/td>\n<\/tr>\n<tr>\n<td width=\"87\">Biologique<\/p>\n<p>syst\u00e8me<\/td>\n<td width=\"126\">Nylon biologique 6<\/td>\n<td width=\"57\">jaune<\/td>\n<td width=\"67\">13 mm<\/td>\n<td width=\"65\">0,45um<\/td>\n<td width=\"56\">5 ans<\/td>\n<td width=\"90\">100PCS\/bo\u00eete<\/td>\n<\/tr>\n<tr>\n<td width=\"87\">Biologique<\/p>\n<p>syst\u00e8me<\/td>\n<td width=\"126\">Nylon biologique 6<\/td>\n<td width=\"57\">jaune<\/td>\n<td width=\"67\">25 mm<\/td>\n<td width=\"65\">0,22um<\/td>\n<td width=\"56\">5 ans<\/td>\n<td width=\"90\">100PCS\/bo\u00eete<\/td>\n<\/tr>\n<tr>\n<td width=\"87\">Biologique<\/p>\n<p>syst\u00e8me<\/td>\n<td width=\"126\">Nylon biologique 6<\/td>\n<td width=\"57\">jaune<\/td>\n<td width=\"67\">25 mm<\/td>\n<td width=\"65\">0,45um<\/td>\n<td width=\"56\">5 ans<\/td>\n<td width=\"90\">100PCS\/bo\u00eete<\/td>\n<\/tr>\n<tr>\n<td width=\"87\">Drainage<\/td>\n<td width=\"126\">Cellulose mixte MCE<\/td>\n<td width=\"57\">Vert<\/td>\n<td width=\"67\">13 mm<\/td>\n<td width=\"65\">0,22um<\/td>\n<td width=\"56\">5 ans<\/td>\n<td width=\"90\">100PCS\/bo\u00eete<\/td>\n<\/tr>\n<tr>\n<td width=\"87\">Drainage<\/td>\n<td width=\"126\">Cellulose mixte MCE<\/td>\n<td width=\"57\">Vert<\/td>\n<td width=\"67\">13 mm<\/td>\n<td width=\"65\">0,45um<\/td>\n<td width=\"56\">5 ans<\/td>\n<td width=\"90\">100PCS\/bo\u00eete<\/td>\n<\/tr>\n<tr>\n<td width=\"87\">Drainage<\/td>\n<td width=\"126\">Cellulose mixte MCE<\/td>\n<td width=\"57\">Vert<\/td>\n<td width=\"67\">25 mm<\/td>\n<td width=\"65\">0,22um<\/td>\n<td width=\"56\">5 ans<\/td>\n<td width=\"90\">100PCS\/bo\u00eete<\/td>\n<\/tr>\n<tr>\n<td width=\"87\">Drainage<\/td>\n<td width=\"126\">Cellulose mixte MCE<\/td>\n<td width=\"57\">Vert<\/td>\n<td width=\"67\">25 mm<\/td>\n<td width=\"65\">0,45um<\/td>\n<td width=\"56\">5 ans<\/td>\n<td width=\"90\">100PCS\/bo\u00eete<\/td>\n<\/tr>\n<tr>\n<td width=\"87\">Drainage<\/td>\n<td width=\"126\">Poly\u00e9ther sulfone PES<\/td>\n<td width=\"57\">Vert<\/td>\n<td width=\"67\">13 mm<\/td>\n<td width=\"65\">0,22um<\/td>\n<td width=\"56\">5 ans<\/td>\n<td width=\"90\">100PCS\/bo\u00eete<\/td>\n<\/tr>\n<tr>\n<td width=\"87\">Drainage<\/td>\n<td width=\"126\">Poly\u00e9ther sulfone PES<\/td>\n<td width=\"57\">Vert<\/td>\n<td width=\"67\">13 mm<\/td>\n<td width=\"65\">0,45um<\/td>\n<td width=\"56\">5 ans<\/td>\n<td width=\"90\">100PCS\/bo\u00eete<\/td>\n<\/tr>\n<tr>\n<td width=\"87\">Drainage<\/td>\n<td width=\"126\">Poly\u00e9ther sulfone PES<\/td>\n<td width=\"57\">Vert<\/td>\n<td width=\"67\">25 mm<\/td>\n<td width=\"65\">0,22um<\/td>\n<td width=\"56\">5 ans<\/td>\n<td width=\"90\">100PCS\/bo\u00eete<\/td>\n<\/tr>\n<tr>\n<td width=\"87\">Drainage<\/td>\n<td width=\"126\">Poly\u00e9ther sulfone PES<\/td>\n<td width=\"57\">Vert<\/td>\n<td width=\"67\">25 mm<\/td>\n<td width=\"65\">0,45um<\/td>\n<td width=\"56\">5 ans<\/td>\n<td width=\"90\">100PCS\/bo\u00eete<\/td>\n<\/tr>\n<tr>\n<td width=\"87\">Hydrophile<\/td>\n<td width=\"126\">T\u00e9trafluoro\u00e9thyl\u00e8ne PTFE(Q)<\/td>\n<td width=\"57\">Rouge<\/td>\n<td width=\"67\">13 mm<\/td>\n<td width=\"65\">0,22um<\/td>\n<td width=\"56\">5 ans<\/td>\n<td width=\"90\">100PCS\/bo\u00eete<\/td>\n<\/tr>\n<tr>\n<td width=\"87\">Hydrophile<\/td>\n<td width=\"126\">T\u00e9trafluoro\u00e9thyl\u00e8ne PTFE(Q)<\/td>\n<td width=\"57\">Rouge<\/td>\n<td width=\"67\">13 mm<\/td>\n<td width=\"65\">0,45um<\/td>\n<td width=\"56\">5 ans<\/td>\n<td width=\"90\">100PCS\/bo\u00eete<\/td>\n<\/tr>\n<tr>\n<td width=\"87\">Hydrophobe<\/td>\n<td width=\"126\">PTFE(S)<\/td>\n<td width=\"57\">Rouge<\/td>\n<td width=\"67\">13 mm<\/td>\n<td width=\"65\">0,22\u00b5m<\/td>\n<td width=\"56\">5 ans<\/td>\n<td width=\"90\">100PCS\/bo\u00eete<\/td>\n<\/tr>\n<tr>\n<td width=\"87\">Hydrophobe<\/td>\n<td width=\"126\">PTFE(S)<\/td>\n<td width=\"57\">Rouge<\/td>\n<td width=\"67\">13 mm<\/td>\n<td width=\"65\">0,45um<\/td>\n<td width=\"56\">5 ans<\/td>\n<td width=\"90\">100PCS\/bo\u00eete<\/td>\n<\/tr>\n<tr>\n<td width=\"87\">Hydrophile<\/td>\n<td width=\"126\">T\u00e9trafluoro\u00e9thyl\u00e8ne PTFE[Q)<\/td>\n<td width=\"57\">Rouge<\/td>\n<td width=\"67\">25 mm<\/td>\n<td width=\"65\">0,22\u00b5m<\/td>\n<td width=\"56\">5 ans<\/td>\n<td width=\"90\">100PCS\/bo\u00eete<\/td>\n<\/tr>\n<tr>\n<td width=\"87\">Hydrophile<\/td>\n<td width=\"126\">T\u00e9trafluoro\u00e9thyl\u00e8ne PTFE[O)<\/td>\n<td width=\"57\">Rouge<\/td>\n<td width=\"67\">25 mm<\/td>\n<td width=\"65\">0,45um<\/p>\n<p>&nbsp;<\/td>\n<td width=\"56\">5 ans<\/td>\n<td width=\"90\">100PCS\/bo\u00eete<\/td>\n<\/tr>\n<tr>\n<td width=\"87\">Hydrophobe<\/td>\n<td width=\"126\">PTFE(S)<\/td>\n<td width=\"57\">Rouge<\/td>\n<td width=\"67\">25 mm<\/td>\n<td width=\"65\">0,22um<\/td>\n<td width=\"56\">5 ans<\/td>\n<td width=\"90\">100PCS\/bo\u00eete<\/td>\n<\/tr>\n<tr>\n<td width=\"87\">Hydrophobe<\/td>\n<td width=\"126\">PTFE(S)<\/td>\n<td width=\"57\">Rouge<\/td>\n<td width=\"67\">25 mm<\/td>\n<td width=\"65\">0,45um<\/td>\n<td width=\"56\">5 ans<\/td>\n<td width=\"90\">100PCS\/bo\u00eete<\/td>\n<\/tr>\n<tr>\n<td width=\"87\">Hydrophile<\/td>\n<td width=\"126\">Polyfluorure de vinylid\u00e8ne PVDF(Q)<\/td>\n<td width=\"57\">Fuchsia<\/td>\n<td width=\"67\">13 mm<\/td>\n<td width=\"65\">0,22\u00b5m<\/td>\n<td width=\"56\">5 ans<\/td>\n<td width=\"90\">100PCS\/bo\u00eete<\/td>\n<\/tr>\n<tr>\n<td width=\"87\">Hydrophile<\/td>\n<td width=\"126\">Polyfluorure de vinylid\u00e8ne PVDF(Q)<\/td>\n<td width=\"57\">Fuchsia<\/td>\n<td width=\"67\">13 mm<\/td>\n<td width=\"65\">0,45um<\/td>\n<td width=\"56\">5 ans<\/td>\n<td width=\"90\">100PCS\/bo\u00eete<\/td>\n<\/tr>\n<tr>\n<td width=\"87\">Hydrophobe<\/td>\n<td width=\"126\">Polyfluorure de vinylid\u00e8ne PVDF(S)<\/td>\n<td width=\"57\">Fuchsia<\/td>\n<td width=\"67\">13 mm<\/td>\n<td width=\"65\">0,22um<\/td>\n<td width=\"56\">5 ans<\/td>\n<td width=\"90\">100PCS\/bo\u00eete<\/td>\n<\/tr>\n<tr>\n<td width=\"87\">Hydrophobe<\/td>\n<td width=\"126\">Polyfluorure de vinylid\u00e8ne PVDF(S)<\/td>\n<td width=\"57\">Fuchsia<\/td>\n<td width=\"67\">13 mm<\/td>\n<td width=\"65\">0,45um<\/td>\n<td width=\"56\">5 ans<\/td>\n<td width=\"90\">100PCS\/bo\u00eete<\/td>\n<\/tr>\n<tr>\n<td width=\"87\">Hydrophile<\/td>\n<td width=\"126\">Polyfluorure de vinylid\u00e8ne PVDF(Q)<\/td>\n<td width=\"57\">Fuchsia<\/td>\n<td width=\"67\">25 mm<\/td>\n<td width=\"65\">0,22um<\/td>\n<td width=\"56\">5 ans<\/td>\n<td width=\"90\">100PCS\/bo\u00eete<\/td>\n<\/tr>\n<tr>\n<td width=\"87\">Hydrophile<\/td>\n<td width=\"126\">Polyfluorure de vinylid\u00e8ne PVDF(Q)<\/td>\n<td width=\"57\">Fuchsia<\/td>\n<td width=\"67\">25 mm<\/td>\n<td width=\"65\">0,45um<\/td>\n<td width=\"56\">5 ans<\/td>\n<td width=\"90\">100PCS\/bo\u00eete<\/td>\n<\/tr>\n<tr>\n<td width=\"87\">Hydrophobe<\/td>\n<td width=\"126\">Polyfluorure de vinylid\u00e8ne PVDF(S)<\/td>\n<td width=\"57\">Fuchsia<\/td>\n<td width=\"67\">25 mm<\/td>\n<td width=\"65\">0,22um<\/td>\n<td width=\"56\">5 ans<\/td>\n<td width=\"90\">100PCS\/bo\u00eete<\/td>\n<\/tr>\n<tr>\n<td width=\"87\">Hydrophobe<\/td>\n<td width=\"126\">Polyfluorure de vinylid\u00e8ne PVDF(S)<\/td>\n<td width=\"57\">Fuchsia<\/td>\n<td width=\"67\">25 mm<\/td>\n<td width=\"65\">0,45um<\/td>\n<td width=\"56\">5 ans<\/td>\n<td width=\"90\">100PCS\/bo\u00eete<\/td>\n<\/tr>\n<\/tbody>\n<\/table>","protected":false},"excerpt":{"rendered":"<p>Con\u00e7u pour les laboratoires, la recherche et l'industrie, le filtre \u00e0 aiguille TOPKEY est un partenaire fiable pour une filtration pr\u00e9cise des liquides.<br \/>\nCompos\u00e9 d'un bo\u00eetier en polypropyl\u00e8ne (PP) et d'une membrane filtrante en fibre\/polyester (PE\/PET), il est disponible dans de multiples sp\u00e9cifications pour r\u00e9pondre \u00e0 divers besoins de filtration.<\/p>","protected":false},"featured_media":1815,"template":"","meta":{"_acf_changed":false,"site-sidebar-layout":"default","site-content-layout":"","ast-site-content-layout":"default","site-content-style":"default","site-sidebar-style":"default","ast-global-header-display":"","ast-banner-title-visibility":"","ast-main-header-display":"","ast-hfb-above-header-display":"","ast-hfb-below-header-display":"","ast-hfb-mobile-header-display":"","site-post-title":"","ast-breadcrumbs-content":"","ast-featured-img":"","footer-sml-layout":"","ast-disable-related-posts":"","theme-transparent-header-meta":"default","adv-header-id-meta":"","stick-header-meta":"","header-above-stick-meta":"","header-main-stick-meta":"","header-below-stick-meta":"","astra-migrate-meta-layouts":"set","ast-page-background-enabled":"default","ast-page-background-meta":{"desktop":{"background-color":"var(--ast-global-color-5)","background-image":"","background-repeat":"repeat","background-position":"center center","background-size":"auto","background-attachment":"scroll","background-type":"","background-media":"","overlay-type":"","overlay-color":"","overlay-opacity":"","overlay-gradient":""},"tablet":{"background-color":"","background-image":"","background-repeat":"repeat","background-position":"center center","background-size":"auto","background-attachment":"scroll","background-type":"","background-media":"","overlay-type":"","overlay-color":"","overlay-opacity":"","overlay-gradient":""},"mobile":{"background-color":"","background-image":"","background-repeat":"repeat","background-position":"center center","background-size":"auto","background-attachment":"scroll","background-type":"","background-media":"","overlay-type":"","overlay-color":"","overlay-opacity":"","overlay-gradient":""}},"ast-content-background-meta":{"desktop":{"background-color":"var(--ast-global-color-4)","background-image":"","background-repeat":"repeat","background-position":"center center","background-size":"auto","background-attachment":"scroll","background-type":"","background-media":"","overlay-type":"","overlay-color":"","overlay-opacity":"","overlay-gradient":""},"tablet":{"background-color":"var(--ast-global-color-4)","background-image":"","background-repeat":"repeat","background-position":"center center","background-size":"auto","background-attachment":"scroll","background-type":"","background-media":"","overlay-type":"","overlay-color":"","overlay-opacity":"","overlay-gradient":""},"mobile":{"background-color":"var(--ast-global-color-4)","background-image":"","background-repeat":"repeat","background-position":"center center","background-size":"auto","background-attachment":"scroll","background-type":"","background-media":"","overlay-type":"","overlay-color":"","overlay-opacity":"","overlay-gradient":""}}},"product_brand":[],"product_cat":[67],"product_tag":[],"class_list":{"0":"post-1816","1":"product","2":"type-product","3":"status-publish","4":"has-post-thumbnail","6":"product_cat-laboratory-consumables","7":"desktop-align-left","8":"tablet-align-left","9":"mobile-align-left","11":"first","12":"instock","13":"shipping-taxable","14":"product-type-simple"},"acf":[],"yoast_head":"<!-- This site is optimized with the Yoast SEO plugin v27.4 - https:\/\/yoast.com\/product\/yoast-seo-wordpress\/ -->\n<title>0.22 - 0.45 micron needle filter, Red filter needles<\/title>\n<meta name=\"description\" content=\"Needle filter is a reliable partner for precise liquid filtration\u2014constructed with a polypropylene (PP) housing and fiber\/polyester (PE\/PET) filter membrane\" \/>\n<meta name=\"robots\" content=\"index, follow, max-snippet:-1, max-image-preview:large, max-video-preview:-1\" \/>\n<link rel=\"canonical\" href=\"https:\/\/topkeymedical.com\/fr\/produit\/0-22-0-45-micron-filtre-a-aiguille\/\" \/>\n<meta property=\"og:locale\" content=\"fr_FR\" \/>\n<meta property=\"og:type\" content=\"article\" \/>\n<meta property=\"og:title\" content=\"0.22 - 0.45 micron needle filter, Red filter needles\" \/>\n<meta property=\"og:description\" content=\"Needle filter is a reliable partner for precise liquid filtration\u2014constructed with a polypropylene (PP) housing and fiber\/polyester (PE\/PET) filter membrane\" \/>\n<meta property=\"og:url\" content=\"https:\/\/topkeymedical.com\/fr\/produit\/0-22-0-45-micron-filtre-a-aiguille\/\" \/>\n<meta property=\"og:site_name\" content=\"TOPKEY\u2013 Precision in Every Detail, Guardian of Life and Health\" \/>\n<meta property=\"article:publisher\" content=\"https:\/\/www.facebook.com\/profile.php?id=100088897294997\" \/>\n<meta property=\"article:modified_time\" content=\"2026-01-06T13:23:30+00:00\" \/>\n<meta property=\"og:image\" content=\"https:\/\/topkeymedical.com\/wp-content\/uploads\/2026\/01\/needle-filter-1.webp\" \/>\n\t<meta property=\"og:image:width\" content=\"488\" \/>\n\t<meta property=\"og:image:height\" content=\"488\" \/>\n\t<meta property=\"og:image:type\" content=\"image\/webp\" \/>\n<meta name=\"twitter:card\" content=\"summary_large_image\" \/>\n<meta name=\"twitter:label1\" content=\"Dur\u00e9e de lecture estim\u00e9e\" \/>\n\t<meta name=\"twitter:data1\" content=\"2 minutes\" \/>\n<script type=\"application\/ld+json\" class=\"yoast-schema-graph\">{\"@context\":\"https:\\\/\\\/schema.org\",\"@graph\":[{\"@type\":\"WebPage\",\"@id\":\"https:\\\/\\\/topkeymedical.com\\\/product\\\/0-22-0-45-micron-needle-filter\\\/\",\"url\":\"https:\\\/\\\/topkeymedical.com\\\/product\\\/0-22-0-45-micron-needle-filter\\\/\",\"name\":\"0.22 - 0.45 micron needle filter, Red filter needles\",\"isPartOf\":{\"@id\":\"https:\\\/\\\/topkeymedical.com\\\/#website\"},\"primaryImageOfPage\":{\"@id\":\"https:\\\/\\\/topkeymedical.com\\\/product\\\/0-22-0-45-micron-needle-filter\\\/#primaryimage\"},\"image\":{\"@id\":\"https:\\\/\\\/topkeymedical.com\\\/product\\\/0-22-0-45-micron-needle-filter\\\/#primaryimage\"},\"thumbnailUrl\":\"https:\\\/\\\/topkeymedical.com\\\/wp-content\\\/uploads\\\/2026\\\/01\\\/needle-filter-1.webp\",\"datePublished\":\"2026-01-06T13:23:29+00:00\",\"dateModified\":\"2026-01-06T13:23:30+00:00\",\"description\":\"Needle filter is a reliable partner for precise liquid filtration\u2014constructed with a polypropylene (PP) housing and fiber\\\/polyester (PE\\\/PET) filter membrane\",\"breadcrumb\":{\"@id\":\"https:\\\/\\\/topkeymedical.com\\\/product\\\/0-22-0-45-micron-needle-filter\\\/#breadcrumb\"},\"inLanguage\":\"fr-FR\",\"potentialAction\":[{\"@type\":\"ReadAction\",\"target\":[\"https:\\\/\\\/topkeymedical.com\\\/product\\\/0-22-0-45-micron-needle-filter\\\/\"]}]},{\"@type\":\"ImageObject\",\"inLanguage\":\"fr-FR\",\"@id\":\"https:\\\/\\\/topkeymedical.com\\\/product\\\/0-22-0-45-micron-needle-filter\\\/#primaryimage\",\"url\":\"https:\\\/\\\/topkeymedical.com\\\/wp-content\\\/uploads\\\/2026\\\/01\\\/needle-filter-1.webp\",\"contentUrl\":\"https:\\\/\\\/topkeymedical.com\\\/wp-content\\\/uploads\\\/2026\\\/01\\\/needle-filter-1.webp\",\"width\":488,\"height\":488,\"caption\":\"0.22 - 0.45 micron needle filter, Red filter needles\"},{\"@type\":\"BreadcrumbList\",\"@id\":\"https:\\\/\\\/topkeymedical.com\\\/product\\\/0-22-0-45-micron-needle-filter\\\/#breadcrumb\",\"itemListElement\":[{\"@type\":\"ListItem\",\"position\":1,\"name\":\"Home\",\"item\":\"https:\\\/\\\/topkeymedical.com\\\/\"},{\"@type\":\"ListItem\",\"position\":2,\"name\":\"Products\",\"item\":\"https:\\\/\\\/topkeymedical.com\\\/shop\\\/\"},{\"@type\":\"ListItem\",\"position\":3,\"name\":\"0.22 &#8211; 0.45 micron needle filter, Red filter needles\"}]},{\"@type\":\"WebSite\",\"@id\":\"https:\\\/\\\/topkeymedical.com\\\/#website\",\"url\":\"https:\\\/\\\/topkeymedical.com\\\/\",\"name\":\"TOPKEY\u2013 Precision in Every Detail, Guardian of Life and Health\",\"description\":\"\",\"publisher\":{\"@id\":\"https:\\\/\\\/topkeymedical.com\\\/#organization\"},\"potentialAction\":[{\"@type\":\"SearchAction\",\"target\":{\"@type\":\"EntryPoint\",\"urlTemplate\":\"https:\\\/\\\/topkeymedical.com\\\/?s={search_term_string}\"},\"query-input\":{\"@type\":\"PropertyValueSpecification\",\"valueRequired\":true,\"valueName\":\"search_term_string\"}}],\"inLanguage\":\"fr-FR\"},{\"@type\":\"Organization\",\"@id\":\"https:\\\/\\\/topkeymedical.com\\\/#organization\",\"name\":\"TOPKEY\u2013 Precision in Every Detail, Guardian of Life and Health\",\"url\":\"https:\\\/\\\/topkeymedical.com\\\/\",\"logo\":{\"@type\":\"ImageObject\",\"inLanguage\":\"fr-FR\",\"@id\":\"https:\\\/\\\/topkeymedical.com\\\/#\\\/schema\\\/logo\\\/image\\\/\",\"url\":\"https:\\\/\\\/topkeymedical.com\\\/wp-content\\\/uploads\\\/2025\\\/05\\\/cropped-logo.jpg\",\"contentUrl\":\"https:\\\/\\\/topkeymedical.com\\\/wp-content\\\/uploads\\\/2025\\\/05\\\/cropped-logo.jpg\",\"width\":512,\"height\":512,\"caption\":\"TOPKEY\u2013 Precision in Every Detail, Guardian of Life and Health\"},\"image\":{\"@id\":\"https:\\\/\\\/topkeymedical.com\\\/#\\\/schema\\\/logo\\\/image\\\/\"},\"sameAs\":[\"https:\\\/\\\/www.facebook.com\\\/profile.php?id=100088897294997\",\"https:\\\/\\\/www.youtube.com\\\/@TopkeyMedical-Alice888\",\"https:\\\/\\\/www.linkedin.com\\\/in\\\/alice-hu-bb66a01b3\\\/\"]}]}<\/script>\n<!-- \/ Yoast SEO plugin. -->","yoast_head_json":{"title":"Filtre \u00e0 aiguilles 0,22 - 0,45 micron, aiguilles filtrantes rouges","description":"Le filtre \u00e0 aiguille est un partenaire fiable pour une filtration pr\u00e9cise des liquides. Il est constitu\u00e9 d'un bo\u00eetier en polypropyl\u00e8ne (PP) et d'une membrane filtrante en fibre\/polyester (PE\/PET).","robots":{"index":"index","follow":"follow","max-snippet":"max-snippet:-1","max-image-preview":"max-image-preview:large","max-video-preview":"max-video-preview:-1"},"canonical":"https:\/\/topkeymedical.com\/fr\/produit\/0-22-0-45-micron-filtre-a-aiguille\/","og_locale":"fr_FR","og_type":"article","og_title":"0.22 - 0.45 micron needle filter, Red filter needles","og_description":"Needle filter is a reliable partner for precise liquid filtration\u2014constructed with a polypropylene (PP) housing and fiber\/polyester (PE\/PET) filter membrane","og_url":"https:\/\/topkeymedical.com\/fr\/produit\/0-22-0-45-micron-filtre-a-aiguille\/","og_site_name":"TOPKEY\u2013 Precision in Every Detail, Guardian of Life and Health","article_publisher":"https:\/\/www.facebook.com\/profile.php?id=100088897294997","article_modified_time":"2026-01-06T13:23:30+00:00","og_image":[{"width":488,"height":488,"url":"https:\/\/topkeymedical.com\/wp-content\/uploads\/2026\/01\/needle-filter-1.webp","type":"image\/webp"}],"twitter_card":"summary_large_image","twitter_misc":{"Dur\u00e9e de lecture estim\u00e9e":"2 minutes"},"schema":{"@context":"https:\/\/schema.org","@graph":[{"@type":"WebPage","@id":"https:\/\/topkeymedical.com\/product\/0-22-0-45-micron-needle-filter\/","url":"https:\/\/topkeymedical.com\/product\/0-22-0-45-micron-needle-filter\/","name":"Filtre \u00e0 aiguilles 0,22 - 0,45 micron, aiguilles filtrantes rouges","isPartOf":{"@id":"https:\/\/topkeymedical.com\/#website"},"primaryImageOfPage":{"@id":"https:\/\/topkeymedical.com\/product\/0-22-0-45-micron-needle-filter\/#primaryimage"},"image":{"@id":"https:\/\/topkeymedical.com\/product\/0-22-0-45-micron-needle-filter\/#primaryimage"},"thumbnailUrl":"https:\/\/topkeymedical.com\/wp-content\/uploads\/2026\/01\/needle-filter-1.webp","datePublished":"2026-01-06T13:23:29+00:00","dateModified":"2026-01-06T13:23:30+00:00","description":"Le filtre \u00e0 aiguille est un partenaire fiable pour une filtration pr\u00e9cise des liquides. Il est constitu\u00e9 d'un bo\u00eetier en polypropyl\u00e8ne (PP) et d'une membrane filtrante en fibre\/polyester (PE\/PET).","breadcrumb":{"@id":"https:\/\/topkeymedical.com\/product\/0-22-0-45-micron-needle-filter\/#breadcrumb"},"inLanguage":"fr-FR","potentialAction":[{"@type":"ReadAction","target":["https:\/\/topkeymedical.com\/product\/0-22-0-45-micron-needle-filter\/"]}]},{"@type":"ImageObject","inLanguage":"fr-FR","@id":"https:\/\/topkeymedical.com\/product\/0-22-0-45-micron-needle-filter\/#primaryimage","url":"https:\/\/topkeymedical.com\/wp-content\/uploads\/2026\/01\/needle-filter-1.webp","contentUrl":"https:\/\/topkeymedical.com\/wp-content\/uploads\/2026\/01\/needle-filter-1.webp","width":488,"height":488,"caption":"0.22 - 0.45 micron needle filter, Red filter needles"},{"@type":"BreadcrumbList","@id":"https:\/\/topkeymedical.com\/product\/0-22-0-45-micron-needle-filter\/#breadcrumb","itemListElement":[{"@type":"ListItem","position":1,"name":"Home","item":"https:\/\/topkeymedical.com\/"},{"@type":"ListItem","position":2,"name":"Products","item":"https:\/\/topkeymedical.com\/shop\/"},{"@type":"ListItem","position":3,"name":"0.22 &#8211; 0.45 micron needle filter, Red filter needles"}]},{"@type":"WebSite","@id":"https:\/\/topkeymedical.com\/#website","url":"https:\/\/topkeymedical.com\/","name":"TOPKEY - La pr\u00e9cision dans les moindres d\u00e9tails, gardienne de la vie et de la sant\u00e9","description":"","publisher":{"@id":"https:\/\/topkeymedical.com\/#organization"},"potentialAction":[{"@type":"SearchAction","target":{"@type":"EntryPoint","urlTemplate":"https:\/\/topkeymedical.com\/?s={search_term_string}"},"query-input":{"@type":"PropertyValueSpecification","valueRequired":true,"valueName":"search_term_string"}}],"inLanguage":"fr-FR"},{"@type":"Organization","@id":"https:\/\/topkeymedical.com\/#organization","name":"TOPKEY - La pr\u00e9cision dans les moindres d\u00e9tails, gardienne de la vie et de la sant\u00e9","url":"https:\/\/topkeymedical.com\/","logo":{"@type":"ImageObject","inLanguage":"fr-FR","@id":"https:\/\/topkeymedical.com\/#\/schema\/logo\/image\/","url":"https:\/\/topkeymedical.com\/wp-content\/uploads\/2025\/05\/cropped-logo.jpg","contentUrl":"https:\/\/topkeymedical.com\/wp-content\/uploads\/2025\/05\/cropped-logo.jpg","width":512,"height":512,"caption":"TOPKEY\u2013 Precision in Every Detail, Guardian of Life and Health"},"image":{"@id":"https:\/\/topkeymedical.com\/#\/schema\/logo\/image\/"},"sameAs":["https:\/\/www.facebook.com\/profile.php?id=100088897294997","https:\/\/www.youtube.com\/@TopkeyMedical-Alice888","https:\/\/www.linkedin.com\/in\/alice-hu-bb66a01b3\/"]}]}},"_links":{"self":[{"href":"https:\/\/topkeymedical.com\/fr\/wp-json\/wp\/v2\/product\/1816","targetHints":{"allow":["GET"]}}],"collection":[{"href":"https:\/\/topkeymedical.com\/fr\/wp-json\/wp\/v2\/product"}],"about":[{"href":"https:\/\/topkeymedical.com\/fr\/wp-json\/wp\/v2\/types\/product"}],"version-history":[{"count":1,"href":"https:\/\/topkeymedical.com\/fr\/wp-json\/wp\/v2\/product\/1816\/revisions"}],"predecessor-version":[{"id":1817,"href":"https:\/\/topkeymedical.com\/fr\/wp-json\/wp\/v2\/product\/1816\/revisions\/1817"}],"wp:featuredmedia":[{"embeddable":true,"href":"https:\/\/topkeymedical.com\/fr\/wp-json\/wp\/v2\/media\/1815"}],"wp:attachment":[{"href":"https:\/\/topkeymedical.com\/fr\/wp-json\/wp\/v2\/media?parent=1816"}],"wp:term":[{"taxonomy":"product_brand","embeddable":true,"href":"https:\/\/topkeymedical.com\/fr\/wp-json\/wp\/v2\/product_brand?post=1816"},{"taxonomy":"product_cat","embeddable":true,"href":"https:\/\/topkeymedical.com\/fr\/wp-json\/wp\/v2\/product_cat?post=1816"},{"taxonomy":"product_tag","embeddable":true,"href":"https:\/\/topkeymedical.com\/fr\/wp-json\/wp\/v2\/product_tag?post=1816"}],"curies":[{"name":"wp","href":"https:\/\/api.w.org\/{rel}","templated":true}]}}