{"id":833,"date":"2025-06-17T07:03:45","date_gmt":"2025-06-17T07:03:45","guid":{"rendered":"https:\/\/topkeymedical.com\/?post_type=product&#038;p=833"},"modified":"2025-09-06T02:03:54","modified_gmt":"2025-09-06T02:03:54","slug":"aiguilles-de-distribution-tt16g","status":"publish","type":"product","link":"https:\/\/topkeymedical.com\/fr\/produit\/aiguilles-de-distribution-tt16g\/","title":{"rendered":"Aiguilles de d\u00e9pose TT16G(\u00f81.25) Gris fonc\u00e9 opaque"},"content":{"rendered":"<h2 data-start=\"1137\" data-end=\"1169\">Sp\u00e9cifications techniques<\/h2>\n<div class=\"_tableContainer_1rjym_1\">\n<div class=\"_tableWrapper_1rjym_13 group flex w-fit flex-col-reverse\" tabindex=\"-1\">\n<table class=\"w-fit min-w-(--thread-content-width)\" data-start=\"1171\" data-end=\"3053\">\n<thead data-start=\"1171\" data-end=\"1287\">\n<tr data-start=\"1171\" data-end=\"1287\">\n<th data-start=\"1171\" data-end=\"1200\" data-col-size=\"sm\">Param\u00e8tres<\/th>\n<th data-start=\"1200\" data-end=\"1287\" data-col-size=\"md\">Valeur \/ Description<\/th>\n<\/tr>\n<\/thead>\n<tbody data-start=\"1406\" data-end=\"3053\">\n<tr data-start=\"1406\" data-end=\"1523\">\n<td data-start=\"1406\" data-end=\"1436\" data-col-size=\"sm\"><strong data-start=\"1408\" data-end=\"1424\">Nom du produit<\/strong><\/td>\n<td data-start=\"1436\" data-end=\"1523\" data-col-size=\"md\">Aiguilles de d\u00e9pose TT16G<\/td>\n<\/tr>\n<tr data-start=\"1524\" data-end=\"1641\">\n<td data-start=\"1524\" data-end=\"1554\" data-col-size=\"sm\"><strong data-start=\"1526\" data-end=\"1541\">Exemple de SKU<\/strong><\/td>\n<td data-start=\"1554\" data-end=\"1641\" data-col-size=\"md\">TT16G (\u00f81,25 mm) Gris fonc\u00e9 Opaque<\/td>\n<\/tr>\n<tr data-start=\"1642\" data-end=\"1758\">\n<td data-start=\"1642\" data-end=\"1672\" data-col-size=\"sm\"><strong data-start=\"1644\" data-end=\"1658\">Taille de la jauge<\/strong><\/td>\n<td data-start=\"1672\" data-end=\"1758\" data-col-size=\"md\">16G<\/td>\n<\/tr>\n<tr data-start=\"1759\" data-end=\"1875\">\n<td data-start=\"1759\" data-end=\"1789\" data-col-size=\"sm\"><strong data-start=\"1761\" data-end=\"1784\">Diam\u00e8tre int\u00e9rieur (ID)<\/strong><\/td>\n<td data-start=\"1789\" data-end=\"1875\" data-col-size=\"md\">1,25 mm<\/td>\n<\/tr>\n<tr data-start=\"1876\" data-end=\"1992\">\n<td data-start=\"1876\" data-end=\"1906\" data-col-size=\"sm\"><strong data-start=\"1878\" data-end=\"1901\">Diam\u00e8tre ext\u00e9rieur (OD)<\/strong><\/td>\n<td data-start=\"1906\" data-end=\"1992\" data-col-size=\"md\">~1,65 mm<\/td>\n<\/tr>\n<tr data-start=\"1993\" data-end=\"2110\">\n<td data-start=\"1993\" data-end=\"2023\" data-col-size=\"sm\"><strong data-start=\"1995\" data-end=\"2020\">Options de longueur d'aiguille<\/strong><\/td>\n<td data-start=\"2023\" data-end=\"2110\" data-col-size=\"md\">1 pouce (25 mm), 1,5 pouce (38 mm), 2 pouces (50 mm) ; longueurs personnalis\u00e9es disponibles<\/td>\n<\/tr>\n<tr data-start=\"2111\" data-end=\"2228\">\n<td data-start=\"2111\" data-end=\"2141\" data-col-size=\"sm\"><strong data-start=\"2113\" data-end=\"2135\">Mat\u00e9riau - Canule<\/strong><\/td>\n<td data-start=\"2141\" data-end=\"2228\" data-col-size=\"md\">Acier inoxydable de qualit\u00e9 m\u00e9dicale (conforme \u00e0 la norme ISO 9626)<\/td>\n<\/tr>\n<tr data-start=\"2229\" data-end=\"2346\">\n<td data-start=\"2229\" data-end=\"2259\" data-col-size=\"sm\"><strong data-start=\"2231\" data-end=\"2249\">Mat\u00e9riau - Moyeu<\/strong><\/td>\n<td data-start=\"2259\" data-end=\"2346\" data-col-size=\"md\">Polypropyl\u00e8ne, gris fonc\u00e9 opaque, code de calibre ISO 6009<\/td>\n<\/tr>\n<tr data-start=\"2347\" data-end=\"2464\">\n<td data-start=\"2347\" data-end=\"2377\" data-col-size=\"sm\"><strong data-start=\"2349\" data-end=\"2368\">Type de connexion<\/strong><\/td>\n<td data-start=\"2377\" data-end=\"2464\" data-col-size=\"md\">Luer-lock \/ Luer-slip universel<\/td>\n<\/tr>\n<tr data-start=\"2465\" data-end=\"2582\">\n<td data-start=\"2465\" data-end=\"2495\" data-col-size=\"sm\"><strong data-start=\"2467\" data-end=\"2491\">M\u00e9thode de st\u00e9rilisation<\/strong><\/td>\n<td data-start=\"2495\" data-end=\"2582\" data-col-size=\"md\">St\u00e9rilisation \u00e0 l'oxyde d'\u00e9thyl\u00e8ne (OE)<\/td>\n<\/tr>\n<tr data-start=\"2583\" data-end=\"2700\">\n<td data-start=\"2583\" data-end=\"2613\" data-col-size=\"sm\"><strong data-start=\"2585\" data-end=\"2598\">Emballage<\/strong><\/td>\n<td data-start=\"2613\" data-end=\"2700\" data-col-size=\"md\">Emballage individuel sous blister, 100 pi\u00e8ces par bo\u00eete<\/td>\n<\/tr>\n<tr data-start=\"2701\" data-end=\"2817\">\n<td data-start=\"2701\" data-end=\"2731\" data-col-size=\"sm\"><strong data-start=\"2703\" data-end=\"2717\">Usage unique<\/strong><\/td>\n<td data-start=\"2731\" data-end=\"2817\" data-col-size=\"md\">Oui<\/td>\n<\/tr>\n<tr data-start=\"2818\" data-end=\"2935\">\n<td data-start=\"2818\" data-end=\"2848\" data-col-size=\"sm\"><strong data-start=\"2820\" data-end=\"2837\">Certification<\/strong><\/td>\n<td data-start=\"2848\" data-end=\"2935\" data-col-size=\"md\">ISO 13485, marquage CE, conformit\u00e9 FDA (le cas \u00e9ch\u00e9ant)<\/td>\n<\/tr>\n<tr data-start=\"2936\" data-end=\"3053\">\n<td data-start=\"2936\" data-end=\"2966\" data-col-size=\"sm\"><strong data-start=\"2938\" data-end=\"2952\">Dur\u00e9e de conservation<\/strong><\/td>\n<td data-start=\"2966\" data-end=\"3053\" data-col-size=\"md\">3-5 ans (dans un environnement frais et sec)<\/td>\n<\/tr>\n<\/tbody>\n<\/table>\n<\/div>\n<\/div>\n<hr data-start=\"3055\" data-end=\"3058\" \/>\n<p>Les aiguilles de d\u00e9pose TT16G (\u00f81.25) Dark Gray Opaque sont des aiguilles de d\u00e9pose robustes con\u00e7ues pour les fluides \u00e0 haute viscosit\u00e9 et les applications de grand volume dans la fabrication industrielle, l'assemblage automobile et les processus d'encapsulation. Avec un diam\u00e8tre int\u00e9rieur g\u00e9n\u00e9reux de 1,25 mm, ces aiguilles robustes manipulent des adh\u00e9sifs \u00e9pais, des produits d'\u00e9tanch\u00e9it\u00e9, des graisses et des compos\u00e9s d'enrobage avec un contr\u00f4le exceptionnel du d\u00e9bit et une accumulation minimale de pression.<\/p>\n<p>Fabriqu\u00e9es \u00e0 partir d'un polym\u00e8re opaque gris fonc\u00e9 de premi\u00e8re qualit\u00e9, ces aiguilles offrent une int\u00e9grit\u00e9 structurelle et une r\u00e9sistance chimique sup\u00e9rieures, ce qui les rend id\u00e9ales pour les environnements exigeants. Le mat\u00e9riau opaque gris fonc\u00e9 offre une excellente durabilit\u00e9 tout en emp\u00eachant la d\u00e9gradation par les UV, ce qui garantit des performances constantes, m\u00eame avec des mat\u00e9riaux sensibles \u00e0 la lumi\u00e8re. Leur paroi renforc\u00e9e r\u00e9siste \u00e0 la d\u00e9formation sous haute pression, ce qui permet de maintenir des sch\u00e9mas de d\u00e9pose pr\u00e9cis dans les applications automatis\u00e9es et manuelles.<\/p>\n<p>Principales caract\u00e9ristiques et avantages :<br \/>\n\u2714 Grand diam\u00e8tre de 1,25 mm - Optimis\u00e9 pour les fluides \u00e0 haute viscosit\u00e9 et le dosage rapide<br \/>\n\u2714 Construction opaque gris fonc\u00e9 - Durabilit\u00e9 accrue avec protection UV<br \/>\n\u2714 R\u00e9sistant \u00e0 la haute pression - Maintient la forme dans des conditions de distribution exigeantes<br \/>\n\u2714 Mat\u00e9riau r\u00e9sistant aux produits chimiques - Compatible avec les solvants et les compos\u00e9s agressifs<br \/>\n\u2714 Conception anti-colmatage - D\u00e9bit r\u00e9gulier pour les fluides charg\u00e9s et abrasifs<\/p>\n<p>Id\u00e9ale pour les produits d'\u00e9tanch\u00e9it\u00e9 automobile, l'enrobage \u00e9lectronique et les applications de collage industriel, la s\u00e9rie TT16G offre des performances de d\u00e9pose fiables et en grand volume l\u00e0 o\u00f9 les aiguilles standard ne suffisent pas.<\/p>\n<p>Con\u00e7u pour les d\u00e9bits importants. Con\u00e7u pour durer.<\/p>\n<p>(Compl\u00e9ment facultatif pour les sp\u00e9cifications techniques :)<br \/>\n- Mat\u00e9riau : Polym\u00e8re charg\u00e9 de verre<br \/>\n- Temp\u00e9rature de fonctionnement : -40\u00b0C \u00e0 120\u00b0C<br \/>\n- Fluides compatibles : Epoxies, silicones, polyur\u00e9thanes et compos\u00e9s charg\u00e9s<\/p>\n<p>&nbsp;<\/p>","protected":false},"excerpt":{"rendered":"<p>Les aiguilles de distribution TT16G de calibre 16 (1,25 mm) de qualit\u00e9 clinique conviennent aux pr\u00e9parations pharmaceutiques de viscosit\u00e9 moyenne, y compris certains antibiotiques ou suspensions de st\u00e9ro\u00efdes. La construction opaque gris fonc\u00e9 prot\u00e8ge les m\u00e9dicaments sensibles \u00e0 la lumi\u00e8re et offre une excellente r\u00e9sistance chimique pour divers agents th\u00e9rapeutiques.<\/p>","protected":false},"featured_media":1201,"template":"","meta":{"_acf_changed":false,"site-sidebar-layout":"default","site-content-layout":"","ast-site-content-layout":"default","site-content-style":"default","site-sidebar-style":"default","ast-global-header-display":"","ast-banner-title-visibility":"","ast-main-header-display":"","ast-hfb-above-header-display":"","ast-hfb-below-header-display":"","ast-hfb-mobile-header-display":"","site-post-title":"","ast-breadcrumbs-content":"","ast-featured-img":"","footer-sml-layout":"","ast-disable-related-posts":"","theme-transparent-header-meta":"default","adv-header-id-meta":"","stick-header-meta":"","header-above-stick-meta":"","header-main-stick-meta":"","header-below-stick-meta":"","astra-migrate-meta-layouts":"set","ast-page-background-enabled":"default","ast-page-background-meta":{"desktop":{"background-color":"var(--ast-global-color-5)","background-image":"","background-repeat":"repeat","background-position":"center center","background-size":"auto","background-attachment":"scroll","background-type":"","background-media":"","overlay-type":"","overlay-color":"","overlay-opacity":"","overlay-gradient":""},"tablet":{"background-color":"","background-image":"","background-repeat":"repeat","background-position":"center center","background-size":"auto","background-attachment":"scroll","background-type":"","background-media":"","overlay-type":"","overlay-color":"","overlay-opacity":"","overlay-gradient":""},"mobile":{"background-color":"","background-image":"","background-repeat":"repeat","background-position":"center center","background-size":"auto","background-attachment":"scroll","background-type":"","background-media":"","overlay-type":"","overlay-color":"","overlay-opacity":"","overlay-gradient":""}},"ast-content-background-meta":{"desktop":{"background-color":"var(--ast-global-color-4)","background-image":"","background-repeat":"repeat","background-position":"center center","background-size":"auto","background-attachment":"scroll","background-type":"","background-media":"","overlay-type":"","overlay-color":"","overlay-opacity":"","overlay-gradient":""},"tablet":{"background-color":"var(--ast-global-color-4)","background-image":"","background-repeat":"repeat","background-position":"center center","background-size":"auto","background-attachment":"scroll","background-type":"","background-media":"","overlay-type":"","overlay-color":"","overlay-opacity":"","overlay-gradient":""},"mobile":{"background-color":"var(--ast-global-color-4)","background-image":"","background-repeat":"repeat","background-position":"center center","background-size":"auto","background-attachment":"scroll","background-type":"","background-media":"","overlay-type":"","overlay-color":"","overlay-opacity":"","overlay-gradient":""}}},"product_brand":[],"product_cat":[58,64],"product_tag":[],"class_list":{"0":"post-833","1":"product","2":"type-product","3":"status-publish","4":"has-post-thumbnail","6":"product_cat-dispensing-needles","7":"product_cat-dispensing-needles-and-tips","8":"desktop-align-left","9":"tablet-align-left","10":"mobile-align-left","12":"first","13":"instock","14":"shipping-taxable","15":"product-type-simple"},"acf":[],"yoast_head":"<!-- This site is optimized with the Yoast SEO plugin v27.4 - https:\/\/yoast.com\/product\/yoast-seo-wordpress\/ -->\n<title>Dispensing Needles TT16G(\u00f81.25) Dark Gray Opaque<\/title>\n<meta name=\"description\" content=\"Designed for medium-flow applications, dispensing needles TT16G 16-gauge (1.25mm) dark gray needles balance precision and throughput.\" \/>\n<meta name=\"robots\" content=\"index, follow, max-snippet:-1, max-image-preview:large, max-video-preview:-1\" \/>\n<link rel=\"canonical\" href=\"https:\/\/topkeymedical.com\/fr\/produit\/aiguilles-de-distribution-tt16g\/\" \/>\n<meta property=\"og:locale\" content=\"fr_FR\" \/>\n<meta property=\"og:type\" content=\"article\" \/>\n<meta property=\"og:title\" content=\"Dispensing Needles TT16G(\u00f81.25) Dark Gray Opaque\" \/>\n<meta property=\"og:description\" content=\"Designed for medium-flow applications, dispensing needles TT16G 16-gauge (1.25mm) dark gray needles balance precision and throughput.\" \/>\n<meta property=\"og:url\" content=\"https:\/\/topkeymedical.com\/fr\/produit\/aiguilles-de-distribution-tt16g\/\" \/>\n<meta property=\"og:site_name\" content=\"TOPKEY\u2013 Precision in Every Detail, Guardian of Life and Health\" \/>\n<meta property=\"article:publisher\" content=\"https:\/\/www.facebook.com\/profile.php?id=100088897294997\" \/>\n<meta property=\"article:modified_time\" content=\"2025-09-06T02:03:54+00:00\" \/>\n<meta property=\"og:image\" content=\"https:\/\/topkeymedical.com\/wp-content\/uploads\/2025\/08\/Dispensing-Needles-TT16G-2.webp\" \/>\n\t<meta property=\"og:image:width\" content=\"800\" \/>\n\t<meta property=\"og:image:height\" content=\"800\" \/>\n\t<meta property=\"og:image:type\" content=\"image\/webp\" \/>\n<meta name=\"twitter:card\" content=\"summary_large_image\" \/>\n<meta name=\"twitter:label1\" content=\"Dur\u00e9e de lecture estim\u00e9e\" \/>\n\t<meta name=\"twitter:data1\" content=\"2 minutes\" \/>\n<script type=\"application\/ld+json\" class=\"yoast-schema-graph\">{\"@context\":\"https:\\\/\\\/schema.org\",\"@graph\":[{\"@type\":\"WebPage\",\"@id\":\"https:\\\/\\\/topkeymedical.com\\\/product\\\/dispensing-needles-tt16g\\\/\",\"url\":\"https:\\\/\\\/topkeymedical.com\\\/product\\\/dispensing-needles-tt16g\\\/\",\"name\":\"Dispensing Needles TT16G(\u00f81.25) Dark Gray Opaque\",\"isPartOf\":{\"@id\":\"https:\\\/\\\/topkeymedical.com\\\/#website\"},\"primaryImageOfPage\":{\"@id\":\"https:\\\/\\\/topkeymedical.com\\\/product\\\/dispensing-needles-tt16g\\\/#primaryimage\"},\"image\":{\"@id\":\"https:\\\/\\\/topkeymedical.com\\\/product\\\/dispensing-needles-tt16g\\\/#primaryimage\"},\"thumbnailUrl\":\"https:\\\/\\\/topkeymedical.com\\\/wp-content\\\/uploads\\\/2025\\\/08\\\/Dispensing-Needles-TT16G-2.webp\",\"datePublished\":\"2025-06-17T07:03:45+00:00\",\"dateModified\":\"2025-09-06T02:03:54+00:00\",\"description\":\"Designed for medium-flow applications, dispensing needles TT16G 16-gauge (1.25mm) dark gray needles balance precision and throughput.\",\"breadcrumb\":{\"@id\":\"https:\\\/\\\/topkeymedical.com\\\/product\\\/dispensing-needles-tt16g\\\/#breadcrumb\"},\"inLanguage\":\"fr-FR\",\"potentialAction\":[{\"@type\":\"ReadAction\",\"target\":[\"https:\\\/\\\/topkeymedical.com\\\/product\\\/dispensing-needles-tt16g\\\/\"]}]},{\"@type\":\"ImageObject\",\"inLanguage\":\"fr-FR\",\"@id\":\"https:\\\/\\\/topkeymedical.com\\\/product\\\/dispensing-needles-tt16g\\\/#primaryimage\",\"url\":\"https:\\\/\\\/topkeymedical.com\\\/wp-content\\\/uploads\\\/2025\\\/08\\\/Dispensing-Needles-TT16G-2.webp\",\"contentUrl\":\"https:\\\/\\\/topkeymedical.com\\\/wp-content\\\/uploads\\\/2025\\\/08\\\/Dispensing-Needles-TT16G-2.webp\",\"width\":800,\"height\":800,\"caption\":\"Dispensing Needles TT16G\"},{\"@type\":\"BreadcrumbList\",\"@id\":\"https:\\\/\\\/topkeymedical.com\\\/product\\\/dispensing-needles-tt16g\\\/#breadcrumb\",\"itemListElement\":[{\"@type\":\"ListItem\",\"position\":1,\"name\":\"Home\",\"item\":\"https:\\\/\\\/topkeymedical.com\\\/\"},{\"@type\":\"ListItem\",\"position\":2,\"name\":\"Products\",\"item\":\"https:\\\/\\\/topkeymedical.com\\\/shop\\\/\"},{\"@type\":\"ListItem\",\"position\":3,\"name\":\"Dispensing Needles TT16G(\u00f81.25) Dark Gray Opaque\"}]},{\"@type\":\"WebSite\",\"@id\":\"https:\\\/\\\/topkeymedical.com\\\/#website\",\"url\":\"https:\\\/\\\/topkeymedical.com\\\/\",\"name\":\"TOPKEY\u2013 Precision in Every Detail, Guardian of Life and Health\",\"description\":\"\",\"publisher\":{\"@id\":\"https:\\\/\\\/topkeymedical.com\\\/#organization\"},\"potentialAction\":[{\"@type\":\"SearchAction\",\"target\":{\"@type\":\"EntryPoint\",\"urlTemplate\":\"https:\\\/\\\/topkeymedical.com\\\/?s={search_term_string}\"},\"query-input\":{\"@type\":\"PropertyValueSpecification\",\"valueRequired\":true,\"valueName\":\"search_term_string\"}}],\"inLanguage\":\"fr-FR\"},{\"@type\":\"Organization\",\"@id\":\"https:\\\/\\\/topkeymedical.com\\\/#organization\",\"name\":\"TOPKEY\u2013 Precision in Every Detail, Guardian of Life and Health\",\"url\":\"https:\\\/\\\/topkeymedical.com\\\/\",\"logo\":{\"@type\":\"ImageObject\",\"inLanguage\":\"fr-FR\",\"@id\":\"https:\\\/\\\/topkeymedical.com\\\/#\\\/schema\\\/logo\\\/image\\\/\",\"url\":\"https:\\\/\\\/topkeymedical.com\\\/wp-content\\\/uploads\\\/2025\\\/05\\\/cropped-logo.jpg\",\"contentUrl\":\"https:\\\/\\\/topkeymedical.com\\\/wp-content\\\/uploads\\\/2025\\\/05\\\/cropped-logo.jpg\",\"width\":512,\"height\":512,\"caption\":\"TOPKEY\u2013 Precision in Every Detail, Guardian of Life and Health\"},\"image\":{\"@id\":\"https:\\\/\\\/topkeymedical.com\\\/#\\\/schema\\\/logo\\\/image\\\/\"},\"sameAs\":[\"https:\\\/\\\/www.facebook.com\\\/profile.php?id=100088897294997\",\"https:\\\/\\\/www.youtube.com\\\/@TopkeyMedical-Alice888\",\"https:\\\/\\\/www.linkedin.com\\\/in\\\/alice-hu-bb66a01b3\\\/\"]}]}<\/script>\n<!-- \/ Yoast SEO plugin. -->","yoast_head_json":{"title":"Aiguilles de d\u00e9pose TT16G(\u00f81.25) Gris fonc\u00e9 opaque","description":"Con\u00e7ues pour les applications \u00e0 d\u00e9bit moyen, les aiguilles de d\u00e9pose TT16G de calibre 16 (1,25 mm) gris fonc\u00e9 \u00e9quilibrent la pr\u00e9cision et le d\u00e9bit.","robots":{"index":"index","follow":"follow","max-snippet":"max-snippet:-1","max-image-preview":"max-image-preview:large","max-video-preview":"max-video-preview:-1"},"canonical":"https:\/\/topkeymedical.com\/fr\/produit\/aiguilles-de-distribution-tt16g\/","og_locale":"fr_FR","og_type":"article","og_title":"Dispensing Needles TT16G(\u00f81.25) Dark Gray Opaque","og_description":"Designed for medium-flow applications, dispensing needles TT16G 16-gauge (1.25mm) dark gray needles balance precision and throughput.","og_url":"https:\/\/topkeymedical.com\/fr\/produit\/aiguilles-de-distribution-tt16g\/","og_site_name":"TOPKEY\u2013 Precision in Every Detail, Guardian of Life and Health","article_publisher":"https:\/\/www.facebook.com\/profile.php?id=100088897294997","article_modified_time":"2025-09-06T02:03:54+00:00","og_image":[{"width":800,"height":800,"url":"https:\/\/topkeymedical.com\/wp-content\/uploads\/2025\/08\/Dispensing-Needles-TT16G-2.webp","type":"image\/webp"}],"twitter_card":"summary_large_image","twitter_misc":{"Dur\u00e9e de lecture estim\u00e9e":"2 minutes"},"schema":{"@context":"https:\/\/schema.org","@graph":[{"@type":"WebPage","@id":"https:\/\/topkeymedical.com\/product\/dispensing-needles-tt16g\/","url":"https:\/\/topkeymedical.com\/product\/dispensing-needles-tt16g\/","name":"Aiguilles de d\u00e9pose TT16G(\u00f81.25) Gris fonc\u00e9 opaque","isPartOf":{"@id":"https:\/\/topkeymedical.com\/#website"},"primaryImageOfPage":{"@id":"https:\/\/topkeymedical.com\/product\/dispensing-needles-tt16g\/#primaryimage"},"image":{"@id":"https:\/\/topkeymedical.com\/product\/dispensing-needles-tt16g\/#primaryimage"},"thumbnailUrl":"https:\/\/topkeymedical.com\/wp-content\/uploads\/2025\/08\/Dispensing-Needles-TT16G-2.webp","datePublished":"2025-06-17T07:03:45+00:00","dateModified":"2025-09-06T02:03:54+00:00","description":"Con\u00e7ues pour les applications \u00e0 d\u00e9bit moyen, les aiguilles de d\u00e9pose TT16G de calibre 16 (1,25 mm) gris fonc\u00e9 \u00e9quilibrent la pr\u00e9cision et le d\u00e9bit.","breadcrumb":{"@id":"https:\/\/topkeymedical.com\/product\/dispensing-needles-tt16g\/#breadcrumb"},"inLanguage":"fr-FR","potentialAction":[{"@type":"ReadAction","target":["https:\/\/topkeymedical.com\/product\/dispensing-needles-tt16g\/"]}]},{"@type":"ImageObject","inLanguage":"fr-FR","@id":"https:\/\/topkeymedical.com\/product\/dispensing-needles-tt16g\/#primaryimage","url":"https:\/\/topkeymedical.com\/wp-content\/uploads\/2025\/08\/Dispensing-Needles-TT16G-2.webp","contentUrl":"https:\/\/topkeymedical.com\/wp-content\/uploads\/2025\/08\/Dispensing-Needles-TT16G-2.webp","width":800,"height":800,"caption":"Dispensing Needles TT16G"},{"@type":"BreadcrumbList","@id":"https:\/\/topkeymedical.com\/product\/dispensing-needles-tt16g\/#breadcrumb","itemListElement":[{"@type":"ListItem","position":1,"name":"Home","item":"https:\/\/topkeymedical.com\/"},{"@type":"ListItem","position":2,"name":"Products","item":"https:\/\/topkeymedical.com\/shop\/"},{"@type":"ListItem","position":3,"name":"Dispensing Needles TT16G(\u00f81.25) Dark Gray Opaque"}]},{"@type":"WebSite","@id":"https:\/\/topkeymedical.com\/#website","url":"https:\/\/topkeymedical.com\/","name":"TOPKEY - La pr\u00e9cision dans les moindres d\u00e9tails, gardienne de la vie et de la sant\u00e9","description":"","publisher":{"@id":"https:\/\/topkeymedical.com\/#organization"},"potentialAction":[{"@type":"SearchAction","target":{"@type":"EntryPoint","urlTemplate":"https:\/\/topkeymedical.com\/?s={search_term_string}"},"query-input":{"@type":"PropertyValueSpecification","valueRequired":true,"valueName":"search_term_string"}}],"inLanguage":"fr-FR"},{"@type":"Organization","@id":"https:\/\/topkeymedical.com\/#organization","name":"TOPKEY - La pr\u00e9cision dans les moindres d\u00e9tails, gardienne de la vie et de la sant\u00e9","url":"https:\/\/topkeymedical.com\/","logo":{"@type":"ImageObject","inLanguage":"fr-FR","@id":"https:\/\/topkeymedical.com\/#\/schema\/logo\/image\/","url":"https:\/\/topkeymedical.com\/wp-content\/uploads\/2025\/05\/cropped-logo.jpg","contentUrl":"https:\/\/topkeymedical.com\/wp-content\/uploads\/2025\/05\/cropped-logo.jpg","width":512,"height":512,"caption":"TOPKEY\u2013 Precision in Every Detail, Guardian of Life and Health"},"image":{"@id":"https:\/\/topkeymedical.com\/#\/schema\/logo\/image\/"},"sameAs":["https:\/\/www.facebook.com\/profile.php?id=100088897294997","https:\/\/www.youtube.com\/@TopkeyMedical-Alice888","https:\/\/www.linkedin.com\/in\/alice-hu-bb66a01b3\/"]}]}},"_links":{"self":[{"href":"https:\/\/topkeymedical.com\/fr\/wp-json\/wp\/v2\/product\/833","targetHints":{"allow":["GET"]}}],"collection":[{"href":"https:\/\/topkeymedical.com\/fr\/wp-json\/wp\/v2\/product"}],"about":[{"href":"https:\/\/topkeymedical.com\/fr\/wp-json\/wp\/v2\/types\/product"}],"version-history":[{"count":6,"href":"https:\/\/topkeymedical.com\/fr\/wp-json\/wp\/v2\/product\/833\/revisions"}],"predecessor-version":[{"id":1378,"href":"https:\/\/topkeymedical.com\/fr\/wp-json\/wp\/v2\/product\/833\/revisions\/1378"}],"wp:featuredmedia":[{"embeddable":true,"href":"https:\/\/topkeymedical.com\/fr\/wp-json\/wp\/v2\/media\/1201"}],"wp:attachment":[{"href":"https:\/\/topkeymedical.com\/fr\/wp-json\/wp\/v2\/media?parent=833"}],"wp:term":[{"taxonomy":"product_brand","embeddable":true,"href":"https:\/\/topkeymedical.com\/fr\/wp-json\/wp\/v2\/product_brand?post=833"},{"taxonomy":"product_cat","embeddable":true,"href":"https:\/\/topkeymedical.com\/fr\/wp-json\/wp\/v2\/product_cat?post=833"},{"taxonomy":"product_tag","embeddable":true,"href":"https:\/\/topkeymedical.com\/fr\/wp-json\/wp\/v2\/product_tag?post=833"}],"curies":[{"name":"wp","href":"https:\/\/api.w.org\/{rel}","templated":true}]}}