{"id":839,"date":"2025-06-17T07:10:44","date_gmt":"2025-06-17T07:10:44","guid":{"rendered":"https:\/\/topkeymedical.com\/?post_type=product&#038;p=839"},"modified":"2025-09-06T02:02:33","modified_gmt":"2025-09-06T02:02:33","slug":"pointes-daiguille-de-distribution-tt20g","status":"publish","type":"product","link":"https:\/\/topkeymedical.com\/fr\/produit\/pointes-daiguille-de-distribution-tt20g\/","title":{"rendered":"Aiguille de d\u00e9pose TT20G(\u00f80.6) Rose Opaque"},"content":{"rendered":"<h2 data-start=\"1100\" data-end=\"1132\">Sp\u00e9cifications techniques<\/h2>\n<div class=\"_tableContainer_1rjym_1\">\n<div class=\"_tableWrapper_1rjym_13 group flex w-fit flex-col-reverse\" tabindex=\"-1\">\n<table class=\"w-fit min-w-(--thread-content-width)\" data-start=\"1134\" data-end=\"3016\">\n<thead data-start=\"1134\" data-end=\"1250\">\n<tr data-start=\"1134\" data-end=\"1250\">\n<th data-start=\"1134\" data-end=\"1163\" data-col-size=\"sm\">Param\u00e8tres<\/th>\n<th data-start=\"1163\" data-end=\"1250\" data-col-size=\"md\">Valeur \/ Description<\/th>\n<\/tr>\n<\/thead>\n<tbody data-start=\"1369\" data-end=\"3016\">\n<tr data-start=\"1369\" data-end=\"1486\">\n<td data-start=\"1369\" data-end=\"1399\" data-col-size=\"sm\"><strong data-start=\"1371\" data-end=\"1387\">Nom du produit<\/strong><\/td>\n<td data-start=\"1399\" data-end=\"1486\" data-col-size=\"md\">Aiguille de d\u00e9pose TT20G<\/td>\n<\/tr>\n<tr data-start=\"1487\" data-end=\"1604\">\n<td data-start=\"1487\" data-end=\"1517\" data-col-size=\"sm\"><strong data-start=\"1489\" data-end=\"1504\">Exemple de SKU<\/strong><\/td>\n<td data-start=\"1517\" data-end=\"1604\" data-col-size=\"md\">TT20G (\u00f80,6 mm) Rose Opaque<\/td>\n<\/tr>\n<tr data-start=\"1605\" data-end=\"1721\">\n<td data-start=\"1605\" data-end=\"1635\" data-col-size=\"sm\"><strong data-start=\"1607\" data-end=\"1621\">Taille de la jauge<\/strong><\/td>\n<td data-start=\"1635\" data-end=\"1721\" data-col-size=\"md\">20G<\/td>\n<\/tr>\n<tr data-start=\"1722\" data-end=\"1838\">\n<td data-start=\"1722\" data-end=\"1752\" data-col-size=\"sm\"><strong data-start=\"1724\" data-end=\"1747\">Diam\u00e8tre int\u00e9rieur (ID)<\/strong><\/td>\n<td data-start=\"1752\" data-end=\"1838\" data-col-size=\"md\">0,60 mm<\/td>\n<\/tr>\n<tr data-start=\"1839\" data-end=\"1955\">\n<td data-start=\"1839\" data-end=\"1869\" data-col-size=\"sm\"><strong data-start=\"1841\" data-end=\"1864\">Diam\u00e8tre ext\u00e9rieur (OD)<\/strong><\/td>\n<td data-start=\"1869\" data-end=\"1955\" data-col-size=\"md\">~0,91 mm<\/td>\n<\/tr>\n<tr data-start=\"1956\" data-end=\"2073\">\n<td data-start=\"1956\" data-end=\"1986\" data-col-size=\"sm\"><strong data-start=\"1958\" data-end=\"1983\">Options de longueur d'aiguille<\/strong><\/td>\n<td data-start=\"1986\" data-end=\"2073\" data-col-size=\"md\">Standard : 1 pouce (25 mm), 1,5 pouce (38 mm) ; autres tailles disponibles<\/td>\n<\/tr>\n<tr data-start=\"2074\" data-end=\"2191\">\n<td data-start=\"2074\" data-end=\"2104\" data-col-size=\"sm\"><strong data-start=\"2076\" data-end=\"2098\">Mat\u00e9riau - Canule<\/strong><\/td>\n<td data-start=\"2104\" data-end=\"2191\" data-col-size=\"md\">Acier inoxydable de qualit\u00e9 m\u00e9dicale (conforme \u00e0 la norme ISO 9626)<\/td>\n<\/tr>\n<tr data-start=\"2192\" data-end=\"2309\">\n<td data-start=\"2192\" data-end=\"2222\" data-col-size=\"sm\"><strong data-start=\"2194\" data-end=\"2212\">Mat\u00e9riau - Moyeu<\/strong><\/td>\n<td data-start=\"2222\" data-end=\"2309\" data-col-size=\"md\">Polypropyl\u00e8ne, rose opaque, code de calibre ISO 6009<\/td>\n<\/tr>\n<tr data-start=\"2310\" data-end=\"2427\">\n<td data-start=\"2310\" data-end=\"2340\" data-col-size=\"sm\"><strong data-start=\"2312\" data-end=\"2331\">Type de connexion<\/strong><\/td>\n<td data-start=\"2340\" data-end=\"2427\" data-col-size=\"md\">Luer-lock \/ Luer-slip universel<\/td>\n<\/tr>\n<tr data-start=\"2428\" data-end=\"2545\">\n<td data-start=\"2428\" data-end=\"2458\" data-col-size=\"sm\"><strong data-start=\"2430\" data-end=\"2454\">M\u00e9thode de st\u00e9rilisation<\/strong><\/td>\n<td data-start=\"2458\" data-end=\"2545\" data-col-size=\"md\">EO (oxyde d'\u00e9thyl\u00e8ne) st\u00e9rilis\u00e9<\/td>\n<\/tr>\n<tr data-start=\"2546\" data-end=\"2663\">\n<td data-start=\"2546\" data-end=\"2576\" data-col-size=\"sm\"><strong data-start=\"2548\" data-end=\"2561\">Emballage<\/strong><\/td>\n<td data-start=\"2576\" data-end=\"2663\" data-col-size=\"md\">Plaquettes thermoform\u00e9es scell\u00e9es individuellement, 100 pi\u00e8ces\/bo\u00eete<\/td>\n<\/tr>\n<tr data-start=\"2664\" data-end=\"2780\">\n<td data-start=\"2664\" data-end=\"2694\" data-col-size=\"sm\"><strong data-start=\"2666\" data-end=\"2680\">Usage unique<\/strong><\/td>\n<td data-start=\"2694\" data-end=\"2780\" data-col-size=\"md\">Oui<\/td>\n<\/tr>\n<tr data-start=\"2781\" data-end=\"2898\">\n<td data-start=\"2781\" data-end=\"2811\" data-col-size=\"sm\"><strong data-start=\"2783\" data-end=\"2800\">Certification<\/strong><\/td>\n<td data-start=\"2811\" data-end=\"2898\" data-col-size=\"md\">ISO 13485, marquage CE, conformit\u00e9 FDA (selon le march\u00e9)<\/td>\n<\/tr>\n<tr data-start=\"2899\" data-end=\"3016\">\n<td data-start=\"2899\" data-end=\"2929\" data-col-size=\"sm\"><strong data-start=\"2901\" data-end=\"2915\">Dur\u00e9e de conservation<\/strong><\/td>\n<td data-start=\"2929\" data-end=\"3016\" data-col-size=\"md\">3 \u00e0 5 ans en cas de stockage dans des conditions propres et s\u00e8ches<\/td>\n<\/tr>\n<\/tbody>\n<\/table>\n<\/div>\n<\/div>\n<hr data-start=\"3018\" data-end=\"3021\" \/>\n<p>Les aiguilles de d\u00e9pose TT20G (\u00f80,6) rose opaque sont con\u00e7ues avec pr\u00e9cision pour la d\u00e9pose contr\u00f4l\u00e9e de fluides de viscosit\u00e9 moyenne dans les applications d'assemblage \u00e9lectronique, de fabrication de dispositifs m\u00e9dicaux et de collage de pr\u00e9cision. Avec un diam\u00e8tre int\u00e9rieur de 0,6 mm, ces aiguilles offrent un contr\u00f4le optimal du d\u00e9bit pour les adh\u00e9sifs, les \u00e9poxys, les silicones et autres fluides industriels n\u00e9cessitant un \u00e9quilibre entre pr\u00e9cision et d\u00e9bit.<\/p>\n<p>Fabriqu\u00e9es en polym\u00e8re rose opaque de haute qualit\u00e9, ces pointes offrent une excellente r\u00e9sistance aux produits chimiques tout en assurant une identification visuelle facile dans les lignes de production automatis\u00e9es. La construction rigide mais l\u00e9g\u00e8re emp\u00eache la flexion pendant le fonctionnement, maintenant un alignement constant pour une d\u00e9pose pr\u00e9cise de points, de lignes ou de surfaces. Leur conception conique minimise les risques de colmatage et permet un \u00e9coulement fluide du produit, m\u00eame avec des compos\u00e9s charg\u00e9s.<\/p>\n<p>Principaux avantages :<br \/>\nDiam\u00e8tre int\u00e9rieur de 0,6 mm - \u00c9quilibre id\u00e9al entre pr\u00e9cision et d\u00e9bit<br \/>\n\u2714 Mat\u00e9riau rose opaque - Identification rapide et protection des mat\u00e9riaux sensibles aux UV\/\u00e0 la lumi\u00e8re<br \/>\n\u2714 R\u00e9sistant aux produits chimiques et durable - R\u00e9siste aux solvants et aux produits agressifs<br \/>\n\u2714 Pointe conique anti-colmatage - Performance fiable avec les mat\u00e9riaux charg\u00e9s de particules<br \/>\n\u2714 Rigidit\u00e9 optimis\u00e9e - R\u00e9siste \u00e0 la flexion pour une distribution automatis\u00e9e stable<\/p>\n<p>Parfaite pour l'assemblage SMT, l'emballage de LED et la fabrication de dispositifs m\u00e9dicaux, la s\u00e9rie TT20G garantit une pr\u00e9cision r\u00e9p\u00e9table et l'efficacit\u00e9 des processus dans des environnements exigeants.<\/p>\n<p>Con\u00e7u pour la pr\u00e9cision. Construit pour la productivit\u00e9.<\/p>\n<p>&nbsp;<\/p>","protected":false},"excerpt":{"rendered":"<p>Les pointes d'aiguille st\u00e9riles TT20G de calibre 20 (0,6 mm) \u00e0 code rose sont con\u00e7ues pour l'administration pr\u00e9cise de m\u00e9dicaments en p\u00e9diatrie, en dermatologie ou pour les biopsies par aspiration fine. Le mat\u00e9riau opaque assure la stabilit\u00e9 des m\u00e9dicaments tandis que le code couleur soutient les protocoles de s\u00e9curit\u00e9 hospitali\u00e8re.<\/p>","protected":false},"featured_media":1193,"template":"","meta":{"_acf_changed":false,"site-sidebar-layout":"default","site-content-layout":"","ast-site-content-layout":"default","site-content-style":"default","site-sidebar-style":"default","ast-global-header-display":"","ast-banner-title-visibility":"","ast-main-header-display":"","ast-hfb-above-header-display":"","ast-hfb-below-header-display":"","ast-hfb-mobile-header-display":"","site-post-title":"","ast-breadcrumbs-content":"","ast-featured-img":"","footer-sml-layout":"","ast-disable-related-posts":"","theme-transparent-header-meta":"default","adv-header-id-meta":"","stick-header-meta":"","header-above-stick-meta":"","header-main-stick-meta":"","header-below-stick-meta":"","astra-migrate-meta-layouts":"set","ast-page-background-enabled":"default","ast-page-background-meta":{"desktop":{"background-color":"var(--ast-global-color-5)","background-image":"","background-repeat":"repeat","background-position":"center center","background-size":"auto","background-attachment":"scroll","background-type":"","background-media":"","overlay-type":"","overlay-color":"","overlay-opacity":"","overlay-gradient":""},"tablet":{"background-color":"","background-image":"","background-repeat":"repeat","background-position":"center center","background-size":"auto","background-attachment":"scroll","background-type":"","background-media":"","overlay-type":"","overlay-color":"","overlay-opacity":"","overlay-gradient":""},"mobile":{"background-color":"","background-image":"","background-repeat":"repeat","background-position":"center center","background-size":"auto","background-attachment":"scroll","background-type":"","background-media":"","overlay-type":"","overlay-color":"","overlay-opacity":"","overlay-gradient":""}},"ast-content-background-meta":{"desktop":{"background-color":"var(--ast-global-color-4)","background-image":"","background-repeat":"repeat","background-position":"center center","background-size":"auto","background-attachment":"scroll","background-type":"","background-media":"","overlay-type":"","overlay-color":"","overlay-opacity":"","overlay-gradient":""},"tablet":{"background-color":"var(--ast-global-color-4)","background-image":"","background-repeat":"repeat","background-position":"center center","background-size":"auto","background-attachment":"scroll","background-type":"","background-media":"","overlay-type":"","overlay-color":"","overlay-opacity":"","overlay-gradient":""},"mobile":{"background-color":"var(--ast-global-color-4)","background-image":"","background-repeat":"repeat","background-position":"center center","background-size":"auto","background-attachment":"scroll","background-type":"","background-media":"","overlay-type":"","overlay-color":"","overlay-opacity":"","overlay-gradient":""}}},"product_brand":[],"product_cat":[58,64],"product_tag":[],"class_list":{"0":"post-839","1":"product","2":"type-product","3":"status-publish","4":"has-post-thumbnail","6":"product_cat-dispensing-needles","7":"product_cat-dispensing-needles-and-tips","8":"desktop-align-left","9":"tablet-align-left","10":"mobile-align-left","12":"first","13":"instock","14":"shipping-taxable","15":"product-type-simple"},"acf":[],"yoast_head":"<!-- This site is optimized with the Yoast SEO plugin v27.4 - https:\/\/yoast.com\/product\/yoast-seo-wordpress\/ -->\n<title>Dispensing Needle Tips TT20G(\u00f80.6) Pink Opaque<\/title>\n<meta name=\"description\" content=\"Pink-coded 20-gauge (0.6mm) sterile dispensing needle tips TT20G designed for precise medication delivery in pediatrics, dermatology procedures\" \/>\n<meta name=\"robots\" content=\"index, follow, max-snippet:-1, max-image-preview:large, max-video-preview:-1\" \/>\n<link rel=\"canonical\" href=\"https:\/\/topkeymedical.com\/fr\/produit\/pointes-daiguille-de-distribution-tt20g\/\" \/>\n<meta property=\"og:locale\" content=\"fr_FR\" \/>\n<meta property=\"og:type\" content=\"article\" \/>\n<meta property=\"og:title\" content=\"Dispensing Needle Tips TT20G(\u00f80.6) Pink Opaque\" \/>\n<meta property=\"og:description\" content=\"Pink-coded 20-gauge (0.6mm) sterile dispensing needle tips TT20G designed for precise medication delivery in pediatrics, dermatology procedures\" \/>\n<meta property=\"og:url\" content=\"https:\/\/topkeymedical.com\/fr\/produit\/pointes-daiguille-de-distribution-tt20g\/\" \/>\n<meta property=\"og:site_name\" content=\"TOPKEY\u2013 Precision in Every Detail, Guardian of Life and Health\" \/>\n<meta property=\"article:publisher\" content=\"https:\/\/www.facebook.com\/profile.php?id=100088897294997\" \/>\n<meta property=\"article:modified_time\" content=\"2025-09-06T02:02:33+00:00\" \/>\n<meta property=\"og:image\" content=\"https:\/\/topkeymedical.com\/wp-content\/uploads\/2025\/08\/Dispensing-Needle-Tips-TT20G-2.webp\" \/>\n\t<meta property=\"og:image:width\" content=\"800\" \/>\n\t<meta property=\"og:image:height\" content=\"800\" \/>\n\t<meta property=\"og:image:type\" content=\"image\/webp\" \/>\n<meta name=\"twitter:card\" content=\"summary_large_image\" \/>\n<meta name=\"twitter:label1\" content=\"Dur\u00e9e de lecture estim\u00e9e\" \/>\n\t<meta name=\"twitter:data1\" content=\"2 minutes\" \/>\n<script type=\"application\/ld+json\" class=\"yoast-schema-graph\">{\"@context\":\"https:\\\/\\\/schema.org\",\"@graph\":[{\"@type\":\"WebPage\",\"@id\":\"https:\\\/\\\/topkeymedical.com\\\/product\\\/dispensing-needle-tips-tt20g\\\/\",\"url\":\"https:\\\/\\\/topkeymedical.com\\\/product\\\/dispensing-needle-tips-tt20g\\\/\",\"name\":\"Dispensing Needle Tips TT20G(\u00f80.6) Pink Opaque\",\"isPartOf\":{\"@id\":\"https:\\\/\\\/topkeymedical.com\\\/#website\"},\"primaryImageOfPage\":{\"@id\":\"https:\\\/\\\/topkeymedical.com\\\/product\\\/dispensing-needle-tips-tt20g\\\/#primaryimage\"},\"image\":{\"@id\":\"https:\\\/\\\/topkeymedical.com\\\/product\\\/dispensing-needle-tips-tt20g\\\/#primaryimage\"},\"thumbnailUrl\":\"https:\\\/\\\/topkeymedical.com\\\/wp-content\\\/uploads\\\/2025\\\/08\\\/Dispensing-Needle-Tips-TT20G-2.webp\",\"datePublished\":\"2025-06-17T07:10:44+00:00\",\"dateModified\":\"2025-09-06T02:02:33+00:00\",\"description\":\"Pink-coded 20-gauge (0.6mm) sterile dispensing needle tips TT20G designed for precise medication delivery in pediatrics, dermatology procedures\",\"breadcrumb\":{\"@id\":\"https:\\\/\\\/topkeymedical.com\\\/product\\\/dispensing-needle-tips-tt20g\\\/#breadcrumb\"},\"inLanguage\":\"fr-FR\",\"potentialAction\":[{\"@type\":\"ReadAction\",\"target\":[\"https:\\\/\\\/topkeymedical.com\\\/product\\\/dispensing-needle-tips-tt20g\\\/\"]}]},{\"@type\":\"ImageObject\",\"inLanguage\":\"fr-FR\",\"@id\":\"https:\\\/\\\/topkeymedical.com\\\/product\\\/dispensing-needle-tips-tt20g\\\/#primaryimage\",\"url\":\"https:\\\/\\\/topkeymedical.com\\\/wp-content\\\/uploads\\\/2025\\\/08\\\/Dispensing-Needle-Tips-TT20G-2.webp\",\"contentUrl\":\"https:\\\/\\\/topkeymedical.com\\\/wp-content\\\/uploads\\\/2025\\\/08\\\/Dispensing-Needle-Tips-TT20G-2.webp\",\"width\":800,\"height\":800,\"caption\":\"Dispensing Needle Tips TT20G\"},{\"@type\":\"BreadcrumbList\",\"@id\":\"https:\\\/\\\/topkeymedical.com\\\/product\\\/dispensing-needle-tips-tt20g\\\/#breadcrumb\",\"itemListElement\":[{\"@type\":\"ListItem\",\"position\":1,\"name\":\"Home\",\"item\":\"https:\\\/\\\/topkeymedical.com\\\/\"},{\"@type\":\"ListItem\",\"position\":2,\"name\":\"Products\",\"item\":\"https:\\\/\\\/topkeymedical.com\\\/shop\\\/\"},{\"@type\":\"ListItem\",\"position\":3,\"name\":\"Dispensing Needle Tips TT20G(\u00f80.6) Pink Opaque\"}]},{\"@type\":\"WebSite\",\"@id\":\"https:\\\/\\\/topkeymedical.com\\\/#website\",\"url\":\"https:\\\/\\\/topkeymedical.com\\\/\",\"name\":\"TOPKEY\u2013 Precision in Every Detail, Guardian of Life and Health\",\"description\":\"\",\"publisher\":{\"@id\":\"https:\\\/\\\/topkeymedical.com\\\/#organization\"},\"potentialAction\":[{\"@type\":\"SearchAction\",\"target\":{\"@type\":\"EntryPoint\",\"urlTemplate\":\"https:\\\/\\\/topkeymedical.com\\\/?s={search_term_string}\"},\"query-input\":{\"@type\":\"PropertyValueSpecification\",\"valueRequired\":true,\"valueName\":\"search_term_string\"}}],\"inLanguage\":\"fr-FR\"},{\"@type\":\"Organization\",\"@id\":\"https:\\\/\\\/topkeymedical.com\\\/#organization\",\"name\":\"TOPKEY\u2013 Precision in Every Detail, Guardian of Life and Health\",\"url\":\"https:\\\/\\\/topkeymedical.com\\\/\",\"logo\":{\"@type\":\"ImageObject\",\"inLanguage\":\"fr-FR\",\"@id\":\"https:\\\/\\\/topkeymedical.com\\\/#\\\/schema\\\/logo\\\/image\\\/\",\"url\":\"https:\\\/\\\/topkeymedical.com\\\/wp-content\\\/uploads\\\/2025\\\/05\\\/cropped-logo.jpg\",\"contentUrl\":\"https:\\\/\\\/topkeymedical.com\\\/wp-content\\\/uploads\\\/2025\\\/05\\\/cropped-logo.jpg\",\"width\":512,\"height\":512,\"caption\":\"TOPKEY\u2013 Precision in Every Detail, Guardian of Life and Health\"},\"image\":{\"@id\":\"https:\\\/\\\/topkeymedical.com\\\/#\\\/schema\\\/logo\\\/image\\\/\"},\"sameAs\":[\"https:\\\/\\\/www.facebook.com\\\/profile.php?id=100088897294997\",\"https:\\\/\\\/www.youtube.com\\\/@TopkeyMedical-Alice888\",\"https:\\\/\\\/www.linkedin.com\\\/in\\\/alice-hu-bb66a01b3\\\/\"]}]}<\/script>\n<!-- \/ Yoast SEO plugin. -->","yoast_head_json":{"title":"Aiguille de d\u00e9pose TT20G(\u00f80.6) Rose Opaque","description":"Pointes d'aiguille st\u00e9riles de calibre 20 (0,6 mm) cod\u00e9es en rose TT20G con\u00e7ues pour l'administration pr\u00e9cise de m\u00e9dicaments en p\u00e9diatrie et en dermatologie.","robots":{"index":"index","follow":"follow","max-snippet":"max-snippet:-1","max-image-preview":"max-image-preview:large","max-video-preview":"max-video-preview:-1"},"canonical":"https:\/\/topkeymedical.com\/fr\/produit\/pointes-daiguille-de-distribution-tt20g\/","og_locale":"fr_FR","og_type":"article","og_title":"Dispensing Needle Tips TT20G(\u00f80.6) Pink Opaque","og_description":"Pink-coded 20-gauge (0.6mm) sterile dispensing needle tips TT20G designed for precise medication delivery in pediatrics, dermatology procedures","og_url":"https:\/\/topkeymedical.com\/fr\/produit\/pointes-daiguille-de-distribution-tt20g\/","og_site_name":"TOPKEY\u2013 Precision in Every Detail, Guardian of Life and Health","article_publisher":"https:\/\/www.facebook.com\/profile.php?id=100088897294997","article_modified_time":"2025-09-06T02:02:33+00:00","og_image":[{"width":800,"height":800,"url":"https:\/\/topkeymedical.com\/wp-content\/uploads\/2025\/08\/Dispensing-Needle-Tips-TT20G-2.webp","type":"image\/webp"}],"twitter_card":"summary_large_image","twitter_misc":{"Dur\u00e9e de lecture estim\u00e9e":"2 minutes"},"schema":{"@context":"https:\/\/schema.org","@graph":[{"@type":"WebPage","@id":"https:\/\/topkeymedical.com\/product\/dispensing-needle-tips-tt20g\/","url":"https:\/\/topkeymedical.com\/product\/dispensing-needle-tips-tt20g\/","name":"Aiguille de d\u00e9pose TT20G(\u00f80.6) Rose Opaque","isPartOf":{"@id":"https:\/\/topkeymedical.com\/#website"},"primaryImageOfPage":{"@id":"https:\/\/topkeymedical.com\/product\/dispensing-needle-tips-tt20g\/#primaryimage"},"image":{"@id":"https:\/\/topkeymedical.com\/product\/dispensing-needle-tips-tt20g\/#primaryimage"},"thumbnailUrl":"https:\/\/topkeymedical.com\/wp-content\/uploads\/2025\/08\/Dispensing-Needle-Tips-TT20G-2.webp","datePublished":"2025-06-17T07:10:44+00:00","dateModified":"2025-09-06T02:02:33+00:00","description":"Pointes d'aiguille st\u00e9riles de calibre 20 (0,6 mm) cod\u00e9es en rose TT20G con\u00e7ues pour l'administration pr\u00e9cise de m\u00e9dicaments en p\u00e9diatrie et en dermatologie.","breadcrumb":{"@id":"https:\/\/topkeymedical.com\/product\/dispensing-needle-tips-tt20g\/#breadcrumb"},"inLanguage":"fr-FR","potentialAction":[{"@type":"ReadAction","target":["https:\/\/topkeymedical.com\/product\/dispensing-needle-tips-tt20g\/"]}]},{"@type":"ImageObject","inLanguage":"fr-FR","@id":"https:\/\/topkeymedical.com\/product\/dispensing-needle-tips-tt20g\/#primaryimage","url":"https:\/\/topkeymedical.com\/wp-content\/uploads\/2025\/08\/Dispensing-Needle-Tips-TT20G-2.webp","contentUrl":"https:\/\/topkeymedical.com\/wp-content\/uploads\/2025\/08\/Dispensing-Needle-Tips-TT20G-2.webp","width":800,"height":800,"caption":"Dispensing Needle Tips TT20G"},{"@type":"BreadcrumbList","@id":"https:\/\/topkeymedical.com\/product\/dispensing-needle-tips-tt20g\/#breadcrumb","itemListElement":[{"@type":"ListItem","position":1,"name":"Home","item":"https:\/\/topkeymedical.com\/"},{"@type":"ListItem","position":2,"name":"Products","item":"https:\/\/topkeymedical.com\/shop\/"},{"@type":"ListItem","position":3,"name":"Dispensing Needle Tips TT20G(\u00f80.6) Pink Opaque"}]},{"@type":"WebSite","@id":"https:\/\/topkeymedical.com\/#website","url":"https:\/\/topkeymedical.com\/","name":"TOPKEY - La pr\u00e9cision dans les moindres d\u00e9tails, gardienne de la vie et de la sant\u00e9","description":"","publisher":{"@id":"https:\/\/topkeymedical.com\/#organization"},"potentialAction":[{"@type":"SearchAction","target":{"@type":"EntryPoint","urlTemplate":"https:\/\/topkeymedical.com\/?s={search_term_string}"},"query-input":{"@type":"PropertyValueSpecification","valueRequired":true,"valueName":"search_term_string"}}],"inLanguage":"fr-FR"},{"@type":"Organization","@id":"https:\/\/topkeymedical.com\/#organization","name":"TOPKEY - La pr\u00e9cision dans les moindres d\u00e9tails, gardienne de la vie et de la sant\u00e9","url":"https:\/\/topkeymedical.com\/","logo":{"@type":"ImageObject","inLanguage":"fr-FR","@id":"https:\/\/topkeymedical.com\/#\/schema\/logo\/image\/","url":"https:\/\/topkeymedical.com\/wp-content\/uploads\/2025\/05\/cropped-logo.jpg","contentUrl":"https:\/\/topkeymedical.com\/wp-content\/uploads\/2025\/05\/cropped-logo.jpg","width":512,"height":512,"caption":"TOPKEY\u2013 Precision in Every Detail, Guardian of Life and Health"},"image":{"@id":"https:\/\/topkeymedical.com\/#\/schema\/logo\/image\/"},"sameAs":["https:\/\/www.facebook.com\/profile.php?id=100088897294997","https:\/\/www.youtube.com\/@TopkeyMedical-Alice888","https:\/\/www.linkedin.com\/in\/alice-hu-bb66a01b3\/"]}]}},"_links":{"self":[{"href":"https:\/\/topkeymedical.com\/fr\/wp-json\/wp\/v2\/product\/839","targetHints":{"allow":["GET"]}}],"collection":[{"href":"https:\/\/topkeymedical.com\/fr\/wp-json\/wp\/v2\/product"}],"about":[{"href":"https:\/\/topkeymedical.com\/fr\/wp-json\/wp\/v2\/types\/product"}],"version-history":[{"count":5,"href":"https:\/\/topkeymedical.com\/fr\/wp-json\/wp\/v2\/product\/839\/revisions"}],"predecessor-version":[{"id":1377,"href":"https:\/\/topkeymedical.com\/fr\/wp-json\/wp\/v2\/product\/839\/revisions\/1377"}],"wp:featuredmedia":[{"embeddable":true,"href":"https:\/\/topkeymedical.com\/fr\/wp-json\/wp\/v2\/media\/1193"}],"wp:attachment":[{"href":"https:\/\/topkeymedical.com\/fr\/wp-json\/wp\/v2\/media?parent=839"}],"wp:term":[{"taxonomy":"product_brand","embeddable":true,"href":"https:\/\/topkeymedical.com\/fr\/wp-json\/wp\/v2\/product_brand?post=839"},{"taxonomy":"product_cat","embeddable":true,"href":"https:\/\/topkeymedical.com\/fr\/wp-json\/wp\/v2\/product_cat?post=839"},{"taxonomy":"product_tag","embeddable":true,"href":"https:\/\/topkeymedical.com\/fr\/wp-json\/wp\/v2\/product_tag?post=839"}],"curies":[{"name":"wp","href":"https:\/\/api.w.org\/{rel}","templated":true}]}}