{"id":849,"date":"2025-06-17T07:18:51","date_gmt":"2025-06-17T07:18:51","guid":{"rendered":"https:\/\/topkeymedical.com\/?post_type=product&#038;p=849"},"modified":"2025-09-06T02:00:09","modified_gmt":"2025-09-06T02:00:09","slug":"aiguilles-de-distribution-tt18g","status":"publish","type":"product","link":"https:\/\/topkeymedical.com\/fr\/produit\/aiguilles-de-distribution-tt18g\/","title":{"rendered":"Aiguilles de d\u00e9pose TT18G(\u00f80.8) Vert Opaque"},"content":{"rendered":"<h2 data-start=\"1121\" data-end=\"1153\">Sp\u00e9cifications techniques<\/h2>\n<div class=\"_tableContainer_1rjym_1\">\n<div class=\"_tableWrapper_1rjym_13 group flex w-fit flex-col-reverse\" tabindex=\"-1\">\n<table class=\"w-fit min-w-(--thread-content-width)\" data-start=\"1155\" data-end=\"3036\">\n<thead data-start=\"1155\" data-end=\"1271\">\n<tr data-start=\"1155\" data-end=\"1271\">\n<th data-start=\"1155\" data-end=\"1184\" data-col-size=\"sm\">Param\u00e8tres<\/th>\n<th data-start=\"1184\" data-end=\"1271\" data-col-size=\"md\">Valeur \/ Description<\/th>\n<\/tr>\n<\/thead>\n<tbody data-start=\"1390\" data-end=\"3036\">\n<tr data-start=\"1390\" data-end=\"1507\">\n<td data-start=\"1390\" data-end=\"1420\" data-col-size=\"sm\"><strong data-start=\"1392\" data-end=\"1408\">Nom du produit<\/strong><\/td>\n<td data-start=\"1420\" data-end=\"1507\" data-col-size=\"md\">Aiguilles de d\u00e9pose TT18G<\/td>\n<\/tr>\n<tr data-start=\"1508\" data-end=\"1625\">\n<td data-start=\"1508\" data-end=\"1538\" data-col-size=\"sm\"><strong data-start=\"1510\" data-end=\"1525\">Exemple de SKU<\/strong><\/td>\n<td data-start=\"1538\" data-end=\"1625\" data-col-size=\"md\">TT18G (\u00f80,8 mm) Vert Opaque<\/td>\n<\/tr>\n<tr data-start=\"1626\" data-end=\"1742\">\n<td data-start=\"1626\" data-end=\"1656\" data-col-size=\"sm\"><strong data-start=\"1628\" data-end=\"1642\">Taille de la jauge<\/strong><\/td>\n<td data-start=\"1656\" data-end=\"1742\" data-col-size=\"md\">18G<\/td>\n<\/tr>\n<tr data-start=\"1743\" data-end=\"1859\">\n<td data-start=\"1743\" data-end=\"1773\" data-col-size=\"sm\"><strong data-start=\"1745\" data-end=\"1768\">Diam\u00e8tre int\u00e9rieur (ID)<\/strong><\/td>\n<td data-start=\"1773\" data-end=\"1859\" data-col-size=\"md\">0,8 mm<\/td>\n<\/tr>\n<tr data-start=\"1860\" data-end=\"1976\">\n<td data-start=\"1860\" data-end=\"1890\" data-col-size=\"sm\"><strong data-start=\"1862\" data-end=\"1885\">Diam\u00e8tre ext\u00e9rieur (OD)<\/strong><\/td>\n<td data-start=\"1890\" data-end=\"1976\" data-col-size=\"md\">~1,27 mm<\/td>\n<\/tr>\n<tr data-start=\"1977\" data-end=\"2094\">\n<td data-start=\"1977\" data-end=\"2007\" data-col-size=\"sm\"><strong data-start=\"1979\" data-end=\"2004\">Options de longueur d'aiguille<\/strong><\/td>\n<td data-start=\"2007\" data-end=\"2094\" data-col-size=\"md\">G\u00e9n\u00e9ralement 1 pouce (25 mm), 1,5 pouce (38 mm), 2 pouces (50 mm) ; personnalisable<\/td>\n<\/tr>\n<tr data-start=\"2095\" data-end=\"2212\">\n<td data-start=\"2095\" data-end=\"2125\" data-col-size=\"sm\"><strong data-start=\"2097\" data-end=\"2119\">Mat\u00e9riau - Canule<\/strong><\/td>\n<td data-start=\"2125\" data-end=\"2212\" data-col-size=\"md\">Acier inoxydable de qualit\u00e9 chirurgicale (conforme \u00e0 la norme ISO 9626)<\/td>\n<\/tr>\n<tr data-start=\"2213\" data-end=\"2329\">\n<td data-start=\"2213\" data-end=\"2243\" data-col-size=\"sm\"><strong data-start=\"2215\" data-end=\"2233\">Mat\u00e9riau - Moyeu<\/strong><\/td>\n<td data-start=\"2243\" data-end=\"2329\" data-col-size=\"md\">Polypropyl\u00e8ne m\u00e9dical, vert opaque, code couleur ISO<\/td>\n<\/tr>\n<tr data-start=\"2330\" data-end=\"2447\">\n<td data-start=\"2330\" data-end=\"2360\" data-col-size=\"sm\"><strong data-start=\"2332\" data-end=\"2351\">Type de connexion<\/strong><\/td>\n<td data-start=\"2360\" data-end=\"2447\" data-col-size=\"md\">Standard Luer-lock \/ Luer-slip<\/td>\n<\/tr>\n<tr data-start=\"2448\" data-end=\"2565\">\n<td data-start=\"2448\" data-end=\"2478\" data-col-size=\"sm\"><strong data-start=\"2450\" data-end=\"2474\">M\u00e9thode de st\u00e9rilisation<\/strong><\/td>\n<td data-start=\"2478\" data-end=\"2565\" data-col-size=\"md\">EO (oxyde d'\u00e9thyl\u00e8ne) st\u00e9rilis\u00e9<\/td>\n<\/tr>\n<tr data-start=\"2566\" data-end=\"2683\">\n<td data-start=\"2566\" data-end=\"2596\" data-col-size=\"sm\"><strong data-start=\"2568\" data-end=\"2581\">Emballage<\/strong><\/td>\n<td data-start=\"2596\" data-end=\"2683\" data-col-size=\"md\">Plaquettes thermoform\u00e9es scell\u00e9es individuellement ; 100 pi\u00e8ces par bo\u00eete<\/td>\n<\/tr>\n<tr data-start=\"2684\" data-end=\"2800\">\n<td data-start=\"2684\" data-end=\"2714\" data-col-size=\"sm\"><strong data-start=\"2686\" data-end=\"2700\">Usage unique<\/strong><\/td>\n<td data-start=\"2714\" data-end=\"2800\" data-col-size=\"md\">Oui<\/td>\n<\/tr>\n<tr data-start=\"2801\" data-end=\"2918\">\n<td data-start=\"2801\" data-end=\"2831\" data-col-size=\"sm\"><strong data-start=\"2803\" data-end=\"2820\">Certification<\/strong><\/td>\n<td data-start=\"2831\" data-end=\"2918\" data-col-size=\"md\">ISO 13485, marquage CE, FDA (selon le march\u00e9)<\/td>\n<\/tr>\n<tr data-start=\"2919\" data-end=\"3036\">\n<td data-start=\"2919\" data-end=\"2949\" data-col-size=\"sm\"><strong data-start=\"2921\" data-end=\"2935\">Dur\u00e9e de conservation<\/strong><\/td>\n<td data-start=\"2949\" data-end=\"3036\" data-col-size=\"md\">3 \u00e0 5 ans (en cas de stockage correct)<\/td>\n<\/tr>\n<\/tbody>\n<\/table>\n<\/div>\n<\/div>\n<hr data-start=\"3038\" data-end=\"3041\" \/>\n<p>Les aiguilles de d\u00e9pose TT18G (\u00f80,8) vertes opaques sont des aiguilles de d\u00e9pose robustes et fiables con\u00e7ues pour les fluides de viscosit\u00e9 moyenne \u00e0 \u00e9lev\u00e9e dans les applications industrielles, automobiles et d'assemblage \u00e9lectronique. Avec un diam\u00e8tre int\u00e9rieur de 0,8 mm, ces aiguilles permettent une d\u00e9pose coh\u00e9rente et contr\u00f4l\u00e9e des adh\u00e9sifs, des produits d'\u00e9tanch\u00e9it\u00e9, des graisses et d'autres mat\u00e9riaux plus \u00e9pais, garantissant une application efficace et uniforme.<\/p>\n<p>Fabriqu\u00e9es en polym\u00e8re vert opaque \u00e0 haute r\u00e9sistance, ces aiguilles offrent une durabilit\u00e9 et une r\u00e9sistance chimique sup\u00e9rieures, ce qui les rend id\u00e9ales pour les environnements de travail difficiles. La couleur verte opaque facilite l'identification et le tri dans les environnements de production \u00e0 haut volume. Leur structure renforc\u00e9e minimise la flexion et le colmatage, ce qui garantit des performances durables dans les syst\u00e8mes de distribution automatis\u00e9s et manuels.<\/p>\n<p>Principaux avantages :<br \/>\n\u2714 Diam\u00e8tre int\u00e9rieur de 0,8 mm pour une d\u00e9pose en douceur des fluides de moyenne\/haute viscosit\u00e9<br \/>\n\u2714 Mat\u00e9riau opaque vert pour une identification rapide et une sensibilit\u00e9 r\u00e9duite \u00e0 la lumi\u00e8re<br \/>\n\u2714 Haute r\u00e9sistance aux produits chimiques et \u00e0 l'abrasion pour une dur\u00e9e de vie prolong\u00e9e<br \/>\n\u2714 Conception anti-colmatage pour un fonctionnement ininterrompu<br \/>\n\u2714 Id\u00e9al pour les adh\u00e9sifs industriels, les produits d'\u00e9tanch\u00e9it\u00e9, les lubrifiants et les compos\u00e9s d'enrobage<\/p>\n<p>Am\u00e9liorez votre processus de d\u00e9pose avec les aiguilles de d\u00e9pose TT18G, con\u00e7ues pour la durabilit\u00e9, la pr\u00e9cision et l'efficacit\u00e9.<\/p>","protected":false},"excerpt":{"rendered":"<p>Aiguilles m\u00e9dicales polyvalentes de calibre 18 (0,8 mm) TT18G pour les injections intramusculaires, l'administration d'anesth\u00e9sie locale ou l'administration de vaccins. Le design opaque vert est conforme aux normes de codage couleur ISO pour une identification facile dans les situations cliniques d'urgence et de routine.<\/p>","protected":false},"featured_media":1204,"template":"","meta":{"_acf_changed":false,"site-sidebar-layout":"default","site-content-layout":"","ast-site-content-layout":"default","site-content-style":"default","site-sidebar-style":"default","ast-global-header-display":"","ast-banner-title-visibility":"","ast-main-header-display":"","ast-hfb-above-header-display":"","ast-hfb-below-header-display":"","ast-hfb-mobile-header-display":"","site-post-title":"","ast-breadcrumbs-content":"","ast-featured-img":"","footer-sml-layout":"","ast-disable-related-posts":"","theme-transparent-header-meta":"default","adv-header-id-meta":"","stick-header-meta":"","header-above-stick-meta":"","header-main-stick-meta":"","header-below-stick-meta":"","astra-migrate-meta-layouts":"set","ast-page-background-enabled":"default","ast-page-background-meta":{"desktop":{"background-color":"var(--ast-global-color-5)","background-image":"","background-repeat":"repeat","background-position":"center center","background-size":"auto","background-attachment":"scroll","background-type":"","background-media":"","overlay-type":"","overlay-color":"","overlay-opacity":"","overlay-gradient":""},"tablet":{"background-color":"","background-image":"","background-repeat":"repeat","background-position":"center center","background-size":"auto","background-attachment":"scroll","background-type":"","background-media":"","overlay-type":"","overlay-color":"","overlay-opacity":"","overlay-gradient":""},"mobile":{"background-color":"","background-image":"","background-repeat":"repeat","background-position":"center center","background-size":"auto","background-attachment":"scroll","background-type":"","background-media":"","overlay-type":"","overlay-color":"","overlay-opacity":"","overlay-gradient":""}},"ast-content-background-meta":{"desktop":{"background-color":"var(--ast-global-color-4)","background-image":"","background-repeat":"repeat","background-position":"center center","background-size":"auto","background-attachment":"scroll","background-type":"","background-media":"","overlay-type":"","overlay-color":"","overlay-opacity":"","overlay-gradient":""},"tablet":{"background-color":"var(--ast-global-color-4)","background-image":"","background-repeat":"repeat","background-position":"center center","background-size":"auto","background-attachment":"scroll","background-type":"","background-media":"","overlay-type":"","overlay-color":"","overlay-opacity":"","overlay-gradient":""},"mobile":{"background-color":"var(--ast-global-color-4)","background-image":"","background-repeat":"repeat","background-position":"center center","background-size":"auto","background-attachment":"scroll","background-type":"","background-media":"","overlay-type":"","overlay-color":"","overlay-opacity":"","overlay-gradient":""}}},"product_brand":[],"product_cat":[58,64],"product_tag":[],"class_list":{"0":"post-849","1":"product","2":"type-product","3":"status-publish","4":"has-post-thumbnail","6":"product_cat-dispensing-needles","7":"product_cat-dispensing-needles-and-tips","8":"desktop-align-left","9":"tablet-align-left","10":"mobile-align-left","12":"first","13":"instock","14":"shipping-taxable","15":"product-type-simple"},"acf":[],"yoast_head":"<!-- This site is optimized with the Yoast SEO plugin v27.4 - https:\/\/yoast.com\/product\/yoast-seo-wordpress\/ -->\n<title>Dispensing Needles TT18G(\u00f80.8) Green Opaque<\/title>\n<meta name=\"description\" content=\"Versatile 18-gauge (0.8mm) medical dispensing needles TT18G for intramuscular injections, local anesthesia administration, or vaccine delivery.\" \/>\n<meta name=\"robots\" content=\"index, follow, max-snippet:-1, max-image-preview:large, max-video-preview:-1\" \/>\n<link rel=\"canonical\" href=\"https:\/\/topkeymedical.com\/fr\/produit\/aiguilles-de-distribution-tt18g\/\" \/>\n<meta property=\"og:locale\" content=\"fr_FR\" \/>\n<meta property=\"og:type\" content=\"article\" \/>\n<meta property=\"og:title\" content=\"Dispensing Needles TT18G(\u00f80.8) Green Opaque\" \/>\n<meta property=\"og:description\" content=\"Versatile 18-gauge (0.8mm) medical dispensing needles TT18G for intramuscular injections, local anesthesia administration, or vaccine delivery.\" \/>\n<meta property=\"og:url\" content=\"https:\/\/topkeymedical.com\/fr\/produit\/aiguilles-de-distribution-tt18g\/\" \/>\n<meta property=\"og:site_name\" content=\"TOPKEY\u2013 Precision in Every Detail, Guardian of Life and Health\" \/>\n<meta property=\"article:publisher\" content=\"https:\/\/www.facebook.com\/profile.php?id=100088897294997\" \/>\n<meta property=\"article:modified_time\" content=\"2025-09-06T02:00:09+00:00\" \/>\n<meta property=\"og:image\" content=\"https:\/\/topkeymedical.com\/wp-content\/uploads\/2025\/08\/Dispensing-Needles-TT18G-1.webp\" \/>\n\t<meta property=\"og:image:width\" content=\"800\" \/>\n\t<meta property=\"og:image:height\" content=\"800\" \/>\n\t<meta property=\"og:image:type\" content=\"image\/webp\" \/>\n<meta name=\"twitter:card\" content=\"summary_large_image\" \/>\n<meta name=\"twitter:label1\" content=\"Dur\u00e9e de lecture estim\u00e9e\" \/>\n\t<meta name=\"twitter:data1\" content=\"2 minutes\" \/>\n<script type=\"application\/ld+json\" class=\"yoast-schema-graph\">{\"@context\":\"https:\\\/\\\/schema.org\",\"@graph\":[{\"@type\":\"WebPage\",\"@id\":\"https:\\\/\\\/topkeymedical.com\\\/product\\\/dispensing-needles-tt18g\\\/\",\"url\":\"https:\\\/\\\/topkeymedical.com\\\/product\\\/dispensing-needles-tt18g\\\/\",\"name\":\"Dispensing Needles TT18G(\u00f80.8) Green Opaque\",\"isPartOf\":{\"@id\":\"https:\\\/\\\/topkeymedical.com\\\/#website\"},\"primaryImageOfPage\":{\"@id\":\"https:\\\/\\\/topkeymedical.com\\\/product\\\/dispensing-needles-tt18g\\\/#primaryimage\"},\"image\":{\"@id\":\"https:\\\/\\\/topkeymedical.com\\\/product\\\/dispensing-needles-tt18g\\\/#primaryimage\"},\"thumbnailUrl\":\"https:\\\/\\\/topkeymedical.com\\\/wp-content\\\/uploads\\\/2025\\\/08\\\/Dispensing-Needles-TT18G-1.webp\",\"datePublished\":\"2025-06-17T07:18:51+00:00\",\"dateModified\":\"2025-09-06T02:00:09+00:00\",\"description\":\"Versatile 18-gauge (0.8mm) medical dispensing needles TT18G for intramuscular injections, local anesthesia administration, or vaccine delivery.\",\"breadcrumb\":{\"@id\":\"https:\\\/\\\/topkeymedical.com\\\/product\\\/dispensing-needles-tt18g\\\/#breadcrumb\"},\"inLanguage\":\"fr-FR\",\"potentialAction\":[{\"@type\":\"ReadAction\",\"target\":[\"https:\\\/\\\/topkeymedical.com\\\/product\\\/dispensing-needles-tt18g\\\/\"]}]},{\"@type\":\"ImageObject\",\"inLanguage\":\"fr-FR\",\"@id\":\"https:\\\/\\\/topkeymedical.com\\\/product\\\/dispensing-needles-tt18g\\\/#primaryimage\",\"url\":\"https:\\\/\\\/topkeymedical.com\\\/wp-content\\\/uploads\\\/2025\\\/08\\\/Dispensing-Needles-TT18G-1.webp\",\"contentUrl\":\"https:\\\/\\\/topkeymedical.com\\\/wp-content\\\/uploads\\\/2025\\\/08\\\/Dispensing-Needles-TT18G-1.webp\",\"width\":800,\"height\":800,\"caption\":\"Dispensing Needles TT18G\"},{\"@type\":\"BreadcrumbList\",\"@id\":\"https:\\\/\\\/topkeymedical.com\\\/product\\\/dispensing-needles-tt18g\\\/#breadcrumb\",\"itemListElement\":[{\"@type\":\"ListItem\",\"position\":1,\"name\":\"Home\",\"item\":\"https:\\\/\\\/topkeymedical.com\\\/\"},{\"@type\":\"ListItem\",\"position\":2,\"name\":\"Products\",\"item\":\"https:\\\/\\\/topkeymedical.com\\\/shop\\\/\"},{\"@type\":\"ListItem\",\"position\":3,\"name\":\"Dispensing Needles TT18G(\u00f80.8) Green Opaque\"}]},{\"@type\":\"WebSite\",\"@id\":\"https:\\\/\\\/topkeymedical.com\\\/#website\",\"url\":\"https:\\\/\\\/topkeymedical.com\\\/\",\"name\":\"TOPKEY\u2013 Precision in Every Detail, Guardian of Life and Health\",\"description\":\"\",\"publisher\":{\"@id\":\"https:\\\/\\\/topkeymedical.com\\\/#organization\"},\"potentialAction\":[{\"@type\":\"SearchAction\",\"target\":{\"@type\":\"EntryPoint\",\"urlTemplate\":\"https:\\\/\\\/topkeymedical.com\\\/?s={search_term_string}\"},\"query-input\":{\"@type\":\"PropertyValueSpecification\",\"valueRequired\":true,\"valueName\":\"search_term_string\"}}],\"inLanguage\":\"fr-FR\"},{\"@type\":\"Organization\",\"@id\":\"https:\\\/\\\/topkeymedical.com\\\/#organization\",\"name\":\"TOPKEY\u2013 Precision in Every Detail, Guardian of Life and Health\",\"url\":\"https:\\\/\\\/topkeymedical.com\\\/\",\"logo\":{\"@type\":\"ImageObject\",\"inLanguage\":\"fr-FR\",\"@id\":\"https:\\\/\\\/topkeymedical.com\\\/#\\\/schema\\\/logo\\\/image\\\/\",\"url\":\"https:\\\/\\\/topkeymedical.com\\\/wp-content\\\/uploads\\\/2025\\\/05\\\/cropped-logo.jpg\",\"contentUrl\":\"https:\\\/\\\/topkeymedical.com\\\/wp-content\\\/uploads\\\/2025\\\/05\\\/cropped-logo.jpg\",\"width\":512,\"height\":512,\"caption\":\"TOPKEY\u2013 Precision in Every Detail, Guardian of Life and Health\"},\"image\":{\"@id\":\"https:\\\/\\\/topkeymedical.com\\\/#\\\/schema\\\/logo\\\/image\\\/\"},\"sameAs\":[\"https:\\\/\\\/www.facebook.com\\\/profile.php?id=100088897294997\",\"https:\\\/\\\/www.youtube.com\\\/@TopkeyMedical-Alice888\",\"https:\\\/\\\/www.linkedin.com\\\/in\\\/alice-hu-bb66a01b3\\\/\"]}]}<\/script>\n<!-- \/ Yoast SEO plugin. -->","yoast_head_json":{"title":"Aiguilles de d\u00e9pose TT18G(\u00f80.8) Vert Opaque","description":"Aiguilles m\u00e9dicales polyvalentes de calibre 18 (0,8 mm) TT18G pour les injections intramusculaires, l'administration d'anesth\u00e9sie locale ou l'administration de vaccins.","robots":{"index":"index","follow":"follow","max-snippet":"max-snippet:-1","max-image-preview":"max-image-preview:large","max-video-preview":"max-video-preview:-1"},"canonical":"https:\/\/topkeymedical.com\/fr\/produit\/aiguilles-de-distribution-tt18g\/","og_locale":"fr_FR","og_type":"article","og_title":"Dispensing Needles TT18G(\u00f80.8) Green Opaque","og_description":"Versatile 18-gauge (0.8mm) medical dispensing needles TT18G for intramuscular injections, local anesthesia administration, or vaccine delivery.","og_url":"https:\/\/topkeymedical.com\/fr\/produit\/aiguilles-de-distribution-tt18g\/","og_site_name":"TOPKEY\u2013 Precision in Every Detail, Guardian of Life and Health","article_publisher":"https:\/\/www.facebook.com\/profile.php?id=100088897294997","article_modified_time":"2025-09-06T02:00:09+00:00","og_image":[{"width":800,"height":800,"url":"https:\/\/topkeymedical.com\/wp-content\/uploads\/2025\/08\/Dispensing-Needles-TT18G-1.webp","type":"image\/webp"}],"twitter_card":"summary_large_image","twitter_misc":{"Dur\u00e9e de lecture estim\u00e9e":"2 minutes"},"schema":{"@context":"https:\/\/schema.org","@graph":[{"@type":"WebPage","@id":"https:\/\/topkeymedical.com\/product\/dispensing-needles-tt18g\/","url":"https:\/\/topkeymedical.com\/product\/dispensing-needles-tt18g\/","name":"Aiguilles de d\u00e9pose TT18G(\u00f80.8) Vert Opaque","isPartOf":{"@id":"https:\/\/topkeymedical.com\/#website"},"primaryImageOfPage":{"@id":"https:\/\/topkeymedical.com\/product\/dispensing-needles-tt18g\/#primaryimage"},"image":{"@id":"https:\/\/topkeymedical.com\/product\/dispensing-needles-tt18g\/#primaryimage"},"thumbnailUrl":"https:\/\/topkeymedical.com\/wp-content\/uploads\/2025\/08\/Dispensing-Needles-TT18G-1.webp","datePublished":"2025-06-17T07:18:51+00:00","dateModified":"2025-09-06T02:00:09+00:00","description":"Aiguilles m\u00e9dicales polyvalentes de calibre 18 (0,8 mm) TT18G pour les injections intramusculaires, l'administration d'anesth\u00e9sie locale ou l'administration de vaccins.","breadcrumb":{"@id":"https:\/\/topkeymedical.com\/product\/dispensing-needles-tt18g\/#breadcrumb"},"inLanguage":"fr-FR","potentialAction":[{"@type":"ReadAction","target":["https:\/\/topkeymedical.com\/product\/dispensing-needles-tt18g\/"]}]},{"@type":"ImageObject","inLanguage":"fr-FR","@id":"https:\/\/topkeymedical.com\/product\/dispensing-needles-tt18g\/#primaryimage","url":"https:\/\/topkeymedical.com\/wp-content\/uploads\/2025\/08\/Dispensing-Needles-TT18G-1.webp","contentUrl":"https:\/\/topkeymedical.com\/wp-content\/uploads\/2025\/08\/Dispensing-Needles-TT18G-1.webp","width":800,"height":800,"caption":"Dispensing Needles TT18G"},{"@type":"BreadcrumbList","@id":"https:\/\/topkeymedical.com\/product\/dispensing-needles-tt18g\/#breadcrumb","itemListElement":[{"@type":"ListItem","position":1,"name":"Home","item":"https:\/\/topkeymedical.com\/"},{"@type":"ListItem","position":2,"name":"Products","item":"https:\/\/topkeymedical.com\/shop\/"},{"@type":"ListItem","position":3,"name":"Dispensing Needles TT18G(\u00f80.8) Green Opaque"}]},{"@type":"WebSite","@id":"https:\/\/topkeymedical.com\/#website","url":"https:\/\/topkeymedical.com\/","name":"TOPKEY - La pr\u00e9cision dans les moindres d\u00e9tails, gardienne de la vie et de la sant\u00e9","description":"","publisher":{"@id":"https:\/\/topkeymedical.com\/#organization"},"potentialAction":[{"@type":"SearchAction","target":{"@type":"EntryPoint","urlTemplate":"https:\/\/topkeymedical.com\/?s={search_term_string}"},"query-input":{"@type":"PropertyValueSpecification","valueRequired":true,"valueName":"search_term_string"}}],"inLanguage":"fr-FR"},{"@type":"Organization","@id":"https:\/\/topkeymedical.com\/#organization","name":"TOPKEY - La pr\u00e9cision dans les moindres d\u00e9tails, gardienne de la vie et de la sant\u00e9","url":"https:\/\/topkeymedical.com\/","logo":{"@type":"ImageObject","inLanguage":"fr-FR","@id":"https:\/\/topkeymedical.com\/#\/schema\/logo\/image\/","url":"https:\/\/topkeymedical.com\/wp-content\/uploads\/2025\/05\/cropped-logo.jpg","contentUrl":"https:\/\/topkeymedical.com\/wp-content\/uploads\/2025\/05\/cropped-logo.jpg","width":512,"height":512,"caption":"TOPKEY\u2013 Precision in Every Detail, Guardian of Life and Health"},"image":{"@id":"https:\/\/topkeymedical.com\/#\/schema\/logo\/image\/"},"sameAs":["https:\/\/www.facebook.com\/profile.php?id=100088897294997","https:\/\/www.youtube.com\/@TopkeyMedical-Alice888","https:\/\/www.linkedin.com\/in\/alice-hu-bb66a01b3\/"]}]}},"_links":{"self":[{"href":"https:\/\/topkeymedical.com\/fr\/wp-json\/wp\/v2\/product\/849","targetHints":{"allow":["GET"]}}],"collection":[{"href":"https:\/\/topkeymedical.com\/fr\/wp-json\/wp\/v2\/product"}],"about":[{"href":"https:\/\/topkeymedical.com\/fr\/wp-json\/wp\/v2\/types\/product"}],"version-history":[{"count":5,"href":"https:\/\/topkeymedical.com\/fr\/wp-json\/wp\/v2\/product\/849\/revisions"}],"predecessor-version":[{"id":1376,"href":"https:\/\/topkeymedical.com\/fr\/wp-json\/wp\/v2\/product\/849\/revisions\/1376"}],"wp:featuredmedia":[{"embeddable":true,"href":"https:\/\/topkeymedical.com\/fr\/wp-json\/wp\/v2\/media\/1204"}],"wp:attachment":[{"href":"https:\/\/topkeymedical.com\/fr\/wp-json\/wp\/v2\/media?parent=849"}],"wp:term":[{"taxonomy":"product_brand","embeddable":true,"href":"https:\/\/topkeymedical.com\/fr\/wp-json\/wp\/v2\/product_brand?post=849"},{"taxonomy":"product_cat","embeddable":true,"href":"https:\/\/topkeymedical.com\/fr\/wp-json\/wp\/v2\/product_cat?post=849"},{"taxonomy":"product_tag","embeddable":true,"href":"https:\/\/topkeymedical.com\/fr\/wp-json\/wp\/v2\/product_tag?post=849"}],"curies":[{"name":"wp","href":"https:\/\/api.w.org\/{rel}","templated":true}]}}