{"id":964,"date":"2025-06-25T06:02:31","date_gmt":"2025-06-25T06:02:31","guid":{"rendered":"https:\/\/topkeymedical.com\/?post_type=product&#038;p=964"},"modified":"2026-03-14T13:28:59","modified_gmt":"2026-03-14T13:28:59","slug":"aiguilles-dacupuncture-steriles-a-usage-unique-0-2540mm","status":"publish","type":"product","link":"https:\/\/topkeymedical.com\/fr\/produit\/aiguilles-dacupuncture-steriles-a-usage-unique-0-2540mm\/","title":{"rendered":"Aiguilles d'acupuncture st\u00e9riles \u00e0 usage unique 0.25*40mm"},"content":{"rendered":"<h2 data-start=\"395\" data-end=\"422\">1. Description g\u00e9n\u00e9rale<\/h2>\n<p data-start=\"423\" data-end=\"875\">Ces aiguilles d'acupuncture st\u00e9riles, \u00e0 usage unique, sont con\u00e7ues pour une piq\u00fbre pr\u00e9cise avec un minimum d'inconfort. Les aiguilles d'acupuncture <strong data-start=\"532\" data-end=\"552\">0,22 mm de diam\u00e8tre<\/strong> offre une insertion fine et d\u00e9licate pour les zones sensibles ou les techniques peu profondes, tandis que le <strong data-start=\"640\" data-end=\"656\">13 mm de longueur<\/strong> les rend appropri\u00e9s pour l'acupuncture faciale, l'acupuncture auriculaire, la th\u00e9rapie de la main ou les points corporels superficiels. Les <strong data-start=\"770\" data-end=\"788\">poign\u00e9e en plastique<\/strong> offre une meilleure prise en main et un meilleur contr\u00f4le pour les d\u00e9butants et les pratiquants exp\u00e9riment\u00e9s.<\/p>\n<p data-start=\"877\" data-end=\"1018\">Chaque aiguille est <strong data-start=\"892\" data-end=\"923\">emball\u00e9s individuellement sous blister<\/strong> pour garantir l'hygi\u00e8ne et la s\u00e9curit\u00e9 des patients, conform\u00e9ment aux normes internationales relatives aux dispositifs m\u00e9dicaux.<\/p>\n<h2 data-start=\"1025\" data-end=\"1057\">2. Sp\u00e9cifications techniques<\/h2>\n<div class=\"_tableContainer_1rjym_1\">\n<div class=\"_tableWrapper_1rjym_13 group flex w-fit flex-col-reverse\" tabindex=\"-1\">\n<table class=\"w-fit min-w-(--thread-content-width)\" data-start=\"1059\" data-end=\"2787\">\n<thead data-start=\"1059\" data-end=\"1173\">\n<tr data-start=\"1059\" data-end=\"1173\">\n<th data-start=\"1059\" data-end=\"1086\" data-col-size=\"sm\">Param\u00e8tres<\/th>\n<th data-start=\"1086\" data-end=\"1173\" data-col-size=\"md\">Valeur \/ Description<\/th>\n<\/tr>\n<\/thead>\n<tbody data-start=\"1290\" data-end=\"2787\">\n<tr data-start=\"1290\" data-end=\"1405\">\n<td data-start=\"1290\" data-end=\"1318\" data-col-size=\"sm\"><strong data-start=\"1292\" data-end=\"1308\">Nom du produit<\/strong><\/td>\n<td data-start=\"1318\" data-end=\"1405\" data-col-size=\"md\">Aiguilles d'acupuncture avec manche en plastique<\/td>\n<\/tr>\n<tr data-start=\"1406\" data-end=\"1520\">\n<td data-start=\"1406\" data-end=\"1434\" data-col-size=\"sm\"><strong data-start=\"1408\" data-end=\"1423\">Exemple de SKU<\/strong><\/td>\n<td data-start=\"1434\" data-end=\"1520\" data-col-size=\"md\">0,22 \u00d7 13 mm (autres tailles disponibles)<\/td>\n<\/tr>\n<tr data-start=\"1521\" data-end=\"1635\">\n<td data-start=\"1521\" data-end=\"1549\" data-col-size=\"sm\"><strong data-start=\"1523\" data-end=\"1542\">Diam\u00e8tre de l'aiguille<\/strong><\/td>\n<td data-start=\"1549\" data-end=\"1635\" data-col-size=\"md\">0,22 mm<\/td>\n<\/tr>\n<tr data-start=\"1636\" data-end=\"1750\">\n<td data-start=\"1636\" data-end=\"1664\" data-col-size=\"sm\"><strong data-start=\"1638\" data-end=\"1655\">Longueur de l'aiguille<\/strong><\/td>\n<td data-start=\"1664\" data-end=\"1750\" data-col-size=\"md\">13 mm<\/td>\n<\/tr>\n<tr data-start=\"1751\" data-end=\"1865\">\n<td data-start=\"1751\" data-end=\"1779\" data-col-size=\"sm\"><strong data-start=\"1753\" data-end=\"1768\">Type de poign\u00e9e<\/strong><\/td>\n<td data-start=\"1779\" data-end=\"1865\" data-col-size=\"md\">Poign\u00e9e en plastique (non magn\u00e9tique, l\u00e9g\u00e8re)<\/td>\n<\/tr>\n<tr data-start=\"1866\" data-end=\"1980\">\n<td data-start=\"1866\" data-end=\"1894\" data-col-size=\"sm\"><strong data-start=\"1868\" data-end=\"1885\">Longueur du manche<\/strong><\/td>\n<td data-start=\"1894\" data-end=\"1980\" data-col-size=\"md\">Environ 25 mm (standard)<\/td>\n<\/tr>\n<tr data-start=\"1981\" data-end=\"2096\">\n<td data-start=\"1981\" data-end=\"2009\" data-col-size=\"sm\"><strong data-start=\"1983\" data-end=\"2004\">Mat\u00e9riau - Aiguille<\/strong><\/td>\n<td data-start=\"2009\" data-end=\"2096\" data-col-size=\"md\">Acier inoxydable chirurgical de haute qualit\u00e9 (conforme \u00e0 la norme ISO 9626)<\/td>\n<\/tr>\n<tr data-start=\"2097\" data-end=\"2211\">\n<td data-start=\"2097\" data-end=\"2125\" data-col-size=\"sm\"><strong data-start=\"2099\" data-end=\"2120\">Mat\u00e9riau - Poign\u00e9e<\/strong><\/td>\n<td data-start=\"2125\" data-end=\"2211\" data-col-size=\"md\">Plastique de qualit\u00e9 m\u00e9dicale (sans BPA, non toxique)<\/td>\n<\/tr>\n<tr data-start=\"2212\" data-end=\"2327\">\n<td data-start=\"2212\" data-end=\"2240\" data-col-size=\"sm\"><strong data-start=\"2214\" data-end=\"2238\">M\u00e9thode de st\u00e9rilisation<\/strong><\/td>\n<td data-start=\"2240\" data-end=\"2327\" data-col-size=\"md\">St\u00e9rilisation au gaz d'oxyde d'\u00e9thyl\u00e8ne (OE)<\/td>\n<\/tr>\n<tr data-start=\"2328\" data-end=\"2442\">\n<td data-start=\"2328\" data-end=\"2356\" data-col-size=\"sm\"><strong data-start=\"2330\" data-end=\"2343\">Emballage<\/strong><\/td>\n<td data-start=\"2356\" data-end=\"2442\" data-col-size=\"md\">Emballage individuel sous blister, 100 aiguilles par bo\u00eete<\/td>\n<\/tr>\n<tr data-start=\"2443\" data-end=\"2557\">\n<td data-start=\"2443\" data-end=\"2471\" data-col-size=\"sm\"><strong data-start=\"2445\" data-end=\"2459\">Usage unique<\/strong><\/td>\n<td data-start=\"2471\" data-end=\"2557\" data-col-size=\"md\">Oui<\/td>\n<\/tr>\n<tr data-start=\"2558\" data-end=\"2672\">\n<td data-start=\"2558\" data-end=\"2586\" data-col-size=\"sm\"><strong data-start=\"2560\" data-end=\"2577\">Certification<\/strong><\/td>\n<td data-start=\"2586\" data-end=\"2672\" data-col-size=\"md\">CE, ISO 13485, FDA (selon le fournisseur\/fabricant)<\/td>\n<\/tr>\n<tr data-start=\"2673\" data-end=\"2787\">\n<td data-start=\"2673\" data-end=\"2701\" data-col-size=\"sm\"><strong data-start=\"2675\" data-end=\"2689\">Dur\u00e9e de conservation<\/strong><\/td>\n<td data-start=\"2701\" data-end=\"2787\" data-col-size=\"md\">3 \u00e0 5 ans (si le produit est stock\u00e9 dans un endroit sec et ferm\u00e9)<\/td>\n<\/tr>\n<\/tbody>\n<\/table>\n<h2 data-start=\"2794\" data-end=\"2814\">3. Caract\u00e9ristiques principales<\/h2>\n<ul data-start=\"2815\" data-end=\"3184\">\n<li data-start=\"2815\" data-end=\"2885\">\n<p data-start=\"2817\" data-end=\"2885\"><strong data-start=\"2817\" data-end=\"2835\">Pointe ultra-fine<\/strong>: Minimise l'inconfort du patient lors de l'insertion.<\/p>\n<\/li>\n<li data-start=\"2886\" data-end=\"2968\">\n<p data-start=\"2888\" data-end=\"2968\"><strong data-start=\"2888\" data-end=\"2906\">Poign\u00e9e en plastique<\/strong>: L\u00e9ger, il assure une prise en main stable et une manipulation ais\u00e9e.<\/p>\n<\/li>\n<li data-start=\"2969\" data-end=\"3050\">\n<p data-start=\"2971\" data-end=\"3050\"><strong data-start=\"2971\" data-end=\"2993\">St\u00e9rile et hygi\u00e9nique<\/strong>: Emballage individuel sous blister pour \u00e9viter toute contamination.<\/p>\n<\/li>\n<li data-start=\"3051\" data-end=\"3129\">\n<p data-start=\"3053\" data-end=\"3129\"><strong data-start=\"3053\" data-end=\"3068\">Polyvalence<\/strong>: Convient aux points d'acupuncture peu profonds et aux microsyst\u00e8mes.<\/p>\n<\/li>\n<li data-start=\"3130\" data-end=\"3184\">\n<p data-start=\"3132\" data-end=\"3184\"><strong data-start=\"3132\" data-end=\"3181\">Conforme aux normes de s\u00e9curit\u00e9 internationales<\/strong>.<\/p>\n<\/li>\n<\/ul>\n<h2 data-start=\"3191\" data-end=\"3220\">4. Sc\u00e9narios d'application<\/h2>\n<div class=\"_tableContainer_1rjym_1\">\n<div class=\"_tableWrapper_1rjym_13 group flex w-fit flex-col-reverse\" tabindex=\"-1\">\n<table class=\"w-fit min-w-(--thread-content-width)\" data-start=\"3222\" data-end=\"4037\">\n<thead data-start=\"3222\" data-end=\"3335\">\n<tr data-start=\"3222\" data-end=\"3335\">\n<th data-start=\"3222\" data-end=\"3254\" data-col-size=\"sm\">Domaine d'application<\/th>\n<th data-start=\"3254\" data-end=\"3335\" data-col-size=\"md\">Utilisation typique<\/th>\n<\/tr>\n<\/thead>\n<tbody data-start=\"3451\" data-end=\"4037\">\n<tr data-start=\"3451\" data-end=\"3565\">\n<td data-start=\"3451\" data-end=\"3484\" data-col-size=\"sm\"><strong data-start=\"3453\" data-end=\"3475\">Acupuncture faciale<\/strong><\/td>\n<td data-start=\"3484\" data-end=\"3565\" data-col-size=\"md\">Traitements cosm\u00e9tiques, rajeunissement du visage, r\u00e9duction des rides fines.<\/td>\n<\/tr>\n<tr data-start=\"3566\" data-end=\"3680\">\n<td data-start=\"3566\" data-end=\"3599\" data-col-size=\"sm\"><strong data-start=\"3568\" data-end=\"3593\">Acupuncture auriculaire<\/strong><\/td>\n<td data-start=\"3599\" data-end=\"3680\" data-col-size=\"md\">Th\u00e9rapie auriculaire pour le sevrage tabagique, la perte de poids, la gestion du stress.<\/td>\n<\/tr>\n<tr data-start=\"3681\" data-end=\"3796\">\n<td data-start=\"3681\" data-end=\"3714\" data-col-size=\"sm\"><strong data-start=\"3683\" data-end=\"3710\">Acupuncture des mains et des pieds<\/strong><\/td>\n<td data-start=\"3714\" data-end=\"3796\" data-col-size=\"md\">Th\u00e9rapie du micro-syst\u00e8me, soulagement de la douleur, r\u00e9gulation fonctionnelle.<\/td>\n<\/tr>\n<tr data-start=\"3797\" data-end=\"3912\">\n<td data-start=\"3797\" data-end=\"3830\" data-col-size=\"sm\"><strong data-start=\"3799\" data-end=\"3820\">Acupuncture du cuir chevelu<\/strong><\/td>\n<td data-start=\"3830\" data-end=\"3912\" data-col-size=\"md\">Troubles neurologiques, r\u00e9adaptation apr\u00e8s un accident vasculaire c\u00e9r\u00e9bral, soutien cognitif.<\/td>\n<\/tr>\n<tr data-start=\"3913\" data-end=\"4037\">\n<td data-start=\"3913\" data-end=\"3946\" data-col-size=\"sm\"><strong data-start=\"3915\" data-end=\"3941\">Points peu profonds g\u00e9n\u00e9raux<\/strong><\/td>\n<td data-start=\"3946\" data-end=\"4037\" data-col-size=\"md\">Points n\u00e9cessitant une piq\u00fbre d\u00e9licate ou superficielle (par exemple, enfants, patients sensibles).<\/td>\n<\/tr>\n<\/tbody>\n<\/table>\n<h2 data-start=\"4044\" data-end=\"4069\">5. S\u00e9curit\u00e9 et manutention<\/h2>\n<ul data-start=\"4070\" data-end=\"4261\">\n<li data-start=\"4070\" data-end=\"4142\">\n<p data-start=\"4072\" data-end=\"4142\">Usage unique - jeter correctement dans un conteneur pour objets tranchants apr\u00e8s utilisation.<\/p>\n<\/li>\n<li data-start=\"4143\" data-end=\"4196\">\n<p data-start=\"4145\" data-end=\"4196\">Ne pas utiliser si le blister est endommag\u00e9 ou p\u00e9rim\u00e9.<\/p>\n<\/li>\n<li data-start=\"4197\" data-end=\"4261\">\n<p data-start=\"4199\" data-end=\"4261\">Conserver dans un environnement frais et sec, \u00e0 l'abri de la lumi\u00e8re directe du soleil.<\/p>\n<\/li>\n<\/ul>\n<\/div>\n<\/div>\n<\/div>\n<\/div>","protected":false},"excerpt":{"rendered":"<p>Ces longues aiguilles d'acupuncture st\u00e9riles de 0,25 mm \u00d7 40 mm sont id\u00e9ales pour les techniques d'aiguillage profond, notamment pour les douleurs dorsales, la sciatique ou la lib\u00e9ration myofasciale. La pointe ultra-pointue minimise la douleur \u00e0 l'insertion et la poign\u00e9e en plastique permet une rotation contr\u00f4l\u00e9e. Emball\u00e9es individuellement sous blister pour plus d'hygi\u00e8ne.<\/p>","protected":false},"featured_media":1263,"template":"","meta":{"_acf_changed":false,"site-sidebar-layout":"default","site-content-layout":"","ast-site-content-layout":"default","site-content-style":"default","site-sidebar-style":"default","ast-global-header-display":"","ast-banner-title-visibility":"","ast-main-header-display":"","ast-hfb-above-header-display":"","ast-hfb-below-header-display":"","ast-hfb-mobile-header-display":"","site-post-title":"","ast-breadcrumbs-content":"","ast-featured-img":"","footer-sml-layout":"","ast-disable-related-posts":"","theme-transparent-header-meta":"default","adv-header-id-meta":"","stick-header-meta":"","header-above-stick-meta":"","header-main-stick-meta":"","header-below-stick-meta":"","astra-migrate-meta-layouts":"set","ast-page-background-enabled":"default","ast-page-background-meta":{"desktop":{"background-color":"var(--ast-global-color-5)","background-image":"","background-repeat":"repeat","background-position":"center center","background-size":"auto","background-attachment":"scroll","background-type":"","background-media":"","overlay-type":"","overlay-color":"","overlay-opacity":"","overlay-gradient":""},"tablet":{"background-color":"","background-image":"","background-repeat":"repeat","background-position":"center center","background-size":"auto","background-attachment":"scroll","background-type":"","background-media":"","overlay-type":"","overlay-color":"","overlay-opacity":"","overlay-gradient":""},"mobile":{"background-color":"","background-image":"","background-repeat":"repeat","background-position":"center center","background-size":"auto","background-attachment":"scroll","background-type":"","background-media":"","overlay-type":"","overlay-color":"","overlay-opacity":"","overlay-gradient":""}},"ast-content-background-meta":{"desktop":{"background-color":"var(--ast-global-color-4)","background-image":"","background-repeat":"repeat","background-position":"center center","background-size":"auto","background-attachment":"scroll","background-type":"","background-media":"","overlay-type":"","overlay-color":"","overlay-opacity":"","overlay-gradient":""},"tablet":{"background-color":"var(--ast-global-color-4)","background-image":"","background-repeat":"repeat","background-position":"center center","background-size":"auto","background-attachment":"scroll","background-type":"","background-media":"","overlay-type":"","overlay-color":"","overlay-opacity":"","overlay-gradient":""},"mobile":{"background-color":"var(--ast-global-color-4)","background-image":"","background-repeat":"repeat","background-position":"center center","background-size":"auto","background-attachment":"scroll","background-type":"","background-media":"","overlay-type":"","overlay-color":"","overlay-opacity":"","overlay-gradient":""}}},"product_brand":[],"product_cat":[63],"product_tag":[],"class_list":{"0":"post-964","1":"product","2":"type-product","3":"status-publish","4":"has-post-thumbnail","6":"product_cat-acupuncture-needles","7":"desktop-align-left","8":"tablet-align-left","9":"mobile-align-left","11":"first","12":"instock","13":"shipping-taxable","14":"product-type-simple"},"acf":[],"yoast_head":"<!-- This site is optimized with the Yoast SEO plugin v27.4 - https:\/\/yoast.com\/product\/yoast-seo-wordpress\/ -->\n<title>Sterile acupuncture needles for single use 0.25*40mm<\/title>\n<meta name=\"description\" content=\"These long 0.25mm \u00d7 40mm sterile acupuncture needles are ideal for deep needling techniques, such as for back pain, sciatica, or myofascial release.\" \/>\n<meta name=\"robots\" content=\"index, follow, max-snippet:-1, max-image-preview:large, max-video-preview:-1\" \/>\n<link rel=\"canonical\" href=\"https:\/\/topkeymedical.com\/fr\/produit\/aiguilles-dacupuncture-steriles-a-usage-unique-0-2540mm\/\" \/>\n<meta property=\"og:locale\" content=\"fr_FR\" \/>\n<meta property=\"og:type\" content=\"article\" \/>\n<meta property=\"og:title\" content=\"Sterile acupuncture needles for single use 0.25*40mm\" \/>\n<meta property=\"og:description\" content=\"These long 0.25mm \u00d7 40mm sterile acupuncture needles are ideal for deep needling techniques, such as for back pain, sciatica, or myofascial release.\" \/>\n<meta property=\"og:url\" content=\"https:\/\/topkeymedical.com\/fr\/produit\/aiguilles-dacupuncture-steriles-a-usage-unique-0-2540mm\/\" \/>\n<meta property=\"og:site_name\" content=\"TOPKEY\u2013 Precision in Every Detail, Guardian of Life and Health\" \/>\n<meta property=\"article:publisher\" content=\"https:\/\/www.facebook.com\/profile.php?id=100088897294997\" \/>\n<meta property=\"article:modified_time\" content=\"2026-03-14T13:28:59+00:00\" \/>\n<meta property=\"og:image\" content=\"https:\/\/topkeymedical.com\/wp-content\/uploads\/2025\/08\/sterile-acupuncture-needles-4.webp\" \/>\n\t<meta property=\"og:image:width\" content=\"800\" \/>\n\t<meta property=\"og:image:height\" content=\"800\" \/>\n\t<meta property=\"og:image:type\" content=\"image\/webp\" \/>\n<meta name=\"twitter:card\" content=\"summary_large_image\" \/>\n<meta name=\"twitter:label1\" content=\"Dur\u00e9e de lecture estim\u00e9e\" \/>\n\t<meta name=\"twitter:data1\" content=\"2 minutes\" \/>\n<script type=\"application\/ld+json\" class=\"yoast-schema-graph\">{\"@context\":\"https:\\\/\\\/schema.org\",\"@graph\":[{\"@type\":\"WebPage\",\"@id\":\"https:\\\/\\\/topkeymedical.com\\\/product\\\/sterile-acupuncture-needles-for-single-use-0-2540mm\\\/\",\"url\":\"https:\\\/\\\/topkeymedical.com\\\/product\\\/sterile-acupuncture-needles-for-single-use-0-2540mm\\\/\",\"name\":\"Sterile acupuncture needles for single use 0.25*40mm\",\"isPartOf\":{\"@id\":\"https:\\\/\\\/topkeymedical.com\\\/#website\"},\"primaryImageOfPage\":{\"@id\":\"https:\\\/\\\/topkeymedical.com\\\/product\\\/sterile-acupuncture-needles-for-single-use-0-2540mm\\\/#primaryimage\"},\"image\":{\"@id\":\"https:\\\/\\\/topkeymedical.com\\\/product\\\/sterile-acupuncture-needles-for-single-use-0-2540mm\\\/#primaryimage\"},\"thumbnailUrl\":\"https:\\\/\\\/topkeymedical.com\\\/wp-content\\\/uploads\\\/2025\\\/08\\\/sterile-acupuncture-needles-4.webp\",\"datePublished\":\"2025-06-25T06:02:31+00:00\",\"dateModified\":\"2026-03-14T13:28:59+00:00\",\"description\":\"These long 0.25mm \u00d7 40mm sterile acupuncture needles are ideal for deep needling techniques, such as for back pain, sciatica, or myofascial release.\",\"breadcrumb\":{\"@id\":\"https:\\\/\\\/topkeymedical.com\\\/product\\\/sterile-acupuncture-needles-for-single-use-0-2540mm\\\/#breadcrumb\"},\"inLanguage\":\"fr-FR\",\"potentialAction\":[{\"@type\":\"ReadAction\",\"target\":[\"https:\\\/\\\/topkeymedical.com\\\/product\\\/sterile-acupuncture-needles-for-single-use-0-2540mm\\\/\"]}]},{\"@type\":\"ImageObject\",\"inLanguage\":\"fr-FR\",\"@id\":\"https:\\\/\\\/topkeymedical.com\\\/product\\\/sterile-acupuncture-needles-for-single-use-0-2540mm\\\/#primaryimage\",\"url\":\"https:\\\/\\\/topkeymedical.com\\\/wp-content\\\/uploads\\\/2025\\\/08\\\/sterile-acupuncture-needles-4.webp\",\"contentUrl\":\"https:\\\/\\\/topkeymedical.com\\\/wp-content\\\/uploads\\\/2025\\\/08\\\/sterile-acupuncture-needles-4.webp\",\"width\":800,\"height\":800,\"caption\":\"sterile acupuncture needles\"},{\"@type\":\"BreadcrumbList\",\"@id\":\"https:\\\/\\\/topkeymedical.com\\\/product\\\/sterile-acupuncture-needles-for-single-use-0-2540mm\\\/#breadcrumb\",\"itemListElement\":[{\"@type\":\"ListItem\",\"position\":1,\"name\":\"Home\",\"item\":\"https:\\\/\\\/topkeymedical.com\\\/\"},{\"@type\":\"ListItem\",\"position\":2,\"name\":\"Products\",\"item\":\"https:\\\/\\\/topkeymedical.com\\\/shop\\\/\"},{\"@type\":\"ListItem\",\"position\":3,\"name\":\"Sterile acupuncture needles for single use 0.25*40mm\"}]},{\"@type\":\"WebSite\",\"@id\":\"https:\\\/\\\/topkeymedical.com\\\/#website\",\"url\":\"https:\\\/\\\/topkeymedical.com\\\/\",\"name\":\"TOPKEY\u2013 Precision in Every Detail, Guardian of Life and Health\",\"description\":\"\",\"publisher\":{\"@id\":\"https:\\\/\\\/topkeymedical.com\\\/#organization\"},\"potentialAction\":[{\"@type\":\"SearchAction\",\"target\":{\"@type\":\"EntryPoint\",\"urlTemplate\":\"https:\\\/\\\/topkeymedical.com\\\/?s={search_term_string}\"},\"query-input\":{\"@type\":\"PropertyValueSpecification\",\"valueRequired\":true,\"valueName\":\"search_term_string\"}}],\"inLanguage\":\"fr-FR\"},{\"@type\":\"Organization\",\"@id\":\"https:\\\/\\\/topkeymedical.com\\\/#organization\",\"name\":\"TOPKEY\u2013 Precision in Every Detail, Guardian of Life and Health\",\"url\":\"https:\\\/\\\/topkeymedical.com\\\/\",\"logo\":{\"@type\":\"ImageObject\",\"inLanguage\":\"fr-FR\",\"@id\":\"https:\\\/\\\/topkeymedical.com\\\/#\\\/schema\\\/logo\\\/image\\\/\",\"url\":\"https:\\\/\\\/topkeymedical.com\\\/wp-content\\\/uploads\\\/2025\\\/05\\\/cropped-logo.jpg\",\"contentUrl\":\"https:\\\/\\\/topkeymedical.com\\\/wp-content\\\/uploads\\\/2025\\\/05\\\/cropped-logo.jpg\",\"width\":512,\"height\":512,\"caption\":\"TOPKEY\u2013 Precision in Every Detail, Guardian of Life and Health\"},\"image\":{\"@id\":\"https:\\\/\\\/topkeymedical.com\\\/#\\\/schema\\\/logo\\\/image\\\/\"},\"sameAs\":[\"https:\\\/\\\/www.facebook.com\\\/profile.php?id=100088897294997\",\"https:\\\/\\\/www.youtube.com\\\/@TopkeyMedical-Alice888\",\"https:\\\/\\\/www.linkedin.com\\\/in\\\/alice-hu-bb66a01b3\\\/\"]}]}<\/script>\n<!-- \/ Yoast SEO plugin. -->","yoast_head_json":{"title":"Aiguilles d'acupuncture st\u00e9riles \u00e0 usage unique 0.25*40mm","description":"Ces longues aiguilles d'acupuncture st\u00e9riles de 0,25 mm \u00d7 40 mm sont id\u00e9ales pour les techniques d'aiguilles profondes, comme pour les douleurs dorsales, la sciatique ou le rel\u00e2chement myofascial.","robots":{"index":"index","follow":"follow","max-snippet":"max-snippet:-1","max-image-preview":"max-image-preview:large","max-video-preview":"max-video-preview:-1"},"canonical":"https:\/\/topkeymedical.com\/fr\/produit\/aiguilles-dacupuncture-steriles-a-usage-unique-0-2540mm\/","og_locale":"fr_FR","og_type":"article","og_title":"Sterile acupuncture needles for single use 0.25*40mm","og_description":"These long 0.25mm \u00d7 40mm sterile acupuncture needles are ideal for deep needling techniques, such as for back pain, sciatica, or myofascial release.","og_url":"https:\/\/topkeymedical.com\/fr\/produit\/aiguilles-dacupuncture-steriles-a-usage-unique-0-2540mm\/","og_site_name":"TOPKEY\u2013 Precision in Every Detail, Guardian of Life and Health","article_publisher":"https:\/\/www.facebook.com\/profile.php?id=100088897294997","article_modified_time":"2026-03-14T13:28:59+00:00","og_image":[{"width":800,"height":800,"url":"https:\/\/topkeymedical.com\/wp-content\/uploads\/2025\/08\/sterile-acupuncture-needles-4.webp","type":"image\/webp"}],"twitter_card":"summary_large_image","twitter_misc":{"Dur\u00e9e de lecture estim\u00e9e":"2 minutes"},"schema":{"@context":"https:\/\/schema.org","@graph":[{"@type":"WebPage","@id":"https:\/\/topkeymedical.com\/product\/sterile-acupuncture-needles-for-single-use-0-2540mm\/","url":"https:\/\/topkeymedical.com\/product\/sterile-acupuncture-needles-for-single-use-0-2540mm\/","name":"Aiguilles d'acupuncture st\u00e9riles \u00e0 usage unique 0.25*40mm","isPartOf":{"@id":"https:\/\/topkeymedical.com\/#website"},"primaryImageOfPage":{"@id":"https:\/\/topkeymedical.com\/product\/sterile-acupuncture-needles-for-single-use-0-2540mm\/#primaryimage"},"image":{"@id":"https:\/\/topkeymedical.com\/product\/sterile-acupuncture-needles-for-single-use-0-2540mm\/#primaryimage"},"thumbnailUrl":"https:\/\/topkeymedical.com\/wp-content\/uploads\/2025\/08\/sterile-acupuncture-needles-4.webp","datePublished":"2025-06-25T06:02:31+00:00","dateModified":"2026-03-14T13:28:59+00:00","description":"Ces longues aiguilles d'acupuncture st\u00e9riles de 0,25 mm \u00d7 40 mm sont id\u00e9ales pour les techniques d'aiguilles profondes, comme pour les douleurs dorsales, la sciatique ou le rel\u00e2chement myofascial.","breadcrumb":{"@id":"https:\/\/topkeymedical.com\/product\/sterile-acupuncture-needles-for-single-use-0-2540mm\/#breadcrumb"},"inLanguage":"fr-FR","potentialAction":[{"@type":"ReadAction","target":["https:\/\/topkeymedical.com\/product\/sterile-acupuncture-needles-for-single-use-0-2540mm\/"]}]},{"@type":"ImageObject","inLanguage":"fr-FR","@id":"https:\/\/topkeymedical.com\/product\/sterile-acupuncture-needles-for-single-use-0-2540mm\/#primaryimage","url":"https:\/\/topkeymedical.com\/wp-content\/uploads\/2025\/08\/sterile-acupuncture-needles-4.webp","contentUrl":"https:\/\/topkeymedical.com\/wp-content\/uploads\/2025\/08\/sterile-acupuncture-needles-4.webp","width":800,"height":800,"caption":"sterile acupuncture needles"},{"@type":"BreadcrumbList","@id":"https:\/\/topkeymedical.com\/product\/sterile-acupuncture-needles-for-single-use-0-2540mm\/#breadcrumb","itemListElement":[{"@type":"ListItem","position":1,"name":"Home","item":"https:\/\/topkeymedical.com\/"},{"@type":"ListItem","position":2,"name":"Products","item":"https:\/\/topkeymedical.com\/shop\/"},{"@type":"ListItem","position":3,"name":"Sterile acupuncture needles for single use 0.25*40mm"}]},{"@type":"WebSite","@id":"https:\/\/topkeymedical.com\/#website","url":"https:\/\/topkeymedical.com\/","name":"TOPKEY - La pr\u00e9cision dans les moindres d\u00e9tails, gardienne de la vie et de la sant\u00e9","description":"","publisher":{"@id":"https:\/\/topkeymedical.com\/#organization"},"potentialAction":[{"@type":"SearchAction","target":{"@type":"EntryPoint","urlTemplate":"https:\/\/topkeymedical.com\/?s={search_term_string}"},"query-input":{"@type":"PropertyValueSpecification","valueRequired":true,"valueName":"search_term_string"}}],"inLanguage":"fr-FR"},{"@type":"Organization","@id":"https:\/\/topkeymedical.com\/#organization","name":"TOPKEY - La pr\u00e9cision dans les moindres d\u00e9tails, gardienne de la vie et de la sant\u00e9","url":"https:\/\/topkeymedical.com\/","logo":{"@type":"ImageObject","inLanguage":"fr-FR","@id":"https:\/\/topkeymedical.com\/#\/schema\/logo\/image\/","url":"https:\/\/topkeymedical.com\/wp-content\/uploads\/2025\/05\/cropped-logo.jpg","contentUrl":"https:\/\/topkeymedical.com\/wp-content\/uploads\/2025\/05\/cropped-logo.jpg","width":512,"height":512,"caption":"TOPKEY\u2013 Precision in Every Detail, Guardian of Life and Health"},"image":{"@id":"https:\/\/topkeymedical.com\/#\/schema\/logo\/image\/"},"sameAs":["https:\/\/www.facebook.com\/profile.php?id=100088897294997","https:\/\/www.youtube.com\/@TopkeyMedical-Alice888","https:\/\/www.linkedin.com\/in\/alice-hu-bb66a01b3\/"]}]}},"_links":{"self":[{"href":"https:\/\/topkeymedical.com\/fr\/wp-json\/wp\/v2\/product\/964","targetHints":{"allow":["GET"]}}],"collection":[{"href":"https:\/\/topkeymedical.com\/fr\/wp-json\/wp\/v2\/product"}],"about":[{"href":"https:\/\/topkeymedical.com\/fr\/wp-json\/wp\/v2\/types\/product"}],"version-history":[{"count":4,"href":"https:\/\/topkeymedical.com\/fr\/wp-json\/wp\/v2\/product\/964\/revisions"}],"predecessor-version":[{"id":2039,"href":"https:\/\/topkeymedical.com\/fr\/wp-json\/wp\/v2\/product\/964\/revisions\/2039"}],"wp:featuredmedia":[{"embeddable":true,"href":"https:\/\/topkeymedical.com\/fr\/wp-json\/wp\/v2\/media\/1263"}],"wp:attachment":[{"href":"https:\/\/topkeymedical.com\/fr\/wp-json\/wp\/v2\/media?parent=964"}],"wp:term":[{"taxonomy":"product_brand","embeddable":true,"href":"https:\/\/topkeymedical.com\/fr\/wp-json\/wp\/v2\/product_brand?post=964"},{"taxonomy":"product_cat","embeddable":true,"href":"https:\/\/topkeymedical.com\/fr\/wp-json\/wp\/v2\/product_cat?post=964"},{"taxonomy":"product_tag","embeddable":true,"href":"https:\/\/topkeymedical.com\/fr\/wp-json\/wp\/v2\/product_tag?post=964"}],"curies":[{"name":"wp","href":"https:\/\/api.w.org\/{rel}","templated":true}]}}