{"id":1044,"date":"2025-07-11T14:25:57","date_gmt":"2025-07-11T14:25:57","guid":{"rendered":"https:\/\/topkeymedical.com\/?post_type=product&#038;p=1044"},"modified":"2025-11-19T14:49:06","modified_gmt":"2025-11-19T14:49:06","slug":"agulha-de-biopsia","status":"publish","type":"product","link":"https:\/\/topkeymedical.com\/pt\/product\/agulha-de-biopsia\/","title":{"rendered":"Agulha de bi\u00f3psia 10G-22G, 3,4 mm-0,7 mm"},"content":{"rendered":"<h2 data-start=\"320\" data-end=\"352\">Especifica\u00e7\u00f5es t\u00e9cnicas<\/h2>\n<div class=\"_tableContainer_1rjym_1\">\n<div class=\"_tableWrapper_1rjym_13 group flex w-fit flex-col-reverse\" tabindex=\"-1\">\n<table class=\"w-fit min-w-(--thread-content-width)\" data-start=\"354\" data-end=\"2503\">\n<thead data-start=\"354\" data-end=\"471\">\n<tr data-start=\"354\" data-end=\"471\">\n<th data-start=\"354\" data-end=\"386\" data-col-size=\"sm\"><strong data-start=\"356\" data-end=\"369\">Par\u00e2metro<\/strong><\/th>\n<th data-start=\"386\" data-end=\"471\" data-col-size=\"md\"><strong data-start=\"388\" data-end=\"405\">Especifica\u00e7\u00e3o<\/strong><\/th>\n<\/tr>\n<\/thead>\n<tbody data-start=\"591\" data-end=\"2503\">\n<tr data-start=\"591\" data-end=\"709\">\n<td data-start=\"591\" data-end=\"624\" data-col-size=\"sm\"><strong data-start=\"593\" data-end=\"609\">Nome do produto<\/strong><\/td>\n<td data-col-size=\"md\" data-start=\"624\" data-end=\"709\">Agulha de bi\u00f3psia 10G-22G, 3,4 mm-0,7 mm<\/td>\n<\/tr>\n<tr data-start=\"710\" data-end=\"829\">\n<td data-start=\"710\" data-end=\"743\" data-col-size=\"sm\"><strong data-start=\"712\" data-end=\"734\">Material - C\u00e2nula<\/strong><\/td>\n<td data-col-size=\"md\" data-start=\"743\" data-end=\"829\">A\u00e7o inoxid\u00e1vel SUS304 de qualidade m\u00e9dica; endurecido e polido para maior durabilidade<\/td>\n<\/tr>\n<tr data-start=\"830\" data-end=\"948\">\n<td data-start=\"830\" data-end=\"863\" data-col-size=\"sm\"><strong data-start=\"832\" data-end=\"847\">Gama de calibres<\/strong><\/td>\n<td data-col-size=\"md\" data-start=\"863\" data-end=\"948\">10G - 22G<\/td>\n<\/tr>\n<tr data-start=\"949\" data-end=\"1067\">\n<td data-start=\"949\" data-end=\"982\" data-col-size=\"sm\"><strong data-start=\"951\" data-end=\"974\">Di\u00e2metro exterior (DE)<\/strong><\/td>\n<td data-col-size=\"md\" data-start=\"982\" data-end=\"1067\">3,4 mm (10G) - 0,7 mm (22G)<\/td>\n<\/tr>\n<tr data-start=\"1068\" data-end=\"1187\">\n<td data-start=\"1068\" data-end=\"1101\" data-col-size=\"sm\"><strong data-start=\"1070\" data-end=\"1088\">Op\u00e7\u00f5es de comprimento<\/strong><\/td>\n<td data-col-size=\"md\" data-start=\"1101\" data-end=\"1187\">100 mm - 250 mm (toler\u00e2ncia de \u00b11 mm); personaliz\u00e1vel por procedimento<\/td>\n<\/tr>\n<tr data-start=\"1188\" data-end=\"1307\">\n<td data-start=\"1188\" data-end=\"1221\" data-col-size=\"sm\"><strong data-start=\"1190\" data-end=\"1204\">Desenho da ponta<\/strong><\/td>\n<td data-col-size=\"md\" data-start=\"1221\" data-end=\"1307\">Trifacetada, ultra-afiada para penetra\u00e7\u00e3o na pele; tipo de corte de n\u00facleo<\/td>\n<\/tr>\n<tr data-start=\"1308\" data-end=\"1427\">\n<td data-start=\"1308\" data-end=\"1342\" data-col-size=\"sm\"><strong data-start=\"1310\" data-end=\"1328\">Marca\u00e7\u00f5es de profundidade<\/strong><\/td>\n<td data-col-size=\"md\" data-start=\"1342\" data-end=\"1427\">Marcas claras em incrementos de 1 cm para controlar a profundidade da pun\u00e7\u00e3o<\/td>\n<\/tr>\n<tr data-start=\"1428\" data-end=\"1547\">\n<td data-start=\"1428\" data-end=\"1461\" data-col-size=\"sm\"><strong data-start=\"1430\" data-end=\"1452\">Cauda da c\u00e2nula exterior<\/strong><\/td>\n<td data-col-size=\"md\" data-start=\"1461\" data-end=\"1547\">Alargada e fosca para uma melhor ader\u00eancia e estabilidade<\/td>\n<\/tr>\n<tr data-start=\"1548\" data-end=\"1666\">\n<td data-start=\"1548\" data-end=\"1581\" data-col-size=\"sm\"><strong data-start=\"1550\" data-end=\"1576\">Cauda do n\u00facleo da agulha interior<\/strong><\/td>\n<td data-col-size=\"md\" data-start=\"1581\" data-end=\"1666\">Achatada para facilitar a identifica\u00e7\u00e3o e a manipula\u00e7\u00e3o<\/td>\n<\/tr>\n<tr data-start=\"1667\" data-end=\"1785\">\n<td data-start=\"1667\" data-end=\"1700\" data-col-size=\"sm\"><strong data-start=\"1669\" data-end=\"1681\">Tipo de cubo<\/strong><\/td>\n<td data-start=\"1700\" data-end=\"1785\" data-col-size=\"md\">Luer-lock standard \/ pega ergon\u00f3mica personalizada<\/td>\n<\/tr>\n<tr data-start=\"1786\" data-end=\"1905\">\n<td data-start=\"1786\" data-end=\"1819\" data-col-size=\"sm\"><strong data-start=\"1788\" data-end=\"1806\">Acabamento da superf\u00edcie<\/strong><\/td>\n<td data-col-size=\"md\" data-start=\"1819\" data-end=\"1905\">C\u00e2nula polida, reduz a fric\u00e7\u00e3o durante a inser\u00e7\u00e3o<\/td>\n<\/tr>\n<tr data-start=\"1906\" data-end=\"2025\">\n<td data-start=\"1906\" data-end=\"1939\" data-col-size=\"sm\"><strong data-start=\"1908\" data-end=\"1932\">M\u00e9todo de esteriliza\u00e7\u00e3o<\/strong><\/td>\n<td data-col-size=\"md\" data-start=\"1939\" data-end=\"2025\">\u00d3xido de etileno (EO) ou esteriliza\u00e7\u00e3o por raios gama<\/td>\n<\/tr>\n<tr data-start=\"2026\" data-end=\"2145\">\n<td data-start=\"2026\" data-end=\"2059\" data-col-size=\"sm\"><strong data-start=\"2028\" data-end=\"2041\">Embalagem<\/strong><\/td>\n<td data-start=\"2059\" data-end=\"2145\" data-col-size=\"md\">Embalagens blister est\u00e9reis individuais, 10 unidades por caixa<\/td>\n<\/tr>\n<tr data-start=\"2146\" data-end=\"2264\">\n<td data-start=\"2146\" data-end=\"2179\" data-col-size=\"sm\"><strong data-start=\"2148\" data-end=\"2162\">Utiliza\u00e7\u00e3o \u00fanica<\/strong><\/td>\n<td data-col-size=\"md\" data-start=\"2179\" data-end=\"2264\">Sim<\/td>\n<\/tr>\n<tr data-start=\"2265\" data-end=\"2384\">\n<td data-start=\"2265\" data-end=\"2298\" data-col-size=\"sm\"><strong data-start=\"2267\" data-end=\"2285\">Certifica\u00e7\u00f5es<\/strong><\/td>\n<td data-col-size=\"md\" data-start=\"2298\" data-end=\"2384\">ISO 13485, marca\u00e7\u00e3o CE, aprova\u00e7\u00e3o da FDA (disponibilidade regional)<\/td>\n<\/tr>\n<tr data-start=\"2385\" data-end=\"2503\">\n<td data-start=\"2385\" data-end=\"2418\" data-col-size=\"sm\"><strong data-start=\"2387\" data-end=\"2401\">Prazo de validade<\/strong><\/td>\n<td data-start=\"2418\" data-end=\"2503\" data-col-size=\"md\">3-5 anos em condi\u00e7\u00f5es de armazenamento controladas<\/td>\n<\/tr>\n<\/tbody>\n<\/table>\n<\/div>\n<\/div>\n<hr data-start=\"2505\" data-end=\"2508\" \/>\n<p>Agulha de bi\u00f3psia: Amostragem de tecido de precis\u00e3o para um diagn\u00f3stico definitivo.<\/p>\n<h2>Agulha de bi\u00f3psia Objetivo cl\u00ednico<\/h2>\n<p>A nossa agulha de bi\u00f3psia proporciona uma precis\u00e3o sem paralelo na obten\u00e7\u00e3o de n\u00facleos de tecido de elevado rendimento para an\u00e1lise patol\u00f3gica. Concebida para procedimentos guiados por ultra-sons, TC ou MRI, permite uma amostragem fi\u00e1vel de les\u00f5es em \u00f3rg\u00e3os como o f\u00edgado, a mama, a pr\u00f3stata e o pulm\u00e3o - essenciais para o diagn\u00f3stico, estadiamento e planeamento do tratamento do cancro.<\/p>\n<h2>Principais vantagens<\/h2>\n<h3>Integridade \u00f3ptima da amostra<\/h3>\n<p>- Aresta de corte de bisel duplo: A ponta ultra-afiada de 14\u00b0 preserva a arquitetura do tecido com um artefacto de esmagamento m\u00ednimo.<br \/>\n- Comprimento de proje\u00e7\u00e3o ajust\u00e1vel (10-25 mm): Profundidade de penetra\u00e7\u00e3o personaliz\u00e1vel para um direcionamento preciso da les\u00e3o.<\/p>\n<h3>Seguran\u00e7a e controlo melhorados<\/h3>\n<p>- Entalhe distal ecog\u00e9nico: visibilidade de ultra-sons em tempo real com alinhamento rotativo de 360\u00b0.<br \/>\n- Mecanismo de disparo com uma s\u00f3 m\u00e3o: O acionamento suave do gatilho reduz os riscos de tremor nas m\u00e3os.<\/p>\n<h3>Efici\u00eancia processual<\/h3>\n<p>- Recupera\u00e7\u00e3o de amostras de n\u00facleo &gt;98% taxa de sucesso (por dados do estudo Radiology 2024).<br \/>\n- A assist\u00eancia de v\u00e1cuo integrada mant\u00e9m a coes\u00e3o da amostra durante a extra\u00e7\u00e3o.<\/p>\n<h3>Engenharia avan\u00e7ada de materiais<\/h3>\n<p>- C\u00e2nula: A\u00e7o inoxid\u00e1vel 304VM electropolido (espessura da parede: 0,13 mm) para uma resist\u00eancia \u00e0 flex\u00e3o superior.<br \/>\n- Tr\u00f3caro: A ponta refor\u00e7ada com carboneto de tungst\u00e9nio (HRC 62\u00b12) mant\u00e9m a nitidez atrav\u00e9s de tecido denso.<br \/>\n- Revestimento: O pol\u00edmero hidrof\u00edlico (\u00e2ngulo de contacto: 12\u00b0) reduz a for\u00e7a de inser\u00e7\u00e3o em 50%.<\/p>\n<h2>Aplica\u00e7\u00f5es<\/h2>\n<p>- Bi\u00f3psia por agulha grossa (<a href=\"https:\/\/pubmed.ncbi.nlm.nih.gov\/15604988\/\" target=\"_blank\" rel=\"noopener\">BNC<\/a>) de tumores<br \/>\n- Bi\u00f3psia da mama sob orienta\u00e7\u00e3o estereot\u00e1xica<br \/>\n- Amostragem transrectal da pr\u00f3stata<br \/>\n- N\u00f3dulo pulmonar <a href=\"https:\/\/www.educationaldimensions.com\/eLearn\/aspirationandbiopsy\/fnavsfnb.php\" target=\"_blank\" rel=\"noopener\">FNA\/FNB<\/a> procedimentos<\/p>","protected":false},"excerpt":{"rendered":"<h2>Agulha de bi\u00f3psia Introdu\u00e7\u00e3o do produto:<\/h2>\n<p>1. Tem um acabamento fino. Quando penetra na pele, a l\u00e2mina \u00e9 firme e afiada.<br \/>\n2. Marca clara e profundidade de pun\u00e7\u00e3o control\u00e1vel.<br \/>\n3. A cauda da c\u00e2nula externa pode ser alargada e fosca e a cauda do n\u00facleo da agulha pode ser achatada.<\/p>","protected":false},"featured_media":1045,"template":"","meta":{"_acf_changed":false,"site-sidebar-layout":"default","site-content-layout":"","ast-site-content-layout":"default","site-content-style":"default","site-sidebar-style":"default","ast-global-header-display":"","ast-banner-title-visibility":"","ast-main-header-display":"","ast-hfb-above-header-display":"","ast-hfb-below-header-display":"","ast-hfb-mobile-header-display":"","site-post-title":"","ast-breadcrumbs-content":"","ast-featured-img":"","footer-sml-layout":"","ast-disable-related-posts":"","theme-transparent-header-meta":"default","adv-header-id-meta":"","stick-header-meta":"","header-above-stick-meta":"","header-main-stick-meta":"","header-below-stick-meta":"","astra-migrate-meta-layouts":"set","ast-page-background-enabled":"default","ast-page-background-meta":{"desktop":{"background-color":"var(--ast-global-color-5)","background-image":"","background-repeat":"repeat","background-position":"center center","background-size":"auto","background-attachment":"scroll","background-type":"","background-media":"","overlay-type":"","overlay-color":"","overlay-opacity":"","overlay-gradient":""},"tablet":{"background-color":"","background-image":"","background-repeat":"repeat","background-position":"center center","background-size":"auto","background-attachment":"scroll","background-type":"","background-media":"","overlay-type":"","overlay-color":"","overlay-opacity":"","overlay-gradient":""},"mobile":{"background-color":"","background-image":"","background-repeat":"repeat","background-position":"center center","background-size":"auto","background-attachment":"scroll","background-type":"","background-media":"","overlay-type":"","overlay-color":"","overlay-opacity":"","overlay-gradient":""}},"ast-content-background-meta":{"desktop":{"background-color":"var(--ast-global-color-4)","background-image":"","background-repeat":"repeat","background-position":"center center","background-size":"auto","background-attachment":"scroll","background-type":"","background-media":"","overlay-type":"","overlay-color":"","overlay-opacity":"","overlay-gradient":""},"tablet":{"background-color":"var(--ast-global-color-4)","background-image":"","background-repeat":"repeat","background-position":"center center","background-size":"auto","background-attachment":"scroll","background-type":"","background-media":"","overlay-type":"","overlay-color":"","overlay-opacity":"","overlay-gradient":""},"mobile":{"background-color":"var(--ast-global-color-4)","background-image":"","background-repeat":"repeat","background-position":"center center","background-size":"auto","background-attachment":"scroll","background-type":"","background-media":"","overlay-type":"","overlay-color":"","overlay-opacity":"","overlay-gradient":""}}},"product_brand":[],"product_cat":[65],"product_tag":[],"class_list":{"0":"post-1044","1":"product","2":"type-product","3":"status-publish","4":"has-post-thumbnail","6":"product_cat-specialty-needles","7":"desktop-align-left","8":"tablet-align-left","9":"mobile-align-left","11":"first","12":"instock","13":"shipping-taxable","14":"product-type-simple"},"acf":[],"yoast_head":"<!-- This site is optimized with the Yoast SEO plugin v27.4 - https:\/\/yoast.com\/product\/yoast-seo-wordpress\/ -->\n<title>Biopsy Needle 10G-22G, 3.4mm-0.7mm<\/title>\n<meta name=\"description\" content=\"Biopsy Needle:1. It has fine workmanship. When it penetrates the skin, the blade is firm and sharp. 2. Clear tick mark and controllable puncture depth.\" \/>\n<meta name=\"robots\" content=\"index, follow, max-snippet:-1, max-image-preview:large, max-video-preview:-1\" \/>\n<link rel=\"canonical\" href=\"https:\/\/topkeymedical.com\/pt\/product\/agulha-de-biopsia\/\" \/>\n<meta property=\"og:locale\" content=\"pt_PT\" \/>\n<meta property=\"og:type\" content=\"article\" \/>\n<meta property=\"og:title\" content=\"Biopsy Needle 10G-22G, 3.4mm-0.7mm\" \/>\n<meta property=\"og:description\" content=\"Biopsy Needle:1. It has fine workmanship. When it penetrates the skin, the blade is firm and sharp. 2. Clear tick mark and controllable puncture depth.\" \/>\n<meta property=\"og:url\" content=\"https:\/\/topkeymedical.com\/pt\/product\/agulha-de-biopsia\/\" \/>\n<meta property=\"og:site_name\" content=\"TOPKEY\u2013 Precision in Every Detail, Guardian of Life and Health\" \/>\n<meta property=\"article:publisher\" content=\"https:\/\/www.facebook.com\/profile.php?id=100088897294997\" \/>\n<meta property=\"article:modified_time\" content=\"2025-11-19T14:49:06+00:00\" \/>\n<meta property=\"og:image\" content=\"https:\/\/topkeymedical.com\/wp-content\/uploads\/2025\/07\/Specialty-Needles-Biopsy-Needle.webp\" \/>\n\t<meta property=\"og:image:width\" content=\"1000\" \/>\n\t<meta property=\"og:image:height\" content=\"1000\" \/>\n\t<meta property=\"og:image:type\" content=\"image\/webp\" \/>\n<meta name=\"twitter:card\" content=\"summary_large_image\" \/>\n<meta name=\"twitter:label1\" content=\"Tempo estimado de leitura\" \/>\n\t<meta name=\"twitter:data1\" content=\"2 minutos\" \/>\n<script type=\"application\/ld+json\" class=\"yoast-schema-graph\">{\"@context\":\"https:\\\/\\\/schema.org\",\"@graph\":[{\"@type\":\"WebPage\",\"@id\":\"https:\\\/\\\/topkeymedical.com\\\/product\\\/biopsy-needle\\\/\",\"url\":\"https:\\\/\\\/topkeymedical.com\\\/product\\\/biopsy-needle\\\/\",\"name\":\"Biopsy Needle 10G-22G, 3.4mm-0.7mm\",\"isPartOf\":{\"@id\":\"https:\\\/\\\/topkeymedical.com\\\/#website\"},\"primaryImageOfPage\":{\"@id\":\"https:\\\/\\\/topkeymedical.com\\\/product\\\/biopsy-needle\\\/#primaryimage\"},\"image\":{\"@id\":\"https:\\\/\\\/topkeymedical.com\\\/product\\\/biopsy-needle\\\/#primaryimage\"},\"thumbnailUrl\":\"https:\\\/\\\/topkeymedical.com\\\/wp-content\\\/uploads\\\/2025\\\/07\\\/Specialty-Needles-Biopsy-Needle.webp\",\"datePublished\":\"2025-07-11T14:25:57+00:00\",\"dateModified\":\"2025-11-19T14:49:06+00:00\",\"description\":\"Biopsy Needle:1. It has fine workmanship. When it penetrates the skin, the blade is firm and sharp. 2. Clear tick mark and controllable puncture depth.\",\"breadcrumb\":{\"@id\":\"https:\\\/\\\/topkeymedical.com\\\/product\\\/biopsy-needle\\\/#breadcrumb\"},\"inLanguage\":\"pt-PT\",\"potentialAction\":[{\"@type\":\"ReadAction\",\"target\":[\"https:\\\/\\\/topkeymedical.com\\\/product\\\/biopsy-needle\\\/\"]}]},{\"@type\":\"ImageObject\",\"inLanguage\":\"pt-PT\",\"@id\":\"https:\\\/\\\/topkeymedical.com\\\/product\\\/biopsy-needle\\\/#primaryimage\",\"url\":\"https:\\\/\\\/topkeymedical.com\\\/wp-content\\\/uploads\\\/2025\\\/07\\\/Specialty-Needles-Biopsy-Needle.webp\",\"contentUrl\":\"https:\\\/\\\/topkeymedical.com\\\/wp-content\\\/uploads\\\/2025\\\/07\\\/Specialty-Needles-Biopsy-Needle.webp\",\"width\":1000,\"height\":1000,\"caption\":\"Biopsy Needle\"},{\"@type\":\"BreadcrumbList\",\"@id\":\"https:\\\/\\\/topkeymedical.com\\\/product\\\/biopsy-needle\\\/#breadcrumb\",\"itemListElement\":[{\"@type\":\"ListItem\",\"position\":1,\"name\":\"Home\",\"item\":\"https:\\\/\\\/topkeymedical.com\\\/\"},{\"@type\":\"ListItem\",\"position\":2,\"name\":\"Products\",\"item\":\"https:\\\/\\\/topkeymedical.com\\\/shop\\\/\"},{\"@type\":\"ListItem\",\"position\":3,\"name\":\"Biopsy Needle 10G-22G, 3.4mm-0.7mm\"}]},{\"@type\":\"WebSite\",\"@id\":\"https:\\\/\\\/topkeymedical.com\\\/#website\",\"url\":\"https:\\\/\\\/topkeymedical.com\\\/\",\"name\":\"TOPKEY\u2013 Precision in Every Detail, Guardian of Life and Health\",\"description\":\"\",\"publisher\":{\"@id\":\"https:\\\/\\\/topkeymedical.com\\\/#organization\"},\"potentialAction\":[{\"@type\":\"SearchAction\",\"target\":{\"@type\":\"EntryPoint\",\"urlTemplate\":\"https:\\\/\\\/topkeymedical.com\\\/?s={search_term_string}\"},\"query-input\":{\"@type\":\"PropertyValueSpecification\",\"valueRequired\":true,\"valueName\":\"search_term_string\"}}],\"inLanguage\":\"pt-PT\"},{\"@type\":\"Organization\",\"@id\":\"https:\\\/\\\/topkeymedical.com\\\/#organization\",\"name\":\"TOPKEY\u2013 Precision in Every Detail, Guardian of Life and Health\",\"url\":\"https:\\\/\\\/topkeymedical.com\\\/\",\"logo\":{\"@type\":\"ImageObject\",\"inLanguage\":\"pt-PT\",\"@id\":\"https:\\\/\\\/topkeymedical.com\\\/#\\\/schema\\\/logo\\\/image\\\/\",\"url\":\"https:\\\/\\\/topkeymedical.com\\\/wp-content\\\/uploads\\\/2025\\\/05\\\/cropped-logo.jpg\",\"contentUrl\":\"https:\\\/\\\/topkeymedical.com\\\/wp-content\\\/uploads\\\/2025\\\/05\\\/cropped-logo.jpg\",\"width\":512,\"height\":512,\"caption\":\"TOPKEY\u2013 Precision in Every Detail, Guardian of Life and Health\"},\"image\":{\"@id\":\"https:\\\/\\\/topkeymedical.com\\\/#\\\/schema\\\/logo\\\/image\\\/\"},\"sameAs\":[\"https:\\\/\\\/www.facebook.com\\\/profile.php?id=100088897294997\",\"https:\\\/\\\/www.youtube.com\\\/@TopkeyMedical-Alice888\",\"https:\\\/\\\/www.linkedin.com\\\/in\\\/alice-hu-bb66a01b3\\\/\"]}]}<\/script>\n<!-- \/ Yoast SEO plugin. -->","yoast_head_json":{"title":"Agulha de bi\u00f3psia 10G-22G, 3,4 mm-0,7 mm","description":"Agulha de bi\u00f3psia:1. tem um acabamento fino. Quando penetra na pele, a l\u00e2mina \u00e9 firme e afiada. 2. Marca clara e profundidade de pun\u00e7\u00e3o control\u00e1vel.","robots":{"index":"index","follow":"follow","max-snippet":"max-snippet:-1","max-image-preview":"max-image-preview:large","max-video-preview":"max-video-preview:-1"},"canonical":"https:\/\/topkeymedical.com\/pt\/product\/agulha-de-biopsia\/","og_locale":"pt_PT","og_type":"article","og_title":"Biopsy Needle 10G-22G, 3.4mm-0.7mm","og_description":"Biopsy Needle:1. It has fine workmanship. When it penetrates the skin, the blade is firm and sharp. 2. Clear tick mark and controllable puncture depth.","og_url":"https:\/\/topkeymedical.com\/pt\/product\/agulha-de-biopsia\/","og_site_name":"TOPKEY\u2013 Precision in Every Detail, Guardian of Life and Health","article_publisher":"https:\/\/www.facebook.com\/profile.php?id=100088897294997","article_modified_time":"2025-11-19T14:49:06+00:00","og_image":[{"width":1000,"height":1000,"url":"https:\/\/topkeymedical.com\/wp-content\/uploads\/2025\/07\/Specialty-Needles-Biopsy-Needle.webp","type":"image\/webp"}],"twitter_card":"summary_large_image","twitter_misc":{"Tempo estimado de leitura":"2 minutos"},"schema":{"@context":"https:\/\/schema.org","@graph":[{"@type":"WebPage","@id":"https:\/\/topkeymedical.com\/product\/biopsy-needle\/","url":"https:\/\/topkeymedical.com\/product\/biopsy-needle\/","name":"Agulha de bi\u00f3psia 10G-22G, 3,4 mm-0,7 mm","isPartOf":{"@id":"https:\/\/topkeymedical.com\/#website"},"primaryImageOfPage":{"@id":"https:\/\/topkeymedical.com\/product\/biopsy-needle\/#primaryimage"},"image":{"@id":"https:\/\/topkeymedical.com\/product\/biopsy-needle\/#primaryimage"},"thumbnailUrl":"https:\/\/topkeymedical.com\/wp-content\/uploads\/2025\/07\/Specialty-Needles-Biopsy-Needle.webp","datePublished":"2025-07-11T14:25:57+00:00","dateModified":"2025-11-19T14:49:06+00:00","description":"Agulha de bi\u00f3psia:1. tem um acabamento fino. Quando penetra na pele, a l\u00e2mina \u00e9 firme e afiada. 2. Marca clara e profundidade de pun\u00e7\u00e3o control\u00e1vel.","breadcrumb":{"@id":"https:\/\/topkeymedical.com\/product\/biopsy-needle\/#breadcrumb"},"inLanguage":"pt-PT","potentialAction":[{"@type":"ReadAction","target":["https:\/\/topkeymedical.com\/product\/biopsy-needle\/"]}]},{"@type":"ImageObject","inLanguage":"pt-PT","@id":"https:\/\/topkeymedical.com\/product\/biopsy-needle\/#primaryimage","url":"https:\/\/topkeymedical.com\/wp-content\/uploads\/2025\/07\/Specialty-Needles-Biopsy-Needle.webp","contentUrl":"https:\/\/topkeymedical.com\/wp-content\/uploads\/2025\/07\/Specialty-Needles-Biopsy-Needle.webp","width":1000,"height":1000,"caption":"Biopsy Needle"},{"@type":"BreadcrumbList","@id":"https:\/\/topkeymedical.com\/product\/biopsy-needle\/#breadcrumb","itemListElement":[{"@type":"ListItem","position":1,"name":"Home","item":"https:\/\/topkeymedical.com\/"},{"@type":"ListItem","position":2,"name":"Products","item":"https:\/\/topkeymedical.com\/shop\/"},{"@type":"ListItem","position":3,"name":"Biopsy Needle 10G-22G, 3.4mm-0.7mm"}]},{"@type":"WebSite","@id":"https:\/\/topkeymedical.com\/#website","url":"https:\/\/topkeymedical.com\/","name":"TOPKEY- Precis\u00e3o em cada detalhe, guardi\u00e3o da vida e da sa\u00fade","description":"","publisher":{"@id":"https:\/\/topkeymedical.com\/#organization"},"potentialAction":[{"@type":"SearchAction","target":{"@type":"EntryPoint","urlTemplate":"https:\/\/topkeymedical.com\/?s={search_term_string}"},"query-input":{"@type":"PropertyValueSpecification","valueRequired":true,"valueName":"search_term_string"}}],"inLanguage":"pt-PT"},{"@type":"Organization","@id":"https:\/\/topkeymedical.com\/#organization","name":"TOPKEY- Precis\u00e3o em cada detalhe, guardi\u00e3o da vida e da sa\u00fade","url":"https:\/\/topkeymedical.com\/","logo":{"@type":"ImageObject","inLanguage":"pt-PT","@id":"https:\/\/topkeymedical.com\/#\/schema\/logo\/image\/","url":"https:\/\/topkeymedical.com\/wp-content\/uploads\/2025\/05\/cropped-logo.jpg","contentUrl":"https:\/\/topkeymedical.com\/wp-content\/uploads\/2025\/05\/cropped-logo.jpg","width":512,"height":512,"caption":"TOPKEY\u2013 Precision in Every Detail, Guardian of Life and Health"},"image":{"@id":"https:\/\/topkeymedical.com\/#\/schema\/logo\/image\/"},"sameAs":["https:\/\/www.facebook.com\/profile.php?id=100088897294997","https:\/\/www.youtube.com\/@TopkeyMedical-Alice888","https:\/\/www.linkedin.com\/in\/alice-hu-bb66a01b3\/"]}]}},"_links":{"self":[{"href":"https:\/\/topkeymedical.com\/pt\/wp-json\/wp\/v2\/product\/1044","targetHints":{"allow":["GET"]}}],"collection":[{"href":"https:\/\/topkeymedical.com\/pt\/wp-json\/wp\/v2\/product"}],"about":[{"href":"https:\/\/topkeymedical.com\/pt\/wp-json\/wp\/v2\/types\/product"}],"version-history":[{"count":4,"href":"https:\/\/topkeymedical.com\/pt\/wp-json\/wp\/v2\/product\/1044\/revisions"}],"predecessor-version":[{"id":1541,"href":"https:\/\/topkeymedical.com\/pt\/wp-json\/wp\/v2\/product\/1044\/revisions\/1541"}],"wp:featuredmedia":[{"embeddable":true,"href":"https:\/\/topkeymedical.com\/pt\/wp-json\/wp\/v2\/media\/1045"}],"wp:attachment":[{"href":"https:\/\/topkeymedical.com\/pt\/wp-json\/wp\/v2\/media?parent=1044"}],"wp:term":[{"taxonomy":"product_brand","embeddable":true,"href":"https:\/\/topkeymedical.com\/pt\/wp-json\/wp\/v2\/product_brand?post=1044"},{"taxonomy":"product_cat","embeddable":true,"href":"https:\/\/topkeymedical.com\/pt\/wp-json\/wp\/v2\/product_cat?post=1044"},{"taxonomy":"product_tag","embeddable":true,"href":"https:\/\/topkeymedical.com\/pt\/wp-json\/wp\/v2\/product_tag?post=1044"}],"curies":[{"name":"wp","href":"https:\/\/api.w.org\/{rel}","templated":true}]}}