{"id":1050,"date":"2025-07-11T15:14:43","date_gmt":"2025-07-11T15:14:43","guid":{"rendered":"https:\/\/topkeymedical.com\/?post_type=product&#038;p=1050"},"modified":"2025-11-19T14:45:15","modified_gmt":"2025-11-19T14:45:15","slug":"agulha-de-beleza-agulha-de-cosmetica","status":"publish","type":"product","link":"https:\/\/topkeymedical.com\/pt\/product\/agulha-de-beleza-agulha-de-cosmetica\/","title":{"rendered":"Agulha de beleza \/ Agulha de cosm\u00e9tica"},"content":{"rendered":"<h2 data-start=\"1259\" data-end=\"1291\">Especifica\u00e7\u00f5es t\u00e9cnicas<\/h2>\n<div class=\"_tableContainer_1rjym_1\">\n<div class=\"_tableWrapper_1rjym_13 group flex w-fit flex-col-reverse\" tabindex=\"-1\">\n<table class=\"w-fit min-w-(--thread-content-width)\" data-start=\"1293\" data-end=\"3061\">\n<thead data-start=\"1293\" data-end=\"1409\">\n<tr data-start=\"1293\" data-end=\"1409\">\n<th data-start=\"1293\" data-end=\"1322\" data-col-size=\"sm\">Par\u00e2metro<\/th>\n<th data-start=\"1322\" data-end=\"1409\" data-col-size=\"md\">Valor \/ Descri\u00e7\u00e3o<\/th>\n<\/tr>\n<\/thead>\n<tbody data-start=\"1528\" data-end=\"3061\">\n<tr data-start=\"1528\" data-end=\"1645\">\n<td data-start=\"1528\" data-end=\"1558\" data-col-size=\"sm\"><strong data-start=\"1530\" data-end=\"1546\">Nome do produto<\/strong><\/td>\n<td data-start=\"1558\" data-end=\"1645\" data-col-size=\"md\">Agulha de beleza \/ Agulha de cosm\u00e9tica<\/td>\n<\/tr>\n<tr data-start=\"1646\" data-end=\"1763\">\n<td data-start=\"1646\" data-end=\"1676\" data-col-size=\"sm\"><strong data-start=\"1648\" data-end=\"1665\">Op\u00e7\u00f5es de calibre<\/strong><\/td>\n<td data-start=\"1676\" data-end=\"1763\" data-col-size=\"md\">Normalmente 27G, 30G, 32G (personaliz\u00e1vel de acordo com a utiliza\u00e7\u00e3o cl\u00ednica)<\/td>\n<\/tr>\n<tr data-start=\"1764\" data-end=\"1882\">\n<td data-start=\"1764\" data-end=\"1794\" data-col-size=\"sm\"><strong data-start=\"1766\" data-end=\"1793\">Di\u00e2metro da agulha (ID\/OD)<\/strong><\/td>\n<td data-start=\"1794\" data-end=\"1882\" data-col-size=\"md\">Varia consoante o calibre (por exemplo, 27G \u2248 0,4 mm de di\u00e2metro externo, 30G \u2248 0,3 mm de di\u00e2metro externo, 32G \u2248 0,23 mm de di\u00e2metro externo)<\/td>\n<\/tr>\n<tr data-start=\"1883\" data-end=\"2000\">\n<td data-start=\"1883\" data-end=\"1913\" data-col-size=\"sm\"><strong data-start=\"1885\" data-end=\"1910\">Op\u00e7\u00f5es de comprimento da agulha<\/strong><\/td>\n<td data-start=\"1913\" data-end=\"2000\" data-col-size=\"md\">4 mm, 6 mm, 12 mm, 13 mm ou personalizado (consoante a \u00e1rea de tratamento)<\/td>\n<\/tr>\n<tr data-start=\"2001\" data-end=\"2118\">\n<td data-start=\"2001\" data-end=\"2031\" data-col-size=\"sm\"><strong data-start=\"2003\" data-end=\"2017\">Tipo de bisel<\/strong><\/td>\n<td data-start=\"2031\" data-end=\"2118\" data-col-size=\"md\">Bisel de precis\u00e3o de \u00e2ngulo pequeno (optimizado para uma entrada suave e trauma reduzido)<\/td>\n<\/tr>\n<tr data-start=\"2119\" data-end=\"2236\">\n<td data-start=\"2119\" data-end=\"2149\" data-col-size=\"sm\"><strong data-start=\"2121\" data-end=\"2141\">Material da c\u00e2nula<\/strong><\/td>\n<td data-start=\"2149\" data-end=\"2236\" data-col-size=\"md\">A\u00e7o inoxid\u00e1vel cir\u00fargico (em conformidade com a norma ISO 9626), rectificado com precis\u00e3o<\/td>\n<\/tr>\n<tr data-start=\"2237\" data-end=\"2354\">\n<td data-start=\"2237\" data-end=\"2267\" data-col-size=\"sm\"><strong data-start=\"2239\" data-end=\"2255\">Material do cubo<\/strong><\/td>\n<td data-start=\"2267\" data-end=\"2354\" data-col-size=\"md\">Polipropileno de qualidade m\u00e9dica, com c\u00f3digo de cores ISO 6009<\/td>\n<\/tr>\n<tr data-start=\"2355\" data-end=\"2472\">\n<td data-start=\"2355\" data-end=\"2385\" data-col-size=\"sm\"><strong data-start=\"2357\" data-end=\"2376\">Tipo de liga\u00e7\u00e3o<\/strong><\/td>\n<td data-start=\"2385\" data-end=\"2472\" data-col-size=\"md\">Luer-lock ou Luer-slip standard<\/td>\n<\/tr>\n<tr data-start=\"2473\" data-end=\"2590\">\n<td data-start=\"2473\" data-end=\"2503\" data-col-size=\"sm\"><strong data-start=\"2475\" data-end=\"2499\">M\u00e9todo de esteriliza\u00e7\u00e3o<\/strong><\/td>\n<td data-start=\"2503\" data-end=\"2590\" data-col-size=\"md\">Esterilizado por EO (\u00d3xido de Etileno)<\/td>\n<\/tr>\n<tr data-start=\"2591\" data-end=\"2708\">\n<td data-start=\"2591\" data-end=\"2621\" data-col-size=\"sm\"><strong data-start=\"2593\" data-end=\"2606\">Embalagem<\/strong><\/td>\n<td data-start=\"2621\" data-end=\"2708\" data-col-size=\"md\">Embalado individualmente em blister; 100 unidades por caixa<\/td>\n<\/tr>\n<tr data-start=\"2709\" data-end=\"2825\">\n<td data-start=\"2709\" data-end=\"2739\" data-col-size=\"sm\"><strong data-start=\"2711\" data-end=\"2725\">Utiliza\u00e7\u00e3o \u00fanica<\/strong><\/td>\n<td data-start=\"2739\" data-end=\"2825\" data-col-size=\"md\">Sim<\/td>\n<\/tr>\n<tr data-start=\"2826\" data-end=\"2943\">\n<td data-start=\"2826\" data-end=\"2856\" data-col-size=\"sm\"><strong data-start=\"2828\" data-end=\"2845\">Certifica\u00e7\u00e3o<\/strong><\/td>\n<td data-start=\"2856\" data-end=\"2943\" data-col-size=\"md\">ISO 13485, marca\u00e7\u00e3o CE, conformidade com a FDA (quando aplic\u00e1vel)<\/td>\n<\/tr>\n<tr data-start=\"2944\" data-end=\"3061\">\n<td data-start=\"2944\" data-end=\"2974\" data-col-size=\"sm\"><strong data-start=\"2946\" data-end=\"2960\">Prazo de validade<\/strong><\/td>\n<td data-start=\"2974\" data-end=\"3061\" data-col-size=\"md\">3-5 anos em condi\u00e7\u00f5es de armazenamento adequadas<\/td>\n<\/tr>\n<\/tbody>\n<\/table>\n<\/div>\n<\/div>\n<hr data-start=\"3063\" data-end=\"3066\" \/>\n<p>Agulha de beleza (agulha cosm\u00e9tica): Concebida com precis\u00e3o para procedimentos est\u00e9ticos sem falhas<\/p>\n<h2>Agulha para cosm\u00e9tica Objetivo cl\u00ednico<\/h2>\n<p>As nossas agulhas de beleza de alta qualidade proporcionam uma precis\u00e3o sem paralelo em injec\u00e7\u00f5es de preenchimento d\u00e9rmico, administra\u00e7\u00e3o de toxina botul\u00ednica, mesoterapia e terapia de indu\u00e7\u00e3o de colag\u00e9nio. Concebidas para procedimentos delicados de contorno e rejuvenescimento facial, asseguram a deposi\u00e7\u00e3o controlada de subst\u00e2ncias, minimizando o trauma nos tecidos.<\/p>\n<h2>Principais vantagens<\/h2>\n<p><strong>Penetra\u00e7\u00e3o ultra-precisa<\/strong><br \/>\n- A geometria multi-l\u00e2minas com patente pendente (3\/4\/5 l\u00e2minas) cria micro-canais para uma dispers\u00e3o uniforme do produto<br \/>\n- A ponta micro biselada de 10\u00b0 (afiada a laser) reduz a for\u00e7a de inser\u00e7\u00e3o em 45% em compara\u00e7\u00e3o com as agulhas normais de 30\u00b0<\/p>\n<p><strong>Maior durabilidade<\/strong><br \/>\n- A tecnologia de ponta resistente a farpas mant\u00e9m a nitidez durante \u226520 perfura\u00e7\u00f5es<br \/>\n- O n\u00facleo de alta resist\u00eancia evita a deforma\u00e7\u00e3o por flex\u00e3o durante as injec\u00e7\u00f5es em \u00e2ngulo<\/p>\n<p><strong>Conforto do paciente<\/strong><br \/>\n- O design ultrafino da parede (OD \u22640,23 mm) minimiza a desloca\u00e7\u00e3o dos tecidos<br \/>\n- O acabamento de superf\u00edcie suave como a seda reduz as pontua\u00e7\u00f5es de dor para VAS 1,2\/10<\/p>\n<p><strong>Ci\u00eancia avan\u00e7ada dos materiais<\/strong><br \/>\n- Corpo da agulha: a\u00e7o inoxid\u00e1vel SUS 304VM (dureza HRC 52\u00b12)<br \/>\n- Tratamento de superf\u00edcie: Grau m\u00e9dico <a href=\"https:\/\/www.sciencedirect.com\/topics\/computer-science\/parylene\" target=\"_blank\" rel=\"noopener\">Parileno<\/a> revestimento (0,5\u03bcm de espessura)<br \/>\n- N\u00facleo: Policarbonato sem DEHP com Luer-Lock (seguro para CT\/MRI)<\/p>\n<h2>Especifica\u00e7\u00f5es t\u00e9cnicas da Beauty Needle<\/h2>\n<p>Tipo de agulha: tipo de l\u00e2mina curta, tipo de tr\u00eas, quatro ou cinco l\u00e2minas.<\/p>\n<h2>Aplica\u00e7\u00f5es cl\u00ednicas<\/h2>\n<p>- Contorno com \u00e1cido hialur\u00f3nico (sulcos nasolabiais, l\u00e1bios)<br \/>\n- Terapia de hiperidrose com Botox<br \/>\n- PDRN\/<a href=\"https:\/\/www.ncbi.nlm.nih.gov\/books\/NBK507871\/\" target=\"_blank\" rel=\"noopener\">PLLA<\/a> bio-revitaliza\u00e7\u00e3o<\/p>","protected":false},"excerpt":{"rendered":"<p>Agulha de beleza (agulha para cosm\u00e9ticos) Introdu\u00e7\u00e3o: <span style=\"font-size: 16px;\">Design \u00fanico e preciso em forma de agulha, processamento de moagem preciso, alta resist\u00eancia, pode perfurar v\u00e1rias vezes sem farpas. Design de \u00e2ngulo pequeno, perfura suavemente, reduz a Espanha.<\/span><\/p>","protected":false},"featured_media":1052,"template":"","meta":{"_acf_changed":false,"site-sidebar-layout":"default","site-content-layout":"","ast-site-content-layout":"default","site-content-style":"default","site-sidebar-style":"default","ast-global-header-display":"","ast-banner-title-visibility":"","ast-main-header-display":"","ast-hfb-above-header-display":"","ast-hfb-below-header-display":"","ast-hfb-mobile-header-display":"","site-post-title":"","ast-breadcrumbs-content":"","ast-featured-img":"","footer-sml-layout":"","ast-disable-related-posts":"","theme-transparent-header-meta":"default","adv-header-id-meta":"","stick-header-meta":"","header-above-stick-meta":"","header-main-stick-meta":"","header-below-stick-meta":"","astra-migrate-meta-layouts":"set","ast-page-background-enabled":"default","ast-page-background-meta":{"desktop":{"background-color":"var(--ast-global-color-5)","background-image":"","background-repeat":"repeat","background-position":"center center","background-size":"auto","background-attachment":"scroll","background-type":"","background-media":"","overlay-type":"","overlay-color":"","overlay-opacity":"","overlay-gradient":""},"tablet":{"background-color":"","background-image":"","background-repeat":"repeat","background-position":"center center","background-size":"auto","background-attachment":"scroll","background-type":"","background-media":"","overlay-type":"","overlay-color":"","overlay-opacity":"","overlay-gradient":""},"mobile":{"background-color":"","background-image":"","background-repeat":"repeat","background-position":"center center","background-size":"auto","background-attachment":"scroll","background-type":"","background-media":"","overlay-type":"","overlay-color":"","overlay-opacity":"","overlay-gradient":""}},"ast-content-background-meta":{"desktop":{"background-color":"var(--ast-global-color-4)","background-image":"","background-repeat":"repeat","background-position":"center center","background-size":"auto","background-attachment":"scroll","background-type":"","background-media":"","overlay-type":"","overlay-color":"","overlay-opacity":"","overlay-gradient":""},"tablet":{"background-color":"var(--ast-global-color-4)","background-image":"","background-repeat":"repeat","background-position":"center center","background-size":"auto","background-attachment":"scroll","background-type":"","background-media":"","overlay-type":"","overlay-color":"","overlay-opacity":"","overlay-gradient":""},"mobile":{"background-color":"var(--ast-global-color-4)","background-image":"","background-repeat":"repeat","background-position":"center center","background-size":"auto","background-attachment":"scroll","background-type":"","background-media":"","overlay-type":"","overlay-color":"","overlay-opacity":"","overlay-gradient":""}}},"product_brand":[],"product_cat":[65],"product_tag":[],"class_list":{"0":"post-1050","1":"product","2":"type-product","3":"status-publish","4":"has-post-thumbnail","6":"product_cat-specialty-needles","7":"desktop-align-left","8":"tablet-align-left","9":"mobile-align-left","11":"first","12":"instock","13":"shipping-taxable","14":"product-type-simple"},"acf":[],"yoast_head":"<!-- This site is optimized with the Yoast SEO plugin v27.4 - https:\/\/yoast.com\/product\/yoast-seo-wordpress\/ -->\n<title>Beauty Needle \/ Cosmetic Needle<\/title>\n<meta name=\"description\" content=\"Beauty Needle\/Cosmetic Needle: Unique, Precise needle-shaped design, precise grinding processing, high-strength, can puncture multiple times without barbs.\" \/>\n<meta name=\"robots\" content=\"index, follow, max-snippet:-1, max-image-preview:large, max-video-preview:-1\" \/>\n<link rel=\"canonical\" href=\"https:\/\/topkeymedical.com\/pt\/product\/agulha-de-beleza-agulha-de-cosmetica\/\" \/>\n<meta property=\"og:locale\" content=\"pt_PT\" \/>\n<meta property=\"og:type\" content=\"article\" \/>\n<meta property=\"og:title\" content=\"Beauty Needle \/ Cosmetic Needle\" \/>\n<meta property=\"og:description\" content=\"Beauty Needle\/Cosmetic Needle: Unique, Precise needle-shaped design, precise grinding processing, high-strength, can puncture multiple times without barbs.\" \/>\n<meta property=\"og:url\" content=\"https:\/\/topkeymedical.com\/pt\/product\/agulha-de-beleza-agulha-de-cosmetica\/\" \/>\n<meta property=\"og:site_name\" content=\"TOPKEY\u2013 Precision in Every Detail, Guardian of Life and Health\" \/>\n<meta property=\"article:publisher\" content=\"https:\/\/www.facebook.com\/profile.php?id=100088897294997\" \/>\n<meta property=\"article:modified_time\" content=\"2025-11-19T14:45:15+00:00\" \/>\n<meta property=\"og:image\" content=\"https:\/\/topkeymedical.com\/wp-content\/uploads\/2025\/07\/Beauty-Needle-Cosmetic-Needle.webp\" \/>\n\t<meta property=\"og:image:width\" content=\"1000\" \/>\n\t<meta property=\"og:image:height\" content=\"1000\" \/>\n\t<meta property=\"og:image:type\" content=\"image\/webp\" \/>\n<meta name=\"twitter:card\" content=\"summary_large_image\" \/>\n<meta name=\"twitter:label1\" content=\"Tempo estimado de leitura\" \/>\n\t<meta name=\"twitter:data1\" content=\"2 minutos\" \/>\n<script type=\"application\/ld+json\" class=\"yoast-schema-graph\">{\"@context\":\"https:\\\/\\\/schema.org\",\"@graph\":[{\"@type\":\"WebPage\",\"@id\":\"https:\\\/\\\/topkeymedical.com\\\/product\\\/beauty-needle-cosmetic-needle\\\/\",\"url\":\"https:\\\/\\\/topkeymedical.com\\\/product\\\/beauty-needle-cosmetic-needle\\\/\",\"name\":\"Beauty Needle \\\/ Cosmetic Needle\",\"isPartOf\":{\"@id\":\"https:\\\/\\\/topkeymedical.com\\\/#website\"},\"primaryImageOfPage\":{\"@id\":\"https:\\\/\\\/topkeymedical.com\\\/product\\\/beauty-needle-cosmetic-needle\\\/#primaryimage\"},\"image\":{\"@id\":\"https:\\\/\\\/topkeymedical.com\\\/product\\\/beauty-needle-cosmetic-needle\\\/#primaryimage\"},\"thumbnailUrl\":\"https:\\\/\\\/topkeymedical.com\\\/wp-content\\\/uploads\\\/2025\\\/07\\\/Beauty-Needle-Cosmetic-Needle.webp\",\"datePublished\":\"2025-07-11T15:14:43+00:00\",\"dateModified\":\"2025-11-19T14:45:15+00:00\",\"description\":\"Beauty Needle\\\/Cosmetic Needle: Unique, Precise needle-shaped design, precise grinding processing, high-strength, can puncture multiple times without barbs.\",\"breadcrumb\":{\"@id\":\"https:\\\/\\\/topkeymedical.com\\\/product\\\/beauty-needle-cosmetic-needle\\\/#breadcrumb\"},\"inLanguage\":\"pt-PT\",\"potentialAction\":[{\"@type\":\"ReadAction\",\"target\":[\"https:\\\/\\\/topkeymedical.com\\\/product\\\/beauty-needle-cosmetic-needle\\\/\"]}]},{\"@type\":\"ImageObject\",\"inLanguage\":\"pt-PT\",\"@id\":\"https:\\\/\\\/topkeymedical.com\\\/product\\\/beauty-needle-cosmetic-needle\\\/#primaryimage\",\"url\":\"https:\\\/\\\/topkeymedical.com\\\/wp-content\\\/uploads\\\/2025\\\/07\\\/Beauty-Needle-Cosmetic-Needle.webp\",\"contentUrl\":\"https:\\\/\\\/topkeymedical.com\\\/wp-content\\\/uploads\\\/2025\\\/07\\\/Beauty-Needle-Cosmetic-Needle.webp\",\"width\":1000,\"height\":1000,\"caption\":\"Beauty Needle, Cosmetic Needle\"},{\"@type\":\"BreadcrumbList\",\"@id\":\"https:\\\/\\\/topkeymedical.com\\\/product\\\/beauty-needle-cosmetic-needle\\\/#breadcrumb\",\"itemListElement\":[{\"@type\":\"ListItem\",\"position\":1,\"name\":\"Home\",\"item\":\"https:\\\/\\\/topkeymedical.com\\\/\"},{\"@type\":\"ListItem\",\"position\":2,\"name\":\"Products\",\"item\":\"https:\\\/\\\/topkeymedical.com\\\/shop\\\/\"},{\"@type\":\"ListItem\",\"position\":3,\"name\":\"Beauty Needle \\\/ Cosmetic Needle\"}]},{\"@type\":\"WebSite\",\"@id\":\"https:\\\/\\\/topkeymedical.com\\\/#website\",\"url\":\"https:\\\/\\\/topkeymedical.com\\\/\",\"name\":\"TOPKEY\u2013 Precision in Every Detail, Guardian of Life and Health\",\"description\":\"\",\"publisher\":{\"@id\":\"https:\\\/\\\/topkeymedical.com\\\/#organization\"},\"potentialAction\":[{\"@type\":\"SearchAction\",\"target\":{\"@type\":\"EntryPoint\",\"urlTemplate\":\"https:\\\/\\\/topkeymedical.com\\\/?s={search_term_string}\"},\"query-input\":{\"@type\":\"PropertyValueSpecification\",\"valueRequired\":true,\"valueName\":\"search_term_string\"}}],\"inLanguage\":\"pt-PT\"},{\"@type\":\"Organization\",\"@id\":\"https:\\\/\\\/topkeymedical.com\\\/#organization\",\"name\":\"TOPKEY\u2013 Precision in Every Detail, Guardian of Life and Health\",\"url\":\"https:\\\/\\\/topkeymedical.com\\\/\",\"logo\":{\"@type\":\"ImageObject\",\"inLanguage\":\"pt-PT\",\"@id\":\"https:\\\/\\\/topkeymedical.com\\\/#\\\/schema\\\/logo\\\/image\\\/\",\"url\":\"https:\\\/\\\/topkeymedical.com\\\/wp-content\\\/uploads\\\/2025\\\/05\\\/cropped-logo.jpg\",\"contentUrl\":\"https:\\\/\\\/topkeymedical.com\\\/wp-content\\\/uploads\\\/2025\\\/05\\\/cropped-logo.jpg\",\"width\":512,\"height\":512,\"caption\":\"TOPKEY\u2013 Precision in Every Detail, Guardian of Life and Health\"},\"image\":{\"@id\":\"https:\\\/\\\/topkeymedical.com\\\/#\\\/schema\\\/logo\\\/image\\\/\"},\"sameAs\":[\"https:\\\/\\\/www.facebook.com\\\/profile.php?id=100088897294997\",\"https:\\\/\\\/www.youtube.com\\\/@TopkeyMedical-Alice888\",\"https:\\\/\\\/www.linkedin.com\\\/in\\\/alice-hu-bb66a01b3\\\/\"]}]}<\/script>\n<!-- \/ Yoast SEO plugin. -->","yoast_head_json":{"title":"Agulha de beleza \/ Agulha de cosm\u00e9tica","description":"Agulha de beleza\/agulha cosm\u00e9tica: Design \u00fanico e preciso em forma de agulha, processamento de moagem preciso, alta resist\u00eancia, pode perfurar v\u00e1rias vezes sem farpas.","robots":{"index":"index","follow":"follow","max-snippet":"max-snippet:-1","max-image-preview":"max-image-preview:large","max-video-preview":"max-video-preview:-1"},"canonical":"https:\/\/topkeymedical.com\/pt\/product\/agulha-de-beleza-agulha-de-cosmetica\/","og_locale":"pt_PT","og_type":"article","og_title":"Beauty Needle \/ Cosmetic Needle","og_description":"Beauty Needle\/Cosmetic Needle: Unique, Precise needle-shaped design, precise grinding processing, high-strength, can puncture multiple times without barbs.","og_url":"https:\/\/topkeymedical.com\/pt\/product\/agulha-de-beleza-agulha-de-cosmetica\/","og_site_name":"TOPKEY\u2013 Precision in Every Detail, Guardian of Life and Health","article_publisher":"https:\/\/www.facebook.com\/profile.php?id=100088897294997","article_modified_time":"2025-11-19T14:45:15+00:00","og_image":[{"width":1000,"height":1000,"url":"https:\/\/topkeymedical.com\/wp-content\/uploads\/2025\/07\/Beauty-Needle-Cosmetic-Needle.webp","type":"image\/webp"}],"twitter_card":"summary_large_image","twitter_misc":{"Tempo estimado de leitura":"2 minutos"},"schema":{"@context":"https:\/\/schema.org","@graph":[{"@type":"WebPage","@id":"https:\/\/topkeymedical.com\/product\/beauty-needle-cosmetic-needle\/","url":"https:\/\/topkeymedical.com\/product\/beauty-needle-cosmetic-needle\/","name":"Agulha de beleza \/ Agulha de cosm\u00e9tica","isPartOf":{"@id":"https:\/\/topkeymedical.com\/#website"},"primaryImageOfPage":{"@id":"https:\/\/topkeymedical.com\/product\/beauty-needle-cosmetic-needle\/#primaryimage"},"image":{"@id":"https:\/\/topkeymedical.com\/product\/beauty-needle-cosmetic-needle\/#primaryimage"},"thumbnailUrl":"https:\/\/topkeymedical.com\/wp-content\/uploads\/2025\/07\/Beauty-Needle-Cosmetic-Needle.webp","datePublished":"2025-07-11T15:14:43+00:00","dateModified":"2025-11-19T14:45:15+00:00","description":"Agulha de beleza\/agulha cosm\u00e9tica: Design \u00fanico e preciso em forma de agulha, processamento de moagem preciso, alta resist\u00eancia, pode perfurar v\u00e1rias vezes sem farpas.","breadcrumb":{"@id":"https:\/\/topkeymedical.com\/product\/beauty-needle-cosmetic-needle\/#breadcrumb"},"inLanguage":"pt-PT","potentialAction":[{"@type":"ReadAction","target":["https:\/\/topkeymedical.com\/product\/beauty-needle-cosmetic-needle\/"]}]},{"@type":"ImageObject","inLanguage":"pt-PT","@id":"https:\/\/topkeymedical.com\/product\/beauty-needle-cosmetic-needle\/#primaryimage","url":"https:\/\/topkeymedical.com\/wp-content\/uploads\/2025\/07\/Beauty-Needle-Cosmetic-Needle.webp","contentUrl":"https:\/\/topkeymedical.com\/wp-content\/uploads\/2025\/07\/Beauty-Needle-Cosmetic-Needle.webp","width":1000,"height":1000,"caption":"Beauty Needle, Cosmetic Needle"},{"@type":"BreadcrumbList","@id":"https:\/\/topkeymedical.com\/product\/beauty-needle-cosmetic-needle\/#breadcrumb","itemListElement":[{"@type":"ListItem","position":1,"name":"Home","item":"https:\/\/topkeymedical.com\/"},{"@type":"ListItem","position":2,"name":"Products","item":"https:\/\/topkeymedical.com\/shop\/"},{"@type":"ListItem","position":3,"name":"Beauty Needle \/ Cosmetic Needle"}]},{"@type":"WebSite","@id":"https:\/\/topkeymedical.com\/#website","url":"https:\/\/topkeymedical.com\/","name":"TOPKEY- Precis\u00e3o em cada detalhe, guardi\u00e3o da vida e da sa\u00fade","description":"","publisher":{"@id":"https:\/\/topkeymedical.com\/#organization"},"potentialAction":[{"@type":"SearchAction","target":{"@type":"EntryPoint","urlTemplate":"https:\/\/topkeymedical.com\/?s={search_term_string}"},"query-input":{"@type":"PropertyValueSpecification","valueRequired":true,"valueName":"search_term_string"}}],"inLanguage":"pt-PT"},{"@type":"Organization","@id":"https:\/\/topkeymedical.com\/#organization","name":"TOPKEY- Precis\u00e3o em cada detalhe, guardi\u00e3o da vida e da sa\u00fade","url":"https:\/\/topkeymedical.com\/","logo":{"@type":"ImageObject","inLanguage":"pt-PT","@id":"https:\/\/topkeymedical.com\/#\/schema\/logo\/image\/","url":"https:\/\/topkeymedical.com\/wp-content\/uploads\/2025\/05\/cropped-logo.jpg","contentUrl":"https:\/\/topkeymedical.com\/wp-content\/uploads\/2025\/05\/cropped-logo.jpg","width":512,"height":512,"caption":"TOPKEY\u2013 Precision in Every Detail, Guardian of Life and Health"},"image":{"@id":"https:\/\/topkeymedical.com\/#\/schema\/logo\/image\/"},"sameAs":["https:\/\/www.facebook.com\/profile.php?id=100088897294997","https:\/\/www.youtube.com\/@TopkeyMedical-Alice888","https:\/\/www.linkedin.com\/in\/alice-hu-bb66a01b3\/"]}]}},"_links":{"self":[{"href":"https:\/\/topkeymedical.com\/pt\/wp-json\/wp\/v2\/product\/1050","targetHints":{"allow":["GET"]}}],"collection":[{"href":"https:\/\/topkeymedical.com\/pt\/wp-json\/wp\/v2\/product"}],"about":[{"href":"https:\/\/topkeymedical.com\/pt\/wp-json\/wp\/v2\/types\/product"}],"version-history":[{"count":3,"href":"https:\/\/topkeymedical.com\/pt\/wp-json\/wp\/v2\/product\/1050\/revisions"}],"predecessor-version":[{"id":1540,"href":"https:\/\/topkeymedical.com\/pt\/wp-json\/wp\/v2\/product\/1050\/revisions\/1540"}],"wp:featuredmedia":[{"embeddable":true,"href":"https:\/\/topkeymedical.com\/pt\/wp-json\/wp\/v2\/media\/1052"}],"wp:attachment":[{"href":"https:\/\/topkeymedical.com\/pt\/wp-json\/wp\/v2\/media?parent=1050"}],"wp:term":[{"taxonomy":"product_brand","embeddable":true,"href":"https:\/\/topkeymedical.com\/pt\/wp-json\/wp\/v2\/product_brand?post=1050"},{"taxonomy":"product_cat","embeddable":true,"href":"https:\/\/topkeymedical.com\/pt\/wp-json\/wp\/v2\/product_cat?post=1050"},{"taxonomy":"product_tag","embeddable":true,"href":"https:\/\/topkeymedical.com\/pt\/wp-json\/wp\/v2\/product_tag?post=1050"}],"curies":[{"name":"wp","href":"https:\/\/api.w.org\/{rel}","templated":true}]}}