{"id":1054,"date":"2025-07-11T15:39:17","date_gmt":"2025-07-11T15:39:17","guid":{"rendered":"https:\/\/topkeymedical.com\/?post_type=product&#038;p=1054"},"modified":"2025-11-19T14:28:21","modified_gmt":"2025-11-19T14:28:21","slug":"agulha-de-fistula-15-16-17g","status":"publish","type":"product","link":"https:\/\/topkeymedical.com\/pt\/product\/agulha-de-fistula-15-16-17g\/","title":{"rendered":"Agulha de f\u00edstula 15\/16\/17G"},"content":{"rendered":"<p>Agulha de f\u00edstula: Acesso Vascular de Precis\u00e3o para uma Hemodi\u00e1lise Optimizada<\/p>\n<h2>Agulha de f\u00edstula Objetivo cl\u00ednico<\/h2>\n<p>Concebidas para um acesso vascular fi\u00e1vel e confort\u00e1vel em doentes renais, as nossas agulhas de f\u00edstula permitem uma hemodi\u00e1lise de elevado fluxo atrav\u00e9s de f\u00edstulas e enxertos arteriovenosos (AV). O design especializado minimiza a recircula\u00e7\u00e3o enquanto maximiza as taxas de fluxo sangu\u00edneo essenciais para a elimina\u00e7\u00e3o eficiente de toxinas.<\/p>\n<h2>Principais vantagens<\/h2>\n<p><strong>Pun\u00e7\u00e3o com redu\u00e7\u00e3o da dor <\/strong><br \/>\n- A ponta biselada de 12\u00b0 afiada a laser requer menos 35% de for\u00e7a de inser\u00e7\u00e3o do que as agulhas normais<br \/>\n- O l\u00famen interior micro-liso com polimento hidrodin\u00e2mico evita a ades\u00e3o das plaquetas<\/p>\n<p><strong>Efici\u00eancia de fluxo melhorada <\/strong><br \/>\n- A configura\u00e7\u00e3o patenteada de orif\u00edcios laterais (design assim\u00e9trico 3+1) aumenta a \u00e1rea de fluxo efectiva em 28%<br \/>\n- A geometria redutora de turbul\u00eancia mant\u00e9m o fluxo laminar at\u00e9 450 ml\/min<\/p>\n<p><strong>Canula\u00e7\u00e3o segura <\/strong><br \/>\n- Asas com c\u00f3digo de cores para identifica\u00e7\u00e3o r\u00e1pida do calibre<br \/>\n- As espigas invertidas fixam a tubagem, permitindo a retirada suave da agulha ap\u00f3s o tratamento<\/p>\n<p><strong>Engenharia avan\u00e7ada de materiais <\/strong><br \/>\n- C\u00e2nula: De grau m\u00e9dico <a href=\"https:\/\/www.alloywire.ch\/products\/stainless-steel-316lvm\/\" target=\"_blank\" rel=\"noopener\">316LVM<\/a> a\u00e7o inoxid\u00e1vel (Ra \u22640,2\u03bcm de rugosidade superficial)<br \/>\n- Cubo: Polisulfona transparente com c\u00e2mara de flashback integrada<br \/>\n- Asas: TPE sem l\u00e1tex com pega texturada para um manuseamento seguro<\/p>\n<h2>Aplica\u00e7\u00f5es cl\u00ednicas<\/h2>\n<p>- Hemodi\u00e1lise de manuten\u00e7\u00e3o atrav\u00e9s de f\u00edstulas\/enxertos AV<br \/>\n- Terapia de substitui\u00e7\u00e3o renal aguda<br \/>\n- Procedimentos de plasmaf\u00e9rese<br \/>\n- Di\u00e1lise pedi\u00e1trica (variante 17G)<\/p>\n<h2>Conformidade com a qualidade e a seguran\u00e7a<\/h2>\n<p>- Esterilizado por radia\u00e7\u00e3o gama | ISO 13926 | FDA 510(k) K230918 | CE MDR Classe IIb<br \/>\n- N\u00e3o pirog\u00e9nico | Embalagem blister de utiliza\u00e7\u00e3o \u00fanica<br \/>\n- Op\u00e7\u00f5es de seguran\u00e7a: Asas auto-vedantes | Protec\u00e7\u00f5es da agulha<\/p>","protected":false},"excerpt":{"rendered":"<p>Agulha de f\u00edstula Introdu\u00e7\u00e3o: O design da agulha afiada tem uma ponta de agulha afiada, baixa for\u00e7a de pun\u00e7\u00e3o, reduz a dor e um processo de furo lateral suave, aumentando efetivamente o fluxo: Tamanho: 15\/16\/17G OD:1.83\/1.65\/1.47MM.<\/p>","protected":false},"featured_media":1055,"template":"","meta":{"_acf_changed":false,"site-sidebar-layout":"default","site-content-layout":"","ast-site-content-layout":"default","site-content-style":"default","site-sidebar-style":"default","ast-global-header-display":"","ast-banner-title-visibility":"","ast-main-header-display":"","ast-hfb-above-header-display":"","ast-hfb-below-header-display":"","ast-hfb-mobile-header-display":"","site-post-title":"","ast-breadcrumbs-content":"","ast-featured-img":"","footer-sml-layout":"","ast-disable-related-posts":"","theme-transparent-header-meta":"default","adv-header-id-meta":"","stick-header-meta":"","header-above-stick-meta":"","header-main-stick-meta":"","header-below-stick-meta":"","astra-migrate-meta-layouts":"set","ast-page-background-enabled":"default","ast-page-background-meta":{"desktop":{"background-color":"var(--ast-global-color-5)","background-image":"","background-repeat":"repeat","background-position":"center center","background-size":"auto","background-attachment":"scroll","background-type":"","background-media":"","overlay-type":"","overlay-color":"","overlay-opacity":"","overlay-gradient":""},"tablet":{"background-color":"","background-image":"","background-repeat":"repeat","background-position":"center center","background-size":"auto","background-attachment":"scroll","background-type":"","background-media":"","overlay-type":"","overlay-color":"","overlay-opacity":"","overlay-gradient":""},"mobile":{"background-color":"","background-image":"","background-repeat":"repeat","background-position":"center center","background-size":"auto","background-attachment":"scroll","background-type":"","background-media":"","overlay-type":"","overlay-color":"","overlay-opacity":"","overlay-gradient":""}},"ast-content-background-meta":{"desktop":{"background-color":"var(--ast-global-color-4)","background-image":"","background-repeat":"repeat","background-position":"center center","background-size":"auto","background-attachment":"scroll","background-type":"","background-media":"","overlay-type":"","overlay-color":"","overlay-opacity":"","overlay-gradient":""},"tablet":{"background-color":"var(--ast-global-color-4)","background-image":"","background-repeat":"repeat","background-position":"center center","background-size":"auto","background-attachment":"scroll","background-type":"","background-media":"","overlay-type":"","overlay-color":"","overlay-opacity":"","overlay-gradient":""},"mobile":{"background-color":"var(--ast-global-color-4)","background-image":"","background-repeat":"repeat","background-position":"center center","background-size":"auto","background-attachment":"scroll","background-type":"","background-media":"","overlay-type":"","overlay-color":"","overlay-opacity":"","overlay-gradient":""}}},"product_brand":[],"product_cat":[65],"product_tag":[],"class_list":{"0":"post-1054","1":"product","2":"type-product","3":"status-publish","4":"has-post-thumbnail","6":"product_cat-specialty-needles","7":"desktop-align-left","8":"tablet-align-left","9":"mobile-align-left","11":"first","12":"instock","13":"shipping-taxable","14":"product-type-simple"},"acf":[],"yoast_head":"<!-- This site is optimized with the Yoast SEO plugin v27.4 - https:\/\/yoast.com\/product\/yoast-seo-wordpress\/ -->\n<title>Fistula Needle 15\/16\/17G, 1.83\/1.65\/1.47MM<\/title>\n<meta name=\"description\" content=\"Fistula Needle: sharp needle design has a sharp needle tip, low puncture force, reduces pain, and a smooth side hole process, effectively increasing flow.\" \/>\n<meta name=\"robots\" content=\"index, follow, max-snippet:-1, max-image-preview:large, max-video-preview:-1\" \/>\n<link rel=\"canonical\" href=\"https:\/\/topkeymedical.com\/pt\/product\/agulha-de-fistula-15-16-17g\/\" \/>\n<meta property=\"og:locale\" content=\"pt_PT\" \/>\n<meta property=\"og:type\" content=\"article\" \/>\n<meta property=\"og:title\" content=\"Fistula Needle 15\/16\/17G, 1.83\/1.65\/1.47MM\" \/>\n<meta property=\"og:description\" content=\"Fistula Needle: sharp needle design has a sharp needle tip, low puncture force, reduces pain, and a smooth side hole process, effectively increasing flow.\" \/>\n<meta property=\"og:url\" content=\"https:\/\/topkeymedical.com\/pt\/product\/agulha-de-fistula-15-16-17g\/\" \/>\n<meta property=\"og:site_name\" content=\"TOPKEY\u2013 Precision in Every Detail, Guardian of Life and Health\" \/>\n<meta property=\"article:publisher\" content=\"https:\/\/www.facebook.com\/profile.php?id=100088897294997\" \/>\n<meta property=\"article:modified_time\" content=\"2025-11-19T14:28:21+00:00\" \/>\n<meta property=\"og:image\" content=\"https:\/\/topkeymedical.com\/wp-content\/uploads\/2025\/07\/Specialty-Needles-Fistula-Needle.webp\" \/>\n\t<meta property=\"og:image:width\" content=\"1000\" \/>\n\t<meta property=\"og:image:height\" content=\"1000\" \/>\n\t<meta property=\"og:image:type\" content=\"image\/webp\" \/>\n<meta name=\"twitter:card\" content=\"summary_large_image\" \/>\n<meta name=\"twitter:label1\" content=\"Tempo estimado de leitura\" \/>\n\t<meta name=\"twitter:data1\" content=\"2 minutos\" \/>\n<script type=\"application\/ld+json\" class=\"yoast-schema-graph\">{\"@context\":\"https:\\\/\\\/schema.org\",\"@graph\":[{\"@type\":\"WebPage\",\"@id\":\"https:\\\/\\\/topkeymedical.com\\\/product\\\/fistula-needle-15-16-17g\\\/\",\"url\":\"https:\\\/\\\/topkeymedical.com\\\/product\\\/fistula-needle-15-16-17g\\\/\",\"name\":\"Fistula Needle 15\\\/16\\\/17G, 1.83\\\/1.65\\\/1.47MM\",\"isPartOf\":{\"@id\":\"https:\\\/\\\/topkeymedical.com\\\/#website\"},\"primaryImageOfPage\":{\"@id\":\"https:\\\/\\\/topkeymedical.com\\\/product\\\/fistula-needle-15-16-17g\\\/#primaryimage\"},\"image\":{\"@id\":\"https:\\\/\\\/topkeymedical.com\\\/product\\\/fistula-needle-15-16-17g\\\/#primaryimage\"},\"thumbnailUrl\":\"https:\\\/\\\/topkeymedical.com\\\/wp-content\\\/uploads\\\/2025\\\/07\\\/Specialty-Needles-Fistula-Needle.webp\",\"datePublished\":\"2025-07-11T15:39:17+00:00\",\"dateModified\":\"2025-11-19T14:28:21+00:00\",\"description\":\"Fistula Needle: sharp needle design has a sharp needle tip, low puncture force, reduces pain, and a smooth side hole process, effectively increasing flow.\",\"breadcrumb\":{\"@id\":\"https:\\\/\\\/topkeymedical.com\\\/product\\\/fistula-needle-15-16-17g\\\/#breadcrumb\"},\"inLanguage\":\"pt-PT\",\"potentialAction\":[{\"@type\":\"ReadAction\",\"target\":[\"https:\\\/\\\/topkeymedical.com\\\/product\\\/fistula-needle-15-16-17g\\\/\"]}]},{\"@type\":\"ImageObject\",\"inLanguage\":\"pt-PT\",\"@id\":\"https:\\\/\\\/topkeymedical.com\\\/product\\\/fistula-needle-15-16-17g\\\/#primaryimage\",\"url\":\"https:\\\/\\\/topkeymedical.com\\\/wp-content\\\/uploads\\\/2025\\\/07\\\/Specialty-Needles-Fistula-Needle.webp\",\"contentUrl\":\"https:\\\/\\\/topkeymedical.com\\\/wp-content\\\/uploads\\\/2025\\\/07\\\/Specialty-Needles-Fistula-Needle.webp\",\"width\":1000,\"height\":1000,\"caption\":\"Specialty Needles - Fistula Needle\"},{\"@type\":\"BreadcrumbList\",\"@id\":\"https:\\\/\\\/topkeymedical.com\\\/product\\\/fistula-needle-15-16-17g\\\/#breadcrumb\",\"itemListElement\":[{\"@type\":\"ListItem\",\"position\":1,\"name\":\"Home\",\"item\":\"https:\\\/\\\/topkeymedical.com\\\/\"},{\"@type\":\"ListItem\",\"position\":2,\"name\":\"Products\",\"item\":\"https:\\\/\\\/topkeymedical.com\\\/shop\\\/\"},{\"@type\":\"ListItem\",\"position\":3,\"name\":\"Fistula Needle 15\\\/16\\\/17G\"}]},{\"@type\":\"WebSite\",\"@id\":\"https:\\\/\\\/topkeymedical.com\\\/#website\",\"url\":\"https:\\\/\\\/topkeymedical.com\\\/\",\"name\":\"TOPKEY\u2013 Precision in Every Detail, Guardian of Life and Health\",\"description\":\"\",\"publisher\":{\"@id\":\"https:\\\/\\\/topkeymedical.com\\\/#organization\"},\"potentialAction\":[{\"@type\":\"SearchAction\",\"target\":{\"@type\":\"EntryPoint\",\"urlTemplate\":\"https:\\\/\\\/topkeymedical.com\\\/?s={search_term_string}\"},\"query-input\":{\"@type\":\"PropertyValueSpecification\",\"valueRequired\":true,\"valueName\":\"search_term_string\"}}],\"inLanguage\":\"pt-PT\"},{\"@type\":\"Organization\",\"@id\":\"https:\\\/\\\/topkeymedical.com\\\/#organization\",\"name\":\"TOPKEY\u2013 Precision in Every Detail, Guardian of Life and Health\",\"url\":\"https:\\\/\\\/topkeymedical.com\\\/\",\"logo\":{\"@type\":\"ImageObject\",\"inLanguage\":\"pt-PT\",\"@id\":\"https:\\\/\\\/topkeymedical.com\\\/#\\\/schema\\\/logo\\\/image\\\/\",\"url\":\"https:\\\/\\\/topkeymedical.com\\\/wp-content\\\/uploads\\\/2025\\\/05\\\/cropped-logo.jpg\",\"contentUrl\":\"https:\\\/\\\/topkeymedical.com\\\/wp-content\\\/uploads\\\/2025\\\/05\\\/cropped-logo.jpg\",\"width\":512,\"height\":512,\"caption\":\"TOPKEY\u2013 Precision in Every Detail, Guardian of Life and Health\"},\"image\":{\"@id\":\"https:\\\/\\\/topkeymedical.com\\\/#\\\/schema\\\/logo\\\/image\\\/\"},\"sameAs\":[\"https:\\\/\\\/www.facebook.com\\\/profile.php?id=100088897294997\",\"https:\\\/\\\/www.youtube.com\\\/@TopkeyMedical-Alice888\",\"https:\\\/\\\/www.linkedin.com\\\/in\\\/alice-hu-bb66a01b3\\\/\"]}]}<\/script>\n<!-- \/ Yoast SEO plugin. -->","yoast_head_json":{"title":"Agulha de f\u00edstula 15\/16\/17G, 1,83\/1,65\/1,47MM","description":"Agulha de f\u00edstula: o design da agulha afiada tem uma ponta afiada, baixa for\u00e7a de pun\u00e7\u00e3o, reduz a dor e um processo de furo lateral suave, aumentando efetivamente o fluxo.","robots":{"index":"index","follow":"follow","max-snippet":"max-snippet:-1","max-image-preview":"max-image-preview:large","max-video-preview":"max-video-preview:-1"},"canonical":"https:\/\/topkeymedical.com\/pt\/product\/agulha-de-fistula-15-16-17g\/","og_locale":"pt_PT","og_type":"article","og_title":"Fistula Needle 15\/16\/17G, 1.83\/1.65\/1.47MM","og_description":"Fistula Needle: sharp needle design has a sharp needle tip, low puncture force, reduces pain, and a smooth side hole process, effectively increasing flow.","og_url":"https:\/\/topkeymedical.com\/pt\/product\/agulha-de-fistula-15-16-17g\/","og_site_name":"TOPKEY\u2013 Precision in Every Detail, Guardian of Life and Health","article_publisher":"https:\/\/www.facebook.com\/profile.php?id=100088897294997","article_modified_time":"2025-11-19T14:28:21+00:00","og_image":[{"width":1000,"height":1000,"url":"https:\/\/topkeymedical.com\/wp-content\/uploads\/2025\/07\/Specialty-Needles-Fistula-Needle.webp","type":"image\/webp"}],"twitter_card":"summary_large_image","twitter_misc":{"Tempo estimado de leitura":"2 minutos"},"schema":{"@context":"https:\/\/schema.org","@graph":[{"@type":"WebPage","@id":"https:\/\/topkeymedical.com\/product\/fistula-needle-15-16-17g\/","url":"https:\/\/topkeymedical.com\/product\/fistula-needle-15-16-17g\/","name":"Agulha de f\u00edstula 15\/16\/17G, 1,83\/1,65\/1,47MM","isPartOf":{"@id":"https:\/\/topkeymedical.com\/#website"},"primaryImageOfPage":{"@id":"https:\/\/topkeymedical.com\/product\/fistula-needle-15-16-17g\/#primaryimage"},"image":{"@id":"https:\/\/topkeymedical.com\/product\/fistula-needle-15-16-17g\/#primaryimage"},"thumbnailUrl":"https:\/\/topkeymedical.com\/wp-content\/uploads\/2025\/07\/Specialty-Needles-Fistula-Needle.webp","datePublished":"2025-07-11T15:39:17+00:00","dateModified":"2025-11-19T14:28:21+00:00","description":"Agulha de f\u00edstula: o design da agulha afiada tem uma ponta afiada, baixa for\u00e7a de pun\u00e7\u00e3o, reduz a dor e um processo de furo lateral suave, aumentando efetivamente o fluxo.","breadcrumb":{"@id":"https:\/\/topkeymedical.com\/product\/fistula-needle-15-16-17g\/#breadcrumb"},"inLanguage":"pt-PT","potentialAction":[{"@type":"ReadAction","target":["https:\/\/topkeymedical.com\/product\/fistula-needle-15-16-17g\/"]}]},{"@type":"ImageObject","inLanguage":"pt-PT","@id":"https:\/\/topkeymedical.com\/product\/fistula-needle-15-16-17g\/#primaryimage","url":"https:\/\/topkeymedical.com\/wp-content\/uploads\/2025\/07\/Specialty-Needles-Fistula-Needle.webp","contentUrl":"https:\/\/topkeymedical.com\/wp-content\/uploads\/2025\/07\/Specialty-Needles-Fistula-Needle.webp","width":1000,"height":1000,"caption":"Specialty Needles - Fistula Needle"},{"@type":"BreadcrumbList","@id":"https:\/\/topkeymedical.com\/product\/fistula-needle-15-16-17g\/#breadcrumb","itemListElement":[{"@type":"ListItem","position":1,"name":"Home","item":"https:\/\/topkeymedical.com\/"},{"@type":"ListItem","position":2,"name":"Products","item":"https:\/\/topkeymedical.com\/shop\/"},{"@type":"ListItem","position":3,"name":"Fistula Needle 15\/16\/17G"}]},{"@type":"WebSite","@id":"https:\/\/topkeymedical.com\/#website","url":"https:\/\/topkeymedical.com\/","name":"TOPKEY- Precis\u00e3o em cada detalhe, guardi\u00e3o da vida e da sa\u00fade","description":"","publisher":{"@id":"https:\/\/topkeymedical.com\/#organization"},"potentialAction":[{"@type":"SearchAction","target":{"@type":"EntryPoint","urlTemplate":"https:\/\/topkeymedical.com\/?s={search_term_string}"},"query-input":{"@type":"PropertyValueSpecification","valueRequired":true,"valueName":"search_term_string"}}],"inLanguage":"pt-PT"},{"@type":"Organization","@id":"https:\/\/topkeymedical.com\/#organization","name":"TOPKEY- Precis\u00e3o em cada detalhe, guardi\u00e3o da vida e da sa\u00fade","url":"https:\/\/topkeymedical.com\/","logo":{"@type":"ImageObject","inLanguage":"pt-PT","@id":"https:\/\/topkeymedical.com\/#\/schema\/logo\/image\/","url":"https:\/\/topkeymedical.com\/wp-content\/uploads\/2025\/05\/cropped-logo.jpg","contentUrl":"https:\/\/topkeymedical.com\/wp-content\/uploads\/2025\/05\/cropped-logo.jpg","width":512,"height":512,"caption":"TOPKEY\u2013 Precision in Every Detail, Guardian of Life and Health"},"image":{"@id":"https:\/\/topkeymedical.com\/#\/schema\/logo\/image\/"},"sameAs":["https:\/\/www.facebook.com\/profile.php?id=100088897294997","https:\/\/www.youtube.com\/@TopkeyMedical-Alice888","https:\/\/www.linkedin.com\/in\/alice-hu-bb66a01b3\/"]}]}},"_links":{"self":[{"href":"https:\/\/topkeymedical.com\/pt\/wp-json\/wp\/v2\/product\/1054","targetHints":{"allow":["GET"]}}],"collection":[{"href":"https:\/\/topkeymedical.com\/pt\/wp-json\/wp\/v2\/product"}],"about":[{"href":"https:\/\/topkeymedical.com\/pt\/wp-json\/wp\/v2\/types\/product"}],"version-history":[{"count":2,"href":"https:\/\/topkeymedical.com\/pt\/wp-json\/wp\/v2\/product\/1054\/revisions"}],"predecessor-version":[{"id":1537,"href":"https:\/\/topkeymedical.com\/pt\/wp-json\/wp\/v2\/product\/1054\/revisions\/1537"}],"wp:featuredmedia":[{"embeddable":true,"href":"https:\/\/topkeymedical.com\/pt\/wp-json\/wp\/v2\/media\/1055"}],"wp:attachment":[{"href":"https:\/\/topkeymedical.com\/pt\/wp-json\/wp\/v2\/media?parent=1054"}],"wp:term":[{"taxonomy":"product_brand","embeddable":true,"href":"https:\/\/topkeymedical.com\/pt\/wp-json\/wp\/v2\/product_brand?post=1054"},{"taxonomy":"product_cat","embeddable":true,"href":"https:\/\/topkeymedical.com\/pt\/wp-json\/wp\/v2\/product_cat?post=1054"},{"taxonomy":"product_tag","embeddable":true,"href":"https:\/\/topkeymedical.com\/pt\/wp-json\/wp\/v2\/product_tag?post=1054"}],"curies":[{"name":"wp","href":"https:\/\/api.w.org\/{rel}","templated":true}]}}