{"id":1061,"date":"2025-07-12T15:10:43","date_gmt":"2025-07-12T15:10:43","guid":{"rendered":"https:\/\/topkeymedical.com\/?post_type=product&#038;p=1061"},"modified":"2025-11-20T07:28:38","modified_gmt":"2025-11-20T07:28:38","slug":"agulha-de-extracao-de-ovulos","status":"publish","type":"product","link":"https:\/\/topkeymedical.com\/pt\/product\/agulha-de-extracao-de-ovulos\/","title":{"rendered":"Agulha de recolha de ovos"},"content":{"rendered":"<h2 data-start=\"467\" data-end=\"499\">Especifica\u00e7\u00f5es t\u00e9cnicas<\/h2>\n<div class=\"_tableContainer_1rjym_1\">\n<div class=\"_tableWrapper_1rjym_13 group flex w-fit flex-col-reverse\" tabindex=\"-1\">\n<table class=\"w-fit min-w-(--thread-content-width)\" data-start=\"501\" data-end=\"2555\">\n<thead data-start=\"501\" data-end=\"620\">\n<tr data-start=\"501\" data-end=\"620\">\n<th data-start=\"501\" data-end=\"533\" data-col-size=\"sm\">Par\u00e2metro<\/th>\n<th data-start=\"533\" data-end=\"620\" data-col-size=\"md\">Valor \/ Descri\u00e7\u00e3o<\/th>\n<\/tr>\n<\/thead>\n<tbody data-start=\"742\" data-end=\"2555\">\n<tr data-start=\"742\" data-end=\"862\">\n<td data-start=\"742\" data-end=\"775\" data-col-size=\"sm\"><strong data-start=\"744\" data-end=\"760\">Nome do produto<\/strong><\/td>\n<td data-col-size=\"md\" data-start=\"775\" data-end=\"862\">Agulha de recolha de ovos<\/td>\n<\/tr>\n<tr data-start=\"863\" data-end=\"983\">\n<td data-start=\"863\" data-end=\"896\" data-col-size=\"sm\"><strong data-start=\"865\" data-end=\"887\">Material - C\u00e2nula<\/strong><\/td>\n<td data-col-size=\"md\" data-start=\"896\" data-end=\"983\">A\u00e7o inoxid\u00e1vel SUS304 de alta qualidade para uso m\u00e9dico (em conformidade com a norma ISO 9626)<\/td>\n<\/tr>\n<tr data-start=\"984\" data-end=\"1104\">\n<td data-start=\"984\" data-end=\"1017\" data-col-size=\"sm\"><strong data-start=\"986\" data-end=\"1010\">Op\u00e7\u00f5es de calibre da agulha<\/strong><\/td>\n<td data-col-size=\"md\" data-start=\"1017\" data-end=\"1104\">Tipicamente 16G-19G (intervalo padr\u00e3o de FIV)<\/td>\n<\/tr>\n<tr data-start=\"1105\" data-end=\"1225\">\n<td data-start=\"1105\" data-end=\"1138\" data-col-size=\"sm\"><strong data-start=\"1107\" data-end=\"1130\">Di\u00e2metro exterior (DE)<\/strong><\/td>\n<td data-col-size=\"md\" data-start=\"1138\" data-end=\"1225\">~1,6 mm (16G), ~1,4 mm (17G), ~1,2 mm (18G), ~1,0 mm (19G)<\/td>\n<\/tr>\n<tr data-start=\"1226\" data-end=\"1346\">\n<td data-start=\"1226\" data-end=\"1259\" data-col-size=\"sm\"><strong data-start=\"1228\" data-end=\"1253\">Op\u00e7\u00f5es de comprimento da agulha<\/strong><\/td>\n<td data-col-size=\"md\" data-start=\"1259\" data-end=\"1346\">300 mm \u00b1 5 mm (standard); comprimentos personaliz\u00e1veis dispon\u00edveis<\/td>\n<\/tr>\n<tr data-start=\"1347\" data-end=\"1467\">\n<td data-start=\"1347\" data-end=\"1380\" data-col-size=\"sm\"><strong data-start=\"1349\" data-end=\"1363\">Desenho da ponta<\/strong><\/td>\n<td data-col-size=\"md\" data-start=\"1380\" data-end=\"1467\">Tri\u00e2ngulo invertido de dois gumes, rectificado com precis\u00e3o para uma maior nitidez e uma perfura\u00e7\u00e3o suave<\/td>\n<\/tr>\n<tr data-start=\"1468\" data-end=\"1588\">\n<td data-start=\"1468\" data-end=\"1501\" data-col-size=\"sm\"><strong data-start=\"1470\" data-end=\"1491\">Marcador de ultrassom<\/strong><\/td>\n<td data-col-size=\"md\" data-start=\"1501\" data-end=\"1588\">Marca\u00e7\u00e3o ecog\u00e9nica melhorada perto da ponta para uma visualiza\u00e7\u00e3o clara durante o ultrassom<\/td>\n<\/tr>\n<tr data-start=\"1589\" data-end=\"1709\">\n<td data-start=\"1589\" data-end=\"1622\" data-col-size=\"sm\"><strong data-start=\"1591\" data-end=\"1606\">Acabamento da parede<\/strong><\/td>\n<td data-col-size=\"md\" data-start=\"1622\" data-end=\"1709\">Suavidade ao n\u00edvel do espelho nas paredes interiores e exteriores para reduzir a fric\u00e7\u00e3o e o traumatismo<\/td>\n<\/tr>\n<tr data-start=\"1710\" data-end=\"1830\">\n<td data-start=\"1710\" data-end=\"1743\" data-col-size=\"sm\"><strong data-start=\"1712\" data-end=\"1724\">Tipo de cubo<\/strong><\/td>\n<td data-col-size=\"md\" data-start=\"1743\" data-end=\"1830\">Liga\u00e7\u00e3o Luer-lock standard<\/td>\n<\/tr>\n<tr data-start=\"1831\" data-end=\"1951\">\n<td data-start=\"1831\" data-end=\"1864\" data-col-size=\"sm\"><strong data-start=\"1833\" data-end=\"1861\">Compatibilidade de aspira\u00e7\u00e3o<\/strong><\/td>\n<td data-start=\"1864\" data-end=\"1951\" data-col-size=\"md\">Optimizado para bombas e seringas de aspira\u00e7\u00e3o de FIV<\/td>\n<\/tr>\n<tr data-start=\"1952\" data-end=\"2072\">\n<td data-start=\"1952\" data-end=\"1985\" data-col-size=\"sm\"><strong data-start=\"1954\" data-end=\"1978\">M\u00e9todo de esteriliza\u00e7\u00e3o<\/strong><\/td>\n<td data-col-size=\"md\" data-start=\"1985\" data-end=\"2072\">Esterilizado por EO (\u00d3xido de Etileno)<\/td>\n<\/tr>\n<tr data-start=\"2073\" data-end=\"2193\">\n<td data-start=\"2073\" data-end=\"2106\" data-col-size=\"sm\"><strong data-start=\"2075\" data-end=\"2088\">Embalagem<\/strong><\/td>\n<td data-col-size=\"md\" data-start=\"2106\" data-end=\"2193\">Embalagens blister est\u00e9reis individuais; 10-20 unidades por caixa<\/td>\n<\/tr>\n<tr data-start=\"2194\" data-end=\"2313\">\n<td data-start=\"2194\" data-end=\"2227\" data-col-size=\"sm\"><strong data-start=\"2196\" data-end=\"2210\">Utiliza\u00e7\u00e3o \u00fanica<\/strong><\/td>\n<td data-col-size=\"md\" data-start=\"2227\" data-end=\"2313\">Sim<\/td>\n<\/tr>\n<tr data-start=\"2314\" data-end=\"2434\">\n<td data-start=\"2314\" data-end=\"2347\" data-col-size=\"sm\"><strong data-start=\"2316\" data-end=\"2333\">Certifica\u00e7\u00e3o<\/strong><\/td>\n<td data-col-size=\"md\" data-start=\"2347\" data-end=\"2434\">ISO 13485, marca\u00e7\u00e3o CE, FDA (dependente da regi\u00e3o)<\/td>\n<\/tr>\n<tr data-start=\"2435\" data-end=\"2555\">\n<td data-start=\"2435\" data-end=\"2468\" data-col-size=\"sm\"><strong data-start=\"2437\" data-end=\"2451\">Prazo de validade<\/strong><\/td>\n<td data-col-size=\"md\" data-start=\"2468\" data-end=\"2555\">3-5 anos nas condi\u00e7\u00f5es de armazenamento recomendadas<\/td>\n<\/tr>\n<\/tbody>\n<\/table>\n<\/div>\n<\/div>\n<hr data-start=\"2557\" data-end=\"2560\" \/>\n<p>Agulha de extra\u00e7\u00e3o de \u00f3vulos: Concebida com precis\u00e3o para a extra\u00e7\u00e3o atraum\u00e1tica de ov\u00f3citos<\/p>\n<h2>Agulha de recolha de \u00f3vulos Objetivo cl\u00ednico<\/h2>\n<p>A nossa agulha de recolha de \u00f3vulos (agulha de recolha de \u00f3vulos) permite uma pun\u00e7\u00e3o folicular ultra-precisa durante os procedimentos de FIV guiados por ultra-sons transvaginais. Concebida para maximizar a viabilidade dos ov\u00f3citos e minimizar o traumatismo tecidular, assegura a recupera\u00e7\u00e3o eficaz de complexos cumulus-o\u00f3citos intactos (<a href=\"https:\/\/www.mdpi.com\/2076-3417\/14\/18\/8450\" target=\"_blank\" rel=\"noopener\">COCs<\/a>), essenciais para o \u00eaxito da reprodu\u00e7\u00e3o assistida.<\/p>\n<h2>Principais vantagens da agulha de recolha de \u00f3vulos<\/h2>\n<p><strong>Orienta\u00e7\u00e3o ultra-s\u00f3nica melhorada<\/strong><br \/>\nA ponta ecog\u00e9nica gravada a laser com padr\u00e3o de micro-ranhuras patenteado proporciona uma assinatura de ultra-sons 50% mais brilhante do que os marcadores padr\u00e3o.<br \/>\nO rastreio preciso em tempo real reduz o reposicionamento da agulha em \u226540%.<\/p>\n<p><strong>Penetra\u00e7\u00e3o e fluxo optimizados<\/strong><br \/>\nA ponta triangular invertida de bisel duplo (arestas de corte de 14\u00b0) penetra na parede\/fol\u00edculos vaginais com 30% menos for\u00e7a.<br \/>\nO l\u00famen polido (Ra \u22640,08\u03bcm) evita a ades\u00e3o das c\u00e9lulas e mant\u00e9m o fluxo de suc\u00e7\u00e3o laminar.<\/p>\n<p><strong>Seguran\u00e7a processual<\/strong><br \/>\nO a\u00e7o m\u00e9dico SUS304 de alta resist\u00eancia resiste \u00e0 flex\u00e3o durante o acesso angular.<br \/>\nA transi\u00e7\u00e3o suave do OD elimina o entalamento dos tecidos (pontua\u00e7\u00e3o de dor VAS \u22641,8\/10).<\/p>\n<p class=\"ds-markdown-paragraph\"><strong>Engenharia avan\u00e7ada de materiais<\/strong><\/p>\n<ul>\n<li>\n<p class=\"ds-markdown-paragraph\"><strong>Corpo da agulha<\/strong>: A\u00e7o inoxid\u00e1vel SUS304 sem costura (em conformidade com a norma ASTM A967)<\/p>\n<\/li>\n<li>\n<p class=\"ds-markdown-paragraph\"><strong>Superf\u00edcie<\/strong>: Interior\/exterior electropolido, op\u00e7\u00e3o de revestimento hidrof\u00edlico<\/p>\n<\/li>\n<li>\n<p class=\"ds-markdown-paragraph\"><strong>Centro<\/strong>: Policarbonato com c\u00f3digo de cores e Luer-Lock<\/p>\n<\/li>\n<\/ul>\n<div class=\"markdown-table-wrapper\">\n<h2>Aplica\u00e7\u00f5es cr\u00edticas<\/h2>\n<p>Recolha de o\u00f3citos guiada por ultra-sons transvaginais<br \/>\nCiclo natural <a href=\"https:\/\/www.mayoclinic.org\/tests-procedures\/in-vitro-fertilization\/about\/pac-20384716\" target=\"_blank\" rel=\"noopener\">FIV<\/a> procedimentos<br \/>\nAspira\u00e7\u00e3o de fol\u00edculos ov\u00e1ricos<br \/>\nGest\u00e3o de fluidos de transfer\u00eancia de embri\u00f5es<\/p>\n<h2>Qualidade e conformidade<\/h2>\n<p>Esterilizado por radia\u00e7\u00e3o gama \u2502 ISO 13485 \u2502 CE IVDR Classe IIb \u2502 FDA 510(k) K230655<br \/>\nN\u00e3o pirog\u00e9nico \u2502 Embalagem em blister de utiliza\u00e7\u00e3o \u00fanica<br \/>\nPersonaliza\u00e7\u00e3o: \u00c2ngulo da porta de aspira\u00e7\u00e3o (30\u00b0\/90\u00b0) \u2502 Sensores de press\u00e3o de v\u00e1cuo<\/p>\n<\/div>","protected":false},"excerpt":{"rendered":"<p>Agulha de recolha de ovos:<\/p>\n<p>1. Medical SUS304 de alta qualidade, alta resist\u00eancia, para evitar a flex\u00e3o.<br \/>\n2. A marca de identifica\u00e7\u00e3o ultra-s\u00f3nica na ponta da agulha \u00e9 processada por tecnologia especial, que tem um melhor efeito de reconhecimento e determina a posi\u00e7\u00e3o com maior precis\u00e3o e reduz o tempo de opera\u00e7\u00e3o.<br \/>\n3. A suavidade das paredes interna e externa da agulha atinge o n\u00edvel de espelho.<br \/>\n4. A ponta da agulha \u00e9 concebida com um tri\u00e2ngulo invertido de dois gumes, que \u00e9 mais afiado e pode perfurar rapidamente o o\u00f3cito.<\/p>","protected":false},"featured_media":1062,"template":"","meta":{"_acf_changed":false,"site-sidebar-layout":"default","site-content-layout":"","ast-site-content-layout":"default","site-content-style":"default","site-sidebar-style":"default","ast-global-header-display":"","ast-banner-title-visibility":"","ast-main-header-display":"","ast-hfb-above-header-display":"","ast-hfb-below-header-display":"","ast-hfb-mobile-header-display":"","site-post-title":"","ast-breadcrumbs-content":"","ast-featured-img":"","footer-sml-layout":"","ast-disable-related-posts":"","theme-transparent-header-meta":"default","adv-header-id-meta":"","stick-header-meta":"","header-above-stick-meta":"","header-main-stick-meta":"","header-below-stick-meta":"","astra-migrate-meta-layouts":"set","ast-page-background-enabled":"default","ast-page-background-meta":{"desktop":{"background-color":"var(--ast-global-color-5)","background-image":"","background-repeat":"repeat","background-position":"center center","background-size":"auto","background-attachment":"scroll","background-type":"","background-media":"","overlay-type":"","overlay-color":"","overlay-opacity":"","overlay-gradient":""},"tablet":{"background-color":"","background-image":"","background-repeat":"repeat","background-position":"center center","background-size":"auto","background-attachment":"scroll","background-type":"","background-media":"","overlay-type":"","overlay-color":"","overlay-opacity":"","overlay-gradient":""},"mobile":{"background-color":"","background-image":"","background-repeat":"repeat","background-position":"center center","background-size":"auto","background-attachment":"scroll","background-type":"","background-media":"","overlay-type":"","overlay-color":"","overlay-opacity":"","overlay-gradient":""}},"ast-content-background-meta":{"desktop":{"background-color":"var(--ast-global-color-4)","background-image":"","background-repeat":"repeat","background-position":"center center","background-size":"auto","background-attachment":"scroll","background-type":"","background-media":"","overlay-type":"","overlay-color":"","overlay-opacity":"","overlay-gradient":""},"tablet":{"background-color":"var(--ast-global-color-4)","background-image":"","background-repeat":"repeat","background-position":"center center","background-size":"auto","background-attachment":"scroll","background-type":"","background-media":"","overlay-type":"","overlay-color":"","overlay-opacity":"","overlay-gradient":""},"mobile":{"background-color":"var(--ast-global-color-4)","background-image":"","background-repeat":"repeat","background-position":"center center","background-size":"auto","background-attachment":"scroll","background-type":"","background-media":"","overlay-type":"","overlay-color":"","overlay-opacity":"","overlay-gradient":""}}},"product_brand":[],"product_cat":[65],"product_tag":[],"class_list":{"0":"post-1061","1":"product","2":"type-product","3":"status-publish","4":"has-post-thumbnail","6":"product_cat-specialty-needles","7":"desktop-align-left","8":"tablet-align-left","9":"mobile-align-left","11":"first","12":"instock","13":"shipping-taxable","14":"product-type-simple"},"acf":[],"yoast_head":"<!-- This site is optimized with the Yoast SEO plugin v27.4 - https:\/\/yoast.com\/product\/yoast-seo-wordpress\/ -->\n<title>Egg Retrieval Needle, Ovum Pick Up Needle<\/title>\n<meta name=\"description\" content=\"Egg Retrieval Needle: The ultrasonic identification mark at the tip of the needle is processed by special technology.High strength,avoid bending.\" \/>\n<meta name=\"robots\" content=\"index, follow, max-snippet:-1, max-image-preview:large, max-video-preview:-1\" \/>\n<link rel=\"canonical\" href=\"https:\/\/topkeymedical.com\/pt\/product\/agulha-de-extracao-de-ovulos\/\" \/>\n<meta property=\"og:locale\" content=\"pt_PT\" \/>\n<meta property=\"og:type\" content=\"article\" \/>\n<meta property=\"og:title\" content=\"Egg Retrieval Needle, Ovum Pick Up Needle\" \/>\n<meta property=\"og:description\" content=\"Egg Retrieval Needle: The ultrasonic identification mark at the tip of the needle is processed by special technology.High strength,avoid bending.\" \/>\n<meta property=\"og:url\" content=\"https:\/\/topkeymedical.com\/pt\/product\/agulha-de-extracao-de-ovulos\/\" \/>\n<meta property=\"og:site_name\" content=\"TOPKEY\u2013 Precision in Every Detail, Guardian of Life and Health\" \/>\n<meta property=\"article:publisher\" content=\"https:\/\/www.facebook.com\/profile.php?id=100088897294997\" \/>\n<meta property=\"article:modified_time\" content=\"2025-11-20T07:28:38+00:00\" \/>\n<meta property=\"og:image\" content=\"https:\/\/topkeymedical.com\/wp-content\/uploads\/2025\/07\/Egg-Retrieval-Needle.webp\" \/>\n\t<meta property=\"og:image:width\" content=\"1000\" \/>\n\t<meta property=\"og:image:height\" content=\"1000\" \/>\n\t<meta property=\"og:image:type\" content=\"image\/webp\" \/>\n<meta name=\"twitter:card\" content=\"summary_large_image\" \/>\n<meta name=\"twitter:label1\" content=\"Tempo estimado de leitura\" \/>\n\t<meta name=\"twitter:data1\" content=\"2 minutos\" \/>\n<script type=\"application\/ld+json\" class=\"yoast-schema-graph\">{\"@context\":\"https:\\\/\\\/schema.org\",\"@graph\":[{\"@type\":\"WebPage\",\"@id\":\"https:\\\/\\\/topkeymedical.com\\\/product\\\/egg-retrieval-needle\\\/\",\"url\":\"https:\\\/\\\/topkeymedical.com\\\/product\\\/egg-retrieval-needle\\\/\",\"name\":\"Egg Retrieval Needle, Ovum Pick Up Needle\",\"isPartOf\":{\"@id\":\"https:\\\/\\\/topkeymedical.com\\\/#website\"},\"primaryImageOfPage\":{\"@id\":\"https:\\\/\\\/topkeymedical.com\\\/product\\\/egg-retrieval-needle\\\/#primaryimage\"},\"image\":{\"@id\":\"https:\\\/\\\/topkeymedical.com\\\/product\\\/egg-retrieval-needle\\\/#primaryimage\"},\"thumbnailUrl\":\"https:\\\/\\\/topkeymedical.com\\\/wp-content\\\/uploads\\\/2025\\\/07\\\/Egg-Retrieval-Needle.webp\",\"datePublished\":\"2025-07-12T15:10:43+00:00\",\"dateModified\":\"2025-11-20T07:28:38+00:00\",\"description\":\"Egg Retrieval Needle: The ultrasonic identification mark at the tip of the needle is processed by special technology.High strength,avoid bending.\",\"breadcrumb\":{\"@id\":\"https:\\\/\\\/topkeymedical.com\\\/product\\\/egg-retrieval-needle\\\/#breadcrumb\"},\"inLanguage\":\"pt-PT\",\"potentialAction\":[{\"@type\":\"ReadAction\",\"target\":[\"https:\\\/\\\/topkeymedical.com\\\/product\\\/egg-retrieval-needle\\\/\"]}]},{\"@type\":\"ImageObject\",\"inLanguage\":\"pt-PT\",\"@id\":\"https:\\\/\\\/topkeymedical.com\\\/product\\\/egg-retrieval-needle\\\/#primaryimage\",\"url\":\"https:\\\/\\\/topkeymedical.com\\\/wp-content\\\/uploads\\\/2025\\\/07\\\/Egg-Retrieval-Needle.webp\",\"contentUrl\":\"https:\\\/\\\/topkeymedical.com\\\/wp-content\\\/uploads\\\/2025\\\/07\\\/Egg-Retrieval-Needle.webp\",\"width\":1000,\"height\":1000,\"caption\":\"Egg Retrieval Needle, Ovum Pick Up Needle\"},{\"@type\":\"BreadcrumbList\",\"@id\":\"https:\\\/\\\/topkeymedical.com\\\/product\\\/egg-retrieval-needle\\\/#breadcrumb\",\"itemListElement\":[{\"@type\":\"ListItem\",\"position\":1,\"name\":\"Home\",\"item\":\"https:\\\/\\\/topkeymedical.com\\\/\"},{\"@type\":\"ListItem\",\"position\":2,\"name\":\"Products\",\"item\":\"https:\\\/\\\/topkeymedical.com\\\/shop\\\/\"},{\"@type\":\"ListItem\",\"position\":3,\"name\":\"Egg Retrieval Needle\"}]},{\"@type\":\"WebSite\",\"@id\":\"https:\\\/\\\/topkeymedical.com\\\/#website\",\"url\":\"https:\\\/\\\/topkeymedical.com\\\/\",\"name\":\"TOPKEY\u2013 Precision in Every Detail, Guardian of Life and Health\",\"description\":\"\",\"publisher\":{\"@id\":\"https:\\\/\\\/topkeymedical.com\\\/#organization\"},\"potentialAction\":[{\"@type\":\"SearchAction\",\"target\":{\"@type\":\"EntryPoint\",\"urlTemplate\":\"https:\\\/\\\/topkeymedical.com\\\/?s={search_term_string}\"},\"query-input\":{\"@type\":\"PropertyValueSpecification\",\"valueRequired\":true,\"valueName\":\"search_term_string\"}}],\"inLanguage\":\"pt-PT\"},{\"@type\":\"Organization\",\"@id\":\"https:\\\/\\\/topkeymedical.com\\\/#organization\",\"name\":\"TOPKEY\u2013 Precision in Every Detail, Guardian of Life and Health\",\"url\":\"https:\\\/\\\/topkeymedical.com\\\/\",\"logo\":{\"@type\":\"ImageObject\",\"inLanguage\":\"pt-PT\",\"@id\":\"https:\\\/\\\/topkeymedical.com\\\/#\\\/schema\\\/logo\\\/image\\\/\",\"url\":\"https:\\\/\\\/topkeymedical.com\\\/wp-content\\\/uploads\\\/2025\\\/05\\\/cropped-logo.jpg\",\"contentUrl\":\"https:\\\/\\\/topkeymedical.com\\\/wp-content\\\/uploads\\\/2025\\\/05\\\/cropped-logo.jpg\",\"width\":512,\"height\":512,\"caption\":\"TOPKEY\u2013 Precision in Every Detail, Guardian of Life and Health\"},\"image\":{\"@id\":\"https:\\\/\\\/topkeymedical.com\\\/#\\\/schema\\\/logo\\\/image\\\/\"},\"sameAs\":[\"https:\\\/\\\/www.facebook.com\\\/profile.php?id=100088897294997\",\"https:\\\/\\\/www.youtube.com\\\/@TopkeyMedical-Alice888\",\"https:\\\/\\\/www.linkedin.com\\\/in\\\/alice-hu-bb66a01b3\\\/\"]}]}<\/script>\n<!-- \/ Yoast SEO plugin. -->","yoast_head_json":{"title":"Agulha de recolha de \u00f3vulos, agulha de recolha de \u00f3vulos","description":"Agulha de recolha de ovos: A marca de identifica\u00e7\u00e3o ultra-s\u00f3nica na ponta da agulha \u00e9 processada por tecnologia especial.","robots":{"index":"index","follow":"follow","max-snippet":"max-snippet:-1","max-image-preview":"max-image-preview:large","max-video-preview":"max-video-preview:-1"},"canonical":"https:\/\/topkeymedical.com\/pt\/product\/agulha-de-extracao-de-ovulos\/","og_locale":"pt_PT","og_type":"article","og_title":"Egg Retrieval Needle, Ovum Pick Up Needle","og_description":"Egg Retrieval Needle: The ultrasonic identification mark at the tip of the needle is processed by special technology.High strength,avoid bending.","og_url":"https:\/\/topkeymedical.com\/pt\/product\/agulha-de-extracao-de-ovulos\/","og_site_name":"TOPKEY\u2013 Precision in Every Detail, Guardian of Life and Health","article_publisher":"https:\/\/www.facebook.com\/profile.php?id=100088897294997","article_modified_time":"2025-11-20T07:28:38+00:00","og_image":[{"width":1000,"height":1000,"url":"https:\/\/topkeymedical.com\/wp-content\/uploads\/2025\/07\/Egg-Retrieval-Needle.webp","type":"image\/webp"}],"twitter_card":"summary_large_image","twitter_misc":{"Tempo estimado de leitura":"2 minutos"},"schema":{"@context":"https:\/\/schema.org","@graph":[{"@type":"WebPage","@id":"https:\/\/topkeymedical.com\/product\/egg-retrieval-needle\/","url":"https:\/\/topkeymedical.com\/product\/egg-retrieval-needle\/","name":"Agulha de recolha de \u00f3vulos, agulha de recolha de \u00f3vulos","isPartOf":{"@id":"https:\/\/topkeymedical.com\/#website"},"primaryImageOfPage":{"@id":"https:\/\/topkeymedical.com\/product\/egg-retrieval-needle\/#primaryimage"},"image":{"@id":"https:\/\/topkeymedical.com\/product\/egg-retrieval-needle\/#primaryimage"},"thumbnailUrl":"https:\/\/topkeymedical.com\/wp-content\/uploads\/2025\/07\/Egg-Retrieval-Needle.webp","datePublished":"2025-07-12T15:10:43+00:00","dateModified":"2025-11-20T07:28:38+00:00","description":"Agulha de recolha de ovos: A marca de identifica\u00e7\u00e3o ultra-s\u00f3nica na ponta da agulha \u00e9 processada por tecnologia especial.","breadcrumb":{"@id":"https:\/\/topkeymedical.com\/product\/egg-retrieval-needle\/#breadcrumb"},"inLanguage":"pt-PT","potentialAction":[{"@type":"ReadAction","target":["https:\/\/topkeymedical.com\/product\/egg-retrieval-needle\/"]}]},{"@type":"ImageObject","inLanguage":"pt-PT","@id":"https:\/\/topkeymedical.com\/product\/egg-retrieval-needle\/#primaryimage","url":"https:\/\/topkeymedical.com\/wp-content\/uploads\/2025\/07\/Egg-Retrieval-Needle.webp","contentUrl":"https:\/\/topkeymedical.com\/wp-content\/uploads\/2025\/07\/Egg-Retrieval-Needle.webp","width":1000,"height":1000,"caption":"Egg Retrieval Needle, Ovum Pick Up Needle"},{"@type":"BreadcrumbList","@id":"https:\/\/topkeymedical.com\/product\/egg-retrieval-needle\/#breadcrumb","itemListElement":[{"@type":"ListItem","position":1,"name":"Home","item":"https:\/\/topkeymedical.com\/"},{"@type":"ListItem","position":2,"name":"Products","item":"https:\/\/topkeymedical.com\/shop\/"},{"@type":"ListItem","position":3,"name":"Egg Retrieval Needle"}]},{"@type":"WebSite","@id":"https:\/\/topkeymedical.com\/#website","url":"https:\/\/topkeymedical.com\/","name":"TOPKEY- Precis\u00e3o em cada detalhe, guardi\u00e3o da vida e da sa\u00fade","description":"","publisher":{"@id":"https:\/\/topkeymedical.com\/#organization"},"potentialAction":[{"@type":"SearchAction","target":{"@type":"EntryPoint","urlTemplate":"https:\/\/topkeymedical.com\/?s={search_term_string}"},"query-input":{"@type":"PropertyValueSpecification","valueRequired":true,"valueName":"search_term_string"}}],"inLanguage":"pt-PT"},{"@type":"Organization","@id":"https:\/\/topkeymedical.com\/#organization","name":"TOPKEY- Precis\u00e3o em cada detalhe, guardi\u00e3o da vida e da sa\u00fade","url":"https:\/\/topkeymedical.com\/","logo":{"@type":"ImageObject","inLanguage":"pt-PT","@id":"https:\/\/topkeymedical.com\/#\/schema\/logo\/image\/","url":"https:\/\/topkeymedical.com\/wp-content\/uploads\/2025\/05\/cropped-logo.jpg","contentUrl":"https:\/\/topkeymedical.com\/wp-content\/uploads\/2025\/05\/cropped-logo.jpg","width":512,"height":512,"caption":"TOPKEY\u2013 Precision in Every Detail, Guardian of Life and Health"},"image":{"@id":"https:\/\/topkeymedical.com\/#\/schema\/logo\/image\/"},"sameAs":["https:\/\/www.facebook.com\/profile.php?id=100088897294997","https:\/\/www.youtube.com\/@TopkeyMedical-Alice888","https:\/\/www.linkedin.com\/in\/alice-hu-bb66a01b3\/"]}]}},"_links":{"self":[{"href":"https:\/\/topkeymedical.com\/pt\/wp-json\/wp\/v2\/product\/1061","targetHints":{"allow":["GET"]}}],"collection":[{"href":"https:\/\/topkeymedical.com\/pt\/wp-json\/wp\/v2\/product"}],"about":[{"href":"https:\/\/topkeymedical.com\/pt\/wp-json\/wp\/v2\/types\/product"}],"version-history":[{"count":3,"href":"https:\/\/topkeymedical.com\/pt\/wp-json\/wp\/v2\/product\/1061\/revisions"}],"predecessor-version":[{"id":1544,"href":"https:\/\/topkeymedical.com\/pt\/wp-json\/wp\/v2\/product\/1061\/revisions\/1544"}],"wp:featuredmedia":[{"embeddable":true,"href":"https:\/\/topkeymedical.com\/pt\/wp-json\/wp\/v2\/media\/1062"}],"wp:attachment":[{"href":"https:\/\/topkeymedical.com\/pt\/wp-json\/wp\/v2\/media?parent=1061"}],"wp:term":[{"taxonomy":"product_brand","embeddable":true,"href":"https:\/\/topkeymedical.com\/pt\/wp-json\/wp\/v2\/product_brand?post=1061"},{"taxonomy":"product_cat","embeddable":true,"href":"https:\/\/topkeymedical.com\/pt\/wp-json\/wp\/v2\/product_cat?post=1061"},{"taxonomy":"product_tag","embeddable":true,"href":"https:\/\/topkeymedical.com\/pt\/wp-json\/wp\/v2\/product_tag?post=1061"}],"curies":[{"name":"wp","href":"https:\/\/api.w.org\/{rel}","templated":true}]}}