{"id":1071,"date":"2025-07-13T03:04:27","date_gmt":"2025-07-13T03:04:27","guid":{"rendered":"https:\/\/topkeymedical.com\/?post_type=product&#038;p=1071"},"modified":"2026-04-08T02:24:56","modified_gmt":"2026-04-08T02:24:56","slug":"agulha-de-insulina","status":"publish","type":"product","link":"https:\/\/topkeymedical.com\/pt\/product\/agulha-de-insulina\/","title":{"rendered":"Agulha de insulina 30G (0,3 mm) ~ 34G (0,18 mm)"},"content":{"rendered":"<p>Pontas de agulha de insulina: Concebidas com precis\u00e3o para uma gest\u00e3o indolor da diabetes<\/p>\n<h2>Pontas de agulha de insulina Objetivo cl\u00ednico<\/h2>\n<p>As nossas agulhas de insulina ultrafinas proporcionam uma precis\u00e3o inflex\u00edvel na administra\u00e7\u00e3o subcut\u00e2nea de medicamentos a doentes com diabetes. Concebidas para utiliza\u00e7\u00e3o di\u00e1ria com canetas de insulina, asseguram uma dosagem consistente, minimizando o traumatismo dos tecidos, essencial para o controlo glic\u00e9mico e a ades\u00e3o ao tratamento.<\/p>\n<h2>Principais vantagens<\/h2>\n<p><strong>Tecnologia de redu\u00e7\u00e3o da dor<\/strong><br \/>\nA ponta micro biselada de 5 facetas (\u00e2ngulo de moagem de 12\u00b0) penetra na pele com menos 40% de for\u00e7a do que as agulhas normais de 3 bis\u00e9is.<br \/>\nO electropolimento resistente \u00e0 barbela mant\u00e9m a integridade da ponta atrav\u00e9s de \u226510 perfura\u00e7\u00f5es.<\/p>\n<p><strong>Precis\u00e3o de dosagem melhorada<\/strong><br \/>\nO desenho da l\u00e2mina curta (1,5-4 mm) visa o tecido subcut\u00e2neo com uma precis\u00e3o milim\u00e9trica.<br \/>\nA ativa\u00e7\u00e3o do \u00eambolo de deslizamento zero elimina a perda de dose durante a inje\u00e7\u00e3o.<\/p>\n<p><strong>Conforto do paciente<\/strong><br \/>\nAs paredes ultra-finas (OD: 0,23-0,36 mm) reduzem a desloca\u00e7\u00e3o dos tecidos.<br \/>\nO revestimento hidrof\u00edlico (\u00e2ngulo de contacto: 15\u00b0) garante uma inser\u00e7\u00e3o suave (dor EVA \u22641,0\/10).<\/p>\n<h2>Especifica\u00e7\u00f5es t\u00e9cnicas da agulha de insulina<\/h2>\n<div class=\"markdown-table-wrapper\">\n<table>\n<thead>\n<tr>\n<th>Par\u00e2metro<\/th>\n<th>Especifica\u00e7\u00e3o<\/th>\n<\/tr>\n<\/thead>\n<tbody>\n<tr>\n<td>Perfil da agulha<\/td>\n<td><strong>L\u00e2mina curta<\/strong>,\u00a0<strong>3-Bevel<\/strong>,\u00a0<strong>5-Bevel<\/strong><\/td>\n<\/tr>\n<tr>\n<td>Medidores<\/td>\n<td><strong>30G(0.3mm) ~ 34G(0.18mm)<\/strong><\/td>\n<\/tr>\n<tr>\n<td>Comprimentos<\/td>\n<td>4mm \/ 5mm \/ 6mm \/ 8mm (\u00b10,1mm)<\/td>\n<\/tr>\n<tr>\n<td>Espessura da parede<\/td>\n<td>RW\/TW\/ETW\/UTW<\/td>\n<\/tr>\n<\/tbody>\n<\/table>\n<h2>Aplica\u00e7\u00f5es cl\u00ednicas<\/h2>\n<p>Administra\u00e7\u00e3o di\u00e1ria de insulina (basal\/bolus).<br \/>\n<a href=\"https:\/\/my.clevelandclinic.org\/health\/treatments\/13901-glp-1-agonists\" target=\"_blank\" rel=\"noopener\">Agonista do GLP-1<\/a> injec\u00e7\u00f5es (por exemplo, semaglutide).<br \/>\nCuidados com a diabetes pedi\u00e1trica.<br \/>\nKits de medicamentos de viagem.<\/p>\n<\/div>","protected":false},"excerpt":{"rendered":"<p>Dicas para a agulha de insulina Introdu\u00e7\u00e3o:<br \/>\nDesign preciso em forma de agulha, processamento de moagem preciso, alta resist\u00eancia, pode perfurar v\u00e1rias vezes sem farpas.<br \/>\nDesign de \u00e2ngulo pequeno, perfura suavemente e reduz a dor.<\/p>\n<p>Especifica\u00e7\u00e3o do produto:<br \/>\nNeedle type: short blade type, three, five-face type.<\/p>","protected":false},"featured_media":1072,"template":"","meta":{"_acf_changed":false,"site-sidebar-layout":"default","site-content-layout":"","ast-site-content-layout":"default","site-content-style":"default","site-sidebar-style":"default","ast-global-header-display":"","ast-banner-title-visibility":"","ast-main-header-display":"","ast-hfb-above-header-display":"","ast-hfb-below-header-display":"","ast-hfb-mobile-header-display":"","site-post-title":"","ast-breadcrumbs-content":"","ast-featured-img":"","footer-sml-layout":"","ast-disable-related-posts":"","theme-transparent-header-meta":"default","adv-header-id-meta":"","stick-header-meta":"","header-above-stick-meta":"","header-main-stick-meta":"","header-below-stick-meta":"","astra-migrate-meta-layouts":"set","ast-page-background-enabled":"default","ast-page-background-meta":{"desktop":{"background-color":"var(--ast-global-color-5)","background-image":"","background-repeat":"repeat","background-position":"center center","background-size":"auto","background-attachment":"scroll","background-type":"","background-media":"","overlay-type":"","overlay-color":"","overlay-opacity":"","overlay-gradient":""},"tablet":{"background-color":"","background-image":"","background-repeat":"repeat","background-position":"center center","background-size":"auto","background-attachment":"scroll","background-type":"","background-media":"","overlay-type":"","overlay-color":"","overlay-opacity":"","overlay-gradient":""},"mobile":{"background-color":"","background-image":"","background-repeat":"repeat","background-position":"center center","background-size":"auto","background-attachment":"scroll","background-type":"","background-media":"","overlay-type":"","overlay-color":"","overlay-opacity":"","overlay-gradient":""}},"ast-content-background-meta":{"desktop":{"background-color":"var(--ast-global-color-4)","background-image":"","background-repeat":"repeat","background-position":"center center","background-size":"auto","background-attachment":"scroll","background-type":"","background-media":"","overlay-type":"","overlay-color":"","overlay-opacity":"","overlay-gradient":""},"tablet":{"background-color":"var(--ast-global-color-4)","background-image":"","background-repeat":"repeat","background-position":"center center","background-size":"auto","background-attachment":"scroll","background-type":"","background-media":"","overlay-type":"","overlay-color":"","overlay-opacity":"","overlay-gradient":""},"mobile":{"background-color":"var(--ast-global-color-4)","background-image":"","background-repeat":"repeat","background-position":"center center","background-size":"auto","background-attachment":"scroll","background-type":"","background-media":"","overlay-type":"","overlay-color":"","overlay-opacity":"","overlay-gradient":""}}},"product_brand":[],"product_cat":[65],"product_tag":[],"class_list":{"0":"post-1071","1":"product","2":"type-product","3":"status-publish","4":"has-post-thumbnail","6":"product_cat-specialty-needles","7":"desktop-align-left","8":"tablet-align-left","9":"mobile-align-left","11":"first","12":"instock","13":"shipping-taxable","14":"product-type-simple"},"acf":[],"yoast_head":"<!-- This site is optimized with the Yoast SEO plugin v27.4 - https:\/\/yoast.com\/product\/yoast-seo-wordpress\/ -->\n<title>Insulin Needle 30G(0.3mm) ~ 34G(0.18mm)<\/title>\n<meta name=\"description\" content=\"Insulin Needle Tips Introduction: Precise needle-shaped design, precise grinding processing, high-strength, can puncture multiple times without barbs.\" \/>\n<meta name=\"robots\" content=\"index, follow, max-snippet:-1, max-image-preview:large, max-video-preview:-1\" \/>\n<link rel=\"canonical\" href=\"https:\/\/topkeymedical.com\/pt\/product\/agulha-de-insulina\/\" \/>\n<meta property=\"og:locale\" content=\"pt_PT\" \/>\n<meta property=\"og:type\" content=\"article\" \/>\n<meta property=\"og:title\" content=\"Insulin Needle 30G(0.3mm) ~ 34G(0.18mm)\" \/>\n<meta property=\"og:description\" content=\"Insulin Needle Tips Introduction: Precise needle-shaped design, precise grinding processing, high-strength, can puncture multiple times without barbs.\" \/>\n<meta property=\"og:url\" content=\"https:\/\/topkeymedical.com\/pt\/product\/agulha-de-insulina\/\" \/>\n<meta property=\"og:site_name\" content=\"TOPKEY\u2013 Precision in Every Detail, Guardian of Life and Health\" \/>\n<meta property=\"article:publisher\" content=\"https:\/\/www.facebook.com\/profile.php?id=100088897294997\" \/>\n<meta property=\"article:modified_time\" content=\"2026-04-08T02:24:56+00:00\" \/>\n<meta property=\"og:image\" content=\"https:\/\/topkeymedical.com\/wp-content\/uploads\/2025\/07\/Insulin-Needle-Tips.webp\" \/>\n\t<meta property=\"og:image:width\" content=\"1000\" \/>\n\t<meta property=\"og:image:height\" content=\"1000\" \/>\n\t<meta property=\"og:image:type\" content=\"image\/webp\" \/>\n<meta name=\"twitter:card\" content=\"summary_large_image\" \/>\n<meta name=\"twitter:label1\" content=\"Tempo estimado de leitura\" \/>\n\t<meta name=\"twitter:data1\" content=\"1 minuto\" \/>\n<script type=\"application\/ld+json\" class=\"yoast-schema-graph\">{\"@context\":\"https:\\\/\\\/schema.org\",\"@graph\":[{\"@type\":\"WebPage\",\"@id\":\"https:\\\/\\\/topkeymedical.com\\\/product\\\/insulin-needle\\\/\",\"url\":\"https:\\\/\\\/topkeymedical.com\\\/product\\\/insulin-needle\\\/\",\"name\":\"Insulin Needle 30G(0.3mm) ~ 34G(0.18mm)\",\"isPartOf\":{\"@id\":\"https:\\\/\\\/topkeymedical.com\\\/#website\"},\"primaryImageOfPage\":{\"@id\":\"https:\\\/\\\/topkeymedical.com\\\/product\\\/insulin-needle\\\/#primaryimage\"},\"image\":{\"@id\":\"https:\\\/\\\/topkeymedical.com\\\/product\\\/insulin-needle\\\/#primaryimage\"},\"thumbnailUrl\":\"https:\\\/\\\/topkeymedical.com\\\/wp-content\\\/uploads\\\/2025\\\/07\\\/Insulin-Needle-Tips.webp\",\"datePublished\":\"2025-07-13T03:04:27+00:00\",\"dateModified\":\"2026-04-08T02:24:56+00:00\",\"description\":\"Insulin Needle Tips Introduction: Precise needle-shaped design, precise grinding processing, high-strength, can puncture multiple times without barbs.\",\"breadcrumb\":{\"@id\":\"https:\\\/\\\/topkeymedical.com\\\/product\\\/insulin-needle\\\/#breadcrumb\"},\"inLanguage\":\"pt-PT\",\"potentialAction\":[{\"@type\":\"ReadAction\",\"target\":[\"https:\\\/\\\/topkeymedical.com\\\/product\\\/insulin-needle\\\/\"]}]},{\"@type\":\"ImageObject\",\"inLanguage\":\"pt-PT\",\"@id\":\"https:\\\/\\\/topkeymedical.com\\\/product\\\/insulin-needle\\\/#primaryimage\",\"url\":\"https:\\\/\\\/topkeymedical.com\\\/wp-content\\\/uploads\\\/2025\\\/07\\\/Insulin-Needle-Tips.webp\",\"contentUrl\":\"https:\\\/\\\/topkeymedical.com\\\/wp-content\\\/uploads\\\/2025\\\/07\\\/Insulin-Needle-Tips.webp\",\"width\":1000,\"height\":1000,\"caption\":\"Specialty Needles - Insulin Needle Tips\"},{\"@type\":\"BreadcrumbList\",\"@id\":\"https:\\\/\\\/topkeymedical.com\\\/product\\\/insulin-needle\\\/#breadcrumb\",\"itemListElement\":[{\"@type\":\"ListItem\",\"position\":1,\"name\":\"Home\",\"item\":\"https:\\\/\\\/topkeymedical.com\\\/\"},{\"@type\":\"ListItem\",\"position\":2,\"name\":\"Products\",\"item\":\"https:\\\/\\\/topkeymedical.com\\\/shop\\\/\"},{\"@type\":\"ListItem\",\"position\":3,\"name\":\"Insulin Needle 30G(0.3mm) ~ 34G(0.18mm)\"}]},{\"@type\":\"WebSite\",\"@id\":\"https:\\\/\\\/topkeymedical.com\\\/#website\",\"url\":\"https:\\\/\\\/topkeymedical.com\\\/\",\"name\":\"TOPKEY\u2013 Precision in Every Detail, Guardian of Life and Health\",\"description\":\"\",\"publisher\":{\"@id\":\"https:\\\/\\\/topkeymedical.com\\\/#organization\"},\"potentialAction\":[{\"@type\":\"SearchAction\",\"target\":{\"@type\":\"EntryPoint\",\"urlTemplate\":\"https:\\\/\\\/topkeymedical.com\\\/?s={search_term_string}\"},\"query-input\":{\"@type\":\"PropertyValueSpecification\",\"valueRequired\":true,\"valueName\":\"search_term_string\"}}],\"inLanguage\":\"pt-PT\"},{\"@type\":\"Organization\",\"@id\":\"https:\\\/\\\/topkeymedical.com\\\/#organization\",\"name\":\"TOPKEY\u2013 Precision in Every Detail, Guardian of Life and Health\",\"url\":\"https:\\\/\\\/topkeymedical.com\\\/\",\"logo\":{\"@type\":\"ImageObject\",\"inLanguage\":\"pt-PT\",\"@id\":\"https:\\\/\\\/topkeymedical.com\\\/#\\\/schema\\\/logo\\\/image\\\/\",\"url\":\"https:\\\/\\\/topkeymedical.com\\\/wp-content\\\/uploads\\\/2025\\\/05\\\/cropped-logo.jpg\",\"contentUrl\":\"https:\\\/\\\/topkeymedical.com\\\/wp-content\\\/uploads\\\/2025\\\/05\\\/cropped-logo.jpg\",\"width\":512,\"height\":512,\"caption\":\"TOPKEY\u2013 Precision in Every Detail, Guardian of Life and Health\"},\"image\":{\"@id\":\"https:\\\/\\\/topkeymedical.com\\\/#\\\/schema\\\/logo\\\/image\\\/\"},\"sameAs\":[\"https:\\\/\\\/www.facebook.com\\\/profile.php?id=100088897294997\",\"https:\\\/\\\/www.youtube.com\\\/@TopkeyMedical-Alice888\",\"https:\\\/\\\/www.linkedin.com\\\/in\\\/alice-hu-bb66a01b3\\\/\"]}]}<\/script>\n<!-- \/ Yoast SEO plugin. -->","yoast_head_json":{"title":"Agulha de insulina 30G (0,3 mm) ~ 34G (0,18 mm)","description":"Introdu\u00e7\u00e3o \u00e0s pontas de agulha de insulina: Design preciso em forma de agulha, processamento preciso de moagem, alta resist\u00eancia, pode perfurar v\u00e1rias vezes sem farpas.","robots":{"index":"index","follow":"follow","max-snippet":"max-snippet:-1","max-image-preview":"max-image-preview:large","max-video-preview":"max-video-preview:-1"},"canonical":"https:\/\/topkeymedical.com\/pt\/product\/agulha-de-insulina\/","og_locale":"pt_PT","og_type":"article","og_title":"Insulin Needle 30G(0.3mm) ~ 34G(0.18mm)","og_description":"Insulin Needle Tips Introduction: Precise needle-shaped design, precise grinding processing, high-strength, can puncture multiple times without barbs.","og_url":"https:\/\/topkeymedical.com\/pt\/product\/agulha-de-insulina\/","og_site_name":"TOPKEY\u2013 Precision in Every Detail, Guardian of Life and Health","article_publisher":"https:\/\/www.facebook.com\/profile.php?id=100088897294997","article_modified_time":"2026-04-08T02:24:56+00:00","og_image":[{"width":1000,"height":1000,"url":"https:\/\/topkeymedical.com\/wp-content\/uploads\/2025\/07\/Insulin-Needle-Tips.webp","type":"image\/webp"}],"twitter_card":"summary_large_image","twitter_misc":{"Tempo estimado de leitura":"1 minuto"},"schema":{"@context":"https:\/\/schema.org","@graph":[{"@type":"WebPage","@id":"https:\/\/topkeymedical.com\/product\/insulin-needle\/","url":"https:\/\/topkeymedical.com\/product\/insulin-needle\/","name":"Agulha de insulina 30G (0,3 mm) ~ 34G (0,18 mm)","isPartOf":{"@id":"https:\/\/topkeymedical.com\/#website"},"primaryImageOfPage":{"@id":"https:\/\/topkeymedical.com\/product\/insulin-needle\/#primaryimage"},"image":{"@id":"https:\/\/topkeymedical.com\/product\/insulin-needle\/#primaryimage"},"thumbnailUrl":"https:\/\/topkeymedical.com\/wp-content\/uploads\/2025\/07\/Insulin-Needle-Tips.webp","datePublished":"2025-07-13T03:04:27+00:00","dateModified":"2026-04-08T02:24:56+00:00","description":"Introdu\u00e7\u00e3o \u00e0s pontas de agulha de insulina: Design preciso em forma de agulha, processamento preciso de moagem, alta resist\u00eancia, pode perfurar v\u00e1rias vezes sem farpas.","breadcrumb":{"@id":"https:\/\/topkeymedical.com\/product\/insulin-needle\/#breadcrumb"},"inLanguage":"pt-PT","potentialAction":[{"@type":"ReadAction","target":["https:\/\/topkeymedical.com\/product\/insulin-needle\/"]}]},{"@type":"ImageObject","inLanguage":"pt-PT","@id":"https:\/\/topkeymedical.com\/product\/insulin-needle\/#primaryimage","url":"https:\/\/topkeymedical.com\/wp-content\/uploads\/2025\/07\/Insulin-Needle-Tips.webp","contentUrl":"https:\/\/topkeymedical.com\/wp-content\/uploads\/2025\/07\/Insulin-Needle-Tips.webp","width":1000,"height":1000,"caption":"Specialty Needles - Insulin Needle Tips"},{"@type":"BreadcrumbList","@id":"https:\/\/topkeymedical.com\/product\/insulin-needle\/#breadcrumb","itemListElement":[{"@type":"ListItem","position":1,"name":"Home","item":"https:\/\/topkeymedical.com\/"},{"@type":"ListItem","position":2,"name":"Products","item":"https:\/\/topkeymedical.com\/shop\/"},{"@type":"ListItem","position":3,"name":"Insulin Needle 30G(0.3mm) ~ 34G(0.18mm)"}]},{"@type":"WebSite","@id":"https:\/\/topkeymedical.com\/#website","url":"https:\/\/topkeymedical.com\/","name":"TOPKEY- Precis\u00e3o em cada detalhe, guardi\u00e3o da vida e da sa\u00fade","description":"","publisher":{"@id":"https:\/\/topkeymedical.com\/#organization"},"potentialAction":[{"@type":"SearchAction","target":{"@type":"EntryPoint","urlTemplate":"https:\/\/topkeymedical.com\/?s={search_term_string}"},"query-input":{"@type":"PropertyValueSpecification","valueRequired":true,"valueName":"search_term_string"}}],"inLanguage":"pt-PT"},{"@type":"Organization","@id":"https:\/\/topkeymedical.com\/#organization","name":"TOPKEY- Precis\u00e3o em cada detalhe, guardi\u00e3o da vida e da sa\u00fade","url":"https:\/\/topkeymedical.com\/","logo":{"@type":"ImageObject","inLanguage":"pt-PT","@id":"https:\/\/topkeymedical.com\/#\/schema\/logo\/image\/","url":"https:\/\/topkeymedical.com\/wp-content\/uploads\/2025\/05\/cropped-logo.jpg","contentUrl":"https:\/\/topkeymedical.com\/wp-content\/uploads\/2025\/05\/cropped-logo.jpg","width":512,"height":512,"caption":"TOPKEY\u2013 Precision in Every Detail, Guardian of Life and Health"},"image":{"@id":"https:\/\/topkeymedical.com\/#\/schema\/logo\/image\/"},"sameAs":["https:\/\/www.facebook.com\/profile.php?id=100088897294997","https:\/\/www.youtube.com\/@TopkeyMedical-Alice888","https:\/\/www.linkedin.com\/in\/alice-hu-bb66a01b3\/"]}]}},"_links":{"self":[{"href":"https:\/\/topkeymedical.com\/pt\/wp-json\/wp\/v2\/product\/1071","targetHints":{"allow":["GET"]}}],"collection":[{"href":"https:\/\/topkeymedical.com\/pt\/wp-json\/wp\/v2\/product"}],"about":[{"href":"https:\/\/topkeymedical.com\/pt\/wp-json\/wp\/v2\/types\/product"}],"version-history":[{"count":7,"href":"https:\/\/topkeymedical.com\/pt\/wp-json\/wp\/v2\/product\/1071\/revisions"}],"predecessor-version":[{"id":2122,"href":"https:\/\/topkeymedical.com\/pt\/wp-json\/wp\/v2\/product\/1071\/revisions\/2122"}],"wp:featuredmedia":[{"embeddable":true,"href":"https:\/\/topkeymedical.com\/pt\/wp-json\/wp\/v2\/media\/1072"}],"wp:attachment":[{"href":"https:\/\/topkeymedical.com\/pt\/wp-json\/wp\/v2\/media?parent=1071"}],"wp:term":[{"taxonomy":"product_brand","embeddable":true,"href":"https:\/\/topkeymedical.com\/pt\/wp-json\/wp\/v2\/product_brand?post=1071"},{"taxonomy":"product_cat","embeddable":true,"href":"https:\/\/topkeymedical.com\/pt\/wp-json\/wp\/v2\/product_cat?post=1071"},{"taxonomy":"product_tag","embeddable":true,"href":"https:\/\/topkeymedical.com\/pt\/wp-json\/wp\/v2\/product_tag?post=1071"}],"curies":[{"name":"wp","href":"https:\/\/api.w.org\/{rel}","templated":true}]}}